{"id":45810,"date":"2021-09-26T16:33:23","date_gmt":"2021-09-26T14:33:23","guid":{"rendered":"https:\/\/marktxxl.de\/markt\/produkt\/babyliss-35808450-original-rasieraufsatz-bart-aufsteckkamm-schwarz-einstellbar-1-15-mm-z-t-e845e-e845ie-e846e-e846pe-e847e-haarschneidemaschine-rasierer-trimmer\/"},"modified":"2023-04-09T01:36:11","modified_gmt":"2023-04-08T23:36:11","slug":"babyliss-35808450-original-rasieraufsatz-bart-aufsteckkamm-schwarz-einstellbar-1-15-mm-z-t-e845e-e845ie-e846e-e846pe-e847e-haarschneidemaschine-rasierer-trimmer","status":"publish","type":"product","link":"https:\/\/marktxxl.de\/markt\/produkt\/babyliss-35808450-original-rasieraufsatz-bart-aufsteckkamm-schwarz-einstellbar-1-15-mm-z-t-e845e-e845ie-e846e-e846pe-e847e-haarschneidemaschine-rasierer-trimmer\/","title":{"rendered":"BaByliss 35808450 ORIGINAL Rasieraufsatz Bart Aufsteckkamm Schwarz Einstellbar 1-15 mm z.T. E845E E845IE E846E E846PE\u2026"},"content":{"rendered":"<p>Original-Ersatzteil Qualit\u00e4t &#8211; Erstausr\u00fcster Qualit\u00e4t<br \/>\nRasieraufsatz BaByliss 35808450<br \/>\nEinstellbarer Kammaufsatz f\u00fcr Haarschneidemaschine Trimmer BaByliss<br \/>\nACHTUNG: Unsicher, ob der gew\u00fcnschte Artikel passt? Bitte fragen Sie uns! Geben Sie uns Ihre Ger\u00e4tedaten durch, damit wir den Artikel pr\u00fcfen k\u00f6nnen. Falls der Artikel nicht passend sein sollte, haben wir u.U. den passenden Ersatz-Artikel dennoch im Sortiment &#8211; auch dann, wenn der passende Ersatz-Artikel (noch) nicht auf Amazon gelistet ist.Weitere Informationen und Hinweise, sowie passendes Zubeh\u00f6r und Zusatz- &amp; Erweiterungsartikel zum Artikel finden Sie u.U. auf unserem eigenen Onlineshop.<br \/>\nInterne Artikelnummer: 100080018-000 \/ EAN-Nummer: 4054905418176<br \/>\n<div class=\"main-cross-sell\" data-asin=\"B01M8G5FMQ\">\n\n\t<div class=\"WooZone-cross-sell-loader\">\n\t\t<div>\n\t\t\t<div id=\"floatingBarsG\">\n\t\t\t\t<div class=\"blockG\" id=\"rotateG_01\"><\/div>\n\t\t\t\t<div class=\"blockG\" id=\"rotateG_02\"><\/div>\n\t\t\t\t<div class=\"blockG\" id=\"rotateG_03\"><\/div>\n\t\t\t\t<div class=\"blockG\" id=\"rotateG_04\"><\/div>\n\t\t\t\t<div class=\"blockG\" id=\"rotateG_05\"><\/div>\n\t\t\t\t<div class=\"blockG\" id=\"rotateG_06\"><\/div>\n\t\t\t\t<div class=\"blockG\" id=\"rotateG_07\"><\/div>\n\t\t\t\t<div class=\"blockG\" id=\"rotateG_08\"><\/div>\n\t\t\t<\/div>\n\t\t\t<div class=\"WooZone-cross-sell-loader-text\"><\/div>\n\t\t<\/div>\n\t<\/div>\n\n\t\t\n<\/div>\n<div style=\"clear:both;\"><\/div><\/p>\n","protected":false},"excerpt":{"rendered":"<p>Original-Ersatzteil Qualit\u00e4t &#8211; Erstausr\u00fcster Qualit\u00e4t<br \/>\nRasieraufsatz BaByliss 35808450<br \/>\nEinstellbarer Kammaufsatz f\u00fcr Haarschneidemaschine Trimmer BaByliss<\/p>\n","protected":false},"featured_media":45811,"comment_status":"open","ping_status":"closed","template":"","meta":[],"product_brand":[],"product_cat":[566,6190],"product_tag":[],"class_list":{"0":"post-45810","1":"product","2":"type-product","3":"status-publish","4":"has-post-thumbnail","6":"product_cat-drogerie-koerperpflege","7":"product_cat-rasur-enthaarung","8":"pa_brand-babyliss","9":"pa_height-1-37795-zoll","10":"pa_length-2-7559-zoll","11":"pa_manufacturer-babyliss","12":"pa_weight-0-0220462262-pfund","13":"pa_width-1-9685-zoll","15":"first","16":"instock","17":"shipping-taxable","18":"purchasable","19":"product-type-simple","20":"customify-col","21":"product-has-gallery"},"yoast_head":"<!-- This site is optimized with the Yoast SEO plugin v27.3 - https:\/\/yoast.com\/product\/yoast-seo-wordpress\/ -->\n<title>BaByliss 35808450 ORIGINAL Rasieraufsatz Bart Aufsteckkamm Schwarz Einstellbar 1-15 mm z.T. E845E E845IE E846E E846PE\u2026 - Markt-XXL<\/title>\n<meta name=\"description\" content=\"Markt-XXL BaByliss 35808450 ORIGINAL Rasieraufsatz Bart Aufsteckkamm Schwarz Einstellbar 1-15 mm z.T. E845E E845IE E846E E846PE\u2026\" \/>\n<meta name=\"robots\" content=\"index, follow, max-snippet:-1, max-image-preview:large, max-video-preview:-1\" \/>\n<link rel=\"canonical\" href=\"https:\/\/marktxxl.de\/markt\/produkt\/babyliss-35808450-original-rasieraufsatz-bart-aufsteckkamm-schwarz-einstellbar-1-15-mm-z-t-e845e-e845ie-e846e-e846pe-e847e-haarschneidemaschine-rasierer-trimmer\/\" \/>\n<meta property=\"og:locale\" content=\"de_DE\" \/>\n<meta property=\"og:type\" content=\"article\" \/>\n<meta property=\"og:title\" content=\"BaByliss 35808450 ORIGINAL Rasieraufsatz Bart Aufsteckkamm Schwarz Einstellbar 1-15 mm z.T. E845E E845IE E846E E846PE\u2026 - Markt-XXL\" \/>\n<meta property=\"og:description\" content=\"Markt-XXL BaByliss 35808450 ORIGINAL Rasieraufsatz Bart Aufsteckkamm Schwarz Einstellbar 1-15 mm z.T. E845E E845IE E846E E846PE\u2026\" \/>\n<meta property=\"og:url\" content=\"https:\/\/marktxxl.de\/markt\/produkt\/babyliss-35808450-original-rasieraufsatz-bart-aufsteckkamm-schwarz-einstellbar-1-15-mm-z-t-e845e-e845ie-e846e-e846pe-e847e-haarschneidemaschine-rasierer-trimmer\/\" \/>\n<meta property=\"og:site_name\" content=\"Markt-XXL\" \/>\n<meta property=\"article:modified_time\" content=\"2023-04-08T23:36:11+00:00\" \/>\n<meta property=\"og:image\" content=\"https:\/\/m.media-amazon.com\/images\/I\/31gqrF7mhJS._SL500_.jpg\" \/>\n\t<meta property=\"og:image:width\" content=\"500\" \/>\n\t<meta property=\"og:image:height\" content=\"500\" \/>\n\t<meta property=\"og:image:type\" content=\"image\/jpeg\" \/>\n<meta name=\"twitter:card\" content=\"summary_large_image\" \/>\n<meta name=\"twitter:label1\" content=\"Gesch\u00e4tzte Lesezeit\" \/>\n\t<meta name=\"twitter:data1\" content=\"1\u00a0Minute\" \/>\n<script type=\"application\/ld+json\" class=\"yoast-schema-graph\">{\"@context\":\"https:\\\/\\\/schema.org\",\"@graph\":[{\"@type\":\"WebPage\",\"@id\":\"https:\\\/\\\/marktxxl.de\\\/markt\\\/produkt\\\/babyliss-35808450-original-rasieraufsatz-bart-aufsteckkamm-schwarz-einstellbar-1-15-mm-z-t-e845e-e845ie-e846e-e846pe-e847e-haarschneidemaschine-rasierer-trimmer\\\/\",\"url\":\"https:\\\/\\\/marktxxl.de\\\/markt\\\/produkt\\\/babyliss-35808450-original-rasieraufsatz-bart-aufsteckkamm-schwarz-einstellbar-1-15-mm-z-t-e845e-e845ie-e846e-e846pe-e847e-haarschneidemaschine-rasierer-trimmer\\\/\",\"name\":\"BaByliss 35808450 ORIGINAL Rasieraufsatz Bart Aufsteckkamm Schwarz Einstellbar 1-15 mm z.T. E845E E845IE E846E E846PE\u2026 - Markt-XXL\",\"isPartOf\":{\"@id\":\"https:\\\/\\\/marktxxl.de\\\/markt\\\/#website\"},\"primaryImageOfPage\":{\"@id\":\"https:\\\/\\\/marktxxl.de\\\/markt\\\/produkt\\\/babyliss-35808450-original-rasieraufsatz-bart-aufsteckkamm-schwarz-einstellbar-1-15-mm-z-t-e845e-e845ie-e846e-e846pe-e847e-haarschneidemaschine-rasierer-trimmer\\\/#primaryimage\"},\"image\":{\"@id\":\"https:\\\/\\\/marktxxl.de\\\/markt\\\/produkt\\\/babyliss-35808450-original-rasieraufsatz-bart-aufsteckkamm-schwarz-einstellbar-1-15-mm-z-t-e845e-e845ie-e846e-e846pe-e847e-haarschneidemaschine-rasierer-trimmer\\\/#primaryimage\"},\"thumbnailUrl\":\"https:\\\/\\\/m.media-amazon.com\\\/images\\\/I\\\/31gqrF7mhJS._SL500_.jpg\",\"datePublished\":\"2021-09-26T14:33:23+00:00\",\"dateModified\":\"2023-04-08T23:36:11+00:00\",\"description\":\"Markt-XXL BaByliss 35808450 ORIGINAL Rasieraufsatz Bart Aufsteckkamm Schwarz Einstellbar 1-15 mm z.T. E845E E845IE E846E E846PE\u2026\",\"breadcrumb\":{\"@id\":\"https:\\\/\\\/marktxxl.de\\\/markt\\\/produkt\\\/babyliss-35808450-original-rasieraufsatz-bart-aufsteckkamm-schwarz-einstellbar-1-15-mm-z-t-e845e-e845ie-e846e-e846pe-e847e-haarschneidemaschine-rasierer-trimmer\\\/#breadcrumb\"},\"inLanguage\":\"de\",\"potentialAction\":[{\"@type\":\"ReadAction\",\"target\":[\"https:\\\/\\\/marktxxl.de\\\/markt\\\/produkt\\\/babyliss-35808450-original-rasieraufsatz-bart-aufsteckkamm-schwarz-einstellbar-1-15-mm-z-t-e845e-e845ie-e846e-e846pe-e847e-haarschneidemaschine-rasierer-trimmer\\\/\"]}]},{\"@type\":\"ImageObject\",\"inLanguage\":\"de\",\"@id\":\"https:\\\/\\\/marktxxl.de\\\/markt\\\/produkt\\\/babyliss-35808450-original-rasieraufsatz-bart-aufsteckkamm-schwarz-einstellbar-1-15-mm-z-t-e845e-e845ie-e846e-e846pe-e847e-haarschneidemaschine-rasierer-trimmer\\\/#primaryimage\",\"url\":\"https:\\\/\\\/m.media-amazon.com\\\/images\\\/I\\\/31gqrF7mhJS._SL500_.jpg\",\"contentUrl\":\"https:\\\/\\\/m.media-amazon.com\\\/images\\\/I\\\/31gqrF7mhJS._SL500_.jpg\",\"width\":500,\"height\":500},{\"@type\":\"BreadcrumbList\",\"@id\":\"https:\\\/\\\/marktxxl.de\\\/markt\\\/produkt\\\/babyliss-35808450-original-rasieraufsatz-bart-aufsteckkamm-schwarz-einstellbar-1-15-mm-z-t-e845e-e845ie-e846e-e846pe-e847e-haarschneidemaschine-rasierer-trimmer\\\/#breadcrumb\",\"itemListElement\":[{\"@type\":\"ListItem\",\"position\":1,\"name\":\"Startseite\",\"item\":\"https:\\\/\\\/marktxxl.de\\\/markt\\\/\"},{\"@type\":\"ListItem\",\"position\":2,\"name\":\"Markt\",\"item\":\"https:\\\/\\\/marktxxl.de\\\/markt\\\/\"},{\"@type\":\"ListItem\",\"position\":3,\"name\":\"BaByliss 35808450 ORIGINAL Rasieraufsatz Bart Aufsteckkamm Schwarz Einstellbar 1-15 mm z.T. E845E E845IE E846E E846PE\u2026\"}]},{\"@type\":\"WebSite\",\"@id\":\"https:\\\/\\\/marktxxl.de\\\/markt\\\/#website\",\"url\":\"https:\\\/\\\/marktxxl.de\\\/markt\\\/\",\"name\":\"Markt-XXL\",\"description\":\"Ihr Markt Online\",\"publisher\":{\"@id\":\"https:\\\/\\\/marktxxl.de\\\/markt\\\/#organization\"},\"potentialAction\":[{\"@type\":\"SearchAction\",\"target\":{\"@type\":\"EntryPoint\",\"urlTemplate\":\"https:\\\/\\\/marktxxl.de\\\/markt\\\/?s={search_term_string}\"},\"query-input\":{\"@type\":\"PropertyValueSpecification\",\"valueRequired\":true,\"valueName\":\"search_term_string\"}}],\"inLanguage\":\"de\"},{\"@type\":\"Organization\",\"@id\":\"https:\\\/\\\/marktxxl.de\\\/markt\\\/#organization\",\"name\":\"Markt-XXL\",\"url\":\"https:\\\/\\\/marktxxl.de\\\/markt\\\/\",\"logo\":{\"@type\":\"ImageObject\",\"inLanguage\":\"de\",\"@id\":\"https:\\\/\\\/marktxxl.de\\\/markt\\\/#\\\/schema\\\/logo\\\/image\\\/\",\"url\":\"https:\\\/\\\/marktxxl.de\\\/markt\\\/wp-content\\\/uploads\\\/sites\\\/3\\\/2020\\\/12\\\/logo.png\",\"contentUrl\":\"https:\\\/\\\/marktxxl.de\\\/markt\\\/wp-content\\\/uploads\\\/sites\\\/3\\\/2020\\\/12\\\/logo.png\",\"width\":200,\"height\":70,\"caption\":\"Markt-XXL\"},\"image\":{\"@id\":\"https:\\\/\\\/marktxxl.de\\\/markt\\\/#\\\/schema\\\/logo\\\/image\\\/\"}}]}<\/script>\n<!-- \/ Yoast SEO plugin. -->","yoast_head_json":{"title":"BaByliss 35808450 ORIGINAL Rasieraufsatz Bart Aufsteckkamm Schwarz Einstellbar 1-15 mm z.T. E845E E845IE E846E E846PE\u2026 - Markt-XXL","description":"Markt-XXL BaByliss 35808450 ORIGINAL Rasieraufsatz Bart Aufsteckkamm Schwarz Einstellbar 1-15 mm z.T. E845E E845IE E846E E846PE\u2026","robots":{"index":"index","follow":"follow","max-snippet":"max-snippet:-1","max-image-preview":"max-image-preview:large","max-video-preview":"max-video-preview:-1"},"canonical":"https:\/\/marktxxl.de\/markt\/produkt\/babyliss-35808450-original-rasieraufsatz-bart-aufsteckkamm-schwarz-einstellbar-1-15-mm-z-t-e845e-e845ie-e846e-e846pe-e847e-haarschneidemaschine-rasierer-trimmer\/","og_locale":"de_DE","og_type":"article","og_title":"BaByliss 35808450 ORIGINAL Rasieraufsatz Bart Aufsteckkamm Schwarz Einstellbar 1-15 mm z.T. E845E E845IE E846E E846PE\u2026 - Markt-XXL","og_description":"Markt-XXL BaByliss 35808450 ORIGINAL Rasieraufsatz Bart Aufsteckkamm Schwarz Einstellbar 1-15 mm z.T. E845E E845IE E846E E846PE\u2026","og_url":"https:\/\/marktxxl.de\/markt\/produkt\/babyliss-35808450-original-rasieraufsatz-bart-aufsteckkamm-schwarz-einstellbar-1-15-mm-z-t-e845e-e845ie-e846e-e846pe-e847e-haarschneidemaschine-rasierer-trimmer\/","og_site_name":"Markt-XXL","article_modified_time":"2023-04-08T23:36:11+00:00","og_image":[{"width":500,"height":500,"url":"https:\/\/m.media-amazon.com\/images\/I\/31gqrF7mhJS._SL500_.jpg","type":"image\/jpeg"}],"twitter_card":"summary_large_image","twitter_misc":{"Gesch\u00e4tzte Lesezeit":"1\u00a0Minute"},"schema":{"@context":"https:\/\/schema.org","@graph":[{"@type":"WebPage","@id":"https:\/\/marktxxl.de\/markt\/produkt\/babyliss-35808450-original-rasieraufsatz-bart-aufsteckkamm-schwarz-einstellbar-1-15-mm-z-t-e845e-e845ie-e846e-e846pe-e847e-haarschneidemaschine-rasierer-trimmer\/","url":"https:\/\/marktxxl.de\/markt\/produkt\/babyliss-35808450-original-rasieraufsatz-bart-aufsteckkamm-schwarz-einstellbar-1-15-mm-z-t-e845e-e845ie-e846e-e846pe-e847e-haarschneidemaschine-rasierer-trimmer\/","name":"BaByliss 35808450 ORIGINAL Rasieraufsatz Bart Aufsteckkamm Schwarz Einstellbar 1-15 mm z.T. E845E E845IE E846E E846PE\u2026 - Markt-XXL","isPartOf":{"@id":"https:\/\/marktxxl.de\/markt\/#website"},"primaryImageOfPage":{"@id":"https:\/\/marktxxl.de\/markt\/produkt\/babyliss-35808450-original-rasieraufsatz-bart-aufsteckkamm-schwarz-einstellbar-1-15-mm-z-t-e845e-e845ie-e846e-e846pe-e847e-haarschneidemaschine-rasierer-trimmer\/#primaryimage"},"image":{"@id":"https:\/\/marktxxl.de\/markt\/produkt\/babyliss-35808450-original-rasieraufsatz-bart-aufsteckkamm-schwarz-einstellbar-1-15-mm-z-t-e845e-e845ie-e846e-e846pe-e847e-haarschneidemaschine-rasierer-trimmer\/#primaryimage"},"thumbnailUrl":"https:\/\/m.media-amazon.com\/images\/I\/31gqrF7mhJS._SL500_.jpg","datePublished":"2021-09-26T14:33:23+00:00","dateModified":"2023-04-08T23:36:11+00:00","description":"Markt-XXL BaByliss 35808450 ORIGINAL Rasieraufsatz Bart Aufsteckkamm Schwarz Einstellbar 1-15 mm z.T. E845E E845IE E846E E846PE\u2026","breadcrumb":{"@id":"https:\/\/marktxxl.de\/markt\/produkt\/babyliss-35808450-original-rasieraufsatz-bart-aufsteckkamm-schwarz-einstellbar-1-15-mm-z-t-e845e-e845ie-e846e-e846pe-e847e-haarschneidemaschine-rasierer-trimmer\/#breadcrumb"},"inLanguage":"de","potentialAction":[{"@type":"ReadAction","target":["https:\/\/marktxxl.de\/markt\/produkt\/babyliss-35808450-original-rasieraufsatz-bart-aufsteckkamm-schwarz-einstellbar-1-15-mm-z-t-e845e-e845ie-e846e-e846pe-e847e-haarschneidemaschine-rasierer-trimmer\/"]}]},{"@type":"ImageObject","inLanguage":"de","@id":"https:\/\/marktxxl.de\/markt\/produkt\/babyliss-35808450-original-rasieraufsatz-bart-aufsteckkamm-schwarz-einstellbar-1-15-mm-z-t-e845e-e845ie-e846e-e846pe-e847e-haarschneidemaschine-rasierer-trimmer\/#primaryimage","url":"https:\/\/m.media-amazon.com\/images\/I\/31gqrF7mhJS._SL500_.jpg","contentUrl":"https:\/\/m.media-amazon.com\/images\/I\/31gqrF7mhJS._SL500_.jpg","width":500,"height":500},{"@type":"BreadcrumbList","@id":"https:\/\/marktxxl.de\/markt\/produkt\/babyliss-35808450-original-rasieraufsatz-bart-aufsteckkamm-schwarz-einstellbar-1-15-mm-z-t-e845e-e845ie-e846e-e846pe-e847e-haarschneidemaschine-rasierer-trimmer\/#breadcrumb","itemListElement":[{"@type":"ListItem","position":1,"name":"Startseite","item":"https:\/\/marktxxl.de\/markt\/"},{"@type":"ListItem","position":2,"name":"Markt","item":"https:\/\/marktxxl.de\/markt\/"},{"@type":"ListItem","position":3,"name":"BaByliss 35808450 ORIGINAL Rasieraufsatz Bart Aufsteckkamm Schwarz Einstellbar 1-15 mm z.T. E845E E845IE E846E E846PE\u2026"}]},{"@type":"WebSite","@id":"https:\/\/marktxxl.de\/markt\/#website","url":"https:\/\/marktxxl.de\/markt\/","name":"Markt-XXL","description":"Ihr Markt Online","publisher":{"@id":"https:\/\/marktxxl.de\/markt\/#organization"},"potentialAction":[{"@type":"SearchAction","target":{"@type":"EntryPoint","urlTemplate":"https:\/\/marktxxl.de\/markt\/?s={search_term_string}"},"query-input":{"@type":"PropertyValueSpecification","valueRequired":true,"valueName":"search_term_string"}}],"inLanguage":"de"},{"@type":"Organization","@id":"https:\/\/marktxxl.de\/markt\/#organization","name":"Markt-XXL","url":"https:\/\/marktxxl.de\/markt\/","logo":{"@type":"ImageObject","inLanguage":"de","@id":"https:\/\/marktxxl.de\/markt\/#\/schema\/logo\/image\/","url":"https:\/\/marktxxl.de\/markt\/wp-content\/uploads\/sites\/3\/2020\/12\/logo.png","contentUrl":"https:\/\/marktxxl.de\/markt\/wp-content\/uploads\/sites\/3\/2020\/12\/logo.png","width":200,"height":70,"caption":"Markt-XXL"},"image":{"@id":"https:\/\/marktxxl.de\/markt\/#\/schema\/logo\/image\/"}}]}},"_links":{"self":[{"href":"https:\/\/marktxxl.de\/markt\/wp-json\/wp\/v2\/product\/45810","targetHints":{"allow":["GET"]}}],"collection":[{"href":"https:\/\/marktxxl.de\/markt\/wp-json\/wp\/v2\/product"}],"about":[{"href":"https:\/\/marktxxl.de\/markt\/wp-json\/wp\/v2\/types\/product"}],"replies":[{"embeddable":true,"href":"https:\/\/marktxxl.de\/markt\/wp-json\/wp\/v2\/comments?post=45810"}],"wp:featuredmedia":[{"embeddable":true,"href":"https:\/\/marktxxl.de\/markt\/wp-json\/wp\/v2\/media\/45811"}],"wp:attachment":[{"href":"https:\/\/marktxxl.de\/markt\/wp-json\/wp\/v2\/media?parent=45810"}],"wp:term":[{"taxonomy":"product_brand","embeddable":true,"href":"https:\/\/marktxxl.de\/markt\/wp-json\/wp\/v2\/product_brand?post=45810"},{"taxonomy":"product_cat","embeddable":true,"href":"https:\/\/marktxxl.de\/markt\/wp-json\/wp\/v2\/product_cat?post=45810"},{"taxonomy":"product_tag","embeddable":true,"href":"https:\/\/marktxxl.de\/markt\/wp-json\/wp\/v2\/product_tag?post=45810"}],"curies":[{"name":"wp","href":"https:\/\/api.w.org\/{rel}","templated":true}]}}