{"id":45756,"date":"2021-09-26T16:30:03","date_gmt":"2021-09-26T14:30:03","guid":{"rendered":"https:\/\/marktxxl.de\/markt\/produkt\/pc-world-of-warcraft-15-year-annivers\/"},"modified":"2023-04-09T01:36:09","modified_gmt":"2023-04-08T23:36:09","slug":"pc-world-of-warcraft-15-year-annivers","status":"publish","type":"product","link":"https:\/\/marktxxl.de\/markt\/produkt\/pc-world-of-warcraft-15-year-annivers\/","title":{"rendered":"PC World of Warcraft 15 Year Annivers"},"content":{"rendered":"<p>Feiern Sie Ihren Teil in der Online-Community, die den Verlauf der Spielgeschichte ge\u00e4ndert hat. Dieses Sammler-Set in limitierter Auflage enth\u00e4lt eine Trove mit Sammlerst\u00fccken zum Gedenken an den 15. Jahrestag von World of Warcraft.<br \/>\nBox enth\u00e4lt eine Statue, Kunstkarten, digitale Passepartout-Karte (Code).<br \/>\nRagnaros-Statue \u2013 Behold Ragnaros, er war antik, als diese Welt jung war. Schleife, Sterben, vor dieser 10+ Zoll Verewigung des Feuers selbst.<br \/>\nOnyxia-Anstecknadel: F\u00fcgen Sie Ihrer Pin-Sammlung hinzu und schm\u00fccken Sie Ihr Zuhause mit dem Kopf von Onyxia, Broodmother of the Black Dragonflight.<br \/>\n30 Tage Spielzeit \u2013 R\u00fcckkehr zu Azeroth mit 30 Tagen Spielzeit, um Ihnen bei Ihrem n\u00e4chsten Abenteuer zu helfen (Digital Code).<br \/>\n<div class=\"main-cross-sell\" data-asin=\"B07RVXR3NM\">\n\n\t<div class=\"WooZone-cross-sell-loader\">\n\t\t<div>\n\t\t\t<div id=\"floatingBarsG\">\n\t\t\t\t<div class=\"blockG\" id=\"rotateG_01\"><\/div>\n\t\t\t\t<div class=\"blockG\" id=\"rotateG_02\"><\/div>\n\t\t\t\t<div class=\"blockG\" id=\"rotateG_03\"><\/div>\n\t\t\t\t<div class=\"blockG\" id=\"rotateG_04\"><\/div>\n\t\t\t\t<div class=\"blockG\" id=\"rotateG_05\"><\/div>\n\t\t\t\t<div class=\"blockG\" id=\"rotateG_06\"><\/div>\n\t\t\t\t<div class=\"blockG\" id=\"rotateG_07\"><\/div>\n\t\t\t\t<div class=\"blockG\" id=\"rotateG_08\"><\/div>\n\t\t\t<\/div>\n\t\t\t<div class=\"WooZone-cross-sell-loader-text\"><\/div>\n\t\t<\/div>\n\t<\/div>\n\n\t\t\n<\/div>\n<div style=\"clear:both;\"><\/div><\/p>\n","protected":false},"excerpt":{"rendered":"<p>Feiern Sie Ihren Teil in der Online-Community, die den Verlauf der Spielgeschichte ge\u00e4ndert hat. Dieses Sammler-Set in limitierter Auflage enth\u00e4lt eine Trove mit Sammlerst\u00fccken zum Gedenken an den 15. Jahrestag von World of Warcraft.<br \/>\nBox enth\u00e4lt eine Statue, Kunstkarten, digitale Passepartout-Karte (Code).<br \/>\nRagnaros-Statue \u2013 Behold Ragnaros, er war antik, als diese Welt jung war. Schleife, Sterben, vor dieser 10+ Zoll Verewigung des Feuers selbst.<\/p>\n","protected":false},"featured_media":45757,"comment_status":"open","ping_status":"closed","template":"","meta":[],"product_brand":[],"product_cat":[566,6190],"product_tag":[],"class_list":{"0":"post-45756","1":"product","2":"type-product","3":"status-publish","4":"has-post-thumbnail","6":"product_cat-drogerie-koerperpflege","7":"product_cat-rasur-enthaarung","8":"pa_binding-zubehoer","9":"pa_brand-blizzard","10":"pa_manufacturer-blizzard","11":"pa_model-73070en","12":"pa_weight-8-928721611-pfund","14":"first","15":"instock","16":"shipping-taxable","17":"purchasable","18":"product-type-simple","19":"customify-col","20":"product-has-gallery"},"yoast_head":"<!-- This site is optimized with the Yoast SEO plugin v27.3 - https:\/\/yoast.com\/product\/yoast-seo-wordpress\/ -->\n<title>PC World of Warcraft 15 Year Annivers - Markt-XXL<\/title>\n<meta name=\"description\" content=\"Markt-XXL PC World of Warcraft 15 Year Annivers\" \/>\n<meta name=\"robots\" content=\"index, follow, max-snippet:-1, max-image-preview:large, max-video-preview:-1\" \/>\n<link rel=\"canonical\" href=\"https:\/\/marktxxl.de\/markt\/produkt\/pc-world-of-warcraft-15-year-annivers\/\" \/>\n<meta property=\"og:locale\" content=\"de_DE\" \/>\n<meta property=\"og:type\" content=\"article\" \/>\n<meta property=\"og:title\" content=\"PC World of Warcraft 15 Year Annivers - Markt-XXL\" \/>\n<meta property=\"og:description\" content=\"Markt-XXL PC World of Warcraft 15 Year Annivers\" \/>\n<meta property=\"og:url\" content=\"https:\/\/marktxxl.de\/markt\/produkt\/pc-world-of-warcraft-15-year-annivers\/\" \/>\n<meta property=\"og:site_name\" content=\"Markt-XXL\" \/>\n<meta property=\"article:modified_time\" content=\"2023-04-08T23:36:09+00:00\" \/>\n<meta property=\"og:image\" content=\"https:\/\/m.media-amazon.com\/images\/I\/51kLVVdMEiL._SL500_.jpg\" \/>\n\t<meta property=\"og:image:width\" content=\"500\" \/>\n\t<meta property=\"og:image:height\" content=\"500\" \/>\n\t<meta property=\"og:image:type\" content=\"image\/jpeg\" \/>\n<meta name=\"twitter:card\" content=\"summary_large_image\" \/>\n<meta name=\"twitter:label1\" content=\"Gesch\u00e4tzte Lesezeit\" \/>\n\t<meta name=\"twitter:data1\" content=\"1\u00a0Minute\" \/>\n<script type=\"application\/ld+json\" class=\"yoast-schema-graph\">{\"@context\":\"https:\\\/\\\/schema.org\",\"@graph\":[{\"@type\":\"WebPage\",\"@id\":\"https:\\\/\\\/marktxxl.de\\\/markt\\\/produkt\\\/pc-world-of-warcraft-15-year-annivers\\\/\",\"url\":\"https:\\\/\\\/marktxxl.de\\\/markt\\\/produkt\\\/pc-world-of-warcraft-15-year-annivers\\\/\",\"name\":\"PC World of Warcraft 15 Year Annivers - Markt-XXL\",\"isPartOf\":{\"@id\":\"https:\\\/\\\/marktxxl.de\\\/markt\\\/#website\"},\"primaryImageOfPage\":{\"@id\":\"https:\\\/\\\/marktxxl.de\\\/markt\\\/produkt\\\/pc-world-of-warcraft-15-year-annivers\\\/#primaryimage\"},\"image\":{\"@id\":\"https:\\\/\\\/marktxxl.de\\\/markt\\\/produkt\\\/pc-world-of-warcraft-15-year-annivers\\\/#primaryimage\"},\"thumbnailUrl\":\"https:\\\/\\\/m.media-amazon.com\\\/images\\\/I\\\/51kLVVdMEiL._SL500_.jpg\",\"datePublished\":\"2021-09-26T14:30:03+00:00\",\"dateModified\":\"2023-04-08T23:36:09+00:00\",\"description\":\"Markt-XXL PC World of Warcraft 15 Year Annivers\",\"breadcrumb\":{\"@id\":\"https:\\\/\\\/marktxxl.de\\\/markt\\\/produkt\\\/pc-world-of-warcraft-15-year-annivers\\\/#breadcrumb\"},\"inLanguage\":\"de\",\"potentialAction\":[{\"@type\":\"ReadAction\",\"target\":[\"https:\\\/\\\/marktxxl.de\\\/markt\\\/produkt\\\/pc-world-of-warcraft-15-year-annivers\\\/\"]}]},{\"@type\":\"ImageObject\",\"inLanguage\":\"de\",\"@id\":\"https:\\\/\\\/marktxxl.de\\\/markt\\\/produkt\\\/pc-world-of-warcraft-15-year-annivers\\\/#primaryimage\",\"url\":\"https:\\\/\\\/m.media-amazon.com\\\/images\\\/I\\\/51kLVVdMEiL._SL500_.jpg\",\"contentUrl\":\"https:\\\/\\\/m.media-amazon.com\\\/images\\\/I\\\/51kLVVdMEiL._SL500_.jpg\",\"width\":500,\"height\":500},{\"@type\":\"BreadcrumbList\",\"@id\":\"https:\\\/\\\/marktxxl.de\\\/markt\\\/produkt\\\/pc-world-of-warcraft-15-year-annivers\\\/#breadcrumb\",\"itemListElement\":[{\"@type\":\"ListItem\",\"position\":1,\"name\":\"Startseite\",\"item\":\"https:\\\/\\\/marktxxl.de\\\/markt\\\/\"},{\"@type\":\"ListItem\",\"position\":2,\"name\":\"Markt\",\"item\":\"https:\\\/\\\/marktxxl.de\\\/markt\\\/\"},{\"@type\":\"ListItem\",\"position\":3,\"name\":\"PC World of Warcraft 15 Year Annivers\"}]},{\"@type\":\"WebSite\",\"@id\":\"https:\\\/\\\/marktxxl.de\\\/markt\\\/#website\",\"url\":\"https:\\\/\\\/marktxxl.de\\\/markt\\\/\",\"name\":\"Markt-XXL\",\"description\":\"Ihr Markt Online\",\"publisher\":{\"@id\":\"https:\\\/\\\/marktxxl.de\\\/markt\\\/#organization\"},\"potentialAction\":[{\"@type\":\"SearchAction\",\"target\":{\"@type\":\"EntryPoint\",\"urlTemplate\":\"https:\\\/\\\/marktxxl.de\\\/markt\\\/?s={search_term_string}\"},\"query-input\":{\"@type\":\"PropertyValueSpecification\",\"valueRequired\":true,\"valueName\":\"search_term_string\"}}],\"inLanguage\":\"de\"},{\"@type\":\"Organization\",\"@id\":\"https:\\\/\\\/marktxxl.de\\\/markt\\\/#organization\",\"name\":\"Markt-XXL\",\"url\":\"https:\\\/\\\/marktxxl.de\\\/markt\\\/\",\"logo\":{\"@type\":\"ImageObject\",\"inLanguage\":\"de\",\"@id\":\"https:\\\/\\\/marktxxl.de\\\/markt\\\/#\\\/schema\\\/logo\\\/image\\\/\",\"url\":\"https:\\\/\\\/marktxxl.de\\\/markt\\\/wp-content\\\/uploads\\\/sites\\\/3\\\/2020\\\/12\\\/logo.png\",\"contentUrl\":\"https:\\\/\\\/marktxxl.de\\\/markt\\\/wp-content\\\/uploads\\\/sites\\\/3\\\/2020\\\/12\\\/logo.png\",\"width\":200,\"height\":70,\"caption\":\"Markt-XXL\"},\"image\":{\"@id\":\"https:\\\/\\\/marktxxl.de\\\/markt\\\/#\\\/schema\\\/logo\\\/image\\\/\"}}]}<\/script>\n<!-- \/ Yoast SEO plugin. -->","yoast_head_json":{"title":"PC World of Warcraft 15 Year Annivers - Markt-XXL","description":"Markt-XXL PC World of Warcraft 15 Year Annivers","robots":{"index":"index","follow":"follow","max-snippet":"max-snippet:-1","max-image-preview":"max-image-preview:large","max-video-preview":"max-video-preview:-1"},"canonical":"https:\/\/marktxxl.de\/markt\/produkt\/pc-world-of-warcraft-15-year-annivers\/","og_locale":"de_DE","og_type":"article","og_title":"PC World of Warcraft 15 Year Annivers - Markt-XXL","og_description":"Markt-XXL PC World of Warcraft 15 Year Annivers","og_url":"https:\/\/marktxxl.de\/markt\/produkt\/pc-world-of-warcraft-15-year-annivers\/","og_site_name":"Markt-XXL","article_modified_time":"2023-04-08T23:36:09+00:00","og_image":[{"width":500,"height":500,"url":"https:\/\/m.media-amazon.com\/images\/I\/51kLVVdMEiL._SL500_.jpg","type":"image\/jpeg"}],"twitter_card":"summary_large_image","twitter_misc":{"Gesch\u00e4tzte Lesezeit":"1\u00a0Minute"},"schema":{"@context":"https:\/\/schema.org","@graph":[{"@type":"WebPage","@id":"https:\/\/marktxxl.de\/markt\/produkt\/pc-world-of-warcraft-15-year-annivers\/","url":"https:\/\/marktxxl.de\/markt\/produkt\/pc-world-of-warcraft-15-year-annivers\/","name":"PC World of Warcraft 15 Year Annivers - Markt-XXL","isPartOf":{"@id":"https:\/\/marktxxl.de\/markt\/#website"},"primaryImageOfPage":{"@id":"https:\/\/marktxxl.de\/markt\/produkt\/pc-world-of-warcraft-15-year-annivers\/#primaryimage"},"image":{"@id":"https:\/\/marktxxl.de\/markt\/produkt\/pc-world-of-warcraft-15-year-annivers\/#primaryimage"},"thumbnailUrl":"https:\/\/m.media-amazon.com\/images\/I\/51kLVVdMEiL._SL500_.jpg","datePublished":"2021-09-26T14:30:03+00:00","dateModified":"2023-04-08T23:36:09+00:00","description":"Markt-XXL PC World of Warcraft 15 Year Annivers","breadcrumb":{"@id":"https:\/\/marktxxl.de\/markt\/produkt\/pc-world-of-warcraft-15-year-annivers\/#breadcrumb"},"inLanguage":"de","potentialAction":[{"@type":"ReadAction","target":["https:\/\/marktxxl.de\/markt\/produkt\/pc-world-of-warcraft-15-year-annivers\/"]}]},{"@type":"ImageObject","inLanguage":"de","@id":"https:\/\/marktxxl.de\/markt\/produkt\/pc-world-of-warcraft-15-year-annivers\/#primaryimage","url":"https:\/\/m.media-amazon.com\/images\/I\/51kLVVdMEiL._SL500_.jpg","contentUrl":"https:\/\/m.media-amazon.com\/images\/I\/51kLVVdMEiL._SL500_.jpg","width":500,"height":500},{"@type":"BreadcrumbList","@id":"https:\/\/marktxxl.de\/markt\/produkt\/pc-world-of-warcraft-15-year-annivers\/#breadcrumb","itemListElement":[{"@type":"ListItem","position":1,"name":"Startseite","item":"https:\/\/marktxxl.de\/markt\/"},{"@type":"ListItem","position":2,"name":"Markt","item":"https:\/\/marktxxl.de\/markt\/"},{"@type":"ListItem","position":3,"name":"PC World of Warcraft 15 Year Annivers"}]},{"@type":"WebSite","@id":"https:\/\/marktxxl.de\/markt\/#website","url":"https:\/\/marktxxl.de\/markt\/","name":"Markt-XXL","description":"Ihr Markt Online","publisher":{"@id":"https:\/\/marktxxl.de\/markt\/#organization"},"potentialAction":[{"@type":"SearchAction","target":{"@type":"EntryPoint","urlTemplate":"https:\/\/marktxxl.de\/markt\/?s={search_term_string}"},"query-input":{"@type":"PropertyValueSpecification","valueRequired":true,"valueName":"search_term_string"}}],"inLanguage":"de"},{"@type":"Organization","@id":"https:\/\/marktxxl.de\/markt\/#organization","name":"Markt-XXL","url":"https:\/\/marktxxl.de\/markt\/","logo":{"@type":"ImageObject","inLanguage":"de","@id":"https:\/\/marktxxl.de\/markt\/#\/schema\/logo\/image\/","url":"https:\/\/marktxxl.de\/markt\/wp-content\/uploads\/sites\/3\/2020\/12\/logo.png","contentUrl":"https:\/\/marktxxl.de\/markt\/wp-content\/uploads\/sites\/3\/2020\/12\/logo.png","width":200,"height":70,"caption":"Markt-XXL"},"image":{"@id":"https:\/\/marktxxl.de\/markt\/#\/schema\/logo\/image\/"}}]}},"_links":{"self":[{"href":"https:\/\/marktxxl.de\/markt\/wp-json\/wp\/v2\/product\/45756","targetHints":{"allow":["GET"]}}],"collection":[{"href":"https:\/\/marktxxl.de\/markt\/wp-json\/wp\/v2\/product"}],"about":[{"href":"https:\/\/marktxxl.de\/markt\/wp-json\/wp\/v2\/types\/product"}],"replies":[{"embeddable":true,"href":"https:\/\/marktxxl.de\/markt\/wp-json\/wp\/v2\/comments?post=45756"}],"wp:featuredmedia":[{"embeddable":true,"href":"https:\/\/marktxxl.de\/markt\/wp-json\/wp\/v2\/media\/45757"}],"wp:attachment":[{"href":"https:\/\/marktxxl.de\/markt\/wp-json\/wp\/v2\/media?parent=45756"}],"wp:term":[{"taxonomy":"product_brand","embeddable":true,"href":"https:\/\/marktxxl.de\/markt\/wp-json\/wp\/v2\/product_brand?post=45756"},{"taxonomy":"product_cat","embeddable":true,"href":"https:\/\/marktxxl.de\/markt\/wp-json\/wp\/v2\/product_cat?post=45756"},{"taxonomy":"product_tag","embeddable":true,"href":"https:\/\/marktxxl.de\/markt\/wp-json\/wp\/v2\/product_tag?post=45756"}],"curies":[{"name":"wp","href":"https:\/\/api.w.org\/{rel}","templated":true}]}}