{"id":45566,"date":"2021-09-26T16:21:09","date_gmt":"2021-09-26T14:21:09","guid":{"rendered":"https:\/\/marktxxl.de\/markt\/produkt\/massagepistole-mini-muskel-massagegeraet-high-intensity-vibration-rechargeable-tragbares-handgeraet-520g-massage-gun-mit-3500-u-min-2600-mah-batterie\/"},"modified":"2023-04-09T01:36:05","modified_gmt":"2023-04-08T23:36:05","slug":"massagepistole-mini-muskel-massagegeraet-high-intensity-vibration-rechargeable-tragbares-handgeraet-520g-massage-gun-mit-3500-u-min-2600-mah-batterie","status":"publish","type":"product","link":"https:\/\/marktxxl.de\/markt\/produkt\/massagepistole-mini-muskel-massagegeraet-high-intensity-vibration-rechargeable-tragbares-handgeraet-520g-massage-gun-mit-3500-u-min-2600-mah-batterie\/","title":{"rendered":"Massagepistole Mini, Massagepistole massageger\u00e4t, High-Intensity f\u00fcr Nacken Schulter R\u00fccken Rechargeable Tragbares\u2026"},"content":{"rendered":"<p>[Tragbar &amp; Leistungsstark] Die leichte, handliche und praktische Haltevorrichtung kann eine starke Leistung von bis zu 3500 U\/min bringen. Aufgrund seiner geringen Gr\u00f6\u00dfe und seines geringen Gewichts von nur 1,2 Ibs ist es praktisch f\u00fcr Sie, wenn Sie ausgehen, und eignet sich zur Muskelentspannung nach verschiedenen Sportarten wie Radfahren, Klettern, Skifahren, Schwimmen usw.<br \/>\n[Muskelkater Linderung] Es hilft Muskelkater und Steifheit nach dem Training zu lindern. Der Schlagdruckimpuls, der von einer einstellbaren, leistungsstarken Mehrfrequenzpistole erzeugt wird, dringt in das tiefe Muskelgewebe ein. Dies kann die Durchblutung wirksam verbessern, Muskelkater behandeln, Ihre Muskeln und Faszien vor Verletzungen durch k\u00f6rperliche Bet\u00e4tigung sch\u00fctzen und Ihnen einen umfassenderen Schutz bieten.<br \/>\n[Muskelkater Linderung] Es hilft Muskelkater und Steifheit nach dem Training zu lindern. Der Schlagdruckimpuls, der von einer einstellbaren, leistungsstarken Mehrfrequenzpistole erzeugt wird, dringt in das tiefe Muskelgewebe ein. Dies kann die Durchblutung wirksam verbessern, Muskelkater behandeln, Ihre Muskeln und Faszien vor Verletzungen durch k\u00f6rperliche Bet\u00e4tigung sch\u00fctzen und Ihnen einen umfassenderen Schutz bieten.<br \/>\n[Schnurlos &amp; Wiederaufladbar] Ausgestattet mit einer hochwertigen wiederaufladbaren Lithiumbatterie mit 2600 mAh gew\u00e4hrleistet sie eine Arbeitszeit von 6-8 Stunden (abh\u00e4ngig von Ihrer Massageintensit\u00e4t). Sie k\u00f6nnen das Type-C Kabel zum Aufladen verwenden. Das vollst\u00e4ndige Aufladen dauert 2-3 Stunden.<br \/>\n[Vielzahl von Funktionen] Ausgestattet mit einer leistungsstarken LED-Taschenlampe mit leistungsstarker Beleuchtungsfunktion eignet sie sich f\u00fcr den Einsatz, wenn Sie nachts Sport treiben. Diese Massagepistole kann als \u201ePower Bank\u201c verwendet werden, mit der Sie Mobiltelefone und andere Ger\u00e4te aufladen k\u00f6nnen.<br \/>\n<div class=\"main-cross-sell\" data-asin=\"B092Z5Y94S\">\n\n\t<div class=\"WooZone-cross-sell-loader\">\n\t\t<div>\n\t\t\t<div id=\"floatingBarsG\">\n\t\t\t\t<div class=\"blockG\" id=\"rotateG_01\"><\/div>\n\t\t\t\t<div class=\"blockG\" id=\"rotateG_02\"><\/div>\n\t\t\t\t<div class=\"blockG\" id=\"rotateG_03\"><\/div>\n\t\t\t\t<div class=\"blockG\" id=\"rotateG_04\"><\/div>\n\t\t\t\t<div class=\"blockG\" id=\"rotateG_05\"><\/div>\n\t\t\t\t<div class=\"blockG\" id=\"rotateG_06\"><\/div>\n\t\t\t\t<div class=\"blockG\" id=\"rotateG_07\"><\/div>\n\t\t\t\t<div class=\"blockG\" id=\"rotateG_08\"><\/div>\n\t\t\t<\/div>\n\t\t\t<div class=\"WooZone-cross-sell-loader-text\"><\/div>\n\t\t<\/div>\n\t<\/div>\n\n\t\t\n<\/div>\n<div style=\"clear:both;\"><\/div><\/p>\n","protected":false},"excerpt":{"rendered":"<p>[Tragbar &amp; Leistungsstark] Die leichte, handliche und praktische Haltevorrichtung kann eine starke Leistung von bis zu 3500 U\/min bringen. Aufgrund seiner geringen Gr\u00f6\u00dfe und seines geringen Gewichts von nur 1,2 Ibs ist es praktisch f\u00fcr Sie, wenn Sie ausgehen, und eignet sich zur Muskelentspannung nach verschiedenen Sportarten wie Radfahren, Klettern, Skifahren, Schwimmen usw.<br \/>\n[Muskelkater Linderung] Es hilft Muskelkater und Steifheit nach dem Training zu lindern. Der Schlagdruckimpuls, der von einer einstellbaren, leistungsstarken Mehrfrequenzpistole erzeugt wird, dringt in das tiefe Muskelgewebe ein. Dies kann die Durchblutung wirksam verbessern, Muskelkater behandeln, Ihre Muskeln und Faszien vor Verletzungen durch k\u00f6rperliche Bet\u00e4tigung sch\u00fctzen und Ihnen einen umfassenderen Schutz bieten.<br \/>\n[Muskelkater Linderung] Es hilft Muskelkater und Steifheit nach dem Training zu lindern. Der Schlagdruckimpuls, der von einer einstellbaren, leistungsstarken Mehrfrequenzpistole erzeugt wird, dringt in das tiefe Muskelgewebe ein. Dies kann die Durchblutung wirksam verbessern, Muskelkater behandeln, Ihre Muskeln und Faszien vor Verletzungen durch k\u00f6rperliche Bet\u00e4tigung sch\u00fctzen und Ihnen einen umfassenderen Schutz bieten.<\/p>\n","protected":false},"featured_media":45568,"comment_status":"open","ping_status":"closed","template":"","meta":[],"product_brand":[],"product_cat":[566,6496],"product_tag":[],"class_list":{"0":"post-45566","1":"product","2":"type-product","3":"status-publish","4":"has-post-thumbnail","6":"product_cat-drogerie-koerperpflege","7":"product_cat-wellness","8":"pa_brand-pervita-medical","9":"pa_color-blue","10":"pa_height-2-4409448794-zoll","11":"pa_length-7-6771653465-zoll","12":"pa_manufacturer-pervita-medical","13":"pa_model-pmp20","14":"pa_size-pmp20","15":"pa_warranty-24-months","16":"pa_width-7-3622047169-zoll","18":"first","19":"instock","20":"shipping-taxable","21":"purchasable","22":"product-type-simple","23":"customify-col","24":"product-has-gallery"},"yoast_head":"<!-- This site is optimized with the Yoast SEO plugin v27.4 - https:\/\/yoast.com\/product\/yoast-seo-wordpress\/ -->\n<title>Massagepistole Mini, Massagepistole massageger\u00e4t, High-Intensity f\u00fcr Nacken Schulter R\u00fccken Rechargeable Tragbares\u2026 - Markt-XXL<\/title>\n<meta name=\"description\" content=\"Markt-XXL Massagepistole Mini, Massagepistole massageger\u00e4t, High-Intensity f\u00fcr Nacken Schulter R\u00fccken Rechargeable Tragbares\u2026\" \/>\n<meta name=\"robots\" content=\"index, follow, max-snippet:-1, max-image-preview:large, max-video-preview:-1\" \/>\n<link rel=\"canonical\" href=\"https:\/\/marktxxl.de\/markt\/produkt\/massagepistole-mini-muskel-massagegeraet-high-intensity-vibration-rechargeable-tragbares-handgeraet-520g-massage-gun-mit-3500-u-min-2600-mah-batterie\/\" \/>\n<meta property=\"og:locale\" content=\"de_DE\" \/>\n<meta property=\"og:type\" content=\"article\" \/>\n<meta property=\"og:title\" content=\"Massagepistole Mini, Massagepistole massageger\u00e4t, High-Intensity f\u00fcr Nacken Schulter R\u00fccken Rechargeable Tragbares\u2026 - Markt-XXL\" \/>\n<meta property=\"og:description\" content=\"Markt-XXL Massagepistole Mini, Massagepistole massageger\u00e4t, High-Intensity f\u00fcr Nacken Schulter R\u00fccken Rechargeable Tragbares\u2026\" \/>\n<meta property=\"og:url\" content=\"https:\/\/marktxxl.de\/markt\/produkt\/massagepistole-mini-muskel-massagegeraet-high-intensity-vibration-rechargeable-tragbares-handgeraet-520g-massage-gun-mit-3500-u-min-2600-mah-batterie\/\" \/>\n<meta property=\"og:site_name\" content=\"Markt-XXL\" \/>\n<meta property=\"article:modified_time\" content=\"2023-04-08T23:36:05+00:00\" \/>\n<meta property=\"og:image\" content=\"https:\/\/m.media-amazon.com\/images\/I\/41LJrH9oDnL._SL500_.jpg\" \/>\n\t<meta property=\"og:image:width\" content=\"500\" \/>\n\t<meta property=\"og:image:height\" content=\"500\" \/>\n\t<meta property=\"og:image:type\" content=\"image\/jpeg\" \/>\n<meta name=\"twitter:card\" content=\"summary_large_image\" \/>\n<meta name=\"twitter:label1\" content=\"Gesch\u00e4tzte Lesezeit\" \/>\n\t<meta name=\"twitter:data1\" content=\"1\u00a0Minute\" \/>\n<script type=\"application\/ld+json\" class=\"yoast-schema-graph\">{\"@context\":\"https:\\\/\\\/schema.org\",\"@graph\":[{\"@type\":\"WebPage\",\"@id\":\"https:\\\/\\\/marktxxl.de\\\/markt\\\/produkt\\\/massagepistole-mini-muskel-massagegeraet-high-intensity-vibration-rechargeable-tragbares-handgeraet-520g-massage-gun-mit-3500-u-min-2600-mah-batterie\\\/\",\"url\":\"https:\\\/\\\/marktxxl.de\\\/markt\\\/produkt\\\/massagepistole-mini-muskel-massagegeraet-high-intensity-vibration-rechargeable-tragbares-handgeraet-520g-massage-gun-mit-3500-u-min-2600-mah-batterie\\\/\",\"name\":\"Massagepistole Mini, Massagepistole massageger\u00e4t, High-Intensity f\u00fcr Nacken Schulter R\u00fccken Rechargeable Tragbares\u2026 - Markt-XXL\",\"isPartOf\":{\"@id\":\"https:\\\/\\\/marktxxl.de\\\/markt\\\/#website\"},\"primaryImageOfPage\":{\"@id\":\"https:\\\/\\\/marktxxl.de\\\/markt\\\/produkt\\\/massagepistole-mini-muskel-massagegeraet-high-intensity-vibration-rechargeable-tragbares-handgeraet-520g-massage-gun-mit-3500-u-min-2600-mah-batterie\\\/#primaryimage\"},\"image\":{\"@id\":\"https:\\\/\\\/marktxxl.de\\\/markt\\\/produkt\\\/massagepistole-mini-muskel-massagegeraet-high-intensity-vibration-rechargeable-tragbares-handgeraet-520g-massage-gun-mit-3500-u-min-2600-mah-batterie\\\/#primaryimage\"},\"thumbnailUrl\":\"https:\\\/\\\/m.media-amazon.com\\\/images\\\/I\\\/41LJrH9oDnL._SL500_.jpg\",\"datePublished\":\"2021-09-26T14:21:09+00:00\",\"dateModified\":\"2023-04-08T23:36:05+00:00\",\"description\":\"Markt-XXL Massagepistole Mini, Massagepistole massageger\u00e4t, High-Intensity f\u00fcr Nacken Schulter R\u00fccken Rechargeable Tragbares\u2026\",\"breadcrumb\":{\"@id\":\"https:\\\/\\\/marktxxl.de\\\/markt\\\/produkt\\\/massagepistole-mini-muskel-massagegeraet-high-intensity-vibration-rechargeable-tragbares-handgeraet-520g-massage-gun-mit-3500-u-min-2600-mah-batterie\\\/#breadcrumb\"},\"inLanguage\":\"de\",\"potentialAction\":[{\"@type\":\"ReadAction\",\"target\":[\"https:\\\/\\\/marktxxl.de\\\/markt\\\/produkt\\\/massagepistole-mini-muskel-massagegeraet-high-intensity-vibration-rechargeable-tragbares-handgeraet-520g-massage-gun-mit-3500-u-min-2600-mah-batterie\\\/\"]}]},{\"@type\":\"ImageObject\",\"inLanguage\":\"de\",\"@id\":\"https:\\\/\\\/marktxxl.de\\\/markt\\\/produkt\\\/massagepistole-mini-muskel-massagegeraet-high-intensity-vibration-rechargeable-tragbares-handgeraet-520g-massage-gun-mit-3500-u-min-2600-mah-batterie\\\/#primaryimage\",\"url\":\"https:\\\/\\\/m.media-amazon.com\\\/images\\\/I\\\/41LJrH9oDnL._SL500_.jpg\",\"contentUrl\":\"https:\\\/\\\/m.media-amazon.com\\\/images\\\/I\\\/41LJrH9oDnL._SL500_.jpg\",\"width\":500,\"height\":500},{\"@type\":\"BreadcrumbList\",\"@id\":\"https:\\\/\\\/marktxxl.de\\\/markt\\\/produkt\\\/massagepistole-mini-muskel-massagegeraet-high-intensity-vibration-rechargeable-tragbares-handgeraet-520g-massage-gun-mit-3500-u-min-2600-mah-batterie\\\/#breadcrumb\",\"itemListElement\":[{\"@type\":\"ListItem\",\"position\":1,\"name\":\"Startseite\",\"item\":\"https:\\\/\\\/marktxxl.de\\\/markt\\\/\"},{\"@type\":\"ListItem\",\"position\":2,\"name\":\"Markt\",\"item\":\"https:\\\/\\\/marktxxl.de\\\/markt\\\/\"},{\"@type\":\"ListItem\",\"position\":3,\"name\":\"Massagepistole Mini, Massagepistole massageger\u00e4t, High-Intensity f\u00fcr Nacken Schulter R\u00fccken Rechargeable Tragbares\u2026\"}]},{\"@type\":\"WebSite\",\"@id\":\"https:\\\/\\\/marktxxl.de\\\/markt\\\/#website\",\"url\":\"https:\\\/\\\/marktxxl.de\\\/markt\\\/\",\"name\":\"Markt-XXL\",\"description\":\"Ihr Markt Online\",\"publisher\":{\"@id\":\"https:\\\/\\\/marktxxl.de\\\/markt\\\/#organization\"},\"potentialAction\":[{\"@type\":\"SearchAction\",\"target\":{\"@type\":\"EntryPoint\",\"urlTemplate\":\"https:\\\/\\\/marktxxl.de\\\/markt\\\/?s={search_term_string}\"},\"query-input\":{\"@type\":\"PropertyValueSpecification\",\"valueRequired\":true,\"valueName\":\"search_term_string\"}}],\"inLanguage\":\"de\"},{\"@type\":\"Organization\",\"@id\":\"https:\\\/\\\/marktxxl.de\\\/markt\\\/#organization\",\"name\":\"Markt-XXL\",\"url\":\"https:\\\/\\\/marktxxl.de\\\/markt\\\/\",\"logo\":{\"@type\":\"ImageObject\",\"inLanguage\":\"de\",\"@id\":\"https:\\\/\\\/marktxxl.de\\\/markt\\\/#\\\/schema\\\/logo\\\/image\\\/\",\"url\":\"https:\\\/\\\/marktxxl.de\\\/markt\\\/wp-content\\\/uploads\\\/sites\\\/3\\\/2020\\\/12\\\/logo.png\",\"contentUrl\":\"https:\\\/\\\/marktxxl.de\\\/markt\\\/wp-content\\\/uploads\\\/sites\\\/3\\\/2020\\\/12\\\/logo.png\",\"width\":200,\"height\":70,\"caption\":\"Markt-XXL\"},\"image\":{\"@id\":\"https:\\\/\\\/marktxxl.de\\\/markt\\\/#\\\/schema\\\/logo\\\/image\\\/\"}}]}<\/script>\n<!-- \/ Yoast SEO plugin. -->","yoast_head_json":{"title":"Massagepistole Mini, Massagepistole massageger\u00e4t, High-Intensity f\u00fcr Nacken Schulter R\u00fccken Rechargeable Tragbares\u2026 - Markt-XXL","description":"Markt-XXL Massagepistole Mini, Massagepistole massageger\u00e4t, High-Intensity f\u00fcr Nacken Schulter R\u00fccken Rechargeable Tragbares\u2026","robots":{"index":"index","follow":"follow","max-snippet":"max-snippet:-1","max-image-preview":"max-image-preview:large","max-video-preview":"max-video-preview:-1"},"canonical":"https:\/\/marktxxl.de\/markt\/produkt\/massagepistole-mini-muskel-massagegeraet-high-intensity-vibration-rechargeable-tragbares-handgeraet-520g-massage-gun-mit-3500-u-min-2600-mah-batterie\/","og_locale":"de_DE","og_type":"article","og_title":"Massagepistole Mini, Massagepistole massageger\u00e4t, High-Intensity f\u00fcr Nacken Schulter R\u00fccken Rechargeable Tragbares\u2026 - Markt-XXL","og_description":"Markt-XXL Massagepistole Mini, Massagepistole massageger\u00e4t, High-Intensity f\u00fcr Nacken Schulter R\u00fccken Rechargeable Tragbares\u2026","og_url":"https:\/\/marktxxl.de\/markt\/produkt\/massagepistole-mini-muskel-massagegeraet-high-intensity-vibration-rechargeable-tragbares-handgeraet-520g-massage-gun-mit-3500-u-min-2600-mah-batterie\/","og_site_name":"Markt-XXL","article_modified_time":"2023-04-08T23:36:05+00:00","og_image":[{"width":500,"height":500,"url":"https:\/\/m.media-amazon.com\/images\/I\/41LJrH9oDnL._SL500_.jpg","type":"image\/jpeg"}],"twitter_card":"summary_large_image","twitter_misc":{"Gesch\u00e4tzte Lesezeit":"1\u00a0Minute"},"schema":{"@context":"https:\/\/schema.org","@graph":[{"@type":"WebPage","@id":"https:\/\/marktxxl.de\/markt\/produkt\/massagepistole-mini-muskel-massagegeraet-high-intensity-vibration-rechargeable-tragbares-handgeraet-520g-massage-gun-mit-3500-u-min-2600-mah-batterie\/","url":"https:\/\/marktxxl.de\/markt\/produkt\/massagepistole-mini-muskel-massagegeraet-high-intensity-vibration-rechargeable-tragbares-handgeraet-520g-massage-gun-mit-3500-u-min-2600-mah-batterie\/","name":"Massagepistole Mini, Massagepistole massageger\u00e4t, High-Intensity f\u00fcr Nacken Schulter R\u00fccken Rechargeable Tragbares\u2026 - Markt-XXL","isPartOf":{"@id":"https:\/\/marktxxl.de\/markt\/#website"},"primaryImageOfPage":{"@id":"https:\/\/marktxxl.de\/markt\/produkt\/massagepistole-mini-muskel-massagegeraet-high-intensity-vibration-rechargeable-tragbares-handgeraet-520g-massage-gun-mit-3500-u-min-2600-mah-batterie\/#primaryimage"},"image":{"@id":"https:\/\/marktxxl.de\/markt\/produkt\/massagepistole-mini-muskel-massagegeraet-high-intensity-vibration-rechargeable-tragbares-handgeraet-520g-massage-gun-mit-3500-u-min-2600-mah-batterie\/#primaryimage"},"thumbnailUrl":"https:\/\/m.media-amazon.com\/images\/I\/41LJrH9oDnL._SL500_.jpg","datePublished":"2021-09-26T14:21:09+00:00","dateModified":"2023-04-08T23:36:05+00:00","description":"Markt-XXL Massagepistole Mini, Massagepistole massageger\u00e4t, High-Intensity f\u00fcr Nacken Schulter R\u00fccken Rechargeable Tragbares\u2026","breadcrumb":{"@id":"https:\/\/marktxxl.de\/markt\/produkt\/massagepistole-mini-muskel-massagegeraet-high-intensity-vibration-rechargeable-tragbares-handgeraet-520g-massage-gun-mit-3500-u-min-2600-mah-batterie\/#breadcrumb"},"inLanguage":"de","potentialAction":[{"@type":"ReadAction","target":["https:\/\/marktxxl.de\/markt\/produkt\/massagepistole-mini-muskel-massagegeraet-high-intensity-vibration-rechargeable-tragbares-handgeraet-520g-massage-gun-mit-3500-u-min-2600-mah-batterie\/"]}]},{"@type":"ImageObject","inLanguage":"de","@id":"https:\/\/marktxxl.de\/markt\/produkt\/massagepistole-mini-muskel-massagegeraet-high-intensity-vibration-rechargeable-tragbares-handgeraet-520g-massage-gun-mit-3500-u-min-2600-mah-batterie\/#primaryimage","url":"https:\/\/m.media-amazon.com\/images\/I\/41LJrH9oDnL._SL500_.jpg","contentUrl":"https:\/\/m.media-amazon.com\/images\/I\/41LJrH9oDnL._SL500_.jpg","width":500,"height":500},{"@type":"BreadcrumbList","@id":"https:\/\/marktxxl.de\/markt\/produkt\/massagepistole-mini-muskel-massagegeraet-high-intensity-vibration-rechargeable-tragbares-handgeraet-520g-massage-gun-mit-3500-u-min-2600-mah-batterie\/#breadcrumb","itemListElement":[{"@type":"ListItem","position":1,"name":"Startseite","item":"https:\/\/marktxxl.de\/markt\/"},{"@type":"ListItem","position":2,"name":"Markt","item":"https:\/\/marktxxl.de\/markt\/"},{"@type":"ListItem","position":3,"name":"Massagepistole Mini, Massagepistole massageger\u00e4t, High-Intensity f\u00fcr Nacken Schulter R\u00fccken Rechargeable Tragbares\u2026"}]},{"@type":"WebSite","@id":"https:\/\/marktxxl.de\/markt\/#website","url":"https:\/\/marktxxl.de\/markt\/","name":"Markt-XXL","description":"Ihr Markt Online","publisher":{"@id":"https:\/\/marktxxl.de\/markt\/#organization"},"potentialAction":[{"@type":"SearchAction","target":{"@type":"EntryPoint","urlTemplate":"https:\/\/marktxxl.de\/markt\/?s={search_term_string}"},"query-input":{"@type":"PropertyValueSpecification","valueRequired":true,"valueName":"search_term_string"}}],"inLanguage":"de"},{"@type":"Organization","@id":"https:\/\/marktxxl.de\/markt\/#organization","name":"Markt-XXL","url":"https:\/\/marktxxl.de\/markt\/","logo":{"@type":"ImageObject","inLanguage":"de","@id":"https:\/\/marktxxl.de\/markt\/#\/schema\/logo\/image\/","url":"https:\/\/marktxxl.de\/markt\/wp-content\/uploads\/sites\/3\/2020\/12\/logo.png","contentUrl":"https:\/\/marktxxl.de\/markt\/wp-content\/uploads\/sites\/3\/2020\/12\/logo.png","width":200,"height":70,"caption":"Markt-XXL"},"image":{"@id":"https:\/\/marktxxl.de\/markt\/#\/schema\/logo\/image\/"}}]}},"_links":{"self":[{"href":"https:\/\/marktxxl.de\/markt\/wp-json\/wp\/v2\/product\/45566","targetHints":{"allow":["GET"]}}],"collection":[{"href":"https:\/\/marktxxl.de\/markt\/wp-json\/wp\/v2\/product"}],"about":[{"href":"https:\/\/marktxxl.de\/markt\/wp-json\/wp\/v2\/types\/product"}],"replies":[{"embeddable":true,"href":"https:\/\/marktxxl.de\/markt\/wp-json\/wp\/v2\/comments?post=45566"}],"wp:featuredmedia":[{"embeddable":true,"href":"https:\/\/marktxxl.de\/markt\/wp-json\/wp\/v2\/media\/45568"}],"wp:attachment":[{"href":"https:\/\/marktxxl.de\/markt\/wp-json\/wp\/v2\/media?parent=45566"}],"wp:term":[{"taxonomy":"product_brand","embeddable":true,"href":"https:\/\/marktxxl.de\/markt\/wp-json\/wp\/v2\/product_brand?post=45566"},{"taxonomy":"product_cat","embeddable":true,"href":"https:\/\/marktxxl.de\/markt\/wp-json\/wp\/v2\/product_cat?post=45566"},{"taxonomy":"product_tag","embeddable":true,"href":"https:\/\/marktxxl.de\/markt\/wp-json\/wp\/v2\/product_tag?post=45566"}],"curies":[{"name":"wp","href":"https:\/\/api.w.org\/{rel}","templated":true}]}}