{"id":45536,"date":"2021-09-26T16:21:06","date_gmt":"2021-09-26T14:21:06","guid":{"rendered":"https:\/\/marktxxl.de\/markt\/produkt\/drive-devilbiss-healthcare-dusch-hocker-abgerundete-oberflaeche-mit-drehbarer-sitzflaeche\/"},"modified":"2023-04-09T01:36:05","modified_gmt":"2023-04-08T23:36:05","slug":"drive-devilbiss-healthcare-dusch-hocker-abgerundete-oberflaeche-mit-drehbarer-sitzflaeche","status":"publish","type":"product","link":"https:\/\/marktxxl.de\/markt\/produkt\/drive-devilbiss-healthcare-dusch-hocker-abgerundete-oberflaeche-mit-drehbarer-sitzflaeche\/","title":{"rendered":"Drive DeVilbiss Healthcare Dusch-Hocker, abgerundete Oberfl\u00e4che, mit drehbarer Sitzfl\u00e4che"},"content":{"rendered":"<p>Bade-\/Dusch-Stuhl mit drehbarer Sitzfl\u00e4che. Drehbare Sitzfl\u00e4che vereinfacht das Waschen.<br \/>\nDas drehbare Polster kann zum Reinigen abgenommen werden. H\u00f6henverstellbar.<br \/>\nGummif\u00fc\u00dfe f\u00fcr Stabilit\u00e4t auch auf feuchtem Untergrund. Glatte, leicht zug\u00e4ngliche Oberfl\u00e4chen f\u00fcr einfache Reinigung<br \/>\nEinfache Aufbewahrung und Transport<br \/>\nMa\u00dfe (B\u00a0x\u00a0T\u00a0x\u00a0H): 33\u00a0x\u00a033\u00a0x\u00a034\u00a0&#8211;\u00a052\u00a0cm Benutzerfreundlich und leicht zu reinigen.<br \/>\n<div class=\"main-cross-sell\" data-asin=\"B00PUIC74Y\">\n\n\t<div class=\"WooZone-cross-sell-loader\">\n\t\t<div>\n\t\t\t<div id=\"floatingBarsG\">\n\t\t\t\t<div class=\"blockG\" id=\"rotateG_01\"><\/div>\n\t\t\t\t<div class=\"blockG\" id=\"rotateG_02\"><\/div>\n\t\t\t\t<div class=\"blockG\" id=\"rotateG_03\"><\/div>\n\t\t\t\t<div class=\"blockG\" id=\"rotateG_04\"><\/div>\n\t\t\t\t<div class=\"blockG\" id=\"rotateG_05\"><\/div>\n\t\t\t\t<div class=\"blockG\" id=\"rotateG_06\"><\/div>\n\t\t\t\t<div class=\"blockG\" id=\"rotateG_07\"><\/div>\n\t\t\t\t<div class=\"blockG\" id=\"rotateG_08\"><\/div>\n\t\t\t<\/div>\n\t\t\t<div class=\"WooZone-cross-sell-loader-text\"><\/div>\n\t\t<\/div>\n\t<\/div>\n\n\t\t\n<\/div>\n<div style=\"clear:both;\"><\/div><\/p>\n","protected":false},"excerpt":{"rendered":"<p>Bade-\/Dusch-Stuhl mit drehbarer Sitzfl\u00e4che. Drehbare Sitzfl\u00e4che vereinfacht das Waschen.<br \/>\nDas drehbare Polster kann zum Reinigen abgenommen werden. H\u00f6henverstellbar.<br \/>\nGummif\u00fc\u00dfe f\u00fcr Stabilit\u00e4t auch auf feuchtem Untergrund. Glatte, leicht zug\u00e4ngliche Oberfl\u00e4chen f\u00fcr einfache Reinigung<\/p>\n","protected":false},"featured_media":45537,"comment_status":"open","ping_status":"closed","template":"","meta":[],"product_brand":[],"product_cat":[566,5932],"product_tag":[],"class_list":{"0":"post-45536","1":"product","2":"type-product","3":"status-publish","4":"has-post-thumbnail","6":"product_cat-drogerie-koerperpflege","7":"product_cat-mobilitaetshilfen-zubehoer","8":"pa_binding-badartikel","9":"pa_brand-drive-medical","10":"pa_color-blue-and-silver","11":"pa_height-0-1574803148-zoll","12":"pa_languages-unbekannt-englisch","13":"pa_length-1-3779527545-zoll","14":"pa_manufacturer-drive-medical-ltd","15":"pa_model-12004swivkdr","16":"pa_size-keine-angaben","17":"pa_weight-0-007495716908-pfund","18":"pa_width-1-3779527545-zoll","20":"first","21":"instock","22":"shipping-taxable","23":"purchasable","24":"product-type-simple","25":"customify-col","26":"product-has-gallery"},"yoast_head":"<!-- This site is optimized with the Yoast SEO plugin v27.3 - https:\/\/yoast.com\/product\/yoast-seo-wordpress\/ -->\n<title>Drive DeVilbiss Healthcare Dusch-Hocker, abgerundete Oberfl\u00e4che, mit drehbarer Sitzfl\u00e4che - Markt-XXL<\/title>\n<meta name=\"description\" content=\"Markt-XXL Drive DeVilbiss Healthcare Dusch-Hocker, abgerundete Oberfl\u00e4che, mit drehbarer Sitzfl\u00e4che\" \/>\n<meta name=\"robots\" content=\"index, follow, max-snippet:-1, max-image-preview:large, max-video-preview:-1\" \/>\n<link rel=\"canonical\" href=\"https:\/\/marktxxl.de\/markt\/produkt\/drive-devilbiss-healthcare-dusch-hocker-abgerundete-oberflaeche-mit-drehbarer-sitzflaeche\/\" \/>\n<meta property=\"og:locale\" content=\"de_DE\" \/>\n<meta property=\"og:type\" content=\"article\" \/>\n<meta property=\"og:title\" content=\"Drive DeVilbiss Healthcare Dusch-Hocker, abgerundete Oberfl\u00e4che, mit drehbarer Sitzfl\u00e4che - Markt-XXL\" \/>\n<meta property=\"og:description\" content=\"Markt-XXL Drive DeVilbiss Healthcare Dusch-Hocker, abgerundete Oberfl\u00e4che, mit drehbarer Sitzfl\u00e4che\" \/>\n<meta property=\"og:url\" content=\"https:\/\/marktxxl.de\/markt\/produkt\/drive-devilbiss-healthcare-dusch-hocker-abgerundete-oberflaeche-mit-drehbarer-sitzflaeche\/\" \/>\n<meta property=\"og:site_name\" content=\"Markt-XXL\" \/>\n<meta property=\"article:modified_time\" content=\"2023-04-08T23:36:05+00:00\" \/>\n<meta property=\"og:image\" content=\"https:\/\/m.media-amazon.com\/images\/I\/41zhIvC0dgL._SL500_.jpg\" \/>\n\t<meta property=\"og:image:width\" content=\"500\" \/>\n\t<meta property=\"og:image:height\" content=\"500\" \/>\n\t<meta property=\"og:image:type\" content=\"image\/jpeg\" \/>\n<meta name=\"twitter:card\" content=\"summary_large_image\" \/>\n<script type=\"application\/ld+json\" class=\"yoast-schema-graph\">{\"@context\":\"https:\\\/\\\/schema.org\",\"@graph\":[{\"@type\":\"WebPage\",\"@id\":\"https:\\\/\\\/marktxxl.de\\\/markt\\\/produkt\\\/drive-devilbiss-healthcare-dusch-hocker-abgerundete-oberflaeche-mit-drehbarer-sitzflaeche\\\/\",\"url\":\"https:\\\/\\\/marktxxl.de\\\/markt\\\/produkt\\\/drive-devilbiss-healthcare-dusch-hocker-abgerundete-oberflaeche-mit-drehbarer-sitzflaeche\\\/\",\"name\":\"Drive DeVilbiss Healthcare Dusch-Hocker, abgerundete Oberfl\u00e4che, mit drehbarer Sitzfl\u00e4che - Markt-XXL\",\"isPartOf\":{\"@id\":\"https:\\\/\\\/marktxxl.de\\\/markt\\\/#website\"},\"primaryImageOfPage\":{\"@id\":\"https:\\\/\\\/marktxxl.de\\\/markt\\\/produkt\\\/drive-devilbiss-healthcare-dusch-hocker-abgerundete-oberflaeche-mit-drehbarer-sitzflaeche\\\/#primaryimage\"},\"image\":{\"@id\":\"https:\\\/\\\/marktxxl.de\\\/markt\\\/produkt\\\/drive-devilbiss-healthcare-dusch-hocker-abgerundete-oberflaeche-mit-drehbarer-sitzflaeche\\\/#primaryimage\"},\"thumbnailUrl\":\"https:\\\/\\\/m.media-amazon.com\\\/images\\\/I\\\/41zhIvC0dgL._SL500_.jpg\",\"datePublished\":\"2021-09-26T14:21:06+00:00\",\"dateModified\":\"2023-04-08T23:36:05+00:00\",\"description\":\"Markt-XXL Drive DeVilbiss Healthcare Dusch-Hocker, abgerundete Oberfl\u00e4che, mit drehbarer Sitzfl\u00e4che\",\"breadcrumb\":{\"@id\":\"https:\\\/\\\/marktxxl.de\\\/markt\\\/produkt\\\/drive-devilbiss-healthcare-dusch-hocker-abgerundete-oberflaeche-mit-drehbarer-sitzflaeche\\\/#breadcrumb\"},\"inLanguage\":\"de\",\"potentialAction\":[{\"@type\":\"ReadAction\",\"target\":[\"https:\\\/\\\/marktxxl.de\\\/markt\\\/produkt\\\/drive-devilbiss-healthcare-dusch-hocker-abgerundete-oberflaeche-mit-drehbarer-sitzflaeche\\\/\"]}]},{\"@type\":\"ImageObject\",\"inLanguage\":\"de\",\"@id\":\"https:\\\/\\\/marktxxl.de\\\/markt\\\/produkt\\\/drive-devilbiss-healthcare-dusch-hocker-abgerundete-oberflaeche-mit-drehbarer-sitzflaeche\\\/#primaryimage\",\"url\":\"https:\\\/\\\/m.media-amazon.com\\\/images\\\/I\\\/41zhIvC0dgL._SL500_.jpg\",\"contentUrl\":\"https:\\\/\\\/m.media-amazon.com\\\/images\\\/I\\\/41zhIvC0dgL._SL500_.jpg\",\"width\":500,\"height\":500},{\"@type\":\"BreadcrumbList\",\"@id\":\"https:\\\/\\\/marktxxl.de\\\/markt\\\/produkt\\\/drive-devilbiss-healthcare-dusch-hocker-abgerundete-oberflaeche-mit-drehbarer-sitzflaeche\\\/#breadcrumb\",\"itemListElement\":[{\"@type\":\"ListItem\",\"position\":1,\"name\":\"Startseite\",\"item\":\"https:\\\/\\\/marktxxl.de\\\/markt\\\/\"},{\"@type\":\"ListItem\",\"position\":2,\"name\":\"Markt\",\"item\":\"https:\\\/\\\/marktxxl.de\\\/markt\\\/\"},{\"@type\":\"ListItem\",\"position\":3,\"name\":\"Drive DeVilbiss Healthcare Dusch-Hocker, abgerundete Oberfl\u00e4che, mit drehbarer Sitzfl\u00e4che\"}]},{\"@type\":\"WebSite\",\"@id\":\"https:\\\/\\\/marktxxl.de\\\/markt\\\/#website\",\"url\":\"https:\\\/\\\/marktxxl.de\\\/markt\\\/\",\"name\":\"Markt-XXL\",\"description\":\"Ihr Markt Online\",\"publisher\":{\"@id\":\"https:\\\/\\\/marktxxl.de\\\/markt\\\/#organization\"},\"potentialAction\":[{\"@type\":\"SearchAction\",\"target\":{\"@type\":\"EntryPoint\",\"urlTemplate\":\"https:\\\/\\\/marktxxl.de\\\/markt\\\/?s={search_term_string}\"},\"query-input\":{\"@type\":\"PropertyValueSpecification\",\"valueRequired\":true,\"valueName\":\"search_term_string\"}}],\"inLanguage\":\"de\"},{\"@type\":\"Organization\",\"@id\":\"https:\\\/\\\/marktxxl.de\\\/markt\\\/#organization\",\"name\":\"Markt-XXL\",\"url\":\"https:\\\/\\\/marktxxl.de\\\/markt\\\/\",\"logo\":{\"@type\":\"ImageObject\",\"inLanguage\":\"de\",\"@id\":\"https:\\\/\\\/marktxxl.de\\\/markt\\\/#\\\/schema\\\/logo\\\/image\\\/\",\"url\":\"https:\\\/\\\/marktxxl.de\\\/markt\\\/wp-content\\\/uploads\\\/sites\\\/3\\\/2020\\\/12\\\/logo.png\",\"contentUrl\":\"https:\\\/\\\/marktxxl.de\\\/markt\\\/wp-content\\\/uploads\\\/sites\\\/3\\\/2020\\\/12\\\/logo.png\",\"width\":200,\"height\":70,\"caption\":\"Markt-XXL\"},\"image\":{\"@id\":\"https:\\\/\\\/marktxxl.de\\\/markt\\\/#\\\/schema\\\/logo\\\/image\\\/\"}}]}<\/script>\n<!-- \/ Yoast SEO plugin. -->","yoast_head_json":{"title":"Drive DeVilbiss Healthcare Dusch-Hocker, abgerundete Oberfl\u00e4che, mit drehbarer Sitzfl\u00e4che - Markt-XXL","description":"Markt-XXL Drive DeVilbiss Healthcare Dusch-Hocker, abgerundete Oberfl\u00e4che, mit drehbarer Sitzfl\u00e4che","robots":{"index":"index","follow":"follow","max-snippet":"max-snippet:-1","max-image-preview":"max-image-preview:large","max-video-preview":"max-video-preview:-1"},"canonical":"https:\/\/marktxxl.de\/markt\/produkt\/drive-devilbiss-healthcare-dusch-hocker-abgerundete-oberflaeche-mit-drehbarer-sitzflaeche\/","og_locale":"de_DE","og_type":"article","og_title":"Drive DeVilbiss Healthcare Dusch-Hocker, abgerundete Oberfl\u00e4che, mit drehbarer Sitzfl\u00e4che - Markt-XXL","og_description":"Markt-XXL Drive DeVilbiss Healthcare Dusch-Hocker, abgerundete Oberfl\u00e4che, mit drehbarer Sitzfl\u00e4che","og_url":"https:\/\/marktxxl.de\/markt\/produkt\/drive-devilbiss-healthcare-dusch-hocker-abgerundete-oberflaeche-mit-drehbarer-sitzflaeche\/","og_site_name":"Markt-XXL","article_modified_time":"2023-04-08T23:36:05+00:00","og_image":[{"width":500,"height":500,"url":"https:\/\/m.media-amazon.com\/images\/I\/41zhIvC0dgL._SL500_.jpg","type":"image\/jpeg"}],"twitter_card":"summary_large_image","schema":{"@context":"https:\/\/schema.org","@graph":[{"@type":"WebPage","@id":"https:\/\/marktxxl.de\/markt\/produkt\/drive-devilbiss-healthcare-dusch-hocker-abgerundete-oberflaeche-mit-drehbarer-sitzflaeche\/","url":"https:\/\/marktxxl.de\/markt\/produkt\/drive-devilbiss-healthcare-dusch-hocker-abgerundete-oberflaeche-mit-drehbarer-sitzflaeche\/","name":"Drive DeVilbiss Healthcare Dusch-Hocker, abgerundete Oberfl\u00e4che, mit drehbarer Sitzfl\u00e4che - Markt-XXL","isPartOf":{"@id":"https:\/\/marktxxl.de\/markt\/#website"},"primaryImageOfPage":{"@id":"https:\/\/marktxxl.de\/markt\/produkt\/drive-devilbiss-healthcare-dusch-hocker-abgerundete-oberflaeche-mit-drehbarer-sitzflaeche\/#primaryimage"},"image":{"@id":"https:\/\/marktxxl.de\/markt\/produkt\/drive-devilbiss-healthcare-dusch-hocker-abgerundete-oberflaeche-mit-drehbarer-sitzflaeche\/#primaryimage"},"thumbnailUrl":"https:\/\/m.media-amazon.com\/images\/I\/41zhIvC0dgL._SL500_.jpg","datePublished":"2021-09-26T14:21:06+00:00","dateModified":"2023-04-08T23:36:05+00:00","description":"Markt-XXL Drive DeVilbiss Healthcare Dusch-Hocker, abgerundete Oberfl\u00e4che, mit drehbarer Sitzfl\u00e4che","breadcrumb":{"@id":"https:\/\/marktxxl.de\/markt\/produkt\/drive-devilbiss-healthcare-dusch-hocker-abgerundete-oberflaeche-mit-drehbarer-sitzflaeche\/#breadcrumb"},"inLanguage":"de","potentialAction":[{"@type":"ReadAction","target":["https:\/\/marktxxl.de\/markt\/produkt\/drive-devilbiss-healthcare-dusch-hocker-abgerundete-oberflaeche-mit-drehbarer-sitzflaeche\/"]}]},{"@type":"ImageObject","inLanguage":"de","@id":"https:\/\/marktxxl.de\/markt\/produkt\/drive-devilbiss-healthcare-dusch-hocker-abgerundete-oberflaeche-mit-drehbarer-sitzflaeche\/#primaryimage","url":"https:\/\/m.media-amazon.com\/images\/I\/41zhIvC0dgL._SL500_.jpg","contentUrl":"https:\/\/m.media-amazon.com\/images\/I\/41zhIvC0dgL._SL500_.jpg","width":500,"height":500},{"@type":"BreadcrumbList","@id":"https:\/\/marktxxl.de\/markt\/produkt\/drive-devilbiss-healthcare-dusch-hocker-abgerundete-oberflaeche-mit-drehbarer-sitzflaeche\/#breadcrumb","itemListElement":[{"@type":"ListItem","position":1,"name":"Startseite","item":"https:\/\/marktxxl.de\/markt\/"},{"@type":"ListItem","position":2,"name":"Markt","item":"https:\/\/marktxxl.de\/markt\/"},{"@type":"ListItem","position":3,"name":"Drive DeVilbiss Healthcare Dusch-Hocker, abgerundete Oberfl\u00e4che, mit drehbarer Sitzfl\u00e4che"}]},{"@type":"WebSite","@id":"https:\/\/marktxxl.de\/markt\/#website","url":"https:\/\/marktxxl.de\/markt\/","name":"Markt-XXL","description":"Ihr Markt Online","publisher":{"@id":"https:\/\/marktxxl.de\/markt\/#organization"},"potentialAction":[{"@type":"SearchAction","target":{"@type":"EntryPoint","urlTemplate":"https:\/\/marktxxl.de\/markt\/?s={search_term_string}"},"query-input":{"@type":"PropertyValueSpecification","valueRequired":true,"valueName":"search_term_string"}}],"inLanguage":"de"},{"@type":"Organization","@id":"https:\/\/marktxxl.de\/markt\/#organization","name":"Markt-XXL","url":"https:\/\/marktxxl.de\/markt\/","logo":{"@type":"ImageObject","inLanguage":"de","@id":"https:\/\/marktxxl.de\/markt\/#\/schema\/logo\/image\/","url":"https:\/\/marktxxl.de\/markt\/wp-content\/uploads\/sites\/3\/2020\/12\/logo.png","contentUrl":"https:\/\/marktxxl.de\/markt\/wp-content\/uploads\/sites\/3\/2020\/12\/logo.png","width":200,"height":70,"caption":"Markt-XXL"},"image":{"@id":"https:\/\/marktxxl.de\/markt\/#\/schema\/logo\/image\/"}}]}},"_links":{"self":[{"href":"https:\/\/marktxxl.de\/markt\/wp-json\/wp\/v2\/product\/45536","targetHints":{"allow":["GET"]}}],"collection":[{"href":"https:\/\/marktxxl.de\/markt\/wp-json\/wp\/v2\/product"}],"about":[{"href":"https:\/\/marktxxl.de\/markt\/wp-json\/wp\/v2\/types\/product"}],"replies":[{"embeddable":true,"href":"https:\/\/marktxxl.de\/markt\/wp-json\/wp\/v2\/comments?post=45536"}],"wp:featuredmedia":[{"embeddable":true,"href":"https:\/\/marktxxl.de\/markt\/wp-json\/wp\/v2\/media\/45537"}],"wp:attachment":[{"href":"https:\/\/marktxxl.de\/markt\/wp-json\/wp\/v2\/media?parent=45536"}],"wp:term":[{"taxonomy":"product_brand","embeddable":true,"href":"https:\/\/marktxxl.de\/markt\/wp-json\/wp\/v2\/product_brand?post=45536"},{"taxonomy":"product_cat","embeddable":true,"href":"https:\/\/marktxxl.de\/markt\/wp-json\/wp\/v2\/product_cat?post=45536"},{"taxonomy":"product_tag","embeddable":true,"href":"https:\/\/marktxxl.de\/markt\/wp-json\/wp\/v2\/product_tag?post=45536"}],"curies":[{"name":"wp","href":"https:\/\/api.w.org\/{rel}","templated":true}]}}