{"id":45500,"date":"2021-09-26T16:20:54","date_gmt":"2021-09-26T14:20:54","guid":{"rendered":"https:\/\/marktxxl.de\/markt\/produkt\/massagepistoledeep-tissue-30-geschwindigkeiten-muskel-massagegeraet-massage-gun2600mah-elektrische-handheld-massagegeraetfaszienpistole-mit-6-massagekoepfe-fuer-muskelschmerzen-relief\/"},"modified":"2023-04-09T01:36:04","modified_gmt":"2023-04-08T23:36:04","slug":"massagepistoledeep-tissue-30-geschwindigkeiten-muskel-massagegeraet-massage-gun2600mah-elektrische-handheld-massagegeraetfaszienpistole-mit-6-massagekoepfe-fuer-muskelschmerzen-relief","status":"publish","type":"product","link":"https:\/\/marktxxl.de\/markt\/produkt\/massagepistoledeep-tissue-30-geschwindigkeiten-muskel-massagegeraet-massage-gun2600mah-elektrische-handheld-massagegeraetfaszienpistole-mit-6-massagekoepfe-fuer-muskelschmerzen-relief\/","title":{"rendered":"Nanssigy Muskelmassagepistole, 30-fach einstellbares Pistolenmassageger\u00e4t mit LED-Anzeige, 6 Massagek\u00f6pfen und 2600-mAh\u2026"},"content":{"rendered":"<p>\u00e3\u20ac\ufffdTIEFENGEWEBE-SPORT-MASSAGEGER\u00c3\u201eT PISTOLE\u00e3\u20ac\u2018: Diese professionelle kabellose Handmassagepistole kann helfen, Muskelkater und Steifheit zu lindern, die Durchblutung zu f\u00c3rdern und die Erholung des K\u00c3rpers zu beschleunigen;Da unsere leistungsstarke Muskelmassagepistole Perkussionsphysiotherapie verwendet, die die allgemeine Gesundheit der menschlichen Weichteile verbessern und Entz\u00fcndungen verhindern kann, die durch Adh\u00e4sionen zwischen Faszien und Muskeln verursacht werden.geeignet f\u00fcr Spor<br \/>\n\u00e3\u20ac\ufffd30 EINSTELLBARE GESCHWINDIGKEITSSTUFEN &amp; LEISE MASSAGE\u00e3\u20ac\u2018: Diese elektrische Massage-Muskel-Faszien-Pistole hat 30 einstellbare Intensit\u00e4ts-Geschwindigkeitsstufen, die 6600rpm erreichen k\u00c3nnen.Adopt leistungsstarken 12V High-Torque-Motor und ger\u00e4uscharme Technologie, die hohe Leistung, aber ger\u00e4uscharme Erfahrung bringen(Noise\u00e2\u2030\u00a445dB).Sie k\u00c3nnen eine professionelle entspannende und leise Massage-Erfahrung jederzeit und \u00fcberall genie\u00c3\u0178en. (Sie k\u00c3nnen die Intensit\u00e4t nach Ihren Vorlieben<br \/>\n\u00e3\u20ac\ufffdLANGE ARBEITSZEIT &amp; LED TOUCHSCREEN\u00e3\u20ac\u2018: Unsere Muskel-Percussion-Massage-Pistole mit 2600mAh wiederaufladbare hochwertige Lithium-Batterie kann 4-6H arbeiten. AI Smart-Chip bieten Kurzschluss-Sicherheitsschutz, automatische Abschaltung nach 15 min, K\u00fchlsystem und Bel\u00fcftung Design, um \u00fcbersch\u00fcssige W\u00e4rme effektiv zu zerstreuen.Die K\u00c3rpermassage hat einen intelligenten LED-Touchscreen kann anzeigen, wie viel Batterieleistung und Massageintensit\u00e4t Geschwindigkeit, einfach zu lesen und zu<br \/>\n\u00e3\u20ac\ufffdPORTABLES &amp; KABELLOSES DESIGN\u00e3\u20ac\u2018: Der ergonomisch geformte Griff minimiert externe Vibrationen und der langlebige Griff macht es einfacher, das Physion Massageger\u00e4t zu halten. Kabelloses Design ist bequem f\u00fcr Sie zu verwenden und entspannen Sie sich zu Hause, B\u00fcro, gym.Comes mit USB-Ladekabel, laden Sie jederzeit und \u00fcberall.<br \/>\nInternational products have separate terms, are sold from abroad and may differ from local products, including fit, age ratings, and language of product, labeling or instructions.<br \/>\n<div class=\"main-cross-sell\" data-asin=\"B08PXTMNZJ\">\n\n\t<div class=\"WooZone-cross-sell-loader\">\n\t\t<div>\n\t\t\t<div id=\"floatingBarsG\">\n\t\t\t\t<div class=\"blockG\" id=\"rotateG_01\"><\/div>\n\t\t\t\t<div class=\"blockG\" id=\"rotateG_02\"><\/div>\n\t\t\t\t<div class=\"blockG\" id=\"rotateG_03\"><\/div>\n\t\t\t\t<div class=\"blockG\" id=\"rotateG_04\"><\/div>\n\t\t\t\t<div class=\"blockG\" id=\"rotateG_05\"><\/div>\n\t\t\t\t<div class=\"blockG\" id=\"rotateG_06\"><\/div>\n\t\t\t\t<div class=\"blockG\" id=\"rotateG_07\"><\/div>\n\t\t\t\t<div class=\"blockG\" id=\"rotateG_08\"><\/div>\n\t\t\t<\/div>\n\t\t\t<div class=\"WooZone-cross-sell-loader-text\"><\/div>\n\t\t<\/div>\n\t<\/div>\n\n\t\t\n<\/div>\n<div style=\"clear:both;\"><\/div><\/p>\n","protected":false},"excerpt":{"rendered":"<p>\u00e3\u20ac\ufffdTIEFENGEWEBE-SPORT-MASSAGEGER\u00c3\u201eT PISTOLE\u00e3\u20ac\u2018: Diese professionelle kabellose Handmassagepistole kann helfen, Muskelkater und Steifheit zu lindern, die Durchblutung zu f\u00c3rdern und die Erholung des K\u00c3rpers zu beschleunigen;Da unsere leistungsstarke Muskelmassagepistole Perkussionsphysiotherapie verwendet, die die allgemeine Gesundheit der menschlichen Weichteile verbessern und Entz\u00fcndungen verhindern kann, die durch Adh\u00e4sionen zwischen Faszien und Muskeln verursacht werden.geeignet f\u00fcr Spor<br \/>\n\u00e3\u20ac\ufffd30 EINSTELLBARE GESCHWINDIGKEITSSTUFEN &amp; LEISE MASSAGE\u00e3\u20ac\u2018: Diese elektrische Massage-Muskel-Faszien-Pistole hat 30 einstellbare Intensit\u00e4ts-Geschwindigkeitsstufen, die 6600rpm erreichen k\u00c3nnen.Adopt leistungsstarken 12V High-Torque-Motor und ger\u00e4uscharme Technologie, die hohe Leistung, aber ger\u00e4uscharme Erfahrung bringen(Noise\u00e2\u2030\u00a445dB).Sie k\u00c3nnen eine professionelle entspannende und leise Massage-Erfahrung jederzeit und \u00fcberall genie\u00c3\u0178en. (Sie k\u00c3nnen die Intensit\u00e4t nach Ihren Vorlieben<br \/>\n\u00e3\u20ac\ufffdLANGE ARBEITSZEIT &amp; LED TOUCHSCREEN\u00e3\u20ac\u2018: Unsere Muskel-Percussion-Massage-Pistole mit 2600mAh wiederaufladbare hochwertige Lithium-Batterie kann 4-6H arbeiten. AI Smart-Chip bieten Kurzschluss-Sicherheitsschutz, automatische Abschaltung nach 15 min, K\u00fchlsystem und Bel\u00fcftung Design, um \u00fcbersch\u00fcssige W\u00e4rme effektiv zu zerstreuen.Die K\u00c3rpermassage hat einen intelligenten LED-Touchscreen kann anzeigen, wie viel Batterieleistung und Massageintensit\u00e4t Geschwindigkeit, einfach zu lesen und zu<\/p>\n","protected":false},"featured_media":45501,"comment_status":"open","ping_status":"closed","template":"","meta":[],"product_brand":[],"product_cat":[566,6496],"product_tag":[],"class_list":{"0":"post-45500","1":"product","2":"type-product","3":"status-publish","4":"has-post-thumbnail","6":"product_cat-drogerie-koerperpflege","7":"product_cat-wellness","8":"pa_brand-nanssigy","9":"pa_height-2-1653543285-zoll","10":"pa_length-7-6771653465-zoll","11":"pa_manufacturer-nanssigy-home","12":"pa_model-jx-703","13":"pa_size-2600mah","14":"pa_width-7-086614166-zoll","16":"first","17":"instock","18":"shipping-taxable","19":"purchasable","20":"product-type-simple","21":"customify-col","22":"product-has-gallery"},"yoast_head":"<!-- This site is optimized with the Yoast SEO plugin v27.3 - https:\/\/yoast.com\/product\/yoast-seo-wordpress\/ -->\n<title>Nanssigy Muskelmassagepistole, 30-fach einstellbares Pistolenmassageger\u00e4t mit LED-Anzeige, 6 Massagek\u00f6pfen und 2600-mAh\u2026 - Markt-XXL<\/title>\n<meta name=\"description\" content=\"Markt-XXL Nanssigy Muskelmassagepistole, 30-fach einstellbares Pistolenmassageger\u00e4t mit LED-Anzeige, 6 Massagek\u00f6pfen und 2600-mAh\u2026\" \/>\n<meta name=\"robots\" content=\"index, follow, max-snippet:-1, max-image-preview:large, max-video-preview:-1\" \/>\n<link rel=\"canonical\" href=\"https:\/\/marktxxl.de\/markt\/produkt\/massagepistoledeep-tissue-30-geschwindigkeiten-muskel-massagegeraet-massage-gun2600mah-elektrische-handheld-massagegeraetfaszienpistole-mit-6-massagekoepfe-fuer-muskelschmerzen-relief\/\" \/>\n<meta property=\"og:locale\" content=\"de_DE\" \/>\n<meta property=\"og:type\" content=\"article\" \/>\n<meta property=\"og:title\" content=\"Nanssigy Muskelmassagepistole, 30-fach einstellbares Pistolenmassageger\u00e4t mit LED-Anzeige, 6 Massagek\u00f6pfen und 2600-mAh\u2026 - Markt-XXL\" \/>\n<meta property=\"og:description\" content=\"Markt-XXL Nanssigy Muskelmassagepistole, 30-fach einstellbares Pistolenmassageger\u00e4t mit LED-Anzeige, 6 Massagek\u00f6pfen und 2600-mAh\u2026\" \/>\n<meta property=\"og:url\" content=\"https:\/\/marktxxl.de\/markt\/produkt\/massagepistoledeep-tissue-30-geschwindigkeiten-muskel-massagegeraet-massage-gun2600mah-elektrische-handheld-massagegeraetfaszienpistole-mit-6-massagekoepfe-fuer-muskelschmerzen-relief\/\" \/>\n<meta property=\"og:site_name\" content=\"Markt-XXL\" \/>\n<meta property=\"article:modified_time\" content=\"2023-04-08T23:36:04+00:00\" \/>\n<meta property=\"og:image\" content=\"https:\/\/m.media-amazon.com\/images\/I\/411ridUDGRL._SL500_.jpg\" \/>\n\t<meta property=\"og:image:width\" content=\"500\" \/>\n\t<meta property=\"og:image:height\" content=\"500\" \/>\n\t<meta property=\"og:image:type\" content=\"image\/jpeg\" \/>\n<meta name=\"twitter:card\" content=\"summary_large_image\" \/>\n<meta name=\"twitter:label1\" content=\"Gesch\u00e4tzte Lesezeit\" \/>\n\t<meta name=\"twitter:data1\" content=\"1\u00a0Minute\" \/>\n<script type=\"application\/ld+json\" class=\"yoast-schema-graph\">{\"@context\":\"https:\\\/\\\/schema.org\",\"@graph\":[{\"@type\":\"WebPage\",\"@id\":\"https:\\\/\\\/marktxxl.de\\\/markt\\\/produkt\\\/massagepistoledeep-tissue-30-geschwindigkeiten-muskel-massagegeraet-massage-gun2600mah-elektrische-handheld-massagegeraetfaszienpistole-mit-6-massagekoepfe-fuer-muskelschmerzen-relief\\\/\",\"url\":\"https:\\\/\\\/marktxxl.de\\\/markt\\\/produkt\\\/massagepistoledeep-tissue-30-geschwindigkeiten-muskel-massagegeraet-massage-gun2600mah-elektrische-handheld-massagegeraetfaszienpistole-mit-6-massagekoepfe-fuer-muskelschmerzen-relief\\\/\",\"name\":\"Nanssigy Muskelmassagepistole, 30-fach einstellbares Pistolenmassageger\u00e4t mit LED-Anzeige, 6 Massagek\u00f6pfen und 2600-mAh\u2026 - Markt-XXL\",\"isPartOf\":{\"@id\":\"https:\\\/\\\/marktxxl.de\\\/markt\\\/#website\"},\"primaryImageOfPage\":{\"@id\":\"https:\\\/\\\/marktxxl.de\\\/markt\\\/produkt\\\/massagepistoledeep-tissue-30-geschwindigkeiten-muskel-massagegeraet-massage-gun2600mah-elektrische-handheld-massagegeraetfaszienpistole-mit-6-massagekoepfe-fuer-muskelschmerzen-relief\\\/#primaryimage\"},\"image\":{\"@id\":\"https:\\\/\\\/marktxxl.de\\\/markt\\\/produkt\\\/massagepistoledeep-tissue-30-geschwindigkeiten-muskel-massagegeraet-massage-gun2600mah-elektrische-handheld-massagegeraetfaszienpistole-mit-6-massagekoepfe-fuer-muskelschmerzen-relief\\\/#primaryimage\"},\"thumbnailUrl\":\"https:\\\/\\\/m.media-amazon.com\\\/images\\\/I\\\/411ridUDGRL._SL500_.jpg\",\"datePublished\":\"2021-09-26T14:20:54+00:00\",\"dateModified\":\"2023-04-08T23:36:04+00:00\",\"description\":\"Markt-XXL Nanssigy Muskelmassagepistole, 30-fach einstellbares Pistolenmassageger\u00e4t mit LED-Anzeige, 6 Massagek\u00f6pfen und 2600-mAh\u2026\",\"breadcrumb\":{\"@id\":\"https:\\\/\\\/marktxxl.de\\\/markt\\\/produkt\\\/massagepistoledeep-tissue-30-geschwindigkeiten-muskel-massagegeraet-massage-gun2600mah-elektrische-handheld-massagegeraetfaszienpistole-mit-6-massagekoepfe-fuer-muskelschmerzen-relief\\\/#breadcrumb\"},\"inLanguage\":\"de\",\"potentialAction\":[{\"@type\":\"ReadAction\",\"target\":[\"https:\\\/\\\/marktxxl.de\\\/markt\\\/produkt\\\/massagepistoledeep-tissue-30-geschwindigkeiten-muskel-massagegeraet-massage-gun2600mah-elektrische-handheld-massagegeraetfaszienpistole-mit-6-massagekoepfe-fuer-muskelschmerzen-relief\\\/\"]}]},{\"@type\":\"ImageObject\",\"inLanguage\":\"de\",\"@id\":\"https:\\\/\\\/marktxxl.de\\\/markt\\\/produkt\\\/massagepistoledeep-tissue-30-geschwindigkeiten-muskel-massagegeraet-massage-gun2600mah-elektrische-handheld-massagegeraetfaszienpistole-mit-6-massagekoepfe-fuer-muskelschmerzen-relief\\\/#primaryimage\",\"url\":\"https:\\\/\\\/m.media-amazon.com\\\/images\\\/I\\\/411ridUDGRL._SL500_.jpg\",\"contentUrl\":\"https:\\\/\\\/m.media-amazon.com\\\/images\\\/I\\\/411ridUDGRL._SL500_.jpg\",\"width\":500,\"height\":500},{\"@type\":\"BreadcrumbList\",\"@id\":\"https:\\\/\\\/marktxxl.de\\\/markt\\\/produkt\\\/massagepistoledeep-tissue-30-geschwindigkeiten-muskel-massagegeraet-massage-gun2600mah-elektrische-handheld-massagegeraetfaszienpistole-mit-6-massagekoepfe-fuer-muskelschmerzen-relief\\\/#breadcrumb\",\"itemListElement\":[{\"@type\":\"ListItem\",\"position\":1,\"name\":\"Startseite\",\"item\":\"https:\\\/\\\/marktxxl.de\\\/markt\\\/\"},{\"@type\":\"ListItem\",\"position\":2,\"name\":\"Markt\",\"item\":\"https:\\\/\\\/marktxxl.de\\\/markt\\\/\"},{\"@type\":\"ListItem\",\"position\":3,\"name\":\"Nanssigy Muskelmassagepistole, 30-fach einstellbares Pistolenmassageger\u00e4t mit LED-Anzeige, 6 Massagek\u00f6pfen und 2600-mAh\u2026\"}]},{\"@type\":\"WebSite\",\"@id\":\"https:\\\/\\\/marktxxl.de\\\/markt\\\/#website\",\"url\":\"https:\\\/\\\/marktxxl.de\\\/markt\\\/\",\"name\":\"Markt-XXL\",\"description\":\"Ihr Markt Online\",\"publisher\":{\"@id\":\"https:\\\/\\\/marktxxl.de\\\/markt\\\/#organization\"},\"potentialAction\":[{\"@type\":\"SearchAction\",\"target\":{\"@type\":\"EntryPoint\",\"urlTemplate\":\"https:\\\/\\\/marktxxl.de\\\/markt\\\/?s={search_term_string}\"},\"query-input\":{\"@type\":\"PropertyValueSpecification\",\"valueRequired\":true,\"valueName\":\"search_term_string\"}}],\"inLanguage\":\"de\"},{\"@type\":\"Organization\",\"@id\":\"https:\\\/\\\/marktxxl.de\\\/markt\\\/#organization\",\"name\":\"Markt-XXL\",\"url\":\"https:\\\/\\\/marktxxl.de\\\/markt\\\/\",\"logo\":{\"@type\":\"ImageObject\",\"inLanguage\":\"de\",\"@id\":\"https:\\\/\\\/marktxxl.de\\\/markt\\\/#\\\/schema\\\/logo\\\/image\\\/\",\"url\":\"https:\\\/\\\/marktxxl.de\\\/markt\\\/wp-content\\\/uploads\\\/sites\\\/3\\\/2020\\\/12\\\/logo.png\",\"contentUrl\":\"https:\\\/\\\/marktxxl.de\\\/markt\\\/wp-content\\\/uploads\\\/sites\\\/3\\\/2020\\\/12\\\/logo.png\",\"width\":200,\"height\":70,\"caption\":\"Markt-XXL\"},\"image\":{\"@id\":\"https:\\\/\\\/marktxxl.de\\\/markt\\\/#\\\/schema\\\/logo\\\/image\\\/\"}}]}<\/script>\n<!-- \/ Yoast SEO plugin. -->","yoast_head_json":{"title":"Nanssigy Muskelmassagepistole, 30-fach einstellbares Pistolenmassageger\u00e4t mit LED-Anzeige, 6 Massagek\u00f6pfen und 2600-mAh\u2026 - Markt-XXL","description":"Markt-XXL Nanssigy Muskelmassagepistole, 30-fach einstellbares Pistolenmassageger\u00e4t mit LED-Anzeige, 6 Massagek\u00f6pfen und 2600-mAh\u2026","robots":{"index":"index","follow":"follow","max-snippet":"max-snippet:-1","max-image-preview":"max-image-preview:large","max-video-preview":"max-video-preview:-1"},"canonical":"https:\/\/marktxxl.de\/markt\/produkt\/massagepistoledeep-tissue-30-geschwindigkeiten-muskel-massagegeraet-massage-gun2600mah-elektrische-handheld-massagegeraetfaszienpistole-mit-6-massagekoepfe-fuer-muskelschmerzen-relief\/","og_locale":"de_DE","og_type":"article","og_title":"Nanssigy Muskelmassagepistole, 30-fach einstellbares Pistolenmassageger\u00e4t mit LED-Anzeige, 6 Massagek\u00f6pfen und 2600-mAh\u2026 - Markt-XXL","og_description":"Markt-XXL Nanssigy Muskelmassagepistole, 30-fach einstellbares Pistolenmassageger\u00e4t mit LED-Anzeige, 6 Massagek\u00f6pfen und 2600-mAh\u2026","og_url":"https:\/\/marktxxl.de\/markt\/produkt\/massagepistoledeep-tissue-30-geschwindigkeiten-muskel-massagegeraet-massage-gun2600mah-elektrische-handheld-massagegeraetfaszienpistole-mit-6-massagekoepfe-fuer-muskelschmerzen-relief\/","og_site_name":"Markt-XXL","article_modified_time":"2023-04-08T23:36:04+00:00","og_image":[{"width":500,"height":500,"url":"https:\/\/m.media-amazon.com\/images\/I\/411ridUDGRL._SL500_.jpg","type":"image\/jpeg"}],"twitter_card":"summary_large_image","twitter_misc":{"Gesch\u00e4tzte Lesezeit":"1\u00a0Minute"},"schema":{"@context":"https:\/\/schema.org","@graph":[{"@type":"WebPage","@id":"https:\/\/marktxxl.de\/markt\/produkt\/massagepistoledeep-tissue-30-geschwindigkeiten-muskel-massagegeraet-massage-gun2600mah-elektrische-handheld-massagegeraetfaszienpistole-mit-6-massagekoepfe-fuer-muskelschmerzen-relief\/","url":"https:\/\/marktxxl.de\/markt\/produkt\/massagepistoledeep-tissue-30-geschwindigkeiten-muskel-massagegeraet-massage-gun2600mah-elektrische-handheld-massagegeraetfaszienpistole-mit-6-massagekoepfe-fuer-muskelschmerzen-relief\/","name":"Nanssigy Muskelmassagepistole, 30-fach einstellbares Pistolenmassageger\u00e4t mit LED-Anzeige, 6 Massagek\u00f6pfen und 2600-mAh\u2026 - Markt-XXL","isPartOf":{"@id":"https:\/\/marktxxl.de\/markt\/#website"},"primaryImageOfPage":{"@id":"https:\/\/marktxxl.de\/markt\/produkt\/massagepistoledeep-tissue-30-geschwindigkeiten-muskel-massagegeraet-massage-gun2600mah-elektrische-handheld-massagegeraetfaszienpistole-mit-6-massagekoepfe-fuer-muskelschmerzen-relief\/#primaryimage"},"image":{"@id":"https:\/\/marktxxl.de\/markt\/produkt\/massagepistoledeep-tissue-30-geschwindigkeiten-muskel-massagegeraet-massage-gun2600mah-elektrische-handheld-massagegeraetfaszienpistole-mit-6-massagekoepfe-fuer-muskelschmerzen-relief\/#primaryimage"},"thumbnailUrl":"https:\/\/m.media-amazon.com\/images\/I\/411ridUDGRL._SL500_.jpg","datePublished":"2021-09-26T14:20:54+00:00","dateModified":"2023-04-08T23:36:04+00:00","description":"Markt-XXL Nanssigy Muskelmassagepistole, 30-fach einstellbares Pistolenmassageger\u00e4t mit LED-Anzeige, 6 Massagek\u00f6pfen und 2600-mAh\u2026","breadcrumb":{"@id":"https:\/\/marktxxl.de\/markt\/produkt\/massagepistoledeep-tissue-30-geschwindigkeiten-muskel-massagegeraet-massage-gun2600mah-elektrische-handheld-massagegeraetfaszienpistole-mit-6-massagekoepfe-fuer-muskelschmerzen-relief\/#breadcrumb"},"inLanguage":"de","potentialAction":[{"@type":"ReadAction","target":["https:\/\/marktxxl.de\/markt\/produkt\/massagepistoledeep-tissue-30-geschwindigkeiten-muskel-massagegeraet-massage-gun2600mah-elektrische-handheld-massagegeraetfaszienpistole-mit-6-massagekoepfe-fuer-muskelschmerzen-relief\/"]}]},{"@type":"ImageObject","inLanguage":"de","@id":"https:\/\/marktxxl.de\/markt\/produkt\/massagepistoledeep-tissue-30-geschwindigkeiten-muskel-massagegeraet-massage-gun2600mah-elektrische-handheld-massagegeraetfaszienpistole-mit-6-massagekoepfe-fuer-muskelschmerzen-relief\/#primaryimage","url":"https:\/\/m.media-amazon.com\/images\/I\/411ridUDGRL._SL500_.jpg","contentUrl":"https:\/\/m.media-amazon.com\/images\/I\/411ridUDGRL._SL500_.jpg","width":500,"height":500},{"@type":"BreadcrumbList","@id":"https:\/\/marktxxl.de\/markt\/produkt\/massagepistoledeep-tissue-30-geschwindigkeiten-muskel-massagegeraet-massage-gun2600mah-elektrische-handheld-massagegeraetfaszienpistole-mit-6-massagekoepfe-fuer-muskelschmerzen-relief\/#breadcrumb","itemListElement":[{"@type":"ListItem","position":1,"name":"Startseite","item":"https:\/\/marktxxl.de\/markt\/"},{"@type":"ListItem","position":2,"name":"Markt","item":"https:\/\/marktxxl.de\/markt\/"},{"@type":"ListItem","position":3,"name":"Nanssigy Muskelmassagepistole, 30-fach einstellbares Pistolenmassageger\u00e4t mit LED-Anzeige, 6 Massagek\u00f6pfen und 2600-mAh\u2026"}]},{"@type":"WebSite","@id":"https:\/\/marktxxl.de\/markt\/#website","url":"https:\/\/marktxxl.de\/markt\/","name":"Markt-XXL","description":"Ihr Markt Online","publisher":{"@id":"https:\/\/marktxxl.de\/markt\/#organization"},"potentialAction":[{"@type":"SearchAction","target":{"@type":"EntryPoint","urlTemplate":"https:\/\/marktxxl.de\/markt\/?s={search_term_string}"},"query-input":{"@type":"PropertyValueSpecification","valueRequired":true,"valueName":"search_term_string"}}],"inLanguage":"de"},{"@type":"Organization","@id":"https:\/\/marktxxl.de\/markt\/#organization","name":"Markt-XXL","url":"https:\/\/marktxxl.de\/markt\/","logo":{"@type":"ImageObject","inLanguage":"de","@id":"https:\/\/marktxxl.de\/markt\/#\/schema\/logo\/image\/","url":"https:\/\/marktxxl.de\/markt\/wp-content\/uploads\/sites\/3\/2020\/12\/logo.png","contentUrl":"https:\/\/marktxxl.de\/markt\/wp-content\/uploads\/sites\/3\/2020\/12\/logo.png","width":200,"height":70,"caption":"Markt-XXL"},"image":{"@id":"https:\/\/marktxxl.de\/markt\/#\/schema\/logo\/image\/"}}]}},"_links":{"self":[{"href":"https:\/\/marktxxl.de\/markt\/wp-json\/wp\/v2\/product\/45500","targetHints":{"allow":["GET"]}}],"collection":[{"href":"https:\/\/marktxxl.de\/markt\/wp-json\/wp\/v2\/product"}],"about":[{"href":"https:\/\/marktxxl.de\/markt\/wp-json\/wp\/v2\/types\/product"}],"replies":[{"embeddable":true,"href":"https:\/\/marktxxl.de\/markt\/wp-json\/wp\/v2\/comments?post=45500"}],"wp:featuredmedia":[{"embeddable":true,"href":"https:\/\/marktxxl.de\/markt\/wp-json\/wp\/v2\/media\/45501"}],"wp:attachment":[{"href":"https:\/\/marktxxl.de\/markt\/wp-json\/wp\/v2\/media?parent=45500"}],"wp:term":[{"taxonomy":"product_brand","embeddable":true,"href":"https:\/\/marktxxl.de\/markt\/wp-json\/wp\/v2\/product_brand?post=45500"},{"taxonomy":"product_cat","embeddable":true,"href":"https:\/\/marktxxl.de\/markt\/wp-json\/wp\/v2\/product_cat?post=45500"},{"taxonomy":"product_tag","embeddable":true,"href":"https:\/\/marktxxl.de\/markt\/wp-json\/wp\/v2\/product_tag?post=45500"}],"curies":[{"name":"wp","href":"https:\/\/api.w.org\/{rel}","templated":true}]}}