{"id":45434,"date":"2021-09-26T16:20:24","date_gmt":"2021-09-26T14:20:24","guid":{"rendered":"https:\/\/marktxxl.de\/markt\/produkt\/aroma-outfitters-aetherisches-oel-box-holzaufbewahrungskoffer-haelt-35-flaschen-und-hohen-roller-ball-pine-wood-oele-organizer-freie-eo-labels-schaumstoffpolster-natuerlich\/"},"modified":"2023-04-09T01:36:02","modified_gmt":"2023-04-08T23:36:02","slug":"aroma-outfitters-aetherisches-oel-box-holzaufbewahrungskoffer-haelt-35-flaschen-und-hohen-roller-ball-pine-wood-oele-organizer-freie-eo-labels-schaumstoffpolster-natuerlich","status":"publish","type":"product","link":"https:\/\/marktxxl.de\/markt\/produkt\/aroma-outfitters-aetherisches-oel-box-holzaufbewahrungskoffer-haelt-35-flaschen-und-hohen-roller-ball-pine-wood-oele-organizer-freie-eo-labels-schaumstoffpolster-natuerlich\/","title":{"rendered":"Aroma Outfitters \u00c4therisches \u00d6l Box &#8211; Holzaufbewahrungskoffer H\u00e4lt 35 Flaschen und hohen Roller Ball. Pine Wood \u00d6le\u2026"},"content":{"rendered":"<p>JA! JETZT EIN GROSSER PREIS BOX TALL genug, um Ihre ROLLER FLASCHEN ZU HALTEN: Sch\u00fctzt 35 Flaschen. Fits 5ml, 15ml, 1 Unze 30ml &amp; 10ml Rollen. Bonus Herausnehmbare Schaumstoffpolsterung h\u00e4lt \u00d6le w\u00e4hrend des Transports sichern. FREE \u00e4therisches \u00d6l Flaschendeckel Aufkleber enthalten. MASSE: 10.50\u201d L x W x 7,50 H 4,00<br \/>\nHandwerkliche Qualit\u00e4t und Vielseitigkeit: Neuseeland Pine Wood Tragetasche ist gro\u00df genug, um Ihre Tropfer Tops zu passen. CONFIGURABLE Leicht Lamellen um Platz zu schaffen f\u00fcr gr\u00f6\u00dfere Gegenst\u00e4nde, wie beispielsweise Nachschlagewerken, DRAMs, Mischungen entfernen oder Flaschen spr\u00fchen. Perfekt f\u00fcr Ihre \u00d6le in der K\u00fcche, Bad, Arbeitsplatte oder Nachtschr\u00e4nkchen anzeigt.<br \/>\nUPGRADED HINGES, FREE herausnehmbar Pads &amp; LABELS: Deckel entworfen bei 90 Grad zu bleiben offen nicht Tresen oder Tisch Platz. Klotzen sichert \u00d6le &amp; Roll Ons w\u00e4hrend des Transports. Inklusive Flasche Top-Labels.<br \/>\nIdeal f\u00fcr Reisen, die Kabine und mehr !: Halter bietet eine einzigartige und unvergessliche Art und Weise Ihre \u00d6le anzuzeigen. Halter gr\u00f6\u00dfere Flaschen mit Tropfer, Tr\u00e4ger-Sticks und vieles mehr!<br \/>\n100 Geld zur\u00fcck Garantie: Lebenslange Garantie auf Material- und Verarbeitungsfehler. Kontaktieren Sie uns direkt zu jeder Zeit durch Kopieren \/ Einf\u00fcgen diesen Link in Ihren Browser: http:\/\/amzn.to\/2ujNWAk &amp; sicher sein, unter allen unseren SPECIALS zu sehen!<br \/>\n<div class=\"main-cross-sell\" data-asin=\"B071L1VN79\">\n\n\t<div class=\"WooZone-cross-sell-loader\">\n\t\t<div>\n\t\t\t<div id=\"floatingBarsG\">\n\t\t\t\t<div class=\"blockG\" id=\"rotateG_01\"><\/div>\n\t\t\t\t<div class=\"blockG\" id=\"rotateG_02\"><\/div>\n\t\t\t\t<div class=\"blockG\" id=\"rotateG_03\"><\/div>\n\t\t\t\t<div class=\"blockG\" id=\"rotateG_04\"><\/div>\n\t\t\t\t<div class=\"blockG\" id=\"rotateG_05\"><\/div>\n\t\t\t\t<div class=\"blockG\" id=\"rotateG_06\"><\/div>\n\t\t\t\t<div class=\"blockG\" id=\"rotateG_07\"><\/div>\n\t\t\t\t<div class=\"blockG\" id=\"rotateG_08\"><\/div>\n\t\t\t<\/div>\n\t\t\t<div class=\"WooZone-cross-sell-loader-text\"><\/div>\n\t\t<\/div>\n\t<\/div>\n\n\t\t\n<\/div>\n<div style=\"clear:both;\"><\/div><\/p>\n","protected":false},"excerpt":{"rendered":"<p>JA! JETZT EIN GROSSER PREIS BOX TALL genug, um Ihre ROLLER FLASCHEN ZU HALTEN: Sch\u00fctzt 35 Flaschen. Fits 5ml, 15ml, 1 Unze 30ml &amp; 10ml Rollen. Bonus Herausnehmbare Schaumstoffpolsterung h\u00e4lt \u00d6le w\u00e4hrend des Transports sichern. FREE \u00e4therisches \u00d6l Flaschendeckel Aufkleber enthalten. MASSE: 10.50\u201d L x W x 7,50 H 4,00<br \/>\nHandwerkliche Qualit\u00e4t und Vielseitigkeit: Neuseeland Pine Wood Tragetasche ist gro\u00df genug, um Ihre Tropfer Tops zu passen. CONFIGURABLE Leicht Lamellen um Platz zu schaffen f\u00fcr gr\u00f6\u00dfere Gegenst\u00e4nde, wie beispielsweise Nachschlagewerken, DRAMs, Mischungen entfernen oder Flaschen spr\u00fchen. Perfekt f\u00fcr Ihre \u00d6le in der K\u00fcche, Bad, Arbeitsplatte oder Nachtschr\u00e4nkchen anzeigt.<br \/>\nUPGRADED HINGES, FREE herausnehmbar Pads &amp; LABELS: Deckel entworfen bei 90 Grad zu bleiben offen nicht Tresen oder Tisch Platz. Klotzen sichert \u00d6le &amp; Roll Ons w\u00e4hrend des Transports. Inklusive Flasche Top-Labels.<\/p>\n","protected":false},"featured_media":45435,"comment_status":"open","ping_status":"closed","template":"","meta":[],"product_brand":[],"product_cat":[566,6496],"product_tag":[],"class_list":{"0":"post-45434","1":"product","2":"type-product","3":"status-publish","4":"has-post-thumbnail","6":"product_cat-drogerie-koerperpflege","7":"product_cat-wellness","8":"pa_binding-badartikel","9":"pa_brand-aroma-outfitters","10":"pa_color-natuerlich","11":"pa_height-4-zoll","12":"pa_length-10-5-zoll","13":"pa_manufacturer-aroma-outfitters","14":"pa_weight-2-2-pfund","15":"pa_width-7-5-zoll","17":"first","18":"instock","19":"shipping-taxable","20":"purchasable","21":"product-type-simple","22":"customify-col","23":"product-has-gallery"},"yoast_head":"<!-- This site is optimized with the Yoast SEO plugin v27.4 - https:\/\/yoast.com\/product\/yoast-seo-wordpress\/ -->\n<title>Aroma Outfitters \u00c4therisches \u00d6l Box - Holzaufbewahrungskoffer H\u00e4lt 35 Flaschen und hohen Roller Ball. Pine Wood \u00d6le\u2026 - Markt-XXL<\/title>\n<meta name=\"description\" content=\"Markt-XXL Aroma Outfitters \u00c4therisches \u00d6l Box - Holzaufbewahrungskoffer H\u00e4lt 35 Flaschen und hohen Roller Ball. Pine Wood \u00d6le\u2026\" \/>\n<meta name=\"robots\" content=\"index, follow, max-snippet:-1, max-image-preview:large, max-video-preview:-1\" \/>\n<link rel=\"canonical\" href=\"https:\/\/marktxxl.de\/markt\/produkt\/aroma-outfitters-aetherisches-oel-box-holzaufbewahrungskoffer-haelt-35-flaschen-und-hohen-roller-ball-pine-wood-oele-organizer-freie-eo-labels-schaumstoffpolster-natuerlich\/\" \/>\n<meta property=\"og:locale\" content=\"de_DE\" \/>\n<meta property=\"og:type\" content=\"article\" \/>\n<meta property=\"og:title\" content=\"Aroma Outfitters \u00c4therisches \u00d6l Box - Holzaufbewahrungskoffer H\u00e4lt 35 Flaschen und hohen Roller Ball. Pine Wood \u00d6le\u2026 - Markt-XXL\" \/>\n<meta property=\"og:description\" content=\"Markt-XXL Aroma Outfitters \u00c4therisches \u00d6l Box - Holzaufbewahrungskoffer H\u00e4lt 35 Flaschen und hohen Roller Ball. Pine Wood \u00d6le\u2026\" \/>\n<meta property=\"og:url\" content=\"https:\/\/marktxxl.de\/markt\/produkt\/aroma-outfitters-aetherisches-oel-box-holzaufbewahrungskoffer-haelt-35-flaschen-und-hohen-roller-ball-pine-wood-oele-organizer-freie-eo-labels-schaumstoffpolster-natuerlich\/\" \/>\n<meta property=\"og:site_name\" content=\"Markt-XXL\" \/>\n<meta property=\"article:modified_time\" content=\"2023-04-08T23:36:02+00:00\" \/>\n<meta property=\"og:image\" content=\"https:\/\/m.media-amazon.com\/images\/I\/41qKQit5wML._SL500_.jpg\" \/>\n\t<meta property=\"og:image:width\" content=\"315\" \/>\n\t<meta property=\"og:image:height\" content=\"320\" \/>\n\t<meta property=\"og:image:type\" content=\"image\/jpeg\" \/>\n<meta name=\"twitter:card\" content=\"summary_large_image\" \/>\n<meta name=\"twitter:label1\" content=\"Gesch\u00e4tzte Lesezeit\" \/>\n\t<meta name=\"twitter:data1\" content=\"1\u00a0Minute\" \/>\n<script type=\"application\/ld+json\" class=\"yoast-schema-graph\">{\"@context\":\"https:\\\/\\\/schema.org\",\"@graph\":[{\"@type\":\"WebPage\",\"@id\":\"https:\\\/\\\/marktxxl.de\\\/markt\\\/produkt\\\/aroma-outfitters-aetherisches-oel-box-holzaufbewahrungskoffer-haelt-35-flaschen-und-hohen-roller-ball-pine-wood-oele-organizer-freie-eo-labels-schaumstoffpolster-natuerlich\\\/\",\"url\":\"https:\\\/\\\/marktxxl.de\\\/markt\\\/produkt\\\/aroma-outfitters-aetherisches-oel-box-holzaufbewahrungskoffer-haelt-35-flaschen-und-hohen-roller-ball-pine-wood-oele-organizer-freie-eo-labels-schaumstoffpolster-natuerlich\\\/\",\"name\":\"Aroma Outfitters \u00c4therisches \u00d6l Box - Holzaufbewahrungskoffer H\u00e4lt 35 Flaschen und hohen Roller Ball. Pine Wood \u00d6le\u2026 - Markt-XXL\",\"isPartOf\":{\"@id\":\"https:\\\/\\\/marktxxl.de\\\/markt\\\/#website\"},\"primaryImageOfPage\":{\"@id\":\"https:\\\/\\\/marktxxl.de\\\/markt\\\/produkt\\\/aroma-outfitters-aetherisches-oel-box-holzaufbewahrungskoffer-haelt-35-flaschen-und-hohen-roller-ball-pine-wood-oele-organizer-freie-eo-labels-schaumstoffpolster-natuerlich\\\/#primaryimage\"},\"image\":{\"@id\":\"https:\\\/\\\/marktxxl.de\\\/markt\\\/produkt\\\/aroma-outfitters-aetherisches-oel-box-holzaufbewahrungskoffer-haelt-35-flaschen-und-hohen-roller-ball-pine-wood-oele-organizer-freie-eo-labels-schaumstoffpolster-natuerlich\\\/#primaryimage\"},\"thumbnailUrl\":\"https:\\\/\\\/m.media-amazon.com\\\/images\\\/I\\\/41qKQit5wML._SL500_.jpg\",\"datePublished\":\"2021-09-26T14:20:24+00:00\",\"dateModified\":\"2023-04-08T23:36:02+00:00\",\"description\":\"Markt-XXL Aroma Outfitters \u00c4therisches \u00d6l Box - Holzaufbewahrungskoffer H\u00e4lt 35 Flaschen und hohen Roller Ball. Pine Wood \u00d6le\u2026\",\"breadcrumb\":{\"@id\":\"https:\\\/\\\/marktxxl.de\\\/markt\\\/produkt\\\/aroma-outfitters-aetherisches-oel-box-holzaufbewahrungskoffer-haelt-35-flaschen-und-hohen-roller-ball-pine-wood-oele-organizer-freie-eo-labels-schaumstoffpolster-natuerlich\\\/#breadcrumb\"},\"inLanguage\":\"de\",\"potentialAction\":[{\"@type\":\"ReadAction\",\"target\":[\"https:\\\/\\\/marktxxl.de\\\/markt\\\/produkt\\\/aroma-outfitters-aetherisches-oel-box-holzaufbewahrungskoffer-haelt-35-flaschen-und-hohen-roller-ball-pine-wood-oele-organizer-freie-eo-labels-schaumstoffpolster-natuerlich\\\/\"]}]},{\"@type\":\"ImageObject\",\"inLanguage\":\"de\",\"@id\":\"https:\\\/\\\/marktxxl.de\\\/markt\\\/produkt\\\/aroma-outfitters-aetherisches-oel-box-holzaufbewahrungskoffer-haelt-35-flaschen-und-hohen-roller-ball-pine-wood-oele-organizer-freie-eo-labels-schaumstoffpolster-natuerlich\\\/#primaryimage\",\"url\":\"https:\\\/\\\/m.media-amazon.com\\\/images\\\/I\\\/41qKQit5wML._SL500_.jpg\",\"contentUrl\":\"https:\\\/\\\/m.media-amazon.com\\\/images\\\/I\\\/41qKQit5wML._SL500_.jpg\",\"width\":315,\"height\":320},{\"@type\":\"BreadcrumbList\",\"@id\":\"https:\\\/\\\/marktxxl.de\\\/markt\\\/produkt\\\/aroma-outfitters-aetherisches-oel-box-holzaufbewahrungskoffer-haelt-35-flaschen-und-hohen-roller-ball-pine-wood-oele-organizer-freie-eo-labels-schaumstoffpolster-natuerlich\\\/#breadcrumb\",\"itemListElement\":[{\"@type\":\"ListItem\",\"position\":1,\"name\":\"Startseite\",\"item\":\"https:\\\/\\\/marktxxl.de\\\/markt\\\/\"},{\"@type\":\"ListItem\",\"position\":2,\"name\":\"Markt\",\"item\":\"https:\\\/\\\/marktxxl.de\\\/markt\\\/\"},{\"@type\":\"ListItem\",\"position\":3,\"name\":\"Aroma Outfitters \u00c4therisches \u00d6l Box &#8211; Holzaufbewahrungskoffer H\u00e4lt 35 Flaschen und hohen Roller Ball. Pine Wood \u00d6le\u2026\"}]},{\"@type\":\"WebSite\",\"@id\":\"https:\\\/\\\/marktxxl.de\\\/markt\\\/#website\",\"url\":\"https:\\\/\\\/marktxxl.de\\\/markt\\\/\",\"name\":\"Markt-XXL\",\"description\":\"Ihr Markt Online\",\"publisher\":{\"@id\":\"https:\\\/\\\/marktxxl.de\\\/markt\\\/#organization\"},\"potentialAction\":[{\"@type\":\"SearchAction\",\"target\":{\"@type\":\"EntryPoint\",\"urlTemplate\":\"https:\\\/\\\/marktxxl.de\\\/markt\\\/?s={search_term_string}\"},\"query-input\":{\"@type\":\"PropertyValueSpecification\",\"valueRequired\":true,\"valueName\":\"search_term_string\"}}],\"inLanguage\":\"de\"},{\"@type\":\"Organization\",\"@id\":\"https:\\\/\\\/marktxxl.de\\\/markt\\\/#organization\",\"name\":\"Markt-XXL\",\"url\":\"https:\\\/\\\/marktxxl.de\\\/markt\\\/\",\"logo\":{\"@type\":\"ImageObject\",\"inLanguage\":\"de\",\"@id\":\"https:\\\/\\\/marktxxl.de\\\/markt\\\/#\\\/schema\\\/logo\\\/image\\\/\",\"url\":\"https:\\\/\\\/marktxxl.de\\\/markt\\\/wp-content\\\/uploads\\\/sites\\\/3\\\/2020\\\/12\\\/logo.png\",\"contentUrl\":\"https:\\\/\\\/marktxxl.de\\\/markt\\\/wp-content\\\/uploads\\\/sites\\\/3\\\/2020\\\/12\\\/logo.png\",\"width\":200,\"height\":70,\"caption\":\"Markt-XXL\"},\"image\":{\"@id\":\"https:\\\/\\\/marktxxl.de\\\/markt\\\/#\\\/schema\\\/logo\\\/image\\\/\"}}]}<\/script>\n<!-- \/ Yoast SEO plugin. -->","yoast_head_json":{"title":"Aroma Outfitters \u00c4therisches \u00d6l Box - Holzaufbewahrungskoffer H\u00e4lt 35 Flaschen und hohen Roller Ball. Pine Wood \u00d6le\u2026 - Markt-XXL","description":"Markt-XXL Aroma Outfitters \u00c4therisches \u00d6l Box - Holzaufbewahrungskoffer H\u00e4lt 35 Flaschen und hohen Roller Ball. Pine Wood \u00d6le\u2026","robots":{"index":"index","follow":"follow","max-snippet":"max-snippet:-1","max-image-preview":"max-image-preview:large","max-video-preview":"max-video-preview:-1"},"canonical":"https:\/\/marktxxl.de\/markt\/produkt\/aroma-outfitters-aetherisches-oel-box-holzaufbewahrungskoffer-haelt-35-flaschen-und-hohen-roller-ball-pine-wood-oele-organizer-freie-eo-labels-schaumstoffpolster-natuerlich\/","og_locale":"de_DE","og_type":"article","og_title":"Aroma Outfitters \u00c4therisches \u00d6l Box - Holzaufbewahrungskoffer H\u00e4lt 35 Flaschen und hohen Roller Ball. Pine Wood \u00d6le\u2026 - Markt-XXL","og_description":"Markt-XXL Aroma Outfitters \u00c4therisches \u00d6l Box - Holzaufbewahrungskoffer H\u00e4lt 35 Flaschen und hohen Roller Ball. Pine Wood \u00d6le\u2026","og_url":"https:\/\/marktxxl.de\/markt\/produkt\/aroma-outfitters-aetherisches-oel-box-holzaufbewahrungskoffer-haelt-35-flaschen-und-hohen-roller-ball-pine-wood-oele-organizer-freie-eo-labels-schaumstoffpolster-natuerlich\/","og_site_name":"Markt-XXL","article_modified_time":"2023-04-08T23:36:02+00:00","og_image":[{"width":315,"height":320,"url":"https:\/\/m.media-amazon.com\/images\/I\/41qKQit5wML._SL500_.jpg","type":"image\/jpeg"}],"twitter_card":"summary_large_image","twitter_misc":{"Gesch\u00e4tzte Lesezeit":"1\u00a0Minute"},"schema":{"@context":"https:\/\/schema.org","@graph":[{"@type":"WebPage","@id":"https:\/\/marktxxl.de\/markt\/produkt\/aroma-outfitters-aetherisches-oel-box-holzaufbewahrungskoffer-haelt-35-flaschen-und-hohen-roller-ball-pine-wood-oele-organizer-freie-eo-labels-schaumstoffpolster-natuerlich\/","url":"https:\/\/marktxxl.de\/markt\/produkt\/aroma-outfitters-aetherisches-oel-box-holzaufbewahrungskoffer-haelt-35-flaschen-und-hohen-roller-ball-pine-wood-oele-organizer-freie-eo-labels-schaumstoffpolster-natuerlich\/","name":"Aroma Outfitters \u00c4therisches \u00d6l Box - Holzaufbewahrungskoffer H\u00e4lt 35 Flaschen und hohen Roller Ball. Pine Wood \u00d6le\u2026 - Markt-XXL","isPartOf":{"@id":"https:\/\/marktxxl.de\/markt\/#website"},"primaryImageOfPage":{"@id":"https:\/\/marktxxl.de\/markt\/produkt\/aroma-outfitters-aetherisches-oel-box-holzaufbewahrungskoffer-haelt-35-flaschen-und-hohen-roller-ball-pine-wood-oele-organizer-freie-eo-labels-schaumstoffpolster-natuerlich\/#primaryimage"},"image":{"@id":"https:\/\/marktxxl.de\/markt\/produkt\/aroma-outfitters-aetherisches-oel-box-holzaufbewahrungskoffer-haelt-35-flaschen-und-hohen-roller-ball-pine-wood-oele-organizer-freie-eo-labels-schaumstoffpolster-natuerlich\/#primaryimage"},"thumbnailUrl":"https:\/\/m.media-amazon.com\/images\/I\/41qKQit5wML._SL500_.jpg","datePublished":"2021-09-26T14:20:24+00:00","dateModified":"2023-04-08T23:36:02+00:00","description":"Markt-XXL Aroma Outfitters \u00c4therisches \u00d6l Box - Holzaufbewahrungskoffer H\u00e4lt 35 Flaschen und hohen Roller Ball. Pine Wood \u00d6le\u2026","breadcrumb":{"@id":"https:\/\/marktxxl.de\/markt\/produkt\/aroma-outfitters-aetherisches-oel-box-holzaufbewahrungskoffer-haelt-35-flaschen-und-hohen-roller-ball-pine-wood-oele-organizer-freie-eo-labels-schaumstoffpolster-natuerlich\/#breadcrumb"},"inLanguage":"de","potentialAction":[{"@type":"ReadAction","target":["https:\/\/marktxxl.de\/markt\/produkt\/aroma-outfitters-aetherisches-oel-box-holzaufbewahrungskoffer-haelt-35-flaschen-und-hohen-roller-ball-pine-wood-oele-organizer-freie-eo-labels-schaumstoffpolster-natuerlich\/"]}]},{"@type":"ImageObject","inLanguage":"de","@id":"https:\/\/marktxxl.de\/markt\/produkt\/aroma-outfitters-aetherisches-oel-box-holzaufbewahrungskoffer-haelt-35-flaschen-und-hohen-roller-ball-pine-wood-oele-organizer-freie-eo-labels-schaumstoffpolster-natuerlich\/#primaryimage","url":"https:\/\/m.media-amazon.com\/images\/I\/41qKQit5wML._SL500_.jpg","contentUrl":"https:\/\/m.media-amazon.com\/images\/I\/41qKQit5wML._SL500_.jpg","width":315,"height":320},{"@type":"BreadcrumbList","@id":"https:\/\/marktxxl.de\/markt\/produkt\/aroma-outfitters-aetherisches-oel-box-holzaufbewahrungskoffer-haelt-35-flaschen-und-hohen-roller-ball-pine-wood-oele-organizer-freie-eo-labels-schaumstoffpolster-natuerlich\/#breadcrumb","itemListElement":[{"@type":"ListItem","position":1,"name":"Startseite","item":"https:\/\/marktxxl.de\/markt\/"},{"@type":"ListItem","position":2,"name":"Markt","item":"https:\/\/marktxxl.de\/markt\/"},{"@type":"ListItem","position":3,"name":"Aroma Outfitters \u00c4therisches \u00d6l Box &#8211; Holzaufbewahrungskoffer H\u00e4lt 35 Flaschen und hohen Roller Ball. Pine Wood \u00d6le\u2026"}]},{"@type":"WebSite","@id":"https:\/\/marktxxl.de\/markt\/#website","url":"https:\/\/marktxxl.de\/markt\/","name":"Markt-XXL","description":"Ihr Markt Online","publisher":{"@id":"https:\/\/marktxxl.de\/markt\/#organization"},"potentialAction":[{"@type":"SearchAction","target":{"@type":"EntryPoint","urlTemplate":"https:\/\/marktxxl.de\/markt\/?s={search_term_string}"},"query-input":{"@type":"PropertyValueSpecification","valueRequired":true,"valueName":"search_term_string"}}],"inLanguage":"de"},{"@type":"Organization","@id":"https:\/\/marktxxl.de\/markt\/#organization","name":"Markt-XXL","url":"https:\/\/marktxxl.de\/markt\/","logo":{"@type":"ImageObject","inLanguage":"de","@id":"https:\/\/marktxxl.de\/markt\/#\/schema\/logo\/image\/","url":"https:\/\/marktxxl.de\/markt\/wp-content\/uploads\/sites\/3\/2020\/12\/logo.png","contentUrl":"https:\/\/marktxxl.de\/markt\/wp-content\/uploads\/sites\/3\/2020\/12\/logo.png","width":200,"height":70,"caption":"Markt-XXL"},"image":{"@id":"https:\/\/marktxxl.de\/markt\/#\/schema\/logo\/image\/"}}]}},"_links":{"self":[{"href":"https:\/\/marktxxl.de\/markt\/wp-json\/wp\/v2\/product\/45434","targetHints":{"allow":["GET"]}}],"collection":[{"href":"https:\/\/marktxxl.de\/markt\/wp-json\/wp\/v2\/product"}],"about":[{"href":"https:\/\/marktxxl.de\/markt\/wp-json\/wp\/v2\/types\/product"}],"replies":[{"embeddable":true,"href":"https:\/\/marktxxl.de\/markt\/wp-json\/wp\/v2\/comments?post=45434"}],"wp:featuredmedia":[{"embeddable":true,"href":"https:\/\/marktxxl.de\/markt\/wp-json\/wp\/v2\/media\/45435"}],"wp:attachment":[{"href":"https:\/\/marktxxl.de\/markt\/wp-json\/wp\/v2\/media?parent=45434"}],"wp:term":[{"taxonomy":"product_brand","embeddable":true,"href":"https:\/\/marktxxl.de\/markt\/wp-json\/wp\/v2\/product_brand?post=45434"},{"taxonomy":"product_cat","embeddable":true,"href":"https:\/\/marktxxl.de\/markt\/wp-json\/wp\/v2\/product_cat?post=45434"},{"taxonomy":"product_tag","embeddable":true,"href":"https:\/\/marktxxl.de\/markt\/wp-json\/wp\/v2\/product_tag?post=45434"}],"curies":[{"name":"wp","href":"https:\/\/api.w.org\/{rel}","templated":true}]}}