{"id":45301,"date":"2021-09-26T16:17:57","date_gmt":"2021-09-26T14:17:57","guid":{"rendered":"https:\/\/marktxxl.de\/markt\/produkt\/plantrition-vitamin-k2-mk7-tropfen-vegan-100-%c2%b5g-pro-portion-600-tropfen-vitamin-k2-oel-natuerliches-menaquinon-mk-7-99-all-trans-k2vital-1-flasche-20ml\/"},"modified":"2023-04-11T02:04:21","modified_gmt":"2023-04-11T00:04:21","slug":"plantrition-vitamin-k2-mk7-tropfen-vegan-100-%c2%b5g-pro-portion-600-tropfen-vitamin-k2-oel-natuerliches-menaquinon-mk-7-99-all-trans-k2vital-1-flasche-20ml","status":"publish","type":"product","link":"https:\/\/marktxxl.de\/markt\/produkt\/plantrition-vitamin-k2-mk7-tropfen-vegan-100-%c2%b5g-pro-portion-600-tropfen-vitamin-k2-oel-natuerliches-menaquinon-mk-7-99-all-trans-k2vital-1-flasche-20ml\/","title":{"rendered":"plantrition Vitamin K2 Mk7 Tropfen Vegan (100 \u00b5g pro Portion) 600 Tropfen Vitamin K2 \u00d6l Nat\u00fcrliches Menaquinon MK-7 99\u2026"},"content":{"rendered":"<p>\u2705Vitamin K2 Mk7 Tropfen mit 20 mcg (20 \u00b5g) pro Tropfen mit hochwertigem MCT \u00d6l auf Kokosbasis. Vitamin K2 \u00d6l mit 600 Tropfen in einer hochwertigen Glasflasche inkl Pipette aus Naturkautschuk<br \/>\n\u2705K2 Mk7 Tropfen neben einigen anderen Formen von Vitamin K ist Vitamin K2 aus Menachinon 7 (MK-7) die nat\u00fcrliche und gleichzeitig hochwertigste Vitamin K Quelle. 99+% All-Trans Menaquinon 7 aus Fermentation &#8211; MK7<br \/>\n\u2705WIRKUNG Vitamin K2 von Plantrition: Tr\u00e4gt zur Erhaltung normaler Knochen und normaler Blutgerinnung bei<br \/>\n\u2705BESSERE BIOVERF\u00dcGBARKEIT: Das nat\u00fcrliche Vitamin K2 Tropfen von Plantrition wird in einem besonderen Verfahren in MCT \u00d6l (Kokosbasis) gel\u00f6st und kann so besser vom K\u00f6rper aufgenommen werden.<br \/>\n\u2705PREMIUM QUALIT\u00c4T &amp; 100% ZUFRIEDENHEITSGARANTIE. F\u00fcr Vegetarier, Veganer und Allergiker geeignet, frei von tierischen Inhaltsstoffen, Glutenfrei, Laktosefrei. Unser Vitamin K2 Mk7 wird in Deutschland nach h\u00f6chsten Qualit\u00e4tsstandards produziert (GMP, ISO 9001, HACCP)<br \/>\n<div class=\"main-cross-sell\" data-asin=\"B06WGPGMC1\">\n\n\t<div class=\"WooZone-cross-sell-loader\">\n\t\t<div>\n\t\t\t<div id=\"floatingBarsG\">\n\t\t\t\t<div class=\"blockG\" id=\"rotateG_01\"><\/div>\n\t\t\t\t<div class=\"blockG\" id=\"rotateG_02\"><\/div>\n\t\t\t\t<div class=\"blockG\" id=\"rotateG_03\"><\/div>\n\t\t\t\t<div class=\"blockG\" id=\"rotateG_04\"><\/div>\n\t\t\t\t<div class=\"blockG\" id=\"rotateG_05\"><\/div>\n\t\t\t\t<div class=\"blockG\" id=\"rotateG_06\"><\/div>\n\t\t\t\t<div class=\"blockG\" id=\"rotateG_07\"><\/div>\n\t\t\t\t<div class=\"blockG\" id=\"rotateG_08\"><\/div>\n\t\t\t<\/div>\n\t\t\t<div class=\"WooZone-cross-sell-loader-text\"><\/div>\n\t\t<\/div>\n\t<\/div>\n\n\t\t\n<\/div>\n<div style=\"clear:both;\"><\/div><\/p>\n","protected":false},"excerpt":{"rendered":"<p>\u2705Vitamin K2 Mk7 Tropfen mit 20 mcg (20 \u00b5g) pro Tropfen mit hochwertigem MCT \u00d6l auf Kokosbasis. Vitamin K2 \u00d6l mit 600 Tropfen in einer hochwertigen Glasflasche inkl Pipette aus Naturkautschuk<br \/>\n\u2705K2 Mk7 Tropfen neben einigen anderen Formen von Vitamin K ist Vitamin K2 aus Menachinon 7 (MK-7) die nat\u00fcrliche und gleichzeitig hochwertigste Vitamin K Quelle. 99+% All-Trans Menaquinon 7 aus Fermentation &#8211; MK7<br \/>\n\u2705WIRKUNG Vitamin K2 von Plantrition: Tr\u00e4gt zur Erhaltung normaler Knochen und normaler Blutgerinnung bei<\/p>\n","protected":false},"featured_media":45302,"comment_status":"open","ping_status":"closed","template":"","meta":[],"product_brand":[],"product_cat":[566,6375],"product_tag":[],"class_list":{"0":"post-45301","1":"product","2":"type-product","3":"status-publish","4":"has-post-thumbnail","6":"product_cat-drogerie-koerperpflege","7":"product_cat-vitamine-mineralien-ergaenzungsmittel","8":"pa_binding-unbekannter-einband","9":"pa_brand-plantrition","10":"pa_color-transparent","11":"pa_languages-unbekannt-deutsch","12":"pa_manufacturer-plantrition","13":"pa_model-nahrungsergaenzungsmittel-mit-vitamin-k2","14":"pa_size-20-ml-1er-pack","16":"first","17":"instock","18":"shipping-taxable","19":"purchasable","20":"product-type-simple","21":"customify-col","22":"product-has-gallery"},"yoast_head":"<!-- This site is optimized with the Yoast SEO plugin v27.4 - https:\/\/yoast.com\/product\/yoast-seo-wordpress\/ -->\n<title>plantrition Vitamin K2 Mk7 Tropfen Vegan (100 \u00b5g pro Portion) 600 Tropfen Vitamin K2 \u00d6l Nat\u00fcrliches Menaquinon MK-7 99\u2026 - Markt-XXL<\/title>\n<meta name=\"description\" content=\"Markt-XXL plantrition Vitamin K2 Mk7 Tropfen Vegan (100 \u00b5g pro Portion) 600 Tropfen Vitamin K2 \u00d6l Nat\u00fcrliches Menaquinon MK-7 99\u2026\" \/>\n<meta name=\"robots\" content=\"index, follow, max-snippet:-1, max-image-preview:large, max-video-preview:-1\" \/>\n<link rel=\"canonical\" href=\"https:\/\/marktxxl.de\/markt\/produkt\/plantrition-vitamin-k2-mk7-tropfen-vegan-100-\u00b5g-pro-portion-600-tropfen-vitamin-k2-oel-natuerliches-menaquinon-mk-7-99-all-trans-k2vital-1-flasche-20ml\/\" \/>\n<meta property=\"og:locale\" content=\"de_DE\" \/>\n<meta property=\"og:type\" content=\"article\" \/>\n<meta property=\"og:title\" content=\"plantrition Vitamin K2 Mk7 Tropfen Vegan (100 \u00b5g pro Portion) 600 Tropfen Vitamin K2 \u00d6l Nat\u00fcrliches Menaquinon MK-7 99\u2026 - Markt-XXL\" \/>\n<meta property=\"og:description\" content=\"Markt-XXL plantrition Vitamin K2 Mk7 Tropfen Vegan (100 \u00b5g pro Portion) 600 Tropfen Vitamin K2 \u00d6l Nat\u00fcrliches Menaquinon MK-7 99\u2026\" \/>\n<meta property=\"og:url\" content=\"https:\/\/marktxxl.de\/markt\/produkt\/plantrition-vitamin-k2-mk7-tropfen-vegan-100-\u00b5g-pro-portion-600-tropfen-vitamin-k2-oel-natuerliches-menaquinon-mk-7-99-all-trans-k2vital-1-flasche-20ml\/\" \/>\n<meta property=\"og:site_name\" content=\"Markt-XXL\" \/>\n<meta property=\"article:modified_time\" content=\"2023-04-11T00:04:21+00:00\" \/>\n<meta property=\"og:image\" content=\"https:\/\/m.media-amazon.com\/images\/I\/4199BP74GkL._SL500_.jpg\" \/>\n\t<meta property=\"og:image:width\" content=\"264\" \/>\n\t<meta property=\"og:image:height\" content=\"500\" \/>\n\t<meta property=\"og:image:type\" content=\"image\/jpeg\" \/>\n<meta name=\"twitter:card\" content=\"summary_large_image\" \/>\n<meta name=\"twitter:label1\" content=\"Gesch\u00e4tzte Lesezeit\" \/>\n\t<meta name=\"twitter:data1\" content=\"1\u00a0Minute\" \/>\n<script type=\"application\/ld+json\" class=\"yoast-schema-graph\">{\"@context\":\"https:\\\/\\\/schema.org\",\"@graph\":[{\"@type\":\"WebPage\",\"@id\":\"https:\\\/\\\/marktxxl.de\\\/markt\\\/produkt\\\/plantrition-vitamin-k2-mk7-tropfen-vegan-100-%c2%b5g-pro-portion-600-tropfen-vitamin-k2-oel-natuerliches-menaquinon-mk-7-99-all-trans-k2vital-1-flasche-20ml\\\/\",\"url\":\"https:\\\/\\\/marktxxl.de\\\/markt\\\/produkt\\\/plantrition-vitamin-k2-mk7-tropfen-vegan-100-%c2%b5g-pro-portion-600-tropfen-vitamin-k2-oel-natuerliches-menaquinon-mk-7-99-all-trans-k2vital-1-flasche-20ml\\\/\",\"name\":\"plantrition Vitamin K2 Mk7 Tropfen Vegan (100 \u00b5g pro Portion) 600 Tropfen Vitamin K2 \u00d6l Nat\u00fcrliches Menaquinon MK-7 99\u2026 - Markt-XXL\",\"isPartOf\":{\"@id\":\"https:\\\/\\\/marktxxl.de\\\/markt\\\/#website\"},\"primaryImageOfPage\":{\"@id\":\"https:\\\/\\\/marktxxl.de\\\/markt\\\/produkt\\\/plantrition-vitamin-k2-mk7-tropfen-vegan-100-%c2%b5g-pro-portion-600-tropfen-vitamin-k2-oel-natuerliches-menaquinon-mk-7-99-all-trans-k2vital-1-flasche-20ml\\\/#primaryimage\"},\"image\":{\"@id\":\"https:\\\/\\\/marktxxl.de\\\/markt\\\/produkt\\\/plantrition-vitamin-k2-mk7-tropfen-vegan-100-%c2%b5g-pro-portion-600-tropfen-vitamin-k2-oel-natuerliches-menaquinon-mk-7-99-all-trans-k2vital-1-flasche-20ml\\\/#primaryimage\"},\"thumbnailUrl\":\"https:\\\/\\\/m.media-amazon.com\\\/images\\\/I\\\/4199BP74GkL._SL500_.jpg\",\"datePublished\":\"2021-09-26T14:17:57+00:00\",\"dateModified\":\"2023-04-11T00:04:21+00:00\",\"description\":\"Markt-XXL plantrition Vitamin K2 Mk7 Tropfen Vegan (100 \u00b5g pro Portion) 600 Tropfen Vitamin K2 \u00d6l Nat\u00fcrliches Menaquinon MK-7 99\u2026\",\"breadcrumb\":{\"@id\":\"https:\\\/\\\/marktxxl.de\\\/markt\\\/produkt\\\/plantrition-vitamin-k2-mk7-tropfen-vegan-100-%c2%b5g-pro-portion-600-tropfen-vitamin-k2-oel-natuerliches-menaquinon-mk-7-99-all-trans-k2vital-1-flasche-20ml\\\/#breadcrumb\"},\"inLanguage\":\"de\",\"potentialAction\":[{\"@type\":\"ReadAction\",\"target\":[\"https:\\\/\\\/marktxxl.de\\\/markt\\\/produkt\\\/plantrition-vitamin-k2-mk7-tropfen-vegan-100-%c2%b5g-pro-portion-600-tropfen-vitamin-k2-oel-natuerliches-menaquinon-mk-7-99-all-trans-k2vital-1-flasche-20ml\\\/\"]}]},{\"@type\":\"ImageObject\",\"inLanguage\":\"de\",\"@id\":\"https:\\\/\\\/marktxxl.de\\\/markt\\\/produkt\\\/plantrition-vitamin-k2-mk7-tropfen-vegan-100-%c2%b5g-pro-portion-600-tropfen-vitamin-k2-oel-natuerliches-menaquinon-mk-7-99-all-trans-k2vital-1-flasche-20ml\\\/#primaryimage\",\"url\":\"https:\\\/\\\/m.media-amazon.com\\\/images\\\/I\\\/4199BP74GkL._SL500_.jpg\",\"contentUrl\":\"https:\\\/\\\/m.media-amazon.com\\\/images\\\/I\\\/4199BP74GkL._SL500_.jpg\",\"width\":264,\"height\":500},{\"@type\":\"BreadcrumbList\",\"@id\":\"https:\\\/\\\/marktxxl.de\\\/markt\\\/produkt\\\/plantrition-vitamin-k2-mk7-tropfen-vegan-100-%c2%b5g-pro-portion-600-tropfen-vitamin-k2-oel-natuerliches-menaquinon-mk-7-99-all-trans-k2vital-1-flasche-20ml\\\/#breadcrumb\",\"itemListElement\":[{\"@type\":\"ListItem\",\"position\":1,\"name\":\"Startseite\",\"item\":\"https:\\\/\\\/marktxxl.de\\\/markt\\\/\"},{\"@type\":\"ListItem\",\"position\":2,\"name\":\"Markt\",\"item\":\"https:\\\/\\\/marktxxl.de\\\/markt\\\/\"},{\"@type\":\"ListItem\",\"position\":3,\"name\":\"plantrition Vitamin K2 Mk7 Tropfen Vegan (100 \u00b5g pro Portion) 600 Tropfen Vitamin K2 \u00d6l Nat\u00fcrliches Menaquinon MK-7 99\u2026\"}]},{\"@type\":\"WebSite\",\"@id\":\"https:\\\/\\\/marktxxl.de\\\/markt\\\/#website\",\"url\":\"https:\\\/\\\/marktxxl.de\\\/markt\\\/\",\"name\":\"Markt-XXL\",\"description\":\"Ihr Markt Online\",\"publisher\":{\"@id\":\"https:\\\/\\\/marktxxl.de\\\/markt\\\/#organization\"},\"potentialAction\":[{\"@type\":\"SearchAction\",\"target\":{\"@type\":\"EntryPoint\",\"urlTemplate\":\"https:\\\/\\\/marktxxl.de\\\/markt\\\/?s={search_term_string}\"},\"query-input\":{\"@type\":\"PropertyValueSpecification\",\"valueRequired\":true,\"valueName\":\"search_term_string\"}}],\"inLanguage\":\"de\"},{\"@type\":\"Organization\",\"@id\":\"https:\\\/\\\/marktxxl.de\\\/markt\\\/#organization\",\"name\":\"Markt-XXL\",\"url\":\"https:\\\/\\\/marktxxl.de\\\/markt\\\/\",\"logo\":{\"@type\":\"ImageObject\",\"inLanguage\":\"de\",\"@id\":\"https:\\\/\\\/marktxxl.de\\\/markt\\\/#\\\/schema\\\/logo\\\/image\\\/\",\"url\":\"https:\\\/\\\/marktxxl.de\\\/markt\\\/wp-content\\\/uploads\\\/sites\\\/3\\\/2020\\\/12\\\/logo.png\",\"contentUrl\":\"https:\\\/\\\/marktxxl.de\\\/markt\\\/wp-content\\\/uploads\\\/sites\\\/3\\\/2020\\\/12\\\/logo.png\",\"width\":200,\"height\":70,\"caption\":\"Markt-XXL\"},\"image\":{\"@id\":\"https:\\\/\\\/marktxxl.de\\\/markt\\\/#\\\/schema\\\/logo\\\/image\\\/\"}}]}<\/script>\n<!-- \/ Yoast SEO plugin. -->","yoast_head_json":{"title":"plantrition Vitamin K2 Mk7 Tropfen Vegan (100 \u00b5g pro Portion) 600 Tropfen Vitamin K2 \u00d6l Nat\u00fcrliches Menaquinon MK-7 99\u2026 - Markt-XXL","description":"Markt-XXL plantrition Vitamin K2 Mk7 Tropfen Vegan (100 \u00b5g pro Portion) 600 Tropfen Vitamin K2 \u00d6l Nat\u00fcrliches Menaquinon MK-7 99\u2026","robots":{"index":"index","follow":"follow","max-snippet":"max-snippet:-1","max-image-preview":"max-image-preview:large","max-video-preview":"max-video-preview:-1"},"canonical":"https:\/\/marktxxl.de\/markt\/produkt\/plantrition-vitamin-k2-mk7-tropfen-vegan-100-\u00b5g-pro-portion-600-tropfen-vitamin-k2-oel-natuerliches-menaquinon-mk-7-99-all-trans-k2vital-1-flasche-20ml\/","og_locale":"de_DE","og_type":"article","og_title":"plantrition Vitamin K2 Mk7 Tropfen Vegan (100 \u00b5g pro Portion) 600 Tropfen Vitamin K2 \u00d6l Nat\u00fcrliches Menaquinon MK-7 99\u2026 - Markt-XXL","og_description":"Markt-XXL plantrition Vitamin K2 Mk7 Tropfen Vegan (100 \u00b5g pro Portion) 600 Tropfen Vitamin K2 \u00d6l Nat\u00fcrliches Menaquinon MK-7 99\u2026","og_url":"https:\/\/marktxxl.de\/markt\/produkt\/plantrition-vitamin-k2-mk7-tropfen-vegan-100-\u00b5g-pro-portion-600-tropfen-vitamin-k2-oel-natuerliches-menaquinon-mk-7-99-all-trans-k2vital-1-flasche-20ml\/","og_site_name":"Markt-XXL","article_modified_time":"2023-04-11T00:04:21+00:00","og_image":[{"width":264,"height":500,"url":"https:\/\/m.media-amazon.com\/images\/I\/4199BP74GkL._SL500_.jpg","type":"image\/jpeg"}],"twitter_card":"summary_large_image","twitter_misc":{"Gesch\u00e4tzte Lesezeit":"1\u00a0Minute"},"schema":{"@context":"https:\/\/schema.org","@graph":[{"@type":"WebPage","@id":"https:\/\/marktxxl.de\/markt\/produkt\/plantrition-vitamin-k2-mk7-tropfen-vegan-100-%c2%b5g-pro-portion-600-tropfen-vitamin-k2-oel-natuerliches-menaquinon-mk-7-99-all-trans-k2vital-1-flasche-20ml\/","url":"https:\/\/marktxxl.de\/markt\/produkt\/plantrition-vitamin-k2-mk7-tropfen-vegan-100-%c2%b5g-pro-portion-600-tropfen-vitamin-k2-oel-natuerliches-menaquinon-mk-7-99-all-trans-k2vital-1-flasche-20ml\/","name":"plantrition Vitamin K2 Mk7 Tropfen Vegan (100 \u00b5g pro Portion) 600 Tropfen Vitamin K2 \u00d6l Nat\u00fcrliches Menaquinon MK-7 99\u2026 - Markt-XXL","isPartOf":{"@id":"https:\/\/marktxxl.de\/markt\/#website"},"primaryImageOfPage":{"@id":"https:\/\/marktxxl.de\/markt\/produkt\/plantrition-vitamin-k2-mk7-tropfen-vegan-100-%c2%b5g-pro-portion-600-tropfen-vitamin-k2-oel-natuerliches-menaquinon-mk-7-99-all-trans-k2vital-1-flasche-20ml\/#primaryimage"},"image":{"@id":"https:\/\/marktxxl.de\/markt\/produkt\/plantrition-vitamin-k2-mk7-tropfen-vegan-100-%c2%b5g-pro-portion-600-tropfen-vitamin-k2-oel-natuerliches-menaquinon-mk-7-99-all-trans-k2vital-1-flasche-20ml\/#primaryimage"},"thumbnailUrl":"https:\/\/m.media-amazon.com\/images\/I\/4199BP74GkL._SL500_.jpg","datePublished":"2021-09-26T14:17:57+00:00","dateModified":"2023-04-11T00:04:21+00:00","description":"Markt-XXL plantrition Vitamin K2 Mk7 Tropfen Vegan (100 \u00b5g pro Portion) 600 Tropfen Vitamin K2 \u00d6l Nat\u00fcrliches Menaquinon MK-7 99\u2026","breadcrumb":{"@id":"https:\/\/marktxxl.de\/markt\/produkt\/plantrition-vitamin-k2-mk7-tropfen-vegan-100-%c2%b5g-pro-portion-600-tropfen-vitamin-k2-oel-natuerliches-menaquinon-mk-7-99-all-trans-k2vital-1-flasche-20ml\/#breadcrumb"},"inLanguage":"de","potentialAction":[{"@type":"ReadAction","target":["https:\/\/marktxxl.de\/markt\/produkt\/plantrition-vitamin-k2-mk7-tropfen-vegan-100-%c2%b5g-pro-portion-600-tropfen-vitamin-k2-oel-natuerliches-menaquinon-mk-7-99-all-trans-k2vital-1-flasche-20ml\/"]}]},{"@type":"ImageObject","inLanguage":"de","@id":"https:\/\/marktxxl.de\/markt\/produkt\/plantrition-vitamin-k2-mk7-tropfen-vegan-100-%c2%b5g-pro-portion-600-tropfen-vitamin-k2-oel-natuerliches-menaquinon-mk-7-99-all-trans-k2vital-1-flasche-20ml\/#primaryimage","url":"https:\/\/m.media-amazon.com\/images\/I\/4199BP74GkL._SL500_.jpg","contentUrl":"https:\/\/m.media-amazon.com\/images\/I\/4199BP74GkL._SL500_.jpg","width":264,"height":500},{"@type":"BreadcrumbList","@id":"https:\/\/marktxxl.de\/markt\/produkt\/plantrition-vitamin-k2-mk7-tropfen-vegan-100-%c2%b5g-pro-portion-600-tropfen-vitamin-k2-oel-natuerliches-menaquinon-mk-7-99-all-trans-k2vital-1-flasche-20ml\/#breadcrumb","itemListElement":[{"@type":"ListItem","position":1,"name":"Startseite","item":"https:\/\/marktxxl.de\/markt\/"},{"@type":"ListItem","position":2,"name":"Markt","item":"https:\/\/marktxxl.de\/markt\/"},{"@type":"ListItem","position":3,"name":"plantrition Vitamin K2 Mk7 Tropfen Vegan (100 \u00b5g pro Portion) 600 Tropfen Vitamin K2 \u00d6l Nat\u00fcrliches Menaquinon MK-7 99\u2026"}]},{"@type":"WebSite","@id":"https:\/\/marktxxl.de\/markt\/#website","url":"https:\/\/marktxxl.de\/markt\/","name":"Markt-XXL","description":"Ihr Markt Online","publisher":{"@id":"https:\/\/marktxxl.de\/markt\/#organization"},"potentialAction":[{"@type":"SearchAction","target":{"@type":"EntryPoint","urlTemplate":"https:\/\/marktxxl.de\/markt\/?s={search_term_string}"},"query-input":{"@type":"PropertyValueSpecification","valueRequired":true,"valueName":"search_term_string"}}],"inLanguage":"de"},{"@type":"Organization","@id":"https:\/\/marktxxl.de\/markt\/#organization","name":"Markt-XXL","url":"https:\/\/marktxxl.de\/markt\/","logo":{"@type":"ImageObject","inLanguage":"de","@id":"https:\/\/marktxxl.de\/markt\/#\/schema\/logo\/image\/","url":"https:\/\/marktxxl.de\/markt\/wp-content\/uploads\/sites\/3\/2020\/12\/logo.png","contentUrl":"https:\/\/marktxxl.de\/markt\/wp-content\/uploads\/sites\/3\/2020\/12\/logo.png","width":200,"height":70,"caption":"Markt-XXL"},"image":{"@id":"https:\/\/marktxxl.de\/markt\/#\/schema\/logo\/image\/"}}]}},"_links":{"self":[{"href":"https:\/\/marktxxl.de\/markt\/wp-json\/wp\/v2\/product\/45301","targetHints":{"allow":["GET"]}}],"collection":[{"href":"https:\/\/marktxxl.de\/markt\/wp-json\/wp\/v2\/product"}],"about":[{"href":"https:\/\/marktxxl.de\/markt\/wp-json\/wp\/v2\/types\/product"}],"replies":[{"embeddable":true,"href":"https:\/\/marktxxl.de\/markt\/wp-json\/wp\/v2\/comments?post=45301"}],"wp:featuredmedia":[{"embeddable":true,"href":"https:\/\/marktxxl.de\/markt\/wp-json\/wp\/v2\/media\/45302"}],"wp:attachment":[{"href":"https:\/\/marktxxl.de\/markt\/wp-json\/wp\/v2\/media?parent=45301"}],"wp:term":[{"taxonomy":"product_brand","embeddable":true,"href":"https:\/\/marktxxl.de\/markt\/wp-json\/wp\/v2\/product_brand?post=45301"},{"taxonomy":"product_cat","embeddable":true,"href":"https:\/\/marktxxl.de\/markt\/wp-json\/wp\/v2\/product_cat?post=45301"},{"taxonomy":"product_tag","embeddable":true,"href":"https:\/\/marktxxl.de\/markt\/wp-json\/wp\/v2\/product_tag?post=45301"}],"curies":[{"name":"wp","href":"https:\/\/api.w.org\/{rel}","templated":true}]}}