{"id":45190,"date":"2021-09-26T16:17:26","date_gmt":"2021-09-26T14:17:26","guid":{"rendered":"https:\/\/marktxxl.de\/markt\/produkt\/folsaeure-abz-5-mg-tabletten-bei-folsaeuremangel-100-st-tabletten\/"},"modified":"2023-04-11T02:04:20","modified_gmt":"2023-04-11T00:04:20","slug":"folsaeure-abz-5-mg-tabletten-bei-folsaeuremangel-100-st-tabletten","status":"publish","type":"product","link":"https:\/\/marktxxl.de\/markt\/produkt\/folsaeure-abz-5-mg-tabletten-bei-folsaeuremangel-100-st-tabletten\/","title":{"rendered":"Fols\u00e4ure AbZ 5 mg Tabletten: Gut versorgt bei Fols\u00e4ure-Mangel, 100 Tabletten"},"content":{"rendered":"<p>Wirkstoff: Fols\u00e4ure<br \/>\nbei Mangel an Fols\u00e4ure<br \/>\nTabletten zum Einnehmen<br \/>\napothekenpflichtiges Arzneimittel (PZN: 01234562) Zu Risiken und Nebenwirkungen lesen Sie die Packungsbeilage und fragen Sie Ihren Arzt oder Apotheker.<br \/>\nHersteller: AbZ-Pharma GmbH, Deutschland (Originalprodukt)<br \/>\n<div class=\"main-cross-sell\" data-asin=\"B00ELJ00W4\">\n\n\t<div class=\"WooZone-cross-sell-loader\">\n\t\t<div>\n\t\t\t<div id=\"floatingBarsG\">\n\t\t\t\t<div class=\"blockG\" id=\"rotateG_01\"><\/div>\n\t\t\t\t<div class=\"blockG\" id=\"rotateG_02\"><\/div>\n\t\t\t\t<div class=\"blockG\" id=\"rotateG_03\"><\/div>\n\t\t\t\t<div class=\"blockG\" id=\"rotateG_04\"><\/div>\n\t\t\t\t<div class=\"blockG\" id=\"rotateG_05\"><\/div>\n\t\t\t\t<div class=\"blockG\" id=\"rotateG_06\"><\/div>\n\t\t\t\t<div class=\"blockG\" id=\"rotateG_07\"><\/div>\n\t\t\t\t<div class=\"blockG\" id=\"rotateG_08\"><\/div>\n\t\t\t<\/div>\n\t\t\t<div class=\"WooZone-cross-sell-loader-text\"><\/div>\n\t\t<\/div>\n\t<\/div>\n\n\t\t\n<\/div>\n<div style=\"clear:both;\"><\/div><\/p>\n","protected":false},"excerpt":{"rendered":"<p>Wirkstoff: Fols\u00e4ure<br \/>\nbei Mangel an Fols\u00e4ure<br \/>\nTabletten zum Einnehmen<\/p>\n","protected":false},"featured_media":45191,"comment_status":"open","ping_status":"closed","template":"","meta":[],"product_brand":[],"product_cat":[566,6375],"product_tag":[],"class_list":{"0":"post-45190","1":"product","2":"type-product","3":"status-publish","4":"has-post-thumbnail","6":"product_cat-drogerie-koerperpflege","7":"product_cat-vitamine-mineralien-ergaenzungsmittel","8":"pa_binding-badartikel","9":"pa_brand-folsaeure","10":"pa_height-1-181102361-zoll","11":"pa_languages-unbekannt-deutsch","12":"pa_length-3-149606296-zoll","13":"pa_manufacturer-abz-pharma-gmbh","14":"pa_model-6690","15":"pa_size-100-stueck-1er-pack","16":"pa_weight-1-1e-5-pfund","17":"pa_width-1-968503935-zoll","19":"first","20":"instock","21":"shipping-taxable","22":"purchasable","23":"product-type-simple","24":"customify-col","25":"product-has-gallery"},"yoast_head":"<!-- This site is optimized with the Yoast SEO plugin v27.3 - https:\/\/yoast.com\/product\/yoast-seo-wordpress\/ -->\n<title>Fols\u00e4ure AbZ 5 mg Tabletten: Gut versorgt bei Fols\u00e4ure-Mangel, 100 Tabletten - Markt-XXL<\/title>\n<meta name=\"description\" content=\"Markt-XXL Fols\u00e4ure AbZ 5 mg Tabletten: Gut versorgt bei Fols\u00e4ure-Mangel, 100 Tabletten\" \/>\n<meta name=\"robots\" content=\"index, follow, max-snippet:-1, max-image-preview:large, max-video-preview:-1\" \/>\n<link rel=\"canonical\" href=\"https:\/\/marktxxl.de\/markt\/produkt\/folsaeure-abz-5-mg-tabletten-bei-folsaeuremangel-100-st-tabletten\/\" \/>\n<meta property=\"og:locale\" content=\"de_DE\" \/>\n<meta property=\"og:type\" content=\"article\" \/>\n<meta property=\"og:title\" content=\"Fols\u00e4ure AbZ 5 mg Tabletten: Gut versorgt bei Fols\u00e4ure-Mangel, 100 Tabletten - Markt-XXL\" \/>\n<meta property=\"og:description\" content=\"Markt-XXL Fols\u00e4ure AbZ 5 mg Tabletten: Gut versorgt bei Fols\u00e4ure-Mangel, 100 Tabletten\" \/>\n<meta property=\"og:url\" content=\"https:\/\/marktxxl.de\/markt\/produkt\/folsaeure-abz-5-mg-tabletten-bei-folsaeuremangel-100-st-tabletten\/\" \/>\n<meta property=\"og:site_name\" content=\"Markt-XXL\" \/>\n<meta property=\"article:modified_time\" content=\"2023-04-11T00:04:20+00:00\" \/>\n<meta property=\"og:image\" content=\"https:\/\/m.media-amazon.com\/images\/I\/4181jot8zYL._SL500_.jpg\" \/>\n\t<meta property=\"og:image:width\" content=\"500\" \/>\n\t<meta property=\"og:image:height\" content=\"500\" \/>\n\t<meta property=\"og:image:type\" content=\"image\/jpeg\" \/>\n<meta name=\"twitter:card\" content=\"summary_large_image\" \/>\n<script type=\"application\/ld+json\" class=\"yoast-schema-graph\">{\"@context\":\"https:\\\/\\\/schema.org\",\"@graph\":[{\"@type\":\"WebPage\",\"@id\":\"https:\\\/\\\/marktxxl.de\\\/markt\\\/produkt\\\/folsaeure-abz-5-mg-tabletten-bei-folsaeuremangel-100-st-tabletten\\\/\",\"url\":\"https:\\\/\\\/marktxxl.de\\\/markt\\\/produkt\\\/folsaeure-abz-5-mg-tabletten-bei-folsaeuremangel-100-st-tabletten\\\/\",\"name\":\"Fols\u00e4ure AbZ 5 mg Tabletten: Gut versorgt bei Fols\u00e4ure-Mangel, 100 Tabletten - Markt-XXL\",\"isPartOf\":{\"@id\":\"https:\\\/\\\/marktxxl.de\\\/markt\\\/#website\"},\"primaryImageOfPage\":{\"@id\":\"https:\\\/\\\/marktxxl.de\\\/markt\\\/produkt\\\/folsaeure-abz-5-mg-tabletten-bei-folsaeuremangel-100-st-tabletten\\\/#primaryimage\"},\"image\":{\"@id\":\"https:\\\/\\\/marktxxl.de\\\/markt\\\/produkt\\\/folsaeure-abz-5-mg-tabletten-bei-folsaeuremangel-100-st-tabletten\\\/#primaryimage\"},\"thumbnailUrl\":\"https:\\\/\\\/m.media-amazon.com\\\/images\\\/I\\\/4181jot8zYL._SL500_.jpg\",\"datePublished\":\"2021-09-26T14:17:26+00:00\",\"dateModified\":\"2023-04-11T00:04:20+00:00\",\"description\":\"Markt-XXL Fols\u00e4ure AbZ 5 mg Tabletten: Gut versorgt bei Fols\u00e4ure-Mangel, 100 Tabletten\",\"breadcrumb\":{\"@id\":\"https:\\\/\\\/marktxxl.de\\\/markt\\\/produkt\\\/folsaeure-abz-5-mg-tabletten-bei-folsaeuremangel-100-st-tabletten\\\/#breadcrumb\"},\"inLanguage\":\"de\",\"potentialAction\":[{\"@type\":\"ReadAction\",\"target\":[\"https:\\\/\\\/marktxxl.de\\\/markt\\\/produkt\\\/folsaeure-abz-5-mg-tabletten-bei-folsaeuremangel-100-st-tabletten\\\/\"]}]},{\"@type\":\"ImageObject\",\"inLanguage\":\"de\",\"@id\":\"https:\\\/\\\/marktxxl.de\\\/markt\\\/produkt\\\/folsaeure-abz-5-mg-tabletten-bei-folsaeuremangel-100-st-tabletten\\\/#primaryimage\",\"url\":\"https:\\\/\\\/m.media-amazon.com\\\/images\\\/I\\\/4181jot8zYL._SL500_.jpg\",\"contentUrl\":\"https:\\\/\\\/m.media-amazon.com\\\/images\\\/I\\\/4181jot8zYL._SL500_.jpg\",\"width\":500,\"height\":500},{\"@type\":\"BreadcrumbList\",\"@id\":\"https:\\\/\\\/marktxxl.de\\\/markt\\\/produkt\\\/folsaeure-abz-5-mg-tabletten-bei-folsaeuremangel-100-st-tabletten\\\/#breadcrumb\",\"itemListElement\":[{\"@type\":\"ListItem\",\"position\":1,\"name\":\"Startseite\",\"item\":\"https:\\\/\\\/marktxxl.de\\\/markt\\\/\"},{\"@type\":\"ListItem\",\"position\":2,\"name\":\"Markt\",\"item\":\"https:\\\/\\\/marktxxl.de\\\/markt\\\/\"},{\"@type\":\"ListItem\",\"position\":3,\"name\":\"Fols\u00e4ure AbZ 5 mg Tabletten: Gut versorgt bei Fols\u00e4ure-Mangel, 100 Tabletten\"}]},{\"@type\":\"WebSite\",\"@id\":\"https:\\\/\\\/marktxxl.de\\\/markt\\\/#website\",\"url\":\"https:\\\/\\\/marktxxl.de\\\/markt\\\/\",\"name\":\"Markt-XXL\",\"description\":\"Ihr Markt Online\",\"publisher\":{\"@id\":\"https:\\\/\\\/marktxxl.de\\\/markt\\\/#organization\"},\"potentialAction\":[{\"@type\":\"SearchAction\",\"target\":{\"@type\":\"EntryPoint\",\"urlTemplate\":\"https:\\\/\\\/marktxxl.de\\\/markt\\\/?s={search_term_string}\"},\"query-input\":{\"@type\":\"PropertyValueSpecification\",\"valueRequired\":true,\"valueName\":\"search_term_string\"}}],\"inLanguage\":\"de\"},{\"@type\":\"Organization\",\"@id\":\"https:\\\/\\\/marktxxl.de\\\/markt\\\/#organization\",\"name\":\"Markt-XXL\",\"url\":\"https:\\\/\\\/marktxxl.de\\\/markt\\\/\",\"logo\":{\"@type\":\"ImageObject\",\"inLanguage\":\"de\",\"@id\":\"https:\\\/\\\/marktxxl.de\\\/markt\\\/#\\\/schema\\\/logo\\\/image\\\/\",\"url\":\"https:\\\/\\\/marktxxl.de\\\/markt\\\/wp-content\\\/uploads\\\/sites\\\/3\\\/2020\\\/12\\\/logo.png\",\"contentUrl\":\"https:\\\/\\\/marktxxl.de\\\/markt\\\/wp-content\\\/uploads\\\/sites\\\/3\\\/2020\\\/12\\\/logo.png\",\"width\":200,\"height\":70,\"caption\":\"Markt-XXL\"},\"image\":{\"@id\":\"https:\\\/\\\/marktxxl.de\\\/markt\\\/#\\\/schema\\\/logo\\\/image\\\/\"}}]}<\/script>\n<!-- \/ Yoast SEO plugin. -->","yoast_head_json":{"title":"Fols\u00e4ure AbZ 5 mg Tabletten: Gut versorgt bei Fols\u00e4ure-Mangel, 100 Tabletten - Markt-XXL","description":"Markt-XXL Fols\u00e4ure AbZ 5 mg Tabletten: Gut versorgt bei Fols\u00e4ure-Mangel, 100 Tabletten","robots":{"index":"index","follow":"follow","max-snippet":"max-snippet:-1","max-image-preview":"max-image-preview:large","max-video-preview":"max-video-preview:-1"},"canonical":"https:\/\/marktxxl.de\/markt\/produkt\/folsaeure-abz-5-mg-tabletten-bei-folsaeuremangel-100-st-tabletten\/","og_locale":"de_DE","og_type":"article","og_title":"Fols\u00e4ure AbZ 5 mg Tabletten: Gut versorgt bei Fols\u00e4ure-Mangel, 100 Tabletten - Markt-XXL","og_description":"Markt-XXL Fols\u00e4ure AbZ 5 mg Tabletten: Gut versorgt bei Fols\u00e4ure-Mangel, 100 Tabletten","og_url":"https:\/\/marktxxl.de\/markt\/produkt\/folsaeure-abz-5-mg-tabletten-bei-folsaeuremangel-100-st-tabletten\/","og_site_name":"Markt-XXL","article_modified_time":"2023-04-11T00:04:20+00:00","og_image":[{"width":500,"height":500,"url":"https:\/\/m.media-amazon.com\/images\/I\/4181jot8zYL._SL500_.jpg","type":"image\/jpeg"}],"twitter_card":"summary_large_image","schema":{"@context":"https:\/\/schema.org","@graph":[{"@type":"WebPage","@id":"https:\/\/marktxxl.de\/markt\/produkt\/folsaeure-abz-5-mg-tabletten-bei-folsaeuremangel-100-st-tabletten\/","url":"https:\/\/marktxxl.de\/markt\/produkt\/folsaeure-abz-5-mg-tabletten-bei-folsaeuremangel-100-st-tabletten\/","name":"Fols\u00e4ure AbZ 5 mg Tabletten: Gut versorgt bei Fols\u00e4ure-Mangel, 100 Tabletten - Markt-XXL","isPartOf":{"@id":"https:\/\/marktxxl.de\/markt\/#website"},"primaryImageOfPage":{"@id":"https:\/\/marktxxl.de\/markt\/produkt\/folsaeure-abz-5-mg-tabletten-bei-folsaeuremangel-100-st-tabletten\/#primaryimage"},"image":{"@id":"https:\/\/marktxxl.de\/markt\/produkt\/folsaeure-abz-5-mg-tabletten-bei-folsaeuremangel-100-st-tabletten\/#primaryimage"},"thumbnailUrl":"https:\/\/m.media-amazon.com\/images\/I\/4181jot8zYL._SL500_.jpg","datePublished":"2021-09-26T14:17:26+00:00","dateModified":"2023-04-11T00:04:20+00:00","description":"Markt-XXL Fols\u00e4ure AbZ 5 mg Tabletten: Gut versorgt bei Fols\u00e4ure-Mangel, 100 Tabletten","breadcrumb":{"@id":"https:\/\/marktxxl.de\/markt\/produkt\/folsaeure-abz-5-mg-tabletten-bei-folsaeuremangel-100-st-tabletten\/#breadcrumb"},"inLanguage":"de","potentialAction":[{"@type":"ReadAction","target":["https:\/\/marktxxl.de\/markt\/produkt\/folsaeure-abz-5-mg-tabletten-bei-folsaeuremangel-100-st-tabletten\/"]}]},{"@type":"ImageObject","inLanguage":"de","@id":"https:\/\/marktxxl.de\/markt\/produkt\/folsaeure-abz-5-mg-tabletten-bei-folsaeuremangel-100-st-tabletten\/#primaryimage","url":"https:\/\/m.media-amazon.com\/images\/I\/4181jot8zYL._SL500_.jpg","contentUrl":"https:\/\/m.media-amazon.com\/images\/I\/4181jot8zYL._SL500_.jpg","width":500,"height":500},{"@type":"BreadcrumbList","@id":"https:\/\/marktxxl.de\/markt\/produkt\/folsaeure-abz-5-mg-tabletten-bei-folsaeuremangel-100-st-tabletten\/#breadcrumb","itemListElement":[{"@type":"ListItem","position":1,"name":"Startseite","item":"https:\/\/marktxxl.de\/markt\/"},{"@type":"ListItem","position":2,"name":"Markt","item":"https:\/\/marktxxl.de\/markt\/"},{"@type":"ListItem","position":3,"name":"Fols\u00e4ure AbZ 5 mg Tabletten: Gut versorgt bei Fols\u00e4ure-Mangel, 100 Tabletten"}]},{"@type":"WebSite","@id":"https:\/\/marktxxl.de\/markt\/#website","url":"https:\/\/marktxxl.de\/markt\/","name":"Markt-XXL","description":"Ihr Markt Online","publisher":{"@id":"https:\/\/marktxxl.de\/markt\/#organization"},"potentialAction":[{"@type":"SearchAction","target":{"@type":"EntryPoint","urlTemplate":"https:\/\/marktxxl.de\/markt\/?s={search_term_string}"},"query-input":{"@type":"PropertyValueSpecification","valueRequired":true,"valueName":"search_term_string"}}],"inLanguage":"de"},{"@type":"Organization","@id":"https:\/\/marktxxl.de\/markt\/#organization","name":"Markt-XXL","url":"https:\/\/marktxxl.de\/markt\/","logo":{"@type":"ImageObject","inLanguage":"de","@id":"https:\/\/marktxxl.de\/markt\/#\/schema\/logo\/image\/","url":"https:\/\/marktxxl.de\/markt\/wp-content\/uploads\/sites\/3\/2020\/12\/logo.png","contentUrl":"https:\/\/marktxxl.de\/markt\/wp-content\/uploads\/sites\/3\/2020\/12\/logo.png","width":200,"height":70,"caption":"Markt-XXL"},"image":{"@id":"https:\/\/marktxxl.de\/markt\/#\/schema\/logo\/image\/"}}]}},"_links":{"self":[{"href":"https:\/\/marktxxl.de\/markt\/wp-json\/wp\/v2\/product\/45190","targetHints":{"allow":["GET"]}}],"collection":[{"href":"https:\/\/marktxxl.de\/markt\/wp-json\/wp\/v2\/product"}],"about":[{"href":"https:\/\/marktxxl.de\/markt\/wp-json\/wp\/v2\/types\/product"}],"replies":[{"embeddable":true,"href":"https:\/\/marktxxl.de\/markt\/wp-json\/wp\/v2\/comments?post=45190"}],"wp:featuredmedia":[{"embeddable":true,"href":"https:\/\/marktxxl.de\/markt\/wp-json\/wp\/v2\/media\/45191"}],"wp:attachment":[{"href":"https:\/\/marktxxl.de\/markt\/wp-json\/wp\/v2\/media?parent=45190"}],"wp:term":[{"taxonomy":"product_brand","embeddable":true,"href":"https:\/\/marktxxl.de\/markt\/wp-json\/wp\/v2\/product_brand?post=45190"},{"taxonomy":"product_cat","embeddable":true,"href":"https:\/\/marktxxl.de\/markt\/wp-json\/wp\/v2\/product_cat?post=45190"},{"taxonomy":"product_tag","embeddable":true,"href":"https:\/\/marktxxl.de\/markt\/wp-json\/wp\/v2\/product_tag?post=45190"}],"curies":[{"name":"wp","href":"https:\/\/api.w.org\/{rel}","templated":true}]}}