{"id":45166,"date":"2021-09-26T16:16:01","date_gmt":"2021-09-26T14:16:01","guid":{"rendered":"https:\/\/marktxxl.de\/markt\/produkt\/3-stuecke-streich-schwangerschaftstest-gefaelschtes-fruehes-ergebnis-der-schwangerschaftstest-wird-fuer-den-praktischen-witz-immer-positiv\/"},"modified":"2023-04-11T02:04:20","modified_gmt":"2023-04-11T00:04:20","slug":"3-stuecke-streich-schwangerschaftstest-gefaelschtes-fruehes-ergebnis-der-schwangerschaftstest-wird-fuer-den-praktischen-witz-immer-positiv","status":"publish","type":"product","link":"https:\/\/marktxxl.de\/markt\/produkt\/3-stuecke-streich-schwangerschaftstest-gefaelschtes-fruehes-ergebnis-der-schwangerschaftstest-wird-fuer-den-praktischen-witz-immer-positiv\/","title":{"rendered":"3 St\u00fccke Streich Schwangerschaftstest Gef\u00e4lschtes Fr\u00fches Ergebnis Der Schwangerschaftstest wird f\u00fcr den Praktischen Witz\u2026"},"content":{"rendered":"<p>Hinweis: Nur f\u00fcr Streiche beantragt, nicht f\u00fcr andere Zwecke; Bitte verwenden Sie diesen Streich-Schwangerschaftstest nicht, um anderen beil\u00e4ufig einen Streich zu spielen<br \/>\nWas Sie bekommen werden: 3 St\u00fcck Streich Schwangerschaftstest gef\u00e4lschten fr\u00fchen Ergebnis Schwangerschaftstest, das realistisch gestaltete Paket macht es so, dass niemand sagen kann, dass es nicht real ist<br \/>\nEinfach zu bedienen: Tauchen Sie die Testspitze einfach 20 Sekunden lang in Leitungswasser und entfernen Sie sie. Dann erhalten Sie ein positives Ergebnis. Dann k\u00f6nnen Sie ganz einfach unseren gef\u00e4lschten Schwangerschaftsteststab verwenden, um Streiche zu spielen<br \/>\nSchnelle Ergebnisse: Die Testergebnisse werden innerhalb von 3 bis 5 Minuten im Fenster angezeigt. Sie m\u00fcssen nicht viel Zeit aufwenden und erzielen schnell den realistischsten Effekt<br \/>\nBreite Anwendungen: Diese lustigen gef\u00e4lschten Schwangerschaftstests eignen sich sehr gut f\u00fcr knifflige Freunde, Ehem\u00e4nner, Familienmitglieder und Ihre Freunde. Es wird sehr lustig sein, ihre Reaktionen zu beobachten; Streich Schwangerschaftstestst\u00f6cke sind ein gro\u00dfartiger Witz, um mit Familie und Freunden auf jeder Weihnachtsfeier oder Feier zu spielen<br \/>\n<div class=\"main-cross-sell\" data-asin=\"B08F5GLZRH\">\n\n\t<div class=\"WooZone-cross-sell-loader\">\n\t\t<div>\n\t\t\t<div id=\"floatingBarsG\">\n\t\t\t\t<div class=\"blockG\" id=\"rotateG_01\"><\/div>\n\t\t\t\t<div class=\"blockG\" id=\"rotateG_02\"><\/div>\n\t\t\t\t<div class=\"blockG\" id=\"rotateG_03\"><\/div>\n\t\t\t\t<div class=\"blockG\" id=\"rotateG_04\"><\/div>\n\t\t\t\t<div class=\"blockG\" id=\"rotateG_05\"><\/div>\n\t\t\t\t<div class=\"blockG\" id=\"rotateG_06\"><\/div>\n\t\t\t\t<div class=\"blockG\" id=\"rotateG_07\"><\/div>\n\t\t\t\t<div class=\"blockG\" id=\"rotateG_08\"><\/div>\n\t\t\t<\/div>\n\t\t\t<div class=\"WooZone-cross-sell-loader-text\"><\/div>\n\t\t<\/div>\n\t<\/div>\n\n\t\t\n<\/div>\n<div style=\"clear:both;\"><\/div><\/p>\n","protected":false},"excerpt":{"rendered":"<p>Hinweis: Nur f\u00fcr Streiche beantragt, nicht f\u00fcr andere Zwecke; Bitte verwenden Sie diesen Streich-Schwangerschaftstest nicht, um anderen beil\u00e4ufig einen Streich zu spielen<br \/>\nWas Sie bekommen werden: 3 St\u00fcck Streich Schwangerschaftstest gef\u00e4lschten fr\u00fchen Ergebnis Schwangerschaftstest, das realistisch gestaltete Paket macht es so, dass niemand sagen kann, dass es nicht real ist<br \/>\nEinfach zu bedienen: Tauchen Sie die Testspitze einfach 20 Sekunden lang in Leitungswasser und entfernen Sie sie. Dann erhalten Sie ein positives Ergebnis. Dann k\u00f6nnen Sie ganz einfach unseren gef\u00e4lschten Schwangerschaftsteststab verwenden, um Streiche zu spielen<\/p>\n","protected":false},"featured_media":45167,"comment_status":"open","ping_status":"closed","template":"","meta":[],"product_brand":[],"product_cat":[566,6291],"product_tag":[],"class_list":{"0":"post-45166","1":"product","2":"type-product","3":"status-publish","4":"has-post-thumbnail","6":"product_cat-drogerie-koerperpflege","7":"product_cat-schwangerschaft","8":"pa_binding-badartikel","9":"pa_brand-skylety","10":"pa_manufacturer-skylety","11":"pa_size-3-stueck-1er-pack","13":"first","14":"instock","15":"shipping-taxable","16":"purchasable","17":"product-type-simple","18":"customify-col","19":"product-has-gallery"},"yoast_head":"<!-- This site is optimized with the Yoast SEO plugin v27.4 - https:\/\/yoast.com\/product\/yoast-seo-wordpress\/ -->\n<title>3 St\u00fccke Streich Schwangerschaftstest Gef\u00e4lschtes Fr\u00fches Ergebnis Der Schwangerschaftstest wird f\u00fcr den Praktischen Witz\u2026 - Markt-XXL<\/title>\n<meta name=\"description\" content=\"Markt-XXL 3 St\u00fccke Streich Schwangerschaftstest Gef\u00e4lschtes Fr\u00fches Ergebnis Der Schwangerschaftstest wird f\u00fcr den Praktischen Witz\u2026\" \/>\n<meta name=\"robots\" content=\"index, follow, max-snippet:-1, max-image-preview:large, max-video-preview:-1\" \/>\n<link rel=\"canonical\" href=\"https:\/\/marktxxl.de\/markt\/produkt\/3-stuecke-streich-schwangerschaftstest-gefaelschtes-fruehes-ergebnis-der-schwangerschaftstest-wird-fuer-den-praktischen-witz-immer-positiv\/\" \/>\n<meta property=\"og:locale\" content=\"de_DE\" \/>\n<meta property=\"og:type\" content=\"article\" \/>\n<meta property=\"og:title\" content=\"3 St\u00fccke Streich Schwangerschaftstest Gef\u00e4lschtes Fr\u00fches Ergebnis Der Schwangerschaftstest wird f\u00fcr den Praktischen Witz\u2026 - Markt-XXL\" \/>\n<meta property=\"og:description\" content=\"Markt-XXL 3 St\u00fccke Streich Schwangerschaftstest Gef\u00e4lschtes Fr\u00fches Ergebnis Der Schwangerschaftstest wird f\u00fcr den Praktischen Witz\u2026\" \/>\n<meta property=\"og:url\" content=\"https:\/\/marktxxl.de\/markt\/produkt\/3-stuecke-streich-schwangerschaftstest-gefaelschtes-fruehes-ergebnis-der-schwangerschaftstest-wird-fuer-den-praktischen-witz-immer-positiv\/\" \/>\n<meta property=\"og:site_name\" content=\"Markt-XXL\" \/>\n<meta property=\"article:modified_time\" content=\"2023-04-11T00:04:20+00:00\" \/>\n<meta property=\"og:image\" content=\"https:\/\/m.media-amazon.com\/images\/I\/41y7o5m9TfL._SL500_.jpg\" \/>\n\t<meta property=\"og:image:width\" content=\"500\" \/>\n\t<meta property=\"og:image:height\" content=\"500\" \/>\n\t<meta property=\"og:image:type\" content=\"image\/jpeg\" \/>\n<meta name=\"twitter:card\" content=\"summary_large_image\" \/>\n<meta name=\"twitter:label1\" content=\"Gesch\u00e4tzte Lesezeit\" \/>\n\t<meta name=\"twitter:data1\" content=\"1\u00a0Minute\" \/>\n<script type=\"application\/ld+json\" class=\"yoast-schema-graph\">{\"@context\":\"https:\\\/\\\/schema.org\",\"@graph\":[{\"@type\":\"WebPage\",\"@id\":\"https:\\\/\\\/marktxxl.de\\\/markt\\\/produkt\\\/3-stuecke-streich-schwangerschaftstest-gefaelschtes-fruehes-ergebnis-der-schwangerschaftstest-wird-fuer-den-praktischen-witz-immer-positiv\\\/\",\"url\":\"https:\\\/\\\/marktxxl.de\\\/markt\\\/produkt\\\/3-stuecke-streich-schwangerschaftstest-gefaelschtes-fruehes-ergebnis-der-schwangerschaftstest-wird-fuer-den-praktischen-witz-immer-positiv\\\/\",\"name\":\"3 St\u00fccke Streich Schwangerschaftstest Gef\u00e4lschtes Fr\u00fches Ergebnis Der Schwangerschaftstest wird f\u00fcr den Praktischen Witz\u2026 - Markt-XXL\",\"isPartOf\":{\"@id\":\"https:\\\/\\\/marktxxl.de\\\/markt\\\/#website\"},\"primaryImageOfPage\":{\"@id\":\"https:\\\/\\\/marktxxl.de\\\/markt\\\/produkt\\\/3-stuecke-streich-schwangerschaftstest-gefaelschtes-fruehes-ergebnis-der-schwangerschaftstest-wird-fuer-den-praktischen-witz-immer-positiv\\\/#primaryimage\"},\"image\":{\"@id\":\"https:\\\/\\\/marktxxl.de\\\/markt\\\/produkt\\\/3-stuecke-streich-schwangerschaftstest-gefaelschtes-fruehes-ergebnis-der-schwangerschaftstest-wird-fuer-den-praktischen-witz-immer-positiv\\\/#primaryimage\"},\"thumbnailUrl\":\"https:\\\/\\\/m.media-amazon.com\\\/images\\\/I\\\/41y7o5m9TfL._SL500_.jpg\",\"datePublished\":\"2021-09-26T14:16:01+00:00\",\"dateModified\":\"2023-04-11T00:04:20+00:00\",\"description\":\"Markt-XXL 3 St\u00fccke Streich Schwangerschaftstest Gef\u00e4lschtes Fr\u00fches Ergebnis Der Schwangerschaftstest wird f\u00fcr den Praktischen Witz\u2026\",\"breadcrumb\":{\"@id\":\"https:\\\/\\\/marktxxl.de\\\/markt\\\/produkt\\\/3-stuecke-streich-schwangerschaftstest-gefaelschtes-fruehes-ergebnis-der-schwangerschaftstest-wird-fuer-den-praktischen-witz-immer-positiv\\\/#breadcrumb\"},\"inLanguage\":\"de\",\"potentialAction\":[{\"@type\":\"ReadAction\",\"target\":[\"https:\\\/\\\/marktxxl.de\\\/markt\\\/produkt\\\/3-stuecke-streich-schwangerschaftstest-gefaelschtes-fruehes-ergebnis-der-schwangerschaftstest-wird-fuer-den-praktischen-witz-immer-positiv\\\/\"]}]},{\"@type\":\"ImageObject\",\"inLanguage\":\"de\",\"@id\":\"https:\\\/\\\/marktxxl.de\\\/markt\\\/produkt\\\/3-stuecke-streich-schwangerschaftstest-gefaelschtes-fruehes-ergebnis-der-schwangerschaftstest-wird-fuer-den-praktischen-witz-immer-positiv\\\/#primaryimage\",\"url\":\"https:\\\/\\\/m.media-amazon.com\\\/images\\\/I\\\/41y7o5m9TfL._SL500_.jpg\",\"contentUrl\":\"https:\\\/\\\/m.media-amazon.com\\\/images\\\/I\\\/41y7o5m9TfL._SL500_.jpg\",\"width\":500,\"height\":500},{\"@type\":\"BreadcrumbList\",\"@id\":\"https:\\\/\\\/marktxxl.de\\\/markt\\\/produkt\\\/3-stuecke-streich-schwangerschaftstest-gefaelschtes-fruehes-ergebnis-der-schwangerschaftstest-wird-fuer-den-praktischen-witz-immer-positiv\\\/#breadcrumb\",\"itemListElement\":[{\"@type\":\"ListItem\",\"position\":1,\"name\":\"Startseite\",\"item\":\"https:\\\/\\\/marktxxl.de\\\/markt\\\/\"},{\"@type\":\"ListItem\",\"position\":2,\"name\":\"Markt\",\"item\":\"https:\\\/\\\/marktxxl.de\\\/markt\\\/\"},{\"@type\":\"ListItem\",\"position\":3,\"name\":\"3 St\u00fccke Streich Schwangerschaftstest Gef\u00e4lschtes Fr\u00fches Ergebnis Der Schwangerschaftstest wird f\u00fcr den Praktischen Witz\u2026\"}]},{\"@type\":\"WebSite\",\"@id\":\"https:\\\/\\\/marktxxl.de\\\/markt\\\/#website\",\"url\":\"https:\\\/\\\/marktxxl.de\\\/markt\\\/\",\"name\":\"Markt-XXL\",\"description\":\"Ihr Markt Online\",\"publisher\":{\"@id\":\"https:\\\/\\\/marktxxl.de\\\/markt\\\/#organization\"},\"potentialAction\":[{\"@type\":\"SearchAction\",\"target\":{\"@type\":\"EntryPoint\",\"urlTemplate\":\"https:\\\/\\\/marktxxl.de\\\/markt\\\/?s={search_term_string}\"},\"query-input\":{\"@type\":\"PropertyValueSpecification\",\"valueRequired\":true,\"valueName\":\"search_term_string\"}}],\"inLanguage\":\"de\"},{\"@type\":\"Organization\",\"@id\":\"https:\\\/\\\/marktxxl.de\\\/markt\\\/#organization\",\"name\":\"Markt-XXL\",\"url\":\"https:\\\/\\\/marktxxl.de\\\/markt\\\/\",\"logo\":{\"@type\":\"ImageObject\",\"inLanguage\":\"de\",\"@id\":\"https:\\\/\\\/marktxxl.de\\\/markt\\\/#\\\/schema\\\/logo\\\/image\\\/\",\"url\":\"https:\\\/\\\/marktxxl.de\\\/markt\\\/wp-content\\\/uploads\\\/sites\\\/3\\\/2020\\\/12\\\/logo.png\",\"contentUrl\":\"https:\\\/\\\/marktxxl.de\\\/markt\\\/wp-content\\\/uploads\\\/sites\\\/3\\\/2020\\\/12\\\/logo.png\",\"width\":200,\"height\":70,\"caption\":\"Markt-XXL\"},\"image\":{\"@id\":\"https:\\\/\\\/marktxxl.de\\\/markt\\\/#\\\/schema\\\/logo\\\/image\\\/\"}}]}<\/script>\n<!-- \/ Yoast SEO plugin. -->","yoast_head_json":{"title":"3 St\u00fccke Streich Schwangerschaftstest Gef\u00e4lschtes Fr\u00fches Ergebnis Der Schwangerschaftstest wird f\u00fcr den Praktischen Witz\u2026 - Markt-XXL","description":"Markt-XXL 3 St\u00fccke Streich Schwangerschaftstest Gef\u00e4lschtes Fr\u00fches Ergebnis Der Schwangerschaftstest wird f\u00fcr den Praktischen Witz\u2026","robots":{"index":"index","follow":"follow","max-snippet":"max-snippet:-1","max-image-preview":"max-image-preview:large","max-video-preview":"max-video-preview:-1"},"canonical":"https:\/\/marktxxl.de\/markt\/produkt\/3-stuecke-streich-schwangerschaftstest-gefaelschtes-fruehes-ergebnis-der-schwangerschaftstest-wird-fuer-den-praktischen-witz-immer-positiv\/","og_locale":"de_DE","og_type":"article","og_title":"3 St\u00fccke Streich Schwangerschaftstest Gef\u00e4lschtes Fr\u00fches Ergebnis Der Schwangerschaftstest wird f\u00fcr den Praktischen Witz\u2026 - Markt-XXL","og_description":"Markt-XXL 3 St\u00fccke Streich Schwangerschaftstest Gef\u00e4lschtes Fr\u00fches Ergebnis Der Schwangerschaftstest wird f\u00fcr den Praktischen Witz\u2026","og_url":"https:\/\/marktxxl.de\/markt\/produkt\/3-stuecke-streich-schwangerschaftstest-gefaelschtes-fruehes-ergebnis-der-schwangerschaftstest-wird-fuer-den-praktischen-witz-immer-positiv\/","og_site_name":"Markt-XXL","article_modified_time":"2023-04-11T00:04:20+00:00","og_image":[{"width":500,"height":500,"url":"https:\/\/m.media-amazon.com\/images\/I\/41y7o5m9TfL._SL500_.jpg","type":"image\/jpeg"}],"twitter_card":"summary_large_image","twitter_misc":{"Gesch\u00e4tzte Lesezeit":"1\u00a0Minute"},"schema":{"@context":"https:\/\/schema.org","@graph":[{"@type":"WebPage","@id":"https:\/\/marktxxl.de\/markt\/produkt\/3-stuecke-streich-schwangerschaftstest-gefaelschtes-fruehes-ergebnis-der-schwangerschaftstest-wird-fuer-den-praktischen-witz-immer-positiv\/","url":"https:\/\/marktxxl.de\/markt\/produkt\/3-stuecke-streich-schwangerschaftstest-gefaelschtes-fruehes-ergebnis-der-schwangerschaftstest-wird-fuer-den-praktischen-witz-immer-positiv\/","name":"3 St\u00fccke Streich Schwangerschaftstest Gef\u00e4lschtes Fr\u00fches Ergebnis Der Schwangerschaftstest wird f\u00fcr den Praktischen Witz\u2026 - Markt-XXL","isPartOf":{"@id":"https:\/\/marktxxl.de\/markt\/#website"},"primaryImageOfPage":{"@id":"https:\/\/marktxxl.de\/markt\/produkt\/3-stuecke-streich-schwangerschaftstest-gefaelschtes-fruehes-ergebnis-der-schwangerschaftstest-wird-fuer-den-praktischen-witz-immer-positiv\/#primaryimage"},"image":{"@id":"https:\/\/marktxxl.de\/markt\/produkt\/3-stuecke-streich-schwangerschaftstest-gefaelschtes-fruehes-ergebnis-der-schwangerschaftstest-wird-fuer-den-praktischen-witz-immer-positiv\/#primaryimage"},"thumbnailUrl":"https:\/\/m.media-amazon.com\/images\/I\/41y7o5m9TfL._SL500_.jpg","datePublished":"2021-09-26T14:16:01+00:00","dateModified":"2023-04-11T00:04:20+00:00","description":"Markt-XXL 3 St\u00fccke Streich Schwangerschaftstest Gef\u00e4lschtes Fr\u00fches Ergebnis Der Schwangerschaftstest wird f\u00fcr den Praktischen Witz\u2026","breadcrumb":{"@id":"https:\/\/marktxxl.de\/markt\/produkt\/3-stuecke-streich-schwangerschaftstest-gefaelschtes-fruehes-ergebnis-der-schwangerschaftstest-wird-fuer-den-praktischen-witz-immer-positiv\/#breadcrumb"},"inLanguage":"de","potentialAction":[{"@type":"ReadAction","target":["https:\/\/marktxxl.de\/markt\/produkt\/3-stuecke-streich-schwangerschaftstest-gefaelschtes-fruehes-ergebnis-der-schwangerschaftstest-wird-fuer-den-praktischen-witz-immer-positiv\/"]}]},{"@type":"ImageObject","inLanguage":"de","@id":"https:\/\/marktxxl.de\/markt\/produkt\/3-stuecke-streich-schwangerschaftstest-gefaelschtes-fruehes-ergebnis-der-schwangerschaftstest-wird-fuer-den-praktischen-witz-immer-positiv\/#primaryimage","url":"https:\/\/m.media-amazon.com\/images\/I\/41y7o5m9TfL._SL500_.jpg","contentUrl":"https:\/\/m.media-amazon.com\/images\/I\/41y7o5m9TfL._SL500_.jpg","width":500,"height":500},{"@type":"BreadcrumbList","@id":"https:\/\/marktxxl.de\/markt\/produkt\/3-stuecke-streich-schwangerschaftstest-gefaelschtes-fruehes-ergebnis-der-schwangerschaftstest-wird-fuer-den-praktischen-witz-immer-positiv\/#breadcrumb","itemListElement":[{"@type":"ListItem","position":1,"name":"Startseite","item":"https:\/\/marktxxl.de\/markt\/"},{"@type":"ListItem","position":2,"name":"Markt","item":"https:\/\/marktxxl.de\/markt\/"},{"@type":"ListItem","position":3,"name":"3 St\u00fccke Streich Schwangerschaftstest Gef\u00e4lschtes Fr\u00fches Ergebnis Der Schwangerschaftstest wird f\u00fcr den Praktischen Witz\u2026"}]},{"@type":"WebSite","@id":"https:\/\/marktxxl.de\/markt\/#website","url":"https:\/\/marktxxl.de\/markt\/","name":"Markt-XXL","description":"Ihr Markt Online","publisher":{"@id":"https:\/\/marktxxl.de\/markt\/#organization"},"potentialAction":[{"@type":"SearchAction","target":{"@type":"EntryPoint","urlTemplate":"https:\/\/marktxxl.de\/markt\/?s={search_term_string}"},"query-input":{"@type":"PropertyValueSpecification","valueRequired":true,"valueName":"search_term_string"}}],"inLanguage":"de"},{"@type":"Organization","@id":"https:\/\/marktxxl.de\/markt\/#organization","name":"Markt-XXL","url":"https:\/\/marktxxl.de\/markt\/","logo":{"@type":"ImageObject","inLanguage":"de","@id":"https:\/\/marktxxl.de\/markt\/#\/schema\/logo\/image\/","url":"https:\/\/marktxxl.de\/markt\/wp-content\/uploads\/sites\/3\/2020\/12\/logo.png","contentUrl":"https:\/\/marktxxl.de\/markt\/wp-content\/uploads\/sites\/3\/2020\/12\/logo.png","width":200,"height":70,"caption":"Markt-XXL"},"image":{"@id":"https:\/\/marktxxl.de\/markt\/#\/schema\/logo\/image\/"}}]}},"_links":{"self":[{"href":"https:\/\/marktxxl.de\/markt\/wp-json\/wp\/v2\/product\/45166","targetHints":{"allow":["GET"]}}],"collection":[{"href":"https:\/\/marktxxl.de\/markt\/wp-json\/wp\/v2\/product"}],"about":[{"href":"https:\/\/marktxxl.de\/markt\/wp-json\/wp\/v2\/types\/product"}],"replies":[{"embeddable":true,"href":"https:\/\/marktxxl.de\/markt\/wp-json\/wp\/v2\/comments?post=45166"}],"wp:featuredmedia":[{"embeddable":true,"href":"https:\/\/marktxxl.de\/markt\/wp-json\/wp\/v2\/media\/45167"}],"wp:attachment":[{"href":"https:\/\/marktxxl.de\/markt\/wp-json\/wp\/v2\/media?parent=45166"}],"wp:term":[{"taxonomy":"product_brand","embeddable":true,"href":"https:\/\/marktxxl.de\/markt\/wp-json\/wp\/v2\/product_brand?post=45166"},{"taxonomy":"product_cat","embeddable":true,"href":"https:\/\/marktxxl.de\/markt\/wp-json\/wp\/v2\/product_cat?post=45166"},{"taxonomy":"product_tag","embeddable":true,"href":"https:\/\/marktxxl.de\/markt\/wp-json\/wp\/v2\/product_tag?post=45166"}],"curies":[{"name":"wp","href":"https:\/\/api.w.org\/{rel}","templated":true}]}}