{"id":45031,"date":"2021-09-26T16:15:26","date_gmt":"2021-09-26T14:15:26","guid":{"rendered":"https:\/\/marktxxl.de\/markt\/produkt\/tena-discreet-mini-monatspaket-mit-120-einlagen-6-packungen-je-20-einlagen\/"},"modified":"2023-04-11T02:04:16","modified_gmt":"2023-04-11T00:04:16","slug":"tena-discreet-mini-monatspaket-mit-120-einlagen-6-packungen-je-20-einlagen","status":"publish","type":"product","link":"https:\/\/marktxxl.de\/markt\/produkt\/tena-discreet-mini-monatspaket-mit-120-einlagen-6-packungen-je-20-einlagen\/","title":{"rendered":"TENA Discreet Mini &#8211; 120 Einlagen im Monatspaket (6 x 20 St\u00fcck), einzeln verpackt &#8211; Hygieneeinlagen f\u00fcr Frauen &#8211; bei\u2026"},"content":{"rendered":"<p>Entspannt von zu Hause: Das Vorratspaket deckt den Bedarf an Hygieneeinlagen eines ganzen Monats und erspart zeitintensive w\u00f6chentliche Einkaufsg\u00e4nge<br \/>\nH\u00f6chste Diskretion: Die Tena Einlagen werden neutral verpackt und geliefert, sodass keine unangenehmen Eink\u00e4ufe in der Drogerie mehr n\u00f6tig sind<br \/>\nSicherer Komfort: Die Tena Discreet Einlagen bieten Dreifachschutz vor Auslaufen, Feuchtigkeit und Ger\u00fcchen f\u00fcr Frauen mit leichter Inkontinenz<br \/>\nTena Discreet Mini kombinieren die Gr\u00f6\u00dfe einer kleinen Damenbinde mit der Saugf\u00e4higkeit einer Inkontinenzeinlage. Sie sind 20 Prozent d\u00fcnner als die Tena Discreet Mini Einlagen und Vier trockener als herk\u00f6mmliche d\u00fcnne Damenbinden<br \/>\nLieferumfang: Sechs Packungen Tena Discreet Mini mit je 20 Einlagen. Die Tena Hygieneeinlagen sind 5 mm d\u00fcnn und 22 cm lang<br \/>\n<div class=\"main-cross-sell\" data-asin=\"B06XYJGQ1Z\">\n\n\t<div class=\"WooZone-cross-sell-loader\">\n\t\t<div>\n\t\t\t<div id=\"floatingBarsG\">\n\t\t\t\t<div class=\"blockG\" id=\"rotateG_01\"><\/div>\n\t\t\t\t<div class=\"blockG\" id=\"rotateG_02\"><\/div>\n\t\t\t\t<div class=\"blockG\" id=\"rotateG_03\"><\/div>\n\t\t\t\t<div class=\"blockG\" id=\"rotateG_04\"><\/div>\n\t\t\t\t<div class=\"blockG\" id=\"rotateG_05\"><\/div>\n\t\t\t\t<div class=\"blockG\" id=\"rotateG_06\"><\/div>\n\t\t\t\t<div class=\"blockG\" id=\"rotateG_07\"><\/div>\n\t\t\t\t<div class=\"blockG\" id=\"rotateG_08\"><\/div>\n\t\t\t<\/div>\n\t\t\t<div class=\"WooZone-cross-sell-loader-text\"><\/div>\n\t\t<\/div>\n\t<\/div>\n\n\t\t\n<\/div>\n<div style=\"clear:both;\"><\/div><\/p>\n","protected":false},"excerpt":{"rendered":"<p>Entspannt von zu Hause: Das Vorratspaket deckt den Bedarf an Hygieneeinlagen eines ganzen Monats und erspart zeitintensive w\u00f6chentliche Einkaufsg\u00e4nge<br \/>\nH\u00f6chste Diskretion: Die Tena Einlagen werden neutral verpackt und geliefert, sodass keine unangenehmen Eink\u00e4ufe in der Drogerie mehr n\u00f6tig sind<br \/>\nSicherer Komfort: Die Tena Discreet Einlagen bieten Dreifachschutz vor Auslaufen, Feuchtigkeit und Ger\u00fcchen f\u00fcr Frauen mit leichter Inkontinenz<\/p>\n","protected":false},"featured_media":45032,"comment_status":"open","ping_status":"closed","template":"","meta":[],"product_brand":[],"product_cat":[566,6291],"product_tag":[],"class_list":{"0":"post-45031","1":"product","2":"type-product","3":"status-publish","4":"has-post-thumbnail","6":"product_cat-drogerie-koerperpflege","7":"product_cat-schwangerschaft","8":"pa_binding-badartikel","9":"pa_brand-tena","10":"pa_manufacturer-essity-germany-gmbh","11":"pa_model-6311","12":"pa_size-mit-120-einlagen-6-packungen-x-20-einlagen","13":"pa_weight-2-20462262-pfund","15":"first","16":"instock","17":"shipping-taxable","18":"purchasable","19":"product-type-simple","20":"customify-col","21":"product-has-gallery"},"yoast_head":"<!-- This site is optimized with the Yoast SEO plugin v27.3 - https:\/\/yoast.com\/product\/yoast-seo-wordpress\/ -->\n<title>TENA Discreet Mini - 120 Einlagen im Monatspaket (6 x 20 St\u00fcck), einzeln verpackt - Hygieneeinlagen f\u00fcr Frauen - bei\u2026 - Markt-XXL<\/title>\n<meta name=\"description\" content=\"Markt-XXL TENA Discreet Mini - 120 Einlagen im Monatspaket (6 x 20 St\u00fcck), einzeln verpackt - Hygieneeinlagen f\u00fcr Frauen - bei\u2026\" \/>\n<meta name=\"robots\" content=\"index, follow, max-snippet:-1, max-image-preview:large, max-video-preview:-1\" \/>\n<link rel=\"canonical\" href=\"https:\/\/marktxxl.de\/markt\/produkt\/tena-discreet-mini-monatspaket-mit-120-einlagen-6-packungen-je-20-einlagen\/\" \/>\n<meta property=\"og:locale\" content=\"de_DE\" \/>\n<meta property=\"og:type\" content=\"article\" \/>\n<meta property=\"og:title\" content=\"TENA Discreet Mini - 120 Einlagen im Monatspaket (6 x 20 St\u00fcck), einzeln verpackt - Hygieneeinlagen f\u00fcr Frauen - bei\u2026 - Markt-XXL\" \/>\n<meta property=\"og:description\" content=\"Markt-XXL TENA Discreet Mini - 120 Einlagen im Monatspaket (6 x 20 St\u00fcck), einzeln verpackt - Hygieneeinlagen f\u00fcr Frauen - bei\u2026\" \/>\n<meta property=\"og:url\" content=\"https:\/\/marktxxl.de\/markt\/produkt\/tena-discreet-mini-monatspaket-mit-120-einlagen-6-packungen-je-20-einlagen\/\" \/>\n<meta property=\"og:site_name\" content=\"Markt-XXL\" \/>\n<meta property=\"article:modified_time\" content=\"2023-04-11T00:04:16+00:00\" \/>\n<meta property=\"og:image\" content=\"https:\/\/m.media-amazon.com\/images\/I\/51fv5nFFb7L._SL500_.jpg\" \/>\n\t<meta property=\"og:image:width\" content=\"500\" \/>\n\t<meta property=\"og:image:height\" content=\"500\" \/>\n\t<meta property=\"og:image:type\" content=\"image\/jpeg\" \/>\n<meta name=\"twitter:card\" content=\"summary_large_image\" \/>\n<meta name=\"twitter:label1\" content=\"Gesch\u00e4tzte Lesezeit\" \/>\n\t<meta name=\"twitter:data1\" content=\"1\u00a0Minute\" \/>\n<script type=\"application\/ld+json\" class=\"yoast-schema-graph\">{\"@context\":\"https:\\\/\\\/schema.org\",\"@graph\":[{\"@type\":\"WebPage\",\"@id\":\"https:\\\/\\\/marktxxl.de\\\/markt\\\/produkt\\\/tena-discreet-mini-monatspaket-mit-120-einlagen-6-packungen-je-20-einlagen\\\/\",\"url\":\"https:\\\/\\\/marktxxl.de\\\/markt\\\/produkt\\\/tena-discreet-mini-monatspaket-mit-120-einlagen-6-packungen-je-20-einlagen\\\/\",\"name\":\"TENA Discreet Mini - 120 Einlagen im Monatspaket (6 x 20 St\u00fcck), einzeln verpackt - Hygieneeinlagen f\u00fcr Frauen - bei\u2026 - Markt-XXL\",\"isPartOf\":{\"@id\":\"https:\\\/\\\/marktxxl.de\\\/markt\\\/#website\"},\"primaryImageOfPage\":{\"@id\":\"https:\\\/\\\/marktxxl.de\\\/markt\\\/produkt\\\/tena-discreet-mini-monatspaket-mit-120-einlagen-6-packungen-je-20-einlagen\\\/#primaryimage\"},\"image\":{\"@id\":\"https:\\\/\\\/marktxxl.de\\\/markt\\\/produkt\\\/tena-discreet-mini-monatspaket-mit-120-einlagen-6-packungen-je-20-einlagen\\\/#primaryimage\"},\"thumbnailUrl\":\"https:\\\/\\\/m.media-amazon.com\\\/images\\\/I\\\/51fv5nFFb7L._SL500_.jpg\",\"datePublished\":\"2021-09-26T14:15:26+00:00\",\"dateModified\":\"2023-04-11T00:04:16+00:00\",\"description\":\"Markt-XXL TENA Discreet Mini - 120 Einlagen im Monatspaket (6 x 20 St\u00fcck), einzeln verpackt - Hygieneeinlagen f\u00fcr Frauen - bei\u2026\",\"breadcrumb\":{\"@id\":\"https:\\\/\\\/marktxxl.de\\\/markt\\\/produkt\\\/tena-discreet-mini-monatspaket-mit-120-einlagen-6-packungen-je-20-einlagen\\\/#breadcrumb\"},\"inLanguage\":\"de\",\"potentialAction\":[{\"@type\":\"ReadAction\",\"target\":[\"https:\\\/\\\/marktxxl.de\\\/markt\\\/produkt\\\/tena-discreet-mini-monatspaket-mit-120-einlagen-6-packungen-je-20-einlagen\\\/\"]}]},{\"@type\":\"ImageObject\",\"inLanguage\":\"de\",\"@id\":\"https:\\\/\\\/marktxxl.de\\\/markt\\\/produkt\\\/tena-discreet-mini-monatspaket-mit-120-einlagen-6-packungen-je-20-einlagen\\\/#primaryimage\",\"url\":\"https:\\\/\\\/m.media-amazon.com\\\/images\\\/I\\\/51fv5nFFb7L._SL500_.jpg\",\"contentUrl\":\"https:\\\/\\\/m.media-amazon.com\\\/images\\\/I\\\/51fv5nFFb7L._SL500_.jpg\",\"width\":500,\"height\":500},{\"@type\":\"BreadcrumbList\",\"@id\":\"https:\\\/\\\/marktxxl.de\\\/markt\\\/produkt\\\/tena-discreet-mini-monatspaket-mit-120-einlagen-6-packungen-je-20-einlagen\\\/#breadcrumb\",\"itemListElement\":[{\"@type\":\"ListItem\",\"position\":1,\"name\":\"Startseite\",\"item\":\"https:\\\/\\\/marktxxl.de\\\/markt\\\/\"},{\"@type\":\"ListItem\",\"position\":2,\"name\":\"Markt\",\"item\":\"https:\\\/\\\/marktxxl.de\\\/markt\\\/\"},{\"@type\":\"ListItem\",\"position\":3,\"name\":\"TENA Discreet Mini &#8211; 120 Einlagen im Monatspaket (6 x 20 St\u00fcck), einzeln verpackt &#8211; Hygieneeinlagen f\u00fcr Frauen &#8211; bei\u2026\"}]},{\"@type\":\"WebSite\",\"@id\":\"https:\\\/\\\/marktxxl.de\\\/markt\\\/#website\",\"url\":\"https:\\\/\\\/marktxxl.de\\\/markt\\\/\",\"name\":\"Markt-XXL\",\"description\":\"Ihr Markt Online\",\"publisher\":{\"@id\":\"https:\\\/\\\/marktxxl.de\\\/markt\\\/#organization\"},\"potentialAction\":[{\"@type\":\"SearchAction\",\"target\":{\"@type\":\"EntryPoint\",\"urlTemplate\":\"https:\\\/\\\/marktxxl.de\\\/markt\\\/?s={search_term_string}\"},\"query-input\":{\"@type\":\"PropertyValueSpecification\",\"valueRequired\":true,\"valueName\":\"search_term_string\"}}],\"inLanguage\":\"de\"},{\"@type\":\"Organization\",\"@id\":\"https:\\\/\\\/marktxxl.de\\\/markt\\\/#organization\",\"name\":\"Markt-XXL\",\"url\":\"https:\\\/\\\/marktxxl.de\\\/markt\\\/\",\"logo\":{\"@type\":\"ImageObject\",\"inLanguage\":\"de\",\"@id\":\"https:\\\/\\\/marktxxl.de\\\/markt\\\/#\\\/schema\\\/logo\\\/image\\\/\",\"url\":\"https:\\\/\\\/marktxxl.de\\\/markt\\\/wp-content\\\/uploads\\\/sites\\\/3\\\/2020\\\/12\\\/logo.png\",\"contentUrl\":\"https:\\\/\\\/marktxxl.de\\\/markt\\\/wp-content\\\/uploads\\\/sites\\\/3\\\/2020\\\/12\\\/logo.png\",\"width\":200,\"height\":70,\"caption\":\"Markt-XXL\"},\"image\":{\"@id\":\"https:\\\/\\\/marktxxl.de\\\/markt\\\/#\\\/schema\\\/logo\\\/image\\\/\"}}]}<\/script>\n<!-- \/ Yoast SEO plugin. -->","yoast_head_json":{"title":"TENA Discreet Mini - 120 Einlagen im Monatspaket (6 x 20 St\u00fcck), einzeln verpackt - Hygieneeinlagen f\u00fcr Frauen - bei\u2026 - Markt-XXL","description":"Markt-XXL TENA Discreet Mini - 120 Einlagen im Monatspaket (6 x 20 St\u00fcck), einzeln verpackt - Hygieneeinlagen f\u00fcr Frauen - bei\u2026","robots":{"index":"index","follow":"follow","max-snippet":"max-snippet:-1","max-image-preview":"max-image-preview:large","max-video-preview":"max-video-preview:-1"},"canonical":"https:\/\/marktxxl.de\/markt\/produkt\/tena-discreet-mini-monatspaket-mit-120-einlagen-6-packungen-je-20-einlagen\/","og_locale":"de_DE","og_type":"article","og_title":"TENA Discreet Mini - 120 Einlagen im Monatspaket (6 x 20 St\u00fcck), einzeln verpackt - Hygieneeinlagen f\u00fcr Frauen - bei\u2026 - Markt-XXL","og_description":"Markt-XXL TENA Discreet Mini - 120 Einlagen im Monatspaket (6 x 20 St\u00fcck), einzeln verpackt - Hygieneeinlagen f\u00fcr Frauen - bei\u2026","og_url":"https:\/\/marktxxl.de\/markt\/produkt\/tena-discreet-mini-monatspaket-mit-120-einlagen-6-packungen-je-20-einlagen\/","og_site_name":"Markt-XXL","article_modified_time":"2023-04-11T00:04:16+00:00","og_image":[{"width":500,"height":500,"url":"https:\/\/m.media-amazon.com\/images\/I\/51fv5nFFb7L._SL500_.jpg","type":"image\/jpeg"}],"twitter_card":"summary_large_image","twitter_misc":{"Gesch\u00e4tzte Lesezeit":"1\u00a0Minute"},"schema":{"@context":"https:\/\/schema.org","@graph":[{"@type":"WebPage","@id":"https:\/\/marktxxl.de\/markt\/produkt\/tena-discreet-mini-monatspaket-mit-120-einlagen-6-packungen-je-20-einlagen\/","url":"https:\/\/marktxxl.de\/markt\/produkt\/tena-discreet-mini-monatspaket-mit-120-einlagen-6-packungen-je-20-einlagen\/","name":"TENA Discreet Mini - 120 Einlagen im Monatspaket (6 x 20 St\u00fcck), einzeln verpackt - Hygieneeinlagen f\u00fcr Frauen - bei\u2026 - Markt-XXL","isPartOf":{"@id":"https:\/\/marktxxl.de\/markt\/#website"},"primaryImageOfPage":{"@id":"https:\/\/marktxxl.de\/markt\/produkt\/tena-discreet-mini-monatspaket-mit-120-einlagen-6-packungen-je-20-einlagen\/#primaryimage"},"image":{"@id":"https:\/\/marktxxl.de\/markt\/produkt\/tena-discreet-mini-monatspaket-mit-120-einlagen-6-packungen-je-20-einlagen\/#primaryimage"},"thumbnailUrl":"https:\/\/m.media-amazon.com\/images\/I\/51fv5nFFb7L._SL500_.jpg","datePublished":"2021-09-26T14:15:26+00:00","dateModified":"2023-04-11T00:04:16+00:00","description":"Markt-XXL TENA Discreet Mini - 120 Einlagen im Monatspaket (6 x 20 St\u00fcck), einzeln verpackt - Hygieneeinlagen f\u00fcr Frauen - bei\u2026","breadcrumb":{"@id":"https:\/\/marktxxl.de\/markt\/produkt\/tena-discreet-mini-monatspaket-mit-120-einlagen-6-packungen-je-20-einlagen\/#breadcrumb"},"inLanguage":"de","potentialAction":[{"@type":"ReadAction","target":["https:\/\/marktxxl.de\/markt\/produkt\/tena-discreet-mini-monatspaket-mit-120-einlagen-6-packungen-je-20-einlagen\/"]}]},{"@type":"ImageObject","inLanguage":"de","@id":"https:\/\/marktxxl.de\/markt\/produkt\/tena-discreet-mini-monatspaket-mit-120-einlagen-6-packungen-je-20-einlagen\/#primaryimage","url":"https:\/\/m.media-amazon.com\/images\/I\/51fv5nFFb7L._SL500_.jpg","contentUrl":"https:\/\/m.media-amazon.com\/images\/I\/51fv5nFFb7L._SL500_.jpg","width":500,"height":500},{"@type":"BreadcrumbList","@id":"https:\/\/marktxxl.de\/markt\/produkt\/tena-discreet-mini-monatspaket-mit-120-einlagen-6-packungen-je-20-einlagen\/#breadcrumb","itemListElement":[{"@type":"ListItem","position":1,"name":"Startseite","item":"https:\/\/marktxxl.de\/markt\/"},{"@type":"ListItem","position":2,"name":"Markt","item":"https:\/\/marktxxl.de\/markt\/"},{"@type":"ListItem","position":3,"name":"TENA Discreet Mini &#8211; 120 Einlagen im Monatspaket (6 x 20 St\u00fcck), einzeln verpackt &#8211; Hygieneeinlagen f\u00fcr Frauen &#8211; bei\u2026"}]},{"@type":"WebSite","@id":"https:\/\/marktxxl.de\/markt\/#website","url":"https:\/\/marktxxl.de\/markt\/","name":"Markt-XXL","description":"Ihr Markt Online","publisher":{"@id":"https:\/\/marktxxl.de\/markt\/#organization"},"potentialAction":[{"@type":"SearchAction","target":{"@type":"EntryPoint","urlTemplate":"https:\/\/marktxxl.de\/markt\/?s={search_term_string}"},"query-input":{"@type":"PropertyValueSpecification","valueRequired":true,"valueName":"search_term_string"}}],"inLanguage":"de"},{"@type":"Organization","@id":"https:\/\/marktxxl.de\/markt\/#organization","name":"Markt-XXL","url":"https:\/\/marktxxl.de\/markt\/","logo":{"@type":"ImageObject","inLanguage":"de","@id":"https:\/\/marktxxl.de\/markt\/#\/schema\/logo\/image\/","url":"https:\/\/marktxxl.de\/markt\/wp-content\/uploads\/sites\/3\/2020\/12\/logo.png","contentUrl":"https:\/\/marktxxl.de\/markt\/wp-content\/uploads\/sites\/3\/2020\/12\/logo.png","width":200,"height":70,"caption":"Markt-XXL"},"image":{"@id":"https:\/\/marktxxl.de\/markt\/#\/schema\/logo\/image\/"}}]}},"_links":{"self":[{"href":"https:\/\/marktxxl.de\/markt\/wp-json\/wp\/v2\/product\/45031","targetHints":{"allow":["GET"]}}],"collection":[{"href":"https:\/\/marktxxl.de\/markt\/wp-json\/wp\/v2\/product"}],"about":[{"href":"https:\/\/marktxxl.de\/markt\/wp-json\/wp\/v2\/types\/product"}],"replies":[{"embeddable":true,"href":"https:\/\/marktxxl.de\/markt\/wp-json\/wp\/v2\/comments?post=45031"}],"wp:featuredmedia":[{"embeddable":true,"href":"https:\/\/marktxxl.de\/markt\/wp-json\/wp\/v2\/media\/45032"}],"wp:attachment":[{"href":"https:\/\/marktxxl.de\/markt\/wp-json\/wp\/v2\/media?parent=45031"}],"wp:term":[{"taxonomy":"product_brand","embeddable":true,"href":"https:\/\/marktxxl.de\/markt\/wp-json\/wp\/v2\/product_brand?post=45031"},{"taxonomy":"product_cat","embeddable":true,"href":"https:\/\/marktxxl.de\/markt\/wp-json\/wp\/v2\/product_cat?post=45031"},{"taxonomy":"product_tag","embeddable":true,"href":"https:\/\/marktxxl.de\/markt\/wp-json\/wp\/v2\/product_tag?post=45031"}],"curies":[{"name":"wp","href":"https:\/\/api.w.org\/{rel}","templated":true}]}}