{"id":44957,"date":"2021-09-26T16:15:07","date_gmt":"2021-09-26T14:15:07","guid":{"rendered":"https:\/\/marktxxl.de\/markt\/produkt\/dhu-schuessler-salz-nr-3-ferrum-phosphoricum-d12-tabletten-420-st-tabletten\/"},"modified":"2023-04-11T02:04:15","modified_gmt":"2023-04-11T00:04:15","slug":"dhu-schuessler-salz-nr-3-ferrum-phosphoricum-d12-tabletten-420-st-tabletten","status":"publish","type":"product","link":"https:\/\/marktxxl.de\/markt\/produkt\/dhu-schuessler-salz-nr-3-ferrum-phosphoricum-d12-tabletten-420-st-tabletten\/","title":{"rendered":"DHU Sch\u00fc\u00dfler-Salz Nr. 3 Ferrum phosphoricum D12 \u2013 Das Mineralsalz des Immunsystems \u2013 das Original \u2013 umweltfreundlich im\u2026"},"content":{"rendered":"<p>INHALT: enth\u00e4lt Ferrum phosphoricum in biochemischer Potenzierung (D12), Sonstige Bestandteile: Magensiumstearat (Ph.Eur.), Weizenst\u00e4rke, Lactose-Monohydrat. glutenfrei<br \/>\nFERRUM PHOSPHORICUM hat nach Dr. Sch\u00fc\u00dfler Anteil am Immunsystem und sorgt f\u00fcr eine gute Sauerstoffaufnahme im K\u00f6rper. Registriertes hom\u00f6opathische Arzneimittel. Die Anwendung erfolgt ausschlie\u00dflich aufgrund der langj\u00e4hrigen Verwendung in dieser Therapie.<br \/>\nEINNAHME: Erwachsene und Jugendliche ab 12 Jahren nehmen 1 bis 3 mal t\u00e4glich 1 Tablette ein. Nach dem Eintritt einer Besserung sollten Sie die H\u00e4ufigkeit der Einnahme reduzieren. F\u00fcr S\u00e4uglinge im 1. Lebensjahr und Kinder gelten abweichende Dosierungen. Bitte Packungsbeilage beachten.<br \/>\nHom\u00f6opathisches Arzneimittel aus der Apotheke (PZN: 06584019) Zu Risiken und Nebenwirkungen lesen Sie die Packungsbeilage und fragen Sie Ihren Arzt oder Apotheker.<br \/>\nDHU Arzneimittel GmbH &amp; Co. KG, Karlsruhe. Die DHU ist Deutschlands f\u00fchrender Hersteller von Original Sch\u00fc\u00dfler-Salzen seit 1873. Dabei wird sorgf\u00e4ltig auf konstant h\u00f6chste Qualit\u00e4t geachtet und ausschlie\u00dflich in Deutschland produziert. Die Mineralsalze sind in nachhaltigen Glasfl\u00e4schchen verpackt.<br \/>\n<div class=\"main-cross-sell\" data-asin=\"B00DIWQEP2\">\n\n\t<div class=\"WooZone-cross-sell-loader\">\n\t\t<div>\n\t\t\t<div id=\"floatingBarsG\">\n\t\t\t\t<div class=\"blockG\" id=\"rotateG_01\"><\/div>\n\t\t\t\t<div class=\"blockG\" id=\"rotateG_02\"><\/div>\n\t\t\t\t<div class=\"blockG\" id=\"rotateG_03\"><\/div>\n\t\t\t\t<div class=\"blockG\" id=\"rotateG_04\"><\/div>\n\t\t\t\t<div class=\"blockG\" id=\"rotateG_05\"><\/div>\n\t\t\t\t<div class=\"blockG\" id=\"rotateG_06\"><\/div>\n\t\t\t\t<div class=\"blockG\" id=\"rotateG_07\"><\/div>\n\t\t\t\t<div class=\"blockG\" id=\"rotateG_08\"><\/div>\n\t\t\t<\/div>\n\t\t\t<div class=\"WooZone-cross-sell-loader-text\"><\/div>\n\t\t<\/div>\n\t<\/div>\n\n\t\t\n<\/div>\n<div style=\"clear:both;\"><\/div><\/p>\n","protected":false},"excerpt":{"rendered":"<p>INHALT: enth\u00e4lt Ferrum phosphoricum in biochemischer Potenzierung (D12), Sonstige Bestandteile: Magensiumstearat (Ph.Eur.), Weizenst\u00e4rke, Lactose-Monohydrat. glutenfrei<br \/>\nFERRUM PHOSPHORICUM hat nach Dr. Sch\u00fc\u00dfler Anteil am Immunsystem und sorgt f\u00fcr eine gute Sauerstoffaufnahme im K\u00f6rper. Registriertes hom\u00f6opathische Arzneimittel. Die Anwendung erfolgt ausschlie\u00dflich aufgrund der langj\u00e4hrigen Verwendung in dieser Therapie.<br \/>\nEINNAHME: Erwachsene und Jugendliche ab 12 Jahren nehmen 1 bis 3 mal t\u00e4glich 1 Tablette ein. Nach dem Eintritt einer Besserung sollten Sie die H\u00e4ufigkeit der Einnahme reduzieren. F\u00fcr S\u00e4uglinge im 1. Lebensjahr und Kinder gelten abweichende Dosierungen. Bitte Packungsbeilage beachten.<\/p>\n","protected":false},"featured_media":44958,"comment_status":"open","ping_status":"closed","template":"","meta":[],"product_brand":[],"product_cat":[566,5932],"product_tag":[],"class_list":{"0":"post-44957","1":"product","2":"type-product","3":"status-publish","4":"has-post-thumbnail","6":"product_cat-drogerie-koerperpflege","7":"product_cat-mobilitaetshilfen-zubehoer","8":"pa_binding-badartikel","9":"pa_brand-dhu","10":"pa_height-2-362204722-zoll","11":"pa_languages-unbekannt-deutsch","12":"pa_length-4-724409444-zoll","13":"pa_manufacturer-dhu-arzneimittel-gmbh-co-kg-deutschland","14":"pa_size-420-stueck-1er-pack","15":"pa_width-2-362204722-zoll","17":"first","18":"instock","19":"shipping-taxable","20":"purchasable","21":"product-type-simple","22":"customify-col","23":"product-has-gallery"},"yoast_head":"<!-- This site is optimized with the Yoast SEO plugin v27.3 - https:\/\/yoast.com\/product\/yoast-seo-wordpress\/ -->\n<title>DHU Sch\u00fc\u00dfler-Salz Nr. 3 Ferrum phosphoricum D12 \u2013 Das Mineralsalz des Immunsystems \u2013 das Original \u2013 umweltfreundlich im\u2026 - Markt-XXL<\/title>\n<meta name=\"description\" content=\"Markt-XXL DHU Sch\u00fc\u00dfler-Salz Nr. 3 Ferrum phosphoricum D12 \u2013 Das Mineralsalz des Immunsystems \u2013 das Original \u2013 umweltfreundlich im\u2026\" \/>\n<meta name=\"robots\" content=\"index, follow, max-snippet:-1, max-image-preview:large, max-video-preview:-1\" \/>\n<link rel=\"canonical\" href=\"https:\/\/marktxxl.de\/markt\/produkt\/dhu-schuessler-salz-nr-3-ferrum-phosphoricum-d12-tabletten-420-st-tabletten\/\" \/>\n<meta property=\"og:locale\" content=\"de_DE\" \/>\n<meta property=\"og:type\" content=\"article\" \/>\n<meta property=\"og:title\" content=\"DHU Sch\u00fc\u00dfler-Salz Nr. 3 Ferrum phosphoricum D12 \u2013 Das Mineralsalz des Immunsystems \u2013 das Original \u2013 umweltfreundlich im\u2026 - Markt-XXL\" \/>\n<meta property=\"og:description\" content=\"Markt-XXL DHU Sch\u00fc\u00dfler-Salz Nr. 3 Ferrum phosphoricum D12 \u2013 Das Mineralsalz des Immunsystems \u2013 das Original \u2013 umweltfreundlich im\u2026\" \/>\n<meta property=\"og:url\" content=\"https:\/\/marktxxl.de\/markt\/produkt\/dhu-schuessler-salz-nr-3-ferrum-phosphoricum-d12-tabletten-420-st-tabletten\/\" \/>\n<meta property=\"og:site_name\" content=\"Markt-XXL\" \/>\n<meta property=\"article:modified_time\" content=\"2023-04-11T00:04:15+00:00\" \/>\n<meta property=\"og:image\" content=\"https:\/\/m.media-amazon.com\/images\/I\/41BEajVJh9L._SL500_.jpg\" \/>\n\t<meta property=\"og:image:width\" content=\"500\" \/>\n\t<meta property=\"og:image:height\" content=\"500\" \/>\n\t<meta property=\"og:image:type\" content=\"image\/jpeg\" \/>\n<meta name=\"twitter:card\" content=\"summary_large_image\" \/>\n<meta name=\"twitter:label1\" content=\"Gesch\u00e4tzte Lesezeit\" \/>\n\t<meta name=\"twitter:data1\" content=\"1\u00a0Minute\" \/>\n<script type=\"application\/ld+json\" class=\"yoast-schema-graph\">{\"@context\":\"https:\\\/\\\/schema.org\",\"@graph\":[{\"@type\":\"WebPage\",\"@id\":\"https:\\\/\\\/marktxxl.de\\\/markt\\\/produkt\\\/dhu-schuessler-salz-nr-3-ferrum-phosphoricum-d12-tabletten-420-st-tabletten\\\/\",\"url\":\"https:\\\/\\\/marktxxl.de\\\/markt\\\/produkt\\\/dhu-schuessler-salz-nr-3-ferrum-phosphoricum-d12-tabletten-420-st-tabletten\\\/\",\"name\":\"DHU Sch\u00fc\u00dfler-Salz Nr. 3 Ferrum phosphoricum D12 \u2013 Das Mineralsalz des Immunsystems \u2013 das Original \u2013 umweltfreundlich im\u2026 - Markt-XXL\",\"isPartOf\":{\"@id\":\"https:\\\/\\\/marktxxl.de\\\/markt\\\/#website\"},\"primaryImageOfPage\":{\"@id\":\"https:\\\/\\\/marktxxl.de\\\/markt\\\/produkt\\\/dhu-schuessler-salz-nr-3-ferrum-phosphoricum-d12-tabletten-420-st-tabletten\\\/#primaryimage\"},\"image\":{\"@id\":\"https:\\\/\\\/marktxxl.de\\\/markt\\\/produkt\\\/dhu-schuessler-salz-nr-3-ferrum-phosphoricum-d12-tabletten-420-st-tabletten\\\/#primaryimage\"},\"thumbnailUrl\":\"https:\\\/\\\/m.media-amazon.com\\\/images\\\/I\\\/41BEajVJh9L._SL500_.jpg\",\"datePublished\":\"2021-09-26T14:15:07+00:00\",\"dateModified\":\"2023-04-11T00:04:15+00:00\",\"description\":\"Markt-XXL DHU Sch\u00fc\u00dfler-Salz Nr. 3 Ferrum phosphoricum D12 \u2013 Das Mineralsalz des Immunsystems \u2013 das Original \u2013 umweltfreundlich im\u2026\",\"breadcrumb\":{\"@id\":\"https:\\\/\\\/marktxxl.de\\\/markt\\\/produkt\\\/dhu-schuessler-salz-nr-3-ferrum-phosphoricum-d12-tabletten-420-st-tabletten\\\/#breadcrumb\"},\"inLanguage\":\"de\",\"potentialAction\":[{\"@type\":\"ReadAction\",\"target\":[\"https:\\\/\\\/marktxxl.de\\\/markt\\\/produkt\\\/dhu-schuessler-salz-nr-3-ferrum-phosphoricum-d12-tabletten-420-st-tabletten\\\/\"]}]},{\"@type\":\"ImageObject\",\"inLanguage\":\"de\",\"@id\":\"https:\\\/\\\/marktxxl.de\\\/markt\\\/produkt\\\/dhu-schuessler-salz-nr-3-ferrum-phosphoricum-d12-tabletten-420-st-tabletten\\\/#primaryimage\",\"url\":\"https:\\\/\\\/m.media-amazon.com\\\/images\\\/I\\\/41BEajVJh9L._SL500_.jpg\",\"contentUrl\":\"https:\\\/\\\/m.media-amazon.com\\\/images\\\/I\\\/41BEajVJh9L._SL500_.jpg\",\"width\":500,\"height\":500},{\"@type\":\"BreadcrumbList\",\"@id\":\"https:\\\/\\\/marktxxl.de\\\/markt\\\/produkt\\\/dhu-schuessler-salz-nr-3-ferrum-phosphoricum-d12-tabletten-420-st-tabletten\\\/#breadcrumb\",\"itemListElement\":[{\"@type\":\"ListItem\",\"position\":1,\"name\":\"Startseite\",\"item\":\"https:\\\/\\\/marktxxl.de\\\/markt\\\/\"},{\"@type\":\"ListItem\",\"position\":2,\"name\":\"Markt\",\"item\":\"https:\\\/\\\/marktxxl.de\\\/markt\\\/\"},{\"@type\":\"ListItem\",\"position\":3,\"name\":\"DHU Sch\u00fc\u00dfler-Salz Nr. 3 Ferrum phosphoricum D12 \u2013 Das Mineralsalz des Immunsystems \u2013 das Original \u2013 umweltfreundlich im\u2026\"}]},{\"@type\":\"WebSite\",\"@id\":\"https:\\\/\\\/marktxxl.de\\\/markt\\\/#website\",\"url\":\"https:\\\/\\\/marktxxl.de\\\/markt\\\/\",\"name\":\"Markt-XXL\",\"description\":\"Ihr Markt Online\",\"publisher\":{\"@id\":\"https:\\\/\\\/marktxxl.de\\\/markt\\\/#organization\"},\"potentialAction\":[{\"@type\":\"SearchAction\",\"target\":{\"@type\":\"EntryPoint\",\"urlTemplate\":\"https:\\\/\\\/marktxxl.de\\\/markt\\\/?s={search_term_string}\"},\"query-input\":{\"@type\":\"PropertyValueSpecification\",\"valueRequired\":true,\"valueName\":\"search_term_string\"}}],\"inLanguage\":\"de\"},{\"@type\":\"Organization\",\"@id\":\"https:\\\/\\\/marktxxl.de\\\/markt\\\/#organization\",\"name\":\"Markt-XXL\",\"url\":\"https:\\\/\\\/marktxxl.de\\\/markt\\\/\",\"logo\":{\"@type\":\"ImageObject\",\"inLanguage\":\"de\",\"@id\":\"https:\\\/\\\/marktxxl.de\\\/markt\\\/#\\\/schema\\\/logo\\\/image\\\/\",\"url\":\"https:\\\/\\\/marktxxl.de\\\/markt\\\/wp-content\\\/uploads\\\/sites\\\/3\\\/2020\\\/12\\\/logo.png\",\"contentUrl\":\"https:\\\/\\\/marktxxl.de\\\/markt\\\/wp-content\\\/uploads\\\/sites\\\/3\\\/2020\\\/12\\\/logo.png\",\"width\":200,\"height\":70,\"caption\":\"Markt-XXL\"},\"image\":{\"@id\":\"https:\\\/\\\/marktxxl.de\\\/markt\\\/#\\\/schema\\\/logo\\\/image\\\/\"}}]}<\/script>\n<!-- \/ Yoast SEO plugin. -->","yoast_head_json":{"title":"DHU Sch\u00fc\u00dfler-Salz Nr. 3 Ferrum phosphoricum D12 \u2013 Das Mineralsalz des Immunsystems \u2013 das Original \u2013 umweltfreundlich im\u2026 - Markt-XXL","description":"Markt-XXL DHU Sch\u00fc\u00dfler-Salz Nr. 3 Ferrum phosphoricum D12 \u2013 Das Mineralsalz des Immunsystems \u2013 das Original \u2013 umweltfreundlich im\u2026","robots":{"index":"index","follow":"follow","max-snippet":"max-snippet:-1","max-image-preview":"max-image-preview:large","max-video-preview":"max-video-preview:-1"},"canonical":"https:\/\/marktxxl.de\/markt\/produkt\/dhu-schuessler-salz-nr-3-ferrum-phosphoricum-d12-tabletten-420-st-tabletten\/","og_locale":"de_DE","og_type":"article","og_title":"DHU Sch\u00fc\u00dfler-Salz Nr. 3 Ferrum phosphoricum D12 \u2013 Das Mineralsalz des Immunsystems \u2013 das Original \u2013 umweltfreundlich im\u2026 - Markt-XXL","og_description":"Markt-XXL DHU Sch\u00fc\u00dfler-Salz Nr. 3 Ferrum phosphoricum D12 \u2013 Das Mineralsalz des Immunsystems \u2013 das Original \u2013 umweltfreundlich im\u2026","og_url":"https:\/\/marktxxl.de\/markt\/produkt\/dhu-schuessler-salz-nr-3-ferrum-phosphoricum-d12-tabletten-420-st-tabletten\/","og_site_name":"Markt-XXL","article_modified_time":"2023-04-11T00:04:15+00:00","og_image":[{"width":500,"height":500,"url":"https:\/\/m.media-amazon.com\/images\/I\/41BEajVJh9L._SL500_.jpg","type":"image\/jpeg"}],"twitter_card":"summary_large_image","twitter_misc":{"Gesch\u00e4tzte Lesezeit":"1\u00a0Minute"},"schema":{"@context":"https:\/\/schema.org","@graph":[{"@type":"WebPage","@id":"https:\/\/marktxxl.de\/markt\/produkt\/dhu-schuessler-salz-nr-3-ferrum-phosphoricum-d12-tabletten-420-st-tabletten\/","url":"https:\/\/marktxxl.de\/markt\/produkt\/dhu-schuessler-salz-nr-3-ferrum-phosphoricum-d12-tabletten-420-st-tabletten\/","name":"DHU Sch\u00fc\u00dfler-Salz Nr. 3 Ferrum phosphoricum D12 \u2013 Das Mineralsalz des Immunsystems \u2013 das Original \u2013 umweltfreundlich im\u2026 - Markt-XXL","isPartOf":{"@id":"https:\/\/marktxxl.de\/markt\/#website"},"primaryImageOfPage":{"@id":"https:\/\/marktxxl.de\/markt\/produkt\/dhu-schuessler-salz-nr-3-ferrum-phosphoricum-d12-tabletten-420-st-tabletten\/#primaryimage"},"image":{"@id":"https:\/\/marktxxl.de\/markt\/produkt\/dhu-schuessler-salz-nr-3-ferrum-phosphoricum-d12-tabletten-420-st-tabletten\/#primaryimage"},"thumbnailUrl":"https:\/\/m.media-amazon.com\/images\/I\/41BEajVJh9L._SL500_.jpg","datePublished":"2021-09-26T14:15:07+00:00","dateModified":"2023-04-11T00:04:15+00:00","description":"Markt-XXL DHU Sch\u00fc\u00dfler-Salz Nr. 3 Ferrum phosphoricum D12 \u2013 Das Mineralsalz des Immunsystems \u2013 das Original \u2013 umweltfreundlich im\u2026","breadcrumb":{"@id":"https:\/\/marktxxl.de\/markt\/produkt\/dhu-schuessler-salz-nr-3-ferrum-phosphoricum-d12-tabletten-420-st-tabletten\/#breadcrumb"},"inLanguage":"de","potentialAction":[{"@type":"ReadAction","target":["https:\/\/marktxxl.de\/markt\/produkt\/dhu-schuessler-salz-nr-3-ferrum-phosphoricum-d12-tabletten-420-st-tabletten\/"]}]},{"@type":"ImageObject","inLanguage":"de","@id":"https:\/\/marktxxl.de\/markt\/produkt\/dhu-schuessler-salz-nr-3-ferrum-phosphoricum-d12-tabletten-420-st-tabletten\/#primaryimage","url":"https:\/\/m.media-amazon.com\/images\/I\/41BEajVJh9L._SL500_.jpg","contentUrl":"https:\/\/m.media-amazon.com\/images\/I\/41BEajVJh9L._SL500_.jpg","width":500,"height":500},{"@type":"BreadcrumbList","@id":"https:\/\/marktxxl.de\/markt\/produkt\/dhu-schuessler-salz-nr-3-ferrum-phosphoricum-d12-tabletten-420-st-tabletten\/#breadcrumb","itemListElement":[{"@type":"ListItem","position":1,"name":"Startseite","item":"https:\/\/marktxxl.de\/markt\/"},{"@type":"ListItem","position":2,"name":"Markt","item":"https:\/\/marktxxl.de\/markt\/"},{"@type":"ListItem","position":3,"name":"DHU Sch\u00fc\u00dfler-Salz Nr. 3 Ferrum phosphoricum D12 \u2013 Das Mineralsalz des Immunsystems \u2013 das Original \u2013 umweltfreundlich im\u2026"}]},{"@type":"WebSite","@id":"https:\/\/marktxxl.de\/markt\/#website","url":"https:\/\/marktxxl.de\/markt\/","name":"Markt-XXL","description":"Ihr Markt Online","publisher":{"@id":"https:\/\/marktxxl.de\/markt\/#organization"},"potentialAction":[{"@type":"SearchAction","target":{"@type":"EntryPoint","urlTemplate":"https:\/\/marktxxl.de\/markt\/?s={search_term_string}"},"query-input":{"@type":"PropertyValueSpecification","valueRequired":true,"valueName":"search_term_string"}}],"inLanguage":"de"},{"@type":"Organization","@id":"https:\/\/marktxxl.de\/markt\/#organization","name":"Markt-XXL","url":"https:\/\/marktxxl.de\/markt\/","logo":{"@type":"ImageObject","inLanguage":"de","@id":"https:\/\/marktxxl.de\/markt\/#\/schema\/logo\/image\/","url":"https:\/\/marktxxl.de\/markt\/wp-content\/uploads\/sites\/3\/2020\/12\/logo.png","contentUrl":"https:\/\/marktxxl.de\/markt\/wp-content\/uploads\/sites\/3\/2020\/12\/logo.png","width":200,"height":70,"caption":"Markt-XXL"},"image":{"@id":"https:\/\/marktxxl.de\/markt\/#\/schema\/logo\/image\/"}}]}},"_links":{"self":[{"href":"https:\/\/marktxxl.de\/markt\/wp-json\/wp\/v2\/product\/44957","targetHints":{"allow":["GET"]}}],"collection":[{"href":"https:\/\/marktxxl.de\/markt\/wp-json\/wp\/v2\/product"}],"about":[{"href":"https:\/\/marktxxl.de\/markt\/wp-json\/wp\/v2\/types\/product"}],"replies":[{"embeddable":true,"href":"https:\/\/marktxxl.de\/markt\/wp-json\/wp\/v2\/comments?post=44957"}],"wp:featuredmedia":[{"embeddable":true,"href":"https:\/\/marktxxl.de\/markt\/wp-json\/wp\/v2\/media\/44958"}],"wp:attachment":[{"href":"https:\/\/marktxxl.de\/markt\/wp-json\/wp\/v2\/media?parent=44957"}],"wp:term":[{"taxonomy":"product_brand","embeddable":true,"href":"https:\/\/marktxxl.de\/markt\/wp-json\/wp\/v2\/product_brand?post=44957"},{"taxonomy":"product_cat","embeddable":true,"href":"https:\/\/marktxxl.de\/markt\/wp-json\/wp\/v2\/product_cat?post=44957"},{"taxonomy":"product_tag","embeddable":true,"href":"https:\/\/marktxxl.de\/markt\/wp-json\/wp\/v2\/product_tag?post=44957"}],"curies":[{"name":"wp","href":"https:\/\/api.w.org\/{rel}","templated":true}]}}