{"id":44861,"date":"2021-09-26T16:14:03","date_gmt":"2021-09-26T14:14:03","guid":{"rendered":"https:\/\/marktxxl.de\/markt\/produkt\/harrys-rasierklingen-fuer-herren-8-stueck\/"},"modified":"2023-04-11T02:04:13","modified_gmt":"2023-04-11T00:04:13","slug":"harrys-rasierklingen-fuer-herren-8-stueck","status":"publish","type":"product","link":"https:\/\/marktxxl.de\/markt\/produkt\/harrys-rasierklingen-fuer-herren-8-stueck\/","title":{"rendered":"Harry&#8217;s Rasierklingen f\u00fcr Herren, 8 St\u00fcck"},"content":{"rendered":"<p>Premium-Klingen \u2013 Harry&#8217;s Rasierer f\u00fcr M\u00e4nner enth\u00e4lt 5 scharfe, langlebige Rasierklingen in unserer deutschen Manufaktur f\u00fcr eine gr\u00fcndliche, komfortable Rasur.<br \/>\nAlles, was Sie f\u00fcr eine tolle Rasur brauchen \u2013 unser Herrenrasierer ist mit einem Pr\u00e4zisionstrimmer f\u00fcr schwer zug\u00e4ngliche Stellen, Flexscharnier und Gleitstreifen ausgestattet. Unsere Klingenbox h\u00e4lt Ihre Rasierklingen in einem optimalen Zustand, bis Sie bereit f\u00fcr die Rasur sind. Es ist einfach zu bedienen, wasserfreundlich und 100% recycelbar.<br \/>\nFabrikdirektpreise \u2013 Harry kaufte eine Fabrik in Deutschland, um die Qualit\u00e4t unserer Rasiermesser f\u00fcr M\u00e4nner zu gew\u00e4hrleisten und die Einsparungen an unsere Kunden weiterzugeben, die eine gro\u00dfartige Rasur zu einem fairen Preis verdienen.<br \/>\nWir sind eine Marke, der Sie vertrauen k\u00f6nnen \u2013 Ver\u00f6ffentlichungen wie GQ, Esquire und Men&#8217;s Health stehen hinter der Qualit\u00e4t unserer Produkte und glauben, dass wir beeindruckende Rasierklingen f\u00fcr M\u00e4nner zu einem niedrigen Preis anbieten.<br \/>\nQualit\u00e4t garantiert \u2013 Wir m\u00f6chten, dass Sie jedes Produkt lieben, das wir herstellen. Wenn Sie nicht zufrieden mit Ihren Rasierern f\u00fcr die Rasur sind, senden Sie uns eine Nachricht und wir k\u00fcmmern uns um Sie.<br \/>\n<div class=\"main-cross-sell\" data-asin=\"B01LZ9HXB4\">\n\n\t<div class=\"WooZone-cross-sell-loader\">\n\t\t<div>\n\t\t\t<div id=\"floatingBarsG\">\n\t\t\t\t<div class=\"blockG\" id=\"rotateG_01\"><\/div>\n\t\t\t\t<div class=\"blockG\" id=\"rotateG_02\"><\/div>\n\t\t\t\t<div class=\"blockG\" id=\"rotateG_03\"><\/div>\n\t\t\t\t<div class=\"blockG\" id=\"rotateG_04\"><\/div>\n\t\t\t\t<div class=\"blockG\" id=\"rotateG_05\"><\/div>\n\t\t\t\t<div class=\"blockG\" id=\"rotateG_06\"><\/div>\n\t\t\t\t<div class=\"blockG\" id=\"rotateG_07\"><\/div>\n\t\t\t\t<div class=\"blockG\" id=\"rotateG_08\"><\/div>\n\t\t\t<\/div>\n\t\t\t<div class=\"WooZone-cross-sell-loader-text\"><\/div>\n\t\t<\/div>\n\t<\/div>\n\n\t\t\n<\/div>\n<div style=\"clear:both;\"><\/div><\/p>\n","protected":false},"excerpt":{"rendered":"<p>Premium-Klingen \u2013 Harry&#8217;s Rasierer f\u00fcr M\u00e4nner enth\u00e4lt 5 scharfe, langlebige Rasierklingen in unserer deutschen Manufaktur f\u00fcr eine gr\u00fcndliche, komfortable Rasur.<br \/>\nAlles, was Sie f\u00fcr eine tolle Rasur brauchen \u2013 unser Herrenrasierer ist mit einem Pr\u00e4zisionstrimmer f\u00fcr schwer zug\u00e4ngliche Stellen, Flexscharnier und Gleitstreifen ausgestattet. Unsere Klingenbox h\u00e4lt Ihre Rasierklingen in einem optimalen Zustand, bis Sie bereit f\u00fcr die Rasur sind. Es ist einfach zu bedienen, wasserfreundlich und 100% recycelbar.<br \/>\nFabrikdirektpreise \u2013 Harry kaufte eine Fabrik in Deutschland, um die Qualit\u00e4t unserer Rasiermesser f\u00fcr M\u00e4nner zu gew\u00e4hrleisten und die Einsparungen an unsere Kunden weiterzugeben, die eine gro\u00dfartige Rasur zu einem fairen Preis verdienen.<\/p>\n","protected":false},"featured_media":44862,"comment_status":"open","ping_status":"closed","template":"","meta":[],"product_brand":[],"product_cat":[566,6190],"product_tag":[],"class_list":{"0":"post-44861","1":"product","2":"type-product","3":"status-publish","4":"has-post-thumbnail","6":"product_cat-drogerie-koerperpflege","7":"product_cat-rasur-enthaarung","8":"pa_binding-badartikel","9":"pa_brand-harrys","10":"pa_height-1-1-zoll","11":"pa_length-6-13-zoll","12":"pa_manufacturer-amazonus-vs2gz","13":"pa_model-kkrb0633","14":"pa_size-8-count","15":"pa_weight-0-1-pfund","16":"pa_width-4-2-zoll","18":"first","19":"instock","20":"shipping-taxable","21":"purchasable","22":"product-type-simple","23":"customify-col","24":"product-has-gallery"},"yoast_head":"<!-- This site is optimized with the Yoast SEO plugin v27.3 - https:\/\/yoast.com\/product\/yoast-seo-wordpress\/ -->\n<title>Harry&#039;s Rasierklingen f\u00fcr Herren, 8 St\u00fcck - Markt-XXL<\/title>\n<meta name=\"description\" content=\"Markt-XXL Harry&#039;s Rasierklingen f\u00fcr Herren, 8 St\u00fcck\" \/>\n<meta name=\"robots\" content=\"index, follow, max-snippet:-1, max-image-preview:large, max-video-preview:-1\" \/>\n<link rel=\"canonical\" href=\"https:\/\/marktxxl.de\/markt\/produkt\/harrys-rasierklingen-fuer-herren-8-stueck\/\" \/>\n<meta property=\"og:locale\" content=\"de_DE\" \/>\n<meta property=\"og:type\" content=\"article\" \/>\n<meta property=\"og:title\" content=\"Harry&#039;s Rasierklingen f\u00fcr Herren, 8 St\u00fcck - Markt-XXL\" \/>\n<meta property=\"og:description\" content=\"Markt-XXL Harry&#039;s Rasierklingen f\u00fcr Herren, 8 St\u00fcck\" \/>\n<meta property=\"og:url\" content=\"https:\/\/marktxxl.de\/markt\/produkt\/harrys-rasierklingen-fuer-herren-8-stueck\/\" \/>\n<meta property=\"og:site_name\" content=\"Markt-XXL\" \/>\n<meta property=\"article:modified_time\" content=\"2023-04-11T00:04:13+00:00\" \/>\n<meta property=\"og:image\" content=\"https:\/\/m.media-amazon.com\/images\/I\/419jXHozHpS._SL500_.jpg\" \/>\n\t<meta property=\"og:image:width\" content=\"500\" \/>\n\t<meta property=\"og:image:height\" content=\"500\" \/>\n\t<meta property=\"og:image:type\" content=\"image\/jpeg\" \/>\n<meta name=\"twitter:card\" content=\"summary_large_image\" \/>\n<meta name=\"twitter:label1\" content=\"Gesch\u00e4tzte Lesezeit\" \/>\n\t<meta name=\"twitter:data1\" content=\"1\u00a0Minute\" \/>\n<script type=\"application\/ld+json\" class=\"yoast-schema-graph\">{\"@context\":\"https:\\\/\\\/schema.org\",\"@graph\":[{\"@type\":\"WebPage\",\"@id\":\"https:\\\/\\\/marktxxl.de\\\/markt\\\/produkt\\\/harrys-rasierklingen-fuer-herren-8-stueck\\\/\",\"url\":\"https:\\\/\\\/marktxxl.de\\\/markt\\\/produkt\\\/harrys-rasierklingen-fuer-herren-8-stueck\\\/\",\"name\":\"Harry's Rasierklingen f\u00fcr Herren, 8 St\u00fcck - Markt-XXL\",\"isPartOf\":{\"@id\":\"https:\\\/\\\/marktxxl.de\\\/markt\\\/#website\"},\"primaryImageOfPage\":{\"@id\":\"https:\\\/\\\/marktxxl.de\\\/markt\\\/produkt\\\/harrys-rasierklingen-fuer-herren-8-stueck\\\/#primaryimage\"},\"image\":{\"@id\":\"https:\\\/\\\/marktxxl.de\\\/markt\\\/produkt\\\/harrys-rasierklingen-fuer-herren-8-stueck\\\/#primaryimage\"},\"thumbnailUrl\":\"https:\\\/\\\/m.media-amazon.com\\\/images\\\/I\\\/419jXHozHpS._SL500_.jpg\",\"datePublished\":\"2021-09-26T14:14:03+00:00\",\"dateModified\":\"2023-04-11T00:04:13+00:00\",\"description\":\"Markt-XXL Harry's Rasierklingen f\u00fcr Herren, 8 St\u00fcck\",\"breadcrumb\":{\"@id\":\"https:\\\/\\\/marktxxl.de\\\/markt\\\/produkt\\\/harrys-rasierklingen-fuer-herren-8-stueck\\\/#breadcrumb\"},\"inLanguage\":\"de\",\"potentialAction\":[{\"@type\":\"ReadAction\",\"target\":[\"https:\\\/\\\/marktxxl.de\\\/markt\\\/produkt\\\/harrys-rasierklingen-fuer-herren-8-stueck\\\/\"]}]},{\"@type\":\"ImageObject\",\"inLanguage\":\"de\",\"@id\":\"https:\\\/\\\/marktxxl.de\\\/markt\\\/produkt\\\/harrys-rasierklingen-fuer-herren-8-stueck\\\/#primaryimage\",\"url\":\"https:\\\/\\\/m.media-amazon.com\\\/images\\\/I\\\/419jXHozHpS._SL500_.jpg\",\"contentUrl\":\"https:\\\/\\\/m.media-amazon.com\\\/images\\\/I\\\/419jXHozHpS._SL500_.jpg\",\"width\":500,\"height\":500},{\"@type\":\"BreadcrumbList\",\"@id\":\"https:\\\/\\\/marktxxl.de\\\/markt\\\/produkt\\\/harrys-rasierklingen-fuer-herren-8-stueck\\\/#breadcrumb\",\"itemListElement\":[{\"@type\":\"ListItem\",\"position\":1,\"name\":\"Startseite\",\"item\":\"https:\\\/\\\/marktxxl.de\\\/markt\\\/\"},{\"@type\":\"ListItem\",\"position\":2,\"name\":\"Markt\",\"item\":\"https:\\\/\\\/marktxxl.de\\\/markt\\\/\"},{\"@type\":\"ListItem\",\"position\":3,\"name\":\"Harry&#8217;s Rasierklingen f\u00fcr Herren, 8 St\u00fcck\"}]},{\"@type\":\"WebSite\",\"@id\":\"https:\\\/\\\/marktxxl.de\\\/markt\\\/#website\",\"url\":\"https:\\\/\\\/marktxxl.de\\\/markt\\\/\",\"name\":\"Markt-XXL\",\"description\":\"Ihr Markt Online\",\"publisher\":{\"@id\":\"https:\\\/\\\/marktxxl.de\\\/markt\\\/#organization\"},\"potentialAction\":[{\"@type\":\"SearchAction\",\"target\":{\"@type\":\"EntryPoint\",\"urlTemplate\":\"https:\\\/\\\/marktxxl.de\\\/markt\\\/?s={search_term_string}\"},\"query-input\":{\"@type\":\"PropertyValueSpecification\",\"valueRequired\":true,\"valueName\":\"search_term_string\"}}],\"inLanguage\":\"de\"},{\"@type\":\"Organization\",\"@id\":\"https:\\\/\\\/marktxxl.de\\\/markt\\\/#organization\",\"name\":\"Markt-XXL\",\"url\":\"https:\\\/\\\/marktxxl.de\\\/markt\\\/\",\"logo\":{\"@type\":\"ImageObject\",\"inLanguage\":\"de\",\"@id\":\"https:\\\/\\\/marktxxl.de\\\/markt\\\/#\\\/schema\\\/logo\\\/image\\\/\",\"url\":\"https:\\\/\\\/marktxxl.de\\\/markt\\\/wp-content\\\/uploads\\\/sites\\\/3\\\/2020\\\/12\\\/logo.png\",\"contentUrl\":\"https:\\\/\\\/marktxxl.de\\\/markt\\\/wp-content\\\/uploads\\\/sites\\\/3\\\/2020\\\/12\\\/logo.png\",\"width\":200,\"height\":70,\"caption\":\"Markt-XXL\"},\"image\":{\"@id\":\"https:\\\/\\\/marktxxl.de\\\/markt\\\/#\\\/schema\\\/logo\\\/image\\\/\"}}]}<\/script>\n<!-- \/ Yoast SEO plugin. -->","yoast_head_json":{"title":"Harry's Rasierklingen f\u00fcr Herren, 8 St\u00fcck - Markt-XXL","description":"Markt-XXL Harry's Rasierklingen f\u00fcr Herren, 8 St\u00fcck","robots":{"index":"index","follow":"follow","max-snippet":"max-snippet:-1","max-image-preview":"max-image-preview:large","max-video-preview":"max-video-preview:-1"},"canonical":"https:\/\/marktxxl.de\/markt\/produkt\/harrys-rasierklingen-fuer-herren-8-stueck\/","og_locale":"de_DE","og_type":"article","og_title":"Harry's Rasierklingen f\u00fcr Herren, 8 St\u00fcck - Markt-XXL","og_description":"Markt-XXL Harry's Rasierklingen f\u00fcr Herren, 8 St\u00fcck","og_url":"https:\/\/marktxxl.de\/markt\/produkt\/harrys-rasierklingen-fuer-herren-8-stueck\/","og_site_name":"Markt-XXL","article_modified_time":"2023-04-11T00:04:13+00:00","og_image":[{"width":500,"height":500,"url":"https:\/\/m.media-amazon.com\/images\/I\/419jXHozHpS._SL500_.jpg","type":"image\/jpeg"}],"twitter_card":"summary_large_image","twitter_misc":{"Gesch\u00e4tzte Lesezeit":"1\u00a0Minute"},"schema":{"@context":"https:\/\/schema.org","@graph":[{"@type":"WebPage","@id":"https:\/\/marktxxl.de\/markt\/produkt\/harrys-rasierklingen-fuer-herren-8-stueck\/","url":"https:\/\/marktxxl.de\/markt\/produkt\/harrys-rasierklingen-fuer-herren-8-stueck\/","name":"Harry's Rasierklingen f\u00fcr Herren, 8 St\u00fcck - Markt-XXL","isPartOf":{"@id":"https:\/\/marktxxl.de\/markt\/#website"},"primaryImageOfPage":{"@id":"https:\/\/marktxxl.de\/markt\/produkt\/harrys-rasierklingen-fuer-herren-8-stueck\/#primaryimage"},"image":{"@id":"https:\/\/marktxxl.de\/markt\/produkt\/harrys-rasierklingen-fuer-herren-8-stueck\/#primaryimage"},"thumbnailUrl":"https:\/\/m.media-amazon.com\/images\/I\/419jXHozHpS._SL500_.jpg","datePublished":"2021-09-26T14:14:03+00:00","dateModified":"2023-04-11T00:04:13+00:00","description":"Markt-XXL Harry's Rasierklingen f\u00fcr Herren, 8 St\u00fcck","breadcrumb":{"@id":"https:\/\/marktxxl.de\/markt\/produkt\/harrys-rasierklingen-fuer-herren-8-stueck\/#breadcrumb"},"inLanguage":"de","potentialAction":[{"@type":"ReadAction","target":["https:\/\/marktxxl.de\/markt\/produkt\/harrys-rasierklingen-fuer-herren-8-stueck\/"]}]},{"@type":"ImageObject","inLanguage":"de","@id":"https:\/\/marktxxl.de\/markt\/produkt\/harrys-rasierklingen-fuer-herren-8-stueck\/#primaryimage","url":"https:\/\/m.media-amazon.com\/images\/I\/419jXHozHpS._SL500_.jpg","contentUrl":"https:\/\/m.media-amazon.com\/images\/I\/419jXHozHpS._SL500_.jpg","width":500,"height":500},{"@type":"BreadcrumbList","@id":"https:\/\/marktxxl.de\/markt\/produkt\/harrys-rasierklingen-fuer-herren-8-stueck\/#breadcrumb","itemListElement":[{"@type":"ListItem","position":1,"name":"Startseite","item":"https:\/\/marktxxl.de\/markt\/"},{"@type":"ListItem","position":2,"name":"Markt","item":"https:\/\/marktxxl.de\/markt\/"},{"@type":"ListItem","position":3,"name":"Harry&#8217;s Rasierklingen f\u00fcr Herren, 8 St\u00fcck"}]},{"@type":"WebSite","@id":"https:\/\/marktxxl.de\/markt\/#website","url":"https:\/\/marktxxl.de\/markt\/","name":"Markt-XXL","description":"Ihr Markt Online","publisher":{"@id":"https:\/\/marktxxl.de\/markt\/#organization"},"potentialAction":[{"@type":"SearchAction","target":{"@type":"EntryPoint","urlTemplate":"https:\/\/marktxxl.de\/markt\/?s={search_term_string}"},"query-input":{"@type":"PropertyValueSpecification","valueRequired":true,"valueName":"search_term_string"}}],"inLanguage":"de"},{"@type":"Organization","@id":"https:\/\/marktxxl.de\/markt\/#organization","name":"Markt-XXL","url":"https:\/\/marktxxl.de\/markt\/","logo":{"@type":"ImageObject","inLanguage":"de","@id":"https:\/\/marktxxl.de\/markt\/#\/schema\/logo\/image\/","url":"https:\/\/marktxxl.de\/markt\/wp-content\/uploads\/sites\/3\/2020\/12\/logo.png","contentUrl":"https:\/\/marktxxl.de\/markt\/wp-content\/uploads\/sites\/3\/2020\/12\/logo.png","width":200,"height":70,"caption":"Markt-XXL"},"image":{"@id":"https:\/\/marktxxl.de\/markt\/#\/schema\/logo\/image\/"}}]}},"_links":{"self":[{"href":"https:\/\/marktxxl.de\/markt\/wp-json\/wp\/v2\/product\/44861","targetHints":{"allow":["GET"]}}],"collection":[{"href":"https:\/\/marktxxl.de\/markt\/wp-json\/wp\/v2\/product"}],"about":[{"href":"https:\/\/marktxxl.de\/markt\/wp-json\/wp\/v2\/types\/product"}],"replies":[{"embeddable":true,"href":"https:\/\/marktxxl.de\/markt\/wp-json\/wp\/v2\/comments?post=44861"}],"wp:featuredmedia":[{"embeddable":true,"href":"https:\/\/marktxxl.de\/markt\/wp-json\/wp\/v2\/media\/44862"}],"wp:attachment":[{"href":"https:\/\/marktxxl.de\/markt\/wp-json\/wp\/v2\/media?parent=44861"}],"wp:term":[{"taxonomy":"product_brand","embeddable":true,"href":"https:\/\/marktxxl.de\/markt\/wp-json\/wp\/v2\/product_brand?post=44861"},{"taxonomy":"product_cat","embeddable":true,"href":"https:\/\/marktxxl.de\/markt\/wp-json\/wp\/v2\/product_cat?post=44861"},{"taxonomy":"product_tag","embeddable":true,"href":"https:\/\/marktxxl.de\/markt\/wp-json\/wp\/v2\/product_tag?post=44861"}],"curies":[{"name":"wp","href":"https:\/\/api.w.org\/{rel}","templated":true}]}}