{"id":44848,"date":"2021-09-26T16:14:00","date_gmt":"2021-09-26T14:14:00","guid":{"rendered":"https:\/\/marktxxl.de\/markt\/produkt\/stoertebekker-premium-bartkamm-aus-holz-mit-handgefertigtem-lederetui-perfekte-geschenkidee-bringt-jeden-bart-in-form-dank-beidseitiger-verzahnung-inkl-rasur-und-bartguide\/"},"modified":"2023-04-11T02:04:13","modified_gmt":"2023-04-11T00:04:13","slug":"stoertebekker-premium-bartkamm-aus-holz-mit-handgefertigtem-lederetui-perfekte-geschenkidee-bringt-jeden-bart-in-form-dank-beidseitiger-verzahnung-inkl-rasur-und-bartguide","status":"publish","type":"product","link":"https:\/\/marktxxl.de\/markt\/produkt\/stoertebekker-premium-bartkamm-aus-holz-mit-handgefertigtem-lederetui-perfekte-geschenkidee-bringt-jeden-bart-in-form-dank-beidseitiger-verzahnung-inkl-rasur-und-bartguide\/","title":{"rendered":"St\u00f6rtebekker\u00ae Premium Bartkamm aus Holz mit handgefertigtem Lederetui &#8211; Perfekte Geschenkidee &#8211; Bringt jeden Bart in\u2026"},"content":{"rendered":"<p>\u2713 PREMIUM-QUALIT\u00c4T: Der St\u00f6rtebekker Bartkamm besticht durch seine hochwertige Verarbeitung. Bei der Produktion durchl\u00e4uft der Bartkamm und das Etui strengste Kontrollen und erf\u00fcllt h\u00f6chste Qualit\u00e4tsstandards.<br \/>\n\u2713 HOCHWERTIGES DESIGN: Das Design des Bartkamms verbindet Natur und Barbershopfeeling mit seinem dunklem Holzton. Das hochwertige Lederetui mit der schicken Naht rundet das Produkt ab.<br \/>\n\u2713 INKLUSIVE LEDERETUI: Egal ob zur Aufbewahrung oder auf Reisen, mit dem edlen, aus Echtleder gefertigten Etui ist dein Bartkamm bestens untergebracht und wird so auch zum idealen Geschenk. Das Leder verarbeiten wir gesundheitsschonend und umweltfreundlich nach ISO 9001.<br \/>\n\u2713 SCH\u00d6NE GESCHENKIDEE: Durch das starke Preis-Leistungsverh\u00e4ltnis, die ansprechende Optik und die hochwertige Verpackung eignet sich der Bartkamm perfekt als Geschenk. Eine ausgefallene Geschenkidee, \u00fcber die sich jeder Beschenkte freuen wird!<br \/>\n\u2713 5 JAHRE GELD ZUR\u00dcCK &#8211; Wir vertrauen in unsere Qualit\u00e4t und erm\u00f6glichen deshalb eine 100% risikofreie Bestellung: Wir garantieren, dass Du dein Geld zur\u00fcck erh\u00e4ltst, wenn du nicht absolut zufrieden bist nach dem Kauf!<br \/>\n<div class=\"main-cross-sell\" data-asin=\"B08LNYFHS8\">\n\n\t<div class=\"WooZone-cross-sell-loader\">\n\t\t<div>\n\t\t\t<div id=\"floatingBarsG\">\n\t\t\t\t<div class=\"blockG\" id=\"rotateG_01\"><\/div>\n\t\t\t\t<div class=\"blockG\" id=\"rotateG_02\"><\/div>\n\t\t\t\t<div class=\"blockG\" id=\"rotateG_03\"><\/div>\n\t\t\t\t<div class=\"blockG\" id=\"rotateG_04\"><\/div>\n\t\t\t\t<div class=\"blockG\" id=\"rotateG_05\"><\/div>\n\t\t\t\t<div class=\"blockG\" id=\"rotateG_06\"><\/div>\n\t\t\t\t<div class=\"blockG\" id=\"rotateG_07\"><\/div>\n\t\t\t\t<div class=\"blockG\" id=\"rotateG_08\"><\/div>\n\t\t\t<\/div>\n\t\t\t<div class=\"WooZone-cross-sell-loader-text\"><\/div>\n\t\t<\/div>\n\t<\/div>\n\n\t\t\n<\/div>\n<div style=\"clear:both;\"><\/div><\/p>\n","protected":false},"excerpt":{"rendered":"<p>\u2713 PREMIUM-QUALIT\u00c4T: Der St\u00f6rtebekker Bartkamm besticht durch seine hochwertige Verarbeitung. Bei der Produktion durchl\u00e4uft der Bartkamm und das Etui strengste Kontrollen und erf\u00fcllt h\u00f6chste Qualit\u00e4tsstandards.<br \/>\n\u2713 HOCHWERTIGES DESIGN: Das Design des Bartkamms verbindet Natur und Barbershopfeeling mit seinem dunklem Holzton. Das hochwertige Lederetui mit der schicken Naht rundet das Produkt ab.<br \/>\n\u2713 INKLUSIVE LEDERETUI: Egal ob zur Aufbewahrung oder auf Reisen, mit dem edlen, aus Echtleder gefertigten Etui ist dein Bartkamm bestens untergebracht und wird so auch zum idealen Geschenk. Das Leder verarbeiten wir gesundheitsschonend und umweltfreundlich nach ISO 9001.<\/p>\n","protected":false},"featured_media":44849,"comment_status":"open","ping_status":"closed","template":"","meta":[],"product_brand":[],"product_cat":[566,6190],"product_tag":[],"class_list":{"0":"post-44848","1":"product","2":"type-product","3":"status-publish","4":"has-post-thumbnail","6":"product_cat-drogerie-koerperpflege","7":"product_cat-rasur-enthaarung","8":"pa_binding-badartikel","9":"pa_brand-stoertebekker-shaving-accessories","10":"pa_manufacturer-stoertbekker","11":"pa_size-1-stueck-1er-pack","13":"first","14":"instock","15":"shipping-taxable","16":"purchasable","17":"product-type-simple","18":"customify-col","19":"product-has-gallery"},"yoast_head":"<!-- This site is optimized with the Yoast SEO plugin v27.4 - https:\/\/yoast.com\/product\/yoast-seo-wordpress\/ -->\n<title>St\u00f6rtebekker\u00ae Premium Bartkamm aus Holz mit handgefertigtem Lederetui - Perfekte Geschenkidee - Bringt jeden Bart in\u2026 - Markt-XXL<\/title>\n<meta name=\"description\" content=\"Markt-XXL St\u00f6rtebekker\u00ae Premium Bartkamm aus Holz mit handgefertigtem Lederetui - Perfekte Geschenkidee - Bringt jeden Bart in\u2026\" \/>\n<meta name=\"robots\" content=\"index, follow, max-snippet:-1, max-image-preview:large, max-video-preview:-1\" \/>\n<link rel=\"canonical\" href=\"https:\/\/marktxxl.de\/markt\/produkt\/stoertebekker-premium-bartkamm-aus-holz-mit-handgefertigtem-lederetui-perfekte-geschenkidee-bringt-jeden-bart-in-form-dank-beidseitiger-verzahnung-inkl-rasur-und-bartguide\/\" \/>\n<meta property=\"og:locale\" content=\"de_DE\" \/>\n<meta property=\"og:type\" content=\"article\" \/>\n<meta property=\"og:title\" content=\"St\u00f6rtebekker\u00ae Premium Bartkamm aus Holz mit handgefertigtem Lederetui - Perfekte Geschenkidee - Bringt jeden Bart in\u2026 - Markt-XXL\" \/>\n<meta property=\"og:description\" content=\"Markt-XXL St\u00f6rtebekker\u00ae Premium Bartkamm aus Holz mit handgefertigtem Lederetui - Perfekte Geschenkidee - Bringt jeden Bart in\u2026\" \/>\n<meta property=\"og:url\" content=\"https:\/\/marktxxl.de\/markt\/produkt\/stoertebekker-premium-bartkamm-aus-holz-mit-handgefertigtem-lederetui-perfekte-geschenkidee-bringt-jeden-bart-in-form-dank-beidseitiger-verzahnung-inkl-rasur-und-bartguide\/\" \/>\n<meta property=\"og:site_name\" content=\"Markt-XXL\" \/>\n<meta property=\"article:modified_time\" content=\"2023-04-11T00:04:13+00:00\" \/>\n<meta property=\"og:image\" content=\"https:\/\/m.media-amazon.com\/images\/I\/41IrYVl4zxS._SL500_.jpg\" \/>\n\t<meta property=\"og:image:width\" content=\"500\" \/>\n\t<meta property=\"og:image:height\" content=\"500\" \/>\n\t<meta property=\"og:image:type\" content=\"image\/jpeg\" \/>\n<meta name=\"twitter:card\" content=\"summary_large_image\" \/>\n<meta name=\"twitter:label1\" content=\"Gesch\u00e4tzte Lesezeit\" \/>\n\t<meta name=\"twitter:data1\" content=\"1\u00a0Minute\" \/>\n<script type=\"application\/ld+json\" class=\"yoast-schema-graph\">{\"@context\":\"https:\\\/\\\/schema.org\",\"@graph\":[{\"@type\":\"WebPage\",\"@id\":\"https:\\\/\\\/marktxxl.de\\\/markt\\\/produkt\\\/stoertebekker-premium-bartkamm-aus-holz-mit-handgefertigtem-lederetui-perfekte-geschenkidee-bringt-jeden-bart-in-form-dank-beidseitiger-verzahnung-inkl-rasur-und-bartguide\\\/\",\"url\":\"https:\\\/\\\/marktxxl.de\\\/markt\\\/produkt\\\/stoertebekker-premium-bartkamm-aus-holz-mit-handgefertigtem-lederetui-perfekte-geschenkidee-bringt-jeden-bart-in-form-dank-beidseitiger-verzahnung-inkl-rasur-und-bartguide\\\/\",\"name\":\"St\u00f6rtebekker\u00ae Premium Bartkamm aus Holz mit handgefertigtem Lederetui - Perfekte Geschenkidee - Bringt jeden Bart in\u2026 - Markt-XXL\",\"isPartOf\":{\"@id\":\"https:\\\/\\\/marktxxl.de\\\/markt\\\/#website\"},\"primaryImageOfPage\":{\"@id\":\"https:\\\/\\\/marktxxl.de\\\/markt\\\/produkt\\\/stoertebekker-premium-bartkamm-aus-holz-mit-handgefertigtem-lederetui-perfekte-geschenkidee-bringt-jeden-bart-in-form-dank-beidseitiger-verzahnung-inkl-rasur-und-bartguide\\\/#primaryimage\"},\"image\":{\"@id\":\"https:\\\/\\\/marktxxl.de\\\/markt\\\/produkt\\\/stoertebekker-premium-bartkamm-aus-holz-mit-handgefertigtem-lederetui-perfekte-geschenkidee-bringt-jeden-bart-in-form-dank-beidseitiger-verzahnung-inkl-rasur-und-bartguide\\\/#primaryimage\"},\"thumbnailUrl\":\"https:\\\/\\\/m.media-amazon.com\\\/images\\\/I\\\/41IrYVl4zxS._SL500_.jpg\",\"datePublished\":\"2021-09-26T14:14:00+00:00\",\"dateModified\":\"2023-04-11T00:04:13+00:00\",\"description\":\"Markt-XXL St\u00f6rtebekker\u00ae Premium Bartkamm aus Holz mit handgefertigtem Lederetui - Perfekte Geschenkidee - Bringt jeden Bart in\u2026\",\"breadcrumb\":{\"@id\":\"https:\\\/\\\/marktxxl.de\\\/markt\\\/produkt\\\/stoertebekker-premium-bartkamm-aus-holz-mit-handgefertigtem-lederetui-perfekte-geschenkidee-bringt-jeden-bart-in-form-dank-beidseitiger-verzahnung-inkl-rasur-und-bartguide\\\/#breadcrumb\"},\"inLanguage\":\"de\",\"potentialAction\":[{\"@type\":\"ReadAction\",\"target\":[\"https:\\\/\\\/marktxxl.de\\\/markt\\\/produkt\\\/stoertebekker-premium-bartkamm-aus-holz-mit-handgefertigtem-lederetui-perfekte-geschenkidee-bringt-jeden-bart-in-form-dank-beidseitiger-verzahnung-inkl-rasur-und-bartguide\\\/\"]}]},{\"@type\":\"ImageObject\",\"inLanguage\":\"de\",\"@id\":\"https:\\\/\\\/marktxxl.de\\\/markt\\\/produkt\\\/stoertebekker-premium-bartkamm-aus-holz-mit-handgefertigtem-lederetui-perfekte-geschenkidee-bringt-jeden-bart-in-form-dank-beidseitiger-verzahnung-inkl-rasur-und-bartguide\\\/#primaryimage\",\"url\":\"https:\\\/\\\/m.media-amazon.com\\\/images\\\/I\\\/41IrYVl4zxS._SL500_.jpg\",\"contentUrl\":\"https:\\\/\\\/m.media-amazon.com\\\/images\\\/I\\\/41IrYVl4zxS._SL500_.jpg\",\"width\":500,\"height\":500},{\"@type\":\"BreadcrumbList\",\"@id\":\"https:\\\/\\\/marktxxl.de\\\/markt\\\/produkt\\\/stoertebekker-premium-bartkamm-aus-holz-mit-handgefertigtem-lederetui-perfekte-geschenkidee-bringt-jeden-bart-in-form-dank-beidseitiger-verzahnung-inkl-rasur-und-bartguide\\\/#breadcrumb\",\"itemListElement\":[{\"@type\":\"ListItem\",\"position\":1,\"name\":\"Startseite\",\"item\":\"https:\\\/\\\/marktxxl.de\\\/markt\\\/\"},{\"@type\":\"ListItem\",\"position\":2,\"name\":\"Markt\",\"item\":\"https:\\\/\\\/marktxxl.de\\\/markt\\\/\"},{\"@type\":\"ListItem\",\"position\":3,\"name\":\"St\u00f6rtebekker\u00ae Premium Bartkamm aus Holz mit handgefertigtem Lederetui &#8211; Perfekte Geschenkidee &#8211; Bringt jeden Bart in\u2026\"}]},{\"@type\":\"WebSite\",\"@id\":\"https:\\\/\\\/marktxxl.de\\\/markt\\\/#website\",\"url\":\"https:\\\/\\\/marktxxl.de\\\/markt\\\/\",\"name\":\"Markt-XXL\",\"description\":\"Ihr Markt Online\",\"publisher\":{\"@id\":\"https:\\\/\\\/marktxxl.de\\\/markt\\\/#organization\"},\"potentialAction\":[{\"@type\":\"SearchAction\",\"target\":{\"@type\":\"EntryPoint\",\"urlTemplate\":\"https:\\\/\\\/marktxxl.de\\\/markt\\\/?s={search_term_string}\"},\"query-input\":{\"@type\":\"PropertyValueSpecification\",\"valueRequired\":true,\"valueName\":\"search_term_string\"}}],\"inLanguage\":\"de\"},{\"@type\":\"Organization\",\"@id\":\"https:\\\/\\\/marktxxl.de\\\/markt\\\/#organization\",\"name\":\"Markt-XXL\",\"url\":\"https:\\\/\\\/marktxxl.de\\\/markt\\\/\",\"logo\":{\"@type\":\"ImageObject\",\"inLanguage\":\"de\",\"@id\":\"https:\\\/\\\/marktxxl.de\\\/markt\\\/#\\\/schema\\\/logo\\\/image\\\/\",\"url\":\"https:\\\/\\\/marktxxl.de\\\/markt\\\/wp-content\\\/uploads\\\/sites\\\/3\\\/2020\\\/12\\\/logo.png\",\"contentUrl\":\"https:\\\/\\\/marktxxl.de\\\/markt\\\/wp-content\\\/uploads\\\/sites\\\/3\\\/2020\\\/12\\\/logo.png\",\"width\":200,\"height\":70,\"caption\":\"Markt-XXL\"},\"image\":{\"@id\":\"https:\\\/\\\/marktxxl.de\\\/markt\\\/#\\\/schema\\\/logo\\\/image\\\/\"}}]}<\/script>\n<!-- \/ Yoast SEO plugin. -->","yoast_head_json":{"title":"St\u00f6rtebekker\u00ae Premium Bartkamm aus Holz mit handgefertigtem Lederetui - Perfekte Geschenkidee - Bringt jeden Bart in\u2026 - Markt-XXL","description":"Markt-XXL St\u00f6rtebekker\u00ae Premium Bartkamm aus Holz mit handgefertigtem Lederetui - Perfekte Geschenkidee - Bringt jeden Bart in\u2026","robots":{"index":"index","follow":"follow","max-snippet":"max-snippet:-1","max-image-preview":"max-image-preview:large","max-video-preview":"max-video-preview:-1"},"canonical":"https:\/\/marktxxl.de\/markt\/produkt\/stoertebekker-premium-bartkamm-aus-holz-mit-handgefertigtem-lederetui-perfekte-geschenkidee-bringt-jeden-bart-in-form-dank-beidseitiger-verzahnung-inkl-rasur-und-bartguide\/","og_locale":"de_DE","og_type":"article","og_title":"St\u00f6rtebekker\u00ae Premium Bartkamm aus Holz mit handgefertigtem Lederetui - Perfekte Geschenkidee - Bringt jeden Bart in\u2026 - Markt-XXL","og_description":"Markt-XXL St\u00f6rtebekker\u00ae Premium Bartkamm aus Holz mit handgefertigtem Lederetui - Perfekte Geschenkidee - Bringt jeden Bart in\u2026","og_url":"https:\/\/marktxxl.de\/markt\/produkt\/stoertebekker-premium-bartkamm-aus-holz-mit-handgefertigtem-lederetui-perfekte-geschenkidee-bringt-jeden-bart-in-form-dank-beidseitiger-verzahnung-inkl-rasur-und-bartguide\/","og_site_name":"Markt-XXL","article_modified_time":"2023-04-11T00:04:13+00:00","og_image":[{"width":500,"height":500,"url":"https:\/\/m.media-amazon.com\/images\/I\/41IrYVl4zxS._SL500_.jpg","type":"image\/jpeg"}],"twitter_card":"summary_large_image","twitter_misc":{"Gesch\u00e4tzte Lesezeit":"1\u00a0Minute"},"schema":{"@context":"https:\/\/schema.org","@graph":[{"@type":"WebPage","@id":"https:\/\/marktxxl.de\/markt\/produkt\/stoertebekker-premium-bartkamm-aus-holz-mit-handgefertigtem-lederetui-perfekte-geschenkidee-bringt-jeden-bart-in-form-dank-beidseitiger-verzahnung-inkl-rasur-und-bartguide\/","url":"https:\/\/marktxxl.de\/markt\/produkt\/stoertebekker-premium-bartkamm-aus-holz-mit-handgefertigtem-lederetui-perfekte-geschenkidee-bringt-jeden-bart-in-form-dank-beidseitiger-verzahnung-inkl-rasur-und-bartguide\/","name":"St\u00f6rtebekker\u00ae Premium Bartkamm aus Holz mit handgefertigtem Lederetui - Perfekte Geschenkidee - Bringt jeden Bart in\u2026 - Markt-XXL","isPartOf":{"@id":"https:\/\/marktxxl.de\/markt\/#website"},"primaryImageOfPage":{"@id":"https:\/\/marktxxl.de\/markt\/produkt\/stoertebekker-premium-bartkamm-aus-holz-mit-handgefertigtem-lederetui-perfekte-geschenkidee-bringt-jeden-bart-in-form-dank-beidseitiger-verzahnung-inkl-rasur-und-bartguide\/#primaryimage"},"image":{"@id":"https:\/\/marktxxl.de\/markt\/produkt\/stoertebekker-premium-bartkamm-aus-holz-mit-handgefertigtem-lederetui-perfekte-geschenkidee-bringt-jeden-bart-in-form-dank-beidseitiger-verzahnung-inkl-rasur-und-bartguide\/#primaryimage"},"thumbnailUrl":"https:\/\/m.media-amazon.com\/images\/I\/41IrYVl4zxS._SL500_.jpg","datePublished":"2021-09-26T14:14:00+00:00","dateModified":"2023-04-11T00:04:13+00:00","description":"Markt-XXL St\u00f6rtebekker\u00ae Premium Bartkamm aus Holz mit handgefertigtem Lederetui - Perfekte Geschenkidee - Bringt jeden Bart in\u2026","breadcrumb":{"@id":"https:\/\/marktxxl.de\/markt\/produkt\/stoertebekker-premium-bartkamm-aus-holz-mit-handgefertigtem-lederetui-perfekte-geschenkidee-bringt-jeden-bart-in-form-dank-beidseitiger-verzahnung-inkl-rasur-und-bartguide\/#breadcrumb"},"inLanguage":"de","potentialAction":[{"@type":"ReadAction","target":["https:\/\/marktxxl.de\/markt\/produkt\/stoertebekker-premium-bartkamm-aus-holz-mit-handgefertigtem-lederetui-perfekte-geschenkidee-bringt-jeden-bart-in-form-dank-beidseitiger-verzahnung-inkl-rasur-und-bartguide\/"]}]},{"@type":"ImageObject","inLanguage":"de","@id":"https:\/\/marktxxl.de\/markt\/produkt\/stoertebekker-premium-bartkamm-aus-holz-mit-handgefertigtem-lederetui-perfekte-geschenkidee-bringt-jeden-bart-in-form-dank-beidseitiger-verzahnung-inkl-rasur-und-bartguide\/#primaryimage","url":"https:\/\/m.media-amazon.com\/images\/I\/41IrYVl4zxS._SL500_.jpg","contentUrl":"https:\/\/m.media-amazon.com\/images\/I\/41IrYVl4zxS._SL500_.jpg","width":500,"height":500},{"@type":"BreadcrumbList","@id":"https:\/\/marktxxl.de\/markt\/produkt\/stoertebekker-premium-bartkamm-aus-holz-mit-handgefertigtem-lederetui-perfekte-geschenkidee-bringt-jeden-bart-in-form-dank-beidseitiger-verzahnung-inkl-rasur-und-bartguide\/#breadcrumb","itemListElement":[{"@type":"ListItem","position":1,"name":"Startseite","item":"https:\/\/marktxxl.de\/markt\/"},{"@type":"ListItem","position":2,"name":"Markt","item":"https:\/\/marktxxl.de\/markt\/"},{"@type":"ListItem","position":3,"name":"St\u00f6rtebekker\u00ae Premium Bartkamm aus Holz mit handgefertigtem Lederetui &#8211; Perfekte Geschenkidee &#8211; Bringt jeden Bart in\u2026"}]},{"@type":"WebSite","@id":"https:\/\/marktxxl.de\/markt\/#website","url":"https:\/\/marktxxl.de\/markt\/","name":"Markt-XXL","description":"Ihr Markt Online","publisher":{"@id":"https:\/\/marktxxl.de\/markt\/#organization"},"potentialAction":[{"@type":"SearchAction","target":{"@type":"EntryPoint","urlTemplate":"https:\/\/marktxxl.de\/markt\/?s={search_term_string}"},"query-input":{"@type":"PropertyValueSpecification","valueRequired":true,"valueName":"search_term_string"}}],"inLanguage":"de"},{"@type":"Organization","@id":"https:\/\/marktxxl.de\/markt\/#organization","name":"Markt-XXL","url":"https:\/\/marktxxl.de\/markt\/","logo":{"@type":"ImageObject","inLanguage":"de","@id":"https:\/\/marktxxl.de\/markt\/#\/schema\/logo\/image\/","url":"https:\/\/marktxxl.de\/markt\/wp-content\/uploads\/sites\/3\/2020\/12\/logo.png","contentUrl":"https:\/\/marktxxl.de\/markt\/wp-content\/uploads\/sites\/3\/2020\/12\/logo.png","width":200,"height":70,"caption":"Markt-XXL"},"image":{"@id":"https:\/\/marktxxl.de\/markt\/#\/schema\/logo\/image\/"}}]}},"_links":{"self":[{"href":"https:\/\/marktxxl.de\/markt\/wp-json\/wp\/v2\/product\/44848","targetHints":{"allow":["GET"]}}],"collection":[{"href":"https:\/\/marktxxl.de\/markt\/wp-json\/wp\/v2\/product"}],"about":[{"href":"https:\/\/marktxxl.de\/markt\/wp-json\/wp\/v2\/types\/product"}],"replies":[{"embeddable":true,"href":"https:\/\/marktxxl.de\/markt\/wp-json\/wp\/v2\/comments?post=44848"}],"wp:featuredmedia":[{"embeddable":true,"href":"https:\/\/marktxxl.de\/markt\/wp-json\/wp\/v2\/media\/44849"}],"wp:attachment":[{"href":"https:\/\/marktxxl.de\/markt\/wp-json\/wp\/v2\/media?parent=44848"}],"wp:term":[{"taxonomy":"product_brand","embeddable":true,"href":"https:\/\/marktxxl.de\/markt\/wp-json\/wp\/v2\/product_brand?post=44848"},{"taxonomy":"product_cat","embeddable":true,"href":"https:\/\/marktxxl.de\/markt\/wp-json\/wp\/v2\/product_cat?post=44848"},{"taxonomy":"product_tag","embeddable":true,"href":"https:\/\/marktxxl.de\/markt\/wp-json\/wp\/v2\/product_tag?post=44848"}],"curies":[{"name":"wp","href":"https:\/\/api.w.org\/{rel}","templated":true}]}}