{"id":44837,"date":"2021-09-26T16:13:57","date_gmt":"2021-09-26T14:13:57","guid":{"rendered":"https:\/\/marktxxl.de\/markt\/produkt\/hbaid-haarschere-premium-friseurscheren-extra-scharfe-friseurschere-edelstahl-haarschneideschere-mit-kamm-praeziser-schnitt-perfekter-haarschnitt-fuer-kinder-damen-und-herren\/"},"modified":"2023-04-11T02:04:13","modified_gmt":"2023-04-11T00:04:13","slug":"hbaid-haarschere-premium-friseurscheren-extra-scharfe-friseurschere-edelstahl-haarschneideschere-mit-kamm-praeziser-schnitt-perfekter-haarschnitt-fuer-kinder-damen-und-herren","status":"publish","type":"product","link":"https:\/\/marktxxl.de\/markt\/produkt\/hbaid-haarschere-premium-friseurscheren-extra-scharfe-friseurschere-edelstahl-haarschneideschere-mit-kamm-praeziser-schnitt-perfekter-haarschnitt-fuer-kinder-damen-und-herren\/","title":{"rendered":"Hbaid Haarschere, Premium Friseurscheren Extra scharfe Friseurschere Edelstahl Haarschneideschere mit Kamm, Pr\u00e4ziser\u2026"},"content":{"rendered":"<p>Hohe Qualit\u00e4t : Haarschere aus rostfreiem Stahl hoher Qualit\u00e4t hergestellt werden, Haltbarkeit nur einer der Vorteile ist, hat es auch eine hervorragende Korrosionsbest\u00e4ndigkeit und hohe Temperaturbest\u00e4ndigkeit.<br \/>\nScharfe Klingen : Haarschere klingenwinkel wird pr\u00e4zise geregelt, haarschere mit glatter Oberfl\u00e4che und konvexen Kanten, die die Haarspitzen nicht besch\u00e4digen oder spalten. Der glatte Schnitt ist ideal zum Schneiden von nassem oder trockenem Haar.<br \/>\nVerstellbare Schraube : Haarschneideschere mit verstellbaren Schrauben, mit denen Sie die Schere nach Bedarf festziehen oder l\u00f6sen k\u00f6nnen. Ergonomisches Design, Das ergonomische Design erm\u00f6glicht es Ihnen, die Friseurscheren perfekt in der Hand zu halten, was Ihre Muskeln und Gelenke entspannt und sehr bequem ist.<br \/>\nWide Application Haircuts Tools : Das Haarschneideset ist Geeignet f\u00fcr den Heimgebrauch und den professionellen Einsatz. Geeignet f\u00fcr Kinder, Frauen und M\u00e4nner. Haarscheren und einem sch\u00fctzenden schwarzen Etui f\u00fcr den professionellen Gebrauch speziell f\u00fcr Friseure, Friseure, Salons und Salons ausgestattet.<br \/>\nProfi-haircutting Scheren : Das Haarschneidenset enth\u00e4lt Im Lieferumfang sind 1 Glattschere, 1 Schwanzkamm, 1 Reinigungstuch und Einstellschraube.<br \/>\n<div class=\"main-cross-sell\" data-asin=\"B08Z431G45\">\n\n\t<div class=\"WooZone-cross-sell-loader\">\n\t\t<div>\n\t\t\t<div id=\"floatingBarsG\">\n\t\t\t\t<div class=\"blockG\" id=\"rotateG_01\"><\/div>\n\t\t\t\t<div class=\"blockG\" id=\"rotateG_02\"><\/div>\n\t\t\t\t<div class=\"blockG\" id=\"rotateG_03\"><\/div>\n\t\t\t\t<div class=\"blockG\" id=\"rotateG_04\"><\/div>\n\t\t\t\t<div class=\"blockG\" id=\"rotateG_05\"><\/div>\n\t\t\t\t<div class=\"blockG\" id=\"rotateG_06\"><\/div>\n\t\t\t\t<div class=\"blockG\" id=\"rotateG_07\"><\/div>\n\t\t\t\t<div class=\"blockG\" id=\"rotateG_08\"><\/div>\n\t\t\t<\/div>\n\t\t\t<div class=\"WooZone-cross-sell-loader-text\"><\/div>\n\t\t<\/div>\n\t<\/div>\n\n\t\t\n<\/div>\n<div style=\"clear:both;\"><\/div><\/p>\n","protected":false},"excerpt":{"rendered":"<p>Hohe Qualit\u00e4t : Haarschere aus rostfreiem Stahl hoher Qualit\u00e4t hergestellt werden, Haltbarkeit nur einer der Vorteile ist, hat es auch eine hervorragende Korrosionsbest\u00e4ndigkeit und hohe Temperaturbest\u00e4ndigkeit.<br \/>\nScharfe Klingen : Haarschere klingenwinkel wird pr\u00e4zise geregelt, haarschere mit glatter Oberfl\u00e4che und konvexen Kanten, die die Haarspitzen nicht besch\u00e4digen oder spalten. Der glatte Schnitt ist ideal zum Schneiden von nassem oder trockenem Haar.<br \/>\nVerstellbare Schraube : Haarschneideschere mit verstellbaren Schrauben, mit denen Sie die Schere nach Bedarf festziehen oder l\u00f6sen k\u00f6nnen. Ergonomisches Design, Das ergonomische Design erm\u00f6glicht es Ihnen, die Friseurscheren perfekt in der Hand zu halten, was Ihre Muskeln und Gelenke entspannt und sehr bequem ist.<\/p>\n","protected":false},"featured_media":44838,"comment_status":"open","ping_status":"closed","template":"","meta":[],"product_brand":[],"product_cat":[566,6190],"product_tag":[],"class_list":{"0":"post-44837","1":"product","2":"type-product","3":"status-publish","4":"has-post-thumbnail","6":"product_cat-drogerie-koerperpflege","7":"product_cat-rasur-enthaarung","8":"pa_brand-hbaid","9":"pa_manufacturer-hbaid","11":"first","12":"instock","13":"shipping-taxable","14":"purchasable","15":"product-type-simple","16":"customify-col","17":"product-has-gallery"},"yoast_head":"<!-- This site is optimized with the Yoast SEO plugin v27.4 - https:\/\/yoast.com\/product\/yoast-seo-wordpress\/ -->\n<title>Hbaid Haarschere, Premium Friseurscheren Extra scharfe Friseurschere Edelstahl Haarschneideschere mit Kamm, Pr\u00e4ziser\u2026 - Markt-XXL<\/title>\n<meta name=\"description\" content=\"Markt-XXL Hbaid Haarschere, Premium Friseurscheren Extra scharfe Friseurschere Edelstahl Haarschneideschere mit Kamm, Pr\u00e4ziser\u2026\" \/>\n<meta name=\"robots\" content=\"index, follow, max-snippet:-1, max-image-preview:large, max-video-preview:-1\" \/>\n<link rel=\"canonical\" href=\"https:\/\/marktxxl.de\/markt\/produkt\/hbaid-haarschere-premium-friseurscheren-extra-scharfe-friseurschere-edelstahl-haarschneideschere-mit-kamm-praeziser-schnitt-perfekter-haarschnitt-fuer-kinder-damen-und-herren\/\" \/>\n<meta property=\"og:locale\" content=\"de_DE\" \/>\n<meta property=\"og:type\" content=\"article\" \/>\n<meta property=\"og:title\" content=\"Hbaid Haarschere, Premium Friseurscheren Extra scharfe Friseurschere Edelstahl Haarschneideschere mit Kamm, Pr\u00e4ziser\u2026 - Markt-XXL\" \/>\n<meta property=\"og:description\" content=\"Markt-XXL Hbaid Haarschere, Premium Friseurscheren Extra scharfe Friseurschere Edelstahl Haarschneideschere mit Kamm, Pr\u00e4ziser\u2026\" \/>\n<meta property=\"og:url\" content=\"https:\/\/marktxxl.de\/markt\/produkt\/hbaid-haarschere-premium-friseurscheren-extra-scharfe-friseurschere-edelstahl-haarschneideschere-mit-kamm-praeziser-schnitt-perfekter-haarschnitt-fuer-kinder-damen-und-herren\/\" \/>\n<meta property=\"og:site_name\" content=\"Markt-XXL\" \/>\n<meta property=\"article:modified_time\" content=\"2023-04-11T00:04:13+00:00\" \/>\n<meta property=\"og:image\" content=\"https:\/\/m.media-amazon.com\/images\/I\/41MzQYBGD5L._SL500_.jpg\" \/>\n\t<meta property=\"og:image:width\" content=\"500\" \/>\n\t<meta property=\"og:image:height\" content=\"500\" \/>\n\t<meta property=\"og:image:type\" content=\"image\/jpeg\" \/>\n<meta name=\"twitter:card\" content=\"summary_large_image\" \/>\n<meta name=\"twitter:label1\" content=\"Gesch\u00e4tzte Lesezeit\" \/>\n\t<meta name=\"twitter:data1\" content=\"1\u00a0Minute\" \/>\n<script type=\"application\/ld+json\" class=\"yoast-schema-graph\">{\"@context\":\"https:\\\/\\\/schema.org\",\"@graph\":[{\"@type\":\"WebPage\",\"@id\":\"https:\\\/\\\/marktxxl.de\\\/markt\\\/produkt\\\/hbaid-haarschere-premium-friseurscheren-extra-scharfe-friseurschere-edelstahl-haarschneideschere-mit-kamm-praeziser-schnitt-perfekter-haarschnitt-fuer-kinder-damen-und-herren\\\/\",\"url\":\"https:\\\/\\\/marktxxl.de\\\/markt\\\/produkt\\\/hbaid-haarschere-premium-friseurscheren-extra-scharfe-friseurschere-edelstahl-haarschneideschere-mit-kamm-praeziser-schnitt-perfekter-haarschnitt-fuer-kinder-damen-und-herren\\\/\",\"name\":\"Hbaid Haarschere, Premium Friseurscheren Extra scharfe Friseurschere Edelstahl Haarschneideschere mit Kamm, Pr\u00e4ziser\u2026 - Markt-XXL\",\"isPartOf\":{\"@id\":\"https:\\\/\\\/marktxxl.de\\\/markt\\\/#website\"},\"primaryImageOfPage\":{\"@id\":\"https:\\\/\\\/marktxxl.de\\\/markt\\\/produkt\\\/hbaid-haarschere-premium-friseurscheren-extra-scharfe-friseurschere-edelstahl-haarschneideschere-mit-kamm-praeziser-schnitt-perfekter-haarschnitt-fuer-kinder-damen-und-herren\\\/#primaryimage\"},\"image\":{\"@id\":\"https:\\\/\\\/marktxxl.de\\\/markt\\\/produkt\\\/hbaid-haarschere-premium-friseurscheren-extra-scharfe-friseurschere-edelstahl-haarschneideschere-mit-kamm-praeziser-schnitt-perfekter-haarschnitt-fuer-kinder-damen-und-herren\\\/#primaryimage\"},\"thumbnailUrl\":\"https:\\\/\\\/m.media-amazon.com\\\/images\\\/I\\\/41MzQYBGD5L._SL500_.jpg\",\"datePublished\":\"2021-09-26T14:13:57+00:00\",\"dateModified\":\"2023-04-11T00:04:13+00:00\",\"description\":\"Markt-XXL Hbaid Haarschere, Premium Friseurscheren Extra scharfe Friseurschere Edelstahl Haarschneideschere mit Kamm, Pr\u00e4ziser\u2026\",\"breadcrumb\":{\"@id\":\"https:\\\/\\\/marktxxl.de\\\/markt\\\/produkt\\\/hbaid-haarschere-premium-friseurscheren-extra-scharfe-friseurschere-edelstahl-haarschneideschere-mit-kamm-praeziser-schnitt-perfekter-haarschnitt-fuer-kinder-damen-und-herren\\\/#breadcrumb\"},\"inLanguage\":\"de\",\"potentialAction\":[{\"@type\":\"ReadAction\",\"target\":[\"https:\\\/\\\/marktxxl.de\\\/markt\\\/produkt\\\/hbaid-haarschere-premium-friseurscheren-extra-scharfe-friseurschere-edelstahl-haarschneideschere-mit-kamm-praeziser-schnitt-perfekter-haarschnitt-fuer-kinder-damen-und-herren\\\/\"]}]},{\"@type\":\"ImageObject\",\"inLanguage\":\"de\",\"@id\":\"https:\\\/\\\/marktxxl.de\\\/markt\\\/produkt\\\/hbaid-haarschere-premium-friseurscheren-extra-scharfe-friseurschere-edelstahl-haarschneideschere-mit-kamm-praeziser-schnitt-perfekter-haarschnitt-fuer-kinder-damen-und-herren\\\/#primaryimage\",\"url\":\"https:\\\/\\\/m.media-amazon.com\\\/images\\\/I\\\/41MzQYBGD5L._SL500_.jpg\",\"contentUrl\":\"https:\\\/\\\/m.media-amazon.com\\\/images\\\/I\\\/41MzQYBGD5L._SL500_.jpg\",\"width\":500,\"height\":500},{\"@type\":\"BreadcrumbList\",\"@id\":\"https:\\\/\\\/marktxxl.de\\\/markt\\\/produkt\\\/hbaid-haarschere-premium-friseurscheren-extra-scharfe-friseurschere-edelstahl-haarschneideschere-mit-kamm-praeziser-schnitt-perfekter-haarschnitt-fuer-kinder-damen-und-herren\\\/#breadcrumb\",\"itemListElement\":[{\"@type\":\"ListItem\",\"position\":1,\"name\":\"Startseite\",\"item\":\"https:\\\/\\\/marktxxl.de\\\/markt\\\/\"},{\"@type\":\"ListItem\",\"position\":2,\"name\":\"Markt\",\"item\":\"https:\\\/\\\/marktxxl.de\\\/markt\\\/\"},{\"@type\":\"ListItem\",\"position\":3,\"name\":\"Hbaid Haarschere, Premium Friseurscheren Extra scharfe Friseurschere Edelstahl Haarschneideschere mit Kamm, Pr\u00e4ziser\u2026\"}]},{\"@type\":\"WebSite\",\"@id\":\"https:\\\/\\\/marktxxl.de\\\/markt\\\/#website\",\"url\":\"https:\\\/\\\/marktxxl.de\\\/markt\\\/\",\"name\":\"Markt-XXL\",\"description\":\"Ihr Markt Online\",\"publisher\":{\"@id\":\"https:\\\/\\\/marktxxl.de\\\/markt\\\/#organization\"},\"potentialAction\":[{\"@type\":\"SearchAction\",\"target\":{\"@type\":\"EntryPoint\",\"urlTemplate\":\"https:\\\/\\\/marktxxl.de\\\/markt\\\/?s={search_term_string}\"},\"query-input\":{\"@type\":\"PropertyValueSpecification\",\"valueRequired\":true,\"valueName\":\"search_term_string\"}}],\"inLanguage\":\"de\"},{\"@type\":\"Organization\",\"@id\":\"https:\\\/\\\/marktxxl.de\\\/markt\\\/#organization\",\"name\":\"Markt-XXL\",\"url\":\"https:\\\/\\\/marktxxl.de\\\/markt\\\/\",\"logo\":{\"@type\":\"ImageObject\",\"inLanguage\":\"de\",\"@id\":\"https:\\\/\\\/marktxxl.de\\\/markt\\\/#\\\/schema\\\/logo\\\/image\\\/\",\"url\":\"https:\\\/\\\/marktxxl.de\\\/markt\\\/wp-content\\\/uploads\\\/sites\\\/3\\\/2020\\\/12\\\/logo.png\",\"contentUrl\":\"https:\\\/\\\/marktxxl.de\\\/markt\\\/wp-content\\\/uploads\\\/sites\\\/3\\\/2020\\\/12\\\/logo.png\",\"width\":200,\"height\":70,\"caption\":\"Markt-XXL\"},\"image\":{\"@id\":\"https:\\\/\\\/marktxxl.de\\\/markt\\\/#\\\/schema\\\/logo\\\/image\\\/\"}}]}<\/script>\n<!-- \/ Yoast SEO plugin. -->","yoast_head_json":{"title":"Hbaid Haarschere, Premium Friseurscheren Extra scharfe Friseurschere Edelstahl Haarschneideschere mit Kamm, Pr\u00e4ziser\u2026 - Markt-XXL","description":"Markt-XXL Hbaid Haarschere, Premium Friseurscheren Extra scharfe Friseurschere Edelstahl Haarschneideschere mit Kamm, Pr\u00e4ziser\u2026","robots":{"index":"index","follow":"follow","max-snippet":"max-snippet:-1","max-image-preview":"max-image-preview:large","max-video-preview":"max-video-preview:-1"},"canonical":"https:\/\/marktxxl.de\/markt\/produkt\/hbaid-haarschere-premium-friseurscheren-extra-scharfe-friseurschere-edelstahl-haarschneideschere-mit-kamm-praeziser-schnitt-perfekter-haarschnitt-fuer-kinder-damen-und-herren\/","og_locale":"de_DE","og_type":"article","og_title":"Hbaid Haarschere, Premium Friseurscheren Extra scharfe Friseurschere Edelstahl Haarschneideschere mit Kamm, Pr\u00e4ziser\u2026 - Markt-XXL","og_description":"Markt-XXL Hbaid Haarschere, Premium Friseurscheren Extra scharfe Friseurschere Edelstahl Haarschneideschere mit Kamm, Pr\u00e4ziser\u2026","og_url":"https:\/\/marktxxl.de\/markt\/produkt\/hbaid-haarschere-premium-friseurscheren-extra-scharfe-friseurschere-edelstahl-haarschneideschere-mit-kamm-praeziser-schnitt-perfekter-haarschnitt-fuer-kinder-damen-und-herren\/","og_site_name":"Markt-XXL","article_modified_time":"2023-04-11T00:04:13+00:00","og_image":[{"width":500,"height":500,"url":"https:\/\/m.media-amazon.com\/images\/I\/41MzQYBGD5L._SL500_.jpg","type":"image\/jpeg"}],"twitter_card":"summary_large_image","twitter_misc":{"Gesch\u00e4tzte Lesezeit":"1\u00a0Minute"},"schema":{"@context":"https:\/\/schema.org","@graph":[{"@type":"WebPage","@id":"https:\/\/marktxxl.de\/markt\/produkt\/hbaid-haarschere-premium-friseurscheren-extra-scharfe-friseurschere-edelstahl-haarschneideschere-mit-kamm-praeziser-schnitt-perfekter-haarschnitt-fuer-kinder-damen-und-herren\/","url":"https:\/\/marktxxl.de\/markt\/produkt\/hbaid-haarschere-premium-friseurscheren-extra-scharfe-friseurschere-edelstahl-haarschneideschere-mit-kamm-praeziser-schnitt-perfekter-haarschnitt-fuer-kinder-damen-und-herren\/","name":"Hbaid Haarschere, Premium Friseurscheren Extra scharfe Friseurschere Edelstahl Haarschneideschere mit Kamm, Pr\u00e4ziser\u2026 - Markt-XXL","isPartOf":{"@id":"https:\/\/marktxxl.de\/markt\/#website"},"primaryImageOfPage":{"@id":"https:\/\/marktxxl.de\/markt\/produkt\/hbaid-haarschere-premium-friseurscheren-extra-scharfe-friseurschere-edelstahl-haarschneideschere-mit-kamm-praeziser-schnitt-perfekter-haarschnitt-fuer-kinder-damen-und-herren\/#primaryimage"},"image":{"@id":"https:\/\/marktxxl.de\/markt\/produkt\/hbaid-haarschere-premium-friseurscheren-extra-scharfe-friseurschere-edelstahl-haarschneideschere-mit-kamm-praeziser-schnitt-perfekter-haarschnitt-fuer-kinder-damen-und-herren\/#primaryimage"},"thumbnailUrl":"https:\/\/m.media-amazon.com\/images\/I\/41MzQYBGD5L._SL500_.jpg","datePublished":"2021-09-26T14:13:57+00:00","dateModified":"2023-04-11T00:04:13+00:00","description":"Markt-XXL Hbaid Haarschere, Premium Friseurscheren Extra scharfe Friseurschere Edelstahl Haarschneideschere mit Kamm, Pr\u00e4ziser\u2026","breadcrumb":{"@id":"https:\/\/marktxxl.de\/markt\/produkt\/hbaid-haarschere-premium-friseurscheren-extra-scharfe-friseurschere-edelstahl-haarschneideschere-mit-kamm-praeziser-schnitt-perfekter-haarschnitt-fuer-kinder-damen-und-herren\/#breadcrumb"},"inLanguage":"de","potentialAction":[{"@type":"ReadAction","target":["https:\/\/marktxxl.de\/markt\/produkt\/hbaid-haarschere-premium-friseurscheren-extra-scharfe-friseurschere-edelstahl-haarschneideschere-mit-kamm-praeziser-schnitt-perfekter-haarschnitt-fuer-kinder-damen-und-herren\/"]}]},{"@type":"ImageObject","inLanguage":"de","@id":"https:\/\/marktxxl.de\/markt\/produkt\/hbaid-haarschere-premium-friseurscheren-extra-scharfe-friseurschere-edelstahl-haarschneideschere-mit-kamm-praeziser-schnitt-perfekter-haarschnitt-fuer-kinder-damen-und-herren\/#primaryimage","url":"https:\/\/m.media-amazon.com\/images\/I\/41MzQYBGD5L._SL500_.jpg","contentUrl":"https:\/\/m.media-amazon.com\/images\/I\/41MzQYBGD5L._SL500_.jpg","width":500,"height":500},{"@type":"BreadcrumbList","@id":"https:\/\/marktxxl.de\/markt\/produkt\/hbaid-haarschere-premium-friseurscheren-extra-scharfe-friseurschere-edelstahl-haarschneideschere-mit-kamm-praeziser-schnitt-perfekter-haarschnitt-fuer-kinder-damen-und-herren\/#breadcrumb","itemListElement":[{"@type":"ListItem","position":1,"name":"Startseite","item":"https:\/\/marktxxl.de\/markt\/"},{"@type":"ListItem","position":2,"name":"Markt","item":"https:\/\/marktxxl.de\/markt\/"},{"@type":"ListItem","position":3,"name":"Hbaid Haarschere, Premium Friseurscheren Extra scharfe Friseurschere Edelstahl Haarschneideschere mit Kamm, Pr\u00e4ziser\u2026"}]},{"@type":"WebSite","@id":"https:\/\/marktxxl.de\/markt\/#website","url":"https:\/\/marktxxl.de\/markt\/","name":"Markt-XXL","description":"Ihr Markt Online","publisher":{"@id":"https:\/\/marktxxl.de\/markt\/#organization"},"potentialAction":[{"@type":"SearchAction","target":{"@type":"EntryPoint","urlTemplate":"https:\/\/marktxxl.de\/markt\/?s={search_term_string}"},"query-input":{"@type":"PropertyValueSpecification","valueRequired":true,"valueName":"search_term_string"}}],"inLanguage":"de"},{"@type":"Organization","@id":"https:\/\/marktxxl.de\/markt\/#organization","name":"Markt-XXL","url":"https:\/\/marktxxl.de\/markt\/","logo":{"@type":"ImageObject","inLanguage":"de","@id":"https:\/\/marktxxl.de\/markt\/#\/schema\/logo\/image\/","url":"https:\/\/marktxxl.de\/markt\/wp-content\/uploads\/sites\/3\/2020\/12\/logo.png","contentUrl":"https:\/\/marktxxl.de\/markt\/wp-content\/uploads\/sites\/3\/2020\/12\/logo.png","width":200,"height":70,"caption":"Markt-XXL"},"image":{"@id":"https:\/\/marktxxl.de\/markt\/#\/schema\/logo\/image\/"}}]}},"_links":{"self":[{"href":"https:\/\/marktxxl.de\/markt\/wp-json\/wp\/v2\/product\/44837","targetHints":{"allow":["GET"]}}],"collection":[{"href":"https:\/\/marktxxl.de\/markt\/wp-json\/wp\/v2\/product"}],"about":[{"href":"https:\/\/marktxxl.de\/markt\/wp-json\/wp\/v2\/types\/product"}],"replies":[{"embeddable":true,"href":"https:\/\/marktxxl.de\/markt\/wp-json\/wp\/v2\/comments?post=44837"}],"wp:featuredmedia":[{"embeddable":true,"href":"https:\/\/marktxxl.de\/markt\/wp-json\/wp\/v2\/media\/44838"}],"wp:attachment":[{"href":"https:\/\/marktxxl.de\/markt\/wp-json\/wp\/v2\/media?parent=44837"}],"wp:term":[{"taxonomy":"product_brand","embeddable":true,"href":"https:\/\/marktxxl.de\/markt\/wp-json\/wp\/v2\/product_brand?post=44837"},{"taxonomy":"product_cat","embeddable":true,"href":"https:\/\/marktxxl.de\/markt\/wp-json\/wp\/v2\/product_cat?post=44837"},{"taxonomy":"product_tag","embeddable":true,"href":"https:\/\/marktxxl.de\/markt\/wp-json\/wp\/v2\/product_tag?post=44837"}],"curies":[{"name":"wp","href":"https:\/\/api.w.org\/{rel}","templated":true}]}}