{"id":44814,"date":"2021-09-26T16:12:53","date_gmt":"2021-09-26T14:12:53","guid":{"rendered":"https:\/\/marktxxl.de\/markt\/produkt\/essentiale-max-original-120-kapseln-fuer-leberentgiftung\/"},"modified":"2023-04-11T02:04:12","modified_gmt":"2023-04-11T00:04:12","slug":"essentiale-max-original-120-kapseln-fuer-leberentgiftung","status":"publish","type":"product","link":"https:\/\/marktxxl.de\/markt\/produkt\/essentiale-max-original-120-kapseln-fuer-leberentgiftung\/","title":{"rendered":"Essentiale MAX Original \u2013 120 Kapseln f\u00fcr Leberentgiftung"},"content":{"rendered":"<p>Phospholipide haben eine sch\u00fctzende Wirkung auf Zellen und regenerieren die Leber. Das in die Zellmembranen eingebaute Zytoplasmus der Leberzellen (Hepatocyten) wurde durch hepatotoxische Wirkstoffe besch\u00e4digt. Das Produkt stellt ihre ordnungsgem\u00e4\u00dfe Funktion wieder her.<br \/>\nZusammensetzung: 1 Kapsel enth\u00e4lt Sojabohnenphosphatidylcholin, 600 mg.<br \/>\nAnwendung: Erwachsene und Jugendliche ab 12 Jahren: 3 mal t\u00e4glich 1 Kapsel. Die Kapseln sollten zu den Mahlzeiten eingenommen werden, ohne zu kauen. (Mit einem Glas Wasser o.\u00e4.)<br \/>\nPackung mit 4\u00a0Dosen. Eine Dose enth\u00e4lt 30 Kapseln \u00e0 600mg.<br \/>\nEnglischsprachiger Beipackzettel beigef\u00fcgt.<br \/>\n<div class=\"main-cross-sell\" data-asin=\"B07JQ8BCCK\">\n\n\t<div class=\"WooZone-cross-sell-loader\">\n\t\t<div>\n\t\t\t<div id=\"floatingBarsG\">\n\t\t\t\t<div class=\"blockG\" id=\"rotateG_01\"><\/div>\n\t\t\t\t<div class=\"blockG\" id=\"rotateG_02\"><\/div>\n\t\t\t\t<div class=\"blockG\" id=\"rotateG_03\"><\/div>\n\t\t\t\t<div class=\"blockG\" id=\"rotateG_04\"><\/div>\n\t\t\t\t<div class=\"blockG\" id=\"rotateG_05\"><\/div>\n\t\t\t\t<div class=\"blockG\" id=\"rotateG_06\"><\/div>\n\t\t\t\t<div class=\"blockG\" id=\"rotateG_07\"><\/div>\n\t\t\t\t<div class=\"blockG\" id=\"rotateG_08\"><\/div>\n\t\t\t<\/div>\n\t\t\t<div class=\"WooZone-cross-sell-loader-text\"><\/div>\n\t\t<\/div>\n\t<\/div>\n\n\t\t\n<\/div>\n<div style=\"clear:both;\"><\/div><\/p>\n","protected":false},"excerpt":{"rendered":"<p>Phospholipide haben eine sch\u00fctzende Wirkung auf Zellen und regenerieren die Leber. Das in die Zellmembranen eingebaute Zytoplasmus der Leberzellen (Hepatocyten) wurde durch hepatotoxische Wirkstoffe besch\u00e4digt. Das Produkt stellt ihre ordnungsgem\u00e4\u00dfe Funktion wieder her.<br \/>\nZusammensetzung: 1 Kapsel enth\u00e4lt Sojabohnenphosphatidylcholin, 600 mg.<br \/>\nAnwendung: Erwachsene und Jugendliche ab 12 Jahren: 3 mal t\u00e4glich 1 Kapsel. Die Kapseln sollten zu den Mahlzeiten eingenommen werden, ohne zu kauen. (Mit einem Glas Wasser o.\u00e4.)<\/p>\n","protected":false},"featured_media":44815,"comment_status":"open","ping_status":"closed","template":"","meta":[],"product_brand":[],"product_cat":[566,6104],"product_tag":[],"class_list":{"0":"post-44814","1":"product","2":"type-product","3":"status-publish","4":"has-post-thumbnail","6":"product_cat-drogerie-koerperpflege","7":"product_cat-nahrungsergaenzung","8":"pa_binding-haushaltswaren","9":"pa_brand-essentiale","10":"pa_size-120-stueck-1er-pack","12":"first","13":"instock","14":"shipping-taxable","15":"purchasable","16":"product-type-simple","17":"customify-col","18":"product-has-gallery"},"yoast_head":"<!-- This site is optimized with the Yoast SEO plugin v27.3 - https:\/\/yoast.com\/product\/yoast-seo-wordpress\/ -->\n<title>Essentiale MAX Original \u2013 120 Kapseln f\u00fcr Leberentgiftung - Markt-XXL<\/title>\n<meta name=\"description\" content=\"Markt-XXL Essentiale MAX Original \u2013 120 Kapseln f\u00fcr Leberentgiftung\" \/>\n<meta name=\"robots\" content=\"index, follow, max-snippet:-1, max-image-preview:large, max-video-preview:-1\" \/>\n<link rel=\"canonical\" href=\"https:\/\/marktxxl.de\/markt\/produkt\/essentiale-max-original-120-kapseln-fuer-leberentgiftung\/\" \/>\n<meta property=\"og:locale\" content=\"de_DE\" \/>\n<meta property=\"og:type\" content=\"article\" \/>\n<meta property=\"og:title\" content=\"Essentiale MAX Original \u2013 120 Kapseln f\u00fcr Leberentgiftung - Markt-XXL\" \/>\n<meta property=\"og:description\" content=\"Markt-XXL Essentiale MAX Original \u2013 120 Kapseln f\u00fcr Leberentgiftung\" \/>\n<meta property=\"og:url\" content=\"https:\/\/marktxxl.de\/markt\/produkt\/essentiale-max-original-120-kapseln-fuer-leberentgiftung\/\" \/>\n<meta property=\"og:site_name\" content=\"Markt-XXL\" \/>\n<meta property=\"article:modified_time\" content=\"2023-04-11T00:04:12+00:00\" \/>\n<meta property=\"og:image\" content=\"https:\/\/m.media-amazon.com\/images\/I\/51FgUBZVzaL._SL500_.jpg\" \/>\n\t<meta property=\"og:image:width\" content=\"500\" \/>\n\t<meta property=\"og:image:height\" content=\"375\" \/>\n\t<meta property=\"og:image:type\" content=\"image\/jpeg\" \/>\n<meta name=\"twitter:card\" content=\"summary_large_image\" \/>\n<script type=\"application\/ld+json\" class=\"yoast-schema-graph\">{\"@context\":\"https:\\\/\\\/schema.org\",\"@graph\":[{\"@type\":\"WebPage\",\"@id\":\"https:\\\/\\\/marktxxl.de\\\/markt\\\/produkt\\\/essentiale-max-original-120-kapseln-fuer-leberentgiftung\\\/\",\"url\":\"https:\\\/\\\/marktxxl.de\\\/markt\\\/produkt\\\/essentiale-max-original-120-kapseln-fuer-leberentgiftung\\\/\",\"name\":\"Essentiale MAX Original \u2013 120 Kapseln f\u00fcr Leberentgiftung - Markt-XXL\",\"isPartOf\":{\"@id\":\"https:\\\/\\\/marktxxl.de\\\/markt\\\/#website\"},\"primaryImageOfPage\":{\"@id\":\"https:\\\/\\\/marktxxl.de\\\/markt\\\/produkt\\\/essentiale-max-original-120-kapseln-fuer-leberentgiftung\\\/#primaryimage\"},\"image\":{\"@id\":\"https:\\\/\\\/marktxxl.de\\\/markt\\\/produkt\\\/essentiale-max-original-120-kapseln-fuer-leberentgiftung\\\/#primaryimage\"},\"thumbnailUrl\":\"https:\\\/\\\/m.media-amazon.com\\\/images\\\/I\\\/51FgUBZVzaL._SL500_.jpg\",\"datePublished\":\"2021-09-26T14:12:53+00:00\",\"dateModified\":\"2023-04-11T00:04:12+00:00\",\"description\":\"Markt-XXL Essentiale MAX Original \u2013 120 Kapseln f\u00fcr Leberentgiftung\",\"breadcrumb\":{\"@id\":\"https:\\\/\\\/marktxxl.de\\\/markt\\\/produkt\\\/essentiale-max-original-120-kapseln-fuer-leberentgiftung\\\/#breadcrumb\"},\"inLanguage\":\"de\",\"potentialAction\":[{\"@type\":\"ReadAction\",\"target\":[\"https:\\\/\\\/marktxxl.de\\\/markt\\\/produkt\\\/essentiale-max-original-120-kapseln-fuer-leberentgiftung\\\/\"]}]},{\"@type\":\"ImageObject\",\"inLanguage\":\"de\",\"@id\":\"https:\\\/\\\/marktxxl.de\\\/markt\\\/produkt\\\/essentiale-max-original-120-kapseln-fuer-leberentgiftung\\\/#primaryimage\",\"url\":\"https:\\\/\\\/m.media-amazon.com\\\/images\\\/I\\\/51FgUBZVzaL._SL500_.jpg\",\"contentUrl\":\"https:\\\/\\\/m.media-amazon.com\\\/images\\\/I\\\/51FgUBZVzaL._SL500_.jpg\",\"width\":500,\"height\":375},{\"@type\":\"BreadcrumbList\",\"@id\":\"https:\\\/\\\/marktxxl.de\\\/markt\\\/produkt\\\/essentiale-max-original-120-kapseln-fuer-leberentgiftung\\\/#breadcrumb\",\"itemListElement\":[{\"@type\":\"ListItem\",\"position\":1,\"name\":\"Startseite\",\"item\":\"https:\\\/\\\/marktxxl.de\\\/markt\\\/\"},{\"@type\":\"ListItem\",\"position\":2,\"name\":\"Markt\",\"item\":\"https:\\\/\\\/marktxxl.de\\\/markt\\\/\"},{\"@type\":\"ListItem\",\"position\":3,\"name\":\"Essentiale MAX Original \u2013 120 Kapseln f\u00fcr Leberentgiftung\"}]},{\"@type\":\"WebSite\",\"@id\":\"https:\\\/\\\/marktxxl.de\\\/markt\\\/#website\",\"url\":\"https:\\\/\\\/marktxxl.de\\\/markt\\\/\",\"name\":\"Markt-XXL\",\"description\":\"Ihr Markt Online\",\"publisher\":{\"@id\":\"https:\\\/\\\/marktxxl.de\\\/markt\\\/#organization\"},\"potentialAction\":[{\"@type\":\"SearchAction\",\"target\":{\"@type\":\"EntryPoint\",\"urlTemplate\":\"https:\\\/\\\/marktxxl.de\\\/markt\\\/?s={search_term_string}\"},\"query-input\":{\"@type\":\"PropertyValueSpecification\",\"valueRequired\":true,\"valueName\":\"search_term_string\"}}],\"inLanguage\":\"de\"},{\"@type\":\"Organization\",\"@id\":\"https:\\\/\\\/marktxxl.de\\\/markt\\\/#organization\",\"name\":\"Markt-XXL\",\"url\":\"https:\\\/\\\/marktxxl.de\\\/markt\\\/\",\"logo\":{\"@type\":\"ImageObject\",\"inLanguage\":\"de\",\"@id\":\"https:\\\/\\\/marktxxl.de\\\/markt\\\/#\\\/schema\\\/logo\\\/image\\\/\",\"url\":\"https:\\\/\\\/marktxxl.de\\\/markt\\\/wp-content\\\/uploads\\\/sites\\\/3\\\/2020\\\/12\\\/logo.png\",\"contentUrl\":\"https:\\\/\\\/marktxxl.de\\\/markt\\\/wp-content\\\/uploads\\\/sites\\\/3\\\/2020\\\/12\\\/logo.png\",\"width\":200,\"height\":70,\"caption\":\"Markt-XXL\"},\"image\":{\"@id\":\"https:\\\/\\\/marktxxl.de\\\/markt\\\/#\\\/schema\\\/logo\\\/image\\\/\"}}]}<\/script>\n<!-- \/ Yoast SEO plugin. -->","yoast_head_json":{"title":"Essentiale MAX Original \u2013 120 Kapseln f\u00fcr Leberentgiftung - Markt-XXL","description":"Markt-XXL Essentiale MAX Original \u2013 120 Kapseln f\u00fcr Leberentgiftung","robots":{"index":"index","follow":"follow","max-snippet":"max-snippet:-1","max-image-preview":"max-image-preview:large","max-video-preview":"max-video-preview:-1"},"canonical":"https:\/\/marktxxl.de\/markt\/produkt\/essentiale-max-original-120-kapseln-fuer-leberentgiftung\/","og_locale":"de_DE","og_type":"article","og_title":"Essentiale MAX Original \u2013 120 Kapseln f\u00fcr Leberentgiftung - Markt-XXL","og_description":"Markt-XXL Essentiale MAX Original \u2013 120 Kapseln f\u00fcr Leberentgiftung","og_url":"https:\/\/marktxxl.de\/markt\/produkt\/essentiale-max-original-120-kapseln-fuer-leberentgiftung\/","og_site_name":"Markt-XXL","article_modified_time":"2023-04-11T00:04:12+00:00","og_image":[{"width":500,"height":375,"url":"https:\/\/m.media-amazon.com\/images\/I\/51FgUBZVzaL._SL500_.jpg","type":"image\/jpeg"}],"twitter_card":"summary_large_image","schema":{"@context":"https:\/\/schema.org","@graph":[{"@type":"WebPage","@id":"https:\/\/marktxxl.de\/markt\/produkt\/essentiale-max-original-120-kapseln-fuer-leberentgiftung\/","url":"https:\/\/marktxxl.de\/markt\/produkt\/essentiale-max-original-120-kapseln-fuer-leberentgiftung\/","name":"Essentiale MAX Original \u2013 120 Kapseln f\u00fcr Leberentgiftung - Markt-XXL","isPartOf":{"@id":"https:\/\/marktxxl.de\/markt\/#website"},"primaryImageOfPage":{"@id":"https:\/\/marktxxl.de\/markt\/produkt\/essentiale-max-original-120-kapseln-fuer-leberentgiftung\/#primaryimage"},"image":{"@id":"https:\/\/marktxxl.de\/markt\/produkt\/essentiale-max-original-120-kapseln-fuer-leberentgiftung\/#primaryimage"},"thumbnailUrl":"https:\/\/m.media-amazon.com\/images\/I\/51FgUBZVzaL._SL500_.jpg","datePublished":"2021-09-26T14:12:53+00:00","dateModified":"2023-04-11T00:04:12+00:00","description":"Markt-XXL Essentiale MAX Original \u2013 120 Kapseln f\u00fcr Leberentgiftung","breadcrumb":{"@id":"https:\/\/marktxxl.de\/markt\/produkt\/essentiale-max-original-120-kapseln-fuer-leberentgiftung\/#breadcrumb"},"inLanguage":"de","potentialAction":[{"@type":"ReadAction","target":["https:\/\/marktxxl.de\/markt\/produkt\/essentiale-max-original-120-kapseln-fuer-leberentgiftung\/"]}]},{"@type":"ImageObject","inLanguage":"de","@id":"https:\/\/marktxxl.de\/markt\/produkt\/essentiale-max-original-120-kapseln-fuer-leberentgiftung\/#primaryimage","url":"https:\/\/m.media-amazon.com\/images\/I\/51FgUBZVzaL._SL500_.jpg","contentUrl":"https:\/\/m.media-amazon.com\/images\/I\/51FgUBZVzaL._SL500_.jpg","width":500,"height":375},{"@type":"BreadcrumbList","@id":"https:\/\/marktxxl.de\/markt\/produkt\/essentiale-max-original-120-kapseln-fuer-leberentgiftung\/#breadcrumb","itemListElement":[{"@type":"ListItem","position":1,"name":"Startseite","item":"https:\/\/marktxxl.de\/markt\/"},{"@type":"ListItem","position":2,"name":"Markt","item":"https:\/\/marktxxl.de\/markt\/"},{"@type":"ListItem","position":3,"name":"Essentiale MAX Original \u2013 120 Kapseln f\u00fcr Leberentgiftung"}]},{"@type":"WebSite","@id":"https:\/\/marktxxl.de\/markt\/#website","url":"https:\/\/marktxxl.de\/markt\/","name":"Markt-XXL","description":"Ihr Markt Online","publisher":{"@id":"https:\/\/marktxxl.de\/markt\/#organization"},"potentialAction":[{"@type":"SearchAction","target":{"@type":"EntryPoint","urlTemplate":"https:\/\/marktxxl.de\/markt\/?s={search_term_string}"},"query-input":{"@type":"PropertyValueSpecification","valueRequired":true,"valueName":"search_term_string"}}],"inLanguage":"de"},{"@type":"Organization","@id":"https:\/\/marktxxl.de\/markt\/#organization","name":"Markt-XXL","url":"https:\/\/marktxxl.de\/markt\/","logo":{"@type":"ImageObject","inLanguage":"de","@id":"https:\/\/marktxxl.de\/markt\/#\/schema\/logo\/image\/","url":"https:\/\/marktxxl.de\/markt\/wp-content\/uploads\/sites\/3\/2020\/12\/logo.png","contentUrl":"https:\/\/marktxxl.de\/markt\/wp-content\/uploads\/sites\/3\/2020\/12\/logo.png","width":200,"height":70,"caption":"Markt-XXL"},"image":{"@id":"https:\/\/marktxxl.de\/markt\/#\/schema\/logo\/image\/"}}]}},"_links":{"self":[{"href":"https:\/\/marktxxl.de\/markt\/wp-json\/wp\/v2\/product\/44814","targetHints":{"allow":["GET"]}}],"collection":[{"href":"https:\/\/marktxxl.de\/markt\/wp-json\/wp\/v2\/product"}],"about":[{"href":"https:\/\/marktxxl.de\/markt\/wp-json\/wp\/v2\/types\/product"}],"replies":[{"embeddable":true,"href":"https:\/\/marktxxl.de\/markt\/wp-json\/wp\/v2\/comments?post=44814"}],"wp:featuredmedia":[{"embeddable":true,"href":"https:\/\/marktxxl.de\/markt\/wp-json\/wp\/v2\/media\/44815"}],"wp:attachment":[{"href":"https:\/\/marktxxl.de\/markt\/wp-json\/wp\/v2\/media?parent=44814"}],"wp:term":[{"taxonomy":"product_brand","embeddable":true,"href":"https:\/\/marktxxl.de\/markt\/wp-json\/wp\/v2\/product_brand?post=44814"},{"taxonomy":"product_cat","embeddable":true,"href":"https:\/\/marktxxl.de\/markt\/wp-json\/wp\/v2\/product_cat?post=44814"},{"taxonomy":"product_tag","embeddable":true,"href":"https:\/\/marktxxl.de\/markt\/wp-json\/wp\/v2\/product_tag?post=44814"}],"curies":[{"name":"wp","href":"https:\/\/api.w.org\/{rel}","templated":true}]}}