{"id":44524,"date":"2021-09-26T16:11:00","date_gmt":"2021-09-26T14:11:00","guid":{"rendered":"https:\/\/marktxxl.de\/markt\/produkt\/prorhinel-einweg-ohrstoepsel-fuer-baby-fliege-20-stueck-2-stueck-2-x-20-stueck\/"},"modified":"2023-04-11T02:04:08","modified_gmt":"2023-04-11T00:04:08","slug":"prorhinel-einweg-ohrstoepsel-fuer-baby-fliege-20-stueck-2-stueck-2-x-20-stueck","status":"publish","type":"product","link":"https:\/\/marktxxl.de\/markt\/produkt\/prorhinel-einweg-ohrstoepsel-fuer-baby-fliege-20-stueck-2-stueck-2-x-20-stueck\/","title":{"rendered":"Prorhinel Einweg-Moskittel f\u00fcr Babys, weich, f\u00fcr verstopfte und laufende Nase, weich, hygienisch, hergestellt in\u2026"},"content":{"rendered":"<p>Enth\u00e4lt 2 Boxen mit je 20 weichen Aufs\u00e4tzen, geeignet f\u00fcr die Prorhinel Babyfliege<br \/>\nDiese PVC- und Melaminschaum-Mundst\u00fccke sind phthalatfrei, um die Gesundheit Ihres Babys zu bewahren.<br \/>\nSie wurden entwickelt, um Ihr Baby sanft und sicher zu schnappen.<br \/>\nEin Must-Have f\u00fcr Ihre Wickeltasche, damit Sie Ihr Baby optimal und sanft schnorcheln k\u00f6nnen.<br \/>\nAnweisungen: Positionieren Sie ein weiches Nasenst\u00fcck auf dem K\u00f6rper des Ger\u00e4ts. Legen Sie das Mundst\u00fcck in Ihren Mund und stecken Sie das Ende des Nasensteckers in einen der Nasenl\u00f6cher Ihres Babys. Saugen Sie sanft und regelm\u00e4\u00dfig durch den Mundst\u00fcck<br \/>\nZur Sicherheit entfernen Sie die gebrauchte Nasenspitze und entsorgen Sie sie. Aus hygienischen Gr\u00fcnden und zur Vermeidung von Kontamination ist der Nasenaufsatz zur einmaligen Anwendung und sollte nach dem Gebrauch entsorgt werden.<br \/>\n<div class=\"main-cross-sell\" data-asin=\"B08D97KKLP\">\n\n\t<div class=\"WooZone-cross-sell-loader\">\n\t\t<div>\n\t\t\t<div id=\"floatingBarsG\">\n\t\t\t\t<div class=\"blockG\" id=\"rotateG_01\"><\/div>\n\t\t\t\t<div class=\"blockG\" id=\"rotateG_02\"><\/div>\n\t\t\t\t<div class=\"blockG\" id=\"rotateG_03\"><\/div>\n\t\t\t\t<div class=\"blockG\" id=\"rotateG_04\"><\/div>\n\t\t\t\t<div class=\"blockG\" id=\"rotateG_05\"><\/div>\n\t\t\t\t<div class=\"blockG\" id=\"rotateG_06\"><\/div>\n\t\t\t\t<div class=\"blockG\" id=\"rotateG_07\"><\/div>\n\t\t\t\t<div class=\"blockG\" id=\"rotateG_08\"><\/div>\n\t\t\t<\/div>\n\t\t\t<div class=\"WooZone-cross-sell-loader-text\"><\/div>\n\t\t<\/div>\n\t<\/div>\n\n\t\t\n<\/div>\n<div style=\"clear:both;\"><\/div><\/p>\n","protected":false},"excerpt":{"rendered":"<p>Enth\u00e4lt 2 Boxen mit je 20 weichen Aufs\u00e4tzen, geeignet f\u00fcr die Prorhinel Babyfliege<br \/>\nDiese PVC- und Melaminschaum-Mundst\u00fccke sind phthalatfrei, um die Gesundheit Ihres Babys zu bewahren.<br \/>\nSie wurden entwickelt, um Ihr Baby sanft und sicher zu schnappen.<\/p>\n","protected":false},"featured_media":44525,"comment_status":"open","ping_status":"closed","template":"","meta":[],"product_brand":[],"product_cat":[566,5981],"product_tag":[],"class_list":{"0":"post-44524","1":"product","2":"type-product","3":"status-publish","4":"has-post-thumbnail","6":"product_cat-drogerie-koerperpflege","7":"product_cat-mund-zahnpflege","8":"pa_binding-badartikel","9":"pa_brand-prorhinel","10":"pa_height-3-543307083-zoll","11":"pa_length-3-0314960599-zoll","12":"pa_manufacturer-aquafresh","13":"pa_model-18505","14":"pa_weight-188-gramm","15":"pa_width-4-9999999949-zoll","17":"first","18":"instock","19":"shipping-taxable","20":"purchasable","21":"product-type-simple","22":"customify-col","23":"product-has-gallery"},"yoast_head":"<!-- This site is optimized with the Yoast SEO plugin v27.4 - https:\/\/yoast.com\/product\/yoast-seo-wordpress\/ -->\n<title>Prorhinel Einweg-Moskittel f\u00fcr Babys, weich, f\u00fcr verstopfte und laufende Nase, weich, hygienisch, hergestellt in\u2026 - Markt-XXL<\/title>\n<meta name=\"description\" content=\"Markt-XXL Prorhinel Einweg-Moskittel f\u00fcr Babys, weich, f\u00fcr verstopfte und laufende Nase, weich, hygienisch, hergestellt in\u2026\" \/>\n<meta name=\"robots\" content=\"index, follow, max-snippet:-1, max-image-preview:large, max-video-preview:-1\" \/>\n<link rel=\"canonical\" href=\"https:\/\/marktxxl.de\/markt\/produkt\/prorhinel-einweg-ohrstoepsel-fuer-baby-fliege-20-stueck-2-stueck-2-x-20-stueck\/\" \/>\n<meta property=\"og:locale\" content=\"de_DE\" \/>\n<meta property=\"og:type\" content=\"article\" \/>\n<meta property=\"og:title\" content=\"Prorhinel Einweg-Moskittel f\u00fcr Babys, weich, f\u00fcr verstopfte und laufende Nase, weich, hygienisch, hergestellt in\u2026 - Markt-XXL\" \/>\n<meta property=\"og:description\" content=\"Markt-XXL Prorhinel Einweg-Moskittel f\u00fcr Babys, weich, f\u00fcr verstopfte und laufende Nase, weich, hygienisch, hergestellt in\u2026\" \/>\n<meta property=\"og:url\" content=\"https:\/\/marktxxl.de\/markt\/produkt\/prorhinel-einweg-ohrstoepsel-fuer-baby-fliege-20-stueck-2-stueck-2-x-20-stueck\/\" \/>\n<meta property=\"og:site_name\" content=\"Markt-XXL\" \/>\n<meta property=\"article:modified_time\" content=\"2023-04-11T00:04:08+00:00\" \/>\n<meta property=\"og:image\" content=\"https:\/\/m.media-amazon.com\/images\/I\/41WhBNBDafL._SL500_.jpg\" \/>\n\t<meta property=\"og:image:width\" content=\"353\" \/>\n\t<meta property=\"og:image:height\" content=\"500\" \/>\n\t<meta property=\"og:image:type\" content=\"image\/jpeg\" \/>\n<meta name=\"twitter:card\" content=\"summary_large_image\" \/>\n<meta name=\"twitter:label1\" content=\"Gesch\u00e4tzte Lesezeit\" \/>\n\t<meta name=\"twitter:data1\" content=\"1\u00a0Minute\" \/>\n<script type=\"application\/ld+json\" class=\"yoast-schema-graph\">{\"@context\":\"https:\\\/\\\/schema.org\",\"@graph\":[{\"@type\":\"WebPage\",\"@id\":\"https:\\\/\\\/marktxxl.de\\\/markt\\\/produkt\\\/prorhinel-einweg-ohrstoepsel-fuer-baby-fliege-20-stueck-2-stueck-2-x-20-stueck\\\/\",\"url\":\"https:\\\/\\\/marktxxl.de\\\/markt\\\/produkt\\\/prorhinel-einweg-ohrstoepsel-fuer-baby-fliege-20-stueck-2-stueck-2-x-20-stueck\\\/\",\"name\":\"Prorhinel Einweg-Moskittel f\u00fcr Babys, weich, f\u00fcr verstopfte und laufende Nase, weich, hygienisch, hergestellt in\u2026 - Markt-XXL\",\"isPartOf\":{\"@id\":\"https:\\\/\\\/marktxxl.de\\\/markt\\\/#website\"},\"primaryImageOfPage\":{\"@id\":\"https:\\\/\\\/marktxxl.de\\\/markt\\\/produkt\\\/prorhinel-einweg-ohrstoepsel-fuer-baby-fliege-20-stueck-2-stueck-2-x-20-stueck\\\/#primaryimage\"},\"image\":{\"@id\":\"https:\\\/\\\/marktxxl.de\\\/markt\\\/produkt\\\/prorhinel-einweg-ohrstoepsel-fuer-baby-fliege-20-stueck-2-stueck-2-x-20-stueck\\\/#primaryimage\"},\"thumbnailUrl\":\"https:\\\/\\\/m.media-amazon.com\\\/images\\\/I\\\/41WhBNBDafL._SL500_.jpg\",\"datePublished\":\"2021-09-26T14:11:00+00:00\",\"dateModified\":\"2023-04-11T00:04:08+00:00\",\"description\":\"Markt-XXL Prorhinel Einweg-Moskittel f\u00fcr Babys, weich, f\u00fcr verstopfte und laufende Nase, weich, hygienisch, hergestellt in\u2026\",\"breadcrumb\":{\"@id\":\"https:\\\/\\\/marktxxl.de\\\/markt\\\/produkt\\\/prorhinel-einweg-ohrstoepsel-fuer-baby-fliege-20-stueck-2-stueck-2-x-20-stueck\\\/#breadcrumb\"},\"inLanguage\":\"de\",\"potentialAction\":[{\"@type\":\"ReadAction\",\"target\":[\"https:\\\/\\\/marktxxl.de\\\/markt\\\/produkt\\\/prorhinel-einweg-ohrstoepsel-fuer-baby-fliege-20-stueck-2-stueck-2-x-20-stueck\\\/\"]}]},{\"@type\":\"ImageObject\",\"inLanguage\":\"de\",\"@id\":\"https:\\\/\\\/marktxxl.de\\\/markt\\\/produkt\\\/prorhinel-einweg-ohrstoepsel-fuer-baby-fliege-20-stueck-2-stueck-2-x-20-stueck\\\/#primaryimage\",\"url\":\"https:\\\/\\\/m.media-amazon.com\\\/images\\\/I\\\/41WhBNBDafL._SL500_.jpg\",\"contentUrl\":\"https:\\\/\\\/m.media-amazon.com\\\/images\\\/I\\\/41WhBNBDafL._SL500_.jpg\",\"width\":353,\"height\":500},{\"@type\":\"BreadcrumbList\",\"@id\":\"https:\\\/\\\/marktxxl.de\\\/markt\\\/produkt\\\/prorhinel-einweg-ohrstoepsel-fuer-baby-fliege-20-stueck-2-stueck-2-x-20-stueck\\\/#breadcrumb\",\"itemListElement\":[{\"@type\":\"ListItem\",\"position\":1,\"name\":\"Startseite\",\"item\":\"https:\\\/\\\/marktxxl.de\\\/markt\\\/\"},{\"@type\":\"ListItem\",\"position\":2,\"name\":\"Markt\",\"item\":\"https:\\\/\\\/marktxxl.de\\\/markt\\\/\"},{\"@type\":\"ListItem\",\"position\":3,\"name\":\"Prorhinel Einweg-Moskittel f\u00fcr Babys, weich, f\u00fcr verstopfte und laufende Nase, weich, hygienisch, hergestellt in\u2026\"}]},{\"@type\":\"WebSite\",\"@id\":\"https:\\\/\\\/marktxxl.de\\\/markt\\\/#website\",\"url\":\"https:\\\/\\\/marktxxl.de\\\/markt\\\/\",\"name\":\"Markt-XXL\",\"description\":\"Ihr Markt Online\",\"publisher\":{\"@id\":\"https:\\\/\\\/marktxxl.de\\\/markt\\\/#organization\"},\"potentialAction\":[{\"@type\":\"SearchAction\",\"target\":{\"@type\":\"EntryPoint\",\"urlTemplate\":\"https:\\\/\\\/marktxxl.de\\\/markt\\\/?s={search_term_string}\"},\"query-input\":{\"@type\":\"PropertyValueSpecification\",\"valueRequired\":true,\"valueName\":\"search_term_string\"}}],\"inLanguage\":\"de\"},{\"@type\":\"Organization\",\"@id\":\"https:\\\/\\\/marktxxl.de\\\/markt\\\/#organization\",\"name\":\"Markt-XXL\",\"url\":\"https:\\\/\\\/marktxxl.de\\\/markt\\\/\",\"logo\":{\"@type\":\"ImageObject\",\"inLanguage\":\"de\",\"@id\":\"https:\\\/\\\/marktxxl.de\\\/markt\\\/#\\\/schema\\\/logo\\\/image\\\/\",\"url\":\"https:\\\/\\\/marktxxl.de\\\/markt\\\/wp-content\\\/uploads\\\/sites\\\/3\\\/2020\\\/12\\\/logo.png\",\"contentUrl\":\"https:\\\/\\\/marktxxl.de\\\/markt\\\/wp-content\\\/uploads\\\/sites\\\/3\\\/2020\\\/12\\\/logo.png\",\"width\":200,\"height\":70,\"caption\":\"Markt-XXL\"},\"image\":{\"@id\":\"https:\\\/\\\/marktxxl.de\\\/markt\\\/#\\\/schema\\\/logo\\\/image\\\/\"}}]}<\/script>\n<!-- \/ Yoast SEO plugin. -->","yoast_head_json":{"title":"Prorhinel Einweg-Moskittel f\u00fcr Babys, weich, f\u00fcr verstopfte und laufende Nase, weich, hygienisch, hergestellt in\u2026 - Markt-XXL","description":"Markt-XXL Prorhinel Einweg-Moskittel f\u00fcr Babys, weich, f\u00fcr verstopfte und laufende Nase, weich, hygienisch, hergestellt in\u2026","robots":{"index":"index","follow":"follow","max-snippet":"max-snippet:-1","max-image-preview":"max-image-preview:large","max-video-preview":"max-video-preview:-1"},"canonical":"https:\/\/marktxxl.de\/markt\/produkt\/prorhinel-einweg-ohrstoepsel-fuer-baby-fliege-20-stueck-2-stueck-2-x-20-stueck\/","og_locale":"de_DE","og_type":"article","og_title":"Prorhinel Einweg-Moskittel f\u00fcr Babys, weich, f\u00fcr verstopfte und laufende Nase, weich, hygienisch, hergestellt in\u2026 - Markt-XXL","og_description":"Markt-XXL Prorhinel Einweg-Moskittel f\u00fcr Babys, weich, f\u00fcr verstopfte und laufende Nase, weich, hygienisch, hergestellt in\u2026","og_url":"https:\/\/marktxxl.de\/markt\/produkt\/prorhinel-einweg-ohrstoepsel-fuer-baby-fliege-20-stueck-2-stueck-2-x-20-stueck\/","og_site_name":"Markt-XXL","article_modified_time":"2023-04-11T00:04:08+00:00","og_image":[{"width":353,"height":500,"url":"https:\/\/m.media-amazon.com\/images\/I\/41WhBNBDafL._SL500_.jpg","type":"image\/jpeg"}],"twitter_card":"summary_large_image","twitter_misc":{"Gesch\u00e4tzte Lesezeit":"1\u00a0Minute"},"schema":{"@context":"https:\/\/schema.org","@graph":[{"@type":"WebPage","@id":"https:\/\/marktxxl.de\/markt\/produkt\/prorhinel-einweg-ohrstoepsel-fuer-baby-fliege-20-stueck-2-stueck-2-x-20-stueck\/","url":"https:\/\/marktxxl.de\/markt\/produkt\/prorhinel-einweg-ohrstoepsel-fuer-baby-fliege-20-stueck-2-stueck-2-x-20-stueck\/","name":"Prorhinel Einweg-Moskittel f\u00fcr Babys, weich, f\u00fcr verstopfte und laufende Nase, weich, hygienisch, hergestellt in\u2026 - Markt-XXL","isPartOf":{"@id":"https:\/\/marktxxl.de\/markt\/#website"},"primaryImageOfPage":{"@id":"https:\/\/marktxxl.de\/markt\/produkt\/prorhinel-einweg-ohrstoepsel-fuer-baby-fliege-20-stueck-2-stueck-2-x-20-stueck\/#primaryimage"},"image":{"@id":"https:\/\/marktxxl.de\/markt\/produkt\/prorhinel-einweg-ohrstoepsel-fuer-baby-fliege-20-stueck-2-stueck-2-x-20-stueck\/#primaryimage"},"thumbnailUrl":"https:\/\/m.media-amazon.com\/images\/I\/41WhBNBDafL._SL500_.jpg","datePublished":"2021-09-26T14:11:00+00:00","dateModified":"2023-04-11T00:04:08+00:00","description":"Markt-XXL Prorhinel Einweg-Moskittel f\u00fcr Babys, weich, f\u00fcr verstopfte und laufende Nase, weich, hygienisch, hergestellt in\u2026","breadcrumb":{"@id":"https:\/\/marktxxl.de\/markt\/produkt\/prorhinel-einweg-ohrstoepsel-fuer-baby-fliege-20-stueck-2-stueck-2-x-20-stueck\/#breadcrumb"},"inLanguage":"de","potentialAction":[{"@type":"ReadAction","target":["https:\/\/marktxxl.de\/markt\/produkt\/prorhinel-einweg-ohrstoepsel-fuer-baby-fliege-20-stueck-2-stueck-2-x-20-stueck\/"]}]},{"@type":"ImageObject","inLanguage":"de","@id":"https:\/\/marktxxl.de\/markt\/produkt\/prorhinel-einweg-ohrstoepsel-fuer-baby-fliege-20-stueck-2-stueck-2-x-20-stueck\/#primaryimage","url":"https:\/\/m.media-amazon.com\/images\/I\/41WhBNBDafL._SL500_.jpg","contentUrl":"https:\/\/m.media-amazon.com\/images\/I\/41WhBNBDafL._SL500_.jpg","width":353,"height":500},{"@type":"BreadcrumbList","@id":"https:\/\/marktxxl.de\/markt\/produkt\/prorhinel-einweg-ohrstoepsel-fuer-baby-fliege-20-stueck-2-stueck-2-x-20-stueck\/#breadcrumb","itemListElement":[{"@type":"ListItem","position":1,"name":"Startseite","item":"https:\/\/marktxxl.de\/markt\/"},{"@type":"ListItem","position":2,"name":"Markt","item":"https:\/\/marktxxl.de\/markt\/"},{"@type":"ListItem","position":3,"name":"Prorhinel Einweg-Moskittel f\u00fcr Babys, weich, f\u00fcr verstopfte und laufende Nase, weich, hygienisch, hergestellt in\u2026"}]},{"@type":"WebSite","@id":"https:\/\/marktxxl.de\/markt\/#website","url":"https:\/\/marktxxl.de\/markt\/","name":"Markt-XXL","description":"Ihr Markt Online","publisher":{"@id":"https:\/\/marktxxl.de\/markt\/#organization"},"potentialAction":[{"@type":"SearchAction","target":{"@type":"EntryPoint","urlTemplate":"https:\/\/marktxxl.de\/markt\/?s={search_term_string}"},"query-input":{"@type":"PropertyValueSpecification","valueRequired":true,"valueName":"search_term_string"}}],"inLanguage":"de"},{"@type":"Organization","@id":"https:\/\/marktxxl.de\/markt\/#organization","name":"Markt-XXL","url":"https:\/\/marktxxl.de\/markt\/","logo":{"@type":"ImageObject","inLanguage":"de","@id":"https:\/\/marktxxl.de\/markt\/#\/schema\/logo\/image\/","url":"https:\/\/marktxxl.de\/markt\/wp-content\/uploads\/sites\/3\/2020\/12\/logo.png","contentUrl":"https:\/\/marktxxl.de\/markt\/wp-content\/uploads\/sites\/3\/2020\/12\/logo.png","width":200,"height":70,"caption":"Markt-XXL"},"image":{"@id":"https:\/\/marktxxl.de\/markt\/#\/schema\/logo\/image\/"}}]}},"_links":{"self":[{"href":"https:\/\/marktxxl.de\/markt\/wp-json\/wp\/v2\/product\/44524","targetHints":{"allow":["GET"]}}],"collection":[{"href":"https:\/\/marktxxl.de\/markt\/wp-json\/wp\/v2\/product"}],"about":[{"href":"https:\/\/marktxxl.de\/markt\/wp-json\/wp\/v2\/types\/product"}],"replies":[{"embeddable":true,"href":"https:\/\/marktxxl.de\/markt\/wp-json\/wp\/v2\/comments?post=44524"}],"wp:featuredmedia":[{"embeddable":true,"href":"https:\/\/marktxxl.de\/markt\/wp-json\/wp\/v2\/media\/44525"}],"wp:attachment":[{"href":"https:\/\/marktxxl.de\/markt\/wp-json\/wp\/v2\/media?parent=44524"}],"wp:term":[{"taxonomy":"product_brand","embeddable":true,"href":"https:\/\/marktxxl.de\/markt\/wp-json\/wp\/v2\/product_brand?post=44524"},{"taxonomy":"product_cat","embeddable":true,"href":"https:\/\/marktxxl.de\/markt\/wp-json\/wp\/v2\/product_cat?post=44524"},{"taxonomy":"product_tag","embeddable":true,"href":"https:\/\/marktxxl.de\/markt\/wp-json\/wp\/v2\/product_tag?post=44524"}],"curies":[{"name":"wp","href":"https:\/\/api.w.org\/{rel}","templated":true}]}}