{"id":44460,"date":"2021-09-26T15:51:00","date_gmt":"2021-09-26T13:51:00","guid":{"rendered":"https:\/\/marktxxl.de\/markt\/produkt\/vapehero-e-zigarette-tasche-mit-premium-matte-zum-herausnehmen-dampfer-etui-fuer-liquid-flaschen-und-zubehoer-passend-fuer-grosse-mods-18650-akku-stossfest\/"},"modified":"2023-04-11T02:03:19","modified_gmt":"2023-04-11T00:03:19","slug":"vapehero-e-zigarette-tasche-mit-premium-matte-zum-herausnehmen-dampfer-etui-fuer-liquid-flaschen-und-zubehoer-passend-fuer-grosse-mods-18650-akku-stossfest","status":"publish","type":"product","link":"https:\/\/marktxxl.de\/markt\/produkt\/vapehero-e-zigarette-tasche-mit-premium-matte-zum-herausnehmen-dampfer-etui-fuer-liquid-flaschen-und-zubehoer-passend-fuer-grosse-mods-18650-akku-stossfest\/","title":{"rendered":"VapeHero\u00ae E-Zigarette Tasche mit Premium Matte zum herausnehmen | Dampfer Etui f\u00fcr Liquid Flaschen und Zubeh\u00f6r | Passend\u2026"},"content":{"rendered":"<p>\u2605 100% VAPEHERO QUALIT\u00c4T &#8211; Von Dampfer f\u00fcr Dampfer entwickelt, sind alle unsere Taschen perfekt auf Deine Bed\u00fcrfnisse angepasst<br \/>\n\u2605 PREMIUM MATTE &#8211; Entscheide selbst, wie du die Matte best\u00fcckst. Mit der intelligenten Anordnung der Straps sind Dir keine Grenzen gesetzt. Gumminoppen gew\u00e4hrleisten, dass alles an seinem Platz bleibt. Zum Best\u00fccken kann die Matte einfach aus der Tasche genommen werden<br \/>\n\u2605 VIEL PLATZ F\u00dcR DEIN EQUIPMENT &#8211; Die Gr\u00f6\u00dfe ist optimal f\u00fcr Flaschen bis 80ML und handels\u00fcblichen E-Zigaretten wie der Eleaf, Joytech oder Smog Alien geeignet. Die intelligente Aufteilung der Straps gew\u00e4hrleistet, dass Zubeh\u00f6r wie Watte, Verdampfer-Kopf, Coils oder Liquids einen geeigneten Platz finden<br \/>\n\u2605 HANDGEFERTIGT &#8211; Jedes Etui wird von Hand gefertigt und ist daher etwas ganz besonderes. Das Material ist \u00e4u\u00dferst pflegeleicht und kann bei auslaufendem Liquid einfach mit einem feuchten Tuch gereinigt werden<br \/>\n\u2605 DER WAHRSCHEINLICH BESTE KUNDENSERVICE &#8211; Egal ob per E-Mail oder in den g\u00e4ngigen Social Media Kan\u00e4len: wir sind jederzeit f\u00fcr euch greifbar. Wir sind selbst Dampfer und helfen euch gerne weiter<br \/>\n<div class=\"main-cross-sell\" data-asin=\"B07T1XV6FP\">\n\n\t<div class=\"WooZone-cross-sell-loader\">\n\t\t<div>\n\t\t\t<div id=\"floatingBarsG\">\n\t\t\t\t<div class=\"blockG\" id=\"rotateG_01\"><\/div>\n\t\t\t\t<div class=\"blockG\" id=\"rotateG_02\"><\/div>\n\t\t\t\t<div class=\"blockG\" id=\"rotateG_03\"><\/div>\n\t\t\t\t<div class=\"blockG\" id=\"rotateG_04\"><\/div>\n\t\t\t\t<div class=\"blockG\" id=\"rotateG_05\"><\/div>\n\t\t\t\t<div class=\"blockG\" id=\"rotateG_06\"><\/div>\n\t\t\t\t<div class=\"blockG\" id=\"rotateG_07\"><\/div>\n\t\t\t\t<div class=\"blockG\" id=\"rotateG_08\"><\/div>\n\t\t\t<\/div>\n\t\t\t<div class=\"WooZone-cross-sell-loader-text\"><\/div>\n\t\t<\/div>\n\t<\/div>\n\n\t\t\n<\/div>\n<div style=\"clear:both;\"><\/div><\/p>\n","protected":false},"excerpt":{"rendered":"<p>\u2605 100% VAPEHERO QUALIT\u00c4T &#8211; Von Dampfer f\u00fcr Dampfer entwickelt, sind alle unsere Taschen perfekt auf Deine Bed\u00fcrfnisse angepasst<br \/>\n\u2605 PREMIUM MATTE &#8211; Entscheide selbst, wie du die Matte best\u00fcckst. Mit der intelligenten Anordnung der Straps sind Dir keine Grenzen gesetzt. Gumminoppen gew\u00e4hrleisten, dass alles an seinem Platz bleibt. Zum Best\u00fccken kann die Matte einfach aus der Tasche genommen werden<br \/>\n\u2605 VIEL PLATZ F\u00dcR DEIN EQUIPMENT &#8211; Die Gr\u00f6\u00dfe ist optimal f\u00fcr Flaschen bis 80ML und handels\u00fcblichen E-Zigaretten wie der Eleaf, Joytech oder Smog Alien geeignet. Die intelligente Aufteilung der Straps gew\u00e4hrleistet, dass Zubeh\u00f6r wie Watte, Verdampfer-Kopf, Coils oder Liquids einen geeigneten Platz finden<\/p>\n","protected":false},"featured_media":44461,"comment_status":"open","ping_status":"closed","template":"","meta":[],"product_brand":[],"product_cat":[566,5626],"product_tag":[],"class_list":{"0":"post-44460","1":"product","2":"type-product","3":"status-publish","4":"has-post-thumbnail","6":"product_cat-drogerie-koerperpflege","7":"product_cat-elektronische-zigaretten-shishas-zubehoer","8":"pa_binding-haushaltswaren","9":"pa_brand-vapehero","10":"pa_color-schwarz","11":"pa_manufacturer-mtc-commerce-ug","12":"pa_size-1-stueck-1er-pack","14":"first","15":"instock","16":"shipping-taxable","17":"purchasable","18":"product-type-simple","19":"customify-col","20":"product-has-gallery"},"yoast_head":"<!-- This site is optimized with the Yoast SEO plugin v27.4 - https:\/\/yoast.com\/product\/yoast-seo-wordpress\/ -->\n<title>VapeHero\u00ae E-Zigarette Tasche mit Premium Matte zum herausnehmen | Dampfer Etui f\u00fcr Liquid Flaschen und Zubeh\u00f6r | Passend\u2026 - Markt-XXL<\/title>\n<meta name=\"description\" content=\"Markt-XXL VapeHero\u00ae E-Zigarette Tasche mit Premium Matte zum herausnehmen | Dampfer Etui f\u00fcr Liquid Flaschen und Zubeh\u00f6r | Passend\u2026\" \/>\n<meta name=\"robots\" content=\"index, follow, max-snippet:-1, max-image-preview:large, max-video-preview:-1\" \/>\n<link rel=\"canonical\" href=\"https:\/\/marktxxl.de\/markt\/produkt\/vapehero-e-zigarette-tasche-mit-premium-matte-zum-herausnehmen-dampfer-etui-fuer-liquid-flaschen-und-zubehoer-passend-fuer-grosse-mods-18650-akku-stossfest\/\" \/>\n<meta property=\"og:locale\" content=\"de_DE\" \/>\n<meta property=\"og:type\" content=\"article\" \/>\n<meta property=\"og:title\" content=\"VapeHero\u00ae E-Zigarette Tasche mit Premium Matte zum herausnehmen | Dampfer Etui f\u00fcr Liquid Flaschen und Zubeh\u00f6r | Passend\u2026 - Markt-XXL\" \/>\n<meta property=\"og:description\" content=\"Markt-XXL VapeHero\u00ae E-Zigarette Tasche mit Premium Matte zum herausnehmen | Dampfer Etui f\u00fcr Liquid Flaschen und Zubeh\u00f6r | Passend\u2026\" \/>\n<meta property=\"og:url\" content=\"https:\/\/marktxxl.de\/markt\/produkt\/vapehero-e-zigarette-tasche-mit-premium-matte-zum-herausnehmen-dampfer-etui-fuer-liquid-flaschen-und-zubehoer-passend-fuer-grosse-mods-18650-akku-stossfest\/\" \/>\n<meta property=\"og:site_name\" content=\"Markt-XXL\" \/>\n<meta property=\"article:modified_time\" content=\"2023-04-11T00:03:19+00:00\" \/>\n<meta property=\"og:image\" content=\"https:\/\/m.media-amazon.com\/images\/I\/51hVd5t6rAL._SL500_.jpg\" \/>\n\t<meta property=\"og:image:width\" content=\"500\" \/>\n\t<meta property=\"og:image:height\" content=\"500\" \/>\n\t<meta property=\"og:image:type\" content=\"image\/jpeg\" \/>\n<meta name=\"twitter:card\" content=\"summary_large_image\" \/>\n<meta name=\"twitter:label1\" content=\"Gesch\u00e4tzte Lesezeit\" \/>\n\t<meta name=\"twitter:data1\" content=\"1\u00a0Minute\" \/>\n<script type=\"application\/ld+json\" class=\"yoast-schema-graph\">{\"@context\":\"https:\\\/\\\/schema.org\",\"@graph\":[{\"@type\":\"WebPage\",\"@id\":\"https:\\\/\\\/marktxxl.de\\\/markt\\\/produkt\\\/vapehero-e-zigarette-tasche-mit-premium-matte-zum-herausnehmen-dampfer-etui-fuer-liquid-flaschen-und-zubehoer-passend-fuer-grosse-mods-18650-akku-stossfest\\\/\",\"url\":\"https:\\\/\\\/marktxxl.de\\\/markt\\\/produkt\\\/vapehero-e-zigarette-tasche-mit-premium-matte-zum-herausnehmen-dampfer-etui-fuer-liquid-flaschen-und-zubehoer-passend-fuer-grosse-mods-18650-akku-stossfest\\\/\",\"name\":\"VapeHero\u00ae E-Zigarette Tasche mit Premium Matte zum herausnehmen | Dampfer Etui f\u00fcr Liquid Flaschen und Zubeh\u00f6r | Passend\u2026 - Markt-XXL\",\"isPartOf\":{\"@id\":\"https:\\\/\\\/marktxxl.de\\\/markt\\\/#website\"},\"primaryImageOfPage\":{\"@id\":\"https:\\\/\\\/marktxxl.de\\\/markt\\\/produkt\\\/vapehero-e-zigarette-tasche-mit-premium-matte-zum-herausnehmen-dampfer-etui-fuer-liquid-flaschen-und-zubehoer-passend-fuer-grosse-mods-18650-akku-stossfest\\\/#primaryimage\"},\"image\":{\"@id\":\"https:\\\/\\\/marktxxl.de\\\/markt\\\/produkt\\\/vapehero-e-zigarette-tasche-mit-premium-matte-zum-herausnehmen-dampfer-etui-fuer-liquid-flaschen-und-zubehoer-passend-fuer-grosse-mods-18650-akku-stossfest\\\/#primaryimage\"},\"thumbnailUrl\":\"https:\\\/\\\/m.media-amazon.com\\\/images\\\/I\\\/51hVd5t6rAL._SL500_.jpg\",\"datePublished\":\"2021-09-26T13:51:00+00:00\",\"dateModified\":\"2023-04-11T00:03:19+00:00\",\"description\":\"Markt-XXL VapeHero\u00ae E-Zigarette Tasche mit Premium Matte zum herausnehmen | Dampfer Etui f\u00fcr Liquid Flaschen und Zubeh\u00f6r | Passend\u2026\",\"breadcrumb\":{\"@id\":\"https:\\\/\\\/marktxxl.de\\\/markt\\\/produkt\\\/vapehero-e-zigarette-tasche-mit-premium-matte-zum-herausnehmen-dampfer-etui-fuer-liquid-flaschen-und-zubehoer-passend-fuer-grosse-mods-18650-akku-stossfest\\\/#breadcrumb\"},\"inLanguage\":\"de\",\"potentialAction\":[{\"@type\":\"ReadAction\",\"target\":[\"https:\\\/\\\/marktxxl.de\\\/markt\\\/produkt\\\/vapehero-e-zigarette-tasche-mit-premium-matte-zum-herausnehmen-dampfer-etui-fuer-liquid-flaschen-und-zubehoer-passend-fuer-grosse-mods-18650-akku-stossfest\\\/\"]}]},{\"@type\":\"ImageObject\",\"inLanguage\":\"de\",\"@id\":\"https:\\\/\\\/marktxxl.de\\\/markt\\\/produkt\\\/vapehero-e-zigarette-tasche-mit-premium-matte-zum-herausnehmen-dampfer-etui-fuer-liquid-flaschen-und-zubehoer-passend-fuer-grosse-mods-18650-akku-stossfest\\\/#primaryimage\",\"url\":\"https:\\\/\\\/m.media-amazon.com\\\/images\\\/I\\\/51hVd5t6rAL._SL500_.jpg\",\"contentUrl\":\"https:\\\/\\\/m.media-amazon.com\\\/images\\\/I\\\/51hVd5t6rAL._SL500_.jpg\",\"width\":500,\"height\":500},{\"@type\":\"BreadcrumbList\",\"@id\":\"https:\\\/\\\/marktxxl.de\\\/markt\\\/produkt\\\/vapehero-e-zigarette-tasche-mit-premium-matte-zum-herausnehmen-dampfer-etui-fuer-liquid-flaschen-und-zubehoer-passend-fuer-grosse-mods-18650-akku-stossfest\\\/#breadcrumb\",\"itemListElement\":[{\"@type\":\"ListItem\",\"position\":1,\"name\":\"Startseite\",\"item\":\"https:\\\/\\\/marktxxl.de\\\/markt\\\/\"},{\"@type\":\"ListItem\",\"position\":2,\"name\":\"Markt\",\"item\":\"https:\\\/\\\/marktxxl.de\\\/markt\\\/\"},{\"@type\":\"ListItem\",\"position\":3,\"name\":\"VapeHero\u00ae E-Zigarette Tasche mit Premium Matte zum herausnehmen | Dampfer Etui f\u00fcr Liquid Flaschen und Zubeh\u00f6r | Passend\u2026\"}]},{\"@type\":\"WebSite\",\"@id\":\"https:\\\/\\\/marktxxl.de\\\/markt\\\/#website\",\"url\":\"https:\\\/\\\/marktxxl.de\\\/markt\\\/\",\"name\":\"Markt-XXL\",\"description\":\"Ihr Markt Online\",\"publisher\":{\"@id\":\"https:\\\/\\\/marktxxl.de\\\/markt\\\/#organization\"},\"potentialAction\":[{\"@type\":\"SearchAction\",\"target\":{\"@type\":\"EntryPoint\",\"urlTemplate\":\"https:\\\/\\\/marktxxl.de\\\/markt\\\/?s={search_term_string}\"},\"query-input\":{\"@type\":\"PropertyValueSpecification\",\"valueRequired\":true,\"valueName\":\"search_term_string\"}}],\"inLanguage\":\"de\"},{\"@type\":\"Organization\",\"@id\":\"https:\\\/\\\/marktxxl.de\\\/markt\\\/#organization\",\"name\":\"Markt-XXL\",\"url\":\"https:\\\/\\\/marktxxl.de\\\/markt\\\/\",\"logo\":{\"@type\":\"ImageObject\",\"inLanguage\":\"de\",\"@id\":\"https:\\\/\\\/marktxxl.de\\\/markt\\\/#\\\/schema\\\/logo\\\/image\\\/\",\"url\":\"https:\\\/\\\/marktxxl.de\\\/markt\\\/wp-content\\\/uploads\\\/sites\\\/3\\\/2020\\\/12\\\/logo.png\",\"contentUrl\":\"https:\\\/\\\/marktxxl.de\\\/markt\\\/wp-content\\\/uploads\\\/sites\\\/3\\\/2020\\\/12\\\/logo.png\",\"width\":200,\"height\":70,\"caption\":\"Markt-XXL\"},\"image\":{\"@id\":\"https:\\\/\\\/marktxxl.de\\\/markt\\\/#\\\/schema\\\/logo\\\/image\\\/\"}}]}<\/script>\n<!-- \/ Yoast SEO plugin. -->","yoast_head_json":{"title":"VapeHero\u00ae E-Zigarette Tasche mit Premium Matte zum herausnehmen | Dampfer Etui f\u00fcr Liquid Flaschen und Zubeh\u00f6r | Passend\u2026 - Markt-XXL","description":"Markt-XXL VapeHero\u00ae E-Zigarette Tasche mit Premium Matte zum herausnehmen | Dampfer Etui f\u00fcr Liquid Flaschen und Zubeh\u00f6r | Passend\u2026","robots":{"index":"index","follow":"follow","max-snippet":"max-snippet:-1","max-image-preview":"max-image-preview:large","max-video-preview":"max-video-preview:-1"},"canonical":"https:\/\/marktxxl.de\/markt\/produkt\/vapehero-e-zigarette-tasche-mit-premium-matte-zum-herausnehmen-dampfer-etui-fuer-liquid-flaschen-und-zubehoer-passend-fuer-grosse-mods-18650-akku-stossfest\/","og_locale":"de_DE","og_type":"article","og_title":"VapeHero\u00ae E-Zigarette Tasche mit Premium Matte zum herausnehmen | Dampfer Etui f\u00fcr Liquid Flaschen und Zubeh\u00f6r | Passend\u2026 - Markt-XXL","og_description":"Markt-XXL VapeHero\u00ae E-Zigarette Tasche mit Premium Matte zum herausnehmen | Dampfer Etui f\u00fcr Liquid Flaschen und Zubeh\u00f6r | Passend\u2026","og_url":"https:\/\/marktxxl.de\/markt\/produkt\/vapehero-e-zigarette-tasche-mit-premium-matte-zum-herausnehmen-dampfer-etui-fuer-liquid-flaschen-und-zubehoer-passend-fuer-grosse-mods-18650-akku-stossfest\/","og_site_name":"Markt-XXL","article_modified_time":"2023-04-11T00:03:19+00:00","og_image":[{"width":500,"height":500,"url":"https:\/\/m.media-amazon.com\/images\/I\/51hVd5t6rAL._SL500_.jpg","type":"image\/jpeg"}],"twitter_card":"summary_large_image","twitter_misc":{"Gesch\u00e4tzte Lesezeit":"1\u00a0Minute"},"schema":{"@context":"https:\/\/schema.org","@graph":[{"@type":"WebPage","@id":"https:\/\/marktxxl.de\/markt\/produkt\/vapehero-e-zigarette-tasche-mit-premium-matte-zum-herausnehmen-dampfer-etui-fuer-liquid-flaschen-und-zubehoer-passend-fuer-grosse-mods-18650-akku-stossfest\/","url":"https:\/\/marktxxl.de\/markt\/produkt\/vapehero-e-zigarette-tasche-mit-premium-matte-zum-herausnehmen-dampfer-etui-fuer-liquid-flaschen-und-zubehoer-passend-fuer-grosse-mods-18650-akku-stossfest\/","name":"VapeHero\u00ae E-Zigarette Tasche mit Premium Matte zum herausnehmen | Dampfer Etui f\u00fcr Liquid Flaschen und Zubeh\u00f6r | Passend\u2026 - Markt-XXL","isPartOf":{"@id":"https:\/\/marktxxl.de\/markt\/#website"},"primaryImageOfPage":{"@id":"https:\/\/marktxxl.de\/markt\/produkt\/vapehero-e-zigarette-tasche-mit-premium-matte-zum-herausnehmen-dampfer-etui-fuer-liquid-flaschen-und-zubehoer-passend-fuer-grosse-mods-18650-akku-stossfest\/#primaryimage"},"image":{"@id":"https:\/\/marktxxl.de\/markt\/produkt\/vapehero-e-zigarette-tasche-mit-premium-matte-zum-herausnehmen-dampfer-etui-fuer-liquid-flaschen-und-zubehoer-passend-fuer-grosse-mods-18650-akku-stossfest\/#primaryimage"},"thumbnailUrl":"https:\/\/m.media-amazon.com\/images\/I\/51hVd5t6rAL._SL500_.jpg","datePublished":"2021-09-26T13:51:00+00:00","dateModified":"2023-04-11T00:03:19+00:00","description":"Markt-XXL VapeHero\u00ae E-Zigarette Tasche mit Premium Matte zum herausnehmen | Dampfer Etui f\u00fcr Liquid Flaschen und Zubeh\u00f6r | Passend\u2026","breadcrumb":{"@id":"https:\/\/marktxxl.de\/markt\/produkt\/vapehero-e-zigarette-tasche-mit-premium-matte-zum-herausnehmen-dampfer-etui-fuer-liquid-flaschen-und-zubehoer-passend-fuer-grosse-mods-18650-akku-stossfest\/#breadcrumb"},"inLanguage":"de","potentialAction":[{"@type":"ReadAction","target":["https:\/\/marktxxl.de\/markt\/produkt\/vapehero-e-zigarette-tasche-mit-premium-matte-zum-herausnehmen-dampfer-etui-fuer-liquid-flaschen-und-zubehoer-passend-fuer-grosse-mods-18650-akku-stossfest\/"]}]},{"@type":"ImageObject","inLanguage":"de","@id":"https:\/\/marktxxl.de\/markt\/produkt\/vapehero-e-zigarette-tasche-mit-premium-matte-zum-herausnehmen-dampfer-etui-fuer-liquid-flaschen-und-zubehoer-passend-fuer-grosse-mods-18650-akku-stossfest\/#primaryimage","url":"https:\/\/m.media-amazon.com\/images\/I\/51hVd5t6rAL._SL500_.jpg","contentUrl":"https:\/\/m.media-amazon.com\/images\/I\/51hVd5t6rAL._SL500_.jpg","width":500,"height":500},{"@type":"BreadcrumbList","@id":"https:\/\/marktxxl.de\/markt\/produkt\/vapehero-e-zigarette-tasche-mit-premium-matte-zum-herausnehmen-dampfer-etui-fuer-liquid-flaschen-und-zubehoer-passend-fuer-grosse-mods-18650-akku-stossfest\/#breadcrumb","itemListElement":[{"@type":"ListItem","position":1,"name":"Startseite","item":"https:\/\/marktxxl.de\/markt\/"},{"@type":"ListItem","position":2,"name":"Markt","item":"https:\/\/marktxxl.de\/markt\/"},{"@type":"ListItem","position":3,"name":"VapeHero\u00ae E-Zigarette Tasche mit Premium Matte zum herausnehmen | Dampfer Etui f\u00fcr Liquid Flaschen und Zubeh\u00f6r | Passend\u2026"}]},{"@type":"WebSite","@id":"https:\/\/marktxxl.de\/markt\/#website","url":"https:\/\/marktxxl.de\/markt\/","name":"Markt-XXL","description":"Ihr Markt Online","publisher":{"@id":"https:\/\/marktxxl.de\/markt\/#organization"},"potentialAction":[{"@type":"SearchAction","target":{"@type":"EntryPoint","urlTemplate":"https:\/\/marktxxl.de\/markt\/?s={search_term_string}"},"query-input":{"@type":"PropertyValueSpecification","valueRequired":true,"valueName":"search_term_string"}}],"inLanguage":"de"},{"@type":"Organization","@id":"https:\/\/marktxxl.de\/markt\/#organization","name":"Markt-XXL","url":"https:\/\/marktxxl.de\/markt\/","logo":{"@type":"ImageObject","inLanguage":"de","@id":"https:\/\/marktxxl.de\/markt\/#\/schema\/logo\/image\/","url":"https:\/\/marktxxl.de\/markt\/wp-content\/uploads\/sites\/3\/2020\/12\/logo.png","contentUrl":"https:\/\/marktxxl.de\/markt\/wp-content\/uploads\/sites\/3\/2020\/12\/logo.png","width":200,"height":70,"caption":"Markt-XXL"},"image":{"@id":"https:\/\/marktxxl.de\/markt\/#\/schema\/logo\/image\/"}}]}},"_links":{"self":[{"href":"https:\/\/marktxxl.de\/markt\/wp-json\/wp\/v2\/product\/44460","targetHints":{"allow":["GET"]}}],"collection":[{"href":"https:\/\/marktxxl.de\/markt\/wp-json\/wp\/v2\/product"}],"about":[{"href":"https:\/\/marktxxl.de\/markt\/wp-json\/wp\/v2\/types\/product"}],"replies":[{"embeddable":true,"href":"https:\/\/marktxxl.de\/markt\/wp-json\/wp\/v2\/comments?post=44460"}],"wp:featuredmedia":[{"embeddable":true,"href":"https:\/\/marktxxl.de\/markt\/wp-json\/wp\/v2\/media\/44461"}],"wp:attachment":[{"href":"https:\/\/marktxxl.de\/markt\/wp-json\/wp\/v2\/media?parent=44460"}],"wp:term":[{"taxonomy":"product_brand","embeddable":true,"href":"https:\/\/marktxxl.de\/markt\/wp-json\/wp\/v2\/product_brand?post=44460"},{"taxonomy":"product_cat","embeddable":true,"href":"https:\/\/marktxxl.de\/markt\/wp-json\/wp\/v2\/product_cat?post=44460"},{"taxonomy":"product_tag","embeddable":true,"href":"https:\/\/marktxxl.de\/markt\/wp-json\/wp\/v2\/product_tag?post=44460"}],"curies":[{"name":"wp","href":"https:\/\/api.w.org\/{rel}","templated":true}]}}