{"id":44401,"date":"2021-09-26T15:48:41","date_gmt":"2021-09-26T13:48:41","guid":{"rendered":"https:\/\/marktxxl.de\/markt\/produkt\/geekvape-zeus-sub-ohm-5ml-26mm-verdampfertank\/"},"modified":"2023-04-11T02:03:18","modified_gmt":"2023-04-11T00:03:18","slug":"geekvape-zeus-sub-ohm-5ml-26mm-verdampfertank","status":"publish","type":"product","link":"https:\/\/marktxxl.de\/markt\/produkt\/geekvape-zeus-sub-ohm-5ml-26mm-verdampfertank\/","title":{"rendered":"GeekVape Z Sub-Ohm 5ml 26mm Verdampfertank Farbe Blau"},"content":{"rendered":"<p>Der GeekVape Zeus Sub-Ohm Tank bietet mit seinen 5ml F\u00fcllvolumen gen\u00fcgend Platz, f\u00fcr dein Lieblingsliquid und mit dem Bajonettverschluss im Top Fill System, findet es auch schnell seinen Weg in den Tank. Nat\u00fcrlich bleibt GeekVape seiner Linie treu und Spendiert auch dem GeekVape Zeus Sub-Ohm Tank eine Top Airflow Control, was ihn sehr Auslaufsicher macht. In Verbindung mit den beigelegten Coils, bietet er ein weiches Zugverhalten und eine satte Dampfentwicklung.<br \/>\nDas 810er DripTip sorgt daf\u00fcr, dass dieser auch den Weg zu deinen Geschmacksnerven findet und schmiegt sich der Mund Form sehr gut an. Mit einem Durchmesser von 26mm, einer Bauh\u00f6he von 42,5mm (ohne DripTip) und seiner Bauform, macht er auf vielen Akkutr\u00e4gern ein stimmiges Gesamtbild.<br \/>\nTechnische Daten Ma\u00dfe: 26mm x 42,5mm (ohne DripTip) F\u00fcllvolumen: 5ml (Vorinstalliert) \/ 3ml (Ersatzglas) Bef\u00fcllung: Top Fill Airflow: Top Airflow<br \/>\nLieferumfang 1x GeekVape Zeus Sub-Ohm Tank 1x Mesh Z2 Coil 0,2Ohm 70-80 Watt (vorinstalliert) 1x Mesh Z1 Coil 0,4Ohm 60-70 Watt 1x Ersatzglas (3ml) 1x Ersatzteile 1x Werkzeug 1x SteamTime Anleitung 1x SteamTime Beipackzettel<br \/>\n<div class=\"main-cross-sell\" data-asin=\"B085HZCZHW\">\n\n\t<div class=\"WooZone-cross-sell-loader\">\n\t\t<div>\n\t\t\t<div id=\"floatingBarsG\">\n\t\t\t\t<div class=\"blockG\" id=\"rotateG_01\"><\/div>\n\t\t\t\t<div class=\"blockG\" id=\"rotateG_02\"><\/div>\n\t\t\t\t<div class=\"blockG\" id=\"rotateG_03\"><\/div>\n\t\t\t\t<div class=\"blockG\" id=\"rotateG_04\"><\/div>\n\t\t\t\t<div class=\"blockG\" id=\"rotateG_05\"><\/div>\n\t\t\t\t<div class=\"blockG\" id=\"rotateG_06\"><\/div>\n\t\t\t\t<div class=\"blockG\" id=\"rotateG_07\"><\/div>\n\t\t\t\t<div class=\"blockG\" id=\"rotateG_08\"><\/div>\n\t\t\t<\/div>\n\t\t\t<div class=\"WooZone-cross-sell-loader-text\"><\/div>\n\t\t<\/div>\n\t<\/div>\n\n\t\t\n<\/div>\n<div style=\"clear:both;\"><\/div><\/p>\n","protected":false},"excerpt":{"rendered":"<p>Der GeekVape Zeus Sub-Ohm Tank bietet mit seinen 5ml F\u00fcllvolumen gen\u00fcgend Platz, f\u00fcr dein Lieblingsliquid und mit dem Bajonettverschluss im Top Fill System, findet es auch schnell seinen Weg in den Tank. Nat\u00fcrlich bleibt GeekVape seiner Linie treu und Spendiert auch dem GeekVape Zeus Sub-Ohm Tank eine Top Airflow Control, was ihn sehr Auslaufsicher macht. In Verbindung mit den beigelegten Coils, bietet er ein weiches Zugverhalten und eine satte Dampfentwicklung.<br \/>\nDas 810er DripTip sorgt daf\u00fcr, dass dieser auch den Weg zu deinen Geschmacksnerven findet und schmiegt sich der Mund Form sehr gut an. Mit einem Durchmesser von 26mm, einer Bauh\u00f6he von 42,5mm (ohne DripTip) und seiner Bauform, macht er auf vielen Akkutr\u00e4gern ein stimmiges Gesamtbild.<br \/>\nTechnische Daten Ma\u00dfe: 26mm x 42,5mm (ohne DripTip) F\u00fcllvolumen: 5ml (Vorinstalliert) \/ 3ml (Ersatzglas) Bef\u00fcllung: Top Fill Airflow: Top Airflow<\/p>\n","protected":false},"featured_media":44402,"comment_status":"open","ping_status":"closed","template":"","meta":[],"product_brand":[],"product_cat":[566,5626],"product_tag":[],"class_list":{"0":"post-44401","1":"product","2":"type-product","3":"status-publish","4":"has-post-thumbnail","6":"product_cat-drogerie-koerperpflege","7":"product_cat-elektronische-zigaretten-shishas-zubehoer","8":"pa_brand-steam-time","9":"pa_manufacturer-steamtime","11":"first","12":"instock","13":"shipping-taxable","14":"purchasable","15":"product-type-simple","16":"customify-col","17":"product-has-gallery"},"yoast_head":"<!-- This site is optimized with the Yoast SEO plugin v27.3 - https:\/\/yoast.com\/product\/yoast-seo-wordpress\/ -->\n<title>GeekVape Z Sub-Ohm 5ml 26mm Verdampfertank Farbe Blau - Markt-XXL<\/title>\n<meta name=\"description\" content=\"Markt-XXL GeekVape Z Sub-Ohm 5ml 26mm Verdampfertank Farbe Blau\" \/>\n<meta name=\"robots\" content=\"index, follow, max-snippet:-1, max-image-preview:large, max-video-preview:-1\" \/>\n<link rel=\"canonical\" href=\"https:\/\/marktxxl.de\/markt\/produkt\/geekvape-zeus-sub-ohm-5ml-26mm-verdampfertank\/\" \/>\n<meta property=\"og:locale\" content=\"de_DE\" \/>\n<meta property=\"og:type\" content=\"article\" \/>\n<meta property=\"og:title\" content=\"GeekVape Z Sub-Ohm 5ml 26mm Verdampfertank Farbe Blau - Markt-XXL\" \/>\n<meta property=\"og:description\" content=\"Markt-XXL GeekVape Z Sub-Ohm 5ml 26mm Verdampfertank Farbe Blau\" \/>\n<meta property=\"og:url\" content=\"https:\/\/marktxxl.de\/markt\/produkt\/geekvape-zeus-sub-ohm-5ml-26mm-verdampfertank\/\" \/>\n<meta property=\"og:site_name\" content=\"Markt-XXL\" \/>\n<meta property=\"article:modified_time\" content=\"2023-04-11T00:03:18+00:00\" \/>\n<meta property=\"og:image\" content=\"https:\/\/m.media-amazon.com\/images\/I\/31+z8M3vlfL._SL500_.jpg\" \/>\n\t<meta property=\"og:image:width\" content=\"500\" \/>\n\t<meta property=\"og:image:height\" content=\"500\" \/>\n\t<meta property=\"og:image:type\" content=\"image\/jpeg\" \/>\n<meta name=\"twitter:card\" content=\"summary_large_image\" \/>\n<meta name=\"twitter:label1\" content=\"Gesch\u00e4tzte Lesezeit\" \/>\n\t<meta name=\"twitter:data1\" content=\"1\u00a0Minute\" \/>\n<script type=\"application\/ld+json\" class=\"yoast-schema-graph\">{\"@context\":\"https:\\\/\\\/schema.org\",\"@graph\":[{\"@type\":\"WebPage\",\"@id\":\"https:\\\/\\\/marktxxl.de\\\/markt\\\/produkt\\\/geekvape-zeus-sub-ohm-5ml-26mm-verdampfertank\\\/\",\"url\":\"https:\\\/\\\/marktxxl.de\\\/markt\\\/produkt\\\/geekvape-zeus-sub-ohm-5ml-26mm-verdampfertank\\\/\",\"name\":\"GeekVape Z Sub-Ohm 5ml 26mm Verdampfertank Farbe Blau - Markt-XXL\",\"isPartOf\":{\"@id\":\"https:\\\/\\\/marktxxl.de\\\/markt\\\/#website\"},\"primaryImageOfPage\":{\"@id\":\"https:\\\/\\\/marktxxl.de\\\/markt\\\/produkt\\\/geekvape-zeus-sub-ohm-5ml-26mm-verdampfertank\\\/#primaryimage\"},\"image\":{\"@id\":\"https:\\\/\\\/marktxxl.de\\\/markt\\\/produkt\\\/geekvape-zeus-sub-ohm-5ml-26mm-verdampfertank\\\/#primaryimage\"},\"thumbnailUrl\":\"https:\\\/\\\/m.media-amazon.com\\\/images\\\/I\\\/31+z8M3vlfL._SL500_.jpg\",\"datePublished\":\"2021-09-26T13:48:41+00:00\",\"dateModified\":\"2023-04-11T00:03:18+00:00\",\"description\":\"Markt-XXL GeekVape Z Sub-Ohm 5ml 26mm Verdampfertank Farbe Blau\",\"breadcrumb\":{\"@id\":\"https:\\\/\\\/marktxxl.de\\\/markt\\\/produkt\\\/geekvape-zeus-sub-ohm-5ml-26mm-verdampfertank\\\/#breadcrumb\"},\"inLanguage\":\"de\",\"potentialAction\":[{\"@type\":\"ReadAction\",\"target\":[\"https:\\\/\\\/marktxxl.de\\\/markt\\\/produkt\\\/geekvape-zeus-sub-ohm-5ml-26mm-verdampfertank\\\/\"]}]},{\"@type\":\"ImageObject\",\"inLanguage\":\"de\",\"@id\":\"https:\\\/\\\/marktxxl.de\\\/markt\\\/produkt\\\/geekvape-zeus-sub-ohm-5ml-26mm-verdampfertank\\\/#primaryimage\",\"url\":\"https:\\\/\\\/m.media-amazon.com\\\/images\\\/I\\\/31+z8M3vlfL._SL500_.jpg\",\"contentUrl\":\"https:\\\/\\\/m.media-amazon.com\\\/images\\\/I\\\/31+z8M3vlfL._SL500_.jpg\",\"width\":500,\"height\":500},{\"@type\":\"BreadcrumbList\",\"@id\":\"https:\\\/\\\/marktxxl.de\\\/markt\\\/produkt\\\/geekvape-zeus-sub-ohm-5ml-26mm-verdampfertank\\\/#breadcrumb\",\"itemListElement\":[{\"@type\":\"ListItem\",\"position\":1,\"name\":\"Startseite\",\"item\":\"https:\\\/\\\/marktxxl.de\\\/markt\\\/\"},{\"@type\":\"ListItem\",\"position\":2,\"name\":\"Markt\",\"item\":\"https:\\\/\\\/marktxxl.de\\\/markt\\\/\"},{\"@type\":\"ListItem\",\"position\":3,\"name\":\"GeekVape Z Sub-Ohm 5ml 26mm Verdampfertank Farbe Blau\"}]},{\"@type\":\"WebSite\",\"@id\":\"https:\\\/\\\/marktxxl.de\\\/markt\\\/#website\",\"url\":\"https:\\\/\\\/marktxxl.de\\\/markt\\\/\",\"name\":\"Markt-XXL\",\"description\":\"Ihr Markt Online\",\"publisher\":{\"@id\":\"https:\\\/\\\/marktxxl.de\\\/markt\\\/#organization\"},\"potentialAction\":[{\"@type\":\"SearchAction\",\"target\":{\"@type\":\"EntryPoint\",\"urlTemplate\":\"https:\\\/\\\/marktxxl.de\\\/markt\\\/?s={search_term_string}\"},\"query-input\":{\"@type\":\"PropertyValueSpecification\",\"valueRequired\":true,\"valueName\":\"search_term_string\"}}],\"inLanguage\":\"de\"},{\"@type\":\"Organization\",\"@id\":\"https:\\\/\\\/marktxxl.de\\\/markt\\\/#organization\",\"name\":\"Markt-XXL\",\"url\":\"https:\\\/\\\/marktxxl.de\\\/markt\\\/\",\"logo\":{\"@type\":\"ImageObject\",\"inLanguage\":\"de\",\"@id\":\"https:\\\/\\\/marktxxl.de\\\/markt\\\/#\\\/schema\\\/logo\\\/image\\\/\",\"url\":\"https:\\\/\\\/marktxxl.de\\\/markt\\\/wp-content\\\/uploads\\\/sites\\\/3\\\/2020\\\/12\\\/logo.png\",\"contentUrl\":\"https:\\\/\\\/marktxxl.de\\\/markt\\\/wp-content\\\/uploads\\\/sites\\\/3\\\/2020\\\/12\\\/logo.png\",\"width\":200,\"height\":70,\"caption\":\"Markt-XXL\"},\"image\":{\"@id\":\"https:\\\/\\\/marktxxl.de\\\/markt\\\/#\\\/schema\\\/logo\\\/image\\\/\"}}]}<\/script>\n<!-- \/ Yoast SEO plugin. -->","yoast_head_json":{"title":"GeekVape Z Sub-Ohm 5ml 26mm Verdampfertank Farbe Blau - Markt-XXL","description":"Markt-XXL GeekVape Z Sub-Ohm 5ml 26mm Verdampfertank Farbe Blau","robots":{"index":"index","follow":"follow","max-snippet":"max-snippet:-1","max-image-preview":"max-image-preview:large","max-video-preview":"max-video-preview:-1"},"canonical":"https:\/\/marktxxl.de\/markt\/produkt\/geekvape-zeus-sub-ohm-5ml-26mm-verdampfertank\/","og_locale":"de_DE","og_type":"article","og_title":"GeekVape Z Sub-Ohm 5ml 26mm Verdampfertank Farbe Blau - Markt-XXL","og_description":"Markt-XXL GeekVape Z Sub-Ohm 5ml 26mm Verdampfertank Farbe Blau","og_url":"https:\/\/marktxxl.de\/markt\/produkt\/geekvape-zeus-sub-ohm-5ml-26mm-verdampfertank\/","og_site_name":"Markt-XXL","article_modified_time":"2023-04-11T00:03:18+00:00","og_image":[{"width":500,"height":500,"url":"https:\/\/m.media-amazon.com\/images\/I\/31+z8M3vlfL._SL500_.jpg","type":"image\/jpeg"}],"twitter_card":"summary_large_image","twitter_misc":{"Gesch\u00e4tzte Lesezeit":"1\u00a0Minute"},"schema":{"@context":"https:\/\/schema.org","@graph":[{"@type":"WebPage","@id":"https:\/\/marktxxl.de\/markt\/produkt\/geekvape-zeus-sub-ohm-5ml-26mm-verdampfertank\/","url":"https:\/\/marktxxl.de\/markt\/produkt\/geekvape-zeus-sub-ohm-5ml-26mm-verdampfertank\/","name":"GeekVape Z Sub-Ohm 5ml 26mm Verdampfertank Farbe Blau - Markt-XXL","isPartOf":{"@id":"https:\/\/marktxxl.de\/markt\/#website"},"primaryImageOfPage":{"@id":"https:\/\/marktxxl.de\/markt\/produkt\/geekvape-zeus-sub-ohm-5ml-26mm-verdampfertank\/#primaryimage"},"image":{"@id":"https:\/\/marktxxl.de\/markt\/produkt\/geekvape-zeus-sub-ohm-5ml-26mm-verdampfertank\/#primaryimage"},"thumbnailUrl":"https:\/\/m.media-amazon.com\/images\/I\/31+z8M3vlfL._SL500_.jpg","datePublished":"2021-09-26T13:48:41+00:00","dateModified":"2023-04-11T00:03:18+00:00","description":"Markt-XXL GeekVape Z Sub-Ohm 5ml 26mm Verdampfertank Farbe Blau","breadcrumb":{"@id":"https:\/\/marktxxl.de\/markt\/produkt\/geekvape-zeus-sub-ohm-5ml-26mm-verdampfertank\/#breadcrumb"},"inLanguage":"de","potentialAction":[{"@type":"ReadAction","target":["https:\/\/marktxxl.de\/markt\/produkt\/geekvape-zeus-sub-ohm-5ml-26mm-verdampfertank\/"]}]},{"@type":"ImageObject","inLanguage":"de","@id":"https:\/\/marktxxl.de\/markt\/produkt\/geekvape-zeus-sub-ohm-5ml-26mm-verdampfertank\/#primaryimage","url":"https:\/\/m.media-amazon.com\/images\/I\/31+z8M3vlfL._SL500_.jpg","contentUrl":"https:\/\/m.media-amazon.com\/images\/I\/31+z8M3vlfL._SL500_.jpg","width":500,"height":500},{"@type":"BreadcrumbList","@id":"https:\/\/marktxxl.de\/markt\/produkt\/geekvape-zeus-sub-ohm-5ml-26mm-verdampfertank\/#breadcrumb","itemListElement":[{"@type":"ListItem","position":1,"name":"Startseite","item":"https:\/\/marktxxl.de\/markt\/"},{"@type":"ListItem","position":2,"name":"Markt","item":"https:\/\/marktxxl.de\/markt\/"},{"@type":"ListItem","position":3,"name":"GeekVape Z Sub-Ohm 5ml 26mm Verdampfertank Farbe Blau"}]},{"@type":"WebSite","@id":"https:\/\/marktxxl.de\/markt\/#website","url":"https:\/\/marktxxl.de\/markt\/","name":"Markt-XXL","description":"Ihr Markt Online","publisher":{"@id":"https:\/\/marktxxl.de\/markt\/#organization"},"potentialAction":[{"@type":"SearchAction","target":{"@type":"EntryPoint","urlTemplate":"https:\/\/marktxxl.de\/markt\/?s={search_term_string}"},"query-input":{"@type":"PropertyValueSpecification","valueRequired":true,"valueName":"search_term_string"}}],"inLanguage":"de"},{"@type":"Organization","@id":"https:\/\/marktxxl.de\/markt\/#organization","name":"Markt-XXL","url":"https:\/\/marktxxl.de\/markt\/","logo":{"@type":"ImageObject","inLanguage":"de","@id":"https:\/\/marktxxl.de\/markt\/#\/schema\/logo\/image\/","url":"https:\/\/marktxxl.de\/markt\/wp-content\/uploads\/sites\/3\/2020\/12\/logo.png","contentUrl":"https:\/\/marktxxl.de\/markt\/wp-content\/uploads\/sites\/3\/2020\/12\/logo.png","width":200,"height":70,"caption":"Markt-XXL"},"image":{"@id":"https:\/\/marktxxl.de\/markt\/#\/schema\/logo\/image\/"}}]}},"_links":{"self":[{"href":"https:\/\/marktxxl.de\/markt\/wp-json\/wp\/v2\/product\/44401","targetHints":{"allow":["GET"]}}],"collection":[{"href":"https:\/\/marktxxl.de\/markt\/wp-json\/wp\/v2\/product"}],"about":[{"href":"https:\/\/marktxxl.de\/markt\/wp-json\/wp\/v2\/types\/product"}],"replies":[{"embeddable":true,"href":"https:\/\/marktxxl.de\/markt\/wp-json\/wp\/v2\/comments?post=44401"}],"wp:featuredmedia":[{"embeddable":true,"href":"https:\/\/marktxxl.de\/markt\/wp-json\/wp\/v2\/media\/44402"}],"wp:attachment":[{"href":"https:\/\/marktxxl.de\/markt\/wp-json\/wp\/v2\/media?parent=44401"}],"wp:term":[{"taxonomy":"product_brand","embeddable":true,"href":"https:\/\/marktxxl.de\/markt\/wp-json\/wp\/v2\/product_brand?post=44401"},{"taxonomy":"product_cat","embeddable":true,"href":"https:\/\/marktxxl.de\/markt\/wp-json\/wp\/v2\/product_cat?post=44401"},{"taxonomy":"product_tag","embeddable":true,"href":"https:\/\/marktxxl.de\/markt\/wp-json\/wp\/v2\/product_tag?post=44401"}],"curies":[{"name":"wp","href":"https:\/\/api.w.org\/{rel}","templated":true}]}}