{"id":44154,"date":"2021-09-26T15:36:04","date_gmt":"2021-09-26T13:36:04","guid":{"rendered":"https:\/\/marktxxl.de\/markt\/produkt\/fitnessbaender-set-widerstandsbaender-krafttraining-theraband-mit-uebungsanleitung-trainingsband-fitnessband-fuer-krafttraining-muskelaufbau-dehnen-home-fitness-hueften-pilates-yoga-3er-set\/"},"modified":"2023-04-11T02:03:14","modified_gmt":"2023-04-11T00:03:14","slug":"fitnessbaender-set-widerstandsbaender-krafttraining-theraband-mit-uebungsanleitung-trainingsband-fitnessband-fuer-krafttraining-muskelaufbau-dehnen-home-fitness-hueften-pilates-yoga-3er-set","status":"publish","type":"product","link":"https:\/\/marktxxl.de\/markt\/produkt\/fitnessbaender-set-widerstandsbaender-krafttraining-theraband-mit-uebungsanleitung-trainingsband-fitnessband-fuer-krafttraining-muskelaufbau-dehnen-home-fitness-hueften-pilates-yoga-3er-set\/","title":{"rendered":"Fitnessb\u00e4nder Set Widerstandsb\u00e4nder Krafttraining Theraband mit \u00dcbungsanleitung Trainingsband Fitnessband f\u00fcr\u2026"},"content":{"rendered":"<p>1.Anti-Rutsch &amp; Anti-Roll: Sie m\u00fcssen sich keine Sorgen um ein &#8220;Auf- und Abrollproblem&#8221; machen, das Sie \u00e4rgern und frustrieren k\u00f6nnte, was dazu f\u00fchren k\u00f6nnte, dass Sie mit dem Training aufh\u00f6ren\uff0cdie Stoffoberfl\u00e4che kann auch Ihre Haut sch\u00fctzen<br \/>\n2.Nicht Einklemmend: Sie sind weich, extrem st\u00fctzend und schneiden oder verletzen nie die Haut wie die Silikonschlaufenriemen. Es ist nicht leicht zu kr\u00e4useln und die Bewegungsspanne ist gr\u00f6\u00dfer.<br \/>\n3.Dauerhafte Dehnung: Stoffwiderstand besteht aus hochwertigem Polyestergewebe und hochelastischem Material, das Widerstandsband bietet perfekte Rei\u00dffestigkeit und Haltbarkeit, kein Gummigeruch, leicht zu reinigen<br \/>\n4.Komplettes Set mit 3 H\u00fcftb\u00e4ndern: 3 verschiedene Widerstandsstufen. Wenn Sie gerade erst mit dem Widerstandstraining beginnen, wird empfohlen, einen Stil mit niedriger Intensit\u00e4t auszuprobieren. Wenn Ihre Kraft zunimmt, k\u00f6nnen Sie ein mittelstarkes Elastikband verwenden,F\u00fcr normale oder fortgeschrittene Benutzer empfehlen wir die Verwendung eines mittelfesten Elastikgurts f\u00fcr den Oberk\u00f6rper und eines hochfesten Elastikgurts f\u00fcr den Unterk\u00f6rper.<br \/>\n5.Geeignet f\u00fcr viele \u00dcbungen &#8211; \u00dcbungsb\u00e4nder sind ideal zur Unterst\u00fctzung bei P90x-, CrossFit-, Yoga-, Wahnsinns-, Pilates-, Hot Yoga- und Beach Body-Workouts. Widerstandsb\u00e4nder aus weichem Stoff rutschen oder rollen w\u00e4hrend des Trainings NICHT auf, die beste Wahl f\u00fcr Sport und Fitness.<br \/>\n<div class=\"main-cross-sell\" data-asin=\"B09BFPHPDW\">\n\n\t<div class=\"WooZone-cross-sell-loader\">\n\t\t<div>\n\t\t\t<div id=\"floatingBarsG\">\n\t\t\t\t<div class=\"blockG\" id=\"rotateG_01\"><\/div>\n\t\t\t\t<div class=\"blockG\" id=\"rotateG_02\"><\/div>\n\t\t\t\t<div class=\"blockG\" id=\"rotateG_03\"><\/div>\n\t\t\t\t<div class=\"blockG\" id=\"rotateG_04\"><\/div>\n\t\t\t\t<div class=\"blockG\" id=\"rotateG_05\"><\/div>\n\t\t\t\t<div class=\"blockG\" id=\"rotateG_06\"><\/div>\n\t\t\t\t<div class=\"blockG\" id=\"rotateG_07\"><\/div>\n\t\t\t\t<div class=\"blockG\" id=\"rotateG_08\"><\/div>\n\t\t\t<\/div>\n\t\t\t<div class=\"WooZone-cross-sell-loader-text\"><\/div>\n\t\t<\/div>\n\t<\/div>\n\n\t\t\n<\/div>\n<div style=\"clear:both;\"><\/div><\/p>\n","protected":false},"excerpt":{"rendered":"<p>1.Anti-Rutsch &amp; Anti-Roll: Sie m\u00fcssen sich keine Sorgen um ein &#8220;Auf- und Abrollproblem&#8221; machen, das Sie \u00e4rgern und frustrieren k\u00f6nnte, was dazu f\u00fchren k\u00f6nnte, dass Sie mit dem Training aufh\u00f6ren\uff0cdie Stoffoberfl\u00e4che kann auch Ihre Haut sch\u00fctzen<br \/>\n2.Nicht Einklemmend: Sie sind weich, extrem st\u00fctzend und schneiden oder verletzen nie die Haut wie die Silikonschlaufenriemen. Es ist nicht leicht zu kr\u00e4useln und die Bewegungsspanne ist gr\u00f6\u00dfer.<br \/>\n3.Dauerhafte Dehnung: Stoffwiderstand besteht aus hochwertigem Polyestergewebe und hochelastischem Material, das Widerstandsband bietet perfekte Rei\u00dffestigkeit und Haltbarkeit, kein Gummigeruch, leicht zu reinigen<\/p>\n","protected":false},"featured_media":44155,"comment_status":"open","ping_status":"closed","template":"","meta":[],"product_brand":[],"product_cat":[566,5908],"product_tag":[],"class_list":{"0":"post-44154","1":"product","2":"type-product","3":"status-publish","4":"has-post-thumbnail","6":"product_cat-drogerie-koerperpflege","7":"product_cat-medizinische-geraete-verbrauchsmaterialien","8":"pa_brand-gh-dynamics","9":"pa_color-red-blue-black","10":"pa_height-0-6299212592-zoll","11":"pa_length-8-267716527-zoll","12":"pa_manufacturer-gh-dynamics","13":"pa_weight-156-gramm","14":"pa_width-6-4960629855-zoll","16":"first","17":"instock","18":"shipping-taxable","19":"purchasable","20":"product-type-simple","21":"customify-col","22":"product-has-gallery"},"yoast_head":"<!-- This site is optimized with the Yoast SEO plugin v27.4 - https:\/\/yoast.com\/product\/yoast-seo-wordpress\/ -->\n<title>Fitnessb\u00e4nder Set Widerstandsb\u00e4nder Krafttraining Theraband mit \u00dcbungsanleitung Trainingsband Fitnessband f\u00fcr\u2026 - Markt-XXL<\/title>\n<meta name=\"description\" content=\"Markt-XXL Fitnessb\u00e4nder Set Widerstandsb\u00e4nder Krafttraining Theraband mit \u00dcbungsanleitung Trainingsband Fitnessband f\u00fcr\u2026\" \/>\n<meta name=\"robots\" content=\"index, follow, max-snippet:-1, max-image-preview:large, max-video-preview:-1\" \/>\n<link rel=\"canonical\" href=\"https:\/\/marktxxl.de\/markt\/produkt\/fitnessbaender-set-widerstandsbaender-krafttraining-theraband-mit-uebungsanleitung-trainingsband-fitnessband-fuer-krafttraining-muskelaufbau-dehnen-home-fitness-hueften-pilates-yoga-3er-set\/\" \/>\n<meta property=\"og:locale\" content=\"de_DE\" \/>\n<meta property=\"og:type\" content=\"article\" \/>\n<meta property=\"og:title\" content=\"Fitnessb\u00e4nder Set Widerstandsb\u00e4nder Krafttraining Theraband mit \u00dcbungsanleitung Trainingsband Fitnessband f\u00fcr\u2026 - Markt-XXL\" \/>\n<meta property=\"og:description\" content=\"Markt-XXL Fitnessb\u00e4nder Set Widerstandsb\u00e4nder Krafttraining Theraband mit \u00dcbungsanleitung Trainingsband Fitnessband f\u00fcr\u2026\" \/>\n<meta property=\"og:url\" content=\"https:\/\/marktxxl.de\/markt\/produkt\/fitnessbaender-set-widerstandsbaender-krafttraining-theraband-mit-uebungsanleitung-trainingsband-fitnessband-fuer-krafttraining-muskelaufbau-dehnen-home-fitness-hueften-pilates-yoga-3er-set\/\" \/>\n<meta property=\"og:site_name\" content=\"Markt-XXL\" \/>\n<meta property=\"article:modified_time\" content=\"2023-04-11T00:03:14+00:00\" \/>\n<meta property=\"og:image\" content=\"https:\/\/m.media-amazon.com\/images\/I\/51KlnhlWJoL._SL500_.jpg\" \/>\n\t<meta property=\"og:image:width\" content=\"500\" \/>\n\t<meta property=\"og:image:height\" content=\"500\" \/>\n\t<meta property=\"og:image:type\" content=\"image\/jpeg\" \/>\n<meta name=\"twitter:card\" content=\"summary_large_image\" \/>\n<meta name=\"twitter:label1\" content=\"Gesch\u00e4tzte Lesezeit\" \/>\n\t<meta name=\"twitter:data1\" content=\"1\u00a0Minute\" \/>\n<script type=\"application\/ld+json\" class=\"yoast-schema-graph\">{\"@context\":\"https:\\\/\\\/schema.org\",\"@graph\":[{\"@type\":\"WebPage\",\"@id\":\"https:\\\/\\\/marktxxl.de\\\/markt\\\/produkt\\\/fitnessbaender-set-widerstandsbaender-krafttraining-theraband-mit-uebungsanleitung-trainingsband-fitnessband-fuer-krafttraining-muskelaufbau-dehnen-home-fitness-hueften-pilates-yoga-3er-set\\\/\",\"url\":\"https:\\\/\\\/marktxxl.de\\\/markt\\\/produkt\\\/fitnessbaender-set-widerstandsbaender-krafttraining-theraband-mit-uebungsanleitung-trainingsband-fitnessband-fuer-krafttraining-muskelaufbau-dehnen-home-fitness-hueften-pilates-yoga-3er-set\\\/\",\"name\":\"Fitnessb\u00e4nder Set Widerstandsb\u00e4nder Krafttraining Theraband mit \u00dcbungsanleitung Trainingsband Fitnessband f\u00fcr\u2026 - Markt-XXL\",\"isPartOf\":{\"@id\":\"https:\\\/\\\/marktxxl.de\\\/markt\\\/#website\"},\"primaryImageOfPage\":{\"@id\":\"https:\\\/\\\/marktxxl.de\\\/markt\\\/produkt\\\/fitnessbaender-set-widerstandsbaender-krafttraining-theraband-mit-uebungsanleitung-trainingsband-fitnessband-fuer-krafttraining-muskelaufbau-dehnen-home-fitness-hueften-pilates-yoga-3er-set\\\/#primaryimage\"},\"image\":{\"@id\":\"https:\\\/\\\/marktxxl.de\\\/markt\\\/produkt\\\/fitnessbaender-set-widerstandsbaender-krafttraining-theraband-mit-uebungsanleitung-trainingsband-fitnessband-fuer-krafttraining-muskelaufbau-dehnen-home-fitness-hueften-pilates-yoga-3er-set\\\/#primaryimage\"},\"thumbnailUrl\":\"https:\\\/\\\/m.media-amazon.com\\\/images\\\/I\\\/51KlnhlWJoL._SL500_.jpg\",\"datePublished\":\"2021-09-26T13:36:04+00:00\",\"dateModified\":\"2023-04-11T00:03:14+00:00\",\"description\":\"Markt-XXL Fitnessb\u00e4nder Set Widerstandsb\u00e4nder Krafttraining Theraband mit \u00dcbungsanleitung Trainingsband Fitnessband f\u00fcr\u2026\",\"breadcrumb\":{\"@id\":\"https:\\\/\\\/marktxxl.de\\\/markt\\\/produkt\\\/fitnessbaender-set-widerstandsbaender-krafttraining-theraband-mit-uebungsanleitung-trainingsband-fitnessband-fuer-krafttraining-muskelaufbau-dehnen-home-fitness-hueften-pilates-yoga-3er-set\\\/#breadcrumb\"},\"inLanguage\":\"de\",\"potentialAction\":[{\"@type\":\"ReadAction\",\"target\":[\"https:\\\/\\\/marktxxl.de\\\/markt\\\/produkt\\\/fitnessbaender-set-widerstandsbaender-krafttraining-theraband-mit-uebungsanleitung-trainingsband-fitnessband-fuer-krafttraining-muskelaufbau-dehnen-home-fitness-hueften-pilates-yoga-3er-set\\\/\"]}]},{\"@type\":\"ImageObject\",\"inLanguage\":\"de\",\"@id\":\"https:\\\/\\\/marktxxl.de\\\/markt\\\/produkt\\\/fitnessbaender-set-widerstandsbaender-krafttraining-theraband-mit-uebungsanleitung-trainingsband-fitnessband-fuer-krafttraining-muskelaufbau-dehnen-home-fitness-hueften-pilates-yoga-3er-set\\\/#primaryimage\",\"url\":\"https:\\\/\\\/m.media-amazon.com\\\/images\\\/I\\\/51KlnhlWJoL._SL500_.jpg\",\"contentUrl\":\"https:\\\/\\\/m.media-amazon.com\\\/images\\\/I\\\/51KlnhlWJoL._SL500_.jpg\",\"width\":500,\"height\":500},{\"@type\":\"BreadcrumbList\",\"@id\":\"https:\\\/\\\/marktxxl.de\\\/markt\\\/produkt\\\/fitnessbaender-set-widerstandsbaender-krafttraining-theraband-mit-uebungsanleitung-trainingsband-fitnessband-fuer-krafttraining-muskelaufbau-dehnen-home-fitness-hueften-pilates-yoga-3er-set\\\/#breadcrumb\",\"itemListElement\":[{\"@type\":\"ListItem\",\"position\":1,\"name\":\"Startseite\",\"item\":\"https:\\\/\\\/marktxxl.de\\\/markt\\\/\"},{\"@type\":\"ListItem\",\"position\":2,\"name\":\"Markt\",\"item\":\"https:\\\/\\\/marktxxl.de\\\/markt\\\/\"},{\"@type\":\"ListItem\",\"position\":3,\"name\":\"Fitnessb\u00e4nder Set Widerstandsb\u00e4nder Krafttraining Theraband mit \u00dcbungsanleitung Trainingsband Fitnessband f\u00fcr\u2026\"}]},{\"@type\":\"WebSite\",\"@id\":\"https:\\\/\\\/marktxxl.de\\\/markt\\\/#website\",\"url\":\"https:\\\/\\\/marktxxl.de\\\/markt\\\/\",\"name\":\"Markt-XXL\",\"description\":\"Ihr Markt Online\",\"publisher\":{\"@id\":\"https:\\\/\\\/marktxxl.de\\\/markt\\\/#organization\"},\"potentialAction\":[{\"@type\":\"SearchAction\",\"target\":{\"@type\":\"EntryPoint\",\"urlTemplate\":\"https:\\\/\\\/marktxxl.de\\\/markt\\\/?s={search_term_string}\"},\"query-input\":{\"@type\":\"PropertyValueSpecification\",\"valueRequired\":true,\"valueName\":\"search_term_string\"}}],\"inLanguage\":\"de\"},{\"@type\":\"Organization\",\"@id\":\"https:\\\/\\\/marktxxl.de\\\/markt\\\/#organization\",\"name\":\"Markt-XXL\",\"url\":\"https:\\\/\\\/marktxxl.de\\\/markt\\\/\",\"logo\":{\"@type\":\"ImageObject\",\"inLanguage\":\"de\",\"@id\":\"https:\\\/\\\/marktxxl.de\\\/markt\\\/#\\\/schema\\\/logo\\\/image\\\/\",\"url\":\"https:\\\/\\\/marktxxl.de\\\/markt\\\/wp-content\\\/uploads\\\/sites\\\/3\\\/2020\\\/12\\\/logo.png\",\"contentUrl\":\"https:\\\/\\\/marktxxl.de\\\/markt\\\/wp-content\\\/uploads\\\/sites\\\/3\\\/2020\\\/12\\\/logo.png\",\"width\":200,\"height\":70,\"caption\":\"Markt-XXL\"},\"image\":{\"@id\":\"https:\\\/\\\/marktxxl.de\\\/markt\\\/#\\\/schema\\\/logo\\\/image\\\/\"}}]}<\/script>\n<!-- \/ Yoast SEO plugin. -->","yoast_head_json":{"title":"Fitnessb\u00e4nder Set Widerstandsb\u00e4nder Krafttraining Theraband mit \u00dcbungsanleitung Trainingsband Fitnessband f\u00fcr\u2026 - Markt-XXL","description":"Markt-XXL Fitnessb\u00e4nder Set Widerstandsb\u00e4nder Krafttraining Theraband mit \u00dcbungsanleitung Trainingsband Fitnessband f\u00fcr\u2026","robots":{"index":"index","follow":"follow","max-snippet":"max-snippet:-1","max-image-preview":"max-image-preview:large","max-video-preview":"max-video-preview:-1"},"canonical":"https:\/\/marktxxl.de\/markt\/produkt\/fitnessbaender-set-widerstandsbaender-krafttraining-theraband-mit-uebungsanleitung-trainingsband-fitnessband-fuer-krafttraining-muskelaufbau-dehnen-home-fitness-hueften-pilates-yoga-3er-set\/","og_locale":"de_DE","og_type":"article","og_title":"Fitnessb\u00e4nder Set Widerstandsb\u00e4nder Krafttraining Theraband mit \u00dcbungsanleitung Trainingsband Fitnessband f\u00fcr\u2026 - Markt-XXL","og_description":"Markt-XXL Fitnessb\u00e4nder Set Widerstandsb\u00e4nder Krafttraining Theraband mit \u00dcbungsanleitung Trainingsband Fitnessband f\u00fcr\u2026","og_url":"https:\/\/marktxxl.de\/markt\/produkt\/fitnessbaender-set-widerstandsbaender-krafttraining-theraband-mit-uebungsanleitung-trainingsband-fitnessband-fuer-krafttraining-muskelaufbau-dehnen-home-fitness-hueften-pilates-yoga-3er-set\/","og_site_name":"Markt-XXL","article_modified_time":"2023-04-11T00:03:14+00:00","og_image":[{"width":500,"height":500,"url":"https:\/\/m.media-amazon.com\/images\/I\/51KlnhlWJoL._SL500_.jpg","type":"image\/jpeg"}],"twitter_card":"summary_large_image","twitter_misc":{"Gesch\u00e4tzte Lesezeit":"1\u00a0Minute"},"schema":{"@context":"https:\/\/schema.org","@graph":[{"@type":"WebPage","@id":"https:\/\/marktxxl.de\/markt\/produkt\/fitnessbaender-set-widerstandsbaender-krafttraining-theraband-mit-uebungsanleitung-trainingsband-fitnessband-fuer-krafttraining-muskelaufbau-dehnen-home-fitness-hueften-pilates-yoga-3er-set\/","url":"https:\/\/marktxxl.de\/markt\/produkt\/fitnessbaender-set-widerstandsbaender-krafttraining-theraband-mit-uebungsanleitung-trainingsband-fitnessband-fuer-krafttraining-muskelaufbau-dehnen-home-fitness-hueften-pilates-yoga-3er-set\/","name":"Fitnessb\u00e4nder Set Widerstandsb\u00e4nder Krafttraining Theraband mit \u00dcbungsanleitung Trainingsband Fitnessband f\u00fcr\u2026 - Markt-XXL","isPartOf":{"@id":"https:\/\/marktxxl.de\/markt\/#website"},"primaryImageOfPage":{"@id":"https:\/\/marktxxl.de\/markt\/produkt\/fitnessbaender-set-widerstandsbaender-krafttraining-theraband-mit-uebungsanleitung-trainingsband-fitnessband-fuer-krafttraining-muskelaufbau-dehnen-home-fitness-hueften-pilates-yoga-3er-set\/#primaryimage"},"image":{"@id":"https:\/\/marktxxl.de\/markt\/produkt\/fitnessbaender-set-widerstandsbaender-krafttraining-theraband-mit-uebungsanleitung-trainingsband-fitnessband-fuer-krafttraining-muskelaufbau-dehnen-home-fitness-hueften-pilates-yoga-3er-set\/#primaryimage"},"thumbnailUrl":"https:\/\/m.media-amazon.com\/images\/I\/51KlnhlWJoL._SL500_.jpg","datePublished":"2021-09-26T13:36:04+00:00","dateModified":"2023-04-11T00:03:14+00:00","description":"Markt-XXL Fitnessb\u00e4nder Set Widerstandsb\u00e4nder Krafttraining Theraband mit \u00dcbungsanleitung Trainingsband Fitnessband f\u00fcr\u2026","breadcrumb":{"@id":"https:\/\/marktxxl.de\/markt\/produkt\/fitnessbaender-set-widerstandsbaender-krafttraining-theraband-mit-uebungsanleitung-trainingsband-fitnessband-fuer-krafttraining-muskelaufbau-dehnen-home-fitness-hueften-pilates-yoga-3er-set\/#breadcrumb"},"inLanguage":"de","potentialAction":[{"@type":"ReadAction","target":["https:\/\/marktxxl.de\/markt\/produkt\/fitnessbaender-set-widerstandsbaender-krafttraining-theraband-mit-uebungsanleitung-trainingsband-fitnessband-fuer-krafttraining-muskelaufbau-dehnen-home-fitness-hueften-pilates-yoga-3er-set\/"]}]},{"@type":"ImageObject","inLanguage":"de","@id":"https:\/\/marktxxl.de\/markt\/produkt\/fitnessbaender-set-widerstandsbaender-krafttraining-theraband-mit-uebungsanleitung-trainingsband-fitnessband-fuer-krafttraining-muskelaufbau-dehnen-home-fitness-hueften-pilates-yoga-3er-set\/#primaryimage","url":"https:\/\/m.media-amazon.com\/images\/I\/51KlnhlWJoL._SL500_.jpg","contentUrl":"https:\/\/m.media-amazon.com\/images\/I\/51KlnhlWJoL._SL500_.jpg","width":500,"height":500},{"@type":"BreadcrumbList","@id":"https:\/\/marktxxl.de\/markt\/produkt\/fitnessbaender-set-widerstandsbaender-krafttraining-theraband-mit-uebungsanleitung-trainingsband-fitnessband-fuer-krafttraining-muskelaufbau-dehnen-home-fitness-hueften-pilates-yoga-3er-set\/#breadcrumb","itemListElement":[{"@type":"ListItem","position":1,"name":"Startseite","item":"https:\/\/marktxxl.de\/markt\/"},{"@type":"ListItem","position":2,"name":"Markt","item":"https:\/\/marktxxl.de\/markt\/"},{"@type":"ListItem","position":3,"name":"Fitnessb\u00e4nder Set Widerstandsb\u00e4nder Krafttraining Theraband mit \u00dcbungsanleitung Trainingsband Fitnessband f\u00fcr\u2026"}]},{"@type":"WebSite","@id":"https:\/\/marktxxl.de\/markt\/#website","url":"https:\/\/marktxxl.de\/markt\/","name":"Markt-XXL","description":"Ihr Markt Online","publisher":{"@id":"https:\/\/marktxxl.de\/markt\/#organization"},"potentialAction":[{"@type":"SearchAction","target":{"@type":"EntryPoint","urlTemplate":"https:\/\/marktxxl.de\/markt\/?s={search_term_string}"},"query-input":{"@type":"PropertyValueSpecification","valueRequired":true,"valueName":"search_term_string"}}],"inLanguage":"de"},{"@type":"Organization","@id":"https:\/\/marktxxl.de\/markt\/#organization","name":"Markt-XXL","url":"https:\/\/marktxxl.de\/markt\/","logo":{"@type":"ImageObject","inLanguage":"de","@id":"https:\/\/marktxxl.de\/markt\/#\/schema\/logo\/image\/","url":"https:\/\/marktxxl.de\/markt\/wp-content\/uploads\/sites\/3\/2020\/12\/logo.png","contentUrl":"https:\/\/marktxxl.de\/markt\/wp-content\/uploads\/sites\/3\/2020\/12\/logo.png","width":200,"height":70,"caption":"Markt-XXL"},"image":{"@id":"https:\/\/marktxxl.de\/markt\/#\/schema\/logo\/image\/"}}]}},"_links":{"self":[{"href":"https:\/\/marktxxl.de\/markt\/wp-json\/wp\/v2\/product\/44154","targetHints":{"allow":["GET"]}}],"collection":[{"href":"https:\/\/marktxxl.de\/markt\/wp-json\/wp\/v2\/product"}],"about":[{"href":"https:\/\/marktxxl.de\/markt\/wp-json\/wp\/v2\/types\/product"}],"replies":[{"embeddable":true,"href":"https:\/\/marktxxl.de\/markt\/wp-json\/wp\/v2\/comments?post=44154"}],"wp:featuredmedia":[{"embeddable":true,"href":"https:\/\/marktxxl.de\/markt\/wp-json\/wp\/v2\/media\/44155"}],"wp:attachment":[{"href":"https:\/\/marktxxl.de\/markt\/wp-json\/wp\/v2\/media?parent=44154"}],"wp:term":[{"taxonomy":"product_brand","embeddable":true,"href":"https:\/\/marktxxl.de\/markt\/wp-json\/wp\/v2\/product_brand?post=44154"},{"taxonomy":"product_cat","embeddable":true,"href":"https:\/\/marktxxl.de\/markt\/wp-json\/wp\/v2\/product_cat?post=44154"},{"taxonomy":"product_tag","embeddable":true,"href":"https:\/\/marktxxl.de\/markt\/wp-json\/wp\/v2\/product_tag?post=44154"}],"curies":[{"name":"wp","href":"https:\/\/api.w.org\/{rel}","templated":true}]}}