{"id":43843,"date":"2021-09-26T15:24:40","date_gmt":"2021-09-26T13:24:40","guid":{"rendered":"https:\/\/marktxxl.de\/markt\/produkt\/koerperfettwaage-personenwaage-digital-mit-app-wireless-smart-digitale-waage-fuer-koerperfett-muskelmasse-bmi-gewicht-wasser-protein-bmr\/"},"modified":"2023-04-11T02:02:28","modified_gmt":"2023-04-11T00:02:28","slug":"koerperfettwaage-personenwaage-digital-mit-app-wireless-smart-digitale-waage-fuer-koerperfett-muskelmasse-bmi-gewicht-wasser-protein-bmr","status":"publish","type":"product","link":"https:\/\/marktxxl.de\/markt\/produkt\/koerperfettwaage-personenwaage-digital-mit-app-wireless-smart-digitale-waage-fuer-koerperfett-muskelmasse-bmi-gewicht-wasser-protein-bmr\/","title":{"rendered":"Digital Personenwaagen mit App, K\u00f6rperfettwaage, Wireless Smart Digitale Waage f\u00fcr K\u00f6rperfett, Muskelmasse, BMI, Gewicht\u2026"},"content":{"rendered":"<p>[Wesentliche K\u00f6rperdatenmessung] Mit der BIA-Technologie werden 13 Gesundheitsdaten des K\u00f6rpers gemessen, einschlie\u00dflich Gewicht, BMI, K\u00f6rperfett, viszerales Fett, K\u00f6rperwasser, Skelettmuskulatur, Muskelmasse, Knochenmasse, BMR, Protein usw. Gesundheitsmetriken verfolgen und verwalten ist hilfreich, um den Gesundheitszustand zu verbessern.<br \/>\n[Fitdays-App herunterladen] Mit einer unabh\u00e4ngigen Cloud-Plattform sch\u00fctzen Sie Ihre Daten. Die intelligente App Fitdays ist mit Apple Health, Google Fit und Fitbit synchronisiert. Der Download ist kostenlos im Apple Store und bei Google Play. Sie k\u00f6nnen jederzeit ohne Ihr Telefon wiegen, die Daten werden nach der Verbindung mit der App synchronisiert.<br \/>\n[Hohe Pr\u00e4zision] Dieser hochpr\u00e4zise Sensor ist mit einer 5 mm hochwertigen geh\u00e4rteten Glasplatte und 4 hochpr\u00e4zisen Sensoren und Elektroden ausgestattet.<br \/>\n[Unbegrenzte Benutzer] Unbegrenzte Benutzerkonten, die K\u00f6rperwaage erm\u00f6glicht die nahtlose Verfolgung von Familienmitgliedern oder Freunden oder Fitnesskursteilnehmern, verfolgen Sie Ihren Fortschritt mit Diagrammen und Grafiken, sehen Sie Ihren Trend und vergleichen Sie ihn, um Ihre Ziele zu erreichen.<br \/>\n[Schlank und Robust] Das kompakte Design mit abgerundeten Ecken verleiht der Waage ein modernes und elegantes Erscheinungsbild. Die Wiegefl\u00e4che besteht aus 5 mm starkem geh\u00e4rtetem Sicherheitsglas. Vier rutschfeste F\u00fc\u00dfe sorgen f\u00fcr hohe Stabilit\u00e4t. Die Waage ist die perfekte Erg\u00e4nzung f\u00fcr jedes Badezimmer, Fitnessstudio oder Fitnessstudio.<br \/>\n<div class=\"main-cross-sell\" data-asin=\"B099X7YQJP\">\n\n\t<div class=\"WooZone-cross-sell-loader\">\n\t\t<div>\n\t\t\t<div id=\"floatingBarsG\">\n\t\t\t\t<div class=\"blockG\" id=\"rotateG_01\"><\/div>\n\t\t\t\t<div class=\"blockG\" id=\"rotateG_02\"><\/div>\n\t\t\t\t<div class=\"blockG\" id=\"rotateG_03\"><\/div>\n\t\t\t\t<div class=\"blockG\" id=\"rotateG_04\"><\/div>\n\t\t\t\t<div class=\"blockG\" id=\"rotateG_05\"><\/div>\n\t\t\t\t<div class=\"blockG\" id=\"rotateG_06\"><\/div>\n\t\t\t\t<div class=\"blockG\" id=\"rotateG_07\"><\/div>\n\t\t\t\t<div class=\"blockG\" id=\"rotateG_08\"><\/div>\n\t\t\t<\/div>\n\t\t\t<div class=\"WooZone-cross-sell-loader-text\"><\/div>\n\t\t<\/div>\n\t<\/div>\n\n\t\t\n<\/div>\n<div style=\"clear:both;\"><\/div><\/p>\n","protected":false},"excerpt":{"rendered":"<p>[Wesentliche K\u00f6rperdatenmessung] Mit der BIA-Technologie werden 13 Gesundheitsdaten des K\u00f6rpers gemessen, einschlie\u00dflich Gewicht, BMI, K\u00f6rperfett, viszerales Fett, K\u00f6rperwasser, Skelettmuskulatur, Muskelmasse, Knochenmasse, BMR, Protein usw. Gesundheitsmetriken verfolgen und verwalten ist hilfreich, um den Gesundheitszustand zu verbessern.<br \/>\n[Fitdays-App herunterladen] Mit einer unabh\u00e4ngigen Cloud-Plattform sch\u00fctzen Sie Ihre Daten. Die intelligente App Fitdays ist mit Apple Health, Google Fit und Fitbit synchronisiert. Der Download ist kostenlos im Apple Store und bei Google Play. Sie k\u00f6nnen jederzeit ohne Ihr Telefon wiegen, die Daten werden nach der Verbindung mit der App synchronisiert.<br \/>\n[Hohe Pr\u00e4zision] Dieser hochpr\u00e4zise Sensor ist mit einer 5 mm hochwertigen geh\u00e4rteten Glasplatte und 4 hochpr\u00e4zisen Sensoren und Elektroden ausgestattet.<\/p>\n","protected":false},"featured_media":43844,"comment_status":"open","ping_status":"closed","template":"","meta":[],"product_brand":[],"product_cat":[566,5908],"product_tag":[],"class_list":{"0":"post-43843","1":"product","2":"type-product","3":"status-publish","4":"has-post-thumbnail","6":"product_cat-drogerie-koerperpflege","7":"product_cat-medizinische-geraete-verbrauchsmaterialien","8":"pa_brand-jeetif","9":"pa_manufacturer-guangdong-welland-technology-coltd","10":"pa_model-fg263lb","12":"first","13":"instock","14":"shipping-taxable","15":"purchasable","16":"product-type-simple","17":"customify-col","18":"product-has-gallery"},"yoast_head":"<!-- This site is optimized with the Yoast SEO plugin v27.4 - https:\/\/yoast.com\/product\/yoast-seo-wordpress\/ -->\n<title>Digital Personenwaagen mit App, K\u00f6rperfettwaage, Wireless Smart Digitale Waage f\u00fcr K\u00f6rperfett, Muskelmasse, BMI, Gewicht\u2026 - Markt-XXL<\/title>\n<meta name=\"description\" content=\"Markt-XXL Digital Personenwaagen mit App, K\u00f6rperfettwaage, Wireless Smart Digitale Waage f\u00fcr K\u00f6rperfett, Muskelmasse, BMI, Gewicht\u2026\" \/>\n<meta name=\"robots\" content=\"index, follow, max-snippet:-1, max-image-preview:large, max-video-preview:-1\" \/>\n<link rel=\"canonical\" href=\"https:\/\/marktxxl.de\/markt\/produkt\/koerperfettwaage-personenwaage-digital-mit-app-wireless-smart-digitale-waage-fuer-koerperfett-muskelmasse-bmi-gewicht-wasser-protein-bmr\/\" \/>\n<meta property=\"og:locale\" content=\"de_DE\" \/>\n<meta property=\"og:type\" content=\"article\" \/>\n<meta property=\"og:title\" content=\"Digital Personenwaagen mit App, K\u00f6rperfettwaage, Wireless Smart Digitale Waage f\u00fcr K\u00f6rperfett, Muskelmasse, BMI, Gewicht\u2026 - Markt-XXL\" \/>\n<meta property=\"og:description\" content=\"Markt-XXL Digital Personenwaagen mit App, K\u00f6rperfettwaage, Wireless Smart Digitale Waage f\u00fcr K\u00f6rperfett, Muskelmasse, BMI, Gewicht\u2026\" \/>\n<meta property=\"og:url\" content=\"https:\/\/marktxxl.de\/markt\/produkt\/koerperfettwaage-personenwaage-digital-mit-app-wireless-smart-digitale-waage-fuer-koerperfett-muskelmasse-bmi-gewicht-wasser-protein-bmr\/\" \/>\n<meta property=\"og:site_name\" content=\"Markt-XXL\" \/>\n<meta property=\"article:modified_time\" content=\"2023-04-11T00:02:28+00:00\" \/>\n<meta property=\"og:image\" content=\"https:\/\/m.media-amazon.com\/images\/I\/41yI6Ud1l6L._SL500_.jpg\" \/>\n\t<meta property=\"og:image:width\" content=\"500\" \/>\n\t<meta property=\"og:image:height\" content=\"500\" \/>\n\t<meta property=\"og:image:type\" content=\"image\/jpeg\" \/>\n<meta name=\"twitter:card\" content=\"summary_large_image\" \/>\n<meta name=\"twitter:label1\" content=\"Gesch\u00e4tzte Lesezeit\" \/>\n\t<meta name=\"twitter:data1\" content=\"1\u00a0Minute\" \/>\n<script type=\"application\/ld+json\" class=\"yoast-schema-graph\">{\"@context\":\"https:\\\/\\\/schema.org\",\"@graph\":[{\"@type\":\"WebPage\",\"@id\":\"https:\\\/\\\/marktxxl.de\\\/markt\\\/produkt\\\/koerperfettwaage-personenwaage-digital-mit-app-wireless-smart-digitale-waage-fuer-koerperfett-muskelmasse-bmi-gewicht-wasser-protein-bmr\\\/\",\"url\":\"https:\\\/\\\/marktxxl.de\\\/markt\\\/produkt\\\/koerperfettwaage-personenwaage-digital-mit-app-wireless-smart-digitale-waage-fuer-koerperfett-muskelmasse-bmi-gewicht-wasser-protein-bmr\\\/\",\"name\":\"Digital Personenwaagen mit App, K\u00f6rperfettwaage, Wireless Smart Digitale Waage f\u00fcr K\u00f6rperfett, Muskelmasse, BMI, Gewicht\u2026 - Markt-XXL\",\"isPartOf\":{\"@id\":\"https:\\\/\\\/marktxxl.de\\\/markt\\\/#website\"},\"primaryImageOfPage\":{\"@id\":\"https:\\\/\\\/marktxxl.de\\\/markt\\\/produkt\\\/koerperfettwaage-personenwaage-digital-mit-app-wireless-smart-digitale-waage-fuer-koerperfett-muskelmasse-bmi-gewicht-wasser-protein-bmr\\\/#primaryimage\"},\"image\":{\"@id\":\"https:\\\/\\\/marktxxl.de\\\/markt\\\/produkt\\\/koerperfettwaage-personenwaage-digital-mit-app-wireless-smart-digitale-waage-fuer-koerperfett-muskelmasse-bmi-gewicht-wasser-protein-bmr\\\/#primaryimage\"},\"thumbnailUrl\":\"https:\\\/\\\/m.media-amazon.com\\\/images\\\/I\\\/41yI6Ud1l6L._SL500_.jpg\",\"datePublished\":\"2021-09-26T13:24:40+00:00\",\"dateModified\":\"2023-04-11T00:02:28+00:00\",\"description\":\"Markt-XXL Digital Personenwaagen mit App, K\u00f6rperfettwaage, Wireless Smart Digitale Waage f\u00fcr K\u00f6rperfett, Muskelmasse, BMI, Gewicht\u2026\",\"breadcrumb\":{\"@id\":\"https:\\\/\\\/marktxxl.de\\\/markt\\\/produkt\\\/koerperfettwaage-personenwaage-digital-mit-app-wireless-smart-digitale-waage-fuer-koerperfett-muskelmasse-bmi-gewicht-wasser-protein-bmr\\\/#breadcrumb\"},\"inLanguage\":\"de\",\"potentialAction\":[{\"@type\":\"ReadAction\",\"target\":[\"https:\\\/\\\/marktxxl.de\\\/markt\\\/produkt\\\/koerperfettwaage-personenwaage-digital-mit-app-wireless-smart-digitale-waage-fuer-koerperfett-muskelmasse-bmi-gewicht-wasser-protein-bmr\\\/\"]}]},{\"@type\":\"ImageObject\",\"inLanguage\":\"de\",\"@id\":\"https:\\\/\\\/marktxxl.de\\\/markt\\\/produkt\\\/koerperfettwaage-personenwaage-digital-mit-app-wireless-smart-digitale-waage-fuer-koerperfett-muskelmasse-bmi-gewicht-wasser-protein-bmr\\\/#primaryimage\",\"url\":\"https:\\\/\\\/m.media-amazon.com\\\/images\\\/I\\\/41yI6Ud1l6L._SL500_.jpg\",\"contentUrl\":\"https:\\\/\\\/m.media-amazon.com\\\/images\\\/I\\\/41yI6Ud1l6L._SL500_.jpg\",\"width\":500,\"height\":500},{\"@type\":\"BreadcrumbList\",\"@id\":\"https:\\\/\\\/marktxxl.de\\\/markt\\\/produkt\\\/koerperfettwaage-personenwaage-digital-mit-app-wireless-smart-digitale-waage-fuer-koerperfett-muskelmasse-bmi-gewicht-wasser-protein-bmr\\\/#breadcrumb\",\"itemListElement\":[{\"@type\":\"ListItem\",\"position\":1,\"name\":\"Startseite\",\"item\":\"https:\\\/\\\/marktxxl.de\\\/markt\\\/\"},{\"@type\":\"ListItem\",\"position\":2,\"name\":\"Markt\",\"item\":\"https:\\\/\\\/marktxxl.de\\\/markt\\\/\"},{\"@type\":\"ListItem\",\"position\":3,\"name\":\"Digital Personenwaagen mit App, K\u00f6rperfettwaage, Wireless Smart Digitale Waage f\u00fcr K\u00f6rperfett, Muskelmasse, BMI, Gewicht\u2026\"}]},{\"@type\":\"WebSite\",\"@id\":\"https:\\\/\\\/marktxxl.de\\\/markt\\\/#website\",\"url\":\"https:\\\/\\\/marktxxl.de\\\/markt\\\/\",\"name\":\"Markt-XXL\",\"description\":\"Ihr Markt Online\",\"publisher\":{\"@id\":\"https:\\\/\\\/marktxxl.de\\\/markt\\\/#organization\"},\"potentialAction\":[{\"@type\":\"SearchAction\",\"target\":{\"@type\":\"EntryPoint\",\"urlTemplate\":\"https:\\\/\\\/marktxxl.de\\\/markt\\\/?s={search_term_string}\"},\"query-input\":{\"@type\":\"PropertyValueSpecification\",\"valueRequired\":true,\"valueName\":\"search_term_string\"}}],\"inLanguage\":\"de\"},{\"@type\":\"Organization\",\"@id\":\"https:\\\/\\\/marktxxl.de\\\/markt\\\/#organization\",\"name\":\"Markt-XXL\",\"url\":\"https:\\\/\\\/marktxxl.de\\\/markt\\\/\",\"logo\":{\"@type\":\"ImageObject\",\"inLanguage\":\"de\",\"@id\":\"https:\\\/\\\/marktxxl.de\\\/markt\\\/#\\\/schema\\\/logo\\\/image\\\/\",\"url\":\"https:\\\/\\\/marktxxl.de\\\/markt\\\/wp-content\\\/uploads\\\/sites\\\/3\\\/2020\\\/12\\\/logo.png\",\"contentUrl\":\"https:\\\/\\\/marktxxl.de\\\/markt\\\/wp-content\\\/uploads\\\/sites\\\/3\\\/2020\\\/12\\\/logo.png\",\"width\":200,\"height\":70,\"caption\":\"Markt-XXL\"},\"image\":{\"@id\":\"https:\\\/\\\/marktxxl.de\\\/markt\\\/#\\\/schema\\\/logo\\\/image\\\/\"}}]}<\/script>\n<!-- \/ Yoast SEO plugin. -->","yoast_head_json":{"title":"Digital Personenwaagen mit App, K\u00f6rperfettwaage, Wireless Smart Digitale Waage f\u00fcr K\u00f6rperfett, Muskelmasse, BMI, Gewicht\u2026 - Markt-XXL","description":"Markt-XXL Digital Personenwaagen mit App, K\u00f6rperfettwaage, Wireless Smart Digitale Waage f\u00fcr K\u00f6rperfett, Muskelmasse, BMI, Gewicht\u2026","robots":{"index":"index","follow":"follow","max-snippet":"max-snippet:-1","max-image-preview":"max-image-preview:large","max-video-preview":"max-video-preview:-1"},"canonical":"https:\/\/marktxxl.de\/markt\/produkt\/koerperfettwaage-personenwaage-digital-mit-app-wireless-smart-digitale-waage-fuer-koerperfett-muskelmasse-bmi-gewicht-wasser-protein-bmr\/","og_locale":"de_DE","og_type":"article","og_title":"Digital Personenwaagen mit App, K\u00f6rperfettwaage, Wireless Smart Digitale Waage f\u00fcr K\u00f6rperfett, Muskelmasse, BMI, Gewicht\u2026 - Markt-XXL","og_description":"Markt-XXL Digital Personenwaagen mit App, K\u00f6rperfettwaage, Wireless Smart Digitale Waage f\u00fcr K\u00f6rperfett, Muskelmasse, BMI, Gewicht\u2026","og_url":"https:\/\/marktxxl.de\/markt\/produkt\/koerperfettwaage-personenwaage-digital-mit-app-wireless-smart-digitale-waage-fuer-koerperfett-muskelmasse-bmi-gewicht-wasser-protein-bmr\/","og_site_name":"Markt-XXL","article_modified_time":"2023-04-11T00:02:28+00:00","og_image":[{"width":500,"height":500,"url":"https:\/\/m.media-amazon.com\/images\/I\/41yI6Ud1l6L._SL500_.jpg","type":"image\/jpeg"}],"twitter_card":"summary_large_image","twitter_misc":{"Gesch\u00e4tzte Lesezeit":"1\u00a0Minute"},"schema":{"@context":"https:\/\/schema.org","@graph":[{"@type":"WebPage","@id":"https:\/\/marktxxl.de\/markt\/produkt\/koerperfettwaage-personenwaage-digital-mit-app-wireless-smart-digitale-waage-fuer-koerperfett-muskelmasse-bmi-gewicht-wasser-protein-bmr\/","url":"https:\/\/marktxxl.de\/markt\/produkt\/koerperfettwaage-personenwaage-digital-mit-app-wireless-smart-digitale-waage-fuer-koerperfett-muskelmasse-bmi-gewicht-wasser-protein-bmr\/","name":"Digital Personenwaagen mit App, K\u00f6rperfettwaage, Wireless Smart Digitale Waage f\u00fcr K\u00f6rperfett, Muskelmasse, BMI, Gewicht\u2026 - Markt-XXL","isPartOf":{"@id":"https:\/\/marktxxl.de\/markt\/#website"},"primaryImageOfPage":{"@id":"https:\/\/marktxxl.de\/markt\/produkt\/koerperfettwaage-personenwaage-digital-mit-app-wireless-smart-digitale-waage-fuer-koerperfett-muskelmasse-bmi-gewicht-wasser-protein-bmr\/#primaryimage"},"image":{"@id":"https:\/\/marktxxl.de\/markt\/produkt\/koerperfettwaage-personenwaage-digital-mit-app-wireless-smart-digitale-waage-fuer-koerperfett-muskelmasse-bmi-gewicht-wasser-protein-bmr\/#primaryimage"},"thumbnailUrl":"https:\/\/m.media-amazon.com\/images\/I\/41yI6Ud1l6L._SL500_.jpg","datePublished":"2021-09-26T13:24:40+00:00","dateModified":"2023-04-11T00:02:28+00:00","description":"Markt-XXL Digital Personenwaagen mit App, K\u00f6rperfettwaage, Wireless Smart Digitale Waage f\u00fcr K\u00f6rperfett, Muskelmasse, BMI, Gewicht\u2026","breadcrumb":{"@id":"https:\/\/marktxxl.de\/markt\/produkt\/koerperfettwaage-personenwaage-digital-mit-app-wireless-smart-digitale-waage-fuer-koerperfett-muskelmasse-bmi-gewicht-wasser-protein-bmr\/#breadcrumb"},"inLanguage":"de","potentialAction":[{"@type":"ReadAction","target":["https:\/\/marktxxl.de\/markt\/produkt\/koerperfettwaage-personenwaage-digital-mit-app-wireless-smart-digitale-waage-fuer-koerperfett-muskelmasse-bmi-gewicht-wasser-protein-bmr\/"]}]},{"@type":"ImageObject","inLanguage":"de","@id":"https:\/\/marktxxl.de\/markt\/produkt\/koerperfettwaage-personenwaage-digital-mit-app-wireless-smart-digitale-waage-fuer-koerperfett-muskelmasse-bmi-gewicht-wasser-protein-bmr\/#primaryimage","url":"https:\/\/m.media-amazon.com\/images\/I\/41yI6Ud1l6L._SL500_.jpg","contentUrl":"https:\/\/m.media-amazon.com\/images\/I\/41yI6Ud1l6L._SL500_.jpg","width":500,"height":500},{"@type":"BreadcrumbList","@id":"https:\/\/marktxxl.de\/markt\/produkt\/koerperfettwaage-personenwaage-digital-mit-app-wireless-smart-digitale-waage-fuer-koerperfett-muskelmasse-bmi-gewicht-wasser-protein-bmr\/#breadcrumb","itemListElement":[{"@type":"ListItem","position":1,"name":"Startseite","item":"https:\/\/marktxxl.de\/markt\/"},{"@type":"ListItem","position":2,"name":"Markt","item":"https:\/\/marktxxl.de\/markt\/"},{"@type":"ListItem","position":3,"name":"Digital Personenwaagen mit App, K\u00f6rperfettwaage, Wireless Smart Digitale Waage f\u00fcr K\u00f6rperfett, Muskelmasse, BMI, Gewicht\u2026"}]},{"@type":"WebSite","@id":"https:\/\/marktxxl.de\/markt\/#website","url":"https:\/\/marktxxl.de\/markt\/","name":"Markt-XXL","description":"Ihr Markt Online","publisher":{"@id":"https:\/\/marktxxl.de\/markt\/#organization"},"potentialAction":[{"@type":"SearchAction","target":{"@type":"EntryPoint","urlTemplate":"https:\/\/marktxxl.de\/markt\/?s={search_term_string}"},"query-input":{"@type":"PropertyValueSpecification","valueRequired":true,"valueName":"search_term_string"}}],"inLanguage":"de"},{"@type":"Organization","@id":"https:\/\/marktxxl.de\/markt\/#organization","name":"Markt-XXL","url":"https:\/\/marktxxl.de\/markt\/","logo":{"@type":"ImageObject","inLanguage":"de","@id":"https:\/\/marktxxl.de\/markt\/#\/schema\/logo\/image\/","url":"https:\/\/marktxxl.de\/markt\/wp-content\/uploads\/sites\/3\/2020\/12\/logo.png","contentUrl":"https:\/\/marktxxl.de\/markt\/wp-content\/uploads\/sites\/3\/2020\/12\/logo.png","width":200,"height":70,"caption":"Markt-XXL"},"image":{"@id":"https:\/\/marktxxl.de\/markt\/#\/schema\/logo\/image\/"}}]}},"_links":{"self":[{"href":"https:\/\/marktxxl.de\/markt\/wp-json\/wp\/v2\/product\/43843","targetHints":{"allow":["GET"]}}],"collection":[{"href":"https:\/\/marktxxl.de\/markt\/wp-json\/wp\/v2\/product"}],"about":[{"href":"https:\/\/marktxxl.de\/markt\/wp-json\/wp\/v2\/types\/product"}],"replies":[{"embeddable":true,"href":"https:\/\/marktxxl.de\/markt\/wp-json\/wp\/v2\/comments?post=43843"}],"wp:featuredmedia":[{"embeddable":true,"href":"https:\/\/marktxxl.de\/markt\/wp-json\/wp\/v2\/media\/43844"}],"wp:attachment":[{"href":"https:\/\/marktxxl.de\/markt\/wp-json\/wp\/v2\/media?parent=43843"}],"wp:term":[{"taxonomy":"product_brand","embeddable":true,"href":"https:\/\/marktxxl.de\/markt\/wp-json\/wp\/v2\/product_brand?post=43843"},{"taxonomy":"product_cat","embeddable":true,"href":"https:\/\/marktxxl.de\/markt\/wp-json\/wp\/v2\/product_cat?post=43843"},{"taxonomy":"product_tag","embeddable":true,"href":"https:\/\/marktxxl.de\/markt\/wp-json\/wp\/v2\/product_tag?post=43843"}],"curies":[{"name":"wp","href":"https:\/\/api.w.org\/{rel}","templated":true}]}}