{"id":43697,"date":"2021-09-26T15:17:19","date_gmt":"2021-09-26T13:17:19","guid":{"rendered":"https:\/\/marktxxl.de\/markt\/produkt\/sports-visions-kontaktlinsenbehaelter-schraubdeckel-flaches-design-10-stueck-hergestellt-in-uk\/"},"modified":"2023-04-11T02:02:23","modified_gmt":"2023-04-11T00:02:23","slug":"sports-visions-kontaktlinsenbehaelter-schraubdeckel-flaches-design-10-stueck-hergestellt-in-uk","status":"publish","type":"product","link":"https:\/\/marktxxl.de\/markt\/produkt\/sports-visions-kontaktlinsenbehaelter-schraubdeckel-flaches-design-10-stueck-hergestellt-in-uk\/","title":{"rendered":"Sports Vision&#8217;s Kontaktlinsenbeh\u00e4lter &#8211; Schraubdeckel Flaches Design 10 St\u00fcck"},"content":{"rendered":"<p>** TRAGBAR UND EINFACH ZU VERWENDEN: Es ist tragbar und leicht mitzunehmen, wo immer Sie sich auf Ihrer Reise oder in der beruflichen Zeit befinden. Es ist einfach Ihre Kontaktlinsen mit allen handlichen Beh\u00e4ltern aufzubewahren! Es ist wichtig, immer einen sicheren Ort f\u00fcr die Aufbewahrung Ihrer Kontaktlinsen zu haben. Halten Sie Keime und Bakterien von Ihren Linsen fern, indem Sie sie in diesem sauberen und sicheren Beh\u00e4lter aufbewahren!<br \/>\n** 10ER PACK F\u00dcR IHREN KOMFORT: Kontaktlinsenbeh\u00e4lter wird im 10er-Pack geliefert, das mehr Komfort beim Aufbewahren und Zusammenbauen Ihrer Kontaktlinsen an einem sicheren Ort bietet. In diesen Beh\u00e4ltern k\u00f6nnen Sie Ihre Kontaktlinsen sicher und frei von Allergenen aufbewahren. Zus\u00e4tzliche Annehmlichkeiten in Ihrer N\u00e4he bieten Ihnen genau den Komfortbereich, in dem Sie Ihre Fl\u00fcssigkeit problemlos einf\u00fcllen und Ihre Linsen an einem gew\u00fcnschten Ort aufbewahren k\u00f6nnen.<br \/>\n** SICHERN SIE IHRE KONTAKTLINSEN: Wenn Sie die Linsen nicht in der N\u00e4he von Allergenen und giftigen Stoffen aufbewahren, erhalten Sie eine bessere Sicht. Sch\u00fctzen Sie Ihre Kontaktlinsen mit der Aufbewahrung in diesem sicheren Beh\u00e4lter und so erhalten Sie Kontaktlinsen f\u00fcr Ihre klare Sicht. Verbessert die Sehkraft Ihrer Kontaktlinsen und bietet Ihnen die M\u00f6glichkeit, Ihre Kontaktlinsen zu bereichern. Es h\u00e4lt Ihre Linsen sicher und sauber, wenn es in diesem Kontaktlinsenbeh\u00e4lter gesichert wird!<br \/>\n** FLACHES DESIGN MEHR LAGERRAUM: Diese Kontaktlinsenbeh\u00e4lter sind flach gestaltet, wodurch Sie die Fl\u00fcssigkeit stabil halten und Ihre Linsen darin eingetaucht bleiben. Wenn Sie die Linse mehr in Fl\u00fcssigkeit aufbewahren, verl\u00e4ngert sich die Lebensdauer Ihrer Kontaktlinsen und sie bleiben keimfrei. Das flache Design des Beh\u00e4lters bietet mehr Platz f\u00fcr die Fl\u00fcssigkeit, so dass eine gr\u00f6\u00dfere Menge eingef\u00fcllt werden kann.<br \/>\n** GR\u00dcN-WEISSE DECKEL MIT DEUTLICHEN MARKIERUNGEN: Der Kontaktlinsenbeh\u00e4lter hat L, R aufgedruckt, das Links und Rechts anzeigt , damit Sie leicht erkennen k\u00f6nnen, auf welcher Seite sich Ihre Kontaktlinse befindet. Das Einsetzen der richtigen Kontaktlinsen in das rechte Auge (oder das linke Auge) ist sehr einfach, da unsere Kontaktlinsenbeh\u00e4lterdeckel farbcodiert sind, sodass Sie immer wissen, welche links und rechts sind.<br \/>\n<div class=\"main-cross-sell\" data-asin=\"B00TOKBOCA\">\n\n\t<div class=\"WooZone-cross-sell-loader\">\n\t\t<div>\n\t\t\t<div id=\"floatingBarsG\">\n\t\t\t\t<div class=\"blockG\" id=\"rotateG_01\"><\/div>\n\t\t\t\t<div class=\"blockG\" id=\"rotateG_02\"><\/div>\n\t\t\t\t<div class=\"blockG\" id=\"rotateG_03\"><\/div>\n\t\t\t\t<div class=\"blockG\" id=\"rotateG_04\"><\/div>\n\t\t\t\t<div class=\"blockG\" id=\"rotateG_05\"><\/div>\n\t\t\t\t<div class=\"blockG\" id=\"rotateG_06\"><\/div>\n\t\t\t\t<div class=\"blockG\" id=\"rotateG_07\"><\/div>\n\t\t\t\t<div class=\"blockG\" id=\"rotateG_08\"><\/div>\n\t\t\t<\/div>\n\t\t\t<div class=\"WooZone-cross-sell-loader-text\"><\/div>\n\t\t<\/div>\n\t<\/div>\n\n\t\t\n<\/div>\n<div style=\"clear:both;\"><\/div><\/p>\n","protected":false},"excerpt":{"rendered":"<p>** TRAGBAR UND EINFACH ZU VERWENDEN: Es ist tragbar und leicht mitzunehmen, wo immer Sie sich auf Ihrer Reise oder in der beruflichen Zeit befinden. Es ist einfach Ihre Kontaktlinsen mit allen handlichen Beh\u00e4ltern aufzubewahren! Es ist wichtig, immer einen sicheren Ort f\u00fcr die Aufbewahrung Ihrer Kontaktlinsen zu haben. Halten Sie Keime und Bakterien von Ihren Linsen fern, indem Sie sie in diesem sauberen und sicheren Beh\u00e4lter aufbewahren!<br \/>\n** 10ER PACK F\u00dcR IHREN KOMFORT: Kontaktlinsenbeh\u00e4lter wird im 10er-Pack geliefert, das mehr Komfort beim Aufbewahren und Zusammenbauen Ihrer Kontaktlinsen an einem sicheren Ort bietet. In diesen Beh\u00e4ltern k\u00f6nnen Sie Ihre Kontaktlinsen sicher und frei von Allergenen aufbewahren. Zus\u00e4tzliche Annehmlichkeiten in Ihrer N\u00e4he bieten Ihnen genau den Komfortbereich, in dem Sie Ihre Fl\u00fcssigkeit problemlos einf\u00fcllen und Ihre Linsen an einem gew\u00fcnschten Ort aufbewahren k\u00f6nnen.<br \/>\n** SICHERN SIE IHRE KONTAKTLINSEN: Wenn Sie die Linsen nicht in der N\u00e4he von Allergenen und giftigen Stoffen aufbewahren, erhalten Sie eine bessere Sicht. Sch\u00fctzen Sie Ihre Kontaktlinsen mit der Aufbewahrung in diesem sicheren Beh\u00e4lter und so erhalten Sie Kontaktlinsen f\u00fcr Ihre klare Sicht. Verbessert die Sehkraft Ihrer Kontaktlinsen und bietet Ihnen die M\u00f6glichkeit, Ihre Kontaktlinsen zu bereichern. Es h\u00e4lt Ihre Linsen sicher und sauber, wenn es in diesem Kontaktlinsenbeh\u00e4lter gesichert wird!<\/p>\n","protected":false},"featured_media":43698,"comment_status":"open","ping_status":"closed","template":"","meta":[],"product_brand":[],"product_cat":[566,5775],"product_tag":[],"class_list":{"0":"post-43697","1":"product","2":"type-product","3":"status-publish","4":"has-post-thumbnail","6":"product_cat-drogerie-koerperpflege","7":"product_cat-kontaktlinsen-brillen","8":"pa_binding-misc","9":"pa_brand-sports-world-vision","10":"pa_size-10-stueck-1er-pack","11":"pa_weight-0-22-pfund","13":"first","14":"instock","15":"shipping-taxable","16":"purchasable","17":"product-type-simple","18":"customify-col","19":"product-has-gallery"},"yoast_head":"<!-- This site is optimized with the Yoast SEO plugin v27.4 - https:\/\/yoast.com\/product\/yoast-seo-wordpress\/ -->\n<title>Sports Vision&#039;s Kontaktlinsenbeh\u00e4lter - Schraubdeckel Flaches Design 10 St\u00fcck - Markt-XXL<\/title>\n<meta name=\"description\" content=\"Markt-XXL Sports Vision&#039;s Kontaktlinsenbeh\u00e4lter - Schraubdeckel Flaches Design 10 St\u00fcck\" \/>\n<meta name=\"robots\" content=\"index, follow, max-snippet:-1, max-image-preview:large, max-video-preview:-1\" \/>\n<link rel=\"canonical\" href=\"https:\/\/marktxxl.de\/markt\/produkt\/sports-visions-kontaktlinsenbehaelter-schraubdeckel-flaches-design-10-stueck-hergestellt-in-uk\/\" \/>\n<meta property=\"og:locale\" content=\"de_DE\" \/>\n<meta property=\"og:type\" content=\"article\" \/>\n<meta property=\"og:title\" content=\"Sports Vision&#039;s Kontaktlinsenbeh\u00e4lter - Schraubdeckel Flaches Design 10 St\u00fcck - Markt-XXL\" \/>\n<meta property=\"og:description\" content=\"Markt-XXL Sports Vision&#039;s Kontaktlinsenbeh\u00e4lter - Schraubdeckel Flaches Design 10 St\u00fcck\" \/>\n<meta property=\"og:url\" content=\"https:\/\/marktxxl.de\/markt\/produkt\/sports-visions-kontaktlinsenbehaelter-schraubdeckel-flaches-design-10-stueck-hergestellt-in-uk\/\" \/>\n<meta property=\"og:site_name\" content=\"Markt-XXL\" \/>\n<meta property=\"article:modified_time\" content=\"2023-04-11T00:02:23+00:00\" \/>\n<meta property=\"og:image\" content=\"https:\/\/m.media-amazon.com\/images\/I\/517p10gvH+L._SL500_.jpg\" \/>\n\t<meta property=\"og:image:width\" content=\"422\" \/>\n\t<meta property=\"og:image:height\" content=\"500\" \/>\n\t<meta property=\"og:image:type\" content=\"image\/jpeg\" \/>\n<meta name=\"twitter:card\" content=\"summary_large_image\" \/>\n<meta name=\"twitter:label1\" content=\"Gesch\u00e4tzte Lesezeit\" \/>\n\t<meta name=\"twitter:data1\" content=\"2\u00a0Minuten\" \/>\n<script type=\"application\/ld+json\" class=\"yoast-schema-graph\">{\"@context\":\"https:\\\/\\\/schema.org\",\"@graph\":[{\"@type\":\"WebPage\",\"@id\":\"https:\\\/\\\/marktxxl.de\\\/markt\\\/produkt\\\/sports-visions-kontaktlinsenbehaelter-schraubdeckel-flaches-design-10-stueck-hergestellt-in-uk\\\/\",\"url\":\"https:\\\/\\\/marktxxl.de\\\/markt\\\/produkt\\\/sports-visions-kontaktlinsenbehaelter-schraubdeckel-flaches-design-10-stueck-hergestellt-in-uk\\\/\",\"name\":\"Sports Vision's Kontaktlinsenbeh\u00e4lter - Schraubdeckel Flaches Design 10 St\u00fcck - Markt-XXL\",\"isPartOf\":{\"@id\":\"https:\\\/\\\/marktxxl.de\\\/markt\\\/#website\"},\"primaryImageOfPage\":{\"@id\":\"https:\\\/\\\/marktxxl.de\\\/markt\\\/produkt\\\/sports-visions-kontaktlinsenbehaelter-schraubdeckel-flaches-design-10-stueck-hergestellt-in-uk\\\/#primaryimage\"},\"image\":{\"@id\":\"https:\\\/\\\/marktxxl.de\\\/markt\\\/produkt\\\/sports-visions-kontaktlinsenbehaelter-schraubdeckel-flaches-design-10-stueck-hergestellt-in-uk\\\/#primaryimage\"},\"thumbnailUrl\":\"https:\\\/\\\/m.media-amazon.com\\\/images\\\/I\\\/517p10gvH+L._SL500_.jpg\",\"datePublished\":\"2021-09-26T13:17:19+00:00\",\"dateModified\":\"2023-04-11T00:02:23+00:00\",\"description\":\"Markt-XXL Sports Vision's Kontaktlinsenbeh\u00e4lter - Schraubdeckel Flaches Design 10 St\u00fcck\",\"breadcrumb\":{\"@id\":\"https:\\\/\\\/marktxxl.de\\\/markt\\\/produkt\\\/sports-visions-kontaktlinsenbehaelter-schraubdeckel-flaches-design-10-stueck-hergestellt-in-uk\\\/#breadcrumb\"},\"inLanguage\":\"de\",\"potentialAction\":[{\"@type\":\"ReadAction\",\"target\":[\"https:\\\/\\\/marktxxl.de\\\/markt\\\/produkt\\\/sports-visions-kontaktlinsenbehaelter-schraubdeckel-flaches-design-10-stueck-hergestellt-in-uk\\\/\"]}]},{\"@type\":\"ImageObject\",\"inLanguage\":\"de\",\"@id\":\"https:\\\/\\\/marktxxl.de\\\/markt\\\/produkt\\\/sports-visions-kontaktlinsenbehaelter-schraubdeckel-flaches-design-10-stueck-hergestellt-in-uk\\\/#primaryimage\",\"url\":\"https:\\\/\\\/m.media-amazon.com\\\/images\\\/I\\\/517p10gvH+L._SL500_.jpg\",\"contentUrl\":\"https:\\\/\\\/m.media-amazon.com\\\/images\\\/I\\\/517p10gvH+L._SL500_.jpg\",\"width\":422,\"height\":500},{\"@type\":\"BreadcrumbList\",\"@id\":\"https:\\\/\\\/marktxxl.de\\\/markt\\\/produkt\\\/sports-visions-kontaktlinsenbehaelter-schraubdeckel-flaches-design-10-stueck-hergestellt-in-uk\\\/#breadcrumb\",\"itemListElement\":[{\"@type\":\"ListItem\",\"position\":1,\"name\":\"Startseite\",\"item\":\"https:\\\/\\\/marktxxl.de\\\/markt\\\/\"},{\"@type\":\"ListItem\",\"position\":2,\"name\":\"Markt\",\"item\":\"https:\\\/\\\/marktxxl.de\\\/markt\\\/\"},{\"@type\":\"ListItem\",\"position\":3,\"name\":\"Sports Vision&#8217;s Kontaktlinsenbeh\u00e4lter &#8211; Schraubdeckel Flaches Design 10 St\u00fcck\"}]},{\"@type\":\"WebSite\",\"@id\":\"https:\\\/\\\/marktxxl.de\\\/markt\\\/#website\",\"url\":\"https:\\\/\\\/marktxxl.de\\\/markt\\\/\",\"name\":\"Markt-XXL\",\"description\":\"Ihr Markt Online\",\"publisher\":{\"@id\":\"https:\\\/\\\/marktxxl.de\\\/markt\\\/#organization\"},\"potentialAction\":[{\"@type\":\"SearchAction\",\"target\":{\"@type\":\"EntryPoint\",\"urlTemplate\":\"https:\\\/\\\/marktxxl.de\\\/markt\\\/?s={search_term_string}\"},\"query-input\":{\"@type\":\"PropertyValueSpecification\",\"valueRequired\":true,\"valueName\":\"search_term_string\"}}],\"inLanguage\":\"de\"},{\"@type\":\"Organization\",\"@id\":\"https:\\\/\\\/marktxxl.de\\\/markt\\\/#organization\",\"name\":\"Markt-XXL\",\"url\":\"https:\\\/\\\/marktxxl.de\\\/markt\\\/\",\"logo\":{\"@type\":\"ImageObject\",\"inLanguage\":\"de\",\"@id\":\"https:\\\/\\\/marktxxl.de\\\/markt\\\/#\\\/schema\\\/logo\\\/image\\\/\",\"url\":\"https:\\\/\\\/marktxxl.de\\\/markt\\\/wp-content\\\/uploads\\\/sites\\\/3\\\/2020\\\/12\\\/logo.png\",\"contentUrl\":\"https:\\\/\\\/marktxxl.de\\\/markt\\\/wp-content\\\/uploads\\\/sites\\\/3\\\/2020\\\/12\\\/logo.png\",\"width\":200,\"height\":70,\"caption\":\"Markt-XXL\"},\"image\":{\"@id\":\"https:\\\/\\\/marktxxl.de\\\/markt\\\/#\\\/schema\\\/logo\\\/image\\\/\"}}]}<\/script>\n<!-- \/ Yoast SEO plugin. -->","yoast_head_json":{"title":"Sports Vision's Kontaktlinsenbeh\u00e4lter - Schraubdeckel Flaches Design 10 St\u00fcck - Markt-XXL","description":"Markt-XXL Sports Vision's Kontaktlinsenbeh\u00e4lter - Schraubdeckel Flaches Design 10 St\u00fcck","robots":{"index":"index","follow":"follow","max-snippet":"max-snippet:-1","max-image-preview":"max-image-preview:large","max-video-preview":"max-video-preview:-1"},"canonical":"https:\/\/marktxxl.de\/markt\/produkt\/sports-visions-kontaktlinsenbehaelter-schraubdeckel-flaches-design-10-stueck-hergestellt-in-uk\/","og_locale":"de_DE","og_type":"article","og_title":"Sports Vision's Kontaktlinsenbeh\u00e4lter - Schraubdeckel Flaches Design 10 St\u00fcck - Markt-XXL","og_description":"Markt-XXL Sports Vision's Kontaktlinsenbeh\u00e4lter - Schraubdeckel Flaches Design 10 St\u00fcck","og_url":"https:\/\/marktxxl.de\/markt\/produkt\/sports-visions-kontaktlinsenbehaelter-schraubdeckel-flaches-design-10-stueck-hergestellt-in-uk\/","og_site_name":"Markt-XXL","article_modified_time":"2023-04-11T00:02:23+00:00","og_image":[{"width":422,"height":500,"url":"https:\/\/m.media-amazon.com\/images\/I\/517p10gvH+L._SL500_.jpg","type":"image\/jpeg"}],"twitter_card":"summary_large_image","twitter_misc":{"Gesch\u00e4tzte Lesezeit":"2\u00a0Minuten"},"schema":{"@context":"https:\/\/schema.org","@graph":[{"@type":"WebPage","@id":"https:\/\/marktxxl.de\/markt\/produkt\/sports-visions-kontaktlinsenbehaelter-schraubdeckel-flaches-design-10-stueck-hergestellt-in-uk\/","url":"https:\/\/marktxxl.de\/markt\/produkt\/sports-visions-kontaktlinsenbehaelter-schraubdeckel-flaches-design-10-stueck-hergestellt-in-uk\/","name":"Sports Vision's Kontaktlinsenbeh\u00e4lter - Schraubdeckel Flaches Design 10 St\u00fcck - Markt-XXL","isPartOf":{"@id":"https:\/\/marktxxl.de\/markt\/#website"},"primaryImageOfPage":{"@id":"https:\/\/marktxxl.de\/markt\/produkt\/sports-visions-kontaktlinsenbehaelter-schraubdeckel-flaches-design-10-stueck-hergestellt-in-uk\/#primaryimage"},"image":{"@id":"https:\/\/marktxxl.de\/markt\/produkt\/sports-visions-kontaktlinsenbehaelter-schraubdeckel-flaches-design-10-stueck-hergestellt-in-uk\/#primaryimage"},"thumbnailUrl":"https:\/\/m.media-amazon.com\/images\/I\/517p10gvH+L._SL500_.jpg","datePublished":"2021-09-26T13:17:19+00:00","dateModified":"2023-04-11T00:02:23+00:00","description":"Markt-XXL Sports Vision's Kontaktlinsenbeh\u00e4lter - Schraubdeckel Flaches Design 10 St\u00fcck","breadcrumb":{"@id":"https:\/\/marktxxl.de\/markt\/produkt\/sports-visions-kontaktlinsenbehaelter-schraubdeckel-flaches-design-10-stueck-hergestellt-in-uk\/#breadcrumb"},"inLanguage":"de","potentialAction":[{"@type":"ReadAction","target":["https:\/\/marktxxl.de\/markt\/produkt\/sports-visions-kontaktlinsenbehaelter-schraubdeckel-flaches-design-10-stueck-hergestellt-in-uk\/"]}]},{"@type":"ImageObject","inLanguage":"de","@id":"https:\/\/marktxxl.de\/markt\/produkt\/sports-visions-kontaktlinsenbehaelter-schraubdeckel-flaches-design-10-stueck-hergestellt-in-uk\/#primaryimage","url":"https:\/\/m.media-amazon.com\/images\/I\/517p10gvH+L._SL500_.jpg","contentUrl":"https:\/\/m.media-amazon.com\/images\/I\/517p10gvH+L._SL500_.jpg","width":422,"height":500},{"@type":"BreadcrumbList","@id":"https:\/\/marktxxl.de\/markt\/produkt\/sports-visions-kontaktlinsenbehaelter-schraubdeckel-flaches-design-10-stueck-hergestellt-in-uk\/#breadcrumb","itemListElement":[{"@type":"ListItem","position":1,"name":"Startseite","item":"https:\/\/marktxxl.de\/markt\/"},{"@type":"ListItem","position":2,"name":"Markt","item":"https:\/\/marktxxl.de\/markt\/"},{"@type":"ListItem","position":3,"name":"Sports Vision&#8217;s Kontaktlinsenbeh\u00e4lter &#8211; Schraubdeckel Flaches Design 10 St\u00fcck"}]},{"@type":"WebSite","@id":"https:\/\/marktxxl.de\/markt\/#website","url":"https:\/\/marktxxl.de\/markt\/","name":"Markt-XXL","description":"Ihr Markt Online","publisher":{"@id":"https:\/\/marktxxl.de\/markt\/#organization"},"potentialAction":[{"@type":"SearchAction","target":{"@type":"EntryPoint","urlTemplate":"https:\/\/marktxxl.de\/markt\/?s={search_term_string}"},"query-input":{"@type":"PropertyValueSpecification","valueRequired":true,"valueName":"search_term_string"}}],"inLanguage":"de"},{"@type":"Organization","@id":"https:\/\/marktxxl.de\/markt\/#organization","name":"Markt-XXL","url":"https:\/\/marktxxl.de\/markt\/","logo":{"@type":"ImageObject","inLanguage":"de","@id":"https:\/\/marktxxl.de\/markt\/#\/schema\/logo\/image\/","url":"https:\/\/marktxxl.de\/markt\/wp-content\/uploads\/sites\/3\/2020\/12\/logo.png","contentUrl":"https:\/\/marktxxl.de\/markt\/wp-content\/uploads\/sites\/3\/2020\/12\/logo.png","width":200,"height":70,"caption":"Markt-XXL"},"image":{"@id":"https:\/\/marktxxl.de\/markt\/#\/schema\/logo\/image\/"}}]}},"_links":{"self":[{"href":"https:\/\/marktxxl.de\/markt\/wp-json\/wp\/v2\/product\/43697","targetHints":{"allow":["GET"]}}],"collection":[{"href":"https:\/\/marktxxl.de\/markt\/wp-json\/wp\/v2\/product"}],"about":[{"href":"https:\/\/marktxxl.de\/markt\/wp-json\/wp\/v2\/types\/product"}],"replies":[{"embeddable":true,"href":"https:\/\/marktxxl.de\/markt\/wp-json\/wp\/v2\/comments?post=43697"}],"wp:featuredmedia":[{"embeddable":true,"href":"https:\/\/marktxxl.de\/markt\/wp-json\/wp\/v2\/media\/43698"}],"wp:attachment":[{"href":"https:\/\/marktxxl.de\/markt\/wp-json\/wp\/v2\/media?parent=43697"}],"wp:term":[{"taxonomy":"product_brand","embeddable":true,"href":"https:\/\/marktxxl.de\/markt\/wp-json\/wp\/v2\/product_brand?post=43697"},{"taxonomy":"product_cat","embeddable":true,"href":"https:\/\/marktxxl.de\/markt\/wp-json\/wp\/v2\/product_cat?post=43697"},{"taxonomy":"product_tag","embeddable":true,"href":"https:\/\/marktxxl.de\/markt\/wp-json\/wp\/v2\/product_tag?post=43697"}],"curies":[{"name":"wp","href":"https:\/\/api.w.org\/{rel}","templated":true}]}}