{"id":43545,"date":"2021-09-26T15:16:45","date_gmt":"2021-09-26T13:16:45","guid":{"rendered":"https:\/\/marktxxl.de\/markt\/produkt\/haltungskorrektor-fuer-maenner-und-frauenreinigung\/"},"modified":"2023-04-11T02:02:21","modified_gmt":"2023-04-11T00:02:21","slug":"haltungskorrektor-fuer-maenner-und-frauenreinigung","status":"publish","type":"product","link":"https:\/\/marktxxl.de\/markt\/produkt\/haltungskorrektor-fuer-maenner-und-frauenreinigung\/","title":{"rendered":"Clear Care CLEAR Care Plus Reinigung und Desinfektion L\u00f6sung mit Objektiv Fall,"},"content":{"rendered":"<p>Nicht nur macht klar Care Plus Kontaktlinsen mit der L\u00f6sung reinigen und desinfizieren sprudelnden Power von Wasserstoffperoxid, es auch umh\u00fcllt Ihre Objektive mit langanhaltender Feuchtigkeit<br \/>\nPatentiertes hydraglyde Moisture Matrix verleiht weiche Kontaktlinsen in lang anhaltend Feuchtigkeit f\u00fcr eine Fresh Objektiv Gef\u00fchl. Triple Action Reinigung l\u00f6st Schmutz, reinigt gr\u00fcndlich und entfernt Protein.<br \/>\nExklusive Objektiv Fall verf\u00fcgt \u00fcber eine Platinum Disc, die aktiviert unsere Wasserstoffperoxid sanft, Bubbling Action und neutralisiert in eine sanfte Kochsalzl\u00f6sung<br \/>\nStecken Sie niemals Care Plus L\u00f6sung direkt in und um ihre Augen Clear. Anleitung komplett und nicht Skip alle Schritte.<br \/>\nSicher f\u00fcr alle weichen und starren luftdurchl\u00e4ssige Kontaktlinsen<br \/>\n<div class=\"main-cross-sell\" data-asin=\"B010G84GKA\">\n\n\t<div class=\"WooZone-cross-sell-loader\">\n\t\t<div>\n\t\t\t<div id=\"floatingBarsG\">\n\t\t\t\t<div class=\"blockG\" id=\"rotateG_01\"><\/div>\n\t\t\t\t<div class=\"blockG\" id=\"rotateG_02\"><\/div>\n\t\t\t\t<div class=\"blockG\" id=\"rotateG_03\"><\/div>\n\t\t\t\t<div class=\"blockG\" id=\"rotateG_04\"><\/div>\n\t\t\t\t<div class=\"blockG\" id=\"rotateG_05\"><\/div>\n\t\t\t\t<div class=\"blockG\" id=\"rotateG_06\"><\/div>\n\t\t\t\t<div class=\"blockG\" id=\"rotateG_07\"><\/div>\n\t\t\t\t<div class=\"blockG\" id=\"rotateG_08\"><\/div>\n\t\t\t<\/div>\n\t\t\t<div class=\"WooZone-cross-sell-loader-text\"><\/div>\n\t\t<\/div>\n\t<\/div>\n\n\t\t\n<\/div>\n<div style=\"clear:both;\"><\/div><\/p>\n","protected":false},"excerpt":{"rendered":"<p>Nicht nur macht klar Care Plus Kontaktlinsen mit der L\u00f6sung reinigen und desinfizieren sprudelnden Power von Wasserstoffperoxid, es auch umh\u00fcllt Ihre Objektive mit langanhaltender Feuchtigkeit<br \/>\nPatentiertes hydraglyde Moisture Matrix verleiht weiche Kontaktlinsen in lang anhaltend Feuchtigkeit f\u00fcr eine Fresh Objektiv Gef\u00fchl. Triple Action Reinigung l\u00f6st Schmutz, reinigt gr\u00fcndlich und entfernt Protein.<br \/>\nExklusive Objektiv Fall verf\u00fcgt \u00fcber eine Platinum Disc, die aktiviert unsere Wasserstoffperoxid sanft, Bubbling Action und neutralisiert in eine sanfte Kochsalzl\u00f6sung<\/p>\n","protected":false},"featured_media":43546,"comment_status":"open","ping_status":"closed","template":"","meta":[],"product_brand":[],"product_cat":[566,5775],"product_tag":[],"class_list":{"0":"post-43545","1":"product","2":"type-product","3":"status-publish","4":"has-post-thumbnail","6":"product_cat-drogerie-koerperpflege","7":"product_cat-kontaktlinsen-brillen","8":"pa_binding-badartikel","9":"pa_brand-clear-care","10":"pa_height-7-8125-zoll","11":"pa_length-2-56-zoll","12":"pa_manufacturer-alcon-laboratories-inc","13":"pa_model-18157","14":"pa_size-12-ounces","15":"pa_weight-12-unzen","16":"pa_width-2-56-zoll","18":"first","19":"instock","20":"shipping-taxable","21":"purchasable","22":"product-type-simple","23":"customify-col","24":"product-has-gallery"},"yoast_head":"<!-- This site is optimized with the Yoast SEO plugin v27.4 - https:\/\/yoast.com\/product\/yoast-seo-wordpress\/ -->\n<title>Clear Care CLEAR Care Plus Reinigung und Desinfektion L\u00f6sung mit Objektiv Fall, - Markt-XXL<\/title>\n<meta name=\"description\" content=\"Markt-XXL Clear Care CLEAR Care Plus Reinigung und Desinfektion L\u00f6sung mit Objektiv Fall,\" \/>\n<meta name=\"robots\" content=\"index, follow, max-snippet:-1, max-image-preview:large, max-video-preview:-1\" \/>\n<link rel=\"canonical\" href=\"https:\/\/marktxxl.de\/markt\/produkt\/haltungskorrektor-fuer-maenner-und-frauenreinigung\/\" \/>\n<meta property=\"og:locale\" content=\"de_DE\" \/>\n<meta property=\"og:type\" content=\"article\" \/>\n<meta property=\"og:title\" content=\"Clear Care CLEAR Care Plus Reinigung und Desinfektion L\u00f6sung mit Objektiv Fall, - Markt-XXL\" \/>\n<meta property=\"og:description\" content=\"Markt-XXL Clear Care CLEAR Care Plus Reinigung und Desinfektion L\u00f6sung mit Objektiv Fall,\" \/>\n<meta property=\"og:url\" content=\"https:\/\/marktxxl.de\/markt\/produkt\/haltungskorrektor-fuer-maenner-und-frauenreinigung\/\" \/>\n<meta property=\"og:site_name\" content=\"Markt-XXL\" \/>\n<meta property=\"article:modified_time\" content=\"2023-04-11T00:02:21+00:00\" \/>\n<meta property=\"og:image\" content=\"https:\/\/m.media-amazon.com\/images\/I\/51A+vi4tUJL._SL500_.jpg\" \/>\n\t<meta property=\"og:image:width\" content=\"354\" \/>\n\t<meta property=\"og:image:height\" content=\"500\" \/>\n\t<meta property=\"og:image:type\" content=\"image\/jpeg\" \/>\n<meta name=\"twitter:card\" content=\"summary_large_image\" \/>\n<meta name=\"twitter:label1\" content=\"Gesch\u00e4tzte Lesezeit\" \/>\n\t<meta name=\"twitter:data1\" content=\"1\u00a0Minute\" \/>\n<script type=\"application\/ld+json\" class=\"yoast-schema-graph\">{\"@context\":\"https:\\\/\\\/schema.org\",\"@graph\":[{\"@type\":\"WebPage\",\"@id\":\"https:\\\/\\\/marktxxl.de\\\/markt\\\/produkt\\\/haltungskorrektor-fuer-maenner-und-frauenreinigung\\\/\",\"url\":\"https:\\\/\\\/marktxxl.de\\\/markt\\\/produkt\\\/haltungskorrektor-fuer-maenner-und-frauenreinigung\\\/\",\"name\":\"Clear Care CLEAR Care Plus Reinigung und Desinfektion L\u00f6sung mit Objektiv Fall, - Markt-XXL\",\"isPartOf\":{\"@id\":\"https:\\\/\\\/marktxxl.de\\\/markt\\\/#website\"},\"primaryImageOfPage\":{\"@id\":\"https:\\\/\\\/marktxxl.de\\\/markt\\\/produkt\\\/haltungskorrektor-fuer-maenner-und-frauenreinigung\\\/#primaryimage\"},\"image\":{\"@id\":\"https:\\\/\\\/marktxxl.de\\\/markt\\\/produkt\\\/haltungskorrektor-fuer-maenner-und-frauenreinigung\\\/#primaryimage\"},\"thumbnailUrl\":\"https:\\\/\\\/m.media-amazon.com\\\/images\\\/I\\\/51A+vi4tUJL._SL500_.jpg\",\"datePublished\":\"2021-09-26T13:16:45+00:00\",\"dateModified\":\"2023-04-11T00:02:21+00:00\",\"description\":\"Markt-XXL Clear Care CLEAR Care Plus Reinigung und Desinfektion L\u00f6sung mit Objektiv Fall,\",\"breadcrumb\":{\"@id\":\"https:\\\/\\\/marktxxl.de\\\/markt\\\/produkt\\\/haltungskorrektor-fuer-maenner-und-frauenreinigung\\\/#breadcrumb\"},\"inLanguage\":\"de\",\"potentialAction\":[{\"@type\":\"ReadAction\",\"target\":[\"https:\\\/\\\/marktxxl.de\\\/markt\\\/produkt\\\/haltungskorrektor-fuer-maenner-und-frauenreinigung\\\/\"]}]},{\"@type\":\"ImageObject\",\"inLanguage\":\"de\",\"@id\":\"https:\\\/\\\/marktxxl.de\\\/markt\\\/produkt\\\/haltungskorrektor-fuer-maenner-und-frauenreinigung\\\/#primaryimage\",\"url\":\"https:\\\/\\\/m.media-amazon.com\\\/images\\\/I\\\/51A+vi4tUJL._SL500_.jpg\",\"contentUrl\":\"https:\\\/\\\/m.media-amazon.com\\\/images\\\/I\\\/51A+vi4tUJL._SL500_.jpg\",\"width\":354,\"height\":500},{\"@type\":\"BreadcrumbList\",\"@id\":\"https:\\\/\\\/marktxxl.de\\\/markt\\\/produkt\\\/haltungskorrektor-fuer-maenner-und-frauenreinigung\\\/#breadcrumb\",\"itemListElement\":[{\"@type\":\"ListItem\",\"position\":1,\"name\":\"Startseite\",\"item\":\"https:\\\/\\\/marktxxl.de\\\/markt\\\/\"},{\"@type\":\"ListItem\",\"position\":2,\"name\":\"Markt\",\"item\":\"https:\\\/\\\/marktxxl.de\\\/markt\\\/\"},{\"@type\":\"ListItem\",\"position\":3,\"name\":\"Clear Care CLEAR Care Plus Reinigung und Desinfektion L\u00f6sung mit Objektiv Fall,\"}]},{\"@type\":\"WebSite\",\"@id\":\"https:\\\/\\\/marktxxl.de\\\/markt\\\/#website\",\"url\":\"https:\\\/\\\/marktxxl.de\\\/markt\\\/\",\"name\":\"Markt-XXL\",\"description\":\"Ihr Markt Online\",\"publisher\":{\"@id\":\"https:\\\/\\\/marktxxl.de\\\/markt\\\/#organization\"},\"potentialAction\":[{\"@type\":\"SearchAction\",\"target\":{\"@type\":\"EntryPoint\",\"urlTemplate\":\"https:\\\/\\\/marktxxl.de\\\/markt\\\/?s={search_term_string}\"},\"query-input\":{\"@type\":\"PropertyValueSpecification\",\"valueRequired\":true,\"valueName\":\"search_term_string\"}}],\"inLanguage\":\"de\"},{\"@type\":\"Organization\",\"@id\":\"https:\\\/\\\/marktxxl.de\\\/markt\\\/#organization\",\"name\":\"Markt-XXL\",\"url\":\"https:\\\/\\\/marktxxl.de\\\/markt\\\/\",\"logo\":{\"@type\":\"ImageObject\",\"inLanguage\":\"de\",\"@id\":\"https:\\\/\\\/marktxxl.de\\\/markt\\\/#\\\/schema\\\/logo\\\/image\\\/\",\"url\":\"https:\\\/\\\/marktxxl.de\\\/markt\\\/wp-content\\\/uploads\\\/sites\\\/3\\\/2020\\\/12\\\/logo.png\",\"contentUrl\":\"https:\\\/\\\/marktxxl.de\\\/markt\\\/wp-content\\\/uploads\\\/sites\\\/3\\\/2020\\\/12\\\/logo.png\",\"width\":200,\"height\":70,\"caption\":\"Markt-XXL\"},\"image\":{\"@id\":\"https:\\\/\\\/marktxxl.de\\\/markt\\\/#\\\/schema\\\/logo\\\/image\\\/\"}}]}<\/script>\n<!-- \/ Yoast SEO plugin. -->","yoast_head_json":{"title":"Clear Care CLEAR Care Plus Reinigung und Desinfektion L\u00f6sung mit Objektiv Fall, - Markt-XXL","description":"Markt-XXL Clear Care CLEAR Care Plus Reinigung und Desinfektion L\u00f6sung mit Objektiv Fall,","robots":{"index":"index","follow":"follow","max-snippet":"max-snippet:-1","max-image-preview":"max-image-preview:large","max-video-preview":"max-video-preview:-1"},"canonical":"https:\/\/marktxxl.de\/markt\/produkt\/haltungskorrektor-fuer-maenner-und-frauenreinigung\/","og_locale":"de_DE","og_type":"article","og_title":"Clear Care CLEAR Care Plus Reinigung und Desinfektion L\u00f6sung mit Objektiv Fall, - Markt-XXL","og_description":"Markt-XXL Clear Care CLEAR Care Plus Reinigung und Desinfektion L\u00f6sung mit Objektiv Fall,","og_url":"https:\/\/marktxxl.de\/markt\/produkt\/haltungskorrektor-fuer-maenner-und-frauenreinigung\/","og_site_name":"Markt-XXL","article_modified_time":"2023-04-11T00:02:21+00:00","og_image":[{"width":354,"height":500,"url":"https:\/\/m.media-amazon.com\/images\/I\/51A+vi4tUJL._SL500_.jpg","type":"image\/jpeg"}],"twitter_card":"summary_large_image","twitter_misc":{"Gesch\u00e4tzte Lesezeit":"1\u00a0Minute"},"schema":{"@context":"https:\/\/schema.org","@graph":[{"@type":"WebPage","@id":"https:\/\/marktxxl.de\/markt\/produkt\/haltungskorrektor-fuer-maenner-und-frauenreinigung\/","url":"https:\/\/marktxxl.de\/markt\/produkt\/haltungskorrektor-fuer-maenner-und-frauenreinigung\/","name":"Clear Care CLEAR Care Plus Reinigung und Desinfektion L\u00f6sung mit Objektiv Fall, - Markt-XXL","isPartOf":{"@id":"https:\/\/marktxxl.de\/markt\/#website"},"primaryImageOfPage":{"@id":"https:\/\/marktxxl.de\/markt\/produkt\/haltungskorrektor-fuer-maenner-und-frauenreinigung\/#primaryimage"},"image":{"@id":"https:\/\/marktxxl.de\/markt\/produkt\/haltungskorrektor-fuer-maenner-und-frauenreinigung\/#primaryimage"},"thumbnailUrl":"https:\/\/m.media-amazon.com\/images\/I\/51A+vi4tUJL._SL500_.jpg","datePublished":"2021-09-26T13:16:45+00:00","dateModified":"2023-04-11T00:02:21+00:00","description":"Markt-XXL Clear Care CLEAR Care Plus Reinigung und Desinfektion L\u00f6sung mit Objektiv Fall,","breadcrumb":{"@id":"https:\/\/marktxxl.de\/markt\/produkt\/haltungskorrektor-fuer-maenner-und-frauenreinigung\/#breadcrumb"},"inLanguage":"de","potentialAction":[{"@type":"ReadAction","target":["https:\/\/marktxxl.de\/markt\/produkt\/haltungskorrektor-fuer-maenner-und-frauenreinigung\/"]}]},{"@type":"ImageObject","inLanguage":"de","@id":"https:\/\/marktxxl.de\/markt\/produkt\/haltungskorrektor-fuer-maenner-und-frauenreinigung\/#primaryimage","url":"https:\/\/m.media-amazon.com\/images\/I\/51A+vi4tUJL._SL500_.jpg","contentUrl":"https:\/\/m.media-amazon.com\/images\/I\/51A+vi4tUJL._SL500_.jpg","width":354,"height":500},{"@type":"BreadcrumbList","@id":"https:\/\/marktxxl.de\/markt\/produkt\/haltungskorrektor-fuer-maenner-und-frauenreinigung\/#breadcrumb","itemListElement":[{"@type":"ListItem","position":1,"name":"Startseite","item":"https:\/\/marktxxl.de\/markt\/"},{"@type":"ListItem","position":2,"name":"Markt","item":"https:\/\/marktxxl.de\/markt\/"},{"@type":"ListItem","position":3,"name":"Clear Care CLEAR Care Plus Reinigung und Desinfektion L\u00f6sung mit Objektiv Fall,"}]},{"@type":"WebSite","@id":"https:\/\/marktxxl.de\/markt\/#website","url":"https:\/\/marktxxl.de\/markt\/","name":"Markt-XXL","description":"Ihr Markt Online","publisher":{"@id":"https:\/\/marktxxl.de\/markt\/#organization"},"potentialAction":[{"@type":"SearchAction","target":{"@type":"EntryPoint","urlTemplate":"https:\/\/marktxxl.de\/markt\/?s={search_term_string}"},"query-input":{"@type":"PropertyValueSpecification","valueRequired":true,"valueName":"search_term_string"}}],"inLanguage":"de"},{"@type":"Organization","@id":"https:\/\/marktxxl.de\/markt\/#organization","name":"Markt-XXL","url":"https:\/\/marktxxl.de\/markt\/","logo":{"@type":"ImageObject","inLanguage":"de","@id":"https:\/\/marktxxl.de\/markt\/#\/schema\/logo\/image\/","url":"https:\/\/marktxxl.de\/markt\/wp-content\/uploads\/sites\/3\/2020\/12\/logo.png","contentUrl":"https:\/\/marktxxl.de\/markt\/wp-content\/uploads\/sites\/3\/2020\/12\/logo.png","width":200,"height":70,"caption":"Markt-XXL"},"image":{"@id":"https:\/\/marktxxl.de\/markt\/#\/schema\/logo\/image\/"}}]}},"_links":{"self":[{"href":"https:\/\/marktxxl.de\/markt\/wp-json\/wp\/v2\/product\/43545","targetHints":{"allow":["GET"]}}],"collection":[{"href":"https:\/\/marktxxl.de\/markt\/wp-json\/wp\/v2\/product"}],"about":[{"href":"https:\/\/marktxxl.de\/markt\/wp-json\/wp\/v2\/types\/product"}],"replies":[{"embeddable":true,"href":"https:\/\/marktxxl.de\/markt\/wp-json\/wp\/v2\/comments?post=43545"}],"wp:featuredmedia":[{"embeddable":true,"href":"https:\/\/marktxxl.de\/markt\/wp-json\/wp\/v2\/media\/43546"}],"wp:attachment":[{"href":"https:\/\/marktxxl.de\/markt\/wp-json\/wp\/v2\/media?parent=43545"}],"wp:term":[{"taxonomy":"product_brand","embeddable":true,"href":"https:\/\/marktxxl.de\/markt\/wp-json\/wp\/v2\/product_brand?post=43545"},{"taxonomy":"product_cat","embeddable":true,"href":"https:\/\/marktxxl.de\/markt\/wp-json\/wp\/v2\/product_cat?post=43545"},{"taxonomy":"product_tag","embeddable":true,"href":"https:\/\/marktxxl.de\/markt\/wp-json\/wp\/v2\/product_tag?post=43545"}],"curies":[{"name":"wp","href":"https:\/\/api.w.org\/{rel}","templated":true}]}}