{"id":43047,"date":"2021-09-26T15:08:17","date_gmt":"2021-09-26T13:08:17","guid":{"rendered":"https:\/\/marktxxl.de\/markt\/produkt\/steambowl-shisha-kopfbaubrett-mit-tabakgabel-und-lochstecher-hochwertiges-bambus-brett-mit-kopfaufsatz-und-dichtung-komplettset-perfekt-fuer-phunnel-steinkopf-und-tonkopf-made-in-germany\/"},"modified":"2023-04-09T01:31:23","modified_gmt":"2023-04-08T23:31:23","slug":"steambowl-shisha-kopfbaubrett-mit-tabakgabel-und-lochstecher-hochwertiges-bambus-brett-mit-kopfaufsatz-und-dichtung-komplettset-perfekt-fuer-phunnel-steinkopf-und-tonkopf-made-in-germany","status":"publish","type":"product","link":"https:\/\/marktxxl.de\/markt\/produkt\/steambowl-shisha-kopfbaubrett-mit-tabakgabel-und-lochstecher-hochwertiges-bambus-brett-mit-kopfaufsatz-und-dichtung-komplettset-perfekt-fuer-phunnel-steinkopf-und-tonkopf-made-in-germany\/","title":{"rendered":"STEAMBOWL Shisha Kopfbaubrett mit Tabakgabel, Lochstecher und Phunnelstopfen &#8211; Hochwertiges Bambus Brett mit Kopfaufsatz\u2026"},"content":{"rendered":"<p>PERFEKTES ZUSAMMENSPIEL &#8211; Mit unserem Kopfbaubrett wirst du zum echten Shishaprofi. Das edle Bambusbrett und der Aluminium Kopfadapter werden in Deutschland gefertigt und geben dir k\u00fcnftig die ideale Basis f\u00fcr den perfekten Kopfbau.<br \/>\nPROFESSIONELLER KOPFBAU &#8211; Das Kopfbaubrett mit Tabakgabel l\u00e4sst sich der Kopfbau einfach gestalten. Perfekt f\u00fcr den Phunnelkopf, den Steinkopf, oder den Tonkopf. Nie wieder klebrige H\u00e4nde oder Probleme beim Lochstechen der Alufolie.<br \/>\nTABAKGABEL | LOCHSTECHER &#8211; Unsere 2 in 1 Gabel l\u00e4sst dich perfekt den Tabak andr\u00fccken und dient zugleich als idealer Lochstecher. Durch die konische Form des Stechers, kannst du selbst bestimmen wie gro\u00df das Loch werden soll.<br \/>\nHANDLICH &#8211; Das Brett hat eine Breite von 25cm und eine H\u00f6he von 18cm. Die Dicke betr\u00e4gt stabile 1,5cm. Somit hat es eine optimale Gr\u00f6\u00dfe f\u00fcr den idealen Kopfbau.<br \/>\nLIEFERUMFANG &#8211; Bambusbrett, Aluminium Kopfadapter, Silikon Kopfdichtung, Tabakgabel mit Lochstecher.<br \/>\n<div class=\"main-cross-sell\" data-asin=\"B08VJGP824\">\n\n\t<div class=\"WooZone-cross-sell-loader\">\n\t\t<div>\n\t\t\t<div id=\"floatingBarsG\">\n\t\t\t\t<div class=\"blockG\" id=\"rotateG_01\"><\/div>\n\t\t\t\t<div class=\"blockG\" id=\"rotateG_02\"><\/div>\n\t\t\t\t<div class=\"blockG\" id=\"rotateG_03\"><\/div>\n\t\t\t\t<div class=\"blockG\" id=\"rotateG_04\"><\/div>\n\t\t\t\t<div class=\"blockG\" id=\"rotateG_05\"><\/div>\n\t\t\t\t<div class=\"blockG\" id=\"rotateG_06\"><\/div>\n\t\t\t\t<div class=\"blockG\" id=\"rotateG_07\"><\/div>\n\t\t\t\t<div class=\"blockG\" id=\"rotateG_08\"><\/div>\n\t\t\t<\/div>\n\t\t\t<div class=\"WooZone-cross-sell-loader-text\"><\/div>\n\t\t<\/div>\n\t<\/div>\n\n\t\t\n<\/div>\n<div style=\"clear:both;\"><\/div><\/p>\n","protected":false},"excerpt":{"rendered":"<p>PERFEKTES ZUSAMMENSPIEL &#8211; Mit unserem Kopfbaubrett wirst du zum echten Shishaprofi. Das edle Bambusbrett und der Aluminium Kopfadapter werden in Deutschland gefertigt und geben dir k\u00fcnftig die ideale Basis f\u00fcr den perfekten Kopfbau.<br \/>\nPROFESSIONELLER KOPFBAU &#8211; Das Kopfbaubrett mit Tabakgabel l\u00e4sst sich der Kopfbau einfach gestalten. Perfekt f\u00fcr den Phunnelkopf, den Steinkopf, oder den Tonkopf. Nie wieder klebrige H\u00e4nde oder Probleme beim Lochstechen der Alufolie.<br \/>\nTABAKGABEL | LOCHSTECHER &#8211; Unsere 2 in 1 Gabel l\u00e4sst dich perfekt den Tabak andr\u00fccken und dient zugleich als idealer Lochstecher. Durch die konische Form des Stechers, kannst du selbst bestimmen wie gro\u00df das Loch werden soll.<\/p>\n","protected":false},"featured_media":43048,"comment_status":"open","ping_status":"closed","template":"","meta":[],"product_brand":[],"product_cat":[566,5626],"product_tag":[],"class_list":{"0":"post-43047","1":"product","2":"type-product","3":"status-publish","4":"has-post-thumbnail","6":"product_cat-drogerie-koerperpflege","7":"product_cat-elektronische-zigaretten-shishas-zubehoer","8":"pa_binding-haushaltswaren","9":"pa_brand-steambowl","10":"pa_color-natur","11":"pa_manufacturer-steambowl","12":"pa_size-kopfbaubrett-plus-tabakgabel","13":"pa_weight-1-212542441-pfund","15":"first","16":"instock","17":"shipping-taxable","18":"purchasable","19":"product-type-simple","20":"customify-col","21":"product-has-gallery"},"yoast_head":"<!-- This site is optimized with the Yoast SEO plugin v27.4 - https:\/\/yoast.com\/product\/yoast-seo-wordpress\/ -->\n<title>STEAMBOWL Shisha Kopfbaubrett mit Tabakgabel, Lochstecher und Phunnelstopfen - Hochwertiges Bambus Brett mit Kopfaufsatz\u2026 - Markt-XXL<\/title>\n<meta name=\"description\" content=\"Markt-XXL STEAMBOWL Shisha Kopfbaubrett mit Tabakgabel, Lochstecher und Phunnelstopfen - Hochwertiges Bambus Brett mit Kopfaufsatz\u2026\" \/>\n<meta name=\"robots\" content=\"index, follow, max-snippet:-1, max-image-preview:large, max-video-preview:-1\" \/>\n<link rel=\"canonical\" href=\"https:\/\/marktxxl.de\/markt\/produkt\/steambowl-shisha-kopfbaubrett-mit-tabakgabel-und-lochstecher-hochwertiges-bambus-brett-mit-kopfaufsatz-und-dichtung-komplettset-perfekt-fuer-phunnel-steinkopf-und-tonkopf-made-in-germany\/\" \/>\n<meta property=\"og:locale\" content=\"de_DE\" \/>\n<meta property=\"og:type\" content=\"article\" \/>\n<meta property=\"og:title\" content=\"STEAMBOWL Shisha Kopfbaubrett mit Tabakgabel, Lochstecher und Phunnelstopfen - Hochwertiges Bambus Brett mit Kopfaufsatz\u2026 - Markt-XXL\" \/>\n<meta property=\"og:description\" content=\"Markt-XXL STEAMBOWL Shisha Kopfbaubrett mit Tabakgabel, Lochstecher und Phunnelstopfen - Hochwertiges Bambus Brett mit Kopfaufsatz\u2026\" \/>\n<meta property=\"og:url\" content=\"https:\/\/marktxxl.de\/markt\/produkt\/steambowl-shisha-kopfbaubrett-mit-tabakgabel-und-lochstecher-hochwertiges-bambus-brett-mit-kopfaufsatz-und-dichtung-komplettset-perfekt-fuer-phunnel-steinkopf-und-tonkopf-made-in-germany\/\" \/>\n<meta property=\"og:site_name\" content=\"Markt-XXL\" \/>\n<meta property=\"article:modified_time\" content=\"2023-04-08T23:31:23+00:00\" \/>\n<meta property=\"og:image\" content=\"https:\/\/m.media-amazon.com\/images\/I\/41IJbNa6t5S._SL500_.jpg\" \/>\n\t<meta property=\"og:image:width\" content=\"500\" \/>\n\t<meta property=\"og:image:height\" content=\"500\" \/>\n\t<meta property=\"og:image:type\" content=\"image\/jpeg\" \/>\n<meta name=\"twitter:card\" content=\"summary_large_image\" \/>\n<meta name=\"twitter:label1\" content=\"Gesch\u00e4tzte Lesezeit\" \/>\n\t<meta name=\"twitter:data1\" content=\"1\u00a0Minute\" \/>\n<script type=\"application\/ld+json\" class=\"yoast-schema-graph\">{\"@context\":\"https:\\\/\\\/schema.org\",\"@graph\":[{\"@type\":\"WebPage\",\"@id\":\"https:\\\/\\\/marktxxl.de\\\/markt\\\/produkt\\\/steambowl-shisha-kopfbaubrett-mit-tabakgabel-und-lochstecher-hochwertiges-bambus-brett-mit-kopfaufsatz-und-dichtung-komplettset-perfekt-fuer-phunnel-steinkopf-und-tonkopf-made-in-germany\\\/\",\"url\":\"https:\\\/\\\/marktxxl.de\\\/markt\\\/produkt\\\/steambowl-shisha-kopfbaubrett-mit-tabakgabel-und-lochstecher-hochwertiges-bambus-brett-mit-kopfaufsatz-und-dichtung-komplettset-perfekt-fuer-phunnel-steinkopf-und-tonkopf-made-in-germany\\\/\",\"name\":\"STEAMBOWL Shisha Kopfbaubrett mit Tabakgabel, Lochstecher und Phunnelstopfen - Hochwertiges Bambus Brett mit Kopfaufsatz\u2026 - Markt-XXL\",\"isPartOf\":{\"@id\":\"https:\\\/\\\/marktxxl.de\\\/markt\\\/#website\"},\"primaryImageOfPage\":{\"@id\":\"https:\\\/\\\/marktxxl.de\\\/markt\\\/produkt\\\/steambowl-shisha-kopfbaubrett-mit-tabakgabel-und-lochstecher-hochwertiges-bambus-brett-mit-kopfaufsatz-und-dichtung-komplettset-perfekt-fuer-phunnel-steinkopf-und-tonkopf-made-in-germany\\\/#primaryimage\"},\"image\":{\"@id\":\"https:\\\/\\\/marktxxl.de\\\/markt\\\/produkt\\\/steambowl-shisha-kopfbaubrett-mit-tabakgabel-und-lochstecher-hochwertiges-bambus-brett-mit-kopfaufsatz-und-dichtung-komplettset-perfekt-fuer-phunnel-steinkopf-und-tonkopf-made-in-germany\\\/#primaryimage\"},\"thumbnailUrl\":\"https:\\\/\\\/m.media-amazon.com\\\/images\\\/I\\\/41IJbNa6t5S._SL500_.jpg\",\"datePublished\":\"2021-09-26T13:08:17+00:00\",\"dateModified\":\"2023-04-08T23:31:23+00:00\",\"description\":\"Markt-XXL STEAMBOWL Shisha Kopfbaubrett mit Tabakgabel, Lochstecher und Phunnelstopfen - Hochwertiges Bambus Brett mit Kopfaufsatz\u2026\",\"breadcrumb\":{\"@id\":\"https:\\\/\\\/marktxxl.de\\\/markt\\\/produkt\\\/steambowl-shisha-kopfbaubrett-mit-tabakgabel-und-lochstecher-hochwertiges-bambus-brett-mit-kopfaufsatz-und-dichtung-komplettset-perfekt-fuer-phunnel-steinkopf-und-tonkopf-made-in-germany\\\/#breadcrumb\"},\"inLanguage\":\"de\",\"potentialAction\":[{\"@type\":\"ReadAction\",\"target\":[\"https:\\\/\\\/marktxxl.de\\\/markt\\\/produkt\\\/steambowl-shisha-kopfbaubrett-mit-tabakgabel-und-lochstecher-hochwertiges-bambus-brett-mit-kopfaufsatz-und-dichtung-komplettset-perfekt-fuer-phunnel-steinkopf-und-tonkopf-made-in-germany\\\/\"]}]},{\"@type\":\"ImageObject\",\"inLanguage\":\"de\",\"@id\":\"https:\\\/\\\/marktxxl.de\\\/markt\\\/produkt\\\/steambowl-shisha-kopfbaubrett-mit-tabakgabel-und-lochstecher-hochwertiges-bambus-brett-mit-kopfaufsatz-und-dichtung-komplettset-perfekt-fuer-phunnel-steinkopf-und-tonkopf-made-in-germany\\\/#primaryimage\",\"url\":\"https:\\\/\\\/m.media-amazon.com\\\/images\\\/I\\\/41IJbNa6t5S._SL500_.jpg\",\"contentUrl\":\"https:\\\/\\\/m.media-amazon.com\\\/images\\\/I\\\/41IJbNa6t5S._SL500_.jpg\",\"width\":500,\"height\":500},{\"@type\":\"BreadcrumbList\",\"@id\":\"https:\\\/\\\/marktxxl.de\\\/markt\\\/produkt\\\/steambowl-shisha-kopfbaubrett-mit-tabakgabel-und-lochstecher-hochwertiges-bambus-brett-mit-kopfaufsatz-und-dichtung-komplettset-perfekt-fuer-phunnel-steinkopf-und-tonkopf-made-in-germany\\\/#breadcrumb\",\"itemListElement\":[{\"@type\":\"ListItem\",\"position\":1,\"name\":\"Startseite\",\"item\":\"https:\\\/\\\/marktxxl.de\\\/markt\\\/\"},{\"@type\":\"ListItem\",\"position\":2,\"name\":\"Markt\",\"item\":\"https:\\\/\\\/marktxxl.de\\\/markt\\\/\"},{\"@type\":\"ListItem\",\"position\":3,\"name\":\"STEAMBOWL Shisha Kopfbaubrett mit Tabakgabel, Lochstecher und Phunnelstopfen &#8211; Hochwertiges Bambus Brett mit Kopfaufsatz\u2026\"}]},{\"@type\":\"WebSite\",\"@id\":\"https:\\\/\\\/marktxxl.de\\\/markt\\\/#website\",\"url\":\"https:\\\/\\\/marktxxl.de\\\/markt\\\/\",\"name\":\"Markt-XXL\",\"description\":\"Ihr Markt Online\",\"publisher\":{\"@id\":\"https:\\\/\\\/marktxxl.de\\\/markt\\\/#organization\"},\"potentialAction\":[{\"@type\":\"SearchAction\",\"target\":{\"@type\":\"EntryPoint\",\"urlTemplate\":\"https:\\\/\\\/marktxxl.de\\\/markt\\\/?s={search_term_string}\"},\"query-input\":{\"@type\":\"PropertyValueSpecification\",\"valueRequired\":true,\"valueName\":\"search_term_string\"}}],\"inLanguage\":\"de\"},{\"@type\":\"Organization\",\"@id\":\"https:\\\/\\\/marktxxl.de\\\/markt\\\/#organization\",\"name\":\"Markt-XXL\",\"url\":\"https:\\\/\\\/marktxxl.de\\\/markt\\\/\",\"logo\":{\"@type\":\"ImageObject\",\"inLanguage\":\"de\",\"@id\":\"https:\\\/\\\/marktxxl.de\\\/markt\\\/#\\\/schema\\\/logo\\\/image\\\/\",\"url\":\"https:\\\/\\\/marktxxl.de\\\/markt\\\/wp-content\\\/uploads\\\/sites\\\/3\\\/2020\\\/12\\\/logo.png\",\"contentUrl\":\"https:\\\/\\\/marktxxl.de\\\/markt\\\/wp-content\\\/uploads\\\/sites\\\/3\\\/2020\\\/12\\\/logo.png\",\"width\":200,\"height\":70,\"caption\":\"Markt-XXL\"},\"image\":{\"@id\":\"https:\\\/\\\/marktxxl.de\\\/markt\\\/#\\\/schema\\\/logo\\\/image\\\/\"}}]}<\/script>\n<!-- \/ Yoast SEO plugin. -->","yoast_head_json":{"title":"STEAMBOWL Shisha Kopfbaubrett mit Tabakgabel, Lochstecher und Phunnelstopfen - Hochwertiges Bambus Brett mit Kopfaufsatz\u2026 - Markt-XXL","description":"Markt-XXL STEAMBOWL Shisha Kopfbaubrett mit Tabakgabel, Lochstecher und Phunnelstopfen - Hochwertiges Bambus Brett mit Kopfaufsatz\u2026","robots":{"index":"index","follow":"follow","max-snippet":"max-snippet:-1","max-image-preview":"max-image-preview:large","max-video-preview":"max-video-preview:-1"},"canonical":"https:\/\/marktxxl.de\/markt\/produkt\/steambowl-shisha-kopfbaubrett-mit-tabakgabel-und-lochstecher-hochwertiges-bambus-brett-mit-kopfaufsatz-und-dichtung-komplettset-perfekt-fuer-phunnel-steinkopf-und-tonkopf-made-in-germany\/","og_locale":"de_DE","og_type":"article","og_title":"STEAMBOWL Shisha Kopfbaubrett mit Tabakgabel, Lochstecher und Phunnelstopfen - Hochwertiges Bambus Brett mit Kopfaufsatz\u2026 - Markt-XXL","og_description":"Markt-XXL STEAMBOWL Shisha Kopfbaubrett mit Tabakgabel, Lochstecher und Phunnelstopfen - Hochwertiges Bambus Brett mit Kopfaufsatz\u2026","og_url":"https:\/\/marktxxl.de\/markt\/produkt\/steambowl-shisha-kopfbaubrett-mit-tabakgabel-und-lochstecher-hochwertiges-bambus-brett-mit-kopfaufsatz-und-dichtung-komplettset-perfekt-fuer-phunnel-steinkopf-und-tonkopf-made-in-germany\/","og_site_name":"Markt-XXL","article_modified_time":"2023-04-08T23:31:23+00:00","og_image":[{"width":500,"height":500,"url":"https:\/\/m.media-amazon.com\/images\/I\/41IJbNa6t5S._SL500_.jpg","type":"image\/jpeg"}],"twitter_card":"summary_large_image","twitter_misc":{"Gesch\u00e4tzte Lesezeit":"1\u00a0Minute"},"schema":{"@context":"https:\/\/schema.org","@graph":[{"@type":"WebPage","@id":"https:\/\/marktxxl.de\/markt\/produkt\/steambowl-shisha-kopfbaubrett-mit-tabakgabel-und-lochstecher-hochwertiges-bambus-brett-mit-kopfaufsatz-und-dichtung-komplettset-perfekt-fuer-phunnel-steinkopf-und-tonkopf-made-in-germany\/","url":"https:\/\/marktxxl.de\/markt\/produkt\/steambowl-shisha-kopfbaubrett-mit-tabakgabel-und-lochstecher-hochwertiges-bambus-brett-mit-kopfaufsatz-und-dichtung-komplettset-perfekt-fuer-phunnel-steinkopf-und-tonkopf-made-in-germany\/","name":"STEAMBOWL Shisha Kopfbaubrett mit Tabakgabel, Lochstecher und Phunnelstopfen - Hochwertiges Bambus Brett mit Kopfaufsatz\u2026 - Markt-XXL","isPartOf":{"@id":"https:\/\/marktxxl.de\/markt\/#website"},"primaryImageOfPage":{"@id":"https:\/\/marktxxl.de\/markt\/produkt\/steambowl-shisha-kopfbaubrett-mit-tabakgabel-und-lochstecher-hochwertiges-bambus-brett-mit-kopfaufsatz-und-dichtung-komplettset-perfekt-fuer-phunnel-steinkopf-und-tonkopf-made-in-germany\/#primaryimage"},"image":{"@id":"https:\/\/marktxxl.de\/markt\/produkt\/steambowl-shisha-kopfbaubrett-mit-tabakgabel-und-lochstecher-hochwertiges-bambus-brett-mit-kopfaufsatz-und-dichtung-komplettset-perfekt-fuer-phunnel-steinkopf-und-tonkopf-made-in-germany\/#primaryimage"},"thumbnailUrl":"https:\/\/m.media-amazon.com\/images\/I\/41IJbNa6t5S._SL500_.jpg","datePublished":"2021-09-26T13:08:17+00:00","dateModified":"2023-04-08T23:31:23+00:00","description":"Markt-XXL STEAMBOWL Shisha Kopfbaubrett mit Tabakgabel, Lochstecher und Phunnelstopfen - Hochwertiges Bambus Brett mit Kopfaufsatz\u2026","breadcrumb":{"@id":"https:\/\/marktxxl.de\/markt\/produkt\/steambowl-shisha-kopfbaubrett-mit-tabakgabel-und-lochstecher-hochwertiges-bambus-brett-mit-kopfaufsatz-und-dichtung-komplettset-perfekt-fuer-phunnel-steinkopf-und-tonkopf-made-in-germany\/#breadcrumb"},"inLanguage":"de","potentialAction":[{"@type":"ReadAction","target":["https:\/\/marktxxl.de\/markt\/produkt\/steambowl-shisha-kopfbaubrett-mit-tabakgabel-und-lochstecher-hochwertiges-bambus-brett-mit-kopfaufsatz-und-dichtung-komplettset-perfekt-fuer-phunnel-steinkopf-und-tonkopf-made-in-germany\/"]}]},{"@type":"ImageObject","inLanguage":"de","@id":"https:\/\/marktxxl.de\/markt\/produkt\/steambowl-shisha-kopfbaubrett-mit-tabakgabel-und-lochstecher-hochwertiges-bambus-brett-mit-kopfaufsatz-und-dichtung-komplettset-perfekt-fuer-phunnel-steinkopf-und-tonkopf-made-in-germany\/#primaryimage","url":"https:\/\/m.media-amazon.com\/images\/I\/41IJbNa6t5S._SL500_.jpg","contentUrl":"https:\/\/m.media-amazon.com\/images\/I\/41IJbNa6t5S._SL500_.jpg","width":500,"height":500},{"@type":"BreadcrumbList","@id":"https:\/\/marktxxl.de\/markt\/produkt\/steambowl-shisha-kopfbaubrett-mit-tabakgabel-und-lochstecher-hochwertiges-bambus-brett-mit-kopfaufsatz-und-dichtung-komplettset-perfekt-fuer-phunnel-steinkopf-und-tonkopf-made-in-germany\/#breadcrumb","itemListElement":[{"@type":"ListItem","position":1,"name":"Startseite","item":"https:\/\/marktxxl.de\/markt\/"},{"@type":"ListItem","position":2,"name":"Markt","item":"https:\/\/marktxxl.de\/markt\/"},{"@type":"ListItem","position":3,"name":"STEAMBOWL Shisha Kopfbaubrett mit Tabakgabel, Lochstecher und Phunnelstopfen &#8211; Hochwertiges Bambus Brett mit Kopfaufsatz\u2026"}]},{"@type":"WebSite","@id":"https:\/\/marktxxl.de\/markt\/#website","url":"https:\/\/marktxxl.de\/markt\/","name":"Markt-XXL","description":"Ihr Markt Online","publisher":{"@id":"https:\/\/marktxxl.de\/markt\/#organization"},"potentialAction":[{"@type":"SearchAction","target":{"@type":"EntryPoint","urlTemplate":"https:\/\/marktxxl.de\/markt\/?s={search_term_string}"},"query-input":{"@type":"PropertyValueSpecification","valueRequired":true,"valueName":"search_term_string"}}],"inLanguage":"de"},{"@type":"Organization","@id":"https:\/\/marktxxl.de\/markt\/#organization","name":"Markt-XXL","url":"https:\/\/marktxxl.de\/markt\/","logo":{"@type":"ImageObject","inLanguage":"de","@id":"https:\/\/marktxxl.de\/markt\/#\/schema\/logo\/image\/","url":"https:\/\/marktxxl.de\/markt\/wp-content\/uploads\/sites\/3\/2020\/12\/logo.png","contentUrl":"https:\/\/marktxxl.de\/markt\/wp-content\/uploads\/sites\/3\/2020\/12\/logo.png","width":200,"height":70,"caption":"Markt-XXL"},"image":{"@id":"https:\/\/marktxxl.de\/markt\/#\/schema\/logo\/image\/"}}]}},"_links":{"self":[{"href":"https:\/\/marktxxl.de\/markt\/wp-json\/wp\/v2\/product\/43047","targetHints":{"allow":["GET"]}}],"collection":[{"href":"https:\/\/marktxxl.de\/markt\/wp-json\/wp\/v2\/product"}],"about":[{"href":"https:\/\/marktxxl.de\/markt\/wp-json\/wp\/v2\/types\/product"}],"replies":[{"embeddable":true,"href":"https:\/\/marktxxl.de\/markt\/wp-json\/wp\/v2\/comments?post=43047"}],"wp:featuredmedia":[{"embeddable":true,"href":"https:\/\/marktxxl.de\/markt\/wp-json\/wp\/v2\/media\/43048"}],"wp:attachment":[{"href":"https:\/\/marktxxl.de\/markt\/wp-json\/wp\/v2\/media?parent=43047"}],"wp:term":[{"taxonomy":"product_brand","embeddable":true,"href":"https:\/\/marktxxl.de\/markt\/wp-json\/wp\/v2\/product_brand?post=43047"},{"taxonomy":"product_cat","embeddable":true,"href":"https:\/\/marktxxl.de\/markt\/wp-json\/wp\/v2\/product_cat?post=43047"},{"taxonomy":"product_tag","embeddable":true,"href":"https:\/\/marktxxl.de\/markt\/wp-json\/wp\/v2\/product_tag?post=43047"}],"curies":[{"name":"wp","href":"https:\/\/api.w.org\/{rel}","templated":true}]}}