{"id":42926,"date":"2021-09-26T14:54:08","date_gmt":"2021-09-26T12:54:08","guid":{"rendered":"https:\/\/marktxxl.de\/markt\/produkt\/yuelove-funkmaus-drahtlose-maus-wireless-touch-mouse-24-ghz-drahtlose-desktop-computer-notebook-gaming-gaming-maus-usb-empfaenger-pro-gamer-fuer-pc-laptop-desktop\/"},"modified":"2023-04-09T01:31:20","modified_gmt":"2023-04-08T23:31:20","slug":"yuelove-funkmaus-drahtlose-maus-wireless-touch-mouse-24-ghz-drahtlose-desktop-computer-notebook-gaming-gaming-maus-usb-empfaenger-pro-gamer-fuer-pc-laptop-desktop","status":"publish","type":"product","link":"https:\/\/marktxxl.de\/markt\/produkt\/yuelove-funkmaus-drahtlose-maus-wireless-touch-mouse-24-ghz-drahtlose-desktop-computer-notebook-gaming-gaming-maus-usb-empfaenger-pro-gamer-fuer-pc-laptop-desktop\/","title":{"rendered":"YueLove Funkmaus Drahtlose Maus Wireless Touch Mouse 2,4 GHz Drahtlose Desktop Computer Notebook Gaming Gaming-Maus USB\u2026"},"content":{"rendered":"<p>\u2764\ufe0f Auf Lager: Wir versenden Sie innerhalb von 24 Stunden nach Zahlungseingang. Die Produkte werden in der Regel innerhalb von 15 bis 25 Tagen geliefert.2,4 GHz Wireless Gaming Maus USB-Empf\u00e4nger Pro Gamer f\u00fcr PC Laptop Desktop.Netzschalter zum Stromsparen.Gr\u00f6\u00dfe: 10x6x3.5cm.<br \/>\n\u2764\ufe0f Drahtlose Plug and Play Verbindung: Die Bewegungsfreiheit einer drahtlosen Verbindung mit der Zuverl\u00e4ssigkeit einer Maus mit Kabel im B\u00fcro beim Spielen mit oder ohne Mauspad auf Windows- und Mac-Computern.Drahtlose \u00dcbertragung, die l\u00e4ngste Reichweite von bis zu 10-15 Metern.<br \/>\n\u2764\ufe0f Der Ein \/ Aus-Schalter und ein intelligenter Schlafmodus helfen ebenfalls, Energie zu sparen. the on \/ off switch and an intelligent one Sleep mode also helps to save energy.<br \/>\n\u2764\ufe0f Bew\u00e4hrte Zuverl\u00e4ssigkeit: Die Maus zeichnet sich durch hohe Qualit\u00e4t und Zuverl\u00e4ssigkeit aus.The mouse is characterized by high quality and reliability,Mit 6 Tasten, einschlie\u00dflich Scroll-Rad, Seiten-Vorw\u00e4rts- und Seiten-R\u00fcckw\u00e4rts-Tasten f\u00fcr einfaches Surfen im Internet.Stromversorgung: 2 x AAA-Batterie (nicht im Lieferumfang enthalten)<br \/>\n\u2764\ufe0f Wenn Sie Fragen zum Produkt haben, k\u00f6nnen Sie uns kontaktieren. Wir werden Ihnen mit Sicherheit eine zufriedenstellende L\u00f6sung anbieten. Danke f\u00fcr Ihre Unterst\u00fctzung!Paket enthalten:1 x 2,4 GHz kabellose tragbare optische Maus,1 x USB-Empf\u00e4nger<br \/>\n<div class=\"main-cross-sell\" data-asin=\"B09GW2GN4N\">\n\n\t<div class=\"WooZone-cross-sell-loader\">\n\t\t<div>\n\t\t\t<div id=\"floatingBarsG\">\n\t\t\t\t<div class=\"blockG\" id=\"rotateG_01\"><\/div>\n\t\t\t\t<div class=\"blockG\" id=\"rotateG_02\"><\/div>\n\t\t\t\t<div class=\"blockG\" id=\"rotateG_03\"><\/div>\n\t\t\t\t<div class=\"blockG\" id=\"rotateG_04\"><\/div>\n\t\t\t\t<div class=\"blockG\" id=\"rotateG_05\"><\/div>\n\t\t\t\t<div class=\"blockG\" id=\"rotateG_06\"><\/div>\n\t\t\t\t<div class=\"blockG\" id=\"rotateG_07\"><\/div>\n\t\t\t\t<div class=\"blockG\" id=\"rotateG_08\"><\/div>\n\t\t\t<\/div>\n\t\t\t<div class=\"WooZone-cross-sell-loader-text\"><\/div>\n\t\t<\/div>\n\t<\/div>\n\n\t\t\n<\/div>\n<div style=\"clear:both;\"><\/div><\/p>\n","protected":false},"excerpt":{"rendered":"<p>\u2764\ufe0f Auf Lager: Wir versenden Sie innerhalb von 24 Stunden nach Zahlungseingang. Die Produkte werden in der Regel innerhalb von 15 bis 25 Tagen geliefert.2,4 GHz Wireless Gaming Maus USB-Empf\u00e4nger Pro Gamer f\u00fcr PC Laptop Desktop.Netzschalter zum Stromsparen.Gr\u00f6\u00dfe: 10x6x3.5cm.<br \/>\n\u2764\ufe0f Drahtlose Plug and Play Verbindung: Die Bewegungsfreiheit einer drahtlosen Verbindung mit der Zuverl\u00e4ssigkeit einer Maus mit Kabel im B\u00fcro beim Spielen mit oder ohne Mauspad auf Windows- und Mac-Computern.Drahtlose \u00dcbertragung, die l\u00e4ngste Reichweite von bis zu 10-15 Metern.<br \/>\n\u2764\ufe0f Der Ein \/ Aus-Schalter und ein intelligenter Schlafmodus helfen ebenfalls, Energie zu sparen. the on \/ off switch and an intelligent one Sleep mode also helps to save energy.<\/p>\n","protected":false},"featured_media":42927,"comment_status":"open","ping_status":"closed","template":"","meta":[],"product_brand":[],"product_cat":[863],"product_tag":[],"class_list":{"0":"post-42926","1":"product","2":"type-product","3":"status-publish","4":"has-post-thumbnail","6":"product_cat-computer-zubehoer","7":"pa_brand-yuelove","8":"pa_manufacturer-yuelove","10":"first","11":"instock","12":"shipping-taxable","13":"purchasable","14":"product-type-simple","15":"customify-col","16":"product-has-gallery"},"yoast_head":"<!-- This site is optimized with the Yoast SEO plugin v27.4 - https:\/\/yoast.com\/product\/yoast-seo-wordpress\/ -->\n<title>YueLove Funkmaus Drahtlose Maus Wireless Touch Mouse 2,4 GHz Drahtlose Desktop Computer Notebook Gaming Gaming-Maus USB\u2026 - Markt-XXL<\/title>\n<meta name=\"description\" content=\"Markt-XXL YueLove Funkmaus Drahtlose Maus Wireless Touch Mouse 2,4 GHz Drahtlose Desktop Computer Notebook Gaming Gaming-Maus USB\u2026\" \/>\n<meta name=\"robots\" content=\"index, follow, max-snippet:-1, max-image-preview:large, max-video-preview:-1\" \/>\n<link rel=\"canonical\" href=\"https:\/\/marktxxl.de\/markt\/produkt\/yuelove-funkmaus-drahtlose-maus-wireless-touch-mouse-24-ghz-drahtlose-desktop-computer-notebook-gaming-gaming-maus-usb-empfaenger-pro-gamer-fuer-pc-laptop-desktop\/\" \/>\n<meta property=\"og:locale\" content=\"de_DE\" \/>\n<meta property=\"og:type\" content=\"article\" \/>\n<meta property=\"og:title\" content=\"YueLove Funkmaus Drahtlose Maus Wireless Touch Mouse 2,4 GHz Drahtlose Desktop Computer Notebook Gaming Gaming-Maus USB\u2026 - Markt-XXL\" \/>\n<meta property=\"og:description\" content=\"Markt-XXL YueLove Funkmaus Drahtlose Maus Wireless Touch Mouse 2,4 GHz Drahtlose Desktop Computer Notebook Gaming Gaming-Maus USB\u2026\" \/>\n<meta property=\"og:url\" content=\"https:\/\/marktxxl.de\/markt\/produkt\/yuelove-funkmaus-drahtlose-maus-wireless-touch-mouse-24-ghz-drahtlose-desktop-computer-notebook-gaming-gaming-maus-usb-empfaenger-pro-gamer-fuer-pc-laptop-desktop\/\" \/>\n<meta property=\"og:site_name\" content=\"Markt-XXL\" \/>\n<meta property=\"article:modified_time\" content=\"2023-04-08T23:31:20+00:00\" \/>\n<meta property=\"og:image\" content=\"https:\/\/m.media-amazon.com\/images\/I\/41MyTKH78ZL._SL500_.jpg\" \/>\n\t<meta property=\"og:image:width\" content=\"500\" \/>\n\t<meta property=\"og:image:height\" content=\"500\" \/>\n\t<meta property=\"og:image:type\" content=\"image\/jpeg\" \/>\n<meta name=\"twitter:card\" content=\"summary_large_image\" \/>\n<meta name=\"twitter:label1\" content=\"Gesch\u00e4tzte Lesezeit\" \/>\n\t<meta name=\"twitter:data1\" content=\"1\u00a0Minute\" \/>\n<script type=\"application\/ld+json\" class=\"yoast-schema-graph\">{\"@context\":\"https:\\\/\\\/schema.org\",\"@graph\":[{\"@type\":\"WebPage\",\"@id\":\"https:\\\/\\\/marktxxl.de\\\/markt\\\/produkt\\\/yuelove-funkmaus-drahtlose-maus-wireless-touch-mouse-24-ghz-drahtlose-desktop-computer-notebook-gaming-gaming-maus-usb-empfaenger-pro-gamer-fuer-pc-laptop-desktop\\\/\",\"url\":\"https:\\\/\\\/marktxxl.de\\\/markt\\\/produkt\\\/yuelove-funkmaus-drahtlose-maus-wireless-touch-mouse-24-ghz-drahtlose-desktop-computer-notebook-gaming-gaming-maus-usb-empfaenger-pro-gamer-fuer-pc-laptop-desktop\\\/\",\"name\":\"YueLove Funkmaus Drahtlose Maus Wireless Touch Mouse 2,4 GHz Drahtlose Desktop Computer Notebook Gaming Gaming-Maus USB\u2026 - Markt-XXL\",\"isPartOf\":{\"@id\":\"https:\\\/\\\/marktxxl.de\\\/markt\\\/#website\"},\"primaryImageOfPage\":{\"@id\":\"https:\\\/\\\/marktxxl.de\\\/markt\\\/produkt\\\/yuelove-funkmaus-drahtlose-maus-wireless-touch-mouse-24-ghz-drahtlose-desktop-computer-notebook-gaming-gaming-maus-usb-empfaenger-pro-gamer-fuer-pc-laptop-desktop\\\/#primaryimage\"},\"image\":{\"@id\":\"https:\\\/\\\/marktxxl.de\\\/markt\\\/produkt\\\/yuelove-funkmaus-drahtlose-maus-wireless-touch-mouse-24-ghz-drahtlose-desktop-computer-notebook-gaming-gaming-maus-usb-empfaenger-pro-gamer-fuer-pc-laptop-desktop\\\/#primaryimage\"},\"thumbnailUrl\":\"https:\\\/\\\/m.media-amazon.com\\\/images\\\/I\\\/41MyTKH78ZL._SL500_.jpg\",\"datePublished\":\"2021-09-26T12:54:08+00:00\",\"dateModified\":\"2023-04-08T23:31:20+00:00\",\"description\":\"Markt-XXL YueLove Funkmaus Drahtlose Maus Wireless Touch Mouse 2,4 GHz Drahtlose Desktop Computer Notebook Gaming Gaming-Maus USB\u2026\",\"breadcrumb\":{\"@id\":\"https:\\\/\\\/marktxxl.de\\\/markt\\\/produkt\\\/yuelove-funkmaus-drahtlose-maus-wireless-touch-mouse-24-ghz-drahtlose-desktop-computer-notebook-gaming-gaming-maus-usb-empfaenger-pro-gamer-fuer-pc-laptop-desktop\\\/#breadcrumb\"},\"inLanguage\":\"de\",\"potentialAction\":[{\"@type\":\"ReadAction\",\"target\":[\"https:\\\/\\\/marktxxl.de\\\/markt\\\/produkt\\\/yuelove-funkmaus-drahtlose-maus-wireless-touch-mouse-24-ghz-drahtlose-desktop-computer-notebook-gaming-gaming-maus-usb-empfaenger-pro-gamer-fuer-pc-laptop-desktop\\\/\"]}]},{\"@type\":\"ImageObject\",\"inLanguage\":\"de\",\"@id\":\"https:\\\/\\\/marktxxl.de\\\/markt\\\/produkt\\\/yuelove-funkmaus-drahtlose-maus-wireless-touch-mouse-24-ghz-drahtlose-desktop-computer-notebook-gaming-gaming-maus-usb-empfaenger-pro-gamer-fuer-pc-laptop-desktop\\\/#primaryimage\",\"url\":\"https:\\\/\\\/m.media-amazon.com\\\/images\\\/I\\\/41MyTKH78ZL._SL500_.jpg\",\"contentUrl\":\"https:\\\/\\\/m.media-amazon.com\\\/images\\\/I\\\/41MyTKH78ZL._SL500_.jpg\",\"width\":500,\"height\":500},{\"@type\":\"BreadcrumbList\",\"@id\":\"https:\\\/\\\/marktxxl.de\\\/markt\\\/produkt\\\/yuelove-funkmaus-drahtlose-maus-wireless-touch-mouse-24-ghz-drahtlose-desktop-computer-notebook-gaming-gaming-maus-usb-empfaenger-pro-gamer-fuer-pc-laptop-desktop\\\/#breadcrumb\",\"itemListElement\":[{\"@type\":\"ListItem\",\"position\":1,\"name\":\"Startseite\",\"item\":\"https:\\\/\\\/marktxxl.de\\\/markt\\\/\"},{\"@type\":\"ListItem\",\"position\":2,\"name\":\"Markt\",\"item\":\"https:\\\/\\\/marktxxl.de\\\/markt\\\/\"},{\"@type\":\"ListItem\",\"position\":3,\"name\":\"YueLove Funkmaus Drahtlose Maus Wireless Touch Mouse 2,4 GHz Drahtlose Desktop Computer Notebook Gaming Gaming-Maus USB\u2026\"}]},{\"@type\":\"WebSite\",\"@id\":\"https:\\\/\\\/marktxxl.de\\\/markt\\\/#website\",\"url\":\"https:\\\/\\\/marktxxl.de\\\/markt\\\/\",\"name\":\"Markt-XXL\",\"description\":\"Ihr Markt Online\",\"publisher\":{\"@id\":\"https:\\\/\\\/marktxxl.de\\\/markt\\\/#organization\"},\"potentialAction\":[{\"@type\":\"SearchAction\",\"target\":{\"@type\":\"EntryPoint\",\"urlTemplate\":\"https:\\\/\\\/marktxxl.de\\\/markt\\\/?s={search_term_string}\"},\"query-input\":{\"@type\":\"PropertyValueSpecification\",\"valueRequired\":true,\"valueName\":\"search_term_string\"}}],\"inLanguage\":\"de\"},{\"@type\":\"Organization\",\"@id\":\"https:\\\/\\\/marktxxl.de\\\/markt\\\/#organization\",\"name\":\"Markt-XXL\",\"url\":\"https:\\\/\\\/marktxxl.de\\\/markt\\\/\",\"logo\":{\"@type\":\"ImageObject\",\"inLanguage\":\"de\",\"@id\":\"https:\\\/\\\/marktxxl.de\\\/markt\\\/#\\\/schema\\\/logo\\\/image\\\/\",\"url\":\"https:\\\/\\\/marktxxl.de\\\/markt\\\/wp-content\\\/uploads\\\/sites\\\/3\\\/2020\\\/12\\\/logo.png\",\"contentUrl\":\"https:\\\/\\\/marktxxl.de\\\/markt\\\/wp-content\\\/uploads\\\/sites\\\/3\\\/2020\\\/12\\\/logo.png\",\"width\":200,\"height\":70,\"caption\":\"Markt-XXL\"},\"image\":{\"@id\":\"https:\\\/\\\/marktxxl.de\\\/markt\\\/#\\\/schema\\\/logo\\\/image\\\/\"}}]}<\/script>\n<!-- \/ Yoast SEO plugin. -->","yoast_head_json":{"title":"YueLove Funkmaus Drahtlose Maus Wireless Touch Mouse 2,4 GHz Drahtlose Desktop Computer Notebook Gaming Gaming-Maus USB\u2026 - Markt-XXL","description":"Markt-XXL YueLove Funkmaus Drahtlose Maus Wireless Touch Mouse 2,4 GHz Drahtlose Desktop Computer Notebook Gaming Gaming-Maus USB\u2026","robots":{"index":"index","follow":"follow","max-snippet":"max-snippet:-1","max-image-preview":"max-image-preview:large","max-video-preview":"max-video-preview:-1"},"canonical":"https:\/\/marktxxl.de\/markt\/produkt\/yuelove-funkmaus-drahtlose-maus-wireless-touch-mouse-24-ghz-drahtlose-desktop-computer-notebook-gaming-gaming-maus-usb-empfaenger-pro-gamer-fuer-pc-laptop-desktop\/","og_locale":"de_DE","og_type":"article","og_title":"YueLove Funkmaus Drahtlose Maus Wireless Touch Mouse 2,4 GHz Drahtlose Desktop Computer Notebook Gaming Gaming-Maus USB\u2026 - Markt-XXL","og_description":"Markt-XXL YueLove Funkmaus Drahtlose Maus Wireless Touch Mouse 2,4 GHz Drahtlose Desktop Computer Notebook Gaming Gaming-Maus USB\u2026","og_url":"https:\/\/marktxxl.de\/markt\/produkt\/yuelove-funkmaus-drahtlose-maus-wireless-touch-mouse-24-ghz-drahtlose-desktop-computer-notebook-gaming-gaming-maus-usb-empfaenger-pro-gamer-fuer-pc-laptop-desktop\/","og_site_name":"Markt-XXL","article_modified_time":"2023-04-08T23:31:20+00:00","og_image":[{"width":500,"height":500,"url":"https:\/\/m.media-amazon.com\/images\/I\/41MyTKH78ZL._SL500_.jpg","type":"image\/jpeg"}],"twitter_card":"summary_large_image","twitter_misc":{"Gesch\u00e4tzte Lesezeit":"1\u00a0Minute"},"schema":{"@context":"https:\/\/schema.org","@graph":[{"@type":"WebPage","@id":"https:\/\/marktxxl.de\/markt\/produkt\/yuelove-funkmaus-drahtlose-maus-wireless-touch-mouse-24-ghz-drahtlose-desktop-computer-notebook-gaming-gaming-maus-usb-empfaenger-pro-gamer-fuer-pc-laptop-desktop\/","url":"https:\/\/marktxxl.de\/markt\/produkt\/yuelove-funkmaus-drahtlose-maus-wireless-touch-mouse-24-ghz-drahtlose-desktop-computer-notebook-gaming-gaming-maus-usb-empfaenger-pro-gamer-fuer-pc-laptop-desktop\/","name":"YueLove Funkmaus Drahtlose Maus Wireless Touch Mouse 2,4 GHz Drahtlose Desktop Computer Notebook Gaming Gaming-Maus USB\u2026 - Markt-XXL","isPartOf":{"@id":"https:\/\/marktxxl.de\/markt\/#website"},"primaryImageOfPage":{"@id":"https:\/\/marktxxl.de\/markt\/produkt\/yuelove-funkmaus-drahtlose-maus-wireless-touch-mouse-24-ghz-drahtlose-desktop-computer-notebook-gaming-gaming-maus-usb-empfaenger-pro-gamer-fuer-pc-laptop-desktop\/#primaryimage"},"image":{"@id":"https:\/\/marktxxl.de\/markt\/produkt\/yuelove-funkmaus-drahtlose-maus-wireless-touch-mouse-24-ghz-drahtlose-desktop-computer-notebook-gaming-gaming-maus-usb-empfaenger-pro-gamer-fuer-pc-laptop-desktop\/#primaryimage"},"thumbnailUrl":"https:\/\/m.media-amazon.com\/images\/I\/41MyTKH78ZL._SL500_.jpg","datePublished":"2021-09-26T12:54:08+00:00","dateModified":"2023-04-08T23:31:20+00:00","description":"Markt-XXL YueLove Funkmaus Drahtlose Maus Wireless Touch Mouse 2,4 GHz Drahtlose Desktop Computer Notebook Gaming Gaming-Maus USB\u2026","breadcrumb":{"@id":"https:\/\/marktxxl.de\/markt\/produkt\/yuelove-funkmaus-drahtlose-maus-wireless-touch-mouse-24-ghz-drahtlose-desktop-computer-notebook-gaming-gaming-maus-usb-empfaenger-pro-gamer-fuer-pc-laptop-desktop\/#breadcrumb"},"inLanguage":"de","potentialAction":[{"@type":"ReadAction","target":["https:\/\/marktxxl.de\/markt\/produkt\/yuelove-funkmaus-drahtlose-maus-wireless-touch-mouse-24-ghz-drahtlose-desktop-computer-notebook-gaming-gaming-maus-usb-empfaenger-pro-gamer-fuer-pc-laptop-desktop\/"]}]},{"@type":"ImageObject","inLanguage":"de","@id":"https:\/\/marktxxl.de\/markt\/produkt\/yuelove-funkmaus-drahtlose-maus-wireless-touch-mouse-24-ghz-drahtlose-desktop-computer-notebook-gaming-gaming-maus-usb-empfaenger-pro-gamer-fuer-pc-laptop-desktop\/#primaryimage","url":"https:\/\/m.media-amazon.com\/images\/I\/41MyTKH78ZL._SL500_.jpg","contentUrl":"https:\/\/m.media-amazon.com\/images\/I\/41MyTKH78ZL._SL500_.jpg","width":500,"height":500},{"@type":"BreadcrumbList","@id":"https:\/\/marktxxl.de\/markt\/produkt\/yuelove-funkmaus-drahtlose-maus-wireless-touch-mouse-24-ghz-drahtlose-desktop-computer-notebook-gaming-gaming-maus-usb-empfaenger-pro-gamer-fuer-pc-laptop-desktop\/#breadcrumb","itemListElement":[{"@type":"ListItem","position":1,"name":"Startseite","item":"https:\/\/marktxxl.de\/markt\/"},{"@type":"ListItem","position":2,"name":"Markt","item":"https:\/\/marktxxl.de\/markt\/"},{"@type":"ListItem","position":3,"name":"YueLove Funkmaus Drahtlose Maus Wireless Touch Mouse 2,4 GHz Drahtlose Desktop Computer Notebook Gaming Gaming-Maus USB\u2026"}]},{"@type":"WebSite","@id":"https:\/\/marktxxl.de\/markt\/#website","url":"https:\/\/marktxxl.de\/markt\/","name":"Markt-XXL","description":"Ihr Markt Online","publisher":{"@id":"https:\/\/marktxxl.de\/markt\/#organization"},"potentialAction":[{"@type":"SearchAction","target":{"@type":"EntryPoint","urlTemplate":"https:\/\/marktxxl.de\/markt\/?s={search_term_string}"},"query-input":{"@type":"PropertyValueSpecification","valueRequired":true,"valueName":"search_term_string"}}],"inLanguage":"de"},{"@type":"Organization","@id":"https:\/\/marktxxl.de\/markt\/#organization","name":"Markt-XXL","url":"https:\/\/marktxxl.de\/markt\/","logo":{"@type":"ImageObject","inLanguage":"de","@id":"https:\/\/marktxxl.de\/markt\/#\/schema\/logo\/image\/","url":"https:\/\/marktxxl.de\/markt\/wp-content\/uploads\/sites\/3\/2020\/12\/logo.png","contentUrl":"https:\/\/marktxxl.de\/markt\/wp-content\/uploads\/sites\/3\/2020\/12\/logo.png","width":200,"height":70,"caption":"Markt-XXL"},"image":{"@id":"https:\/\/marktxxl.de\/markt\/#\/schema\/logo\/image\/"}}]}},"_links":{"self":[{"href":"https:\/\/marktxxl.de\/markt\/wp-json\/wp\/v2\/product\/42926","targetHints":{"allow":["GET"]}}],"collection":[{"href":"https:\/\/marktxxl.de\/markt\/wp-json\/wp\/v2\/product"}],"about":[{"href":"https:\/\/marktxxl.de\/markt\/wp-json\/wp\/v2\/types\/product"}],"replies":[{"embeddable":true,"href":"https:\/\/marktxxl.de\/markt\/wp-json\/wp\/v2\/comments?post=42926"}],"wp:featuredmedia":[{"embeddable":true,"href":"https:\/\/marktxxl.de\/markt\/wp-json\/wp\/v2\/media\/42927"}],"wp:attachment":[{"href":"https:\/\/marktxxl.de\/markt\/wp-json\/wp\/v2\/media?parent=42926"}],"wp:term":[{"taxonomy":"product_brand","embeddable":true,"href":"https:\/\/marktxxl.de\/markt\/wp-json\/wp\/v2\/product_brand?post=42926"},{"taxonomy":"product_cat","embeddable":true,"href":"https:\/\/marktxxl.de\/markt\/wp-json\/wp\/v2\/product_cat?post=42926"},{"taxonomy":"product_tag","embeddable":true,"href":"https:\/\/marktxxl.de\/markt\/wp-json\/wp\/v2\/product_tag?post=42926"}],"curies":[{"name":"wp","href":"https:\/\/api.w.org\/{rel}","templated":true}]}}