{"id":42896,"date":"2021-09-26T14:48:43","date_gmt":"2021-09-26T12:48:43","guid":{"rendered":"https:\/\/marktxxl.de\/markt\/produkt\/geschenkkoffer-aus-holz-mit-84-pastel-pencils-caran-dache-788-484-multicolor\/"},"modified":"2023-04-09T01:31:19","modified_gmt":"2023-04-08T23:31:19","slug":"geschenkkoffer-aus-holz-mit-84-pastel-pencils-caran-dache-788-484-multicolor","status":"publish","type":"product","link":"https:\/\/marktxxl.de\/markt\/produkt\/geschenkkoffer-aus-holz-mit-84-pastel-pencils-caran-dache-788-484-multicolor\/","title":{"rendered":"geschenkkoffer aus holz mit 84 pastel pencils caran d ache 788 484 multicolor"},"content":{"rendered":"<p>Eigenschaften der Stifte: Trockenpastellmine, Durchmesser: 4,7 mm, widerstandsf\u00e4hige Spitze. Reichhaltige Struktur, die auf der Unterlage haftet; cremige Applikation, die sich leicht verwischen l\u00e4sst. Ausgezeichnete Lichtbest\u00e4ndigkeit (Blue Wool Standardskala \u2013 zwischen und ). Abgerundete, hexagonale Stifte, achtschichtig, matte Kapsel in Minenfarbe, Angabe der Farbnummer, aus erstklassigem Zedernholz.<br \/>\nEigenschaften des Koffers: hochwertiges Birken- und Buchenholz mit Schutzlackierung. Farbe: dunkles Mahagoni. Goldfarbener Siebdruck (innen und au\u00dfen). Goldfarbener Verschluss. Ma\u00dfe: 38,3 x 22 x 6,1 cm. 3 herausnehmbare Ebenen mit je 28 Trockenpastellstiften mit festen Schaumstoffkeilen f\u00fcr optimale Stabilit\u00e4t.<br \/>\nGem\u00e4\u00df der Norm ASTM D4236<br \/>\nIn der Schweiz entwickelt und hergestellt.<br \/>\n<div class=\"main-cross-sell\" data-asin=\"B00ADT9O3W\">\n\n\t<div class=\"WooZone-cross-sell-loader\">\n\t\t<div>\n\t\t\t<div id=\"floatingBarsG\">\n\t\t\t\t<div class=\"blockG\" id=\"rotateG_01\"><\/div>\n\t\t\t\t<div class=\"blockG\" id=\"rotateG_02\"><\/div>\n\t\t\t\t<div class=\"blockG\" id=\"rotateG_03\"><\/div>\n\t\t\t\t<div class=\"blockG\" id=\"rotateG_04\"><\/div>\n\t\t\t\t<div class=\"blockG\" id=\"rotateG_05\"><\/div>\n\t\t\t\t<div class=\"blockG\" id=\"rotateG_06\"><\/div>\n\t\t\t\t<div class=\"blockG\" id=\"rotateG_07\"><\/div>\n\t\t\t\t<div class=\"blockG\" id=\"rotateG_08\"><\/div>\n\t\t\t<\/div>\n\t\t\t<div class=\"WooZone-cross-sell-loader-text\"><\/div>\n\t\t<\/div>\n\t<\/div>\n\n\t\t\n<\/div>\n<div style=\"clear:both;\"><\/div><\/p>\n","protected":false},"excerpt":{"rendered":"<p>Eigenschaften der Stifte: Trockenpastellmine, Durchmesser: 4,7 mm, widerstandsf\u00e4hige Spitze. Reichhaltige Struktur, die auf der Unterlage haftet; cremige Applikation, die sich leicht verwischen l\u00e4sst. Ausgezeichnete Lichtbest\u00e4ndigkeit (Blue Wool Standardskala \u2013 zwischen und ). Abgerundete, hexagonale Stifte, achtschichtig, matte Kapsel in Minenfarbe, Angabe der Farbnummer, aus erstklassigem Zedernholz.<br \/>\nEigenschaften des Koffers: hochwertiges Birken- und Buchenholz mit Schutzlackierung. Farbe: dunkles Mahagoni. Goldfarbener Siebdruck (innen und au\u00dfen). Goldfarbener Verschluss. Ma\u00dfe: 38,3 x 22 x 6,1 cm. 3 herausnehmbare Ebenen mit je 28 Trockenpastellstiften mit festen Schaumstoffkeilen f\u00fcr optimale Stabilit\u00e4t.<br \/>\nGem\u00e4\u00df der Norm ASTM D4236<\/p>\n","protected":false},"featured_media":42897,"comment_status":"open","ping_status":"closed","template":"","meta":[],"product_brand":[],"product_cat":[504,8597],"product_tag":[],"class_list":{"0":"post-42896","1":"product","2":"type-product","3":"status-publish","4":"has-post-thumbnail","6":"product_cat-buerobedarf-schreibwaren","7":"product_cat-schreibwaren","8":"pa_binding-buerobedarf-schreibwaren","9":"pa_brand-caran-dache","10":"pa_color-multicolor","11":"pa_height-1-zoll","12":"pa_languages-unbekannt-englisch","13":"pa_length-5-zoll","14":"pa_manufacturer-caran-dache","15":"pa_model-788-484","16":"pa_size-84-stueck-1er-pack","17":"pa_weight-1-pfund","18":"pa_width-1-zoll","20":"first","21":"instock","22":"shipping-taxable","23":"purchasable","24":"product-type-simple","25":"customify-col","26":"product-has-gallery"},"yoast_head":"<!-- This site is optimized with the Yoast SEO plugin v27.3 - https:\/\/yoast.com\/product\/yoast-seo-wordpress\/ -->\n<title>geschenkkoffer aus holz mit 84 pastel pencils caran d ache 788 484 multicolor - Markt-XXL<\/title>\n<meta name=\"description\" content=\"Markt-XXL geschenkkoffer aus holz mit 84 pastel pencils caran d ache 788 484 multicolor\" \/>\n<meta name=\"robots\" content=\"index, follow, max-snippet:-1, max-image-preview:large, max-video-preview:-1\" \/>\n<link rel=\"canonical\" href=\"https:\/\/marktxxl.de\/markt\/produkt\/geschenkkoffer-aus-holz-mit-84-pastel-pencils-caran-dache-788-484-multicolor\/\" \/>\n<meta property=\"og:locale\" content=\"de_DE\" \/>\n<meta property=\"og:type\" content=\"article\" \/>\n<meta property=\"og:title\" content=\"geschenkkoffer aus holz mit 84 pastel pencils caran d ache 788 484 multicolor - Markt-XXL\" \/>\n<meta property=\"og:description\" content=\"Markt-XXL geschenkkoffer aus holz mit 84 pastel pencils caran d ache 788 484 multicolor\" \/>\n<meta property=\"og:url\" content=\"https:\/\/marktxxl.de\/markt\/produkt\/geschenkkoffer-aus-holz-mit-84-pastel-pencils-caran-dache-788-484-multicolor\/\" \/>\n<meta property=\"og:site_name\" content=\"Markt-XXL\" \/>\n<meta property=\"article:modified_time\" content=\"2023-04-08T23:31:19+00:00\" \/>\n<meta property=\"og:image\" content=\"https:\/\/m.media-amazon.com\/images\/I\/51zNHqxYGUL._SL500_.jpg\" \/>\n\t<meta property=\"og:image:width\" content=\"500\" \/>\n\t<meta property=\"og:image:height\" content=\"497\" \/>\n\t<meta property=\"og:image:type\" content=\"image\/jpeg\" \/>\n<meta name=\"twitter:card\" content=\"summary_large_image\" \/>\n<meta name=\"twitter:label1\" content=\"Gesch\u00e4tzte Lesezeit\" \/>\n\t<meta name=\"twitter:data1\" content=\"1\u00a0Minute\" \/>\n<script type=\"application\/ld+json\" class=\"yoast-schema-graph\">{\"@context\":\"https:\\\/\\\/schema.org\",\"@graph\":[{\"@type\":\"WebPage\",\"@id\":\"https:\\\/\\\/marktxxl.de\\\/markt\\\/produkt\\\/geschenkkoffer-aus-holz-mit-84-pastel-pencils-caran-dache-788-484-multicolor\\\/\",\"url\":\"https:\\\/\\\/marktxxl.de\\\/markt\\\/produkt\\\/geschenkkoffer-aus-holz-mit-84-pastel-pencils-caran-dache-788-484-multicolor\\\/\",\"name\":\"geschenkkoffer aus holz mit 84 pastel pencils caran d ache 788 484 multicolor - Markt-XXL\",\"isPartOf\":{\"@id\":\"https:\\\/\\\/marktxxl.de\\\/markt\\\/#website\"},\"primaryImageOfPage\":{\"@id\":\"https:\\\/\\\/marktxxl.de\\\/markt\\\/produkt\\\/geschenkkoffer-aus-holz-mit-84-pastel-pencils-caran-dache-788-484-multicolor\\\/#primaryimage\"},\"image\":{\"@id\":\"https:\\\/\\\/marktxxl.de\\\/markt\\\/produkt\\\/geschenkkoffer-aus-holz-mit-84-pastel-pencils-caran-dache-788-484-multicolor\\\/#primaryimage\"},\"thumbnailUrl\":\"https:\\\/\\\/m.media-amazon.com\\\/images\\\/I\\\/51zNHqxYGUL._SL500_.jpg\",\"datePublished\":\"2021-09-26T12:48:43+00:00\",\"dateModified\":\"2023-04-08T23:31:19+00:00\",\"description\":\"Markt-XXL geschenkkoffer aus holz mit 84 pastel pencils caran d ache 788 484 multicolor\",\"breadcrumb\":{\"@id\":\"https:\\\/\\\/marktxxl.de\\\/markt\\\/produkt\\\/geschenkkoffer-aus-holz-mit-84-pastel-pencils-caran-dache-788-484-multicolor\\\/#breadcrumb\"},\"inLanguage\":\"de\",\"potentialAction\":[{\"@type\":\"ReadAction\",\"target\":[\"https:\\\/\\\/marktxxl.de\\\/markt\\\/produkt\\\/geschenkkoffer-aus-holz-mit-84-pastel-pencils-caran-dache-788-484-multicolor\\\/\"]}]},{\"@type\":\"ImageObject\",\"inLanguage\":\"de\",\"@id\":\"https:\\\/\\\/marktxxl.de\\\/markt\\\/produkt\\\/geschenkkoffer-aus-holz-mit-84-pastel-pencils-caran-dache-788-484-multicolor\\\/#primaryimage\",\"url\":\"https:\\\/\\\/m.media-amazon.com\\\/images\\\/I\\\/51zNHqxYGUL._SL500_.jpg\",\"contentUrl\":\"https:\\\/\\\/m.media-amazon.com\\\/images\\\/I\\\/51zNHqxYGUL._SL500_.jpg\",\"width\":500,\"height\":497},{\"@type\":\"BreadcrumbList\",\"@id\":\"https:\\\/\\\/marktxxl.de\\\/markt\\\/produkt\\\/geschenkkoffer-aus-holz-mit-84-pastel-pencils-caran-dache-788-484-multicolor\\\/#breadcrumb\",\"itemListElement\":[{\"@type\":\"ListItem\",\"position\":1,\"name\":\"Startseite\",\"item\":\"https:\\\/\\\/marktxxl.de\\\/markt\\\/\"},{\"@type\":\"ListItem\",\"position\":2,\"name\":\"Markt\",\"item\":\"https:\\\/\\\/marktxxl.de\\\/markt\\\/\"},{\"@type\":\"ListItem\",\"position\":3,\"name\":\"geschenkkoffer aus holz mit 84 pastel pencils caran d ache 788 484 multicolor\"}]},{\"@type\":\"WebSite\",\"@id\":\"https:\\\/\\\/marktxxl.de\\\/markt\\\/#website\",\"url\":\"https:\\\/\\\/marktxxl.de\\\/markt\\\/\",\"name\":\"Markt-XXL\",\"description\":\"Ihr Markt Online\",\"publisher\":{\"@id\":\"https:\\\/\\\/marktxxl.de\\\/markt\\\/#organization\"},\"potentialAction\":[{\"@type\":\"SearchAction\",\"target\":{\"@type\":\"EntryPoint\",\"urlTemplate\":\"https:\\\/\\\/marktxxl.de\\\/markt\\\/?s={search_term_string}\"},\"query-input\":{\"@type\":\"PropertyValueSpecification\",\"valueRequired\":true,\"valueName\":\"search_term_string\"}}],\"inLanguage\":\"de\"},{\"@type\":\"Organization\",\"@id\":\"https:\\\/\\\/marktxxl.de\\\/markt\\\/#organization\",\"name\":\"Markt-XXL\",\"url\":\"https:\\\/\\\/marktxxl.de\\\/markt\\\/\",\"logo\":{\"@type\":\"ImageObject\",\"inLanguage\":\"de\",\"@id\":\"https:\\\/\\\/marktxxl.de\\\/markt\\\/#\\\/schema\\\/logo\\\/image\\\/\",\"url\":\"https:\\\/\\\/marktxxl.de\\\/markt\\\/wp-content\\\/uploads\\\/sites\\\/3\\\/2020\\\/12\\\/logo.png\",\"contentUrl\":\"https:\\\/\\\/marktxxl.de\\\/markt\\\/wp-content\\\/uploads\\\/sites\\\/3\\\/2020\\\/12\\\/logo.png\",\"width\":200,\"height\":70,\"caption\":\"Markt-XXL\"},\"image\":{\"@id\":\"https:\\\/\\\/marktxxl.de\\\/markt\\\/#\\\/schema\\\/logo\\\/image\\\/\"}}]}<\/script>\n<!-- \/ Yoast SEO plugin. -->","yoast_head_json":{"title":"geschenkkoffer aus holz mit 84 pastel pencils caran d ache 788 484 multicolor - Markt-XXL","description":"Markt-XXL geschenkkoffer aus holz mit 84 pastel pencils caran d ache 788 484 multicolor","robots":{"index":"index","follow":"follow","max-snippet":"max-snippet:-1","max-image-preview":"max-image-preview:large","max-video-preview":"max-video-preview:-1"},"canonical":"https:\/\/marktxxl.de\/markt\/produkt\/geschenkkoffer-aus-holz-mit-84-pastel-pencils-caran-dache-788-484-multicolor\/","og_locale":"de_DE","og_type":"article","og_title":"geschenkkoffer aus holz mit 84 pastel pencils caran d ache 788 484 multicolor - Markt-XXL","og_description":"Markt-XXL geschenkkoffer aus holz mit 84 pastel pencils caran d ache 788 484 multicolor","og_url":"https:\/\/marktxxl.de\/markt\/produkt\/geschenkkoffer-aus-holz-mit-84-pastel-pencils-caran-dache-788-484-multicolor\/","og_site_name":"Markt-XXL","article_modified_time":"2023-04-08T23:31:19+00:00","og_image":[{"width":500,"height":497,"url":"https:\/\/m.media-amazon.com\/images\/I\/51zNHqxYGUL._SL500_.jpg","type":"image\/jpeg"}],"twitter_card":"summary_large_image","twitter_misc":{"Gesch\u00e4tzte Lesezeit":"1\u00a0Minute"},"schema":{"@context":"https:\/\/schema.org","@graph":[{"@type":"WebPage","@id":"https:\/\/marktxxl.de\/markt\/produkt\/geschenkkoffer-aus-holz-mit-84-pastel-pencils-caran-dache-788-484-multicolor\/","url":"https:\/\/marktxxl.de\/markt\/produkt\/geschenkkoffer-aus-holz-mit-84-pastel-pencils-caran-dache-788-484-multicolor\/","name":"geschenkkoffer aus holz mit 84 pastel pencils caran d ache 788 484 multicolor - Markt-XXL","isPartOf":{"@id":"https:\/\/marktxxl.de\/markt\/#website"},"primaryImageOfPage":{"@id":"https:\/\/marktxxl.de\/markt\/produkt\/geschenkkoffer-aus-holz-mit-84-pastel-pencils-caran-dache-788-484-multicolor\/#primaryimage"},"image":{"@id":"https:\/\/marktxxl.de\/markt\/produkt\/geschenkkoffer-aus-holz-mit-84-pastel-pencils-caran-dache-788-484-multicolor\/#primaryimage"},"thumbnailUrl":"https:\/\/m.media-amazon.com\/images\/I\/51zNHqxYGUL._SL500_.jpg","datePublished":"2021-09-26T12:48:43+00:00","dateModified":"2023-04-08T23:31:19+00:00","description":"Markt-XXL geschenkkoffer aus holz mit 84 pastel pencils caran d ache 788 484 multicolor","breadcrumb":{"@id":"https:\/\/marktxxl.de\/markt\/produkt\/geschenkkoffer-aus-holz-mit-84-pastel-pencils-caran-dache-788-484-multicolor\/#breadcrumb"},"inLanguage":"de","potentialAction":[{"@type":"ReadAction","target":["https:\/\/marktxxl.de\/markt\/produkt\/geschenkkoffer-aus-holz-mit-84-pastel-pencils-caran-dache-788-484-multicolor\/"]}]},{"@type":"ImageObject","inLanguage":"de","@id":"https:\/\/marktxxl.de\/markt\/produkt\/geschenkkoffer-aus-holz-mit-84-pastel-pencils-caran-dache-788-484-multicolor\/#primaryimage","url":"https:\/\/m.media-amazon.com\/images\/I\/51zNHqxYGUL._SL500_.jpg","contentUrl":"https:\/\/m.media-amazon.com\/images\/I\/51zNHqxYGUL._SL500_.jpg","width":500,"height":497},{"@type":"BreadcrumbList","@id":"https:\/\/marktxxl.de\/markt\/produkt\/geschenkkoffer-aus-holz-mit-84-pastel-pencils-caran-dache-788-484-multicolor\/#breadcrumb","itemListElement":[{"@type":"ListItem","position":1,"name":"Startseite","item":"https:\/\/marktxxl.de\/markt\/"},{"@type":"ListItem","position":2,"name":"Markt","item":"https:\/\/marktxxl.de\/markt\/"},{"@type":"ListItem","position":3,"name":"geschenkkoffer aus holz mit 84 pastel pencils caran d ache 788 484 multicolor"}]},{"@type":"WebSite","@id":"https:\/\/marktxxl.de\/markt\/#website","url":"https:\/\/marktxxl.de\/markt\/","name":"Markt-XXL","description":"Ihr Markt Online","publisher":{"@id":"https:\/\/marktxxl.de\/markt\/#organization"},"potentialAction":[{"@type":"SearchAction","target":{"@type":"EntryPoint","urlTemplate":"https:\/\/marktxxl.de\/markt\/?s={search_term_string}"},"query-input":{"@type":"PropertyValueSpecification","valueRequired":true,"valueName":"search_term_string"}}],"inLanguage":"de"},{"@type":"Organization","@id":"https:\/\/marktxxl.de\/markt\/#organization","name":"Markt-XXL","url":"https:\/\/marktxxl.de\/markt\/","logo":{"@type":"ImageObject","inLanguage":"de","@id":"https:\/\/marktxxl.de\/markt\/#\/schema\/logo\/image\/","url":"https:\/\/marktxxl.de\/markt\/wp-content\/uploads\/sites\/3\/2020\/12\/logo.png","contentUrl":"https:\/\/marktxxl.de\/markt\/wp-content\/uploads\/sites\/3\/2020\/12\/logo.png","width":200,"height":70,"caption":"Markt-XXL"},"image":{"@id":"https:\/\/marktxxl.de\/markt\/#\/schema\/logo\/image\/"}}]}},"_links":{"self":[{"href":"https:\/\/marktxxl.de\/markt\/wp-json\/wp\/v2\/product\/42896","targetHints":{"allow":["GET"]}}],"collection":[{"href":"https:\/\/marktxxl.de\/markt\/wp-json\/wp\/v2\/product"}],"about":[{"href":"https:\/\/marktxxl.de\/markt\/wp-json\/wp\/v2\/types\/product"}],"replies":[{"embeddable":true,"href":"https:\/\/marktxxl.de\/markt\/wp-json\/wp\/v2\/comments?post=42896"}],"wp:featuredmedia":[{"embeddable":true,"href":"https:\/\/marktxxl.de\/markt\/wp-json\/wp\/v2\/media\/42897"}],"wp:attachment":[{"href":"https:\/\/marktxxl.de\/markt\/wp-json\/wp\/v2\/media?parent=42896"}],"wp:term":[{"taxonomy":"product_brand","embeddable":true,"href":"https:\/\/marktxxl.de\/markt\/wp-json\/wp\/v2\/product_brand?post=42896"},{"taxonomy":"product_cat","embeddable":true,"href":"https:\/\/marktxxl.de\/markt\/wp-json\/wp\/v2\/product_cat?post=42896"},{"taxonomy":"product_tag","embeddable":true,"href":"https:\/\/marktxxl.de\/markt\/wp-json\/wp\/v2\/product_tag?post=42896"}],"curies":[{"name":"wp","href":"https:\/\/api.w.org\/{rel}","templated":true}]}}