{"id":42870,"date":"2021-09-26T14:48:39","date_gmt":"2021-09-26T12:48:39","guid":{"rendered":"https:\/\/marktxxl.de\/markt\/produkt\/volcanics-kuehlschrankkalender-magnetisch-trocken-abwischbar-whiteboard-kalender-fuer-kuehlschrank-planer-42-x-30-cm\/"},"modified":"2023-04-09T01:31:18","modified_gmt":"2023-04-08T23:31:18","slug":"volcanics-kuehlschrankkalender-magnetisch-trocken-abwischbar-whiteboard-kalender-fuer-kuehlschrank-planer-42-x-30-cm","status":"publish","type":"product","link":"https:\/\/marktxxl.de\/markt\/produkt\/volcanics-kuehlschrankkalender-magnetisch-trocken-abwischbar-whiteboard-kalender-fuer-kuehlschrank-planer-42-x-30-cm\/","title":{"rendered":"Volcanics K\u00fchlschrankkalender, magnetisch, trocken abwischbar, Whiteboard-Kalender f\u00fcr K\u00fchlschrank-Planer, 42 x 30 cm"},"content":{"rendered":"<p>Langlebige, schmutzabweisende Leistung: Mit Kantenschneidematerial Wissenschaft hat dieser K\u00fchlschrankkalender eine schmutzabweisende Hochleistungs-PET-Oberfl\u00e4che. Sie k\u00f6nnen unz\u00e4hlige Male radieren, ohne dass Sie verschmieren oder Flecken hinterlassen.<br \/>\nLehren Sie intelligente Gewohnheiten von einem jungen Alter: Bringen Sie Ihren Kindern den Wert, sich zu organisieren und immer p\u00fcnktlich zu sein. Unser magnetischer trocken abwischbarer Kalender macht es einfach, Ihrem Zeitplan immer einen Schritt voraus zu sein.<br \/>\nDamit alle auf dem gleichen Stand sind. Ihre Familie, Zimmer oder Kollegen informieren, was zu tun ist. Kein \u201eh\u00e4tte\u201c und \u201esolle\u201c mehr. Die Handlungen jeder Person werden klar ver\u00f6ffentlicht.<br \/>\nVerpassen Sie nie wieder ein wichtiges Datum: Mit unserem Whiteboard-Kalender werden Sie sich nicht mehr in letzter Minute stressen, um vergessene Dinge in Ihren Termin einzupassen. Alles ist gut organisiert und es wird Ihnen erm\u00f6glichen, das Leben zu leben, das Sie leben wollen, ohne das Chaos. Es ist auch ein tolles Geschenk f\u00fcr sie oder die Frauen in Ihrem Leben.<br \/>\n<div class=\"main-cross-sell\" data-asin=\"B07FW3B53J\">\n\n\t<div class=\"WooZone-cross-sell-loader\">\n\t\t<div>\n\t\t\t<div id=\"floatingBarsG\">\n\t\t\t\t<div class=\"blockG\" id=\"rotateG_01\"><\/div>\n\t\t\t\t<div class=\"blockG\" id=\"rotateG_02\"><\/div>\n\t\t\t\t<div class=\"blockG\" id=\"rotateG_03\"><\/div>\n\t\t\t\t<div class=\"blockG\" id=\"rotateG_04\"><\/div>\n\t\t\t\t<div class=\"blockG\" id=\"rotateG_05\"><\/div>\n\t\t\t\t<div class=\"blockG\" id=\"rotateG_06\"><\/div>\n\t\t\t\t<div class=\"blockG\" id=\"rotateG_07\"><\/div>\n\t\t\t\t<div class=\"blockG\" id=\"rotateG_08\"><\/div>\n\t\t\t<\/div>\n\t\t\t<div class=\"WooZone-cross-sell-loader-text\"><\/div>\n\t\t<\/div>\n\t<\/div>\n\n\t\t\n<\/div>\n<div style=\"clear:both;\"><\/div><\/p>\n","protected":false},"excerpt":{"rendered":"<p>Langlebige, schmutzabweisende Leistung: Mit Kantenschneidematerial Wissenschaft hat dieser K\u00fchlschrankkalender eine schmutzabweisende Hochleistungs-PET-Oberfl\u00e4che. Sie k\u00f6nnen unz\u00e4hlige Male radieren, ohne dass Sie verschmieren oder Flecken hinterlassen.<br \/>\nLehren Sie intelligente Gewohnheiten von einem jungen Alter: Bringen Sie Ihren Kindern den Wert, sich zu organisieren und immer p\u00fcnktlich zu sein. Unser magnetischer trocken abwischbarer Kalender macht es einfach, Ihrem Zeitplan immer einen Schritt voraus zu sein.<br \/>\nDamit alle auf dem gleichen Stand sind. Ihre Familie, Zimmer oder Kollegen informieren, was zu tun ist. Kein \u201eh\u00e4tte\u201c und \u201esolle\u201c mehr. Die Handlungen jeder Person werden klar ver\u00f6ffentlicht.<\/p>\n","protected":false},"featured_media":42871,"comment_status":"open","ping_status":"closed","template":"","meta":[],"product_brand":[],"product_cat":[504,8381],"product_tag":[],"class_list":{"0":"post-42870","1":"product","2":"type-product","3":"status-publish","4":"has-post-thumbnail","6":"product_cat-buerobedarf-schreibwaren","7":"product_cat-kalender-planer-und-organizer","8":"pa_binding-buerobedarf-schreibwaren","9":"pa_brand-volcanics","10":"pa_color-weiss","11":"pa_manufacturer-volcanicsus","12":"pa_model-op0003b","14":"first","15":"instock","16":"shipping-taxable","17":"purchasable","18":"product-type-simple","19":"customify-col","20":"product-has-gallery"},"yoast_head":"<!-- This site is optimized with the Yoast SEO plugin v27.3 - https:\/\/yoast.com\/product\/yoast-seo-wordpress\/ -->\n<title>Volcanics K\u00fchlschrankkalender, magnetisch, trocken abwischbar, Whiteboard-Kalender f\u00fcr K\u00fchlschrank-Planer, 42 x 30 cm - Markt-XXL<\/title>\n<meta name=\"description\" content=\"Markt-XXL Volcanics K\u00fchlschrankkalender, magnetisch, trocken abwischbar, Whiteboard-Kalender f\u00fcr K\u00fchlschrank-Planer, 42 x 30 cm\" \/>\n<meta name=\"robots\" content=\"index, follow, max-snippet:-1, max-image-preview:large, max-video-preview:-1\" \/>\n<link rel=\"canonical\" href=\"https:\/\/marktxxl.de\/markt\/produkt\/volcanics-kuehlschrankkalender-magnetisch-trocken-abwischbar-whiteboard-kalender-fuer-kuehlschrank-planer-42-x-30-cm\/\" \/>\n<meta property=\"og:locale\" content=\"de_DE\" \/>\n<meta property=\"og:type\" content=\"article\" \/>\n<meta property=\"og:title\" content=\"Volcanics K\u00fchlschrankkalender, magnetisch, trocken abwischbar, Whiteboard-Kalender f\u00fcr K\u00fchlschrank-Planer, 42 x 30 cm - Markt-XXL\" \/>\n<meta property=\"og:description\" content=\"Markt-XXL Volcanics K\u00fchlschrankkalender, magnetisch, trocken abwischbar, Whiteboard-Kalender f\u00fcr K\u00fchlschrank-Planer, 42 x 30 cm\" \/>\n<meta property=\"og:url\" content=\"https:\/\/marktxxl.de\/markt\/produkt\/volcanics-kuehlschrankkalender-magnetisch-trocken-abwischbar-whiteboard-kalender-fuer-kuehlschrank-planer-42-x-30-cm\/\" \/>\n<meta property=\"og:site_name\" content=\"Markt-XXL\" \/>\n<meta property=\"article:modified_time\" content=\"2023-04-08T23:31:18+00:00\" \/>\n<meta property=\"og:image\" content=\"https:\/\/m.media-amazon.com\/images\/I\/51o3zdtnA8L._SL500_.jpg\" \/>\n\t<meta property=\"og:image:width\" content=\"500\" \/>\n\t<meta property=\"og:image:height\" content=\"500\" \/>\n\t<meta property=\"og:image:type\" content=\"image\/jpeg\" \/>\n<meta name=\"twitter:card\" content=\"summary_large_image\" \/>\n<meta name=\"twitter:label1\" content=\"Gesch\u00e4tzte Lesezeit\" \/>\n\t<meta name=\"twitter:data1\" content=\"1\u00a0Minute\" \/>\n<script type=\"application\/ld+json\" class=\"yoast-schema-graph\">{\"@context\":\"https:\\\/\\\/schema.org\",\"@graph\":[{\"@type\":\"WebPage\",\"@id\":\"https:\\\/\\\/marktxxl.de\\\/markt\\\/produkt\\\/volcanics-kuehlschrankkalender-magnetisch-trocken-abwischbar-whiteboard-kalender-fuer-kuehlschrank-planer-42-x-30-cm\\\/\",\"url\":\"https:\\\/\\\/marktxxl.de\\\/markt\\\/produkt\\\/volcanics-kuehlschrankkalender-magnetisch-trocken-abwischbar-whiteboard-kalender-fuer-kuehlschrank-planer-42-x-30-cm\\\/\",\"name\":\"Volcanics K\u00fchlschrankkalender, magnetisch, trocken abwischbar, Whiteboard-Kalender f\u00fcr K\u00fchlschrank-Planer, 42 x 30 cm - Markt-XXL\",\"isPartOf\":{\"@id\":\"https:\\\/\\\/marktxxl.de\\\/markt\\\/#website\"},\"primaryImageOfPage\":{\"@id\":\"https:\\\/\\\/marktxxl.de\\\/markt\\\/produkt\\\/volcanics-kuehlschrankkalender-magnetisch-trocken-abwischbar-whiteboard-kalender-fuer-kuehlschrank-planer-42-x-30-cm\\\/#primaryimage\"},\"image\":{\"@id\":\"https:\\\/\\\/marktxxl.de\\\/markt\\\/produkt\\\/volcanics-kuehlschrankkalender-magnetisch-trocken-abwischbar-whiteboard-kalender-fuer-kuehlschrank-planer-42-x-30-cm\\\/#primaryimage\"},\"thumbnailUrl\":\"https:\\\/\\\/m.media-amazon.com\\\/images\\\/I\\\/51o3zdtnA8L._SL500_.jpg\",\"datePublished\":\"2021-09-26T12:48:39+00:00\",\"dateModified\":\"2023-04-08T23:31:18+00:00\",\"description\":\"Markt-XXL Volcanics K\u00fchlschrankkalender, magnetisch, trocken abwischbar, Whiteboard-Kalender f\u00fcr K\u00fchlschrank-Planer, 42 x 30 cm\",\"breadcrumb\":{\"@id\":\"https:\\\/\\\/marktxxl.de\\\/markt\\\/produkt\\\/volcanics-kuehlschrankkalender-magnetisch-trocken-abwischbar-whiteboard-kalender-fuer-kuehlschrank-planer-42-x-30-cm\\\/#breadcrumb\"},\"inLanguage\":\"de\",\"potentialAction\":[{\"@type\":\"ReadAction\",\"target\":[\"https:\\\/\\\/marktxxl.de\\\/markt\\\/produkt\\\/volcanics-kuehlschrankkalender-magnetisch-trocken-abwischbar-whiteboard-kalender-fuer-kuehlschrank-planer-42-x-30-cm\\\/\"]}]},{\"@type\":\"ImageObject\",\"inLanguage\":\"de\",\"@id\":\"https:\\\/\\\/marktxxl.de\\\/markt\\\/produkt\\\/volcanics-kuehlschrankkalender-magnetisch-trocken-abwischbar-whiteboard-kalender-fuer-kuehlschrank-planer-42-x-30-cm\\\/#primaryimage\",\"url\":\"https:\\\/\\\/m.media-amazon.com\\\/images\\\/I\\\/51o3zdtnA8L._SL500_.jpg\",\"contentUrl\":\"https:\\\/\\\/m.media-amazon.com\\\/images\\\/I\\\/51o3zdtnA8L._SL500_.jpg\",\"width\":500,\"height\":500},{\"@type\":\"BreadcrumbList\",\"@id\":\"https:\\\/\\\/marktxxl.de\\\/markt\\\/produkt\\\/volcanics-kuehlschrankkalender-magnetisch-trocken-abwischbar-whiteboard-kalender-fuer-kuehlschrank-planer-42-x-30-cm\\\/#breadcrumb\",\"itemListElement\":[{\"@type\":\"ListItem\",\"position\":1,\"name\":\"Startseite\",\"item\":\"https:\\\/\\\/marktxxl.de\\\/markt\\\/\"},{\"@type\":\"ListItem\",\"position\":2,\"name\":\"Markt\",\"item\":\"https:\\\/\\\/marktxxl.de\\\/markt\\\/\"},{\"@type\":\"ListItem\",\"position\":3,\"name\":\"Volcanics K\u00fchlschrankkalender, magnetisch, trocken abwischbar, Whiteboard-Kalender f\u00fcr K\u00fchlschrank-Planer, 42 x 30 cm\"}]},{\"@type\":\"WebSite\",\"@id\":\"https:\\\/\\\/marktxxl.de\\\/markt\\\/#website\",\"url\":\"https:\\\/\\\/marktxxl.de\\\/markt\\\/\",\"name\":\"Markt-XXL\",\"description\":\"Ihr Markt Online\",\"publisher\":{\"@id\":\"https:\\\/\\\/marktxxl.de\\\/markt\\\/#organization\"},\"potentialAction\":[{\"@type\":\"SearchAction\",\"target\":{\"@type\":\"EntryPoint\",\"urlTemplate\":\"https:\\\/\\\/marktxxl.de\\\/markt\\\/?s={search_term_string}\"},\"query-input\":{\"@type\":\"PropertyValueSpecification\",\"valueRequired\":true,\"valueName\":\"search_term_string\"}}],\"inLanguage\":\"de\"},{\"@type\":\"Organization\",\"@id\":\"https:\\\/\\\/marktxxl.de\\\/markt\\\/#organization\",\"name\":\"Markt-XXL\",\"url\":\"https:\\\/\\\/marktxxl.de\\\/markt\\\/\",\"logo\":{\"@type\":\"ImageObject\",\"inLanguage\":\"de\",\"@id\":\"https:\\\/\\\/marktxxl.de\\\/markt\\\/#\\\/schema\\\/logo\\\/image\\\/\",\"url\":\"https:\\\/\\\/marktxxl.de\\\/markt\\\/wp-content\\\/uploads\\\/sites\\\/3\\\/2020\\\/12\\\/logo.png\",\"contentUrl\":\"https:\\\/\\\/marktxxl.de\\\/markt\\\/wp-content\\\/uploads\\\/sites\\\/3\\\/2020\\\/12\\\/logo.png\",\"width\":200,\"height\":70,\"caption\":\"Markt-XXL\"},\"image\":{\"@id\":\"https:\\\/\\\/marktxxl.de\\\/markt\\\/#\\\/schema\\\/logo\\\/image\\\/\"}}]}<\/script>\n<!-- \/ Yoast SEO plugin. -->","yoast_head_json":{"title":"Volcanics K\u00fchlschrankkalender, magnetisch, trocken abwischbar, Whiteboard-Kalender f\u00fcr K\u00fchlschrank-Planer, 42 x 30 cm - Markt-XXL","description":"Markt-XXL Volcanics K\u00fchlschrankkalender, magnetisch, trocken abwischbar, Whiteboard-Kalender f\u00fcr K\u00fchlschrank-Planer, 42 x 30 cm","robots":{"index":"index","follow":"follow","max-snippet":"max-snippet:-1","max-image-preview":"max-image-preview:large","max-video-preview":"max-video-preview:-1"},"canonical":"https:\/\/marktxxl.de\/markt\/produkt\/volcanics-kuehlschrankkalender-magnetisch-trocken-abwischbar-whiteboard-kalender-fuer-kuehlschrank-planer-42-x-30-cm\/","og_locale":"de_DE","og_type":"article","og_title":"Volcanics K\u00fchlschrankkalender, magnetisch, trocken abwischbar, Whiteboard-Kalender f\u00fcr K\u00fchlschrank-Planer, 42 x 30 cm - Markt-XXL","og_description":"Markt-XXL Volcanics K\u00fchlschrankkalender, magnetisch, trocken abwischbar, Whiteboard-Kalender f\u00fcr K\u00fchlschrank-Planer, 42 x 30 cm","og_url":"https:\/\/marktxxl.de\/markt\/produkt\/volcanics-kuehlschrankkalender-magnetisch-trocken-abwischbar-whiteboard-kalender-fuer-kuehlschrank-planer-42-x-30-cm\/","og_site_name":"Markt-XXL","article_modified_time":"2023-04-08T23:31:18+00:00","og_image":[{"width":500,"height":500,"url":"https:\/\/m.media-amazon.com\/images\/I\/51o3zdtnA8L._SL500_.jpg","type":"image\/jpeg"}],"twitter_card":"summary_large_image","twitter_misc":{"Gesch\u00e4tzte Lesezeit":"1\u00a0Minute"},"schema":{"@context":"https:\/\/schema.org","@graph":[{"@type":"WebPage","@id":"https:\/\/marktxxl.de\/markt\/produkt\/volcanics-kuehlschrankkalender-magnetisch-trocken-abwischbar-whiteboard-kalender-fuer-kuehlschrank-planer-42-x-30-cm\/","url":"https:\/\/marktxxl.de\/markt\/produkt\/volcanics-kuehlschrankkalender-magnetisch-trocken-abwischbar-whiteboard-kalender-fuer-kuehlschrank-planer-42-x-30-cm\/","name":"Volcanics K\u00fchlschrankkalender, magnetisch, trocken abwischbar, Whiteboard-Kalender f\u00fcr K\u00fchlschrank-Planer, 42 x 30 cm - Markt-XXL","isPartOf":{"@id":"https:\/\/marktxxl.de\/markt\/#website"},"primaryImageOfPage":{"@id":"https:\/\/marktxxl.de\/markt\/produkt\/volcanics-kuehlschrankkalender-magnetisch-trocken-abwischbar-whiteboard-kalender-fuer-kuehlschrank-planer-42-x-30-cm\/#primaryimage"},"image":{"@id":"https:\/\/marktxxl.de\/markt\/produkt\/volcanics-kuehlschrankkalender-magnetisch-trocken-abwischbar-whiteboard-kalender-fuer-kuehlschrank-planer-42-x-30-cm\/#primaryimage"},"thumbnailUrl":"https:\/\/m.media-amazon.com\/images\/I\/51o3zdtnA8L._SL500_.jpg","datePublished":"2021-09-26T12:48:39+00:00","dateModified":"2023-04-08T23:31:18+00:00","description":"Markt-XXL Volcanics K\u00fchlschrankkalender, magnetisch, trocken abwischbar, Whiteboard-Kalender f\u00fcr K\u00fchlschrank-Planer, 42 x 30 cm","breadcrumb":{"@id":"https:\/\/marktxxl.de\/markt\/produkt\/volcanics-kuehlschrankkalender-magnetisch-trocken-abwischbar-whiteboard-kalender-fuer-kuehlschrank-planer-42-x-30-cm\/#breadcrumb"},"inLanguage":"de","potentialAction":[{"@type":"ReadAction","target":["https:\/\/marktxxl.de\/markt\/produkt\/volcanics-kuehlschrankkalender-magnetisch-trocken-abwischbar-whiteboard-kalender-fuer-kuehlschrank-planer-42-x-30-cm\/"]}]},{"@type":"ImageObject","inLanguage":"de","@id":"https:\/\/marktxxl.de\/markt\/produkt\/volcanics-kuehlschrankkalender-magnetisch-trocken-abwischbar-whiteboard-kalender-fuer-kuehlschrank-planer-42-x-30-cm\/#primaryimage","url":"https:\/\/m.media-amazon.com\/images\/I\/51o3zdtnA8L._SL500_.jpg","contentUrl":"https:\/\/m.media-amazon.com\/images\/I\/51o3zdtnA8L._SL500_.jpg","width":500,"height":500},{"@type":"BreadcrumbList","@id":"https:\/\/marktxxl.de\/markt\/produkt\/volcanics-kuehlschrankkalender-magnetisch-trocken-abwischbar-whiteboard-kalender-fuer-kuehlschrank-planer-42-x-30-cm\/#breadcrumb","itemListElement":[{"@type":"ListItem","position":1,"name":"Startseite","item":"https:\/\/marktxxl.de\/markt\/"},{"@type":"ListItem","position":2,"name":"Markt","item":"https:\/\/marktxxl.de\/markt\/"},{"@type":"ListItem","position":3,"name":"Volcanics K\u00fchlschrankkalender, magnetisch, trocken abwischbar, Whiteboard-Kalender f\u00fcr K\u00fchlschrank-Planer, 42 x 30 cm"}]},{"@type":"WebSite","@id":"https:\/\/marktxxl.de\/markt\/#website","url":"https:\/\/marktxxl.de\/markt\/","name":"Markt-XXL","description":"Ihr Markt Online","publisher":{"@id":"https:\/\/marktxxl.de\/markt\/#organization"},"potentialAction":[{"@type":"SearchAction","target":{"@type":"EntryPoint","urlTemplate":"https:\/\/marktxxl.de\/markt\/?s={search_term_string}"},"query-input":{"@type":"PropertyValueSpecification","valueRequired":true,"valueName":"search_term_string"}}],"inLanguage":"de"},{"@type":"Organization","@id":"https:\/\/marktxxl.de\/markt\/#organization","name":"Markt-XXL","url":"https:\/\/marktxxl.de\/markt\/","logo":{"@type":"ImageObject","inLanguage":"de","@id":"https:\/\/marktxxl.de\/markt\/#\/schema\/logo\/image\/","url":"https:\/\/marktxxl.de\/markt\/wp-content\/uploads\/sites\/3\/2020\/12\/logo.png","contentUrl":"https:\/\/marktxxl.de\/markt\/wp-content\/uploads\/sites\/3\/2020\/12\/logo.png","width":200,"height":70,"caption":"Markt-XXL"},"image":{"@id":"https:\/\/marktxxl.de\/markt\/#\/schema\/logo\/image\/"}}]}},"_links":{"self":[{"href":"https:\/\/marktxxl.de\/markt\/wp-json\/wp\/v2\/product\/42870","targetHints":{"allow":["GET"]}}],"collection":[{"href":"https:\/\/marktxxl.de\/markt\/wp-json\/wp\/v2\/product"}],"about":[{"href":"https:\/\/marktxxl.de\/markt\/wp-json\/wp\/v2\/types\/product"}],"replies":[{"embeddable":true,"href":"https:\/\/marktxxl.de\/markt\/wp-json\/wp\/v2\/comments?post=42870"}],"wp:featuredmedia":[{"embeddable":true,"href":"https:\/\/marktxxl.de\/markt\/wp-json\/wp\/v2\/media\/42871"}],"wp:attachment":[{"href":"https:\/\/marktxxl.de\/markt\/wp-json\/wp\/v2\/media?parent=42870"}],"wp:term":[{"taxonomy":"product_brand","embeddable":true,"href":"https:\/\/marktxxl.de\/markt\/wp-json\/wp\/v2\/product_brand?post=42870"},{"taxonomy":"product_cat","embeddable":true,"href":"https:\/\/marktxxl.de\/markt\/wp-json\/wp\/v2\/product_cat?post=42870"},{"taxonomy":"product_tag","embeddable":true,"href":"https:\/\/marktxxl.de\/markt\/wp-json\/wp\/v2\/product_tag?post=42870"}],"curies":[{"name":"wp","href":"https:\/\/api.w.org\/{rel}","templated":true}]}}