{"id":42836,"date":"2021-09-26T14:45:11","date_gmt":"2021-09-26T12:45:11","guid":{"rendered":"https:\/\/marktxxl.de\/markt\/produkt\/2021-siberian-huskies-wall-calendar-by-bright-day-12-x-12-inch-cute-dog-puppy\/"},"modified":"2023-04-09T01:31:17","modified_gmt":"2023-04-08T23:31:17","slug":"2021-siberian-huskies-wall-calendar-by-bright-day-12-x-12-inch-cute-dog-puppy","status":"publish","type":"product","link":"https:\/\/marktxxl.de\/markt\/produkt\/2021-siberian-huskies-wall-calendar-by-bright-day-12-x-12-inch-cute-dog-puppy\/","title":{"rendered":"2021 Siberian Huskies Wall Calendar by Bright Day, 12 x 12 Inch, Cute Dog Puppy"},"content":{"rendered":"<p>Bleiben Sie organisiert: 2021 sibirischer Huskies-Kalender. Sibirische Huskies haben die Phantasie vieler, wie K\u00fcnstler, Schriftsteller und Filmproduzenten, mit ihren auff\u00e4lligen Looks und beeindruckenden Talenten eingefangen. Dieser mittelgro\u00dfe Arbeitshund besitzt Kraft und Sportlichkeit. Huskies wurden zuerst als Schlittenhunde entwickelt und einige genie\u00dfen diesen Zeitvertreib. Genie\u00dfen Sie unseren Sibirischen Huskies Wandkalender 2021!<br \/>\nHohe Qualit\u00e4t: 2021 Big Dog Kalender \u2013 Gr\u00f6\u00dfe geschlossen: 30,5 x 30,5 cm. Ge\u00f6ffnet: 30,5 x 61 cm. blutet nicht durch! 13 farbige Bilder in unserem Sibirian Husky Wandkalender 2021. Alle Fotos werden von einer Vielzahl von Fotografen aus der ganzen Welt von Hand ausgew\u00e4hlt. In unserem niedlichen Hundekalender werden keine Kompromisse bei der Bildqualit\u00e4t oder dem Inhalt eingegangen.<br \/>\nVielseitig: Ein klassischer quadratischer Kalender ist ideal f\u00fcr die Schaffung eines individuellen Looks in Badezimmer, Wohnzimmer, Schlafzimmer, K\u00fcche, B\u00fcro, Schreibtisch, Garage, Klassenzimmer in der Schule, sogar in Ihrem Schuppen oder M\u00e4nnerh\u00f6hle, H\u00f6hle oder Bar. Dieser Kalender l\u00e4uft von September 2020 bis Dezember 2021 und bietet vier zus\u00e4tzliche Monate f\u00fcr die Planung. (September 2020-Dezember 2020 ist ein Layout auf einen Blick.)<br \/>\nDesigns: Bright Day bietet Planer und Kalender f\u00fcr W\u00e4nde, Schreibtische und K\u00fchlschr\u00e4nke. Unz\u00e4hlige Designs: Katzen, K\u00e4tzchen, Hunde und Welpen aller Rassen. Sch\u00f6ne Nationalparks, amerikanische St\u00e4dte und Staaten, Pferde, Wildtiere, Naturfotografie und viele mehr!<br \/>\nPerfektes Geschenk: Weihnachten, Wichteln, wei\u00dfer Elefant, B\u00fcro-Party oder Familienaustausch, Kollegen, Freunde, Geburtstage, Jubil\u00e4en oder eine nette durchdachte \u00dcberraschung. Ideal f\u00fcr jemanden, der schwer zu kaufen ist und eine tolle Last-Minute-Geschenkidee.<br \/>\n<div class=\"main-cross-sell\" data-asin=\"B084GWBLM7\">\n\n\t<div class=\"WooZone-cross-sell-loader\">\n\t\t<div>\n\t\t\t<div id=\"floatingBarsG\">\n\t\t\t\t<div class=\"blockG\" id=\"rotateG_01\"><\/div>\n\t\t\t\t<div class=\"blockG\" id=\"rotateG_02\"><\/div>\n\t\t\t\t<div class=\"blockG\" id=\"rotateG_03\"><\/div>\n\t\t\t\t<div class=\"blockG\" id=\"rotateG_04\"><\/div>\n\t\t\t\t<div class=\"blockG\" id=\"rotateG_05\"><\/div>\n\t\t\t\t<div class=\"blockG\" id=\"rotateG_06\"><\/div>\n\t\t\t\t<div class=\"blockG\" id=\"rotateG_07\"><\/div>\n\t\t\t\t<div class=\"blockG\" id=\"rotateG_08\"><\/div>\n\t\t\t<\/div>\n\t\t\t<div class=\"WooZone-cross-sell-loader-text\"><\/div>\n\t\t<\/div>\n\t<\/div>\n\n\t\t\n<\/div>\n<div style=\"clear:both;\"><\/div><\/p>\n","protected":false},"excerpt":{"rendered":"<p>Bleiben Sie organisiert: 2021 sibirischer Huskies-Kalender. Sibirische Huskies haben die Phantasie vieler, wie K\u00fcnstler, Schriftsteller und Filmproduzenten, mit ihren auff\u00e4lligen Looks und beeindruckenden Talenten eingefangen. Dieser mittelgro\u00dfe Arbeitshund besitzt Kraft und Sportlichkeit. Huskies wurden zuerst als Schlittenhunde entwickelt und einige genie\u00dfen diesen Zeitvertreib. Genie\u00dfen Sie unseren Sibirischen Huskies Wandkalender 2021!<br \/>\nHohe Qualit\u00e4t: 2021 Big Dog Kalender \u2013 Gr\u00f6\u00dfe geschlossen: 30,5 x 30,5 cm. Ge\u00f6ffnet: 30,5 x 61 cm. blutet nicht durch! 13 farbige Bilder in unserem Sibirian Husky Wandkalender 2021. Alle Fotos werden von einer Vielzahl von Fotografen aus der ganzen Welt von Hand ausgew\u00e4hlt. In unserem niedlichen Hundekalender werden keine Kompromisse bei der Bildqualit\u00e4t oder dem Inhalt eingegangen.<br \/>\nVielseitig: Ein klassischer quadratischer Kalender ist ideal f\u00fcr die Schaffung eines individuellen Looks in Badezimmer, Wohnzimmer, Schlafzimmer, K\u00fcche, B\u00fcro, Schreibtisch, Garage, Klassenzimmer in der Schule, sogar in Ihrem Schuppen oder M\u00e4nnerh\u00f6hle, H\u00f6hle oder Bar. Dieser Kalender l\u00e4uft von September 2020 bis Dezember 2021 und bietet vier zus\u00e4tzliche Monate f\u00fcr die Planung. (September 2020-Dezember 2020 ist ein Layout auf einen Blick.)<\/p>\n","protected":false},"featured_media":42837,"comment_status":"open","ping_status":"closed","template":"","meta":[],"product_brand":[],"product_cat":[504,8381],"product_tag":[],"class_list":{"0":"post-42836","1":"product","2":"type-product","3":"status-publish","4":"has-post-thumbnail","6":"product_cat-buerobedarf-schreibwaren","7":"product_cat-kalender-planer-und-organizer","8":"pa_brand-bright-day-calendar","9":"pa_color-a11","10":"pa_height-0-1-zoll","11":"pa_length-12-zoll","12":"pa_manufacturer-bright-day-calendars","13":"pa_size-a11","14":"pa_width-12-zoll","16":"first","17":"instock","18":"shipping-taxable","19":"purchasable","20":"product-type-simple","21":"customify-col","22":"product-has-gallery"},"yoast_head":"<!-- This site is optimized with the Yoast SEO plugin v27.3 - https:\/\/yoast.com\/product\/yoast-seo-wordpress\/ -->\n<title>2021 Siberian Huskies Wall Calendar by Bright Day, 12 x 12 Inch, Cute Dog Puppy - Markt-XXL<\/title>\n<meta name=\"description\" content=\"Markt-XXL 2021 Siberian Huskies Wall Calendar by Bright Day, 12 x 12 Inch, Cute Dog Puppy\" \/>\n<meta name=\"robots\" content=\"index, follow, max-snippet:-1, max-image-preview:large, max-video-preview:-1\" \/>\n<link rel=\"canonical\" href=\"https:\/\/marktxxl.de\/markt\/produkt\/2021-siberian-huskies-wall-calendar-by-bright-day-12-x-12-inch-cute-dog-puppy\/\" \/>\n<meta property=\"og:locale\" content=\"de_DE\" \/>\n<meta property=\"og:type\" content=\"article\" \/>\n<meta property=\"og:title\" content=\"2021 Siberian Huskies Wall Calendar by Bright Day, 12 x 12 Inch, Cute Dog Puppy - Markt-XXL\" \/>\n<meta property=\"og:description\" content=\"Markt-XXL 2021 Siberian Huskies Wall Calendar by Bright Day, 12 x 12 Inch, Cute Dog Puppy\" \/>\n<meta property=\"og:url\" content=\"https:\/\/marktxxl.de\/markt\/produkt\/2021-siberian-huskies-wall-calendar-by-bright-day-12-x-12-inch-cute-dog-puppy\/\" \/>\n<meta property=\"og:site_name\" content=\"Markt-XXL\" \/>\n<meta property=\"article:modified_time\" content=\"2023-04-08T23:31:17+00:00\" \/>\n<meta property=\"og:image\" content=\"https:\/\/m.media-amazon.com\/images\/I\/51EtCiUGeyL._SL500_.jpg\" \/>\n\t<meta property=\"og:image:width\" content=\"500\" \/>\n\t<meta property=\"og:image:height\" content=\"500\" \/>\n\t<meta property=\"og:image:type\" content=\"image\/jpeg\" \/>\n<meta name=\"twitter:card\" content=\"summary_large_image\" \/>\n<meta name=\"twitter:label1\" content=\"Gesch\u00e4tzte Lesezeit\" \/>\n\t<meta name=\"twitter:data1\" content=\"1\u00a0Minute\" \/>\n<script type=\"application\/ld+json\" class=\"yoast-schema-graph\">{\"@context\":\"https:\\\/\\\/schema.org\",\"@graph\":[{\"@type\":\"WebPage\",\"@id\":\"https:\\\/\\\/marktxxl.de\\\/markt\\\/produkt\\\/2021-siberian-huskies-wall-calendar-by-bright-day-12-x-12-inch-cute-dog-puppy\\\/\",\"url\":\"https:\\\/\\\/marktxxl.de\\\/markt\\\/produkt\\\/2021-siberian-huskies-wall-calendar-by-bright-day-12-x-12-inch-cute-dog-puppy\\\/\",\"name\":\"2021 Siberian Huskies Wall Calendar by Bright Day, 12 x 12 Inch, Cute Dog Puppy - Markt-XXL\",\"isPartOf\":{\"@id\":\"https:\\\/\\\/marktxxl.de\\\/markt\\\/#website\"},\"primaryImageOfPage\":{\"@id\":\"https:\\\/\\\/marktxxl.de\\\/markt\\\/produkt\\\/2021-siberian-huskies-wall-calendar-by-bright-day-12-x-12-inch-cute-dog-puppy\\\/#primaryimage\"},\"image\":{\"@id\":\"https:\\\/\\\/marktxxl.de\\\/markt\\\/produkt\\\/2021-siberian-huskies-wall-calendar-by-bright-day-12-x-12-inch-cute-dog-puppy\\\/#primaryimage\"},\"thumbnailUrl\":\"https:\\\/\\\/m.media-amazon.com\\\/images\\\/I\\\/51EtCiUGeyL._SL500_.jpg\",\"datePublished\":\"2021-09-26T12:45:11+00:00\",\"dateModified\":\"2023-04-08T23:31:17+00:00\",\"description\":\"Markt-XXL 2021 Siberian Huskies Wall Calendar by Bright Day, 12 x 12 Inch, Cute Dog Puppy\",\"breadcrumb\":{\"@id\":\"https:\\\/\\\/marktxxl.de\\\/markt\\\/produkt\\\/2021-siberian-huskies-wall-calendar-by-bright-day-12-x-12-inch-cute-dog-puppy\\\/#breadcrumb\"},\"inLanguage\":\"de\",\"potentialAction\":[{\"@type\":\"ReadAction\",\"target\":[\"https:\\\/\\\/marktxxl.de\\\/markt\\\/produkt\\\/2021-siberian-huskies-wall-calendar-by-bright-day-12-x-12-inch-cute-dog-puppy\\\/\"]}]},{\"@type\":\"ImageObject\",\"inLanguage\":\"de\",\"@id\":\"https:\\\/\\\/marktxxl.de\\\/markt\\\/produkt\\\/2021-siberian-huskies-wall-calendar-by-bright-day-12-x-12-inch-cute-dog-puppy\\\/#primaryimage\",\"url\":\"https:\\\/\\\/m.media-amazon.com\\\/images\\\/I\\\/51EtCiUGeyL._SL500_.jpg\",\"contentUrl\":\"https:\\\/\\\/m.media-amazon.com\\\/images\\\/I\\\/51EtCiUGeyL._SL500_.jpg\",\"width\":500,\"height\":500},{\"@type\":\"BreadcrumbList\",\"@id\":\"https:\\\/\\\/marktxxl.de\\\/markt\\\/produkt\\\/2021-siberian-huskies-wall-calendar-by-bright-day-12-x-12-inch-cute-dog-puppy\\\/#breadcrumb\",\"itemListElement\":[{\"@type\":\"ListItem\",\"position\":1,\"name\":\"Startseite\",\"item\":\"https:\\\/\\\/marktxxl.de\\\/markt\\\/\"},{\"@type\":\"ListItem\",\"position\":2,\"name\":\"Markt\",\"item\":\"https:\\\/\\\/marktxxl.de\\\/markt\\\/\"},{\"@type\":\"ListItem\",\"position\":3,\"name\":\"2021 Siberian Huskies Wall Calendar by Bright Day, 12 x 12 Inch, Cute Dog Puppy\"}]},{\"@type\":\"WebSite\",\"@id\":\"https:\\\/\\\/marktxxl.de\\\/markt\\\/#website\",\"url\":\"https:\\\/\\\/marktxxl.de\\\/markt\\\/\",\"name\":\"Markt-XXL\",\"description\":\"Ihr Markt Online\",\"publisher\":{\"@id\":\"https:\\\/\\\/marktxxl.de\\\/markt\\\/#organization\"},\"potentialAction\":[{\"@type\":\"SearchAction\",\"target\":{\"@type\":\"EntryPoint\",\"urlTemplate\":\"https:\\\/\\\/marktxxl.de\\\/markt\\\/?s={search_term_string}\"},\"query-input\":{\"@type\":\"PropertyValueSpecification\",\"valueRequired\":true,\"valueName\":\"search_term_string\"}}],\"inLanguage\":\"de\"},{\"@type\":\"Organization\",\"@id\":\"https:\\\/\\\/marktxxl.de\\\/markt\\\/#organization\",\"name\":\"Markt-XXL\",\"url\":\"https:\\\/\\\/marktxxl.de\\\/markt\\\/\",\"logo\":{\"@type\":\"ImageObject\",\"inLanguage\":\"de\",\"@id\":\"https:\\\/\\\/marktxxl.de\\\/markt\\\/#\\\/schema\\\/logo\\\/image\\\/\",\"url\":\"https:\\\/\\\/marktxxl.de\\\/markt\\\/wp-content\\\/uploads\\\/sites\\\/3\\\/2020\\\/12\\\/logo.png\",\"contentUrl\":\"https:\\\/\\\/marktxxl.de\\\/markt\\\/wp-content\\\/uploads\\\/sites\\\/3\\\/2020\\\/12\\\/logo.png\",\"width\":200,\"height\":70,\"caption\":\"Markt-XXL\"},\"image\":{\"@id\":\"https:\\\/\\\/marktxxl.de\\\/markt\\\/#\\\/schema\\\/logo\\\/image\\\/\"}}]}<\/script>\n<!-- \/ Yoast SEO plugin. -->","yoast_head_json":{"title":"2021 Siberian Huskies Wall Calendar by Bright Day, 12 x 12 Inch, Cute Dog Puppy - Markt-XXL","description":"Markt-XXL 2021 Siberian Huskies Wall Calendar by Bright Day, 12 x 12 Inch, Cute Dog Puppy","robots":{"index":"index","follow":"follow","max-snippet":"max-snippet:-1","max-image-preview":"max-image-preview:large","max-video-preview":"max-video-preview:-1"},"canonical":"https:\/\/marktxxl.de\/markt\/produkt\/2021-siberian-huskies-wall-calendar-by-bright-day-12-x-12-inch-cute-dog-puppy\/","og_locale":"de_DE","og_type":"article","og_title":"2021 Siberian Huskies Wall Calendar by Bright Day, 12 x 12 Inch, Cute Dog Puppy - Markt-XXL","og_description":"Markt-XXL 2021 Siberian Huskies Wall Calendar by Bright Day, 12 x 12 Inch, Cute Dog Puppy","og_url":"https:\/\/marktxxl.de\/markt\/produkt\/2021-siberian-huskies-wall-calendar-by-bright-day-12-x-12-inch-cute-dog-puppy\/","og_site_name":"Markt-XXL","article_modified_time":"2023-04-08T23:31:17+00:00","og_image":[{"width":500,"height":500,"url":"https:\/\/m.media-amazon.com\/images\/I\/51EtCiUGeyL._SL500_.jpg","type":"image\/jpeg"}],"twitter_card":"summary_large_image","twitter_misc":{"Gesch\u00e4tzte Lesezeit":"1\u00a0Minute"},"schema":{"@context":"https:\/\/schema.org","@graph":[{"@type":"WebPage","@id":"https:\/\/marktxxl.de\/markt\/produkt\/2021-siberian-huskies-wall-calendar-by-bright-day-12-x-12-inch-cute-dog-puppy\/","url":"https:\/\/marktxxl.de\/markt\/produkt\/2021-siberian-huskies-wall-calendar-by-bright-day-12-x-12-inch-cute-dog-puppy\/","name":"2021 Siberian Huskies Wall Calendar by Bright Day, 12 x 12 Inch, Cute Dog Puppy - Markt-XXL","isPartOf":{"@id":"https:\/\/marktxxl.de\/markt\/#website"},"primaryImageOfPage":{"@id":"https:\/\/marktxxl.de\/markt\/produkt\/2021-siberian-huskies-wall-calendar-by-bright-day-12-x-12-inch-cute-dog-puppy\/#primaryimage"},"image":{"@id":"https:\/\/marktxxl.de\/markt\/produkt\/2021-siberian-huskies-wall-calendar-by-bright-day-12-x-12-inch-cute-dog-puppy\/#primaryimage"},"thumbnailUrl":"https:\/\/m.media-amazon.com\/images\/I\/51EtCiUGeyL._SL500_.jpg","datePublished":"2021-09-26T12:45:11+00:00","dateModified":"2023-04-08T23:31:17+00:00","description":"Markt-XXL 2021 Siberian Huskies Wall Calendar by Bright Day, 12 x 12 Inch, Cute Dog Puppy","breadcrumb":{"@id":"https:\/\/marktxxl.de\/markt\/produkt\/2021-siberian-huskies-wall-calendar-by-bright-day-12-x-12-inch-cute-dog-puppy\/#breadcrumb"},"inLanguage":"de","potentialAction":[{"@type":"ReadAction","target":["https:\/\/marktxxl.de\/markt\/produkt\/2021-siberian-huskies-wall-calendar-by-bright-day-12-x-12-inch-cute-dog-puppy\/"]}]},{"@type":"ImageObject","inLanguage":"de","@id":"https:\/\/marktxxl.de\/markt\/produkt\/2021-siberian-huskies-wall-calendar-by-bright-day-12-x-12-inch-cute-dog-puppy\/#primaryimage","url":"https:\/\/m.media-amazon.com\/images\/I\/51EtCiUGeyL._SL500_.jpg","contentUrl":"https:\/\/m.media-amazon.com\/images\/I\/51EtCiUGeyL._SL500_.jpg","width":500,"height":500},{"@type":"BreadcrumbList","@id":"https:\/\/marktxxl.de\/markt\/produkt\/2021-siberian-huskies-wall-calendar-by-bright-day-12-x-12-inch-cute-dog-puppy\/#breadcrumb","itemListElement":[{"@type":"ListItem","position":1,"name":"Startseite","item":"https:\/\/marktxxl.de\/markt\/"},{"@type":"ListItem","position":2,"name":"Markt","item":"https:\/\/marktxxl.de\/markt\/"},{"@type":"ListItem","position":3,"name":"2021 Siberian Huskies Wall Calendar by Bright Day, 12 x 12 Inch, Cute Dog Puppy"}]},{"@type":"WebSite","@id":"https:\/\/marktxxl.de\/markt\/#website","url":"https:\/\/marktxxl.de\/markt\/","name":"Markt-XXL","description":"Ihr Markt Online","publisher":{"@id":"https:\/\/marktxxl.de\/markt\/#organization"},"potentialAction":[{"@type":"SearchAction","target":{"@type":"EntryPoint","urlTemplate":"https:\/\/marktxxl.de\/markt\/?s={search_term_string}"},"query-input":{"@type":"PropertyValueSpecification","valueRequired":true,"valueName":"search_term_string"}}],"inLanguage":"de"},{"@type":"Organization","@id":"https:\/\/marktxxl.de\/markt\/#organization","name":"Markt-XXL","url":"https:\/\/marktxxl.de\/markt\/","logo":{"@type":"ImageObject","inLanguage":"de","@id":"https:\/\/marktxxl.de\/markt\/#\/schema\/logo\/image\/","url":"https:\/\/marktxxl.de\/markt\/wp-content\/uploads\/sites\/3\/2020\/12\/logo.png","contentUrl":"https:\/\/marktxxl.de\/markt\/wp-content\/uploads\/sites\/3\/2020\/12\/logo.png","width":200,"height":70,"caption":"Markt-XXL"},"image":{"@id":"https:\/\/marktxxl.de\/markt\/#\/schema\/logo\/image\/"}}]}},"_links":{"self":[{"href":"https:\/\/marktxxl.de\/markt\/wp-json\/wp\/v2\/product\/42836","targetHints":{"allow":["GET"]}}],"collection":[{"href":"https:\/\/marktxxl.de\/markt\/wp-json\/wp\/v2\/product"}],"about":[{"href":"https:\/\/marktxxl.de\/markt\/wp-json\/wp\/v2\/types\/product"}],"replies":[{"embeddable":true,"href":"https:\/\/marktxxl.de\/markt\/wp-json\/wp\/v2\/comments?post=42836"}],"wp:featuredmedia":[{"embeddable":true,"href":"https:\/\/marktxxl.de\/markt\/wp-json\/wp\/v2\/media\/42837"}],"wp:attachment":[{"href":"https:\/\/marktxxl.de\/markt\/wp-json\/wp\/v2\/media?parent=42836"}],"wp:term":[{"taxonomy":"product_brand","embeddable":true,"href":"https:\/\/marktxxl.de\/markt\/wp-json\/wp\/v2\/product_brand?post=42836"},{"taxonomy":"product_cat","embeddable":true,"href":"https:\/\/marktxxl.de\/markt\/wp-json\/wp\/v2\/product_cat?post=42836"},{"taxonomy":"product_tag","embeddable":true,"href":"https:\/\/marktxxl.de\/markt\/wp-json\/wp\/v2\/product_tag?post=42836"}],"curies":[{"name":"wp","href":"https:\/\/api.w.org\/{rel}","templated":true}]}}