{"id":42734,"date":"2021-09-26T14:39:10","date_gmt":"2021-09-26T12:39:10","guid":{"rendered":"https:\/\/marktxxl.de\/markt\/produkt\/cmybabee-203x-kompatibel-fuer-hp-203x-cf540x-203a-cf540a-toner-fuer-hp-color-laserjet-pro-mfp-m281fdw-m281fdn-m254dw-m254nw-m280nw-m254dn-m281cdw-4-pack-cf541x-cf542x-cf543x-schwarz-cyan-gelb-magent\/"},"modified":"2023-04-09T01:31:14","modified_gmt":"2023-04-08T23:31:14","slug":"cmybabee-203x-kompatibel-fuer-hp-203x-cf540x-203a-cf540a-toner-fuer-hp-color-laserjet-pro-mfp-m281fdw-m281fdn-m254dw-m254nw-m280nw-m254dn-m281cdw-4-pack-cf541x-cf542x-cf543x-schwarz-cyan-gelb-magent","status":"publish","type":"product","link":"https:\/\/marktxxl.de\/markt\/produkt\/cmybabee-203x-kompatibel-fuer-hp-203x-cf540x-203a-cf540a-toner-fuer-hp-color-laserjet-pro-mfp-m281fdw-m281fdn-m254dw-m254nw-m280nw-m254dn-m281cdw-4-pack-cf541x-cf542x-cf543x-schwarz-cyan-gelb-magent\/","title":{"rendered":"CMYBabee 203X Kompatibel mit HP 203X 203 CF540X 203A CF540A f\u00fcr HP MFP M281fdw Toner f\u00fcr HP Color Laserjet Pro MFP\u2026"},"content":{"rendered":"<p>Lieferumfang: Kompatibel mit 203X CF540X Tonerkartuschen (1 Schwarz, 1 Cyan, 1 Gelb, 1 Magenta, nicht original)<br \/>\nHervorragende Seitenausbeute: Bis zu 3200 Seiten pro \u00fcberholter schwarzer Patrone 203X CF540X, 2500 Seiten pro \u00fcberholter Farbpatrone 203X CF541X CF542X CF543X (mit 5 Prozent Abdeckung auf A4 Papier)<br \/>\nKompatible Drucker: Kompatibel mit Color LaserJet Pro MFP M281fdw, M281fdn, M281cdw, M280nw, M254dw, M254dn, M254nw<br \/>\nPremium Qualit\u00e4t: Professionelle Tonerkartuschen bieten au\u00dfergew\u00f6hnliche Qualit\u00e4t. Alle Produkte wurden vor dem Versand einer Reihe strenger Qualit\u00e4tspr\u00fcfungen unterzogen<br \/>\nExklusive Ausdrucke: 203X CF540X Patronen sind so konzipiert, dass Sie ein exklusiv lebendiges Druckerlebnis erhalten<br \/>\n<div class=\"main-cross-sell\" data-asin=\"B07Z6BS8FJ\">\n\n\t<div class=\"WooZone-cross-sell-loader\">\n\t\t<div>\n\t\t\t<div id=\"floatingBarsG\">\n\t\t\t\t<div class=\"blockG\" id=\"rotateG_01\"><\/div>\n\t\t\t\t<div class=\"blockG\" id=\"rotateG_02\"><\/div>\n\t\t\t\t<div class=\"blockG\" id=\"rotateG_03\"><\/div>\n\t\t\t\t<div class=\"blockG\" id=\"rotateG_04\"><\/div>\n\t\t\t\t<div class=\"blockG\" id=\"rotateG_05\"><\/div>\n\t\t\t\t<div class=\"blockG\" id=\"rotateG_06\"><\/div>\n\t\t\t\t<div class=\"blockG\" id=\"rotateG_07\"><\/div>\n\t\t\t\t<div class=\"blockG\" id=\"rotateG_08\"><\/div>\n\t\t\t<\/div>\n\t\t\t<div class=\"WooZone-cross-sell-loader-text\"><\/div>\n\t\t<\/div>\n\t<\/div>\n\n\t\t\n<\/div>\n<div style=\"clear:both;\"><\/div><\/p>\n","protected":false},"excerpt":{"rendered":"<p>Lieferumfang: Kompatibel mit 203X CF540X Tonerkartuschen (1 Schwarz, 1 Cyan, 1 Gelb, 1 Magenta, nicht original)<br \/>\nHervorragende Seitenausbeute: Bis zu 3200 Seiten pro \u00fcberholter schwarzer Patrone 203X CF540X, 2500 Seiten pro \u00fcberholter Farbpatrone 203X CF541X CF542X CF543X (mit 5 Prozent Abdeckung auf A4 Papier)<br \/>\nKompatible Drucker: Kompatibel mit Color LaserJet Pro MFP M281fdw, M281fdn, M281cdw, M280nw, M254dw, M254dn, M254nw<\/p>\n","protected":false},"featured_media":42735,"comment_status":"open","ping_status":"closed","template":"","meta":[],"product_brand":[],"product_cat":[504,8208],"product_tag":[],"class_list":{"0":"post-42734","1":"product","2":"type-product","3":"status-publish","4":"has-post-thumbnail","6":"product_cat-buerobedarf-schreibwaren","7":"product_cat-bueroelektronik","8":"pa_binding-elektronik","9":"pa_brand-cmybabee","10":"pa_color-1-x-nero-1-x-ciano-1-x-giallo-1-x-magenta","11":"pa_height-7-086614166-zoll","12":"pa_length-11-81102361-zoll","13":"pa_manufacturer-cmybabee-kompatibel-fuer-hp","14":"pa_model-203x-cf540x-toner","15":"pa_width-7-480314953-zoll","17":"first","18":"instock","19":"shipping-taxable","20":"purchasable","21":"product-type-simple","22":"customify-col","23":"product-has-gallery"},"yoast_head":"<!-- This site is optimized with the Yoast SEO plugin v27.4 - https:\/\/yoast.com\/product\/yoast-seo-wordpress\/ -->\n<title>CMYBabee 203X Kompatibel mit HP 203X 203 CF540X 203A CF540A f\u00fcr HP MFP M281fdw Toner f\u00fcr HP Color Laserjet Pro MFP\u2026 - Markt-XXL<\/title>\n<meta name=\"description\" content=\"Markt-XXL CMYBabee 203X Kompatibel mit HP 203X 203 CF540X 203A CF540A f\u00fcr HP MFP M281fdw Toner f\u00fcr HP Color Laserjet Pro MFP\u2026\" \/>\n<meta name=\"robots\" content=\"index, follow, max-snippet:-1, max-image-preview:large, max-video-preview:-1\" \/>\n<link rel=\"canonical\" href=\"https:\/\/marktxxl.de\/markt\/produkt\/cmybabee-203x-kompatibel-fuer-hp-203x-cf540x-203a-cf540a-toner-fuer-hp-color-laserjet-pro-mfp-m281fdw-m281fdn-m254dw-m254nw-m280nw-m254dn-m281cdw-4-pack-cf541x-cf542x-cf543x-schwarz-cyan-gelb-magent\/\" \/>\n<meta property=\"og:locale\" content=\"de_DE\" \/>\n<meta property=\"og:type\" content=\"article\" \/>\n<meta property=\"og:title\" content=\"CMYBabee 203X Kompatibel mit HP 203X 203 CF540X 203A CF540A f\u00fcr HP MFP M281fdw Toner f\u00fcr HP Color Laserjet Pro MFP\u2026 - Markt-XXL\" \/>\n<meta property=\"og:description\" content=\"Markt-XXL CMYBabee 203X Kompatibel mit HP 203X 203 CF540X 203A CF540A f\u00fcr HP MFP M281fdw Toner f\u00fcr HP Color Laserjet Pro MFP\u2026\" \/>\n<meta property=\"og:url\" content=\"https:\/\/marktxxl.de\/markt\/produkt\/cmybabee-203x-kompatibel-fuer-hp-203x-cf540x-203a-cf540a-toner-fuer-hp-color-laserjet-pro-mfp-m281fdw-m281fdn-m254dw-m254nw-m280nw-m254dn-m281cdw-4-pack-cf541x-cf542x-cf543x-schwarz-cyan-gelb-magent\/\" \/>\n<meta property=\"og:site_name\" content=\"Markt-XXL\" \/>\n<meta property=\"article:modified_time\" content=\"2023-04-08T23:31:14+00:00\" \/>\n<meta property=\"og:image\" content=\"https:\/\/m.media-amazon.com\/images\/I\/51XoVk0mLWL._SL500_.jpg\" \/>\n\t<meta property=\"og:image:width\" content=\"500\" \/>\n\t<meta property=\"og:image:height\" content=\"500\" \/>\n\t<meta property=\"og:image:type\" content=\"image\/jpeg\" \/>\n<meta name=\"twitter:card\" content=\"summary_large_image\" \/>\n<meta name=\"twitter:label1\" content=\"Gesch\u00e4tzte Lesezeit\" \/>\n\t<meta name=\"twitter:data1\" content=\"1\u00a0Minute\" \/>\n<script type=\"application\/ld+json\" class=\"yoast-schema-graph\">{\"@context\":\"https:\\\/\\\/schema.org\",\"@graph\":[{\"@type\":\"WebPage\",\"@id\":\"https:\\\/\\\/marktxxl.de\\\/markt\\\/produkt\\\/cmybabee-203x-kompatibel-fuer-hp-203x-cf540x-203a-cf540a-toner-fuer-hp-color-laserjet-pro-mfp-m281fdw-m281fdn-m254dw-m254nw-m280nw-m254dn-m281cdw-4-pack-cf541x-cf542x-cf543x-schwarz-cyan-gelb-magent\\\/\",\"url\":\"https:\\\/\\\/marktxxl.de\\\/markt\\\/produkt\\\/cmybabee-203x-kompatibel-fuer-hp-203x-cf540x-203a-cf540a-toner-fuer-hp-color-laserjet-pro-mfp-m281fdw-m281fdn-m254dw-m254nw-m280nw-m254dn-m281cdw-4-pack-cf541x-cf542x-cf543x-schwarz-cyan-gelb-magent\\\/\",\"name\":\"CMYBabee 203X Kompatibel mit HP 203X 203 CF540X 203A CF540A f\u00fcr HP MFP M281fdw Toner f\u00fcr HP Color Laserjet Pro MFP\u2026 - Markt-XXL\",\"isPartOf\":{\"@id\":\"https:\\\/\\\/marktxxl.de\\\/markt\\\/#website\"},\"primaryImageOfPage\":{\"@id\":\"https:\\\/\\\/marktxxl.de\\\/markt\\\/produkt\\\/cmybabee-203x-kompatibel-fuer-hp-203x-cf540x-203a-cf540a-toner-fuer-hp-color-laserjet-pro-mfp-m281fdw-m281fdn-m254dw-m254nw-m280nw-m254dn-m281cdw-4-pack-cf541x-cf542x-cf543x-schwarz-cyan-gelb-magent\\\/#primaryimage\"},\"image\":{\"@id\":\"https:\\\/\\\/marktxxl.de\\\/markt\\\/produkt\\\/cmybabee-203x-kompatibel-fuer-hp-203x-cf540x-203a-cf540a-toner-fuer-hp-color-laserjet-pro-mfp-m281fdw-m281fdn-m254dw-m254nw-m280nw-m254dn-m281cdw-4-pack-cf541x-cf542x-cf543x-schwarz-cyan-gelb-magent\\\/#primaryimage\"},\"thumbnailUrl\":\"https:\\\/\\\/m.media-amazon.com\\\/images\\\/I\\\/51XoVk0mLWL._SL500_.jpg\",\"datePublished\":\"2021-09-26T12:39:10+00:00\",\"dateModified\":\"2023-04-08T23:31:14+00:00\",\"description\":\"Markt-XXL CMYBabee 203X Kompatibel mit HP 203X 203 CF540X 203A CF540A f\u00fcr HP MFP M281fdw Toner f\u00fcr HP Color Laserjet Pro MFP\u2026\",\"breadcrumb\":{\"@id\":\"https:\\\/\\\/marktxxl.de\\\/markt\\\/produkt\\\/cmybabee-203x-kompatibel-fuer-hp-203x-cf540x-203a-cf540a-toner-fuer-hp-color-laserjet-pro-mfp-m281fdw-m281fdn-m254dw-m254nw-m280nw-m254dn-m281cdw-4-pack-cf541x-cf542x-cf543x-schwarz-cyan-gelb-magent\\\/#breadcrumb\"},\"inLanguage\":\"de\",\"potentialAction\":[{\"@type\":\"ReadAction\",\"target\":[\"https:\\\/\\\/marktxxl.de\\\/markt\\\/produkt\\\/cmybabee-203x-kompatibel-fuer-hp-203x-cf540x-203a-cf540a-toner-fuer-hp-color-laserjet-pro-mfp-m281fdw-m281fdn-m254dw-m254nw-m280nw-m254dn-m281cdw-4-pack-cf541x-cf542x-cf543x-schwarz-cyan-gelb-magent\\\/\"]}]},{\"@type\":\"ImageObject\",\"inLanguage\":\"de\",\"@id\":\"https:\\\/\\\/marktxxl.de\\\/markt\\\/produkt\\\/cmybabee-203x-kompatibel-fuer-hp-203x-cf540x-203a-cf540a-toner-fuer-hp-color-laserjet-pro-mfp-m281fdw-m281fdn-m254dw-m254nw-m280nw-m254dn-m281cdw-4-pack-cf541x-cf542x-cf543x-schwarz-cyan-gelb-magent\\\/#primaryimage\",\"url\":\"https:\\\/\\\/m.media-amazon.com\\\/images\\\/I\\\/51XoVk0mLWL._SL500_.jpg\",\"contentUrl\":\"https:\\\/\\\/m.media-amazon.com\\\/images\\\/I\\\/51XoVk0mLWL._SL500_.jpg\",\"width\":500,\"height\":500},{\"@type\":\"BreadcrumbList\",\"@id\":\"https:\\\/\\\/marktxxl.de\\\/markt\\\/produkt\\\/cmybabee-203x-kompatibel-fuer-hp-203x-cf540x-203a-cf540a-toner-fuer-hp-color-laserjet-pro-mfp-m281fdw-m281fdn-m254dw-m254nw-m280nw-m254dn-m281cdw-4-pack-cf541x-cf542x-cf543x-schwarz-cyan-gelb-magent\\\/#breadcrumb\",\"itemListElement\":[{\"@type\":\"ListItem\",\"position\":1,\"name\":\"Startseite\",\"item\":\"https:\\\/\\\/marktxxl.de\\\/markt\\\/\"},{\"@type\":\"ListItem\",\"position\":2,\"name\":\"Markt\",\"item\":\"https:\\\/\\\/marktxxl.de\\\/markt\\\/\"},{\"@type\":\"ListItem\",\"position\":3,\"name\":\"CMYBabee 203X Kompatibel mit HP 203X 203 CF540X 203A CF540A f\u00fcr HP MFP M281fdw Toner f\u00fcr HP Color Laserjet Pro MFP\u2026\"}]},{\"@type\":\"WebSite\",\"@id\":\"https:\\\/\\\/marktxxl.de\\\/markt\\\/#website\",\"url\":\"https:\\\/\\\/marktxxl.de\\\/markt\\\/\",\"name\":\"Markt-XXL\",\"description\":\"Ihr Markt Online\",\"publisher\":{\"@id\":\"https:\\\/\\\/marktxxl.de\\\/markt\\\/#organization\"},\"potentialAction\":[{\"@type\":\"SearchAction\",\"target\":{\"@type\":\"EntryPoint\",\"urlTemplate\":\"https:\\\/\\\/marktxxl.de\\\/markt\\\/?s={search_term_string}\"},\"query-input\":{\"@type\":\"PropertyValueSpecification\",\"valueRequired\":true,\"valueName\":\"search_term_string\"}}],\"inLanguage\":\"de\"},{\"@type\":\"Organization\",\"@id\":\"https:\\\/\\\/marktxxl.de\\\/markt\\\/#organization\",\"name\":\"Markt-XXL\",\"url\":\"https:\\\/\\\/marktxxl.de\\\/markt\\\/\",\"logo\":{\"@type\":\"ImageObject\",\"inLanguage\":\"de\",\"@id\":\"https:\\\/\\\/marktxxl.de\\\/markt\\\/#\\\/schema\\\/logo\\\/image\\\/\",\"url\":\"https:\\\/\\\/marktxxl.de\\\/markt\\\/wp-content\\\/uploads\\\/sites\\\/3\\\/2020\\\/12\\\/logo.png\",\"contentUrl\":\"https:\\\/\\\/marktxxl.de\\\/markt\\\/wp-content\\\/uploads\\\/sites\\\/3\\\/2020\\\/12\\\/logo.png\",\"width\":200,\"height\":70,\"caption\":\"Markt-XXL\"},\"image\":{\"@id\":\"https:\\\/\\\/marktxxl.de\\\/markt\\\/#\\\/schema\\\/logo\\\/image\\\/\"}}]}<\/script>\n<!-- \/ Yoast SEO plugin. -->","yoast_head_json":{"title":"CMYBabee 203X Kompatibel mit HP 203X 203 CF540X 203A CF540A f\u00fcr HP MFP M281fdw Toner f\u00fcr HP Color Laserjet Pro MFP\u2026 - Markt-XXL","description":"Markt-XXL CMYBabee 203X Kompatibel mit HP 203X 203 CF540X 203A CF540A f\u00fcr HP MFP M281fdw Toner f\u00fcr HP Color Laserjet Pro MFP\u2026","robots":{"index":"index","follow":"follow","max-snippet":"max-snippet:-1","max-image-preview":"max-image-preview:large","max-video-preview":"max-video-preview:-1"},"canonical":"https:\/\/marktxxl.de\/markt\/produkt\/cmybabee-203x-kompatibel-fuer-hp-203x-cf540x-203a-cf540a-toner-fuer-hp-color-laserjet-pro-mfp-m281fdw-m281fdn-m254dw-m254nw-m280nw-m254dn-m281cdw-4-pack-cf541x-cf542x-cf543x-schwarz-cyan-gelb-magent\/","og_locale":"de_DE","og_type":"article","og_title":"CMYBabee 203X Kompatibel mit HP 203X 203 CF540X 203A CF540A f\u00fcr HP MFP M281fdw Toner f\u00fcr HP Color Laserjet Pro MFP\u2026 - Markt-XXL","og_description":"Markt-XXL CMYBabee 203X Kompatibel mit HP 203X 203 CF540X 203A CF540A f\u00fcr HP MFP M281fdw Toner f\u00fcr HP Color Laserjet Pro MFP\u2026","og_url":"https:\/\/marktxxl.de\/markt\/produkt\/cmybabee-203x-kompatibel-fuer-hp-203x-cf540x-203a-cf540a-toner-fuer-hp-color-laserjet-pro-mfp-m281fdw-m281fdn-m254dw-m254nw-m280nw-m254dn-m281cdw-4-pack-cf541x-cf542x-cf543x-schwarz-cyan-gelb-magent\/","og_site_name":"Markt-XXL","article_modified_time":"2023-04-08T23:31:14+00:00","og_image":[{"width":500,"height":500,"url":"https:\/\/m.media-amazon.com\/images\/I\/51XoVk0mLWL._SL500_.jpg","type":"image\/jpeg"}],"twitter_card":"summary_large_image","twitter_misc":{"Gesch\u00e4tzte Lesezeit":"1\u00a0Minute"},"schema":{"@context":"https:\/\/schema.org","@graph":[{"@type":"WebPage","@id":"https:\/\/marktxxl.de\/markt\/produkt\/cmybabee-203x-kompatibel-fuer-hp-203x-cf540x-203a-cf540a-toner-fuer-hp-color-laserjet-pro-mfp-m281fdw-m281fdn-m254dw-m254nw-m280nw-m254dn-m281cdw-4-pack-cf541x-cf542x-cf543x-schwarz-cyan-gelb-magent\/","url":"https:\/\/marktxxl.de\/markt\/produkt\/cmybabee-203x-kompatibel-fuer-hp-203x-cf540x-203a-cf540a-toner-fuer-hp-color-laserjet-pro-mfp-m281fdw-m281fdn-m254dw-m254nw-m280nw-m254dn-m281cdw-4-pack-cf541x-cf542x-cf543x-schwarz-cyan-gelb-magent\/","name":"CMYBabee 203X Kompatibel mit HP 203X 203 CF540X 203A CF540A f\u00fcr HP MFP M281fdw Toner f\u00fcr HP Color Laserjet Pro MFP\u2026 - Markt-XXL","isPartOf":{"@id":"https:\/\/marktxxl.de\/markt\/#website"},"primaryImageOfPage":{"@id":"https:\/\/marktxxl.de\/markt\/produkt\/cmybabee-203x-kompatibel-fuer-hp-203x-cf540x-203a-cf540a-toner-fuer-hp-color-laserjet-pro-mfp-m281fdw-m281fdn-m254dw-m254nw-m280nw-m254dn-m281cdw-4-pack-cf541x-cf542x-cf543x-schwarz-cyan-gelb-magent\/#primaryimage"},"image":{"@id":"https:\/\/marktxxl.de\/markt\/produkt\/cmybabee-203x-kompatibel-fuer-hp-203x-cf540x-203a-cf540a-toner-fuer-hp-color-laserjet-pro-mfp-m281fdw-m281fdn-m254dw-m254nw-m280nw-m254dn-m281cdw-4-pack-cf541x-cf542x-cf543x-schwarz-cyan-gelb-magent\/#primaryimage"},"thumbnailUrl":"https:\/\/m.media-amazon.com\/images\/I\/51XoVk0mLWL._SL500_.jpg","datePublished":"2021-09-26T12:39:10+00:00","dateModified":"2023-04-08T23:31:14+00:00","description":"Markt-XXL CMYBabee 203X Kompatibel mit HP 203X 203 CF540X 203A CF540A f\u00fcr HP MFP M281fdw Toner f\u00fcr HP Color Laserjet Pro MFP\u2026","breadcrumb":{"@id":"https:\/\/marktxxl.de\/markt\/produkt\/cmybabee-203x-kompatibel-fuer-hp-203x-cf540x-203a-cf540a-toner-fuer-hp-color-laserjet-pro-mfp-m281fdw-m281fdn-m254dw-m254nw-m280nw-m254dn-m281cdw-4-pack-cf541x-cf542x-cf543x-schwarz-cyan-gelb-magent\/#breadcrumb"},"inLanguage":"de","potentialAction":[{"@type":"ReadAction","target":["https:\/\/marktxxl.de\/markt\/produkt\/cmybabee-203x-kompatibel-fuer-hp-203x-cf540x-203a-cf540a-toner-fuer-hp-color-laserjet-pro-mfp-m281fdw-m281fdn-m254dw-m254nw-m280nw-m254dn-m281cdw-4-pack-cf541x-cf542x-cf543x-schwarz-cyan-gelb-magent\/"]}]},{"@type":"ImageObject","inLanguage":"de","@id":"https:\/\/marktxxl.de\/markt\/produkt\/cmybabee-203x-kompatibel-fuer-hp-203x-cf540x-203a-cf540a-toner-fuer-hp-color-laserjet-pro-mfp-m281fdw-m281fdn-m254dw-m254nw-m280nw-m254dn-m281cdw-4-pack-cf541x-cf542x-cf543x-schwarz-cyan-gelb-magent\/#primaryimage","url":"https:\/\/m.media-amazon.com\/images\/I\/51XoVk0mLWL._SL500_.jpg","contentUrl":"https:\/\/m.media-amazon.com\/images\/I\/51XoVk0mLWL._SL500_.jpg","width":500,"height":500},{"@type":"BreadcrumbList","@id":"https:\/\/marktxxl.de\/markt\/produkt\/cmybabee-203x-kompatibel-fuer-hp-203x-cf540x-203a-cf540a-toner-fuer-hp-color-laserjet-pro-mfp-m281fdw-m281fdn-m254dw-m254nw-m280nw-m254dn-m281cdw-4-pack-cf541x-cf542x-cf543x-schwarz-cyan-gelb-magent\/#breadcrumb","itemListElement":[{"@type":"ListItem","position":1,"name":"Startseite","item":"https:\/\/marktxxl.de\/markt\/"},{"@type":"ListItem","position":2,"name":"Markt","item":"https:\/\/marktxxl.de\/markt\/"},{"@type":"ListItem","position":3,"name":"CMYBabee 203X Kompatibel mit HP 203X 203 CF540X 203A CF540A f\u00fcr HP MFP M281fdw Toner f\u00fcr HP Color Laserjet Pro MFP\u2026"}]},{"@type":"WebSite","@id":"https:\/\/marktxxl.de\/markt\/#website","url":"https:\/\/marktxxl.de\/markt\/","name":"Markt-XXL","description":"Ihr Markt Online","publisher":{"@id":"https:\/\/marktxxl.de\/markt\/#organization"},"potentialAction":[{"@type":"SearchAction","target":{"@type":"EntryPoint","urlTemplate":"https:\/\/marktxxl.de\/markt\/?s={search_term_string}"},"query-input":{"@type":"PropertyValueSpecification","valueRequired":true,"valueName":"search_term_string"}}],"inLanguage":"de"},{"@type":"Organization","@id":"https:\/\/marktxxl.de\/markt\/#organization","name":"Markt-XXL","url":"https:\/\/marktxxl.de\/markt\/","logo":{"@type":"ImageObject","inLanguage":"de","@id":"https:\/\/marktxxl.de\/markt\/#\/schema\/logo\/image\/","url":"https:\/\/marktxxl.de\/markt\/wp-content\/uploads\/sites\/3\/2020\/12\/logo.png","contentUrl":"https:\/\/marktxxl.de\/markt\/wp-content\/uploads\/sites\/3\/2020\/12\/logo.png","width":200,"height":70,"caption":"Markt-XXL"},"image":{"@id":"https:\/\/marktxxl.de\/markt\/#\/schema\/logo\/image\/"}}]}},"_links":{"self":[{"href":"https:\/\/marktxxl.de\/markt\/wp-json\/wp\/v2\/product\/42734","targetHints":{"allow":["GET"]}}],"collection":[{"href":"https:\/\/marktxxl.de\/markt\/wp-json\/wp\/v2\/product"}],"about":[{"href":"https:\/\/marktxxl.de\/markt\/wp-json\/wp\/v2\/types\/product"}],"replies":[{"embeddable":true,"href":"https:\/\/marktxxl.de\/markt\/wp-json\/wp\/v2\/comments?post=42734"}],"wp:featuredmedia":[{"embeddable":true,"href":"https:\/\/marktxxl.de\/markt\/wp-json\/wp\/v2\/media\/42735"}],"wp:attachment":[{"href":"https:\/\/marktxxl.de\/markt\/wp-json\/wp\/v2\/media?parent=42734"}],"wp:term":[{"taxonomy":"product_brand","embeddable":true,"href":"https:\/\/marktxxl.de\/markt\/wp-json\/wp\/v2\/product_brand?post=42734"},{"taxonomy":"product_cat","embeddable":true,"href":"https:\/\/marktxxl.de\/markt\/wp-json\/wp\/v2\/product_cat?post=42734"},{"taxonomy":"product_tag","embeddable":true,"href":"https:\/\/marktxxl.de\/markt\/wp-json\/wp\/v2\/product_tag?post=42734"}],"curies":[{"name":"wp","href":"https:\/\/api.w.org\/{rel}","templated":true}]}}