{"id":42717,"date":"2021-09-26T14:39:07","date_gmt":"2021-09-26T12:39:07","guid":{"rendered":"https:\/\/marktxxl.de\/markt\/produkt\/onlyu-4-pack-kompatibler-clt-k404s-clt-c404s-clt-m404s-clt-y404s-tonerkartusche-fuer-samsung-xpress-c480-c480w-samsung-sl-c480-c480w-sl-c480fw-sl-c480fn-c430-c430w\/"},"modified":"2023-04-09T01:31:14","modified_gmt":"2023-04-08T23:31:14","slug":"onlyu-4-pack-kompatibler-clt-k404s-clt-c404s-clt-m404s-clt-y404s-tonerkartusche-fuer-samsung-xpress-c480-c480w-samsung-sl-c480-c480w-sl-c480fw-sl-c480fn-c430-c430w","status":"publish","type":"product","link":"https:\/\/marktxxl.de\/markt\/produkt\/onlyu-4-pack-kompatibler-clt-k404s-clt-c404s-clt-m404s-clt-y404s-tonerkartusche-fuer-samsung-xpress-c480-c480w-samsung-sl-c480-c480w-sl-c480fw-sl-c480fn-c430-c430w\/","title":{"rendered":"ONLYU Kompatibel CLT-P404C P404C Tonerkartusche Kompatibel f\u00fcr Toner Samsung C480W f\u00fcr Samsung Xpress SL C480FW C430W\u2026"},"content":{"rendered":"<p>Paket Inhalt: 4 Packung (1Schwarz, 1Cyan, 1Magenta, 1Gelb)<br \/>\nSeitenertrag: 1500 Seiten (Schwarz), 1000 Seiten (Cyan, Gelb, Magenta)<br \/>\nKompatibel Drucker: Samsung Xpress SL-C430 SL-C430W SL-C432 SL-C432W SL-C433 SL-C433W SL-C480 SL-C480FW SL-C480W SL-C480FN SL-C482 SL-C482W SL-C482FW SL-C483FW SL-C483W<br \/>\nZuverl\u00e4ssige Leistung: \u00dcberragende Laserdruckqualit\u00e4t, gleichbleibend scharfe, professionelle Ausgabe in Laserqualit\u00e4t<br \/>\nStrenge Qualit\u00e4tskontrolle: Jede Patrone wird sorgf\u00e4ltig gepr\u00fcft und verpackt, um sicherzustellen, dass sie vor dem Versand in bestem Zustand ist<br \/>\n<div class=\"main-cross-sell\" data-asin=\"B07FT1BZT6\">\n\n\t<div class=\"WooZone-cross-sell-loader\">\n\t\t<div>\n\t\t\t<div id=\"floatingBarsG\">\n\t\t\t\t<div class=\"blockG\" id=\"rotateG_01\"><\/div>\n\t\t\t\t<div class=\"blockG\" id=\"rotateG_02\"><\/div>\n\t\t\t\t<div class=\"blockG\" id=\"rotateG_03\"><\/div>\n\t\t\t\t<div class=\"blockG\" id=\"rotateG_04\"><\/div>\n\t\t\t\t<div class=\"blockG\" id=\"rotateG_05\"><\/div>\n\t\t\t\t<div class=\"blockG\" id=\"rotateG_06\"><\/div>\n\t\t\t\t<div class=\"blockG\" id=\"rotateG_07\"><\/div>\n\t\t\t\t<div class=\"blockG\" id=\"rotateG_08\"><\/div>\n\t\t\t<\/div>\n\t\t\t<div class=\"WooZone-cross-sell-loader-text\"><\/div>\n\t\t<\/div>\n\t<\/div>\n\n\t\t\n<\/div>\n<div style=\"clear:both;\"><\/div><\/p>\n","protected":false},"excerpt":{"rendered":"<p>Paket Inhalt: 4 Packung (1Schwarz, 1Cyan, 1Magenta, 1Gelb)<br \/>\nSeitenertrag: 1500 Seiten (Schwarz), 1000 Seiten (Cyan, Gelb, Magenta)<br \/>\nKompatibel Drucker: Samsung Xpress SL-C430 SL-C430W SL-C432 SL-C432W SL-C433 SL-C433W SL-C480 SL-C480FW SL-C480W SL-C480FN SL-C482 SL-C482W SL-C482FW SL-C483FW SL-C483W<\/p>\n","protected":false},"featured_media":42718,"comment_status":"open","ping_status":"closed","template":"","meta":[],"product_brand":[],"product_cat":[504,8208],"product_tag":[],"class_list":{"0":"post-42717","1":"product","2":"type-product","3":"status-publish","4":"has-post-thumbnail","6":"product_cat-buerobedarf-schreibwaren","7":"product_cat-bueroelektronik","8":"pa_binding-buerobedarf-schreibwaren","9":"pa_brand-onlyu","10":"pa_color-1-schwarz1-cyan1-magenta1-gelb","11":"pa_manufacturer-onlyu-nicht-samsung-original","12":"pa_model-samsung-c480w-toner","14":"first","15":"instock","16":"shipping-taxable","17":"purchasable","18":"product-type-simple","19":"customify-col","20":"product-has-gallery"},"yoast_head":"<!-- This site is optimized with the Yoast SEO plugin v27.4 - https:\/\/yoast.com\/product\/yoast-seo-wordpress\/ -->\n<title>ONLYU Kompatibel CLT-P404C P404C Tonerkartusche Kompatibel f\u00fcr Toner Samsung C480W f\u00fcr Samsung Xpress SL C480FW C430W\u2026 - Markt-XXL<\/title>\n<meta name=\"description\" content=\"Markt-XXL ONLYU Kompatibel CLT-P404C P404C Tonerkartusche Kompatibel f\u00fcr Toner Samsung C480W f\u00fcr Samsung Xpress SL C480FW C430W\u2026\" \/>\n<meta name=\"robots\" content=\"index, follow, max-snippet:-1, max-image-preview:large, max-video-preview:-1\" \/>\n<link rel=\"canonical\" href=\"https:\/\/marktxxl.de\/markt\/produkt\/onlyu-4-pack-kompatibler-clt-k404s-clt-c404s-clt-m404s-clt-y404s-tonerkartusche-fuer-samsung-xpress-c480-c480w-samsung-sl-c480-c480w-sl-c480fw-sl-c480fn-c430-c430w\/\" \/>\n<meta property=\"og:locale\" content=\"de_DE\" \/>\n<meta property=\"og:type\" content=\"article\" \/>\n<meta property=\"og:title\" content=\"ONLYU Kompatibel CLT-P404C P404C Tonerkartusche Kompatibel f\u00fcr Toner Samsung C480W f\u00fcr Samsung Xpress SL C480FW C430W\u2026 - Markt-XXL\" \/>\n<meta property=\"og:description\" content=\"Markt-XXL ONLYU Kompatibel CLT-P404C P404C Tonerkartusche Kompatibel f\u00fcr Toner Samsung C480W f\u00fcr Samsung Xpress SL C480FW C430W\u2026\" \/>\n<meta property=\"og:url\" content=\"https:\/\/marktxxl.de\/markt\/produkt\/onlyu-4-pack-kompatibler-clt-k404s-clt-c404s-clt-m404s-clt-y404s-tonerkartusche-fuer-samsung-xpress-c480-c480w-samsung-sl-c480-c480w-sl-c480fw-sl-c480fn-c430-c430w\/\" \/>\n<meta property=\"og:site_name\" content=\"Markt-XXL\" \/>\n<meta property=\"article:modified_time\" content=\"2023-04-08T23:31:14+00:00\" \/>\n<meta property=\"og:image\" content=\"https:\/\/m.media-amazon.com\/images\/I\/51qZz0uhTiL._SL500_.jpg\" \/>\n\t<meta property=\"og:image:width\" content=\"500\" \/>\n\t<meta property=\"og:image:height\" content=\"500\" \/>\n\t<meta property=\"og:image:type\" content=\"image\/jpeg\" \/>\n<meta name=\"twitter:card\" content=\"summary_large_image\" \/>\n<script type=\"application\/ld+json\" class=\"yoast-schema-graph\">{\"@context\":\"https:\\\/\\\/schema.org\",\"@graph\":[{\"@type\":\"WebPage\",\"@id\":\"https:\\\/\\\/marktxxl.de\\\/markt\\\/produkt\\\/onlyu-4-pack-kompatibler-clt-k404s-clt-c404s-clt-m404s-clt-y404s-tonerkartusche-fuer-samsung-xpress-c480-c480w-samsung-sl-c480-c480w-sl-c480fw-sl-c480fn-c430-c430w\\\/\",\"url\":\"https:\\\/\\\/marktxxl.de\\\/markt\\\/produkt\\\/onlyu-4-pack-kompatibler-clt-k404s-clt-c404s-clt-m404s-clt-y404s-tonerkartusche-fuer-samsung-xpress-c480-c480w-samsung-sl-c480-c480w-sl-c480fw-sl-c480fn-c430-c430w\\\/\",\"name\":\"ONLYU Kompatibel CLT-P404C P404C Tonerkartusche Kompatibel f\u00fcr Toner Samsung C480W f\u00fcr Samsung Xpress SL C480FW C430W\u2026 - Markt-XXL\",\"isPartOf\":{\"@id\":\"https:\\\/\\\/marktxxl.de\\\/markt\\\/#website\"},\"primaryImageOfPage\":{\"@id\":\"https:\\\/\\\/marktxxl.de\\\/markt\\\/produkt\\\/onlyu-4-pack-kompatibler-clt-k404s-clt-c404s-clt-m404s-clt-y404s-tonerkartusche-fuer-samsung-xpress-c480-c480w-samsung-sl-c480-c480w-sl-c480fw-sl-c480fn-c430-c430w\\\/#primaryimage\"},\"image\":{\"@id\":\"https:\\\/\\\/marktxxl.de\\\/markt\\\/produkt\\\/onlyu-4-pack-kompatibler-clt-k404s-clt-c404s-clt-m404s-clt-y404s-tonerkartusche-fuer-samsung-xpress-c480-c480w-samsung-sl-c480-c480w-sl-c480fw-sl-c480fn-c430-c430w\\\/#primaryimage\"},\"thumbnailUrl\":\"https:\\\/\\\/m.media-amazon.com\\\/images\\\/I\\\/51qZz0uhTiL._SL500_.jpg\",\"datePublished\":\"2021-09-26T12:39:07+00:00\",\"dateModified\":\"2023-04-08T23:31:14+00:00\",\"description\":\"Markt-XXL ONLYU Kompatibel CLT-P404C P404C Tonerkartusche Kompatibel f\u00fcr Toner Samsung C480W f\u00fcr Samsung Xpress SL C480FW C430W\u2026\",\"breadcrumb\":{\"@id\":\"https:\\\/\\\/marktxxl.de\\\/markt\\\/produkt\\\/onlyu-4-pack-kompatibler-clt-k404s-clt-c404s-clt-m404s-clt-y404s-tonerkartusche-fuer-samsung-xpress-c480-c480w-samsung-sl-c480-c480w-sl-c480fw-sl-c480fn-c430-c430w\\\/#breadcrumb\"},\"inLanguage\":\"de\",\"potentialAction\":[{\"@type\":\"ReadAction\",\"target\":[\"https:\\\/\\\/marktxxl.de\\\/markt\\\/produkt\\\/onlyu-4-pack-kompatibler-clt-k404s-clt-c404s-clt-m404s-clt-y404s-tonerkartusche-fuer-samsung-xpress-c480-c480w-samsung-sl-c480-c480w-sl-c480fw-sl-c480fn-c430-c430w\\\/\"]}]},{\"@type\":\"ImageObject\",\"inLanguage\":\"de\",\"@id\":\"https:\\\/\\\/marktxxl.de\\\/markt\\\/produkt\\\/onlyu-4-pack-kompatibler-clt-k404s-clt-c404s-clt-m404s-clt-y404s-tonerkartusche-fuer-samsung-xpress-c480-c480w-samsung-sl-c480-c480w-sl-c480fw-sl-c480fn-c430-c430w\\\/#primaryimage\",\"url\":\"https:\\\/\\\/m.media-amazon.com\\\/images\\\/I\\\/51qZz0uhTiL._SL500_.jpg\",\"contentUrl\":\"https:\\\/\\\/m.media-amazon.com\\\/images\\\/I\\\/51qZz0uhTiL._SL500_.jpg\",\"width\":500,\"height\":500},{\"@type\":\"BreadcrumbList\",\"@id\":\"https:\\\/\\\/marktxxl.de\\\/markt\\\/produkt\\\/onlyu-4-pack-kompatibler-clt-k404s-clt-c404s-clt-m404s-clt-y404s-tonerkartusche-fuer-samsung-xpress-c480-c480w-samsung-sl-c480-c480w-sl-c480fw-sl-c480fn-c430-c430w\\\/#breadcrumb\",\"itemListElement\":[{\"@type\":\"ListItem\",\"position\":1,\"name\":\"Startseite\",\"item\":\"https:\\\/\\\/marktxxl.de\\\/markt\\\/\"},{\"@type\":\"ListItem\",\"position\":2,\"name\":\"Markt\",\"item\":\"https:\\\/\\\/marktxxl.de\\\/markt\\\/\"},{\"@type\":\"ListItem\",\"position\":3,\"name\":\"ONLYU Kompatibel CLT-P404C P404C Tonerkartusche Kompatibel f\u00fcr Toner Samsung C480W f\u00fcr Samsung Xpress SL C480FW C430W\u2026\"}]},{\"@type\":\"WebSite\",\"@id\":\"https:\\\/\\\/marktxxl.de\\\/markt\\\/#website\",\"url\":\"https:\\\/\\\/marktxxl.de\\\/markt\\\/\",\"name\":\"Markt-XXL\",\"description\":\"Ihr Markt Online\",\"publisher\":{\"@id\":\"https:\\\/\\\/marktxxl.de\\\/markt\\\/#organization\"},\"potentialAction\":[{\"@type\":\"SearchAction\",\"target\":{\"@type\":\"EntryPoint\",\"urlTemplate\":\"https:\\\/\\\/marktxxl.de\\\/markt\\\/?s={search_term_string}\"},\"query-input\":{\"@type\":\"PropertyValueSpecification\",\"valueRequired\":true,\"valueName\":\"search_term_string\"}}],\"inLanguage\":\"de\"},{\"@type\":\"Organization\",\"@id\":\"https:\\\/\\\/marktxxl.de\\\/markt\\\/#organization\",\"name\":\"Markt-XXL\",\"url\":\"https:\\\/\\\/marktxxl.de\\\/markt\\\/\",\"logo\":{\"@type\":\"ImageObject\",\"inLanguage\":\"de\",\"@id\":\"https:\\\/\\\/marktxxl.de\\\/markt\\\/#\\\/schema\\\/logo\\\/image\\\/\",\"url\":\"https:\\\/\\\/marktxxl.de\\\/markt\\\/wp-content\\\/uploads\\\/sites\\\/3\\\/2020\\\/12\\\/logo.png\",\"contentUrl\":\"https:\\\/\\\/marktxxl.de\\\/markt\\\/wp-content\\\/uploads\\\/sites\\\/3\\\/2020\\\/12\\\/logo.png\",\"width\":200,\"height\":70,\"caption\":\"Markt-XXL\"},\"image\":{\"@id\":\"https:\\\/\\\/marktxxl.de\\\/markt\\\/#\\\/schema\\\/logo\\\/image\\\/\"}}]}<\/script>\n<!-- \/ Yoast SEO plugin. -->","yoast_head_json":{"title":"ONLYU Kompatibel CLT-P404C P404C Tonerkartusche Kompatibel f\u00fcr Toner Samsung C480W f\u00fcr Samsung Xpress SL C480FW C430W\u2026 - Markt-XXL","description":"Markt-XXL ONLYU Kompatibel CLT-P404C P404C Tonerkartusche Kompatibel f\u00fcr Toner Samsung C480W f\u00fcr Samsung Xpress SL C480FW C430W\u2026","robots":{"index":"index","follow":"follow","max-snippet":"max-snippet:-1","max-image-preview":"max-image-preview:large","max-video-preview":"max-video-preview:-1"},"canonical":"https:\/\/marktxxl.de\/markt\/produkt\/onlyu-4-pack-kompatibler-clt-k404s-clt-c404s-clt-m404s-clt-y404s-tonerkartusche-fuer-samsung-xpress-c480-c480w-samsung-sl-c480-c480w-sl-c480fw-sl-c480fn-c430-c430w\/","og_locale":"de_DE","og_type":"article","og_title":"ONLYU Kompatibel CLT-P404C P404C Tonerkartusche Kompatibel f\u00fcr Toner Samsung C480W f\u00fcr Samsung Xpress SL C480FW C430W\u2026 - Markt-XXL","og_description":"Markt-XXL ONLYU Kompatibel CLT-P404C P404C Tonerkartusche Kompatibel f\u00fcr Toner Samsung C480W f\u00fcr Samsung Xpress SL C480FW C430W\u2026","og_url":"https:\/\/marktxxl.de\/markt\/produkt\/onlyu-4-pack-kompatibler-clt-k404s-clt-c404s-clt-m404s-clt-y404s-tonerkartusche-fuer-samsung-xpress-c480-c480w-samsung-sl-c480-c480w-sl-c480fw-sl-c480fn-c430-c430w\/","og_site_name":"Markt-XXL","article_modified_time":"2023-04-08T23:31:14+00:00","og_image":[{"width":500,"height":500,"url":"https:\/\/m.media-amazon.com\/images\/I\/51qZz0uhTiL._SL500_.jpg","type":"image\/jpeg"}],"twitter_card":"summary_large_image","schema":{"@context":"https:\/\/schema.org","@graph":[{"@type":"WebPage","@id":"https:\/\/marktxxl.de\/markt\/produkt\/onlyu-4-pack-kompatibler-clt-k404s-clt-c404s-clt-m404s-clt-y404s-tonerkartusche-fuer-samsung-xpress-c480-c480w-samsung-sl-c480-c480w-sl-c480fw-sl-c480fn-c430-c430w\/","url":"https:\/\/marktxxl.de\/markt\/produkt\/onlyu-4-pack-kompatibler-clt-k404s-clt-c404s-clt-m404s-clt-y404s-tonerkartusche-fuer-samsung-xpress-c480-c480w-samsung-sl-c480-c480w-sl-c480fw-sl-c480fn-c430-c430w\/","name":"ONLYU Kompatibel CLT-P404C P404C Tonerkartusche Kompatibel f\u00fcr Toner Samsung C480W f\u00fcr Samsung Xpress SL C480FW C430W\u2026 - Markt-XXL","isPartOf":{"@id":"https:\/\/marktxxl.de\/markt\/#website"},"primaryImageOfPage":{"@id":"https:\/\/marktxxl.de\/markt\/produkt\/onlyu-4-pack-kompatibler-clt-k404s-clt-c404s-clt-m404s-clt-y404s-tonerkartusche-fuer-samsung-xpress-c480-c480w-samsung-sl-c480-c480w-sl-c480fw-sl-c480fn-c430-c430w\/#primaryimage"},"image":{"@id":"https:\/\/marktxxl.de\/markt\/produkt\/onlyu-4-pack-kompatibler-clt-k404s-clt-c404s-clt-m404s-clt-y404s-tonerkartusche-fuer-samsung-xpress-c480-c480w-samsung-sl-c480-c480w-sl-c480fw-sl-c480fn-c430-c430w\/#primaryimage"},"thumbnailUrl":"https:\/\/m.media-amazon.com\/images\/I\/51qZz0uhTiL._SL500_.jpg","datePublished":"2021-09-26T12:39:07+00:00","dateModified":"2023-04-08T23:31:14+00:00","description":"Markt-XXL ONLYU Kompatibel CLT-P404C P404C Tonerkartusche Kompatibel f\u00fcr Toner Samsung C480W f\u00fcr Samsung Xpress SL C480FW C430W\u2026","breadcrumb":{"@id":"https:\/\/marktxxl.de\/markt\/produkt\/onlyu-4-pack-kompatibler-clt-k404s-clt-c404s-clt-m404s-clt-y404s-tonerkartusche-fuer-samsung-xpress-c480-c480w-samsung-sl-c480-c480w-sl-c480fw-sl-c480fn-c430-c430w\/#breadcrumb"},"inLanguage":"de","potentialAction":[{"@type":"ReadAction","target":["https:\/\/marktxxl.de\/markt\/produkt\/onlyu-4-pack-kompatibler-clt-k404s-clt-c404s-clt-m404s-clt-y404s-tonerkartusche-fuer-samsung-xpress-c480-c480w-samsung-sl-c480-c480w-sl-c480fw-sl-c480fn-c430-c430w\/"]}]},{"@type":"ImageObject","inLanguage":"de","@id":"https:\/\/marktxxl.de\/markt\/produkt\/onlyu-4-pack-kompatibler-clt-k404s-clt-c404s-clt-m404s-clt-y404s-tonerkartusche-fuer-samsung-xpress-c480-c480w-samsung-sl-c480-c480w-sl-c480fw-sl-c480fn-c430-c430w\/#primaryimage","url":"https:\/\/m.media-amazon.com\/images\/I\/51qZz0uhTiL._SL500_.jpg","contentUrl":"https:\/\/m.media-amazon.com\/images\/I\/51qZz0uhTiL._SL500_.jpg","width":500,"height":500},{"@type":"BreadcrumbList","@id":"https:\/\/marktxxl.de\/markt\/produkt\/onlyu-4-pack-kompatibler-clt-k404s-clt-c404s-clt-m404s-clt-y404s-tonerkartusche-fuer-samsung-xpress-c480-c480w-samsung-sl-c480-c480w-sl-c480fw-sl-c480fn-c430-c430w\/#breadcrumb","itemListElement":[{"@type":"ListItem","position":1,"name":"Startseite","item":"https:\/\/marktxxl.de\/markt\/"},{"@type":"ListItem","position":2,"name":"Markt","item":"https:\/\/marktxxl.de\/markt\/"},{"@type":"ListItem","position":3,"name":"ONLYU Kompatibel CLT-P404C P404C Tonerkartusche Kompatibel f\u00fcr Toner Samsung C480W f\u00fcr Samsung Xpress SL C480FW C430W\u2026"}]},{"@type":"WebSite","@id":"https:\/\/marktxxl.de\/markt\/#website","url":"https:\/\/marktxxl.de\/markt\/","name":"Markt-XXL","description":"Ihr Markt Online","publisher":{"@id":"https:\/\/marktxxl.de\/markt\/#organization"},"potentialAction":[{"@type":"SearchAction","target":{"@type":"EntryPoint","urlTemplate":"https:\/\/marktxxl.de\/markt\/?s={search_term_string}"},"query-input":{"@type":"PropertyValueSpecification","valueRequired":true,"valueName":"search_term_string"}}],"inLanguage":"de"},{"@type":"Organization","@id":"https:\/\/marktxxl.de\/markt\/#organization","name":"Markt-XXL","url":"https:\/\/marktxxl.de\/markt\/","logo":{"@type":"ImageObject","inLanguage":"de","@id":"https:\/\/marktxxl.de\/markt\/#\/schema\/logo\/image\/","url":"https:\/\/marktxxl.de\/markt\/wp-content\/uploads\/sites\/3\/2020\/12\/logo.png","contentUrl":"https:\/\/marktxxl.de\/markt\/wp-content\/uploads\/sites\/3\/2020\/12\/logo.png","width":200,"height":70,"caption":"Markt-XXL"},"image":{"@id":"https:\/\/marktxxl.de\/markt\/#\/schema\/logo\/image\/"}}]}},"_links":{"self":[{"href":"https:\/\/marktxxl.de\/markt\/wp-json\/wp\/v2\/product\/42717","targetHints":{"allow":["GET"]}}],"collection":[{"href":"https:\/\/marktxxl.de\/markt\/wp-json\/wp\/v2\/product"}],"about":[{"href":"https:\/\/marktxxl.de\/markt\/wp-json\/wp\/v2\/types\/product"}],"replies":[{"embeddable":true,"href":"https:\/\/marktxxl.de\/markt\/wp-json\/wp\/v2\/comments?post=42717"}],"wp:featuredmedia":[{"embeddable":true,"href":"https:\/\/marktxxl.de\/markt\/wp-json\/wp\/v2\/media\/42718"}],"wp:attachment":[{"href":"https:\/\/marktxxl.de\/markt\/wp-json\/wp\/v2\/media?parent=42717"}],"wp:term":[{"taxonomy":"product_brand","embeddable":true,"href":"https:\/\/marktxxl.de\/markt\/wp-json\/wp\/v2\/product_brand?post=42717"},{"taxonomy":"product_cat","embeddable":true,"href":"https:\/\/marktxxl.de\/markt\/wp-json\/wp\/v2\/product_cat?post=42717"},{"taxonomy":"product_tag","embeddable":true,"href":"https:\/\/marktxxl.de\/markt\/wp-json\/wp\/v2\/product_tag?post=42717"}],"curies":[{"name":"wp","href":"https:\/\/api.w.org\/{rel}","templated":true}]}}