{"id":42531,"date":"2021-09-26T14:33:29","date_gmt":"2021-09-26T12:33:29","guid":{"rendered":"https:\/\/marktxxl.de\/markt\/produkt\/ruspepa-254-x-33-cm-grosse-versandtaschen-aus-polyester\/"},"modified":"2023-04-09T01:30:27","modified_gmt":"2023-04-08T23:30:27","slug":"ruspepa-254-x-33-cm-grosse-versandtaschen-aus-polyester","status":"publish","type":"product","link":"https:\/\/marktxxl.de\/markt\/produkt\/ruspepa-254-x-33-cm-grosse-versandtaschen-aus-polyester\/","title":{"rendered":"RUSPEPA Poly-Versandtasche mit selbstschlie\u00dfendem Business-Text, gedrucktes Design, 2,3 mm, strapazierf\u00e4hig\u2026"},"content":{"rendered":"<p>Gr\u00f6\u00dfe und Druck: 100 St\u00fcck Versandtaschen aus Polyster im Lieferumfang enthalten, 10 x 13 cm. In Poly-Versandtaschen gedruckt<br \/>\nSt\u00e4rke: 2,3 mm dicke, robuste 10 x 13 Poly-Versandtaschen sind wasserdicht und langlebig, sehr widerstandsf\u00e4hig gegen Risse, L\u00f6cher und Sch\u00e4den<br \/>\nNicht durchsichtig: Diese gro\u00dfen Poly-Versandtaschen waren nicht durchsichtig, das schwarze Innenfutter sch\u00fctzt Ihre Privatsph\u00e4re<br \/>\nSchnellverschluss: Ruspepa Poly-Versandtaschen kommen mit schnellem, selbstklebendem Klebstoff, ist sehr klebrig, wodurch die Tasche sehr gut und manipulationssicher versiegelt wird<br \/>\nVielseitig verwendbar: Unsere 25,4 x 33 cm gro\u00dfen Versandtaschen sind eine gro\u00dfartige Idee f\u00fcr den schnellen Versand von Kleidung, Hosen, Decken, Leggings, T-Shirts und anderen nicht zerbrechlichen Gegenst\u00e4nden<br \/>\n<div class=\"main-cross-sell\" data-asin=\"B084GWM1XW\">\n\n\t<div class=\"WooZone-cross-sell-loader\">\n\t\t<div>\n\t\t\t<div id=\"floatingBarsG\">\n\t\t\t\t<div class=\"blockG\" id=\"rotateG_01\"><\/div>\n\t\t\t\t<div class=\"blockG\" id=\"rotateG_02\"><\/div>\n\t\t\t\t<div class=\"blockG\" id=\"rotateG_03\"><\/div>\n\t\t\t\t<div class=\"blockG\" id=\"rotateG_04\"><\/div>\n\t\t\t\t<div class=\"blockG\" id=\"rotateG_05\"><\/div>\n\t\t\t\t<div class=\"blockG\" id=\"rotateG_06\"><\/div>\n\t\t\t\t<div class=\"blockG\" id=\"rotateG_07\"><\/div>\n\t\t\t\t<div class=\"blockG\" id=\"rotateG_08\"><\/div>\n\t\t\t<\/div>\n\t\t\t<div class=\"WooZone-cross-sell-loader-text\"><\/div>\n\t\t<\/div>\n\t<\/div>\n\n\t\t\n<\/div>\n<div style=\"clear:both;\"><\/div><\/p>\n","protected":false},"excerpt":{"rendered":"<p>Gr\u00f6\u00dfe und Druck: 100 St\u00fcck Versandtaschen aus Polyster im Lieferumfang enthalten, 10 x 13 cm. In Poly-Versandtaschen gedruckt<br \/>\nSt\u00e4rke: 2,3 mm dicke, robuste 10 x 13 Poly-Versandtaschen sind wasserdicht und langlebig, sehr widerstandsf\u00e4hig gegen Risse, L\u00f6cher und Sch\u00e4den<br \/>\nNicht durchsichtig: Diese gro\u00dfen Poly-Versandtaschen waren nicht durchsichtig, das schwarze Innenfutter sch\u00fctzt Ihre Privatsph\u00e4re<\/p>\n","protected":false},"featured_media":42532,"comment_status":"open","ping_status":"closed","template":"","meta":[],"product_brand":[],"product_cat":[504,8703],"product_tag":[],"class_list":{"0":"post-42531","1":"product","2":"type-product","3":"status-publish","4":"has-post-thumbnail","6":"product_cat-buerobedarf-schreibwaren","7":"product_cat-umschlaege-versandzubehoer","8":"pa_binding-buerobedarf-schreibwaren","9":"pa_brand-ruspepa","10":"pa_manufacturer-ruspepa","12":"first","13":"instock","14":"shipping-taxable","15":"purchasable","16":"product-type-simple","17":"customify-col","18":"product-has-gallery"},"yoast_head":"<!-- This site is optimized with the Yoast SEO plugin v27.3 - https:\/\/yoast.com\/product\/yoast-seo-wordpress\/ -->\n<title>RUSPEPA Poly-Versandtasche mit selbstschlie\u00dfendem Business-Text, gedrucktes Design, 2,3 mm, strapazierf\u00e4hig\u2026 - Markt-XXL<\/title>\n<meta name=\"description\" content=\"Markt-XXL RUSPEPA Poly-Versandtasche mit selbstschlie\u00dfendem Business-Text, gedrucktes Design, 2,3 mm, strapazierf\u00e4hig\u2026\" \/>\n<meta name=\"robots\" content=\"index, follow, max-snippet:-1, max-image-preview:large, max-video-preview:-1\" \/>\n<link rel=\"canonical\" href=\"https:\/\/marktxxl.de\/markt\/produkt\/ruspepa-254-x-33-cm-grosse-versandtaschen-aus-polyester\/\" \/>\n<meta property=\"og:locale\" content=\"de_DE\" \/>\n<meta property=\"og:type\" content=\"article\" \/>\n<meta property=\"og:title\" content=\"RUSPEPA Poly-Versandtasche mit selbstschlie\u00dfendem Business-Text, gedrucktes Design, 2,3 mm, strapazierf\u00e4hig\u2026 - Markt-XXL\" \/>\n<meta property=\"og:description\" content=\"Markt-XXL RUSPEPA Poly-Versandtasche mit selbstschlie\u00dfendem Business-Text, gedrucktes Design, 2,3 mm, strapazierf\u00e4hig\u2026\" \/>\n<meta property=\"og:url\" content=\"https:\/\/marktxxl.de\/markt\/produkt\/ruspepa-254-x-33-cm-grosse-versandtaschen-aus-polyester\/\" \/>\n<meta property=\"og:site_name\" content=\"Markt-XXL\" \/>\n<meta property=\"article:modified_time\" content=\"2023-04-08T23:30:27+00:00\" \/>\n<meta property=\"og:image\" content=\"https:\/\/m.media-amazon.com\/images\/I\/41h9cQNay0L._SL500_.jpg\" \/>\n\t<meta property=\"og:image:width\" content=\"500\" \/>\n\t<meta property=\"og:image:height\" content=\"500\" \/>\n\t<meta property=\"og:image:type\" content=\"image\/jpeg\" \/>\n<meta name=\"twitter:card\" content=\"summary_large_image\" \/>\n<meta name=\"twitter:label1\" content=\"Gesch\u00e4tzte Lesezeit\" \/>\n\t<meta name=\"twitter:data1\" content=\"1\u00a0Minute\" \/>\n<script type=\"application\/ld+json\" class=\"yoast-schema-graph\">{\"@context\":\"https:\\\/\\\/schema.org\",\"@graph\":[{\"@type\":\"WebPage\",\"@id\":\"https:\\\/\\\/marktxxl.de\\\/markt\\\/produkt\\\/ruspepa-254-x-33-cm-grosse-versandtaschen-aus-polyester\\\/\",\"url\":\"https:\\\/\\\/marktxxl.de\\\/markt\\\/produkt\\\/ruspepa-254-x-33-cm-grosse-versandtaschen-aus-polyester\\\/\",\"name\":\"RUSPEPA Poly-Versandtasche mit selbstschlie\u00dfendem Business-Text, gedrucktes Design, 2,3 mm, strapazierf\u00e4hig\u2026 - Markt-XXL\",\"isPartOf\":{\"@id\":\"https:\\\/\\\/marktxxl.de\\\/markt\\\/#website\"},\"primaryImageOfPage\":{\"@id\":\"https:\\\/\\\/marktxxl.de\\\/markt\\\/produkt\\\/ruspepa-254-x-33-cm-grosse-versandtaschen-aus-polyester\\\/#primaryimage\"},\"image\":{\"@id\":\"https:\\\/\\\/marktxxl.de\\\/markt\\\/produkt\\\/ruspepa-254-x-33-cm-grosse-versandtaschen-aus-polyester\\\/#primaryimage\"},\"thumbnailUrl\":\"https:\\\/\\\/m.media-amazon.com\\\/images\\\/I\\\/41h9cQNay0L._SL500_.jpg\",\"datePublished\":\"2021-09-26T12:33:29+00:00\",\"dateModified\":\"2023-04-08T23:30:27+00:00\",\"description\":\"Markt-XXL RUSPEPA Poly-Versandtasche mit selbstschlie\u00dfendem Business-Text, gedrucktes Design, 2,3 mm, strapazierf\u00e4hig\u2026\",\"breadcrumb\":{\"@id\":\"https:\\\/\\\/marktxxl.de\\\/markt\\\/produkt\\\/ruspepa-254-x-33-cm-grosse-versandtaschen-aus-polyester\\\/#breadcrumb\"},\"inLanguage\":\"de\",\"potentialAction\":[{\"@type\":\"ReadAction\",\"target\":[\"https:\\\/\\\/marktxxl.de\\\/markt\\\/produkt\\\/ruspepa-254-x-33-cm-grosse-versandtaschen-aus-polyester\\\/\"]}]},{\"@type\":\"ImageObject\",\"inLanguage\":\"de\",\"@id\":\"https:\\\/\\\/marktxxl.de\\\/markt\\\/produkt\\\/ruspepa-254-x-33-cm-grosse-versandtaschen-aus-polyester\\\/#primaryimage\",\"url\":\"https:\\\/\\\/m.media-amazon.com\\\/images\\\/I\\\/41h9cQNay0L._SL500_.jpg\",\"contentUrl\":\"https:\\\/\\\/m.media-amazon.com\\\/images\\\/I\\\/41h9cQNay0L._SL500_.jpg\",\"width\":500,\"height\":500},{\"@type\":\"BreadcrumbList\",\"@id\":\"https:\\\/\\\/marktxxl.de\\\/markt\\\/produkt\\\/ruspepa-254-x-33-cm-grosse-versandtaschen-aus-polyester\\\/#breadcrumb\",\"itemListElement\":[{\"@type\":\"ListItem\",\"position\":1,\"name\":\"Startseite\",\"item\":\"https:\\\/\\\/marktxxl.de\\\/markt\\\/\"},{\"@type\":\"ListItem\",\"position\":2,\"name\":\"Markt\",\"item\":\"https:\\\/\\\/marktxxl.de\\\/markt\\\/\"},{\"@type\":\"ListItem\",\"position\":3,\"name\":\"RUSPEPA Poly-Versandtasche mit selbstschlie\u00dfendem Business-Text, gedrucktes Design, 2,3 mm, strapazierf\u00e4hig\u2026\"}]},{\"@type\":\"WebSite\",\"@id\":\"https:\\\/\\\/marktxxl.de\\\/markt\\\/#website\",\"url\":\"https:\\\/\\\/marktxxl.de\\\/markt\\\/\",\"name\":\"Markt-XXL\",\"description\":\"Ihr Markt Online\",\"publisher\":{\"@id\":\"https:\\\/\\\/marktxxl.de\\\/markt\\\/#organization\"},\"potentialAction\":[{\"@type\":\"SearchAction\",\"target\":{\"@type\":\"EntryPoint\",\"urlTemplate\":\"https:\\\/\\\/marktxxl.de\\\/markt\\\/?s={search_term_string}\"},\"query-input\":{\"@type\":\"PropertyValueSpecification\",\"valueRequired\":true,\"valueName\":\"search_term_string\"}}],\"inLanguage\":\"de\"},{\"@type\":\"Organization\",\"@id\":\"https:\\\/\\\/marktxxl.de\\\/markt\\\/#organization\",\"name\":\"Markt-XXL\",\"url\":\"https:\\\/\\\/marktxxl.de\\\/markt\\\/\",\"logo\":{\"@type\":\"ImageObject\",\"inLanguage\":\"de\",\"@id\":\"https:\\\/\\\/marktxxl.de\\\/markt\\\/#\\\/schema\\\/logo\\\/image\\\/\",\"url\":\"https:\\\/\\\/marktxxl.de\\\/markt\\\/wp-content\\\/uploads\\\/sites\\\/3\\\/2020\\\/12\\\/logo.png\",\"contentUrl\":\"https:\\\/\\\/marktxxl.de\\\/markt\\\/wp-content\\\/uploads\\\/sites\\\/3\\\/2020\\\/12\\\/logo.png\",\"width\":200,\"height\":70,\"caption\":\"Markt-XXL\"},\"image\":{\"@id\":\"https:\\\/\\\/marktxxl.de\\\/markt\\\/#\\\/schema\\\/logo\\\/image\\\/\"}}]}<\/script>\n<!-- \/ Yoast SEO plugin. -->","yoast_head_json":{"title":"RUSPEPA Poly-Versandtasche mit selbstschlie\u00dfendem Business-Text, gedrucktes Design, 2,3 mm, strapazierf\u00e4hig\u2026 - Markt-XXL","description":"Markt-XXL RUSPEPA Poly-Versandtasche mit selbstschlie\u00dfendem Business-Text, gedrucktes Design, 2,3 mm, strapazierf\u00e4hig\u2026","robots":{"index":"index","follow":"follow","max-snippet":"max-snippet:-1","max-image-preview":"max-image-preview:large","max-video-preview":"max-video-preview:-1"},"canonical":"https:\/\/marktxxl.de\/markt\/produkt\/ruspepa-254-x-33-cm-grosse-versandtaschen-aus-polyester\/","og_locale":"de_DE","og_type":"article","og_title":"RUSPEPA Poly-Versandtasche mit selbstschlie\u00dfendem Business-Text, gedrucktes Design, 2,3 mm, strapazierf\u00e4hig\u2026 - Markt-XXL","og_description":"Markt-XXL RUSPEPA Poly-Versandtasche mit selbstschlie\u00dfendem Business-Text, gedrucktes Design, 2,3 mm, strapazierf\u00e4hig\u2026","og_url":"https:\/\/marktxxl.de\/markt\/produkt\/ruspepa-254-x-33-cm-grosse-versandtaschen-aus-polyester\/","og_site_name":"Markt-XXL","article_modified_time":"2023-04-08T23:30:27+00:00","og_image":[{"width":500,"height":500,"url":"https:\/\/m.media-amazon.com\/images\/I\/41h9cQNay0L._SL500_.jpg","type":"image\/jpeg"}],"twitter_card":"summary_large_image","twitter_misc":{"Gesch\u00e4tzte Lesezeit":"1\u00a0Minute"},"schema":{"@context":"https:\/\/schema.org","@graph":[{"@type":"WebPage","@id":"https:\/\/marktxxl.de\/markt\/produkt\/ruspepa-254-x-33-cm-grosse-versandtaschen-aus-polyester\/","url":"https:\/\/marktxxl.de\/markt\/produkt\/ruspepa-254-x-33-cm-grosse-versandtaschen-aus-polyester\/","name":"RUSPEPA Poly-Versandtasche mit selbstschlie\u00dfendem Business-Text, gedrucktes Design, 2,3 mm, strapazierf\u00e4hig\u2026 - Markt-XXL","isPartOf":{"@id":"https:\/\/marktxxl.de\/markt\/#website"},"primaryImageOfPage":{"@id":"https:\/\/marktxxl.de\/markt\/produkt\/ruspepa-254-x-33-cm-grosse-versandtaschen-aus-polyester\/#primaryimage"},"image":{"@id":"https:\/\/marktxxl.de\/markt\/produkt\/ruspepa-254-x-33-cm-grosse-versandtaschen-aus-polyester\/#primaryimage"},"thumbnailUrl":"https:\/\/m.media-amazon.com\/images\/I\/41h9cQNay0L._SL500_.jpg","datePublished":"2021-09-26T12:33:29+00:00","dateModified":"2023-04-08T23:30:27+00:00","description":"Markt-XXL RUSPEPA Poly-Versandtasche mit selbstschlie\u00dfendem Business-Text, gedrucktes Design, 2,3 mm, strapazierf\u00e4hig\u2026","breadcrumb":{"@id":"https:\/\/marktxxl.de\/markt\/produkt\/ruspepa-254-x-33-cm-grosse-versandtaschen-aus-polyester\/#breadcrumb"},"inLanguage":"de","potentialAction":[{"@type":"ReadAction","target":["https:\/\/marktxxl.de\/markt\/produkt\/ruspepa-254-x-33-cm-grosse-versandtaschen-aus-polyester\/"]}]},{"@type":"ImageObject","inLanguage":"de","@id":"https:\/\/marktxxl.de\/markt\/produkt\/ruspepa-254-x-33-cm-grosse-versandtaschen-aus-polyester\/#primaryimage","url":"https:\/\/m.media-amazon.com\/images\/I\/41h9cQNay0L._SL500_.jpg","contentUrl":"https:\/\/m.media-amazon.com\/images\/I\/41h9cQNay0L._SL500_.jpg","width":500,"height":500},{"@type":"BreadcrumbList","@id":"https:\/\/marktxxl.de\/markt\/produkt\/ruspepa-254-x-33-cm-grosse-versandtaschen-aus-polyester\/#breadcrumb","itemListElement":[{"@type":"ListItem","position":1,"name":"Startseite","item":"https:\/\/marktxxl.de\/markt\/"},{"@type":"ListItem","position":2,"name":"Markt","item":"https:\/\/marktxxl.de\/markt\/"},{"@type":"ListItem","position":3,"name":"RUSPEPA Poly-Versandtasche mit selbstschlie\u00dfendem Business-Text, gedrucktes Design, 2,3 mm, strapazierf\u00e4hig\u2026"}]},{"@type":"WebSite","@id":"https:\/\/marktxxl.de\/markt\/#website","url":"https:\/\/marktxxl.de\/markt\/","name":"Markt-XXL","description":"Ihr Markt Online","publisher":{"@id":"https:\/\/marktxxl.de\/markt\/#organization"},"potentialAction":[{"@type":"SearchAction","target":{"@type":"EntryPoint","urlTemplate":"https:\/\/marktxxl.de\/markt\/?s={search_term_string}"},"query-input":{"@type":"PropertyValueSpecification","valueRequired":true,"valueName":"search_term_string"}}],"inLanguage":"de"},{"@type":"Organization","@id":"https:\/\/marktxxl.de\/markt\/#organization","name":"Markt-XXL","url":"https:\/\/marktxxl.de\/markt\/","logo":{"@type":"ImageObject","inLanguage":"de","@id":"https:\/\/marktxxl.de\/markt\/#\/schema\/logo\/image\/","url":"https:\/\/marktxxl.de\/markt\/wp-content\/uploads\/sites\/3\/2020\/12\/logo.png","contentUrl":"https:\/\/marktxxl.de\/markt\/wp-content\/uploads\/sites\/3\/2020\/12\/logo.png","width":200,"height":70,"caption":"Markt-XXL"},"image":{"@id":"https:\/\/marktxxl.de\/markt\/#\/schema\/logo\/image\/"}}]}},"_links":{"self":[{"href":"https:\/\/marktxxl.de\/markt\/wp-json\/wp\/v2\/product\/42531","targetHints":{"allow":["GET"]}}],"collection":[{"href":"https:\/\/marktxxl.de\/markt\/wp-json\/wp\/v2\/product"}],"about":[{"href":"https:\/\/marktxxl.de\/markt\/wp-json\/wp\/v2\/types\/product"}],"replies":[{"embeddable":true,"href":"https:\/\/marktxxl.de\/markt\/wp-json\/wp\/v2\/comments?post=42531"}],"wp:featuredmedia":[{"embeddable":true,"href":"https:\/\/marktxxl.de\/markt\/wp-json\/wp\/v2\/media\/42532"}],"wp:attachment":[{"href":"https:\/\/marktxxl.de\/markt\/wp-json\/wp\/v2\/media?parent=42531"}],"wp:term":[{"taxonomy":"product_brand","embeddable":true,"href":"https:\/\/marktxxl.de\/markt\/wp-json\/wp\/v2\/product_brand?post=42531"},{"taxonomy":"product_cat","embeddable":true,"href":"https:\/\/marktxxl.de\/markt\/wp-json\/wp\/v2\/product_cat?post=42531"},{"taxonomy":"product_tag","embeddable":true,"href":"https:\/\/marktxxl.de\/markt\/wp-json\/wp\/v2\/product_tag?post=42531"}],"curies":[{"name":"wp","href":"https:\/\/api.w.org\/{rel}","templated":true}]}}