{"id":42488,"date":"2021-09-26T14:30:14","date_gmt":"2021-09-26T12:30:14","guid":{"rendered":"https:\/\/marktxxl.de\/markt\/produkt\/laptop-staender-faltbarer-tragbar-laptopstaender-aus-aluminium-hoehenverstellbarer-und-ergonomischer-computer-staender-ist-compatibel-mit-macbook-pro-air-dell-hp-lenovo-und-anderen-notebooks10\/"},"modified":"2023-04-09T01:30:26","modified_gmt":"2023-04-08T23:30:26","slug":"laptop-staender-faltbarer-tragbar-laptopstaender-aus-aluminium-hoehenverstellbarer-und-ergonomischer-computer-staender-ist-compatibel-mit-macbook-pro-air-dell-hp-lenovo-und-anderen-notebooks10","status":"publish","type":"product","link":"https:\/\/marktxxl.de\/markt\/produkt\/laptop-staender-faltbarer-tragbar-laptopstaender-aus-aluminium-hoehenverstellbarer-und-ergonomischer-computer-staender-ist-compatibel-mit-macbook-pro-air-dell-hp-lenovo-und-anderen-notebooks10\/","title":{"rendered":"Laptop St\u00e4nder, Faltbarer Tragbar Laptopst\u00e4nder aus Aluminium, H\u00f6henverstellbarer und Ergonomischer Computer St\u00e4nder\u2026"},"content":{"rendered":"<p>?\u3010Faltbar &amp; Tragbar\u3011Laptop St\u00e4nder f\u00fcr Schreibtisch kann flach gefaltet werden, schaffen Sie zus\u00e4tzlichen Platz auf Ihrem Schreibtisch und halten Sie Ihren Schreibtisch sauber und organisiert, sparen Sie Platz f\u00fcr einfache Lagerung. Au\u00dferdem k\u00f6nnen Sie es auch falten, um es zu tragen und sehr geeignet f\u00fcr die Arbeit zu Hause, im B\u00fcro und im Freien, machen das Tippen einfacher und bequemer.<br \/>\n?\u3010Stabil und Langlebig\u3011Der LaptopSt\u00e4nder ist aus hochwertiger Aluminium-Legierung, 6 mm dickes Material, wesentlich dicker als andere auf dem Markt mit lediglich 2,5 mm. 16 rutschfeste Silikonpads sichern den Notebook St\u00e4nder vom Verrutschen ab und sind stabiler, 25 mm sch\u00fctzende Doppelhaken sorgen daf\u00fcr, dass Ihr Laptop stabil an Ort und Stelle bleibt, machen Sie sich keine Sorgen \u00fcber das Sch\u00fctteln, wenn Sie auf Ihrem Laptop tippen.<br \/>\n?\u3010Winkel &amp; H\u00f6he Einstellbar\u3011Der Laptop riser funktioniert als Erh\u00f6hungsvorrichtung, die die H\u00f6he von 0 cm bis zu 20.5 cm (0\u201c &#8211; 8\u201c). Sie k\u00f6nnen die H\u00f6he und den Winkel des St\u00e4nders frei einstellen, um eine perfekte Augenh\u00f6he zu erreichen und hilft, Schulter- und Nackenschmerzen zu reduzieren. Das stellt sicher, dass Sie in einer bequemen Position vor dem Bildschirm sind, egal ob Sie sitzen oder stehen.<br \/>\n?\u3010W\u00e4rmeableitung\u3011Das hohle Design bietet eine bessere Bel\u00fcftung und mehr Luftstrom, um Ihren Laptop zu k\u00fchlen und vor \u00dcberhitzung und einem Crash zu sch\u00fctzen. Rutschfeste Silikonpads und glatte Kanten k\u00f6nnen Ihren Laptop vor Verrutschen und Kratzern sch\u00fctzen.<br \/>\n?\u3010Weite Kompatibilit\u00e4t\u3011Der Macbook St\u00e4nder passt zu allen Laptops von 10 bis zu 17 Zoll (Bildschirmdiagonale), wie z.B. Mac MacBook Air\/Pro, Microsoft Surface, Google Pixelbook, Dell XPS, HP Lenovo, Acer Chromebook und andere 10&#8243;- 17&#8243; Laptops und Notebooks.<br \/>\n<div class=\"main-cross-sell\" data-asin=\"B093C4MZLL\">\n\n\t<div class=\"WooZone-cross-sell-loader\">\n\t\t<div>\n\t\t\t<div id=\"floatingBarsG\">\n\t\t\t\t<div class=\"blockG\" id=\"rotateG_01\"><\/div>\n\t\t\t\t<div class=\"blockG\" id=\"rotateG_02\"><\/div>\n\t\t\t\t<div class=\"blockG\" id=\"rotateG_03\"><\/div>\n\t\t\t\t<div class=\"blockG\" id=\"rotateG_04\"><\/div>\n\t\t\t\t<div class=\"blockG\" id=\"rotateG_05\"><\/div>\n\t\t\t\t<div class=\"blockG\" id=\"rotateG_06\"><\/div>\n\t\t\t\t<div class=\"blockG\" id=\"rotateG_07\"><\/div>\n\t\t\t\t<div class=\"blockG\" id=\"rotateG_08\"><\/div>\n\t\t\t<\/div>\n\t\t\t<div class=\"WooZone-cross-sell-loader-text\"><\/div>\n\t\t<\/div>\n\t<\/div>\n\n\t\t\n<\/div>\n<div style=\"clear:both;\"><\/div><\/p>\n","protected":false},"excerpt":{"rendered":"<p>?\u3010Faltbar &amp; Tragbar\u3011Laptop St\u00e4nder f\u00fcr Schreibtisch kann flach gefaltet werden, schaffen Sie zus\u00e4tzlichen Platz auf Ihrem Schreibtisch und halten Sie Ihren Schreibtisch sauber und organisiert, sparen Sie Platz f\u00fcr einfache Lagerung. Au\u00dferdem k\u00f6nnen Sie es auch falten, um es zu tragen und sehr geeignet f\u00fcr die Arbeit zu Hause, im B\u00fcro und im Freien, machen das Tippen einfacher und bequemer.<br \/>\n?\u3010Stabil und Langlebig\u3011Der LaptopSt\u00e4nder ist aus hochwertiger Aluminium-Legierung, 6 mm dickes Material, wesentlich dicker als andere auf dem Markt mit lediglich 2,5 mm. 16 rutschfeste Silikonpads sichern den Notebook St\u00e4nder vom Verrutschen ab und sind stabiler, 25 mm sch\u00fctzende Doppelhaken sorgen daf\u00fcr, dass Ihr Laptop stabil an Ort und Stelle bleibt, machen Sie sich keine Sorgen \u00fcber das Sch\u00fctteln, wenn Sie auf Ihrem Laptop tippen.<br \/>\n?\u3010Winkel &amp; H\u00f6he Einstellbar\u3011Der Laptop riser funktioniert als Erh\u00f6hungsvorrichtung, die die H\u00f6he von 0 cm bis zu 20.5 cm (0\u201c &#8211; 8\u201c). Sie k\u00f6nnen die H\u00f6he und den Winkel des St\u00e4nders frei einstellen, um eine perfekte Augenh\u00f6he zu erreichen und hilft, Schulter- und Nackenschmerzen zu reduzieren. Das stellt sicher, dass Sie in einer bequemen Position vor dem Bildschirm sind, egal ob Sie sitzen oder stehen.<\/p>\n","protected":false},"featured_media":42489,"comment_status":"open","ping_status":"closed","template":"","meta":[],"product_brand":[],"product_cat":[504,8312],"product_tag":[],"class_list":{"0":"post-42488","1":"product","2":"type-product","3":"status-publish","4":"has-post-thumbnail","6":"product_cat-buerobedarf-schreibwaren","7":"product_cat-bueromoebel-beleuchtung","8":"pa_brand-joyeky","9":"pa_manufacturer-joyeky","10":"pa_warranty-2-years","12":"first","13":"instock","14":"shipping-taxable","15":"purchasable","16":"product-type-simple","17":"customify-col","18":"product-has-gallery"},"yoast_head":"<!-- This site is optimized with the Yoast SEO plugin v27.4 - https:\/\/yoast.com\/product\/yoast-seo-wordpress\/ -->\n<title>Laptop St\u00e4nder, Faltbarer Tragbar Laptopst\u00e4nder aus Aluminium, H\u00f6henverstellbarer und Ergonomischer Computer St\u00e4nder\u2026 - Markt-XXL<\/title>\n<meta name=\"description\" content=\"Markt-XXL Laptop St\u00e4nder, Faltbarer Tragbar Laptopst\u00e4nder aus Aluminium, H\u00f6henverstellbarer und Ergonomischer Computer St\u00e4nder\u2026\" \/>\n<meta name=\"robots\" content=\"index, follow, max-snippet:-1, max-image-preview:large, max-video-preview:-1\" \/>\n<link rel=\"canonical\" href=\"https:\/\/marktxxl.de\/markt\/produkt\/laptop-staender-faltbarer-tragbar-laptopstaender-aus-aluminium-hoehenverstellbarer-und-ergonomischer-computer-staender-ist-compatibel-mit-macbook-pro-air-dell-hp-lenovo-und-anderen-notebooks10\/\" \/>\n<meta property=\"og:locale\" content=\"de_DE\" \/>\n<meta property=\"og:type\" content=\"article\" \/>\n<meta property=\"og:title\" content=\"Laptop St\u00e4nder, Faltbarer Tragbar Laptopst\u00e4nder aus Aluminium, H\u00f6henverstellbarer und Ergonomischer Computer St\u00e4nder\u2026 - Markt-XXL\" \/>\n<meta property=\"og:description\" content=\"Markt-XXL Laptop St\u00e4nder, Faltbarer Tragbar Laptopst\u00e4nder aus Aluminium, H\u00f6henverstellbarer und Ergonomischer Computer St\u00e4nder\u2026\" \/>\n<meta property=\"og:url\" content=\"https:\/\/marktxxl.de\/markt\/produkt\/laptop-staender-faltbarer-tragbar-laptopstaender-aus-aluminium-hoehenverstellbarer-und-ergonomischer-computer-staender-ist-compatibel-mit-macbook-pro-air-dell-hp-lenovo-und-anderen-notebooks10\/\" \/>\n<meta property=\"og:site_name\" content=\"Markt-XXL\" \/>\n<meta property=\"article:modified_time\" content=\"2023-04-08T23:30:26+00:00\" \/>\n<meta property=\"og:image\" content=\"https:\/\/m.media-amazon.com\/images\/I\/41cQfKJ7yoS._SL500_.jpg\" \/>\n\t<meta property=\"og:image:width\" content=\"500\" \/>\n\t<meta property=\"og:image:height\" content=\"500\" \/>\n\t<meta property=\"og:image:type\" content=\"image\/jpeg\" \/>\n<meta name=\"twitter:card\" content=\"summary_large_image\" \/>\n<meta name=\"twitter:label1\" content=\"Gesch\u00e4tzte Lesezeit\" \/>\n\t<meta name=\"twitter:data1\" content=\"1\u00a0Minute\" \/>\n<script type=\"application\/ld+json\" class=\"yoast-schema-graph\">{\"@context\":\"https:\\\/\\\/schema.org\",\"@graph\":[{\"@type\":\"WebPage\",\"@id\":\"https:\\\/\\\/marktxxl.de\\\/markt\\\/produkt\\\/laptop-staender-faltbarer-tragbar-laptopstaender-aus-aluminium-hoehenverstellbarer-und-ergonomischer-computer-staender-ist-compatibel-mit-macbook-pro-air-dell-hp-lenovo-und-anderen-notebooks10\\\/\",\"url\":\"https:\\\/\\\/marktxxl.de\\\/markt\\\/produkt\\\/laptop-staender-faltbarer-tragbar-laptopstaender-aus-aluminium-hoehenverstellbarer-und-ergonomischer-computer-staender-ist-compatibel-mit-macbook-pro-air-dell-hp-lenovo-und-anderen-notebooks10\\\/\",\"name\":\"Laptop St\u00e4nder, Faltbarer Tragbar Laptopst\u00e4nder aus Aluminium, H\u00f6henverstellbarer und Ergonomischer Computer St\u00e4nder\u2026 - Markt-XXL\",\"isPartOf\":{\"@id\":\"https:\\\/\\\/marktxxl.de\\\/markt\\\/#website\"},\"primaryImageOfPage\":{\"@id\":\"https:\\\/\\\/marktxxl.de\\\/markt\\\/produkt\\\/laptop-staender-faltbarer-tragbar-laptopstaender-aus-aluminium-hoehenverstellbarer-und-ergonomischer-computer-staender-ist-compatibel-mit-macbook-pro-air-dell-hp-lenovo-und-anderen-notebooks10\\\/#primaryimage\"},\"image\":{\"@id\":\"https:\\\/\\\/marktxxl.de\\\/markt\\\/produkt\\\/laptop-staender-faltbarer-tragbar-laptopstaender-aus-aluminium-hoehenverstellbarer-und-ergonomischer-computer-staender-ist-compatibel-mit-macbook-pro-air-dell-hp-lenovo-und-anderen-notebooks10\\\/#primaryimage\"},\"thumbnailUrl\":\"https:\\\/\\\/m.media-amazon.com\\\/images\\\/I\\\/41cQfKJ7yoS._SL500_.jpg\",\"datePublished\":\"2021-09-26T12:30:14+00:00\",\"dateModified\":\"2023-04-08T23:30:26+00:00\",\"description\":\"Markt-XXL Laptop St\u00e4nder, Faltbarer Tragbar Laptopst\u00e4nder aus Aluminium, H\u00f6henverstellbarer und Ergonomischer Computer St\u00e4nder\u2026\",\"breadcrumb\":{\"@id\":\"https:\\\/\\\/marktxxl.de\\\/markt\\\/produkt\\\/laptop-staender-faltbarer-tragbar-laptopstaender-aus-aluminium-hoehenverstellbarer-und-ergonomischer-computer-staender-ist-compatibel-mit-macbook-pro-air-dell-hp-lenovo-und-anderen-notebooks10\\\/#breadcrumb\"},\"inLanguage\":\"de\",\"potentialAction\":[{\"@type\":\"ReadAction\",\"target\":[\"https:\\\/\\\/marktxxl.de\\\/markt\\\/produkt\\\/laptop-staender-faltbarer-tragbar-laptopstaender-aus-aluminium-hoehenverstellbarer-und-ergonomischer-computer-staender-ist-compatibel-mit-macbook-pro-air-dell-hp-lenovo-und-anderen-notebooks10\\\/\"]}]},{\"@type\":\"ImageObject\",\"inLanguage\":\"de\",\"@id\":\"https:\\\/\\\/marktxxl.de\\\/markt\\\/produkt\\\/laptop-staender-faltbarer-tragbar-laptopstaender-aus-aluminium-hoehenverstellbarer-und-ergonomischer-computer-staender-ist-compatibel-mit-macbook-pro-air-dell-hp-lenovo-und-anderen-notebooks10\\\/#primaryimage\",\"url\":\"https:\\\/\\\/m.media-amazon.com\\\/images\\\/I\\\/41cQfKJ7yoS._SL500_.jpg\",\"contentUrl\":\"https:\\\/\\\/m.media-amazon.com\\\/images\\\/I\\\/41cQfKJ7yoS._SL500_.jpg\",\"width\":500,\"height\":500},{\"@type\":\"BreadcrumbList\",\"@id\":\"https:\\\/\\\/marktxxl.de\\\/markt\\\/produkt\\\/laptop-staender-faltbarer-tragbar-laptopstaender-aus-aluminium-hoehenverstellbarer-und-ergonomischer-computer-staender-ist-compatibel-mit-macbook-pro-air-dell-hp-lenovo-und-anderen-notebooks10\\\/#breadcrumb\",\"itemListElement\":[{\"@type\":\"ListItem\",\"position\":1,\"name\":\"Startseite\",\"item\":\"https:\\\/\\\/marktxxl.de\\\/markt\\\/\"},{\"@type\":\"ListItem\",\"position\":2,\"name\":\"Markt\",\"item\":\"https:\\\/\\\/marktxxl.de\\\/markt\\\/\"},{\"@type\":\"ListItem\",\"position\":3,\"name\":\"Laptop St\u00e4nder, Faltbarer Tragbar Laptopst\u00e4nder aus Aluminium, H\u00f6henverstellbarer und Ergonomischer Computer St\u00e4nder\u2026\"}]},{\"@type\":\"WebSite\",\"@id\":\"https:\\\/\\\/marktxxl.de\\\/markt\\\/#website\",\"url\":\"https:\\\/\\\/marktxxl.de\\\/markt\\\/\",\"name\":\"Markt-XXL\",\"description\":\"Ihr Markt Online\",\"publisher\":{\"@id\":\"https:\\\/\\\/marktxxl.de\\\/markt\\\/#organization\"},\"potentialAction\":[{\"@type\":\"SearchAction\",\"target\":{\"@type\":\"EntryPoint\",\"urlTemplate\":\"https:\\\/\\\/marktxxl.de\\\/markt\\\/?s={search_term_string}\"},\"query-input\":{\"@type\":\"PropertyValueSpecification\",\"valueRequired\":true,\"valueName\":\"search_term_string\"}}],\"inLanguage\":\"de\"},{\"@type\":\"Organization\",\"@id\":\"https:\\\/\\\/marktxxl.de\\\/markt\\\/#organization\",\"name\":\"Markt-XXL\",\"url\":\"https:\\\/\\\/marktxxl.de\\\/markt\\\/\",\"logo\":{\"@type\":\"ImageObject\",\"inLanguage\":\"de\",\"@id\":\"https:\\\/\\\/marktxxl.de\\\/markt\\\/#\\\/schema\\\/logo\\\/image\\\/\",\"url\":\"https:\\\/\\\/marktxxl.de\\\/markt\\\/wp-content\\\/uploads\\\/sites\\\/3\\\/2020\\\/12\\\/logo.png\",\"contentUrl\":\"https:\\\/\\\/marktxxl.de\\\/markt\\\/wp-content\\\/uploads\\\/sites\\\/3\\\/2020\\\/12\\\/logo.png\",\"width\":200,\"height\":70,\"caption\":\"Markt-XXL\"},\"image\":{\"@id\":\"https:\\\/\\\/marktxxl.de\\\/markt\\\/#\\\/schema\\\/logo\\\/image\\\/\"}}]}<\/script>\n<!-- \/ Yoast SEO plugin. -->","yoast_head_json":{"title":"Laptop St\u00e4nder, Faltbarer Tragbar Laptopst\u00e4nder aus Aluminium, H\u00f6henverstellbarer und Ergonomischer Computer St\u00e4nder\u2026 - Markt-XXL","description":"Markt-XXL Laptop St\u00e4nder, Faltbarer Tragbar Laptopst\u00e4nder aus Aluminium, H\u00f6henverstellbarer und Ergonomischer Computer St\u00e4nder\u2026","robots":{"index":"index","follow":"follow","max-snippet":"max-snippet:-1","max-image-preview":"max-image-preview:large","max-video-preview":"max-video-preview:-1"},"canonical":"https:\/\/marktxxl.de\/markt\/produkt\/laptop-staender-faltbarer-tragbar-laptopstaender-aus-aluminium-hoehenverstellbarer-und-ergonomischer-computer-staender-ist-compatibel-mit-macbook-pro-air-dell-hp-lenovo-und-anderen-notebooks10\/","og_locale":"de_DE","og_type":"article","og_title":"Laptop St\u00e4nder, Faltbarer Tragbar Laptopst\u00e4nder aus Aluminium, H\u00f6henverstellbarer und Ergonomischer Computer St\u00e4nder\u2026 - Markt-XXL","og_description":"Markt-XXL Laptop St\u00e4nder, Faltbarer Tragbar Laptopst\u00e4nder aus Aluminium, H\u00f6henverstellbarer und Ergonomischer Computer St\u00e4nder\u2026","og_url":"https:\/\/marktxxl.de\/markt\/produkt\/laptop-staender-faltbarer-tragbar-laptopstaender-aus-aluminium-hoehenverstellbarer-und-ergonomischer-computer-staender-ist-compatibel-mit-macbook-pro-air-dell-hp-lenovo-und-anderen-notebooks10\/","og_site_name":"Markt-XXL","article_modified_time":"2023-04-08T23:30:26+00:00","og_image":[{"width":500,"height":500,"url":"https:\/\/m.media-amazon.com\/images\/I\/41cQfKJ7yoS._SL500_.jpg","type":"image\/jpeg"}],"twitter_card":"summary_large_image","twitter_misc":{"Gesch\u00e4tzte Lesezeit":"1\u00a0Minute"},"schema":{"@context":"https:\/\/schema.org","@graph":[{"@type":"WebPage","@id":"https:\/\/marktxxl.de\/markt\/produkt\/laptop-staender-faltbarer-tragbar-laptopstaender-aus-aluminium-hoehenverstellbarer-und-ergonomischer-computer-staender-ist-compatibel-mit-macbook-pro-air-dell-hp-lenovo-und-anderen-notebooks10\/","url":"https:\/\/marktxxl.de\/markt\/produkt\/laptop-staender-faltbarer-tragbar-laptopstaender-aus-aluminium-hoehenverstellbarer-und-ergonomischer-computer-staender-ist-compatibel-mit-macbook-pro-air-dell-hp-lenovo-und-anderen-notebooks10\/","name":"Laptop St\u00e4nder, Faltbarer Tragbar Laptopst\u00e4nder aus Aluminium, H\u00f6henverstellbarer und Ergonomischer Computer St\u00e4nder\u2026 - Markt-XXL","isPartOf":{"@id":"https:\/\/marktxxl.de\/markt\/#website"},"primaryImageOfPage":{"@id":"https:\/\/marktxxl.de\/markt\/produkt\/laptop-staender-faltbarer-tragbar-laptopstaender-aus-aluminium-hoehenverstellbarer-und-ergonomischer-computer-staender-ist-compatibel-mit-macbook-pro-air-dell-hp-lenovo-und-anderen-notebooks10\/#primaryimage"},"image":{"@id":"https:\/\/marktxxl.de\/markt\/produkt\/laptop-staender-faltbarer-tragbar-laptopstaender-aus-aluminium-hoehenverstellbarer-und-ergonomischer-computer-staender-ist-compatibel-mit-macbook-pro-air-dell-hp-lenovo-und-anderen-notebooks10\/#primaryimage"},"thumbnailUrl":"https:\/\/m.media-amazon.com\/images\/I\/41cQfKJ7yoS._SL500_.jpg","datePublished":"2021-09-26T12:30:14+00:00","dateModified":"2023-04-08T23:30:26+00:00","description":"Markt-XXL Laptop St\u00e4nder, Faltbarer Tragbar Laptopst\u00e4nder aus Aluminium, H\u00f6henverstellbarer und Ergonomischer Computer St\u00e4nder\u2026","breadcrumb":{"@id":"https:\/\/marktxxl.de\/markt\/produkt\/laptop-staender-faltbarer-tragbar-laptopstaender-aus-aluminium-hoehenverstellbarer-und-ergonomischer-computer-staender-ist-compatibel-mit-macbook-pro-air-dell-hp-lenovo-und-anderen-notebooks10\/#breadcrumb"},"inLanguage":"de","potentialAction":[{"@type":"ReadAction","target":["https:\/\/marktxxl.de\/markt\/produkt\/laptop-staender-faltbarer-tragbar-laptopstaender-aus-aluminium-hoehenverstellbarer-und-ergonomischer-computer-staender-ist-compatibel-mit-macbook-pro-air-dell-hp-lenovo-und-anderen-notebooks10\/"]}]},{"@type":"ImageObject","inLanguage":"de","@id":"https:\/\/marktxxl.de\/markt\/produkt\/laptop-staender-faltbarer-tragbar-laptopstaender-aus-aluminium-hoehenverstellbarer-und-ergonomischer-computer-staender-ist-compatibel-mit-macbook-pro-air-dell-hp-lenovo-und-anderen-notebooks10\/#primaryimage","url":"https:\/\/m.media-amazon.com\/images\/I\/41cQfKJ7yoS._SL500_.jpg","contentUrl":"https:\/\/m.media-amazon.com\/images\/I\/41cQfKJ7yoS._SL500_.jpg","width":500,"height":500},{"@type":"BreadcrumbList","@id":"https:\/\/marktxxl.de\/markt\/produkt\/laptop-staender-faltbarer-tragbar-laptopstaender-aus-aluminium-hoehenverstellbarer-und-ergonomischer-computer-staender-ist-compatibel-mit-macbook-pro-air-dell-hp-lenovo-und-anderen-notebooks10\/#breadcrumb","itemListElement":[{"@type":"ListItem","position":1,"name":"Startseite","item":"https:\/\/marktxxl.de\/markt\/"},{"@type":"ListItem","position":2,"name":"Markt","item":"https:\/\/marktxxl.de\/markt\/"},{"@type":"ListItem","position":3,"name":"Laptop St\u00e4nder, Faltbarer Tragbar Laptopst\u00e4nder aus Aluminium, H\u00f6henverstellbarer und Ergonomischer Computer St\u00e4nder\u2026"}]},{"@type":"WebSite","@id":"https:\/\/marktxxl.de\/markt\/#website","url":"https:\/\/marktxxl.de\/markt\/","name":"Markt-XXL","description":"Ihr Markt Online","publisher":{"@id":"https:\/\/marktxxl.de\/markt\/#organization"},"potentialAction":[{"@type":"SearchAction","target":{"@type":"EntryPoint","urlTemplate":"https:\/\/marktxxl.de\/markt\/?s={search_term_string}"},"query-input":{"@type":"PropertyValueSpecification","valueRequired":true,"valueName":"search_term_string"}}],"inLanguage":"de"},{"@type":"Organization","@id":"https:\/\/marktxxl.de\/markt\/#organization","name":"Markt-XXL","url":"https:\/\/marktxxl.de\/markt\/","logo":{"@type":"ImageObject","inLanguage":"de","@id":"https:\/\/marktxxl.de\/markt\/#\/schema\/logo\/image\/","url":"https:\/\/marktxxl.de\/markt\/wp-content\/uploads\/sites\/3\/2020\/12\/logo.png","contentUrl":"https:\/\/marktxxl.de\/markt\/wp-content\/uploads\/sites\/3\/2020\/12\/logo.png","width":200,"height":70,"caption":"Markt-XXL"},"image":{"@id":"https:\/\/marktxxl.de\/markt\/#\/schema\/logo\/image\/"}}]}},"_links":{"self":[{"href":"https:\/\/marktxxl.de\/markt\/wp-json\/wp\/v2\/product\/42488","targetHints":{"allow":["GET"]}}],"collection":[{"href":"https:\/\/marktxxl.de\/markt\/wp-json\/wp\/v2\/product"}],"about":[{"href":"https:\/\/marktxxl.de\/markt\/wp-json\/wp\/v2\/types\/product"}],"replies":[{"embeddable":true,"href":"https:\/\/marktxxl.de\/markt\/wp-json\/wp\/v2\/comments?post=42488"}],"wp:featuredmedia":[{"embeddable":true,"href":"https:\/\/marktxxl.de\/markt\/wp-json\/wp\/v2\/media\/42489"}],"wp:attachment":[{"href":"https:\/\/marktxxl.de\/markt\/wp-json\/wp\/v2\/media?parent=42488"}],"wp:term":[{"taxonomy":"product_brand","embeddable":true,"href":"https:\/\/marktxxl.de\/markt\/wp-json\/wp\/v2\/product_brand?post=42488"},{"taxonomy":"product_cat","embeddable":true,"href":"https:\/\/marktxxl.de\/markt\/wp-json\/wp\/v2\/product_cat?post=42488"},{"taxonomy":"product_tag","embeddable":true,"href":"https:\/\/marktxxl.de\/markt\/wp-json\/wp\/v2\/product_tag?post=42488"}],"curies":[{"name":"wp","href":"https:\/\/api.w.org\/{rel}","templated":true}]}}