{"id":42476,"date":"2021-09-26T14:30:13","date_gmt":"2021-09-26T12:30:13","guid":{"rendered":"https:\/\/marktxxl.de\/markt\/produkt\/fractal-design-fd-ca-def-r6c-gy-tgl-define-r6-tempered-glass-usb-c-gehaeuse\/"},"modified":"2023-04-09T01:30:26","modified_gmt":"2023-04-08T23:30:26","slug":"fractal-design-fd-ca-def-r6c-gy-tgl-define-r6-tempered-glass-usb-c-gehaeuse","status":"publish","type":"product","link":"https:\/\/marktxxl.de\/markt\/produkt\/fractal-design-fd-ca-def-r6c-gy-tgl-define-r6-tempered-glass-usb-c-gehaeuse\/","title":{"rendered":"Fractal Design Define R6 USB-C &#8211; Mid Tower Computer Case &#8211; ATX &#8211; Optimized For High Airflow And Silent Computing with\u2026"},"content":{"rendered":"<p>Dank des Nexus+ Smart Hubs k\u00f6nnen sechs zus\u00e4tzliche Geh\u00e4usel\u00fcfter sowie drei zus\u00e4tzliche PWM-Ger\u00e4te \u00fcber das Mainboard gesteuert werden<br \/>\nInnenraum mit modularer Storage-Plate erlaubt den einfachen Wechsel zwischen dem Standard-Layout mit weiteren Laufwerkspositionen, oder dem Open-Layout mit zus\u00e4tzlichem Platz f\u00fcr Wasserk\u00fchlungen<br \/>\nDie durchg\u00e4ngige Abdeckung f\u00fcr das Netzteil und die modulare Storage-Plate verbergen die HDD-Tr\u00e4ger sowie \u00fcbersch\u00fcssige Kabel f\u00fcr einen aufger\u00e4umten Innenraum<br \/>\nUnterst\u00fctzt Wasserk\u00fchlungen mit Radiatoren mit einer L\u00e4nge von bis zu 420 mm im Deckel, bis zu 360 mm in der Front und bis zu 280 mm am Geh\u00e4useboden<br \/>\nUSB 3.1 Gen 2 Typ-C erm\u00f6glicht Fast Charging und \u00dcbertragungsraten von bis zu 10Gbps<br \/>\n<div class=\"main-cross-sell\" data-asin=\"B07H4Z2FCF\">\n\n\t<div class=\"WooZone-cross-sell-loader\">\n\t\t<div>\n\t\t\t<div id=\"floatingBarsG\">\n\t\t\t\t<div class=\"blockG\" id=\"rotateG_01\"><\/div>\n\t\t\t\t<div class=\"blockG\" id=\"rotateG_02\"><\/div>\n\t\t\t\t<div class=\"blockG\" id=\"rotateG_03\"><\/div>\n\t\t\t\t<div class=\"blockG\" id=\"rotateG_04\"><\/div>\n\t\t\t\t<div class=\"blockG\" id=\"rotateG_05\"><\/div>\n\t\t\t\t<div class=\"blockG\" id=\"rotateG_06\"><\/div>\n\t\t\t\t<div class=\"blockG\" id=\"rotateG_07\"><\/div>\n\t\t\t\t<div class=\"blockG\" id=\"rotateG_08\"><\/div>\n\t\t\t<\/div>\n\t\t\t<div class=\"WooZone-cross-sell-loader-text\"><\/div>\n\t\t<\/div>\n\t<\/div>\n\n\t\t\n<\/div>\n<div style=\"clear:both;\"><\/div><\/p>\n","protected":false},"excerpt":{"rendered":"<p>Dank des Nexus+ Smart Hubs k\u00f6nnen sechs zus\u00e4tzliche Geh\u00e4usel\u00fcfter sowie drei zus\u00e4tzliche PWM-Ger\u00e4te \u00fcber das Mainboard gesteuert werden<br \/>\nInnenraum mit modularer Storage-Plate erlaubt den einfachen Wechsel zwischen dem Standard-Layout mit weiteren Laufwerkspositionen, oder dem Open-Layout mit zus\u00e4tzlichem Platz f\u00fcr Wasserk\u00fchlungen<br \/>\nDie durchg\u00e4ngige Abdeckung f\u00fcr das Netzteil und die modulare Storage-Plate verbergen die HDD-Tr\u00e4ger sowie \u00fcbersch\u00fcssige Kabel f\u00fcr einen aufger\u00e4umten Innenraum<\/p>\n","protected":false},"featured_media":42477,"comment_status":"open","ping_status":"closed","template":"","meta":[],"product_brand":[],"product_cat":[504,8312],"product_tag":[],"class_list":{"0":"post-42476","1":"product","2":"type-product","3":"status-publish","4":"has-post-thumbnail","6":"product_cat-buerobedarf-schreibwaren","7":"product_cat-bueromoebel-beleuchtung","8":"pa_binding-personal-computers","9":"pa_brand-fractal-design","10":"pa_color-gunmetal","11":"pa_height-18-30705-zoll","12":"pa_length-21-37791-zoll","13":"pa_manufacturer-fractal-design","14":"pa_model-fd-ca-def-r6c-gy-tgl","15":"pa_warranty-2-jahre","16":"pa_weight-31-305641204-pfund","17":"pa_width-9-17321-zoll","19":"first","20":"instock","21":"shipping-taxable","22":"purchasable","23":"product-type-simple","24":"customify-col","25":"product-has-gallery"},"yoast_head":"<!-- This site is optimized with the Yoast SEO plugin v27.3 - https:\/\/yoast.com\/product\/yoast-seo-wordpress\/ -->\n<title>Fractal Design Define R6 USB-C - Mid Tower Computer Case - ATX - Optimized For High Airflow And Silent Computing with\u2026 - Markt-XXL<\/title>\n<meta name=\"description\" content=\"Markt-XXL Fractal Design Define R6 USB-C - Mid Tower Computer Case - ATX - Optimized For High Airflow And Silent Computing with\u2026\" \/>\n<meta name=\"robots\" content=\"index, follow, max-snippet:-1, max-image-preview:large, max-video-preview:-1\" \/>\n<link rel=\"canonical\" href=\"https:\/\/marktxxl.de\/markt\/produkt\/fractal-design-fd-ca-def-r6c-gy-tgl-define-r6-tempered-glass-usb-c-gehaeuse\/\" \/>\n<meta property=\"og:locale\" content=\"de_DE\" \/>\n<meta property=\"og:type\" content=\"article\" \/>\n<meta property=\"og:title\" content=\"Fractal Design Define R6 USB-C - Mid Tower Computer Case - ATX - Optimized For High Airflow And Silent Computing with\u2026 - Markt-XXL\" \/>\n<meta property=\"og:description\" content=\"Markt-XXL Fractal Design Define R6 USB-C - Mid Tower Computer Case - ATX - Optimized For High Airflow And Silent Computing with\u2026\" \/>\n<meta property=\"og:url\" content=\"https:\/\/marktxxl.de\/markt\/produkt\/fractal-design-fd-ca-def-r6c-gy-tgl-define-r6-tempered-glass-usb-c-gehaeuse\/\" \/>\n<meta property=\"og:site_name\" content=\"Markt-XXL\" \/>\n<meta property=\"article:modified_time\" content=\"2023-04-08T23:30:26+00:00\" \/>\n<meta property=\"og:image\" content=\"https:\/\/m.media-amazon.com\/images\/I\/41Qqfv38vHL._SL500_.jpg\" \/>\n\t<meta property=\"og:image:width\" content=\"500\" \/>\n\t<meta property=\"og:image:height\" content=\"500\" \/>\n\t<meta property=\"og:image:type\" content=\"image\/jpeg\" \/>\n<meta name=\"twitter:card\" content=\"summary_large_image\" \/>\n<meta name=\"twitter:label1\" content=\"Gesch\u00e4tzte Lesezeit\" \/>\n\t<meta name=\"twitter:data1\" content=\"1\u00a0Minute\" \/>\n<script type=\"application\/ld+json\" class=\"yoast-schema-graph\">{\"@context\":\"https:\\\/\\\/schema.org\",\"@graph\":[{\"@type\":\"WebPage\",\"@id\":\"https:\\\/\\\/marktxxl.de\\\/markt\\\/produkt\\\/fractal-design-fd-ca-def-r6c-gy-tgl-define-r6-tempered-glass-usb-c-gehaeuse\\\/\",\"url\":\"https:\\\/\\\/marktxxl.de\\\/markt\\\/produkt\\\/fractal-design-fd-ca-def-r6c-gy-tgl-define-r6-tempered-glass-usb-c-gehaeuse\\\/\",\"name\":\"Fractal Design Define R6 USB-C - Mid Tower Computer Case - ATX - Optimized For High Airflow And Silent Computing with\u2026 - Markt-XXL\",\"isPartOf\":{\"@id\":\"https:\\\/\\\/marktxxl.de\\\/markt\\\/#website\"},\"primaryImageOfPage\":{\"@id\":\"https:\\\/\\\/marktxxl.de\\\/markt\\\/produkt\\\/fractal-design-fd-ca-def-r6c-gy-tgl-define-r6-tempered-glass-usb-c-gehaeuse\\\/#primaryimage\"},\"image\":{\"@id\":\"https:\\\/\\\/marktxxl.de\\\/markt\\\/produkt\\\/fractal-design-fd-ca-def-r6c-gy-tgl-define-r6-tempered-glass-usb-c-gehaeuse\\\/#primaryimage\"},\"thumbnailUrl\":\"https:\\\/\\\/m.media-amazon.com\\\/images\\\/I\\\/41Qqfv38vHL._SL500_.jpg\",\"datePublished\":\"2021-09-26T12:30:13+00:00\",\"dateModified\":\"2023-04-08T23:30:26+00:00\",\"description\":\"Markt-XXL Fractal Design Define R6 USB-C - Mid Tower Computer Case - ATX - Optimized For High Airflow And Silent Computing with\u2026\",\"breadcrumb\":{\"@id\":\"https:\\\/\\\/marktxxl.de\\\/markt\\\/produkt\\\/fractal-design-fd-ca-def-r6c-gy-tgl-define-r6-tempered-glass-usb-c-gehaeuse\\\/#breadcrumb\"},\"inLanguage\":\"de\",\"potentialAction\":[{\"@type\":\"ReadAction\",\"target\":[\"https:\\\/\\\/marktxxl.de\\\/markt\\\/produkt\\\/fractal-design-fd-ca-def-r6c-gy-tgl-define-r6-tempered-glass-usb-c-gehaeuse\\\/\"]}]},{\"@type\":\"ImageObject\",\"inLanguage\":\"de\",\"@id\":\"https:\\\/\\\/marktxxl.de\\\/markt\\\/produkt\\\/fractal-design-fd-ca-def-r6c-gy-tgl-define-r6-tempered-glass-usb-c-gehaeuse\\\/#primaryimage\",\"url\":\"https:\\\/\\\/m.media-amazon.com\\\/images\\\/I\\\/41Qqfv38vHL._SL500_.jpg\",\"contentUrl\":\"https:\\\/\\\/m.media-amazon.com\\\/images\\\/I\\\/41Qqfv38vHL._SL500_.jpg\",\"width\":500,\"height\":500},{\"@type\":\"BreadcrumbList\",\"@id\":\"https:\\\/\\\/marktxxl.de\\\/markt\\\/produkt\\\/fractal-design-fd-ca-def-r6c-gy-tgl-define-r6-tempered-glass-usb-c-gehaeuse\\\/#breadcrumb\",\"itemListElement\":[{\"@type\":\"ListItem\",\"position\":1,\"name\":\"Startseite\",\"item\":\"https:\\\/\\\/marktxxl.de\\\/markt\\\/\"},{\"@type\":\"ListItem\",\"position\":2,\"name\":\"Markt\",\"item\":\"https:\\\/\\\/marktxxl.de\\\/markt\\\/\"},{\"@type\":\"ListItem\",\"position\":3,\"name\":\"Fractal Design Define R6 USB-C &#8211; Mid Tower Computer Case &#8211; ATX &#8211; Optimized For High Airflow And Silent Computing with\u2026\"}]},{\"@type\":\"WebSite\",\"@id\":\"https:\\\/\\\/marktxxl.de\\\/markt\\\/#website\",\"url\":\"https:\\\/\\\/marktxxl.de\\\/markt\\\/\",\"name\":\"Markt-XXL\",\"description\":\"Ihr Markt Online\",\"publisher\":{\"@id\":\"https:\\\/\\\/marktxxl.de\\\/markt\\\/#organization\"},\"potentialAction\":[{\"@type\":\"SearchAction\",\"target\":{\"@type\":\"EntryPoint\",\"urlTemplate\":\"https:\\\/\\\/marktxxl.de\\\/markt\\\/?s={search_term_string}\"},\"query-input\":{\"@type\":\"PropertyValueSpecification\",\"valueRequired\":true,\"valueName\":\"search_term_string\"}}],\"inLanguage\":\"de\"},{\"@type\":\"Organization\",\"@id\":\"https:\\\/\\\/marktxxl.de\\\/markt\\\/#organization\",\"name\":\"Markt-XXL\",\"url\":\"https:\\\/\\\/marktxxl.de\\\/markt\\\/\",\"logo\":{\"@type\":\"ImageObject\",\"inLanguage\":\"de\",\"@id\":\"https:\\\/\\\/marktxxl.de\\\/markt\\\/#\\\/schema\\\/logo\\\/image\\\/\",\"url\":\"https:\\\/\\\/marktxxl.de\\\/markt\\\/wp-content\\\/uploads\\\/sites\\\/3\\\/2020\\\/12\\\/logo.png\",\"contentUrl\":\"https:\\\/\\\/marktxxl.de\\\/markt\\\/wp-content\\\/uploads\\\/sites\\\/3\\\/2020\\\/12\\\/logo.png\",\"width\":200,\"height\":70,\"caption\":\"Markt-XXL\"},\"image\":{\"@id\":\"https:\\\/\\\/marktxxl.de\\\/markt\\\/#\\\/schema\\\/logo\\\/image\\\/\"}}]}<\/script>\n<!-- \/ Yoast SEO plugin. -->","yoast_head_json":{"title":"Fractal Design Define R6 USB-C - Mid Tower Computer Case - ATX - Optimized For High Airflow And Silent Computing with\u2026 - Markt-XXL","description":"Markt-XXL Fractal Design Define R6 USB-C - Mid Tower Computer Case - ATX - Optimized For High Airflow And Silent Computing with\u2026","robots":{"index":"index","follow":"follow","max-snippet":"max-snippet:-1","max-image-preview":"max-image-preview:large","max-video-preview":"max-video-preview:-1"},"canonical":"https:\/\/marktxxl.de\/markt\/produkt\/fractal-design-fd-ca-def-r6c-gy-tgl-define-r6-tempered-glass-usb-c-gehaeuse\/","og_locale":"de_DE","og_type":"article","og_title":"Fractal Design Define R6 USB-C - Mid Tower Computer Case - ATX - Optimized For High Airflow And Silent Computing with\u2026 - Markt-XXL","og_description":"Markt-XXL Fractal Design Define R6 USB-C - Mid Tower Computer Case - ATX - Optimized For High Airflow And Silent Computing with\u2026","og_url":"https:\/\/marktxxl.de\/markt\/produkt\/fractal-design-fd-ca-def-r6c-gy-tgl-define-r6-tempered-glass-usb-c-gehaeuse\/","og_site_name":"Markt-XXL","article_modified_time":"2023-04-08T23:30:26+00:00","og_image":[{"width":500,"height":500,"url":"https:\/\/m.media-amazon.com\/images\/I\/41Qqfv38vHL._SL500_.jpg","type":"image\/jpeg"}],"twitter_card":"summary_large_image","twitter_misc":{"Gesch\u00e4tzte Lesezeit":"1\u00a0Minute"},"schema":{"@context":"https:\/\/schema.org","@graph":[{"@type":"WebPage","@id":"https:\/\/marktxxl.de\/markt\/produkt\/fractal-design-fd-ca-def-r6c-gy-tgl-define-r6-tempered-glass-usb-c-gehaeuse\/","url":"https:\/\/marktxxl.de\/markt\/produkt\/fractal-design-fd-ca-def-r6c-gy-tgl-define-r6-tempered-glass-usb-c-gehaeuse\/","name":"Fractal Design Define R6 USB-C - Mid Tower Computer Case - ATX - Optimized For High Airflow And Silent Computing with\u2026 - Markt-XXL","isPartOf":{"@id":"https:\/\/marktxxl.de\/markt\/#website"},"primaryImageOfPage":{"@id":"https:\/\/marktxxl.de\/markt\/produkt\/fractal-design-fd-ca-def-r6c-gy-tgl-define-r6-tempered-glass-usb-c-gehaeuse\/#primaryimage"},"image":{"@id":"https:\/\/marktxxl.de\/markt\/produkt\/fractal-design-fd-ca-def-r6c-gy-tgl-define-r6-tempered-glass-usb-c-gehaeuse\/#primaryimage"},"thumbnailUrl":"https:\/\/m.media-amazon.com\/images\/I\/41Qqfv38vHL._SL500_.jpg","datePublished":"2021-09-26T12:30:13+00:00","dateModified":"2023-04-08T23:30:26+00:00","description":"Markt-XXL Fractal Design Define R6 USB-C - Mid Tower Computer Case - ATX - Optimized For High Airflow And Silent Computing with\u2026","breadcrumb":{"@id":"https:\/\/marktxxl.de\/markt\/produkt\/fractal-design-fd-ca-def-r6c-gy-tgl-define-r6-tempered-glass-usb-c-gehaeuse\/#breadcrumb"},"inLanguage":"de","potentialAction":[{"@type":"ReadAction","target":["https:\/\/marktxxl.de\/markt\/produkt\/fractal-design-fd-ca-def-r6c-gy-tgl-define-r6-tempered-glass-usb-c-gehaeuse\/"]}]},{"@type":"ImageObject","inLanguage":"de","@id":"https:\/\/marktxxl.de\/markt\/produkt\/fractal-design-fd-ca-def-r6c-gy-tgl-define-r6-tempered-glass-usb-c-gehaeuse\/#primaryimage","url":"https:\/\/m.media-amazon.com\/images\/I\/41Qqfv38vHL._SL500_.jpg","contentUrl":"https:\/\/m.media-amazon.com\/images\/I\/41Qqfv38vHL._SL500_.jpg","width":500,"height":500},{"@type":"BreadcrumbList","@id":"https:\/\/marktxxl.de\/markt\/produkt\/fractal-design-fd-ca-def-r6c-gy-tgl-define-r6-tempered-glass-usb-c-gehaeuse\/#breadcrumb","itemListElement":[{"@type":"ListItem","position":1,"name":"Startseite","item":"https:\/\/marktxxl.de\/markt\/"},{"@type":"ListItem","position":2,"name":"Markt","item":"https:\/\/marktxxl.de\/markt\/"},{"@type":"ListItem","position":3,"name":"Fractal Design Define R6 USB-C &#8211; Mid Tower Computer Case &#8211; ATX &#8211; Optimized For High Airflow And Silent Computing with\u2026"}]},{"@type":"WebSite","@id":"https:\/\/marktxxl.de\/markt\/#website","url":"https:\/\/marktxxl.de\/markt\/","name":"Markt-XXL","description":"Ihr Markt Online","publisher":{"@id":"https:\/\/marktxxl.de\/markt\/#organization"},"potentialAction":[{"@type":"SearchAction","target":{"@type":"EntryPoint","urlTemplate":"https:\/\/marktxxl.de\/markt\/?s={search_term_string}"},"query-input":{"@type":"PropertyValueSpecification","valueRequired":true,"valueName":"search_term_string"}}],"inLanguage":"de"},{"@type":"Organization","@id":"https:\/\/marktxxl.de\/markt\/#organization","name":"Markt-XXL","url":"https:\/\/marktxxl.de\/markt\/","logo":{"@type":"ImageObject","inLanguage":"de","@id":"https:\/\/marktxxl.de\/markt\/#\/schema\/logo\/image\/","url":"https:\/\/marktxxl.de\/markt\/wp-content\/uploads\/sites\/3\/2020\/12\/logo.png","contentUrl":"https:\/\/marktxxl.de\/markt\/wp-content\/uploads\/sites\/3\/2020\/12\/logo.png","width":200,"height":70,"caption":"Markt-XXL"},"image":{"@id":"https:\/\/marktxxl.de\/markt\/#\/schema\/logo\/image\/"}}]}},"_links":{"self":[{"href":"https:\/\/marktxxl.de\/markt\/wp-json\/wp\/v2\/product\/42476","targetHints":{"allow":["GET"]}}],"collection":[{"href":"https:\/\/marktxxl.de\/markt\/wp-json\/wp\/v2\/product"}],"about":[{"href":"https:\/\/marktxxl.de\/markt\/wp-json\/wp\/v2\/types\/product"}],"replies":[{"embeddable":true,"href":"https:\/\/marktxxl.de\/markt\/wp-json\/wp\/v2\/comments?post=42476"}],"wp:featuredmedia":[{"embeddable":true,"href":"https:\/\/marktxxl.de\/markt\/wp-json\/wp\/v2\/media\/42477"}],"wp:attachment":[{"href":"https:\/\/marktxxl.de\/markt\/wp-json\/wp\/v2\/media?parent=42476"}],"wp:term":[{"taxonomy":"product_brand","embeddable":true,"href":"https:\/\/marktxxl.de\/markt\/wp-json\/wp\/v2\/product_brand?post=42476"},{"taxonomy":"product_cat","embeddable":true,"href":"https:\/\/marktxxl.de\/markt\/wp-json\/wp\/v2\/product_cat?post=42476"},{"taxonomy":"product_tag","embeddable":true,"href":"https:\/\/marktxxl.de\/markt\/wp-json\/wp\/v2\/product_tag?post=42476"}],"curies":[{"name":"wp","href":"https:\/\/api.w.org\/{rel}","templated":true}]}}