{"id":42437,"date":"2021-09-26T14:27:24","date_gmt":"2021-09-26T12:27:24","guid":{"rendered":"https:\/\/marktxxl.de\/markt\/produkt\/vasagle-schreibtisch-l-foermiger-computertisch-eckschreibtisch-mit-2-ablagen\/"},"modified":"2023-04-09T01:30:25","modified_gmt":"2023-04-08T23:30:25","slug":"vasagle-schreibtisch-l-foermiger-computertisch-eckschreibtisch-mit-2-ablagen","status":"publish","type":"product","link":"https:\/\/marktxxl.de\/markt\/produkt\/vasagle-schreibtisch-l-foermiger-computertisch-eckschreibtisch-mit-2-ablagen\/","title":{"rendered":"VASAGLE Schreibtisch, L-f\u00f6rmiger Computertisch, Eckschreibtisch mit 2 Ablagen"},"content":{"rendered":"<p>SELBSTBEWUSSTER STIL: Dieser L-f\u00f6rmige Computertisch vereint ein stabiles Metallgestell mit einer ansprechenden Tischplatte in Vintage-Optik. Stellen Sie diesen Tisch selbstbewusst in Ihr Arbeitszimmer &#8211; Sie haben die richtige Wahl getroffen!<br \/>\nPASST PERFEKT: Beide Seiten des Schreibtisches sind gleich lang, sodass er sich in nahezu jede B\u00fcroecke integrieren l\u00e4sst. Die hintere Tischecke fehlt \u00fcbrigens. Dies ist so gewollt, denn durch die \u00d6ffnung k\u00f6nnen Sie eine Vielzahl von Kabeln f\u00fchren. Einfach perfekt, wenn Sie den Tisch zum Gamen nutzen m\u00f6chten und die Kabel Ihrer Spielekonsolen ordnen wollen<br \/>\nIN REICHWEITE: Bewahren Sie Ihre B\u00fcroutensilien nur eine Armesl\u00e4nge entfernt auf. Der Schreibtisch verf\u00fcgt \u00fcber 2 Regalebenen, auf denen Sie B\u00fccher oder Akten griffbereit ablegen k\u00f6nnen. Entfernen Sie die obere Platte, um Platz f\u00fcr einen PC zu schaffen<br \/>\nALLES EASY: Damit sich der Aufbau dieses L-f\u00f6rmigen Schreibtisches f\u00fcr Sie so einfach wie m\u00f6glich gestaltet, statten wir Sie mit einer detaillierten Anleitung, nummerierten Einzelteilen sowie Montagewerkzeug aus<br \/>\nWAS SIE BEKOMMEN: Einen Schreibtisch im Industriestil, welcher \u00fcber 2 Regalebenen sowie verstellbare F\u00fc\u00dfe verf\u00fcgt, und der sich zudem einfach aufbauen l\u00e4sst. Psst, dieser Tisch ist Teil unserer ALINRU-Kollektion!<br \/>\n<div class=\"main-cross-sell\" data-asin=\"B08DTXFLH4\">\n\n\t<div class=\"WooZone-cross-sell-loader\">\n\t\t<div>\n\t\t\t<div id=\"floatingBarsG\">\n\t\t\t\t<div class=\"blockG\" id=\"rotateG_01\"><\/div>\n\t\t\t\t<div class=\"blockG\" id=\"rotateG_02\"><\/div>\n\t\t\t\t<div class=\"blockG\" id=\"rotateG_03\"><\/div>\n\t\t\t\t<div class=\"blockG\" id=\"rotateG_04\"><\/div>\n\t\t\t\t<div class=\"blockG\" id=\"rotateG_05\"><\/div>\n\t\t\t\t<div class=\"blockG\" id=\"rotateG_06\"><\/div>\n\t\t\t\t<div class=\"blockG\" id=\"rotateG_07\"><\/div>\n\t\t\t\t<div class=\"blockG\" id=\"rotateG_08\"><\/div>\n\t\t\t<\/div>\n\t\t\t<div class=\"WooZone-cross-sell-loader-text\"><\/div>\n\t\t<\/div>\n\t<\/div>\n\n\t\t\n<\/div>\n<div style=\"clear:both;\"><\/div><\/p>\n","protected":false},"excerpt":{"rendered":"<p>SELBSTBEWUSSTER STIL: Dieser L-f\u00f6rmige Computertisch vereint ein stabiles Metallgestell mit einer ansprechenden Tischplatte in Vintage-Optik. Stellen Sie diesen Tisch selbstbewusst in Ihr Arbeitszimmer &#8211; Sie haben die richtige Wahl getroffen!<br \/>\nPASST PERFEKT: Beide Seiten des Schreibtisches sind gleich lang, sodass er sich in nahezu jede B\u00fcroecke integrieren l\u00e4sst. Die hintere Tischecke fehlt \u00fcbrigens. Dies ist so gewollt, denn durch die \u00d6ffnung k\u00f6nnen Sie eine Vielzahl von Kabeln f\u00fchren. Einfach perfekt, wenn Sie den Tisch zum Gamen nutzen m\u00f6chten und die Kabel Ihrer Spielekonsolen ordnen wollen<br \/>\nIN REICHWEITE: Bewahren Sie Ihre B\u00fcroutensilien nur eine Armesl\u00e4nge entfernt auf. Der Schreibtisch verf\u00fcgt \u00fcber 2 Regalebenen, auf denen Sie B\u00fccher oder Akten griffbereit ablegen k\u00f6nnen. Entfernen Sie die obere Platte, um Platz f\u00fcr einen PC zu schaffen<\/p>\n","protected":false},"featured_media":42440,"comment_status":"open","ping_status":"closed","template":"","meta":[],"product_brand":[],"product_cat":[504,8312],"product_tag":[],"class_list":{"0":"post-42437","1":"product","2":"type-product","3":"status-publish","4":"has-post-thumbnail","6":"product_cat-buerobedarf-schreibwaren","7":"product_cat-bueromoebel-beleuchtung","8":"pa_brand-vasagle","9":"pa_farbe-greige-plus-schwarz","10":"pa_farbe-vintagebraun-plus-schwarz","11":"pa_manufacturer-vasagle","13":"first","14":"instock","15":"shipping-taxable","16":"product-type-simple","17":"customify-col","18":"product-has-gallery"},"yoast_head":"<!-- This site is optimized with the Yoast SEO plugin v27.3 - https:\/\/yoast.com\/product\/yoast-seo-wordpress\/ -->\n<title>VASAGLE Schreibtisch, L-f\u00f6rmiger Computertisch, Eckschreibtisch mit 2 Ablagen - Markt-XXL<\/title>\n<meta name=\"description\" content=\"Markt-XXL VASAGLE Schreibtisch, L-f\u00f6rmiger Computertisch, Eckschreibtisch mit 2 Ablagen\" \/>\n<meta name=\"robots\" content=\"index, follow, max-snippet:-1, max-image-preview:large, max-video-preview:-1\" \/>\n<link rel=\"canonical\" href=\"https:\/\/marktxxl.de\/markt\/produkt\/vasagle-schreibtisch-l-foermiger-computertisch-eckschreibtisch-mit-2-ablagen\/\" \/>\n<meta property=\"og:locale\" content=\"de_DE\" \/>\n<meta property=\"og:type\" content=\"article\" \/>\n<meta property=\"og:title\" content=\"VASAGLE Schreibtisch, L-f\u00f6rmiger Computertisch, Eckschreibtisch mit 2 Ablagen - Markt-XXL\" \/>\n<meta property=\"og:description\" content=\"Markt-XXL VASAGLE Schreibtisch, L-f\u00f6rmiger Computertisch, Eckschreibtisch mit 2 Ablagen\" \/>\n<meta property=\"og:url\" content=\"https:\/\/marktxxl.de\/markt\/produkt\/vasagle-schreibtisch-l-foermiger-computertisch-eckschreibtisch-mit-2-ablagen\/\" \/>\n<meta property=\"og:site_name\" content=\"Markt-XXL\" \/>\n<meta property=\"article:modified_time\" content=\"2023-04-08T23:30:25+00:00\" \/>\n<meta property=\"og:image\" content=\"https:\/\/m.media-amazon.com\/images\/I\/41i3AxO+YsL._SL500_.jpg\" \/>\n\t<meta property=\"og:image:width\" content=\"500\" \/>\n\t<meta property=\"og:image:height\" content=\"500\" \/>\n\t<meta property=\"og:image:type\" content=\"image\/jpeg\" \/>\n<meta name=\"twitter:card\" content=\"summary_large_image\" \/>\n<meta name=\"twitter:label1\" content=\"Gesch\u00e4tzte Lesezeit\" \/>\n\t<meta name=\"twitter:data1\" content=\"1\u00a0Minute\" \/>\n<script type=\"application\/ld+json\" class=\"yoast-schema-graph\">{\"@context\":\"https:\\\/\\\/schema.org\",\"@graph\":[{\"@type\":\"WebPage\",\"@id\":\"https:\\\/\\\/marktxxl.de\\\/markt\\\/produkt\\\/vasagle-schreibtisch-l-foermiger-computertisch-eckschreibtisch-mit-2-ablagen\\\/\",\"url\":\"https:\\\/\\\/marktxxl.de\\\/markt\\\/produkt\\\/vasagle-schreibtisch-l-foermiger-computertisch-eckschreibtisch-mit-2-ablagen\\\/\",\"name\":\"VASAGLE Schreibtisch, L-f\u00f6rmiger Computertisch, Eckschreibtisch mit 2 Ablagen - Markt-XXL\",\"isPartOf\":{\"@id\":\"https:\\\/\\\/marktxxl.de\\\/markt\\\/#website\"},\"primaryImageOfPage\":{\"@id\":\"https:\\\/\\\/marktxxl.de\\\/markt\\\/produkt\\\/vasagle-schreibtisch-l-foermiger-computertisch-eckschreibtisch-mit-2-ablagen\\\/#primaryimage\"},\"image\":{\"@id\":\"https:\\\/\\\/marktxxl.de\\\/markt\\\/produkt\\\/vasagle-schreibtisch-l-foermiger-computertisch-eckschreibtisch-mit-2-ablagen\\\/#primaryimage\"},\"thumbnailUrl\":\"https:\\\/\\\/m.media-amazon.com\\\/images\\\/I\\\/41i3AxO+YsL._SL500_.jpg\",\"datePublished\":\"2021-09-26T12:27:24+00:00\",\"dateModified\":\"2023-04-08T23:30:25+00:00\",\"description\":\"Markt-XXL VASAGLE Schreibtisch, L-f\u00f6rmiger Computertisch, Eckschreibtisch mit 2 Ablagen\",\"breadcrumb\":{\"@id\":\"https:\\\/\\\/marktxxl.de\\\/markt\\\/produkt\\\/vasagle-schreibtisch-l-foermiger-computertisch-eckschreibtisch-mit-2-ablagen\\\/#breadcrumb\"},\"inLanguage\":\"de\",\"potentialAction\":[{\"@type\":\"ReadAction\",\"target\":[\"https:\\\/\\\/marktxxl.de\\\/markt\\\/produkt\\\/vasagle-schreibtisch-l-foermiger-computertisch-eckschreibtisch-mit-2-ablagen\\\/\"]}]},{\"@type\":\"ImageObject\",\"inLanguage\":\"de\",\"@id\":\"https:\\\/\\\/marktxxl.de\\\/markt\\\/produkt\\\/vasagle-schreibtisch-l-foermiger-computertisch-eckschreibtisch-mit-2-ablagen\\\/#primaryimage\",\"url\":\"https:\\\/\\\/m.media-amazon.com\\\/images\\\/I\\\/41i3AxO+YsL._SL500_.jpg\",\"contentUrl\":\"https:\\\/\\\/m.media-amazon.com\\\/images\\\/I\\\/41i3AxO+YsL._SL500_.jpg\",\"width\":500,\"height\":500},{\"@type\":\"BreadcrumbList\",\"@id\":\"https:\\\/\\\/marktxxl.de\\\/markt\\\/produkt\\\/vasagle-schreibtisch-l-foermiger-computertisch-eckschreibtisch-mit-2-ablagen\\\/#breadcrumb\",\"itemListElement\":[{\"@type\":\"ListItem\",\"position\":1,\"name\":\"Startseite\",\"item\":\"https:\\\/\\\/marktxxl.de\\\/markt\\\/\"},{\"@type\":\"ListItem\",\"position\":2,\"name\":\"Markt\",\"item\":\"https:\\\/\\\/marktxxl.de\\\/markt\\\/\"},{\"@type\":\"ListItem\",\"position\":3,\"name\":\"VASAGLE Schreibtisch, L-f\u00f6rmiger Computertisch, Eckschreibtisch mit 2 Ablagen\"}]},{\"@type\":\"WebSite\",\"@id\":\"https:\\\/\\\/marktxxl.de\\\/markt\\\/#website\",\"url\":\"https:\\\/\\\/marktxxl.de\\\/markt\\\/\",\"name\":\"Markt-XXL\",\"description\":\"Ihr Markt Online\",\"publisher\":{\"@id\":\"https:\\\/\\\/marktxxl.de\\\/markt\\\/#organization\"},\"potentialAction\":[{\"@type\":\"SearchAction\",\"target\":{\"@type\":\"EntryPoint\",\"urlTemplate\":\"https:\\\/\\\/marktxxl.de\\\/markt\\\/?s={search_term_string}\"},\"query-input\":{\"@type\":\"PropertyValueSpecification\",\"valueRequired\":true,\"valueName\":\"search_term_string\"}}],\"inLanguage\":\"de\"},{\"@type\":\"Organization\",\"@id\":\"https:\\\/\\\/marktxxl.de\\\/markt\\\/#organization\",\"name\":\"Markt-XXL\",\"url\":\"https:\\\/\\\/marktxxl.de\\\/markt\\\/\",\"logo\":{\"@type\":\"ImageObject\",\"inLanguage\":\"de\",\"@id\":\"https:\\\/\\\/marktxxl.de\\\/markt\\\/#\\\/schema\\\/logo\\\/image\\\/\",\"url\":\"https:\\\/\\\/marktxxl.de\\\/markt\\\/wp-content\\\/uploads\\\/sites\\\/3\\\/2020\\\/12\\\/logo.png\",\"contentUrl\":\"https:\\\/\\\/marktxxl.de\\\/markt\\\/wp-content\\\/uploads\\\/sites\\\/3\\\/2020\\\/12\\\/logo.png\",\"width\":200,\"height\":70,\"caption\":\"Markt-XXL\"},\"image\":{\"@id\":\"https:\\\/\\\/marktxxl.de\\\/markt\\\/#\\\/schema\\\/logo\\\/image\\\/\"}}]}<\/script>\n<!-- \/ Yoast SEO plugin. -->","yoast_head_json":{"title":"VASAGLE Schreibtisch, L-f\u00f6rmiger Computertisch, Eckschreibtisch mit 2 Ablagen - Markt-XXL","description":"Markt-XXL VASAGLE Schreibtisch, L-f\u00f6rmiger Computertisch, Eckschreibtisch mit 2 Ablagen","robots":{"index":"index","follow":"follow","max-snippet":"max-snippet:-1","max-image-preview":"max-image-preview:large","max-video-preview":"max-video-preview:-1"},"canonical":"https:\/\/marktxxl.de\/markt\/produkt\/vasagle-schreibtisch-l-foermiger-computertisch-eckschreibtisch-mit-2-ablagen\/","og_locale":"de_DE","og_type":"article","og_title":"VASAGLE Schreibtisch, L-f\u00f6rmiger Computertisch, Eckschreibtisch mit 2 Ablagen - Markt-XXL","og_description":"Markt-XXL VASAGLE Schreibtisch, L-f\u00f6rmiger Computertisch, Eckschreibtisch mit 2 Ablagen","og_url":"https:\/\/marktxxl.de\/markt\/produkt\/vasagle-schreibtisch-l-foermiger-computertisch-eckschreibtisch-mit-2-ablagen\/","og_site_name":"Markt-XXL","article_modified_time":"2023-04-08T23:30:25+00:00","og_image":[{"width":500,"height":500,"url":"https:\/\/m.media-amazon.com\/images\/I\/41i3AxO+YsL._SL500_.jpg","type":"image\/jpeg"}],"twitter_card":"summary_large_image","twitter_misc":{"Gesch\u00e4tzte Lesezeit":"1\u00a0Minute"},"schema":{"@context":"https:\/\/schema.org","@graph":[{"@type":"WebPage","@id":"https:\/\/marktxxl.de\/markt\/produkt\/vasagle-schreibtisch-l-foermiger-computertisch-eckschreibtisch-mit-2-ablagen\/","url":"https:\/\/marktxxl.de\/markt\/produkt\/vasagle-schreibtisch-l-foermiger-computertisch-eckschreibtisch-mit-2-ablagen\/","name":"VASAGLE Schreibtisch, L-f\u00f6rmiger Computertisch, Eckschreibtisch mit 2 Ablagen - Markt-XXL","isPartOf":{"@id":"https:\/\/marktxxl.de\/markt\/#website"},"primaryImageOfPage":{"@id":"https:\/\/marktxxl.de\/markt\/produkt\/vasagle-schreibtisch-l-foermiger-computertisch-eckschreibtisch-mit-2-ablagen\/#primaryimage"},"image":{"@id":"https:\/\/marktxxl.de\/markt\/produkt\/vasagle-schreibtisch-l-foermiger-computertisch-eckschreibtisch-mit-2-ablagen\/#primaryimage"},"thumbnailUrl":"https:\/\/m.media-amazon.com\/images\/I\/41i3AxO+YsL._SL500_.jpg","datePublished":"2021-09-26T12:27:24+00:00","dateModified":"2023-04-08T23:30:25+00:00","description":"Markt-XXL VASAGLE Schreibtisch, L-f\u00f6rmiger Computertisch, Eckschreibtisch mit 2 Ablagen","breadcrumb":{"@id":"https:\/\/marktxxl.de\/markt\/produkt\/vasagle-schreibtisch-l-foermiger-computertisch-eckschreibtisch-mit-2-ablagen\/#breadcrumb"},"inLanguage":"de","potentialAction":[{"@type":"ReadAction","target":["https:\/\/marktxxl.de\/markt\/produkt\/vasagle-schreibtisch-l-foermiger-computertisch-eckschreibtisch-mit-2-ablagen\/"]}]},{"@type":"ImageObject","inLanguage":"de","@id":"https:\/\/marktxxl.de\/markt\/produkt\/vasagle-schreibtisch-l-foermiger-computertisch-eckschreibtisch-mit-2-ablagen\/#primaryimage","url":"https:\/\/m.media-amazon.com\/images\/I\/41i3AxO+YsL._SL500_.jpg","contentUrl":"https:\/\/m.media-amazon.com\/images\/I\/41i3AxO+YsL._SL500_.jpg","width":500,"height":500},{"@type":"BreadcrumbList","@id":"https:\/\/marktxxl.de\/markt\/produkt\/vasagle-schreibtisch-l-foermiger-computertisch-eckschreibtisch-mit-2-ablagen\/#breadcrumb","itemListElement":[{"@type":"ListItem","position":1,"name":"Startseite","item":"https:\/\/marktxxl.de\/markt\/"},{"@type":"ListItem","position":2,"name":"Markt","item":"https:\/\/marktxxl.de\/markt\/"},{"@type":"ListItem","position":3,"name":"VASAGLE Schreibtisch, L-f\u00f6rmiger Computertisch, Eckschreibtisch mit 2 Ablagen"}]},{"@type":"WebSite","@id":"https:\/\/marktxxl.de\/markt\/#website","url":"https:\/\/marktxxl.de\/markt\/","name":"Markt-XXL","description":"Ihr Markt Online","publisher":{"@id":"https:\/\/marktxxl.de\/markt\/#organization"},"potentialAction":[{"@type":"SearchAction","target":{"@type":"EntryPoint","urlTemplate":"https:\/\/marktxxl.de\/markt\/?s={search_term_string}"},"query-input":{"@type":"PropertyValueSpecification","valueRequired":true,"valueName":"search_term_string"}}],"inLanguage":"de"},{"@type":"Organization","@id":"https:\/\/marktxxl.de\/markt\/#organization","name":"Markt-XXL","url":"https:\/\/marktxxl.de\/markt\/","logo":{"@type":"ImageObject","inLanguage":"de","@id":"https:\/\/marktxxl.de\/markt\/#\/schema\/logo\/image\/","url":"https:\/\/marktxxl.de\/markt\/wp-content\/uploads\/sites\/3\/2020\/12\/logo.png","contentUrl":"https:\/\/marktxxl.de\/markt\/wp-content\/uploads\/sites\/3\/2020\/12\/logo.png","width":200,"height":70,"caption":"Markt-XXL"},"image":{"@id":"https:\/\/marktxxl.de\/markt\/#\/schema\/logo\/image\/"}}]}},"_links":{"self":[{"href":"https:\/\/marktxxl.de\/markt\/wp-json\/wp\/v2\/product\/42437","targetHints":{"allow":["GET"]}}],"collection":[{"href":"https:\/\/marktxxl.de\/markt\/wp-json\/wp\/v2\/product"}],"about":[{"href":"https:\/\/marktxxl.de\/markt\/wp-json\/wp\/v2\/types\/product"}],"replies":[{"embeddable":true,"href":"https:\/\/marktxxl.de\/markt\/wp-json\/wp\/v2\/comments?post=42437"}],"wp:featuredmedia":[{"embeddable":true,"href":"https:\/\/marktxxl.de\/markt\/wp-json\/wp\/v2\/media\/42440"}],"wp:attachment":[{"href":"https:\/\/marktxxl.de\/markt\/wp-json\/wp\/v2\/media?parent=42437"}],"wp:term":[{"taxonomy":"product_brand","embeddable":true,"href":"https:\/\/marktxxl.de\/markt\/wp-json\/wp\/v2\/product_brand?post=42437"},{"taxonomy":"product_cat","embeddable":true,"href":"https:\/\/marktxxl.de\/markt\/wp-json\/wp\/v2\/product_cat?post=42437"},{"taxonomy":"product_tag","embeddable":true,"href":"https:\/\/marktxxl.de\/markt\/wp-json\/wp\/v2\/product_tag?post=42437"}],"curies":[{"name":"wp","href":"https:\/\/api.w.org\/{rel}","templated":true}]}}