{"id":42385,"date":"2021-09-26T14:27:20","date_gmt":"2021-09-26T12:27:20","guid":{"rendered":"https:\/\/marktxxl.de\/markt\/produkt\/orionstar-laptopstaender-aluminium-laptop-riser-kompatibel-mit-apple-mac-macbook-air-pro-10-bis-156-zoll-notebook-computer-ergonomischer-aufzugshalter\/"},"modified":"2023-04-09T01:30:25","modified_gmt":"2023-04-08T23:30:25","slug":"orionstar-laptopstaender-aluminium-laptop-riser-kompatibel-mit-apple-mac-macbook-air-pro-10-bis-156-zoll-notebook-computer-ergonomischer-aufzugshalter","status":"publish","type":"product","link":"https:\/\/marktxxl.de\/markt\/produkt\/orionstar-laptopstaender-aluminium-laptop-riser-kompatibel-mit-apple-mac-macbook-air-pro-10-bis-156-zoll-notebook-computer-ergonomischer-aufzugshalter\/","title":{"rendered":"Orionstar Ergonomischer Laptop St\u00e4nder Halter f\u00fcr Mac MacBook Pro Air und alle Apple Notebooks, Kompakter tragbarer\u2026"},"content":{"rendered":"<p>Breite Kompatibilit\u00e4t &#8211; Der Orionstar Aluminium Laptop Stand ist kompatibel mit allen Laptops von 10-15,6 Zoll, beispielsweise MacBook 12\/13, MacBook Air 13, Macbook Pro 13\/15, Google Pixelbook, Dell XPS, HP, ASUS, Lenovo ThinkPad, Acer, Chromebook und andere Notebook-PC-Gr\u00f6\u00dfen zwischen 10 und 15,6 Zoll. Hinweis: Es ist nicht f\u00fcr 17-Zoll-Laptops vorgesehen.<br \/>\nErgonomischer Halter &#8211; Der MacBook-St\u00e4nder dient als Anhebung, um den Laptop-Bildschirm f\u00fcr eine perfekte Augenh\u00f6he auf 6 Zoll anzuheben, Ihre Haltung zu korrigieren und Nackenschmerzen, R\u00fcckenschmerzen und Augenbelastungen zu reduzieren.<br \/>\nStark und Sch\u00fctzend &#8211; Der Laptop-St\u00e4nder besteht aus einer hochwertigen 5-mm-Aluminiumlegierung. Es ist ziemlich robust und tr\u00e4gt ein Gewicht von bis zu 4 kg auf der Oberseite. Mit gro\u00dfen Gummipads auf der Oberseite h\u00e4lt es Ihren Laptop stabil und sch\u00fctzt Ihr Ger\u00e4t maximal vor Kratzern und Rutschen.<br \/>\nAbnehmbar und Einfache Installation &#8211; Dieser Computerst\u00e4nder f\u00fcr Laptops kann zur Aufbewahrung leicht in 3 Teile zerlegt werden. Sie k\u00f6nnen es mit einer einstufigen Installation problemlos wieder zusammenbauen.<br \/>\nW\u00e4rmeableitung &#8211; Aluminiumlegierungsmaterial dient als W\u00e4rmeleitpad zur K\u00fchlung Ihres Laptops. Der Neigungswinkel nach vorne und das offene Design bieten hervorragende Bel\u00fcftung und Luftzirkulation, um eine \u00dcberhitzung Ihres Notebooks zu vermeiden.<br \/>\n<div class=\"main-cross-sell\" data-asin=\"B07YR85NSD\">\n\n\t<div class=\"WooZone-cross-sell-loader\">\n\t\t<div>\n\t\t\t<div id=\"floatingBarsG\">\n\t\t\t\t<div class=\"blockG\" id=\"rotateG_01\"><\/div>\n\t\t\t\t<div class=\"blockG\" id=\"rotateG_02\"><\/div>\n\t\t\t\t<div class=\"blockG\" id=\"rotateG_03\"><\/div>\n\t\t\t\t<div class=\"blockG\" id=\"rotateG_04\"><\/div>\n\t\t\t\t<div class=\"blockG\" id=\"rotateG_05\"><\/div>\n\t\t\t\t<div class=\"blockG\" id=\"rotateG_06\"><\/div>\n\t\t\t\t<div class=\"blockG\" id=\"rotateG_07\"><\/div>\n\t\t\t\t<div class=\"blockG\" id=\"rotateG_08\"><\/div>\n\t\t\t<\/div>\n\t\t\t<div class=\"WooZone-cross-sell-loader-text\"><\/div>\n\t\t<\/div>\n\t<\/div>\n\n\t\t\n<\/div>\n<div style=\"clear:both;\"><\/div><\/p>\n","protected":false},"excerpt":{"rendered":"<p>Breite Kompatibilit\u00e4t &#8211; Der Orionstar Aluminium Laptop Stand ist kompatibel mit allen Laptops von 10-15,6 Zoll, beispielsweise MacBook 12\/13, MacBook Air 13, Macbook Pro 13\/15, Google Pixelbook, Dell XPS, HP, ASUS, Lenovo ThinkPad, Acer, Chromebook und andere Notebook-PC-Gr\u00f6\u00dfen zwischen 10 und 15,6 Zoll. Hinweis: Es ist nicht f\u00fcr 17-Zoll-Laptops vorgesehen.<br \/>\nErgonomischer Halter &#8211; Der MacBook-St\u00e4nder dient als Anhebung, um den Laptop-Bildschirm f\u00fcr eine perfekte Augenh\u00f6he auf 6 Zoll anzuheben, Ihre Haltung zu korrigieren und Nackenschmerzen, R\u00fcckenschmerzen und Augenbelastungen zu reduzieren.<br \/>\nStark und Sch\u00fctzend &#8211; Der Laptop-St\u00e4nder besteht aus einer hochwertigen 5-mm-Aluminiumlegierung. Es ist ziemlich robust und tr\u00e4gt ein Gewicht von bis zu 4 kg auf der Oberseite. Mit gro\u00dfen Gummipads auf der Oberseite h\u00e4lt es Ihren Laptop stabil und sch\u00fctzt Ihr Ger\u00e4t maximal vor Kratzern und Rutschen.<\/p>\n","protected":false},"featured_media":42392,"comment_status":"open","ping_status":"closed","template":"","meta":[],"product_brand":[],"product_cat":[504,8312],"product_tag":[],"class_list":{"0":"post-42385","1":"product","2":"type-product","3":"status-publish","4":"has-post-thumbnail","6":"product_cat-buerobedarf-schreibwaren","7":"product_cat-bueromoebel-beleuchtung","8":"pa_binding-buerobedarf-schreibwaren","9":"pa_brand-orionstar","10":"pa_farbe-aquamarin","11":"pa_farbe-black","12":"pa_farbe-gold","13":"pa_farbe-gray","14":"pa_farbe-rose","15":"pa_farbe-silver","16":"pa_manufacturer-bosen","17":"pa_model-m5","19":"first","20":"instock","21":"shipping-taxable","22":"purchasable","23":"product-type-variable","24":"customify-col","25":"product-has-gallery"},"yoast_head":"<!-- This site is optimized with the Yoast SEO plugin v27.4 - https:\/\/yoast.com\/product\/yoast-seo-wordpress\/ -->\n<title>Orionstar Ergonomischer Laptop St\u00e4nder Halter f\u00fcr Mac MacBook Pro Air und alle Apple Notebooks, Kompakter tragbarer\u2026 - Markt-XXL<\/title>\n<meta name=\"description\" content=\"Markt-XXL Orionstar Ergonomischer Laptop St\u00e4nder Halter f\u00fcr Mac MacBook Pro Air und alle Apple Notebooks, Kompakter tragbarer\u2026\" \/>\n<meta name=\"robots\" content=\"index, follow, max-snippet:-1, max-image-preview:large, max-video-preview:-1\" \/>\n<link rel=\"canonical\" href=\"https:\/\/marktxxl.de\/markt\/produkt\/orionstar-laptopstaender-aluminium-laptop-riser-kompatibel-mit-apple-mac-macbook-air-pro-10-bis-156-zoll-notebook-computer-ergonomischer-aufzugshalter\/\" \/>\n<meta property=\"og:locale\" content=\"de_DE\" \/>\n<meta property=\"og:type\" content=\"article\" \/>\n<meta property=\"og:title\" content=\"Orionstar Ergonomischer Laptop St\u00e4nder Halter f\u00fcr Mac MacBook Pro Air und alle Apple Notebooks, Kompakter tragbarer\u2026 - Markt-XXL\" \/>\n<meta property=\"og:description\" content=\"Markt-XXL Orionstar Ergonomischer Laptop St\u00e4nder Halter f\u00fcr Mac MacBook Pro Air und alle Apple Notebooks, Kompakter tragbarer\u2026\" \/>\n<meta property=\"og:url\" content=\"https:\/\/marktxxl.de\/markt\/produkt\/orionstar-laptopstaender-aluminium-laptop-riser-kompatibel-mit-apple-mac-macbook-air-pro-10-bis-156-zoll-notebook-computer-ergonomischer-aufzugshalter\/\" \/>\n<meta property=\"og:site_name\" content=\"Markt-XXL\" \/>\n<meta property=\"article:modified_time\" content=\"2023-04-08T23:30:25+00:00\" \/>\n<meta property=\"og:image\" content=\"https:\/\/m.media-amazon.com\/images\/I\/41f7BJ-S6QL._SL500_.jpg\" \/>\n\t<meta property=\"og:image:width\" content=\"477\" \/>\n\t<meta property=\"og:image:height\" content=\"500\" \/>\n\t<meta property=\"og:image:type\" content=\"image\/jpeg\" \/>\n<meta name=\"twitter:card\" content=\"summary_large_image\" \/>\n<meta name=\"twitter:label1\" content=\"Gesch\u00e4tzte Lesezeit\" \/>\n\t<meta name=\"twitter:data1\" content=\"1\u00a0Minute\" \/>\n<script type=\"application\/ld+json\" class=\"yoast-schema-graph\">{\"@context\":\"https:\\\/\\\/schema.org\",\"@graph\":[{\"@type\":\"WebPage\",\"@id\":\"https:\\\/\\\/marktxxl.de\\\/markt\\\/produkt\\\/orionstar-laptopstaender-aluminium-laptop-riser-kompatibel-mit-apple-mac-macbook-air-pro-10-bis-156-zoll-notebook-computer-ergonomischer-aufzugshalter\\\/\",\"url\":\"https:\\\/\\\/marktxxl.de\\\/markt\\\/produkt\\\/orionstar-laptopstaender-aluminium-laptop-riser-kompatibel-mit-apple-mac-macbook-air-pro-10-bis-156-zoll-notebook-computer-ergonomischer-aufzugshalter\\\/\",\"name\":\"Orionstar Ergonomischer Laptop St\u00e4nder Halter f\u00fcr Mac MacBook Pro Air und alle Apple Notebooks, Kompakter tragbarer\u2026 - Markt-XXL\",\"isPartOf\":{\"@id\":\"https:\\\/\\\/marktxxl.de\\\/markt\\\/#website\"},\"primaryImageOfPage\":{\"@id\":\"https:\\\/\\\/marktxxl.de\\\/markt\\\/produkt\\\/orionstar-laptopstaender-aluminium-laptop-riser-kompatibel-mit-apple-mac-macbook-air-pro-10-bis-156-zoll-notebook-computer-ergonomischer-aufzugshalter\\\/#primaryimage\"},\"image\":{\"@id\":\"https:\\\/\\\/marktxxl.de\\\/markt\\\/produkt\\\/orionstar-laptopstaender-aluminium-laptop-riser-kompatibel-mit-apple-mac-macbook-air-pro-10-bis-156-zoll-notebook-computer-ergonomischer-aufzugshalter\\\/#primaryimage\"},\"thumbnailUrl\":\"https:\\\/\\\/m.media-amazon.com\\\/images\\\/I\\\/41f7BJ-S6QL._SL500_.jpg\",\"datePublished\":\"2021-09-26T12:27:20+00:00\",\"dateModified\":\"2023-04-08T23:30:25+00:00\",\"description\":\"Markt-XXL Orionstar Ergonomischer Laptop St\u00e4nder Halter f\u00fcr Mac MacBook Pro Air und alle Apple Notebooks, Kompakter tragbarer\u2026\",\"breadcrumb\":{\"@id\":\"https:\\\/\\\/marktxxl.de\\\/markt\\\/produkt\\\/orionstar-laptopstaender-aluminium-laptop-riser-kompatibel-mit-apple-mac-macbook-air-pro-10-bis-156-zoll-notebook-computer-ergonomischer-aufzugshalter\\\/#breadcrumb\"},\"inLanguage\":\"de\",\"potentialAction\":[{\"@type\":\"ReadAction\",\"target\":[\"https:\\\/\\\/marktxxl.de\\\/markt\\\/produkt\\\/orionstar-laptopstaender-aluminium-laptop-riser-kompatibel-mit-apple-mac-macbook-air-pro-10-bis-156-zoll-notebook-computer-ergonomischer-aufzugshalter\\\/\"]}]},{\"@type\":\"ImageObject\",\"inLanguage\":\"de\",\"@id\":\"https:\\\/\\\/marktxxl.de\\\/markt\\\/produkt\\\/orionstar-laptopstaender-aluminium-laptop-riser-kompatibel-mit-apple-mac-macbook-air-pro-10-bis-156-zoll-notebook-computer-ergonomischer-aufzugshalter\\\/#primaryimage\",\"url\":\"https:\\\/\\\/m.media-amazon.com\\\/images\\\/I\\\/41f7BJ-S6QL._SL500_.jpg\",\"contentUrl\":\"https:\\\/\\\/m.media-amazon.com\\\/images\\\/I\\\/41f7BJ-S6QL._SL500_.jpg\",\"width\":477,\"height\":500},{\"@type\":\"BreadcrumbList\",\"@id\":\"https:\\\/\\\/marktxxl.de\\\/markt\\\/produkt\\\/orionstar-laptopstaender-aluminium-laptop-riser-kompatibel-mit-apple-mac-macbook-air-pro-10-bis-156-zoll-notebook-computer-ergonomischer-aufzugshalter\\\/#breadcrumb\",\"itemListElement\":[{\"@type\":\"ListItem\",\"position\":1,\"name\":\"Startseite\",\"item\":\"https:\\\/\\\/marktxxl.de\\\/markt\\\/\"},{\"@type\":\"ListItem\",\"position\":2,\"name\":\"Markt\",\"item\":\"https:\\\/\\\/marktxxl.de\\\/markt\\\/\"},{\"@type\":\"ListItem\",\"position\":3,\"name\":\"Orionstar Ergonomischer Laptop St\u00e4nder Halter f\u00fcr Mac MacBook Pro Air und alle Apple Notebooks, Kompakter tragbarer\u2026\"}]},{\"@type\":\"WebSite\",\"@id\":\"https:\\\/\\\/marktxxl.de\\\/markt\\\/#website\",\"url\":\"https:\\\/\\\/marktxxl.de\\\/markt\\\/\",\"name\":\"Markt-XXL\",\"description\":\"Ihr Markt Online\",\"publisher\":{\"@id\":\"https:\\\/\\\/marktxxl.de\\\/markt\\\/#organization\"},\"potentialAction\":[{\"@type\":\"SearchAction\",\"target\":{\"@type\":\"EntryPoint\",\"urlTemplate\":\"https:\\\/\\\/marktxxl.de\\\/markt\\\/?s={search_term_string}\"},\"query-input\":{\"@type\":\"PropertyValueSpecification\",\"valueRequired\":true,\"valueName\":\"search_term_string\"}}],\"inLanguage\":\"de\"},{\"@type\":\"Organization\",\"@id\":\"https:\\\/\\\/marktxxl.de\\\/markt\\\/#organization\",\"name\":\"Markt-XXL\",\"url\":\"https:\\\/\\\/marktxxl.de\\\/markt\\\/\",\"logo\":{\"@type\":\"ImageObject\",\"inLanguage\":\"de\",\"@id\":\"https:\\\/\\\/marktxxl.de\\\/markt\\\/#\\\/schema\\\/logo\\\/image\\\/\",\"url\":\"https:\\\/\\\/marktxxl.de\\\/markt\\\/wp-content\\\/uploads\\\/sites\\\/3\\\/2020\\\/12\\\/logo.png\",\"contentUrl\":\"https:\\\/\\\/marktxxl.de\\\/markt\\\/wp-content\\\/uploads\\\/sites\\\/3\\\/2020\\\/12\\\/logo.png\",\"width\":200,\"height\":70,\"caption\":\"Markt-XXL\"},\"image\":{\"@id\":\"https:\\\/\\\/marktxxl.de\\\/markt\\\/#\\\/schema\\\/logo\\\/image\\\/\"}}]}<\/script>\n<!-- \/ Yoast SEO plugin. -->","yoast_head_json":{"title":"Orionstar Ergonomischer Laptop St\u00e4nder Halter f\u00fcr Mac MacBook Pro Air und alle Apple Notebooks, Kompakter tragbarer\u2026 - Markt-XXL","description":"Markt-XXL Orionstar Ergonomischer Laptop St\u00e4nder Halter f\u00fcr Mac MacBook Pro Air und alle Apple Notebooks, Kompakter tragbarer\u2026","robots":{"index":"index","follow":"follow","max-snippet":"max-snippet:-1","max-image-preview":"max-image-preview:large","max-video-preview":"max-video-preview:-1"},"canonical":"https:\/\/marktxxl.de\/markt\/produkt\/orionstar-laptopstaender-aluminium-laptop-riser-kompatibel-mit-apple-mac-macbook-air-pro-10-bis-156-zoll-notebook-computer-ergonomischer-aufzugshalter\/","og_locale":"de_DE","og_type":"article","og_title":"Orionstar Ergonomischer Laptop St\u00e4nder Halter f\u00fcr Mac MacBook Pro Air und alle Apple Notebooks, Kompakter tragbarer\u2026 - Markt-XXL","og_description":"Markt-XXL Orionstar Ergonomischer Laptop St\u00e4nder Halter f\u00fcr Mac MacBook Pro Air und alle Apple Notebooks, Kompakter tragbarer\u2026","og_url":"https:\/\/marktxxl.de\/markt\/produkt\/orionstar-laptopstaender-aluminium-laptop-riser-kompatibel-mit-apple-mac-macbook-air-pro-10-bis-156-zoll-notebook-computer-ergonomischer-aufzugshalter\/","og_site_name":"Markt-XXL","article_modified_time":"2023-04-08T23:30:25+00:00","og_image":[{"width":477,"height":500,"url":"https:\/\/m.media-amazon.com\/images\/I\/41f7BJ-S6QL._SL500_.jpg","type":"image\/jpeg"}],"twitter_card":"summary_large_image","twitter_misc":{"Gesch\u00e4tzte Lesezeit":"1\u00a0Minute"},"schema":{"@context":"https:\/\/schema.org","@graph":[{"@type":"WebPage","@id":"https:\/\/marktxxl.de\/markt\/produkt\/orionstar-laptopstaender-aluminium-laptop-riser-kompatibel-mit-apple-mac-macbook-air-pro-10-bis-156-zoll-notebook-computer-ergonomischer-aufzugshalter\/","url":"https:\/\/marktxxl.de\/markt\/produkt\/orionstar-laptopstaender-aluminium-laptop-riser-kompatibel-mit-apple-mac-macbook-air-pro-10-bis-156-zoll-notebook-computer-ergonomischer-aufzugshalter\/","name":"Orionstar Ergonomischer Laptop St\u00e4nder Halter f\u00fcr Mac MacBook Pro Air und alle Apple Notebooks, Kompakter tragbarer\u2026 - Markt-XXL","isPartOf":{"@id":"https:\/\/marktxxl.de\/markt\/#website"},"primaryImageOfPage":{"@id":"https:\/\/marktxxl.de\/markt\/produkt\/orionstar-laptopstaender-aluminium-laptop-riser-kompatibel-mit-apple-mac-macbook-air-pro-10-bis-156-zoll-notebook-computer-ergonomischer-aufzugshalter\/#primaryimage"},"image":{"@id":"https:\/\/marktxxl.de\/markt\/produkt\/orionstar-laptopstaender-aluminium-laptop-riser-kompatibel-mit-apple-mac-macbook-air-pro-10-bis-156-zoll-notebook-computer-ergonomischer-aufzugshalter\/#primaryimage"},"thumbnailUrl":"https:\/\/m.media-amazon.com\/images\/I\/41f7BJ-S6QL._SL500_.jpg","datePublished":"2021-09-26T12:27:20+00:00","dateModified":"2023-04-08T23:30:25+00:00","description":"Markt-XXL Orionstar Ergonomischer Laptop St\u00e4nder Halter f\u00fcr Mac MacBook Pro Air und alle Apple Notebooks, Kompakter tragbarer\u2026","breadcrumb":{"@id":"https:\/\/marktxxl.de\/markt\/produkt\/orionstar-laptopstaender-aluminium-laptop-riser-kompatibel-mit-apple-mac-macbook-air-pro-10-bis-156-zoll-notebook-computer-ergonomischer-aufzugshalter\/#breadcrumb"},"inLanguage":"de","potentialAction":[{"@type":"ReadAction","target":["https:\/\/marktxxl.de\/markt\/produkt\/orionstar-laptopstaender-aluminium-laptop-riser-kompatibel-mit-apple-mac-macbook-air-pro-10-bis-156-zoll-notebook-computer-ergonomischer-aufzugshalter\/"]}]},{"@type":"ImageObject","inLanguage":"de","@id":"https:\/\/marktxxl.de\/markt\/produkt\/orionstar-laptopstaender-aluminium-laptop-riser-kompatibel-mit-apple-mac-macbook-air-pro-10-bis-156-zoll-notebook-computer-ergonomischer-aufzugshalter\/#primaryimage","url":"https:\/\/m.media-amazon.com\/images\/I\/41f7BJ-S6QL._SL500_.jpg","contentUrl":"https:\/\/m.media-amazon.com\/images\/I\/41f7BJ-S6QL._SL500_.jpg","width":477,"height":500},{"@type":"BreadcrumbList","@id":"https:\/\/marktxxl.de\/markt\/produkt\/orionstar-laptopstaender-aluminium-laptop-riser-kompatibel-mit-apple-mac-macbook-air-pro-10-bis-156-zoll-notebook-computer-ergonomischer-aufzugshalter\/#breadcrumb","itemListElement":[{"@type":"ListItem","position":1,"name":"Startseite","item":"https:\/\/marktxxl.de\/markt\/"},{"@type":"ListItem","position":2,"name":"Markt","item":"https:\/\/marktxxl.de\/markt\/"},{"@type":"ListItem","position":3,"name":"Orionstar Ergonomischer Laptop St\u00e4nder Halter f\u00fcr Mac MacBook Pro Air und alle Apple Notebooks, Kompakter tragbarer\u2026"}]},{"@type":"WebSite","@id":"https:\/\/marktxxl.de\/markt\/#website","url":"https:\/\/marktxxl.de\/markt\/","name":"Markt-XXL","description":"Ihr Markt Online","publisher":{"@id":"https:\/\/marktxxl.de\/markt\/#organization"},"potentialAction":[{"@type":"SearchAction","target":{"@type":"EntryPoint","urlTemplate":"https:\/\/marktxxl.de\/markt\/?s={search_term_string}"},"query-input":{"@type":"PropertyValueSpecification","valueRequired":true,"valueName":"search_term_string"}}],"inLanguage":"de"},{"@type":"Organization","@id":"https:\/\/marktxxl.de\/markt\/#organization","name":"Markt-XXL","url":"https:\/\/marktxxl.de\/markt\/","logo":{"@type":"ImageObject","inLanguage":"de","@id":"https:\/\/marktxxl.de\/markt\/#\/schema\/logo\/image\/","url":"https:\/\/marktxxl.de\/markt\/wp-content\/uploads\/sites\/3\/2020\/12\/logo.png","contentUrl":"https:\/\/marktxxl.de\/markt\/wp-content\/uploads\/sites\/3\/2020\/12\/logo.png","width":200,"height":70,"caption":"Markt-XXL"},"image":{"@id":"https:\/\/marktxxl.de\/markt\/#\/schema\/logo\/image\/"}}]}},"_links":{"self":[{"href":"https:\/\/marktxxl.de\/markt\/wp-json\/wp\/v2\/product\/42385","targetHints":{"allow":["GET"]}}],"collection":[{"href":"https:\/\/marktxxl.de\/markt\/wp-json\/wp\/v2\/product"}],"about":[{"href":"https:\/\/marktxxl.de\/markt\/wp-json\/wp\/v2\/types\/product"}],"replies":[{"embeddable":true,"href":"https:\/\/marktxxl.de\/markt\/wp-json\/wp\/v2\/comments?post=42385"}],"wp:featuredmedia":[{"embeddable":true,"href":"https:\/\/marktxxl.de\/markt\/wp-json\/wp\/v2\/media\/42392"}],"wp:attachment":[{"href":"https:\/\/marktxxl.de\/markt\/wp-json\/wp\/v2\/media?parent=42385"}],"wp:term":[{"taxonomy":"product_brand","embeddable":true,"href":"https:\/\/marktxxl.de\/markt\/wp-json\/wp\/v2\/product_brand?post=42385"},{"taxonomy":"product_cat","embeddable":true,"href":"https:\/\/marktxxl.de\/markt\/wp-json\/wp\/v2\/product_cat?post=42385"},{"taxonomy":"product_tag","embeddable":true,"href":"https:\/\/marktxxl.de\/markt\/wp-json\/wp\/v2\/product_tag?post=42385"}],"curies":[{"name":"wp","href":"https:\/\/api.w.org\/{rel}","templated":true}]}}