{"id":42313,"date":"2021-09-26T14:24:21","date_gmt":"2021-09-26T12:24:21","guid":{"rendered":"https:\/\/marktxxl.de\/markt\/produkt\/soundance-laptop-staender-aluminium-computer-erhoehung-ergonomischer-laptop-staender-fuer-den-schreibtisch-metall-halterung-kompatibel-mit-10-bis-156-zoll-notebook-computern\/"},"modified":"2023-04-09T01:30:24","modified_gmt":"2023-04-08T23:30:24","slug":"soundance-laptop-staender-aluminium-computer-erhoehung-ergonomischer-laptop-staender-fuer-den-schreibtisch-metall-halterung-kompatibel-mit-10-bis-156-zoll-notebook-computern","status":"publish","type":"product","link":"https:\/\/marktxxl.de\/markt\/produkt\/soundance-laptop-staender-aluminium-computer-erhoehung-ergonomischer-laptop-staender-fuer-den-schreibtisch-metall-halterung-kompatibel-mit-10-bis-156-zoll-notebook-computern\/","title":{"rendered":"Soundance Laptop-St\u00e4nder, Aluminium-Computer-Erh\u00f6hung, ergonomischer Laptop-St\u00e4nder f\u00fcr den Schreibtisch, Metall\u2026"},"content":{"rendered":"<p>Passend f\u00fcr jeden Laptop 10 bis 15,6 Zoll &#8211; Der Laptop-St\u00e4nder passt f\u00fcr alle Laptops 10 bis 15,6 Zoll, wie Notebooks PC Computer 10 Zoll, 11 Zoll, 12 Zoll, 13 Zoll, 13 Zoll, 13 Zoll, 14 Zoll, 15 Zoll, 15 Zoll, 15 Zoll, 15,4 Zoll, 15,6 Zoll, usw.<br \/>\nRobust und tragbar \u2013 der B\u00fcro-Computerst\u00e4nder ist komplett aus verdickter Aluminiumlegierung, so dass der St\u00e4nder stabiler ist und weniger wackelig ist. Der Gummi an den Halterungsh\u00e4nden haftet fest und sorgt daf\u00fcr, dass Ihr Laptop stabil auf dem St\u00e4nder steht. Und die Gummif\u00fc\u00dfe verhindern, dass der St\u00e4nder auf Ihrem Schreibtisch verrutscht. Dar\u00fcber hinaus ist der St\u00e4nder abnehmbar und einfach ohne Werkzeug zu installieren, so dass der leichte Laptop-St\u00e4nder wirklich tragbar ist.<br \/>\nErgonomisches Design &#8211; Der schlanke kompakte St\u00e4nder hebt Ihren Laptop um 15,2 cm auf eine perfekte Augenh\u00f6he an und verhindert, dass Sie \u00fcber Ihren Bildschirm jagen, was Nacken- und Schulterschmerzen reduziert. Dar\u00fcber hinaus ist der Rand des St\u00e4nders so glatt, dass Sie vor Kratzern sch\u00fctzen.<br \/>\nK\u00fchlt besser und h\u00e4lt den Schreibtisch organisiert \u2013 der bel\u00fcftete Aufzug-Tischst\u00e4nder hat nur zwei Halterh\u00e4nde, aber nicht eine ganze Fl\u00e4che, so dass mehr Platz vorhanden ist, um die W\u00e4rme zu entl\u00fcften und Ihren Notebook vor \u00dcberhitzung zu sch\u00fctzen. Au\u00dferdem k\u00f6nnen Sie Ihre B\u00fcroartikel wie Tastatur und Maus unter dem d\u00fcnnen St\u00e4nder organisieren.<br \/>\nABNEHMBARE UND EINFACHE INSTALLATION &#8211; Der Laptopst\u00e4nder kann bequem in 3 Teile zerlegt werden. Und Sie k\u00f6nnen es einfach wieder zusammenbauen.<br \/>\n<div class=\"main-cross-sell\" data-asin=\"B07PJ8PCRT\">\n\n\t<div class=\"WooZone-cross-sell-loader\">\n\t\t<div>\n\t\t\t<div id=\"floatingBarsG\">\n\t\t\t\t<div class=\"blockG\" id=\"rotateG_01\"><\/div>\n\t\t\t\t<div class=\"blockG\" id=\"rotateG_02\"><\/div>\n\t\t\t\t<div class=\"blockG\" id=\"rotateG_03\"><\/div>\n\t\t\t\t<div class=\"blockG\" id=\"rotateG_04\"><\/div>\n\t\t\t\t<div class=\"blockG\" id=\"rotateG_05\"><\/div>\n\t\t\t\t<div class=\"blockG\" id=\"rotateG_06\"><\/div>\n\t\t\t\t<div class=\"blockG\" id=\"rotateG_07\"><\/div>\n\t\t\t\t<div class=\"blockG\" id=\"rotateG_08\"><\/div>\n\t\t\t<\/div>\n\t\t\t<div class=\"WooZone-cross-sell-loader-text\"><\/div>\n\t\t<\/div>\n\t<\/div>\n\n\t\t\n<\/div>\n<div style=\"clear:both;\"><\/div><\/p>\n","protected":false},"excerpt":{"rendered":"<p>Passend f\u00fcr jeden Laptop 10 bis 15,6 Zoll &#8211; Der Laptop-St\u00e4nder passt f\u00fcr alle Laptops 10 bis 15,6 Zoll, wie Notebooks PC Computer 10 Zoll, 11 Zoll, 12 Zoll, 13 Zoll, 13 Zoll, 13 Zoll, 14 Zoll, 15 Zoll, 15 Zoll, 15 Zoll, 15,4 Zoll, 15,6 Zoll, usw.<br \/>\nRobust und tragbar \u2013 der B\u00fcro-Computerst\u00e4nder ist komplett aus verdickter Aluminiumlegierung, so dass der St\u00e4nder stabiler ist und weniger wackelig ist. Der Gummi an den Halterungsh\u00e4nden haftet fest und sorgt daf\u00fcr, dass Ihr Laptop stabil auf dem St\u00e4nder steht. Und die Gummif\u00fc\u00dfe verhindern, dass der St\u00e4nder auf Ihrem Schreibtisch verrutscht. Dar\u00fcber hinaus ist der St\u00e4nder abnehmbar und einfach ohne Werkzeug zu installieren, so dass der leichte Laptop-St\u00e4nder wirklich tragbar ist.<br \/>\nErgonomisches Design &#8211; Der schlanke kompakte St\u00e4nder hebt Ihren Laptop um 15,2 cm auf eine perfekte Augenh\u00f6he an und verhindert, dass Sie \u00fcber Ihren Bildschirm jagen, was Nacken- und Schulterschmerzen reduziert. Dar\u00fcber hinaus ist der Rand des St\u00e4nders so glatt, dass Sie vor Kratzern sch\u00fctzen.<\/p>\n","protected":false},"featured_media":42314,"comment_status":"open","ping_status":"closed","template":"","meta":[],"product_brand":[],"product_cat":[504,8312],"product_tag":[],"class_list":{"0":"post-42313","1":"product","2":"type-product","3":"status-publish","4":"has-post-thumbnail","6":"product_cat-buerobedarf-schreibwaren","7":"product_cat-bueromoebel-beleuchtung","8":"pa_binding-buerobedarf-schreibwaren","9":"pa_brand-soundance","10":"pa_manufacturer-soundance","11":"pa_model-ls1","13":"first","14":"instock","15":"shipping-taxable","16":"purchasable","17":"product-type-simple","18":"customify-col","19":"product-has-gallery"},"yoast_head":"<!-- This site is optimized with the Yoast SEO plugin v27.4 - https:\/\/yoast.com\/product\/yoast-seo-wordpress\/ -->\n<title>Soundance Laptop-St\u00e4nder, Aluminium-Computer-Erh\u00f6hung, ergonomischer Laptop-St\u00e4nder f\u00fcr den Schreibtisch, Metall\u2026 - Markt-XXL<\/title>\n<meta name=\"description\" content=\"Markt-XXL Soundance Laptop-St\u00e4nder, Aluminium-Computer-Erh\u00f6hung, ergonomischer Laptop-St\u00e4nder f\u00fcr den Schreibtisch, Metall\u2026\" \/>\n<meta name=\"robots\" content=\"index, follow, max-snippet:-1, max-image-preview:large, max-video-preview:-1\" \/>\n<link rel=\"canonical\" href=\"https:\/\/marktxxl.de\/markt\/produkt\/soundance-laptop-staender-aluminium-computer-erhoehung-ergonomischer-laptop-staender-fuer-den-schreibtisch-metall-halterung-kompatibel-mit-10-bis-156-zoll-notebook-computern\/\" \/>\n<meta property=\"og:locale\" content=\"de_DE\" \/>\n<meta property=\"og:type\" content=\"article\" \/>\n<meta property=\"og:title\" content=\"Soundance Laptop-St\u00e4nder, Aluminium-Computer-Erh\u00f6hung, ergonomischer Laptop-St\u00e4nder f\u00fcr den Schreibtisch, Metall\u2026 - Markt-XXL\" \/>\n<meta property=\"og:description\" content=\"Markt-XXL Soundance Laptop-St\u00e4nder, Aluminium-Computer-Erh\u00f6hung, ergonomischer Laptop-St\u00e4nder f\u00fcr den Schreibtisch, Metall\u2026\" \/>\n<meta property=\"og:url\" content=\"https:\/\/marktxxl.de\/markt\/produkt\/soundance-laptop-staender-aluminium-computer-erhoehung-ergonomischer-laptop-staender-fuer-den-schreibtisch-metall-halterung-kompatibel-mit-10-bis-156-zoll-notebook-computern\/\" \/>\n<meta property=\"og:site_name\" content=\"Markt-XXL\" \/>\n<meta property=\"article:modified_time\" content=\"2023-04-08T23:30:24+00:00\" \/>\n<meta property=\"og:image\" content=\"https:\/\/m.media-amazon.com\/images\/I\/41iB61M6BDS._SL500_.jpg\" \/>\n\t<meta property=\"og:image:width\" content=\"500\" \/>\n\t<meta property=\"og:image:height\" content=\"500\" \/>\n\t<meta property=\"og:image:type\" content=\"image\/jpeg\" \/>\n<meta name=\"twitter:card\" content=\"summary_large_image\" \/>\n<meta name=\"twitter:label1\" content=\"Gesch\u00e4tzte Lesezeit\" \/>\n\t<meta name=\"twitter:data1\" content=\"1\u00a0Minute\" \/>\n<script type=\"application\/ld+json\" class=\"yoast-schema-graph\">{\"@context\":\"https:\\\/\\\/schema.org\",\"@graph\":[{\"@type\":\"WebPage\",\"@id\":\"https:\\\/\\\/marktxxl.de\\\/markt\\\/produkt\\\/soundance-laptop-staender-aluminium-computer-erhoehung-ergonomischer-laptop-staender-fuer-den-schreibtisch-metall-halterung-kompatibel-mit-10-bis-156-zoll-notebook-computern\\\/\",\"url\":\"https:\\\/\\\/marktxxl.de\\\/markt\\\/produkt\\\/soundance-laptop-staender-aluminium-computer-erhoehung-ergonomischer-laptop-staender-fuer-den-schreibtisch-metall-halterung-kompatibel-mit-10-bis-156-zoll-notebook-computern\\\/\",\"name\":\"Soundance Laptop-St\u00e4nder, Aluminium-Computer-Erh\u00f6hung, ergonomischer Laptop-St\u00e4nder f\u00fcr den Schreibtisch, Metall\u2026 - Markt-XXL\",\"isPartOf\":{\"@id\":\"https:\\\/\\\/marktxxl.de\\\/markt\\\/#website\"},\"primaryImageOfPage\":{\"@id\":\"https:\\\/\\\/marktxxl.de\\\/markt\\\/produkt\\\/soundance-laptop-staender-aluminium-computer-erhoehung-ergonomischer-laptop-staender-fuer-den-schreibtisch-metall-halterung-kompatibel-mit-10-bis-156-zoll-notebook-computern\\\/#primaryimage\"},\"image\":{\"@id\":\"https:\\\/\\\/marktxxl.de\\\/markt\\\/produkt\\\/soundance-laptop-staender-aluminium-computer-erhoehung-ergonomischer-laptop-staender-fuer-den-schreibtisch-metall-halterung-kompatibel-mit-10-bis-156-zoll-notebook-computern\\\/#primaryimage\"},\"thumbnailUrl\":\"https:\\\/\\\/m.media-amazon.com\\\/images\\\/I\\\/41iB61M6BDS._SL500_.jpg\",\"datePublished\":\"2021-09-26T12:24:21+00:00\",\"dateModified\":\"2023-04-08T23:30:24+00:00\",\"description\":\"Markt-XXL Soundance Laptop-St\u00e4nder, Aluminium-Computer-Erh\u00f6hung, ergonomischer Laptop-St\u00e4nder f\u00fcr den Schreibtisch, Metall\u2026\",\"breadcrumb\":{\"@id\":\"https:\\\/\\\/marktxxl.de\\\/markt\\\/produkt\\\/soundance-laptop-staender-aluminium-computer-erhoehung-ergonomischer-laptop-staender-fuer-den-schreibtisch-metall-halterung-kompatibel-mit-10-bis-156-zoll-notebook-computern\\\/#breadcrumb\"},\"inLanguage\":\"de\",\"potentialAction\":[{\"@type\":\"ReadAction\",\"target\":[\"https:\\\/\\\/marktxxl.de\\\/markt\\\/produkt\\\/soundance-laptop-staender-aluminium-computer-erhoehung-ergonomischer-laptop-staender-fuer-den-schreibtisch-metall-halterung-kompatibel-mit-10-bis-156-zoll-notebook-computern\\\/\"]}]},{\"@type\":\"ImageObject\",\"inLanguage\":\"de\",\"@id\":\"https:\\\/\\\/marktxxl.de\\\/markt\\\/produkt\\\/soundance-laptop-staender-aluminium-computer-erhoehung-ergonomischer-laptop-staender-fuer-den-schreibtisch-metall-halterung-kompatibel-mit-10-bis-156-zoll-notebook-computern\\\/#primaryimage\",\"url\":\"https:\\\/\\\/m.media-amazon.com\\\/images\\\/I\\\/41iB61M6BDS._SL500_.jpg\",\"contentUrl\":\"https:\\\/\\\/m.media-amazon.com\\\/images\\\/I\\\/41iB61M6BDS._SL500_.jpg\",\"width\":500,\"height\":500},{\"@type\":\"BreadcrumbList\",\"@id\":\"https:\\\/\\\/marktxxl.de\\\/markt\\\/produkt\\\/soundance-laptop-staender-aluminium-computer-erhoehung-ergonomischer-laptop-staender-fuer-den-schreibtisch-metall-halterung-kompatibel-mit-10-bis-156-zoll-notebook-computern\\\/#breadcrumb\",\"itemListElement\":[{\"@type\":\"ListItem\",\"position\":1,\"name\":\"Startseite\",\"item\":\"https:\\\/\\\/marktxxl.de\\\/markt\\\/\"},{\"@type\":\"ListItem\",\"position\":2,\"name\":\"Markt\",\"item\":\"https:\\\/\\\/marktxxl.de\\\/markt\\\/\"},{\"@type\":\"ListItem\",\"position\":3,\"name\":\"Soundance Laptop-St\u00e4nder, Aluminium-Computer-Erh\u00f6hung, ergonomischer Laptop-St\u00e4nder f\u00fcr den Schreibtisch, Metall\u2026\"}]},{\"@type\":\"WebSite\",\"@id\":\"https:\\\/\\\/marktxxl.de\\\/markt\\\/#website\",\"url\":\"https:\\\/\\\/marktxxl.de\\\/markt\\\/\",\"name\":\"Markt-XXL\",\"description\":\"Ihr Markt Online\",\"publisher\":{\"@id\":\"https:\\\/\\\/marktxxl.de\\\/markt\\\/#organization\"},\"potentialAction\":[{\"@type\":\"SearchAction\",\"target\":{\"@type\":\"EntryPoint\",\"urlTemplate\":\"https:\\\/\\\/marktxxl.de\\\/markt\\\/?s={search_term_string}\"},\"query-input\":{\"@type\":\"PropertyValueSpecification\",\"valueRequired\":true,\"valueName\":\"search_term_string\"}}],\"inLanguage\":\"de\"},{\"@type\":\"Organization\",\"@id\":\"https:\\\/\\\/marktxxl.de\\\/markt\\\/#organization\",\"name\":\"Markt-XXL\",\"url\":\"https:\\\/\\\/marktxxl.de\\\/markt\\\/\",\"logo\":{\"@type\":\"ImageObject\",\"inLanguage\":\"de\",\"@id\":\"https:\\\/\\\/marktxxl.de\\\/markt\\\/#\\\/schema\\\/logo\\\/image\\\/\",\"url\":\"https:\\\/\\\/marktxxl.de\\\/markt\\\/wp-content\\\/uploads\\\/sites\\\/3\\\/2020\\\/12\\\/logo.png\",\"contentUrl\":\"https:\\\/\\\/marktxxl.de\\\/markt\\\/wp-content\\\/uploads\\\/sites\\\/3\\\/2020\\\/12\\\/logo.png\",\"width\":200,\"height\":70,\"caption\":\"Markt-XXL\"},\"image\":{\"@id\":\"https:\\\/\\\/marktxxl.de\\\/markt\\\/#\\\/schema\\\/logo\\\/image\\\/\"}}]}<\/script>\n<!-- \/ Yoast SEO plugin. -->","yoast_head_json":{"title":"Soundance Laptop-St\u00e4nder, Aluminium-Computer-Erh\u00f6hung, ergonomischer Laptop-St\u00e4nder f\u00fcr den Schreibtisch, Metall\u2026 - Markt-XXL","description":"Markt-XXL Soundance Laptop-St\u00e4nder, Aluminium-Computer-Erh\u00f6hung, ergonomischer Laptop-St\u00e4nder f\u00fcr den Schreibtisch, Metall\u2026","robots":{"index":"index","follow":"follow","max-snippet":"max-snippet:-1","max-image-preview":"max-image-preview:large","max-video-preview":"max-video-preview:-1"},"canonical":"https:\/\/marktxxl.de\/markt\/produkt\/soundance-laptop-staender-aluminium-computer-erhoehung-ergonomischer-laptop-staender-fuer-den-schreibtisch-metall-halterung-kompatibel-mit-10-bis-156-zoll-notebook-computern\/","og_locale":"de_DE","og_type":"article","og_title":"Soundance Laptop-St\u00e4nder, Aluminium-Computer-Erh\u00f6hung, ergonomischer Laptop-St\u00e4nder f\u00fcr den Schreibtisch, Metall\u2026 - Markt-XXL","og_description":"Markt-XXL Soundance Laptop-St\u00e4nder, Aluminium-Computer-Erh\u00f6hung, ergonomischer Laptop-St\u00e4nder f\u00fcr den Schreibtisch, Metall\u2026","og_url":"https:\/\/marktxxl.de\/markt\/produkt\/soundance-laptop-staender-aluminium-computer-erhoehung-ergonomischer-laptop-staender-fuer-den-schreibtisch-metall-halterung-kompatibel-mit-10-bis-156-zoll-notebook-computern\/","og_site_name":"Markt-XXL","article_modified_time":"2023-04-08T23:30:24+00:00","og_image":[{"width":500,"height":500,"url":"https:\/\/m.media-amazon.com\/images\/I\/41iB61M6BDS._SL500_.jpg","type":"image\/jpeg"}],"twitter_card":"summary_large_image","twitter_misc":{"Gesch\u00e4tzte Lesezeit":"1\u00a0Minute"},"schema":{"@context":"https:\/\/schema.org","@graph":[{"@type":"WebPage","@id":"https:\/\/marktxxl.de\/markt\/produkt\/soundance-laptop-staender-aluminium-computer-erhoehung-ergonomischer-laptop-staender-fuer-den-schreibtisch-metall-halterung-kompatibel-mit-10-bis-156-zoll-notebook-computern\/","url":"https:\/\/marktxxl.de\/markt\/produkt\/soundance-laptop-staender-aluminium-computer-erhoehung-ergonomischer-laptop-staender-fuer-den-schreibtisch-metall-halterung-kompatibel-mit-10-bis-156-zoll-notebook-computern\/","name":"Soundance Laptop-St\u00e4nder, Aluminium-Computer-Erh\u00f6hung, ergonomischer Laptop-St\u00e4nder f\u00fcr den Schreibtisch, Metall\u2026 - Markt-XXL","isPartOf":{"@id":"https:\/\/marktxxl.de\/markt\/#website"},"primaryImageOfPage":{"@id":"https:\/\/marktxxl.de\/markt\/produkt\/soundance-laptop-staender-aluminium-computer-erhoehung-ergonomischer-laptop-staender-fuer-den-schreibtisch-metall-halterung-kompatibel-mit-10-bis-156-zoll-notebook-computern\/#primaryimage"},"image":{"@id":"https:\/\/marktxxl.de\/markt\/produkt\/soundance-laptop-staender-aluminium-computer-erhoehung-ergonomischer-laptop-staender-fuer-den-schreibtisch-metall-halterung-kompatibel-mit-10-bis-156-zoll-notebook-computern\/#primaryimage"},"thumbnailUrl":"https:\/\/m.media-amazon.com\/images\/I\/41iB61M6BDS._SL500_.jpg","datePublished":"2021-09-26T12:24:21+00:00","dateModified":"2023-04-08T23:30:24+00:00","description":"Markt-XXL Soundance Laptop-St\u00e4nder, Aluminium-Computer-Erh\u00f6hung, ergonomischer Laptop-St\u00e4nder f\u00fcr den Schreibtisch, Metall\u2026","breadcrumb":{"@id":"https:\/\/marktxxl.de\/markt\/produkt\/soundance-laptop-staender-aluminium-computer-erhoehung-ergonomischer-laptop-staender-fuer-den-schreibtisch-metall-halterung-kompatibel-mit-10-bis-156-zoll-notebook-computern\/#breadcrumb"},"inLanguage":"de","potentialAction":[{"@type":"ReadAction","target":["https:\/\/marktxxl.de\/markt\/produkt\/soundance-laptop-staender-aluminium-computer-erhoehung-ergonomischer-laptop-staender-fuer-den-schreibtisch-metall-halterung-kompatibel-mit-10-bis-156-zoll-notebook-computern\/"]}]},{"@type":"ImageObject","inLanguage":"de","@id":"https:\/\/marktxxl.de\/markt\/produkt\/soundance-laptop-staender-aluminium-computer-erhoehung-ergonomischer-laptop-staender-fuer-den-schreibtisch-metall-halterung-kompatibel-mit-10-bis-156-zoll-notebook-computern\/#primaryimage","url":"https:\/\/m.media-amazon.com\/images\/I\/41iB61M6BDS._SL500_.jpg","contentUrl":"https:\/\/m.media-amazon.com\/images\/I\/41iB61M6BDS._SL500_.jpg","width":500,"height":500},{"@type":"BreadcrumbList","@id":"https:\/\/marktxxl.de\/markt\/produkt\/soundance-laptop-staender-aluminium-computer-erhoehung-ergonomischer-laptop-staender-fuer-den-schreibtisch-metall-halterung-kompatibel-mit-10-bis-156-zoll-notebook-computern\/#breadcrumb","itemListElement":[{"@type":"ListItem","position":1,"name":"Startseite","item":"https:\/\/marktxxl.de\/markt\/"},{"@type":"ListItem","position":2,"name":"Markt","item":"https:\/\/marktxxl.de\/markt\/"},{"@type":"ListItem","position":3,"name":"Soundance Laptop-St\u00e4nder, Aluminium-Computer-Erh\u00f6hung, ergonomischer Laptop-St\u00e4nder f\u00fcr den Schreibtisch, Metall\u2026"}]},{"@type":"WebSite","@id":"https:\/\/marktxxl.de\/markt\/#website","url":"https:\/\/marktxxl.de\/markt\/","name":"Markt-XXL","description":"Ihr Markt Online","publisher":{"@id":"https:\/\/marktxxl.de\/markt\/#organization"},"potentialAction":[{"@type":"SearchAction","target":{"@type":"EntryPoint","urlTemplate":"https:\/\/marktxxl.de\/markt\/?s={search_term_string}"},"query-input":{"@type":"PropertyValueSpecification","valueRequired":true,"valueName":"search_term_string"}}],"inLanguage":"de"},{"@type":"Organization","@id":"https:\/\/marktxxl.de\/markt\/#organization","name":"Markt-XXL","url":"https:\/\/marktxxl.de\/markt\/","logo":{"@type":"ImageObject","inLanguage":"de","@id":"https:\/\/marktxxl.de\/markt\/#\/schema\/logo\/image\/","url":"https:\/\/marktxxl.de\/markt\/wp-content\/uploads\/sites\/3\/2020\/12\/logo.png","contentUrl":"https:\/\/marktxxl.de\/markt\/wp-content\/uploads\/sites\/3\/2020\/12\/logo.png","width":200,"height":70,"caption":"Markt-XXL"},"image":{"@id":"https:\/\/marktxxl.de\/markt\/#\/schema\/logo\/image\/"}}]}},"_links":{"self":[{"href":"https:\/\/marktxxl.de\/markt\/wp-json\/wp\/v2\/product\/42313","targetHints":{"allow":["GET"]}}],"collection":[{"href":"https:\/\/marktxxl.de\/markt\/wp-json\/wp\/v2\/product"}],"about":[{"href":"https:\/\/marktxxl.de\/markt\/wp-json\/wp\/v2\/types\/product"}],"replies":[{"embeddable":true,"href":"https:\/\/marktxxl.de\/markt\/wp-json\/wp\/v2\/comments?post=42313"}],"wp:featuredmedia":[{"embeddable":true,"href":"https:\/\/marktxxl.de\/markt\/wp-json\/wp\/v2\/media\/42314"}],"wp:attachment":[{"href":"https:\/\/marktxxl.de\/markt\/wp-json\/wp\/v2\/media?parent=42313"}],"wp:term":[{"taxonomy":"product_brand","embeddable":true,"href":"https:\/\/marktxxl.de\/markt\/wp-json\/wp\/v2\/product_brand?post=42313"},{"taxonomy":"product_cat","embeddable":true,"href":"https:\/\/marktxxl.de\/markt\/wp-json\/wp\/v2\/product_cat?post=42313"},{"taxonomy":"product_tag","embeddable":true,"href":"https:\/\/marktxxl.de\/markt\/wp-json\/wp\/v2\/product_tag?post=42313"}],"curies":[{"name":"wp","href":"https:\/\/api.w.org\/{rel}","templated":true}]}}