{"id":42158,"date":"2021-09-26T14:16:14","date_gmt":"2021-09-26T12:16:14","guid":{"rendered":"https:\/\/marktxxl.de\/markt\/produkt\/aloha-sana-wilde-blaubeeren-pulver-bio-in-rohkostqualitaet-110g-heidelbeerpulver-gefriergetrocknet-wild-blaubeerpulver-getrocknet-im-ultraviolettglas-laborgeprueftes-fruchtpulver\/"},"modified":"2023-04-09T01:30:22","modified_gmt":"2023-04-08T23:30:22","slug":"aloha-sana-wilde-blaubeeren-pulver-bio-in-rohkostqualitaet-110g-heidelbeerpulver-gefriergetrocknet-wild-blaubeerpulver-getrocknet-im-ultraviolettglas-laborgeprueftes-fruchtpulver","status":"publish","type":"product","link":"https:\/\/marktxxl.de\/markt\/produkt\/aloha-sana-wilde-blaubeeren-pulver-bio-in-rohkostqualitaet-110g-heidelbeerpulver-gefriergetrocknet-wild-blaubeerpulver-getrocknet-im-ultraviolettglas-laborgeprueftes-fruchtpulver\/","title":{"rendered":"Aloha Sana | Wilde Blaubeeren Pulver BIO in Rohkostqualit\u00e4t (110g) | Heidelbeerpulver gefriergetrocknet wild\u2026"},"content":{"rendered":"<p>\u2714\ufe0f LANGE HALTBARKEIT DANK ULTRAVIOLLETTGLAS: Unsere wilden Heidelbeeren sind bewusst im Glas verpackt. Das besondere Glas sch\u00fctzt deine getrockneten Heidelbeeren und es dient als nat\u00fcrlicher Filter. Somit k\u00f6nnen wir eine lange Haltbarkeit und hohe Qualit\u00e4t gew\u00e4hrleisten<br \/>\n\u2714\ufe0f ROHKOSTQUALIT\u00c4T: Unsere Wildheidelbeeren werden in naturbelassenen W\u00e4ldern Nordosten Europas handgeernet. Danach werden die Blaubeeren gefriergetrocknet und vermahlen. Hierbei verzichten wir auf F\u00fcll-, Riesel-, oder Zusatzstoffe<br \/>\n\u2714\ufe0f VIELF\u00c4LTIG ANWENDBAR: Egal ob S\u00e4fte, Smoothies, Bowls, Joghurts, Porridge oder zum Backen von Leckereien &#8211; Wild Blueberry powder ist vielf\u00e4ltig anwendbar. Das Fruchtpulver eignet sich auch besonders gut f\u00fcr die Smoothie-Rezepturen von Anthony William<br \/>\n\u2714\ufe0f INTENSIVER GESCHMACK: Da wir ausschlie\u00dflich wilde Blueberries f\u00fcr unser Pulver nutzen, wirst du den einzigartigen Geschmack sofort bemerken. Wildheidelbeeren-Pulver ist im Gegensatz zu Pulver aus kultivierten Beeren deutlich geschmacksintensiver<br \/>\n\u2714\ufe0f NUR LABORTESTS REICHEN UNS NICHT: Damit dein K\u00f6rper hochwertiges Bio Heidelbeerpulver erh\u00e4lt, wird jede Charge wird nach der kinesiologischen Methode getestet. Dabei fallen 9 von 10 Produkte durch &#8211; Unsere nicht! Deshalb haben sich unsere &#8220;dried blueberries&#8221; auch durchgesetzt und werden von Therapeuten empfohlen<br \/>\n<div class=\"main-cross-sell\" data-asin=\"B087GWM4GF\">\n\n\t<div class=\"WooZone-cross-sell-loader\">\n\t\t<div>\n\t\t\t<div id=\"floatingBarsG\">\n\t\t\t\t<div class=\"blockG\" id=\"rotateG_01\"><\/div>\n\t\t\t\t<div class=\"blockG\" id=\"rotateG_02\"><\/div>\n\t\t\t\t<div class=\"blockG\" id=\"rotateG_03\"><\/div>\n\t\t\t\t<div class=\"blockG\" id=\"rotateG_04\"><\/div>\n\t\t\t\t<div class=\"blockG\" id=\"rotateG_05\"><\/div>\n\t\t\t\t<div class=\"blockG\" id=\"rotateG_06\"><\/div>\n\t\t\t\t<div class=\"blockG\" id=\"rotateG_07\"><\/div>\n\t\t\t\t<div class=\"blockG\" id=\"rotateG_08\"><\/div>\n\t\t\t<\/div>\n\t\t\t<div class=\"WooZone-cross-sell-loader-text\"><\/div>\n\t\t<\/div>\n\t<\/div>\n\n\t\t\n<\/div>\n<div style=\"clear:both;\"><\/div><\/p>\n","protected":false},"excerpt":{"rendered":"<p>\u2714\ufe0f LANGE HALTBARKEIT DANK ULTRAVIOLLETTGLAS: Unsere wilden Heidelbeeren sind bewusst im Glas verpackt. Das besondere Glas sch\u00fctzt deine getrockneten Heidelbeeren und es dient als nat\u00fcrlicher Filter. Somit k\u00f6nnen wir eine lange Haltbarkeit und hohe Qualit\u00e4t gew\u00e4hrleisten<br \/>\n\u2714\ufe0f ROHKOSTQUALIT\u00c4T: Unsere Wildheidelbeeren werden in naturbelassenen W\u00e4ldern Nordosten Europas handgeernet. Danach werden die Blaubeeren gefriergetrocknet und vermahlen. Hierbei verzichten wir auf F\u00fcll-, Riesel-, oder Zusatzstoffe<br \/>\n\u2714\ufe0f VIELF\u00c4LTIG ANWENDBAR: Egal ob S\u00e4fte, Smoothies, Bowls, Joghurts, Porridge oder zum Backen von Leckereien &#8211; Wild Blueberry powder ist vielf\u00e4ltig anwendbar. Das Fruchtpulver eignet sich auch besonders gut f\u00fcr die Smoothie-Rezepturen von Anthony William<\/p>\n","protected":false},"featured_media":42159,"comment_status":"open","ping_status":"closed","template":"","meta":[],"product_brand":[],"product_cat":[566],"product_tag":[],"class_list":{"0":"post-42158","1":"product","2":"type-product","3":"status-publish","4":"has-post-thumbnail","6":"product_cat-drogerie-koerperpflege","7":"pa_brand-aloha-sana","8":"pa_manufacturer-aloha-sana","9":"pa_size-110-g-1er-pack","10":"pa_weight-0-2425084882-pfund","12":"first","13":"instock","14":"shipping-taxable","15":"purchasable","16":"product-type-simple","17":"customify-col","18":"product-has-gallery"},"yoast_head":"<!-- This site is optimized with the Yoast SEO plugin v27.4 - https:\/\/yoast.com\/product\/yoast-seo-wordpress\/ -->\n<title>Aloha Sana | Wilde Blaubeeren Pulver BIO in Rohkostqualit\u00e4t (110g) | Heidelbeerpulver gefriergetrocknet wild\u2026 - Markt-XXL<\/title>\n<meta name=\"description\" content=\"Markt-XXL Aloha Sana | Wilde Blaubeeren Pulver BIO in Rohkostqualit\u00e4t (110g) | Heidelbeerpulver gefriergetrocknet wild\u2026\" \/>\n<meta name=\"robots\" content=\"index, follow, max-snippet:-1, max-image-preview:large, max-video-preview:-1\" \/>\n<link rel=\"canonical\" href=\"https:\/\/marktxxl.de\/markt\/produkt\/aloha-sana-wilde-blaubeeren-pulver-bio-in-rohkostqualitaet-110g-heidelbeerpulver-gefriergetrocknet-wild-blaubeerpulver-getrocknet-im-ultraviolettglas-laborgeprueftes-fruchtpulver\/\" \/>\n<meta property=\"og:locale\" content=\"de_DE\" \/>\n<meta property=\"og:type\" content=\"article\" \/>\n<meta property=\"og:title\" content=\"Aloha Sana | Wilde Blaubeeren Pulver BIO in Rohkostqualit\u00e4t (110g) | Heidelbeerpulver gefriergetrocknet wild\u2026 - Markt-XXL\" \/>\n<meta property=\"og:description\" content=\"Markt-XXL Aloha Sana | Wilde Blaubeeren Pulver BIO in Rohkostqualit\u00e4t (110g) | Heidelbeerpulver gefriergetrocknet wild\u2026\" \/>\n<meta property=\"og:url\" content=\"https:\/\/marktxxl.de\/markt\/produkt\/aloha-sana-wilde-blaubeeren-pulver-bio-in-rohkostqualitaet-110g-heidelbeerpulver-gefriergetrocknet-wild-blaubeerpulver-getrocknet-im-ultraviolettglas-laborgeprueftes-fruchtpulver\/\" \/>\n<meta property=\"og:site_name\" content=\"Markt-XXL\" \/>\n<meta property=\"article:modified_time\" content=\"2023-04-08T23:30:22+00:00\" \/>\n<meta property=\"og:image\" content=\"https:\/\/m.media-amazon.com\/images\/I\/41HfYHKtxqL._SL500_.jpg\" \/>\n\t<meta property=\"og:image:width\" content=\"500\" \/>\n\t<meta property=\"og:image:height\" content=\"500\" \/>\n\t<meta property=\"og:image:type\" content=\"image\/jpeg\" \/>\n<meta name=\"twitter:card\" content=\"summary_large_image\" \/>\n<meta name=\"twitter:label1\" content=\"Gesch\u00e4tzte Lesezeit\" \/>\n\t<meta name=\"twitter:data1\" content=\"1\u00a0Minute\" \/>\n<script type=\"application\/ld+json\" class=\"yoast-schema-graph\">{\"@context\":\"https:\\\/\\\/schema.org\",\"@graph\":[{\"@type\":\"WebPage\",\"@id\":\"https:\\\/\\\/marktxxl.de\\\/markt\\\/produkt\\\/aloha-sana-wilde-blaubeeren-pulver-bio-in-rohkostqualitaet-110g-heidelbeerpulver-gefriergetrocknet-wild-blaubeerpulver-getrocknet-im-ultraviolettglas-laborgeprueftes-fruchtpulver\\\/\",\"url\":\"https:\\\/\\\/marktxxl.de\\\/markt\\\/produkt\\\/aloha-sana-wilde-blaubeeren-pulver-bio-in-rohkostqualitaet-110g-heidelbeerpulver-gefriergetrocknet-wild-blaubeerpulver-getrocknet-im-ultraviolettglas-laborgeprueftes-fruchtpulver\\\/\",\"name\":\"Aloha Sana | Wilde Blaubeeren Pulver BIO in Rohkostqualit\u00e4t (110g) | Heidelbeerpulver gefriergetrocknet wild\u2026 - Markt-XXL\",\"isPartOf\":{\"@id\":\"https:\\\/\\\/marktxxl.de\\\/markt\\\/#website\"},\"primaryImageOfPage\":{\"@id\":\"https:\\\/\\\/marktxxl.de\\\/markt\\\/produkt\\\/aloha-sana-wilde-blaubeeren-pulver-bio-in-rohkostqualitaet-110g-heidelbeerpulver-gefriergetrocknet-wild-blaubeerpulver-getrocknet-im-ultraviolettglas-laborgeprueftes-fruchtpulver\\\/#primaryimage\"},\"image\":{\"@id\":\"https:\\\/\\\/marktxxl.de\\\/markt\\\/produkt\\\/aloha-sana-wilde-blaubeeren-pulver-bio-in-rohkostqualitaet-110g-heidelbeerpulver-gefriergetrocknet-wild-blaubeerpulver-getrocknet-im-ultraviolettglas-laborgeprueftes-fruchtpulver\\\/#primaryimage\"},\"thumbnailUrl\":\"https:\\\/\\\/m.media-amazon.com\\\/images\\\/I\\\/41HfYHKtxqL._SL500_.jpg\",\"datePublished\":\"2021-09-26T12:16:14+00:00\",\"dateModified\":\"2023-04-08T23:30:22+00:00\",\"description\":\"Markt-XXL Aloha Sana | Wilde Blaubeeren Pulver BIO in Rohkostqualit\u00e4t (110g) | Heidelbeerpulver gefriergetrocknet wild\u2026\",\"breadcrumb\":{\"@id\":\"https:\\\/\\\/marktxxl.de\\\/markt\\\/produkt\\\/aloha-sana-wilde-blaubeeren-pulver-bio-in-rohkostqualitaet-110g-heidelbeerpulver-gefriergetrocknet-wild-blaubeerpulver-getrocknet-im-ultraviolettglas-laborgeprueftes-fruchtpulver\\\/#breadcrumb\"},\"inLanguage\":\"de\",\"potentialAction\":[{\"@type\":\"ReadAction\",\"target\":[\"https:\\\/\\\/marktxxl.de\\\/markt\\\/produkt\\\/aloha-sana-wilde-blaubeeren-pulver-bio-in-rohkostqualitaet-110g-heidelbeerpulver-gefriergetrocknet-wild-blaubeerpulver-getrocknet-im-ultraviolettglas-laborgeprueftes-fruchtpulver\\\/\"]}]},{\"@type\":\"ImageObject\",\"inLanguage\":\"de\",\"@id\":\"https:\\\/\\\/marktxxl.de\\\/markt\\\/produkt\\\/aloha-sana-wilde-blaubeeren-pulver-bio-in-rohkostqualitaet-110g-heidelbeerpulver-gefriergetrocknet-wild-blaubeerpulver-getrocknet-im-ultraviolettglas-laborgeprueftes-fruchtpulver\\\/#primaryimage\",\"url\":\"https:\\\/\\\/m.media-amazon.com\\\/images\\\/I\\\/41HfYHKtxqL._SL500_.jpg\",\"contentUrl\":\"https:\\\/\\\/m.media-amazon.com\\\/images\\\/I\\\/41HfYHKtxqL._SL500_.jpg\",\"width\":500,\"height\":500},{\"@type\":\"BreadcrumbList\",\"@id\":\"https:\\\/\\\/marktxxl.de\\\/markt\\\/produkt\\\/aloha-sana-wilde-blaubeeren-pulver-bio-in-rohkostqualitaet-110g-heidelbeerpulver-gefriergetrocknet-wild-blaubeerpulver-getrocknet-im-ultraviolettglas-laborgeprueftes-fruchtpulver\\\/#breadcrumb\",\"itemListElement\":[{\"@type\":\"ListItem\",\"position\":1,\"name\":\"Startseite\",\"item\":\"https:\\\/\\\/marktxxl.de\\\/markt\\\/\"},{\"@type\":\"ListItem\",\"position\":2,\"name\":\"Markt\",\"item\":\"https:\\\/\\\/marktxxl.de\\\/markt\\\/\"},{\"@type\":\"ListItem\",\"position\":3,\"name\":\"Aloha Sana | Wilde Blaubeeren Pulver BIO in Rohkostqualit\u00e4t (110g) | Heidelbeerpulver gefriergetrocknet wild\u2026\"}]},{\"@type\":\"WebSite\",\"@id\":\"https:\\\/\\\/marktxxl.de\\\/markt\\\/#website\",\"url\":\"https:\\\/\\\/marktxxl.de\\\/markt\\\/\",\"name\":\"Markt-XXL\",\"description\":\"Ihr Markt Online\",\"publisher\":{\"@id\":\"https:\\\/\\\/marktxxl.de\\\/markt\\\/#organization\"},\"potentialAction\":[{\"@type\":\"SearchAction\",\"target\":{\"@type\":\"EntryPoint\",\"urlTemplate\":\"https:\\\/\\\/marktxxl.de\\\/markt\\\/?s={search_term_string}\"},\"query-input\":{\"@type\":\"PropertyValueSpecification\",\"valueRequired\":true,\"valueName\":\"search_term_string\"}}],\"inLanguage\":\"de\"},{\"@type\":\"Organization\",\"@id\":\"https:\\\/\\\/marktxxl.de\\\/markt\\\/#organization\",\"name\":\"Markt-XXL\",\"url\":\"https:\\\/\\\/marktxxl.de\\\/markt\\\/\",\"logo\":{\"@type\":\"ImageObject\",\"inLanguage\":\"de\",\"@id\":\"https:\\\/\\\/marktxxl.de\\\/markt\\\/#\\\/schema\\\/logo\\\/image\\\/\",\"url\":\"https:\\\/\\\/marktxxl.de\\\/markt\\\/wp-content\\\/uploads\\\/sites\\\/3\\\/2020\\\/12\\\/logo.png\",\"contentUrl\":\"https:\\\/\\\/marktxxl.de\\\/markt\\\/wp-content\\\/uploads\\\/sites\\\/3\\\/2020\\\/12\\\/logo.png\",\"width\":200,\"height\":70,\"caption\":\"Markt-XXL\"},\"image\":{\"@id\":\"https:\\\/\\\/marktxxl.de\\\/markt\\\/#\\\/schema\\\/logo\\\/image\\\/\"}}]}<\/script>\n<!-- \/ Yoast SEO plugin. -->","yoast_head_json":{"title":"Aloha Sana | Wilde Blaubeeren Pulver BIO in Rohkostqualit\u00e4t (110g) | Heidelbeerpulver gefriergetrocknet wild\u2026 - Markt-XXL","description":"Markt-XXL Aloha Sana | Wilde Blaubeeren Pulver BIO in Rohkostqualit\u00e4t (110g) | Heidelbeerpulver gefriergetrocknet wild\u2026","robots":{"index":"index","follow":"follow","max-snippet":"max-snippet:-1","max-image-preview":"max-image-preview:large","max-video-preview":"max-video-preview:-1"},"canonical":"https:\/\/marktxxl.de\/markt\/produkt\/aloha-sana-wilde-blaubeeren-pulver-bio-in-rohkostqualitaet-110g-heidelbeerpulver-gefriergetrocknet-wild-blaubeerpulver-getrocknet-im-ultraviolettglas-laborgeprueftes-fruchtpulver\/","og_locale":"de_DE","og_type":"article","og_title":"Aloha Sana | Wilde Blaubeeren Pulver BIO in Rohkostqualit\u00e4t (110g) | Heidelbeerpulver gefriergetrocknet wild\u2026 - Markt-XXL","og_description":"Markt-XXL Aloha Sana | Wilde Blaubeeren Pulver BIO in Rohkostqualit\u00e4t (110g) | Heidelbeerpulver gefriergetrocknet wild\u2026","og_url":"https:\/\/marktxxl.de\/markt\/produkt\/aloha-sana-wilde-blaubeeren-pulver-bio-in-rohkostqualitaet-110g-heidelbeerpulver-gefriergetrocknet-wild-blaubeerpulver-getrocknet-im-ultraviolettglas-laborgeprueftes-fruchtpulver\/","og_site_name":"Markt-XXL","article_modified_time":"2023-04-08T23:30:22+00:00","og_image":[{"width":500,"height":500,"url":"https:\/\/m.media-amazon.com\/images\/I\/41HfYHKtxqL._SL500_.jpg","type":"image\/jpeg"}],"twitter_card":"summary_large_image","twitter_misc":{"Gesch\u00e4tzte Lesezeit":"1\u00a0Minute"},"schema":{"@context":"https:\/\/schema.org","@graph":[{"@type":"WebPage","@id":"https:\/\/marktxxl.de\/markt\/produkt\/aloha-sana-wilde-blaubeeren-pulver-bio-in-rohkostqualitaet-110g-heidelbeerpulver-gefriergetrocknet-wild-blaubeerpulver-getrocknet-im-ultraviolettglas-laborgeprueftes-fruchtpulver\/","url":"https:\/\/marktxxl.de\/markt\/produkt\/aloha-sana-wilde-blaubeeren-pulver-bio-in-rohkostqualitaet-110g-heidelbeerpulver-gefriergetrocknet-wild-blaubeerpulver-getrocknet-im-ultraviolettglas-laborgeprueftes-fruchtpulver\/","name":"Aloha Sana | Wilde Blaubeeren Pulver BIO in Rohkostqualit\u00e4t (110g) | Heidelbeerpulver gefriergetrocknet wild\u2026 - Markt-XXL","isPartOf":{"@id":"https:\/\/marktxxl.de\/markt\/#website"},"primaryImageOfPage":{"@id":"https:\/\/marktxxl.de\/markt\/produkt\/aloha-sana-wilde-blaubeeren-pulver-bio-in-rohkostqualitaet-110g-heidelbeerpulver-gefriergetrocknet-wild-blaubeerpulver-getrocknet-im-ultraviolettglas-laborgeprueftes-fruchtpulver\/#primaryimage"},"image":{"@id":"https:\/\/marktxxl.de\/markt\/produkt\/aloha-sana-wilde-blaubeeren-pulver-bio-in-rohkostqualitaet-110g-heidelbeerpulver-gefriergetrocknet-wild-blaubeerpulver-getrocknet-im-ultraviolettglas-laborgeprueftes-fruchtpulver\/#primaryimage"},"thumbnailUrl":"https:\/\/m.media-amazon.com\/images\/I\/41HfYHKtxqL._SL500_.jpg","datePublished":"2021-09-26T12:16:14+00:00","dateModified":"2023-04-08T23:30:22+00:00","description":"Markt-XXL Aloha Sana | Wilde Blaubeeren Pulver BIO in Rohkostqualit\u00e4t (110g) | Heidelbeerpulver gefriergetrocknet wild\u2026","breadcrumb":{"@id":"https:\/\/marktxxl.de\/markt\/produkt\/aloha-sana-wilde-blaubeeren-pulver-bio-in-rohkostqualitaet-110g-heidelbeerpulver-gefriergetrocknet-wild-blaubeerpulver-getrocknet-im-ultraviolettglas-laborgeprueftes-fruchtpulver\/#breadcrumb"},"inLanguage":"de","potentialAction":[{"@type":"ReadAction","target":["https:\/\/marktxxl.de\/markt\/produkt\/aloha-sana-wilde-blaubeeren-pulver-bio-in-rohkostqualitaet-110g-heidelbeerpulver-gefriergetrocknet-wild-blaubeerpulver-getrocknet-im-ultraviolettglas-laborgeprueftes-fruchtpulver\/"]}]},{"@type":"ImageObject","inLanguage":"de","@id":"https:\/\/marktxxl.de\/markt\/produkt\/aloha-sana-wilde-blaubeeren-pulver-bio-in-rohkostqualitaet-110g-heidelbeerpulver-gefriergetrocknet-wild-blaubeerpulver-getrocknet-im-ultraviolettglas-laborgeprueftes-fruchtpulver\/#primaryimage","url":"https:\/\/m.media-amazon.com\/images\/I\/41HfYHKtxqL._SL500_.jpg","contentUrl":"https:\/\/m.media-amazon.com\/images\/I\/41HfYHKtxqL._SL500_.jpg","width":500,"height":500},{"@type":"BreadcrumbList","@id":"https:\/\/marktxxl.de\/markt\/produkt\/aloha-sana-wilde-blaubeeren-pulver-bio-in-rohkostqualitaet-110g-heidelbeerpulver-gefriergetrocknet-wild-blaubeerpulver-getrocknet-im-ultraviolettglas-laborgeprueftes-fruchtpulver\/#breadcrumb","itemListElement":[{"@type":"ListItem","position":1,"name":"Startseite","item":"https:\/\/marktxxl.de\/markt\/"},{"@type":"ListItem","position":2,"name":"Markt","item":"https:\/\/marktxxl.de\/markt\/"},{"@type":"ListItem","position":3,"name":"Aloha Sana | Wilde Blaubeeren Pulver BIO in Rohkostqualit\u00e4t (110g) | Heidelbeerpulver gefriergetrocknet wild\u2026"}]},{"@type":"WebSite","@id":"https:\/\/marktxxl.de\/markt\/#website","url":"https:\/\/marktxxl.de\/markt\/","name":"Markt-XXL","description":"Ihr Markt Online","publisher":{"@id":"https:\/\/marktxxl.de\/markt\/#organization"},"potentialAction":[{"@type":"SearchAction","target":{"@type":"EntryPoint","urlTemplate":"https:\/\/marktxxl.de\/markt\/?s={search_term_string}"},"query-input":{"@type":"PropertyValueSpecification","valueRequired":true,"valueName":"search_term_string"}}],"inLanguage":"de"},{"@type":"Organization","@id":"https:\/\/marktxxl.de\/markt\/#organization","name":"Markt-XXL","url":"https:\/\/marktxxl.de\/markt\/","logo":{"@type":"ImageObject","inLanguage":"de","@id":"https:\/\/marktxxl.de\/markt\/#\/schema\/logo\/image\/","url":"https:\/\/marktxxl.de\/markt\/wp-content\/uploads\/sites\/3\/2020\/12\/logo.png","contentUrl":"https:\/\/marktxxl.de\/markt\/wp-content\/uploads\/sites\/3\/2020\/12\/logo.png","width":200,"height":70,"caption":"Markt-XXL"},"image":{"@id":"https:\/\/marktxxl.de\/markt\/#\/schema\/logo\/image\/"}}]}},"_links":{"self":[{"href":"https:\/\/marktxxl.de\/markt\/wp-json\/wp\/v2\/product\/42158","targetHints":{"allow":["GET"]}}],"collection":[{"href":"https:\/\/marktxxl.de\/markt\/wp-json\/wp\/v2\/product"}],"about":[{"href":"https:\/\/marktxxl.de\/markt\/wp-json\/wp\/v2\/types\/product"}],"replies":[{"embeddable":true,"href":"https:\/\/marktxxl.de\/markt\/wp-json\/wp\/v2\/comments?post=42158"}],"wp:featuredmedia":[{"embeddable":true,"href":"https:\/\/marktxxl.de\/markt\/wp-json\/wp\/v2\/media\/42159"}],"wp:attachment":[{"href":"https:\/\/marktxxl.de\/markt\/wp-json\/wp\/v2\/media?parent=42158"}],"wp:term":[{"taxonomy":"product_brand","embeddable":true,"href":"https:\/\/marktxxl.de\/markt\/wp-json\/wp\/v2\/product_brand?post=42158"},{"taxonomy":"product_cat","embeddable":true,"href":"https:\/\/marktxxl.de\/markt\/wp-json\/wp\/v2\/product_cat?post=42158"},{"taxonomy":"product_tag","embeddable":true,"href":"https:\/\/marktxxl.de\/markt\/wp-json\/wp\/v2\/product_tag?post=42158"}],"curies":[{"name":"wp","href":"https:\/\/api.w.org\/{rel}","templated":true}]}}