{"id":41961,"date":"2021-09-26T14:15:09","date_gmt":"2021-09-26T12:15:09","guid":{"rendered":"https:\/\/marktxxl.de\/markt\/produkt\/inspired-mailers-kunststoff-versandtaschen-100-stueck-in-mehreren-groessen-und-farben-erhaeltlich\/"},"modified":"2023-04-10T01:44:28","modified_gmt":"2023-04-09T23:44:28","slug":"inspired-mailers-kunststoff-versandtaschen-100-stueck-in-mehreren-groessen-und-farben-erhaeltlich","status":"publish","type":"product","link":"https:\/\/marktxxl.de\/markt\/produkt\/inspired-mailers-kunststoff-versandtaschen-100-stueck-in-mehreren-groessen-und-farben-erhaeltlich\/","title":{"rendered":"Inspired Mailers &#8211; Poly-Versandtaschen 15,2 x 22,9 cm, gelbe Pfotenabdr\u00fccke, 15,2 x 22,9 cm, niedliche Versandtaschen\u2026"},"content":{"rendered":"<p>Schiff in Style: Paket beinhaltet Premium unpadded bedruckte Poly Versandtaschen. Der Tribal Arrows unterscheiden von Look und erreichen Print ist ideal f\u00fcr Kunden, Freunden, Familie und andere Empf\u00e4nger in einen Spa\u00df und einzigartige Weise. Perfekt f\u00fcr Versand unzerbrechlich Gegenst\u00e4nde wie T-Shirts oder Katalogen.<br \/>\nDurable Poly Versandtaschen: riskieren Sie sich nicht festsetzen f\u00fcr eine niedrigere Qualit\u00e4t Marke der d\u00fcnnen Versandtaschen, Falten und Rippen oder platzt \u00f6ffnen. Diese Premium-Kunststoff-Versandtaschen bieten eine extra robuste 3.15\u00a0MIL (80\u00a0Micron), St\u00e4rke, um durchscheinen und sorgt f\u00fcr Langlebigkeit und Best\u00e4ndigkeit gegen Wetter und sticht. druckempfindlichen Klebstoff bietet eine hohe St\u00e4rke Schlie\u00dfung.<br \/>\nSie sparen Zeit: Die extra sicher haftend Siegel erfordert keine feuchte\u00a0\u2013\u00a0einfach den Handgriff der Schutzstreifen abziehen und vielen Versandtaschen in einem Bruchteil der Zeit, w\u00e4hrend die Schaffung einer starken, manipulationssichere Siegel, sicherzustellen, dass Ihre Lieferungen sind sicher und werden nicht zu \u00f6ffnen.<br \/>\nSparen Sie bares Geld: Die Beutel sind unverzichtbar f\u00fcr kleine Unternehmen, Online-H\u00e4ndler und eBay-Verk\u00e4ufer und etsy Verk\u00e4ufer, die nicht wollen mit dem zus\u00e4tzlichen Kosten und verschwendete Zeit der Verwendung von Boxen st\u00f6ren. Warum Deal mit dem Kauf von gro\u00dfen, teuren Boxen die zus\u00e4tzlichen Stauraum ben\u00f6tigen, Zeit verschwenden Montage und extra starke Rollen von Klebeband? Diese sind leicht und Zeit sparen\u00a0\u2013\u00a0Niedrigere Versandkosten kombiniert mit schneller Lieferung Zubereitung entspricht einem wesentlich effizienter Option.<br \/>\nRecyclingf\u00e4hig: 100% recycelbar Poly Mailer Versand Umschl\u00e4ge. USPs Postdienst First Class und Priority genehmigt Mailing-Taschen.<br \/>\n<div class=\"main-cross-sell\" data-asin=\"B074RL682T\">\n\n\t<div class=\"WooZone-cross-sell-loader\">\n\t\t<div>\n\t\t\t<div id=\"floatingBarsG\">\n\t\t\t\t<div class=\"blockG\" id=\"rotateG_01\"><\/div>\n\t\t\t\t<div class=\"blockG\" id=\"rotateG_02\"><\/div>\n\t\t\t\t<div class=\"blockG\" id=\"rotateG_03\"><\/div>\n\t\t\t\t<div class=\"blockG\" id=\"rotateG_04\"><\/div>\n\t\t\t\t<div class=\"blockG\" id=\"rotateG_05\"><\/div>\n\t\t\t\t<div class=\"blockG\" id=\"rotateG_06\"><\/div>\n\t\t\t\t<div class=\"blockG\" id=\"rotateG_07\"><\/div>\n\t\t\t\t<div class=\"blockG\" id=\"rotateG_08\"><\/div>\n\t\t\t<\/div>\n\t\t\t<div class=\"WooZone-cross-sell-loader-text\"><\/div>\n\t\t<\/div>\n\t<\/div>\n\n\t\t\n<\/div>\n<div style=\"clear:both;\"><\/div><\/p>\n","protected":false},"excerpt":{"rendered":"<p>Schiff in Style: Paket beinhaltet Premium unpadded bedruckte Poly Versandtaschen. Der Tribal Arrows unterscheiden von Look und erreichen Print ist ideal f\u00fcr Kunden, Freunden, Familie und andere Empf\u00e4nger in einen Spa\u00df und einzigartige Weise. Perfekt f\u00fcr Versand unzerbrechlich Gegenst\u00e4nde wie T-Shirts oder Katalogen.<br \/>\nDurable Poly Versandtaschen: riskieren Sie sich nicht festsetzen f\u00fcr eine niedrigere Qualit\u00e4t Marke der d\u00fcnnen Versandtaschen, Falten und Rippen oder platzt \u00f6ffnen. Diese Premium-Kunststoff-Versandtaschen bieten eine extra robuste 3.15\u00a0MIL (80\u00a0Micron), St\u00e4rke, um durchscheinen und sorgt f\u00fcr Langlebigkeit und Best\u00e4ndigkeit gegen Wetter und sticht. druckempfindlichen Klebstoff bietet eine hohe St\u00e4rke Schlie\u00dfung.<br \/>\nSie sparen Zeit: Die extra sicher haftend Siegel erfordert keine feuchte\u00a0\u2013\u00a0einfach den Handgriff der Schutzstreifen abziehen und vielen Versandtaschen in einem Bruchteil der Zeit, w\u00e4hrend die Schaffung einer starken, manipulationssichere Siegel, sicherzustellen, dass Ihre Lieferungen sind sicher und werden nicht zu \u00f6ffnen.<\/p>\n","protected":false},"featured_media":41962,"comment_status":"open","ping_status":"closed","template":"","meta":[],"product_brand":[],"product_cat":[504,8703],"product_tag":[],"class_list":{"0":"post-41961","1":"product","2":"type-product","3":"status-publish","4":"has-post-thumbnail","6":"product_cat-buerobedarf-schreibwaren","7":"product_cat-umschlaege-versandzubehoer","8":"pa_binding-buerobedarf-schreibwaren","9":"pa_brand-inspired-mailers","10":"pa_color-schwarz-gold","11":"pa_manufacturer-inspired-mailers","12":"pa_size-10x13-pack-of-100","14":"first","15":"instock","16":"shipping-taxable","17":"purchasable","18":"product-type-simple","19":"customify-col","20":"product-has-gallery"},"yoast_head":"<!-- This site is optimized with the Yoast SEO plugin v27.4 - https:\/\/yoast.com\/product\/yoast-seo-wordpress\/ -->\n<title>Inspired Mailers - Poly-Versandtaschen 15,2 x 22,9 cm, gelbe Pfotenabdr\u00fccke, 15,2 x 22,9 cm, niedliche Versandtaschen\u2026 - Markt-XXL<\/title>\n<meta name=\"description\" content=\"Markt-XXL Inspired Mailers - Poly-Versandtaschen 15,2 x 22,9 cm, gelbe Pfotenabdr\u00fccke, 15,2 x 22,9 cm, niedliche Versandtaschen\u2026\" \/>\n<meta name=\"robots\" content=\"index, follow, max-snippet:-1, max-image-preview:large, max-video-preview:-1\" \/>\n<link rel=\"canonical\" href=\"https:\/\/marktxxl.de\/markt\/produkt\/inspired-mailers-kunststoff-versandtaschen-100-stueck-in-mehreren-groessen-und-farben-erhaeltlich\/\" \/>\n<meta property=\"og:locale\" content=\"de_DE\" \/>\n<meta property=\"og:type\" content=\"article\" \/>\n<meta property=\"og:title\" content=\"Inspired Mailers - Poly-Versandtaschen 15,2 x 22,9 cm, gelbe Pfotenabdr\u00fccke, 15,2 x 22,9 cm, niedliche Versandtaschen\u2026 - Markt-XXL\" \/>\n<meta property=\"og:description\" content=\"Markt-XXL Inspired Mailers - Poly-Versandtaschen 15,2 x 22,9 cm, gelbe Pfotenabdr\u00fccke, 15,2 x 22,9 cm, niedliche Versandtaschen\u2026\" \/>\n<meta property=\"og:url\" content=\"https:\/\/marktxxl.de\/markt\/produkt\/inspired-mailers-kunststoff-versandtaschen-100-stueck-in-mehreren-groessen-und-farben-erhaeltlich\/\" \/>\n<meta property=\"og:site_name\" content=\"Markt-XXL\" \/>\n<meta property=\"article:modified_time\" content=\"2023-04-09T23:44:28+00:00\" \/>\n<meta property=\"og:image\" content=\"https:\/\/m.media-amazon.com\/images\/I\/417+QuZMlCL._SL500_.jpg\" \/>\n\t<meta property=\"og:image:width\" content=\"500\" \/>\n\t<meta property=\"og:image:height\" content=\"500\" \/>\n\t<meta property=\"og:image:type\" content=\"image\/jpeg\" \/>\n<meta name=\"twitter:card\" content=\"summary_large_image\" \/>\n<meta name=\"twitter:label1\" content=\"Gesch\u00e4tzte Lesezeit\" \/>\n\t<meta name=\"twitter:data1\" content=\"1\u00a0Minute\" \/>\n<script type=\"application\/ld+json\" class=\"yoast-schema-graph\">{\"@context\":\"https:\\\/\\\/schema.org\",\"@graph\":[{\"@type\":\"WebPage\",\"@id\":\"https:\\\/\\\/marktxxl.de\\\/markt\\\/produkt\\\/inspired-mailers-kunststoff-versandtaschen-100-stueck-in-mehreren-groessen-und-farben-erhaeltlich\\\/\",\"url\":\"https:\\\/\\\/marktxxl.de\\\/markt\\\/produkt\\\/inspired-mailers-kunststoff-versandtaschen-100-stueck-in-mehreren-groessen-und-farben-erhaeltlich\\\/\",\"name\":\"Inspired Mailers - Poly-Versandtaschen 15,2 x 22,9 cm, gelbe Pfotenabdr\u00fccke, 15,2 x 22,9 cm, niedliche Versandtaschen\u2026 - Markt-XXL\",\"isPartOf\":{\"@id\":\"https:\\\/\\\/marktxxl.de\\\/markt\\\/#website\"},\"primaryImageOfPage\":{\"@id\":\"https:\\\/\\\/marktxxl.de\\\/markt\\\/produkt\\\/inspired-mailers-kunststoff-versandtaschen-100-stueck-in-mehreren-groessen-und-farben-erhaeltlich\\\/#primaryimage\"},\"image\":{\"@id\":\"https:\\\/\\\/marktxxl.de\\\/markt\\\/produkt\\\/inspired-mailers-kunststoff-versandtaschen-100-stueck-in-mehreren-groessen-und-farben-erhaeltlich\\\/#primaryimage\"},\"thumbnailUrl\":\"https:\\\/\\\/m.media-amazon.com\\\/images\\\/I\\\/417+QuZMlCL._SL500_.jpg\",\"datePublished\":\"2021-09-26T12:15:09+00:00\",\"dateModified\":\"2023-04-09T23:44:28+00:00\",\"description\":\"Markt-XXL Inspired Mailers - Poly-Versandtaschen 15,2 x 22,9 cm, gelbe Pfotenabdr\u00fccke, 15,2 x 22,9 cm, niedliche Versandtaschen\u2026\",\"breadcrumb\":{\"@id\":\"https:\\\/\\\/marktxxl.de\\\/markt\\\/produkt\\\/inspired-mailers-kunststoff-versandtaschen-100-stueck-in-mehreren-groessen-und-farben-erhaeltlich\\\/#breadcrumb\"},\"inLanguage\":\"de\",\"potentialAction\":[{\"@type\":\"ReadAction\",\"target\":[\"https:\\\/\\\/marktxxl.de\\\/markt\\\/produkt\\\/inspired-mailers-kunststoff-versandtaschen-100-stueck-in-mehreren-groessen-und-farben-erhaeltlich\\\/\"]}]},{\"@type\":\"ImageObject\",\"inLanguage\":\"de\",\"@id\":\"https:\\\/\\\/marktxxl.de\\\/markt\\\/produkt\\\/inspired-mailers-kunststoff-versandtaschen-100-stueck-in-mehreren-groessen-und-farben-erhaeltlich\\\/#primaryimage\",\"url\":\"https:\\\/\\\/m.media-amazon.com\\\/images\\\/I\\\/417+QuZMlCL._SL500_.jpg\",\"contentUrl\":\"https:\\\/\\\/m.media-amazon.com\\\/images\\\/I\\\/417+QuZMlCL._SL500_.jpg\",\"width\":500,\"height\":500},{\"@type\":\"BreadcrumbList\",\"@id\":\"https:\\\/\\\/marktxxl.de\\\/markt\\\/produkt\\\/inspired-mailers-kunststoff-versandtaschen-100-stueck-in-mehreren-groessen-und-farben-erhaeltlich\\\/#breadcrumb\",\"itemListElement\":[{\"@type\":\"ListItem\",\"position\":1,\"name\":\"Startseite\",\"item\":\"https:\\\/\\\/marktxxl.de\\\/markt\\\/\"},{\"@type\":\"ListItem\",\"position\":2,\"name\":\"Markt\",\"item\":\"https:\\\/\\\/marktxxl.de\\\/markt\\\/\"},{\"@type\":\"ListItem\",\"position\":3,\"name\":\"Inspired Mailers &#8211; Poly-Versandtaschen 15,2 x 22,9 cm, gelbe Pfotenabdr\u00fccke, 15,2 x 22,9 cm, niedliche Versandtaschen\u2026\"}]},{\"@type\":\"WebSite\",\"@id\":\"https:\\\/\\\/marktxxl.de\\\/markt\\\/#website\",\"url\":\"https:\\\/\\\/marktxxl.de\\\/markt\\\/\",\"name\":\"Markt-XXL\",\"description\":\"Ihr Markt Online\",\"publisher\":{\"@id\":\"https:\\\/\\\/marktxxl.de\\\/markt\\\/#organization\"},\"potentialAction\":[{\"@type\":\"SearchAction\",\"target\":{\"@type\":\"EntryPoint\",\"urlTemplate\":\"https:\\\/\\\/marktxxl.de\\\/markt\\\/?s={search_term_string}\"},\"query-input\":{\"@type\":\"PropertyValueSpecification\",\"valueRequired\":true,\"valueName\":\"search_term_string\"}}],\"inLanguage\":\"de\"},{\"@type\":\"Organization\",\"@id\":\"https:\\\/\\\/marktxxl.de\\\/markt\\\/#organization\",\"name\":\"Markt-XXL\",\"url\":\"https:\\\/\\\/marktxxl.de\\\/markt\\\/\",\"logo\":{\"@type\":\"ImageObject\",\"inLanguage\":\"de\",\"@id\":\"https:\\\/\\\/marktxxl.de\\\/markt\\\/#\\\/schema\\\/logo\\\/image\\\/\",\"url\":\"https:\\\/\\\/marktxxl.de\\\/markt\\\/wp-content\\\/uploads\\\/sites\\\/3\\\/2020\\\/12\\\/logo.png\",\"contentUrl\":\"https:\\\/\\\/marktxxl.de\\\/markt\\\/wp-content\\\/uploads\\\/sites\\\/3\\\/2020\\\/12\\\/logo.png\",\"width\":200,\"height\":70,\"caption\":\"Markt-XXL\"},\"image\":{\"@id\":\"https:\\\/\\\/marktxxl.de\\\/markt\\\/#\\\/schema\\\/logo\\\/image\\\/\"}}]}<\/script>\n<!-- \/ Yoast SEO plugin. -->","yoast_head_json":{"title":"Inspired Mailers - Poly-Versandtaschen 15,2 x 22,9 cm, gelbe Pfotenabdr\u00fccke, 15,2 x 22,9 cm, niedliche Versandtaschen\u2026 - Markt-XXL","description":"Markt-XXL Inspired Mailers - Poly-Versandtaschen 15,2 x 22,9 cm, gelbe Pfotenabdr\u00fccke, 15,2 x 22,9 cm, niedliche Versandtaschen\u2026","robots":{"index":"index","follow":"follow","max-snippet":"max-snippet:-1","max-image-preview":"max-image-preview:large","max-video-preview":"max-video-preview:-1"},"canonical":"https:\/\/marktxxl.de\/markt\/produkt\/inspired-mailers-kunststoff-versandtaschen-100-stueck-in-mehreren-groessen-und-farben-erhaeltlich\/","og_locale":"de_DE","og_type":"article","og_title":"Inspired Mailers - Poly-Versandtaschen 15,2 x 22,9 cm, gelbe Pfotenabdr\u00fccke, 15,2 x 22,9 cm, niedliche Versandtaschen\u2026 - Markt-XXL","og_description":"Markt-XXL Inspired Mailers - Poly-Versandtaschen 15,2 x 22,9 cm, gelbe Pfotenabdr\u00fccke, 15,2 x 22,9 cm, niedliche Versandtaschen\u2026","og_url":"https:\/\/marktxxl.de\/markt\/produkt\/inspired-mailers-kunststoff-versandtaschen-100-stueck-in-mehreren-groessen-und-farben-erhaeltlich\/","og_site_name":"Markt-XXL","article_modified_time":"2023-04-09T23:44:28+00:00","og_image":[{"width":500,"height":500,"url":"https:\/\/m.media-amazon.com\/images\/I\/417+QuZMlCL._SL500_.jpg","type":"image\/jpeg"}],"twitter_card":"summary_large_image","twitter_misc":{"Gesch\u00e4tzte Lesezeit":"1\u00a0Minute"},"schema":{"@context":"https:\/\/schema.org","@graph":[{"@type":"WebPage","@id":"https:\/\/marktxxl.de\/markt\/produkt\/inspired-mailers-kunststoff-versandtaschen-100-stueck-in-mehreren-groessen-und-farben-erhaeltlich\/","url":"https:\/\/marktxxl.de\/markt\/produkt\/inspired-mailers-kunststoff-versandtaschen-100-stueck-in-mehreren-groessen-und-farben-erhaeltlich\/","name":"Inspired Mailers - Poly-Versandtaschen 15,2 x 22,9 cm, gelbe Pfotenabdr\u00fccke, 15,2 x 22,9 cm, niedliche Versandtaschen\u2026 - Markt-XXL","isPartOf":{"@id":"https:\/\/marktxxl.de\/markt\/#website"},"primaryImageOfPage":{"@id":"https:\/\/marktxxl.de\/markt\/produkt\/inspired-mailers-kunststoff-versandtaschen-100-stueck-in-mehreren-groessen-und-farben-erhaeltlich\/#primaryimage"},"image":{"@id":"https:\/\/marktxxl.de\/markt\/produkt\/inspired-mailers-kunststoff-versandtaschen-100-stueck-in-mehreren-groessen-und-farben-erhaeltlich\/#primaryimage"},"thumbnailUrl":"https:\/\/m.media-amazon.com\/images\/I\/417+QuZMlCL._SL500_.jpg","datePublished":"2021-09-26T12:15:09+00:00","dateModified":"2023-04-09T23:44:28+00:00","description":"Markt-XXL Inspired Mailers - Poly-Versandtaschen 15,2 x 22,9 cm, gelbe Pfotenabdr\u00fccke, 15,2 x 22,9 cm, niedliche Versandtaschen\u2026","breadcrumb":{"@id":"https:\/\/marktxxl.de\/markt\/produkt\/inspired-mailers-kunststoff-versandtaschen-100-stueck-in-mehreren-groessen-und-farben-erhaeltlich\/#breadcrumb"},"inLanguage":"de","potentialAction":[{"@type":"ReadAction","target":["https:\/\/marktxxl.de\/markt\/produkt\/inspired-mailers-kunststoff-versandtaschen-100-stueck-in-mehreren-groessen-und-farben-erhaeltlich\/"]}]},{"@type":"ImageObject","inLanguage":"de","@id":"https:\/\/marktxxl.de\/markt\/produkt\/inspired-mailers-kunststoff-versandtaschen-100-stueck-in-mehreren-groessen-und-farben-erhaeltlich\/#primaryimage","url":"https:\/\/m.media-amazon.com\/images\/I\/417+QuZMlCL._SL500_.jpg","contentUrl":"https:\/\/m.media-amazon.com\/images\/I\/417+QuZMlCL._SL500_.jpg","width":500,"height":500},{"@type":"BreadcrumbList","@id":"https:\/\/marktxxl.de\/markt\/produkt\/inspired-mailers-kunststoff-versandtaschen-100-stueck-in-mehreren-groessen-und-farben-erhaeltlich\/#breadcrumb","itemListElement":[{"@type":"ListItem","position":1,"name":"Startseite","item":"https:\/\/marktxxl.de\/markt\/"},{"@type":"ListItem","position":2,"name":"Markt","item":"https:\/\/marktxxl.de\/markt\/"},{"@type":"ListItem","position":3,"name":"Inspired Mailers &#8211; Poly-Versandtaschen 15,2 x 22,9 cm, gelbe Pfotenabdr\u00fccke, 15,2 x 22,9 cm, niedliche Versandtaschen\u2026"}]},{"@type":"WebSite","@id":"https:\/\/marktxxl.de\/markt\/#website","url":"https:\/\/marktxxl.de\/markt\/","name":"Markt-XXL","description":"Ihr Markt Online","publisher":{"@id":"https:\/\/marktxxl.de\/markt\/#organization"},"potentialAction":[{"@type":"SearchAction","target":{"@type":"EntryPoint","urlTemplate":"https:\/\/marktxxl.de\/markt\/?s={search_term_string}"},"query-input":{"@type":"PropertyValueSpecification","valueRequired":true,"valueName":"search_term_string"}}],"inLanguage":"de"},{"@type":"Organization","@id":"https:\/\/marktxxl.de\/markt\/#organization","name":"Markt-XXL","url":"https:\/\/marktxxl.de\/markt\/","logo":{"@type":"ImageObject","inLanguage":"de","@id":"https:\/\/marktxxl.de\/markt\/#\/schema\/logo\/image\/","url":"https:\/\/marktxxl.de\/markt\/wp-content\/uploads\/sites\/3\/2020\/12\/logo.png","contentUrl":"https:\/\/marktxxl.de\/markt\/wp-content\/uploads\/sites\/3\/2020\/12\/logo.png","width":200,"height":70,"caption":"Markt-XXL"},"image":{"@id":"https:\/\/marktxxl.de\/markt\/#\/schema\/logo\/image\/"}}]}},"_links":{"self":[{"href":"https:\/\/marktxxl.de\/markt\/wp-json\/wp\/v2\/product\/41961","targetHints":{"allow":["GET"]}}],"collection":[{"href":"https:\/\/marktxxl.de\/markt\/wp-json\/wp\/v2\/product"}],"about":[{"href":"https:\/\/marktxxl.de\/markt\/wp-json\/wp\/v2\/types\/product"}],"replies":[{"embeddable":true,"href":"https:\/\/marktxxl.de\/markt\/wp-json\/wp\/v2\/comments?post=41961"}],"wp:featuredmedia":[{"embeddable":true,"href":"https:\/\/marktxxl.de\/markt\/wp-json\/wp\/v2\/media\/41962"}],"wp:attachment":[{"href":"https:\/\/marktxxl.de\/markt\/wp-json\/wp\/v2\/media?parent=41961"}],"wp:term":[{"taxonomy":"product_brand","embeddable":true,"href":"https:\/\/marktxxl.de\/markt\/wp-json\/wp\/v2\/product_brand?post=41961"},{"taxonomy":"product_cat","embeddable":true,"href":"https:\/\/marktxxl.de\/markt\/wp-json\/wp\/v2\/product_cat?post=41961"},{"taxonomy":"product_tag","embeddable":true,"href":"https:\/\/marktxxl.de\/markt\/wp-json\/wp\/v2\/product_tag?post=41961"}],"curies":[{"name":"wp","href":"https:\/\/api.w.org\/{rel}","templated":true}]}}