{"id":41711,"date":"2021-09-26T14:03:45","date_gmt":"2021-09-26T12:03:45","guid":{"rendered":"https:\/\/marktxxl.de\/markt\/produkt\/180-stuecke-thank-you-for-your-order-karte-unterstuetzen-sie-klein-unternehmen-kunden-thank-you-karten-gold-folie-und-gruen-anerkennung-notizkarten-fuer-online-oder-geschaefte-handgefertigt-waren-und\/"},"modified":"2023-04-10T01:44:23","modified_gmt":"2023-04-09T23:44:23","slug":"180-stuecke-thank-you-for-your-order-karte-unterstuetzen-sie-klein-unternehmen-kunden-thank-you-karten-gold-folie-und-gruen-anerkennung-notizkarten-fuer-online-oder-geschaefte-handgefertigt-waren-und","status":"publish","type":"product","link":"https:\/\/marktxxl.de\/markt\/produkt\/180-stuecke-thank-you-for-your-order-karte-unterstuetzen-sie-klein-unternehmen-kunden-thank-you-karten-gold-folie-und-gruen-anerkennung-notizkarten-fuer-online-oder-geschaefte-handgefertigt-waren-und\/","title":{"rendered":"180 St\u00fccke Thank You for Your Order Karte Unterst\u00fctzen Sie Klein Unternehmen Kunden Thank You Karten Gold Folie und Gr\u00fcn\u2026"},"content":{"rendered":"<p>Sch\u00f6nes Design: Die Dankespostkarten sind in 6 verschiedenen Blattmustern, mit leuchtenden Farben und gut aussehend; Durch die goldgepr\u00e4gte Schrift wirkt die Karte eleganter und Ihre Kunden f\u00fchlen sich besonders<br \/>\nLeere Abschnitte: Die Unterseite und R\u00fcckseite unserer Dankesnotizkarten sind leer, sodass Sie Ihre Gesch\u00e4ftsadresse stempeln, Logoaufkleber aufkleben oder mit einer Notiz oder Unterschrift personalisieren k\u00f6nnen. Verwenden Sie diese kleine Karte, um dem Kunden Ihren Dank auszudr\u00fccken. Er wird es lieben, wenn er sie erh\u00e4lt<br \/>\nZuverl\u00e4ssiges Material: Diese Dankesch\u00f6n Postkarten bestehen aus 230 gsm Papier, sind langlebig und fest zu verwenden, ungiftig und haben keinen besonderen Geruch. Helle Farben sind nicht leicht zu verblassen, leicht und tragbar zum Tragen oder Lagern. Qualit\u00e4tsmaterial kann unterst\u00fctzt werden Ihre lang anhaltende Nutzung<br \/>\nWeit verbreitet: Diese Dankesgru\u00dfkarten eignen sich f\u00fcr die Dankbarkeit gegen\u00fcber Vorgesetzten oder Kunden. Es ist eine einfache M\u00f6glichkeit, dem Kunden Ihre Wertsch\u00e4tzung zu vermitteln. Es ist auch f\u00fcr Online- oder Gesch\u00e4fte, handgefertigte Waren und mehr weit verbreitet<br \/>\nGro\u00dfe Menge: Sie erhalten 180 Dankesgru\u00dfkarten in 6 verschiedenen Stilen, jeder Stil f\u00fcr 30 St\u00fcck, eine Auswahl an bestimmten Stilen und eine ausreichende Menge, um Ihren t\u00e4glichen Bedarf und Ersatz zu decken, oder Sie k\u00f6nnen sie mit Ihren Kunden oder Freunden teilen, um die zu verbreiten Dankbarkeit und Freundlichkeit<br \/>\n<div class=\"main-cross-sell\" data-asin=\"B08C2YLLC2\">\n\n\t<div class=\"WooZone-cross-sell-loader\">\n\t\t<div>\n\t\t\t<div id=\"floatingBarsG\">\n\t\t\t\t<div class=\"blockG\" id=\"rotateG_01\"><\/div>\n\t\t\t\t<div class=\"blockG\" id=\"rotateG_02\"><\/div>\n\t\t\t\t<div class=\"blockG\" id=\"rotateG_03\"><\/div>\n\t\t\t\t<div class=\"blockG\" id=\"rotateG_04\"><\/div>\n\t\t\t\t<div class=\"blockG\" id=\"rotateG_05\"><\/div>\n\t\t\t\t<div class=\"blockG\" id=\"rotateG_06\"><\/div>\n\t\t\t\t<div class=\"blockG\" id=\"rotateG_07\"><\/div>\n\t\t\t\t<div class=\"blockG\" id=\"rotateG_08\"><\/div>\n\t\t\t<\/div>\n\t\t\t<div class=\"WooZone-cross-sell-loader-text\"><\/div>\n\t\t<\/div>\n\t<\/div>\n\n\t\t\n<\/div>\n<div style=\"clear:both;\"><\/div><\/p>\n","protected":false},"excerpt":{"rendered":"<p>Sch\u00f6nes Design: Die Dankespostkarten sind in 6 verschiedenen Blattmustern, mit leuchtenden Farben und gut aussehend; Durch die goldgepr\u00e4gte Schrift wirkt die Karte eleganter und Ihre Kunden f\u00fchlen sich besonders<br \/>\nLeere Abschnitte: Die Unterseite und R\u00fcckseite unserer Dankesnotizkarten sind leer, sodass Sie Ihre Gesch\u00e4ftsadresse stempeln, Logoaufkleber aufkleben oder mit einer Notiz oder Unterschrift personalisieren k\u00f6nnen. Verwenden Sie diese kleine Karte, um dem Kunden Ihren Dank auszudr\u00fccken. Er wird es lieben, wenn er sie erh\u00e4lt<br \/>\nZuverl\u00e4ssiges Material: Diese Dankesch\u00f6n Postkarten bestehen aus 230 gsm Papier, sind langlebig und fest zu verwenden, ungiftig und haben keinen besonderen Geruch. Helle Farben sind nicht leicht zu verblassen, leicht und tragbar zum Tragen oder Lagern. Qualit\u00e4tsmaterial kann unterst\u00fctzt werden Ihre lang anhaltende Nutzung<\/p>\n","protected":false},"featured_media":41712,"comment_status":"open","ping_status":"closed","template":"","meta":[],"product_brand":[],"product_cat":[504,8527],"product_tag":[],"class_list":{"0":"post-41711","1":"product","2":"type-product","3":"status-publish","4":"has-post-thumbnail","6":"product_cat-buerobedarf-schreibwaren","7":"product_cat-papierprodukte","8":"pa_brand-outus","9":"pa_manufacturer-outus","11":"first","12":"instock","13":"shipping-taxable","14":"purchasable","15":"product-type-simple","16":"customify-col","17":"product-has-gallery"},"yoast_head":"<!-- This site is optimized with the Yoast SEO plugin v27.4 - https:\/\/yoast.com\/product\/yoast-seo-wordpress\/ -->\n<title>180 St\u00fccke Thank You for Your Order Karte Unterst\u00fctzen Sie Klein Unternehmen Kunden Thank You Karten Gold Folie und Gr\u00fcn\u2026 - Markt-XXL<\/title>\n<meta name=\"description\" content=\"Markt-XXL 180 St\u00fccke Thank You for Your Order Karte Unterst\u00fctzen Sie Klein Unternehmen Kunden Thank You Karten Gold Folie und Gr\u00fcn\u2026\" \/>\n<meta name=\"robots\" content=\"index, follow, max-snippet:-1, max-image-preview:large, max-video-preview:-1\" \/>\n<link rel=\"canonical\" href=\"https:\/\/marktxxl.de\/markt\/produkt\/180-stuecke-thank-you-for-your-order-karte-unterstuetzen-sie-klein-unternehmen-kunden-thank-you-karten-gold-folie-und-gruen-anerkennung-notizkarten-fuer-online-oder-geschaefte-handgefertigt-waren-und\/\" \/>\n<meta property=\"og:locale\" content=\"de_DE\" \/>\n<meta property=\"og:type\" content=\"article\" \/>\n<meta property=\"og:title\" content=\"180 St\u00fccke Thank You for Your Order Karte Unterst\u00fctzen Sie Klein Unternehmen Kunden Thank You Karten Gold Folie und Gr\u00fcn\u2026 - Markt-XXL\" \/>\n<meta property=\"og:description\" content=\"Markt-XXL 180 St\u00fccke Thank You for Your Order Karte Unterst\u00fctzen Sie Klein Unternehmen Kunden Thank You Karten Gold Folie und Gr\u00fcn\u2026\" \/>\n<meta property=\"og:url\" content=\"https:\/\/marktxxl.de\/markt\/produkt\/180-stuecke-thank-you-for-your-order-karte-unterstuetzen-sie-klein-unternehmen-kunden-thank-you-karten-gold-folie-und-gruen-anerkennung-notizkarten-fuer-online-oder-geschaefte-handgefertigt-waren-und\/\" \/>\n<meta property=\"og:site_name\" content=\"Markt-XXL\" \/>\n<meta property=\"article:modified_time\" content=\"2023-04-09T23:44:23+00:00\" \/>\n<meta property=\"og:image\" content=\"https:\/\/m.media-amazon.com\/images\/I\/51OXOwiP9jL._SL500_.jpg\" \/>\n\t<meta property=\"og:image:width\" content=\"500\" \/>\n\t<meta property=\"og:image:height\" content=\"500\" \/>\n\t<meta property=\"og:image:type\" content=\"image\/jpeg\" \/>\n<meta name=\"twitter:card\" content=\"summary_large_image\" \/>\n<meta name=\"twitter:label1\" content=\"Gesch\u00e4tzte Lesezeit\" \/>\n\t<meta name=\"twitter:data1\" content=\"1\u00a0Minute\" \/>\n<script type=\"application\/ld+json\" class=\"yoast-schema-graph\">{\"@context\":\"https:\\\/\\\/schema.org\",\"@graph\":[{\"@type\":\"WebPage\",\"@id\":\"https:\\\/\\\/marktxxl.de\\\/markt\\\/produkt\\\/180-stuecke-thank-you-for-your-order-karte-unterstuetzen-sie-klein-unternehmen-kunden-thank-you-karten-gold-folie-und-gruen-anerkennung-notizkarten-fuer-online-oder-geschaefte-handgefertigt-waren-und\\\/\",\"url\":\"https:\\\/\\\/marktxxl.de\\\/markt\\\/produkt\\\/180-stuecke-thank-you-for-your-order-karte-unterstuetzen-sie-klein-unternehmen-kunden-thank-you-karten-gold-folie-und-gruen-anerkennung-notizkarten-fuer-online-oder-geschaefte-handgefertigt-waren-und\\\/\",\"name\":\"180 St\u00fccke Thank You for Your Order Karte Unterst\u00fctzen Sie Klein Unternehmen Kunden Thank You Karten Gold Folie und Gr\u00fcn\u2026 - Markt-XXL\",\"isPartOf\":{\"@id\":\"https:\\\/\\\/marktxxl.de\\\/markt\\\/#website\"},\"primaryImageOfPage\":{\"@id\":\"https:\\\/\\\/marktxxl.de\\\/markt\\\/produkt\\\/180-stuecke-thank-you-for-your-order-karte-unterstuetzen-sie-klein-unternehmen-kunden-thank-you-karten-gold-folie-und-gruen-anerkennung-notizkarten-fuer-online-oder-geschaefte-handgefertigt-waren-und\\\/#primaryimage\"},\"image\":{\"@id\":\"https:\\\/\\\/marktxxl.de\\\/markt\\\/produkt\\\/180-stuecke-thank-you-for-your-order-karte-unterstuetzen-sie-klein-unternehmen-kunden-thank-you-karten-gold-folie-und-gruen-anerkennung-notizkarten-fuer-online-oder-geschaefte-handgefertigt-waren-und\\\/#primaryimage\"},\"thumbnailUrl\":\"https:\\\/\\\/m.media-amazon.com\\\/images\\\/I\\\/51OXOwiP9jL._SL500_.jpg\",\"datePublished\":\"2021-09-26T12:03:45+00:00\",\"dateModified\":\"2023-04-09T23:44:23+00:00\",\"description\":\"Markt-XXL 180 St\u00fccke Thank You for Your Order Karte Unterst\u00fctzen Sie Klein Unternehmen Kunden Thank You Karten Gold Folie und Gr\u00fcn\u2026\",\"breadcrumb\":{\"@id\":\"https:\\\/\\\/marktxxl.de\\\/markt\\\/produkt\\\/180-stuecke-thank-you-for-your-order-karte-unterstuetzen-sie-klein-unternehmen-kunden-thank-you-karten-gold-folie-und-gruen-anerkennung-notizkarten-fuer-online-oder-geschaefte-handgefertigt-waren-und\\\/#breadcrumb\"},\"inLanguage\":\"de\",\"potentialAction\":[{\"@type\":\"ReadAction\",\"target\":[\"https:\\\/\\\/marktxxl.de\\\/markt\\\/produkt\\\/180-stuecke-thank-you-for-your-order-karte-unterstuetzen-sie-klein-unternehmen-kunden-thank-you-karten-gold-folie-und-gruen-anerkennung-notizkarten-fuer-online-oder-geschaefte-handgefertigt-waren-und\\\/\"]}]},{\"@type\":\"ImageObject\",\"inLanguage\":\"de\",\"@id\":\"https:\\\/\\\/marktxxl.de\\\/markt\\\/produkt\\\/180-stuecke-thank-you-for-your-order-karte-unterstuetzen-sie-klein-unternehmen-kunden-thank-you-karten-gold-folie-und-gruen-anerkennung-notizkarten-fuer-online-oder-geschaefte-handgefertigt-waren-und\\\/#primaryimage\",\"url\":\"https:\\\/\\\/m.media-amazon.com\\\/images\\\/I\\\/51OXOwiP9jL._SL500_.jpg\",\"contentUrl\":\"https:\\\/\\\/m.media-amazon.com\\\/images\\\/I\\\/51OXOwiP9jL._SL500_.jpg\",\"width\":500,\"height\":500},{\"@type\":\"BreadcrumbList\",\"@id\":\"https:\\\/\\\/marktxxl.de\\\/markt\\\/produkt\\\/180-stuecke-thank-you-for-your-order-karte-unterstuetzen-sie-klein-unternehmen-kunden-thank-you-karten-gold-folie-und-gruen-anerkennung-notizkarten-fuer-online-oder-geschaefte-handgefertigt-waren-und\\\/#breadcrumb\",\"itemListElement\":[{\"@type\":\"ListItem\",\"position\":1,\"name\":\"Startseite\",\"item\":\"https:\\\/\\\/marktxxl.de\\\/markt\\\/\"},{\"@type\":\"ListItem\",\"position\":2,\"name\":\"Markt\",\"item\":\"https:\\\/\\\/marktxxl.de\\\/markt\\\/\"},{\"@type\":\"ListItem\",\"position\":3,\"name\":\"180 St\u00fccke Thank You for Your Order Karte Unterst\u00fctzen Sie Klein Unternehmen Kunden Thank You Karten Gold Folie und Gr\u00fcn\u2026\"}]},{\"@type\":\"WebSite\",\"@id\":\"https:\\\/\\\/marktxxl.de\\\/markt\\\/#website\",\"url\":\"https:\\\/\\\/marktxxl.de\\\/markt\\\/\",\"name\":\"Markt-XXL\",\"description\":\"Ihr Markt Online\",\"publisher\":{\"@id\":\"https:\\\/\\\/marktxxl.de\\\/markt\\\/#organization\"},\"potentialAction\":[{\"@type\":\"SearchAction\",\"target\":{\"@type\":\"EntryPoint\",\"urlTemplate\":\"https:\\\/\\\/marktxxl.de\\\/markt\\\/?s={search_term_string}\"},\"query-input\":{\"@type\":\"PropertyValueSpecification\",\"valueRequired\":true,\"valueName\":\"search_term_string\"}}],\"inLanguage\":\"de\"},{\"@type\":\"Organization\",\"@id\":\"https:\\\/\\\/marktxxl.de\\\/markt\\\/#organization\",\"name\":\"Markt-XXL\",\"url\":\"https:\\\/\\\/marktxxl.de\\\/markt\\\/\",\"logo\":{\"@type\":\"ImageObject\",\"inLanguage\":\"de\",\"@id\":\"https:\\\/\\\/marktxxl.de\\\/markt\\\/#\\\/schema\\\/logo\\\/image\\\/\",\"url\":\"https:\\\/\\\/marktxxl.de\\\/markt\\\/wp-content\\\/uploads\\\/sites\\\/3\\\/2020\\\/12\\\/logo.png\",\"contentUrl\":\"https:\\\/\\\/marktxxl.de\\\/markt\\\/wp-content\\\/uploads\\\/sites\\\/3\\\/2020\\\/12\\\/logo.png\",\"width\":200,\"height\":70,\"caption\":\"Markt-XXL\"},\"image\":{\"@id\":\"https:\\\/\\\/marktxxl.de\\\/markt\\\/#\\\/schema\\\/logo\\\/image\\\/\"}}]}<\/script>\n<!-- \/ Yoast SEO plugin. -->","yoast_head_json":{"title":"180 St\u00fccke Thank You for Your Order Karte Unterst\u00fctzen Sie Klein Unternehmen Kunden Thank You Karten Gold Folie und Gr\u00fcn\u2026 - Markt-XXL","description":"Markt-XXL 180 St\u00fccke Thank You for Your Order Karte Unterst\u00fctzen Sie Klein Unternehmen Kunden Thank You Karten Gold Folie und Gr\u00fcn\u2026","robots":{"index":"index","follow":"follow","max-snippet":"max-snippet:-1","max-image-preview":"max-image-preview:large","max-video-preview":"max-video-preview:-1"},"canonical":"https:\/\/marktxxl.de\/markt\/produkt\/180-stuecke-thank-you-for-your-order-karte-unterstuetzen-sie-klein-unternehmen-kunden-thank-you-karten-gold-folie-und-gruen-anerkennung-notizkarten-fuer-online-oder-geschaefte-handgefertigt-waren-und\/","og_locale":"de_DE","og_type":"article","og_title":"180 St\u00fccke Thank You for Your Order Karte Unterst\u00fctzen Sie Klein Unternehmen Kunden Thank You Karten Gold Folie und Gr\u00fcn\u2026 - Markt-XXL","og_description":"Markt-XXL 180 St\u00fccke Thank You for Your Order Karte Unterst\u00fctzen Sie Klein Unternehmen Kunden Thank You Karten Gold Folie und Gr\u00fcn\u2026","og_url":"https:\/\/marktxxl.de\/markt\/produkt\/180-stuecke-thank-you-for-your-order-karte-unterstuetzen-sie-klein-unternehmen-kunden-thank-you-karten-gold-folie-und-gruen-anerkennung-notizkarten-fuer-online-oder-geschaefte-handgefertigt-waren-und\/","og_site_name":"Markt-XXL","article_modified_time":"2023-04-09T23:44:23+00:00","og_image":[{"width":500,"height":500,"url":"https:\/\/m.media-amazon.com\/images\/I\/51OXOwiP9jL._SL500_.jpg","type":"image\/jpeg"}],"twitter_card":"summary_large_image","twitter_misc":{"Gesch\u00e4tzte Lesezeit":"1\u00a0Minute"},"schema":{"@context":"https:\/\/schema.org","@graph":[{"@type":"WebPage","@id":"https:\/\/marktxxl.de\/markt\/produkt\/180-stuecke-thank-you-for-your-order-karte-unterstuetzen-sie-klein-unternehmen-kunden-thank-you-karten-gold-folie-und-gruen-anerkennung-notizkarten-fuer-online-oder-geschaefte-handgefertigt-waren-und\/","url":"https:\/\/marktxxl.de\/markt\/produkt\/180-stuecke-thank-you-for-your-order-karte-unterstuetzen-sie-klein-unternehmen-kunden-thank-you-karten-gold-folie-und-gruen-anerkennung-notizkarten-fuer-online-oder-geschaefte-handgefertigt-waren-und\/","name":"180 St\u00fccke Thank You for Your Order Karte Unterst\u00fctzen Sie Klein Unternehmen Kunden Thank You Karten Gold Folie und Gr\u00fcn\u2026 - Markt-XXL","isPartOf":{"@id":"https:\/\/marktxxl.de\/markt\/#website"},"primaryImageOfPage":{"@id":"https:\/\/marktxxl.de\/markt\/produkt\/180-stuecke-thank-you-for-your-order-karte-unterstuetzen-sie-klein-unternehmen-kunden-thank-you-karten-gold-folie-und-gruen-anerkennung-notizkarten-fuer-online-oder-geschaefte-handgefertigt-waren-und\/#primaryimage"},"image":{"@id":"https:\/\/marktxxl.de\/markt\/produkt\/180-stuecke-thank-you-for-your-order-karte-unterstuetzen-sie-klein-unternehmen-kunden-thank-you-karten-gold-folie-und-gruen-anerkennung-notizkarten-fuer-online-oder-geschaefte-handgefertigt-waren-und\/#primaryimage"},"thumbnailUrl":"https:\/\/m.media-amazon.com\/images\/I\/51OXOwiP9jL._SL500_.jpg","datePublished":"2021-09-26T12:03:45+00:00","dateModified":"2023-04-09T23:44:23+00:00","description":"Markt-XXL 180 St\u00fccke Thank You for Your Order Karte Unterst\u00fctzen Sie Klein Unternehmen Kunden Thank You Karten Gold Folie und Gr\u00fcn\u2026","breadcrumb":{"@id":"https:\/\/marktxxl.de\/markt\/produkt\/180-stuecke-thank-you-for-your-order-karte-unterstuetzen-sie-klein-unternehmen-kunden-thank-you-karten-gold-folie-und-gruen-anerkennung-notizkarten-fuer-online-oder-geschaefte-handgefertigt-waren-und\/#breadcrumb"},"inLanguage":"de","potentialAction":[{"@type":"ReadAction","target":["https:\/\/marktxxl.de\/markt\/produkt\/180-stuecke-thank-you-for-your-order-karte-unterstuetzen-sie-klein-unternehmen-kunden-thank-you-karten-gold-folie-und-gruen-anerkennung-notizkarten-fuer-online-oder-geschaefte-handgefertigt-waren-und\/"]}]},{"@type":"ImageObject","inLanguage":"de","@id":"https:\/\/marktxxl.de\/markt\/produkt\/180-stuecke-thank-you-for-your-order-karte-unterstuetzen-sie-klein-unternehmen-kunden-thank-you-karten-gold-folie-und-gruen-anerkennung-notizkarten-fuer-online-oder-geschaefte-handgefertigt-waren-und\/#primaryimage","url":"https:\/\/m.media-amazon.com\/images\/I\/51OXOwiP9jL._SL500_.jpg","contentUrl":"https:\/\/m.media-amazon.com\/images\/I\/51OXOwiP9jL._SL500_.jpg","width":500,"height":500},{"@type":"BreadcrumbList","@id":"https:\/\/marktxxl.de\/markt\/produkt\/180-stuecke-thank-you-for-your-order-karte-unterstuetzen-sie-klein-unternehmen-kunden-thank-you-karten-gold-folie-und-gruen-anerkennung-notizkarten-fuer-online-oder-geschaefte-handgefertigt-waren-und\/#breadcrumb","itemListElement":[{"@type":"ListItem","position":1,"name":"Startseite","item":"https:\/\/marktxxl.de\/markt\/"},{"@type":"ListItem","position":2,"name":"Markt","item":"https:\/\/marktxxl.de\/markt\/"},{"@type":"ListItem","position":3,"name":"180 St\u00fccke Thank You for Your Order Karte Unterst\u00fctzen Sie Klein Unternehmen Kunden Thank You Karten Gold Folie und Gr\u00fcn\u2026"}]},{"@type":"WebSite","@id":"https:\/\/marktxxl.de\/markt\/#website","url":"https:\/\/marktxxl.de\/markt\/","name":"Markt-XXL","description":"Ihr Markt Online","publisher":{"@id":"https:\/\/marktxxl.de\/markt\/#organization"},"potentialAction":[{"@type":"SearchAction","target":{"@type":"EntryPoint","urlTemplate":"https:\/\/marktxxl.de\/markt\/?s={search_term_string}"},"query-input":{"@type":"PropertyValueSpecification","valueRequired":true,"valueName":"search_term_string"}}],"inLanguage":"de"},{"@type":"Organization","@id":"https:\/\/marktxxl.de\/markt\/#organization","name":"Markt-XXL","url":"https:\/\/marktxxl.de\/markt\/","logo":{"@type":"ImageObject","inLanguage":"de","@id":"https:\/\/marktxxl.de\/markt\/#\/schema\/logo\/image\/","url":"https:\/\/marktxxl.de\/markt\/wp-content\/uploads\/sites\/3\/2020\/12\/logo.png","contentUrl":"https:\/\/marktxxl.de\/markt\/wp-content\/uploads\/sites\/3\/2020\/12\/logo.png","width":200,"height":70,"caption":"Markt-XXL"},"image":{"@id":"https:\/\/marktxxl.de\/markt\/#\/schema\/logo\/image\/"}}]}},"_links":{"self":[{"href":"https:\/\/marktxxl.de\/markt\/wp-json\/wp\/v2\/product\/41711","targetHints":{"allow":["GET"]}}],"collection":[{"href":"https:\/\/marktxxl.de\/markt\/wp-json\/wp\/v2\/product"}],"about":[{"href":"https:\/\/marktxxl.de\/markt\/wp-json\/wp\/v2\/types\/product"}],"replies":[{"embeddable":true,"href":"https:\/\/marktxxl.de\/markt\/wp-json\/wp\/v2\/comments?post=41711"}],"wp:featuredmedia":[{"embeddable":true,"href":"https:\/\/marktxxl.de\/markt\/wp-json\/wp\/v2\/media\/41712"}],"wp:attachment":[{"href":"https:\/\/marktxxl.de\/markt\/wp-json\/wp\/v2\/media?parent=41711"}],"wp:term":[{"taxonomy":"product_brand","embeddable":true,"href":"https:\/\/marktxxl.de\/markt\/wp-json\/wp\/v2\/product_brand?post=41711"},{"taxonomy":"product_cat","embeddable":true,"href":"https:\/\/marktxxl.de\/markt\/wp-json\/wp\/v2\/product_cat?post=41711"},{"taxonomy":"product_tag","embeddable":true,"href":"https:\/\/marktxxl.de\/markt\/wp-json\/wp\/v2\/product_tag?post=41711"}],"curies":[{"name":"wp","href":"https:\/\/api.w.org\/{rel}","templated":true}]}}