{"id":41703,"date":"2021-09-26T14:00:07","date_gmt":"2021-09-26T12:00:07","guid":{"rendered":"https:\/\/marktxxl.de\/markt\/produkt\/a4-xxl-abschiedskarte-goldfische-mit-umschlag-klappkarte-fuer-kollegen-zur-rente-pension-mutterschaft-verabschiedung-ruhestand-karte-von-breitenwerk\/"},"modified":"2023-04-10T01:44:23","modified_gmt":"2023-04-09T23:44:23","slug":"a4-xxl-abschiedskarte-goldfische-mit-umschlag-klappkarte-fuer-kollegen-zur-rente-pension-mutterschaft-verabschiedung-ruhestand-karte-von-breitenwerk","status":"publish","type":"product","link":"https:\/\/marktxxl.de\/markt\/produkt\/a4-xxl-abschiedskarte-goldfische-mit-umschlag-klappkarte-fuer-kollegen-zur-rente-pension-mutterschaft-verabschiedung-ruhestand-karte-von-breitenwerk\/","title":{"rendered":"A4 XXL Abschiedskarte GOLDFISCHE mit Umschlag &#8211; Klappkarte f\u00fcr Kollegen zur Rente Pension Mutterschaft Verabschiedung\u2026"},"content":{"rendered":"<p>XXL-KARTEN-SET &#8211; Sie erhalten eine extra gro\u00dfe Karte zum Aufklappen im DIN A4 Format (geschlossen: 21 x 29,7 cm &#8211; aufgeklappt ist das DIN A3: 42 x 29,7 cm) und einen Umschlag mit Pappr\u00fccken in Wei\u00df.<br \/>\nEINFACHES AUSF\u00dcLLEN &#8211; Die Innenseiten der Gl\u00fcckwunschkarte zum Ruhestand sind sehr gut beschreibbar und bieten durch ihre schiere Gr\u00f6\u00dfe ausreichend Platz f\u00fcr W\u00fcnsche und Unterschriften der Kollegen.<br \/>\nPREMIUM QUALIT\u00c4T &#8211; Die Ruhestand Gru\u00dfkarte besteht aus stabilem Postkartenkarton. Der wei\u00dfe Umschlag mit Pappr\u00fccken ist haftklebend &#8211; mit Haftklebestreifen, den Sie zum Verschlie\u00dfen einfach abziehen.<br \/>\nBRILLIANTER DRUCK &#8211; Die Au\u00dfenseiten der Ruhestandskarte begeistern durch Hochglanz-UV-Lack Veredelung. Die Innenseiten sind durch den Postkarten-Karton gut mit allen \u00fcblichen Stiften zu beschriften.<br \/>\nGOLDFISCH AUF DEM SPRUNG &#8211; Die witzige Maxikarte mit Goldfischglas ist ideal f\u00fcr die Verabschiedung eines lieben Arbeitskollegen, Mitarbeiter oder Vorgesetzten und als Beilage zum Abschiedsgeschenk.<br \/>\n<div class=\"main-cross-sell\" data-asin=\"B07DQYJTF5\">\n\n\t<div class=\"WooZone-cross-sell-loader\">\n\t\t<div>\n\t\t\t<div id=\"floatingBarsG\">\n\t\t\t\t<div class=\"blockG\" id=\"rotateG_01\"><\/div>\n\t\t\t\t<div class=\"blockG\" id=\"rotateG_02\"><\/div>\n\t\t\t\t<div class=\"blockG\" id=\"rotateG_03\"><\/div>\n\t\t\t\t<div class=\"blockG\" id=\"rotateG_04\"><\/div>\n\t\t\t\t<div class=\"blockG\" id=\"rotateG_05\"><\/div>\n\t\t\t\t<div class=\"blockG\" id=\"rotateG_06\"><\/div>\n\t\t\t\t<div class=\"blockG\" id=\"rotateG_07\"><\/div>\n\t\t\t\t<div class=\"blockG\" id=\"rotateG_08\"><\/div>\n\t\t\t<\/div>\n\t\t\t<div class=\"WooZone-cross-sell-loader-text\"><\/div>\n\t\t<\/div>\n\t<\/div>\n\n\t\t\n<\/div>\n<div style=\"clear:both;\"><\/div><\/p>\n","protected":false},"excerpt":{"rendered":"<p>XXL-KARTEN-SET &#8211; Sie erhalten eine extra gro\u00dfe Karte zum Aufklappen im DIN A4 Format (geschlossen: 21 x 29,7 cm &#8211; aufgeklappt ist das DIN A3: 42 x 29,7 cm) und einen Umschlag mit Pappr\u00fccken in Wei\u00df.<br \/>\nEINFACHES AUSF\u00dcLLEN &#8211; Die Innenseiten der Gl\u00fcckwunschkarte zum Ruhestand sind sehr gut beschreibbar und bieten durch ihre schiere Gr\u00f6\u00dfe ausreichend Platz f\u00fcr W\u00fcnsche und Unterschriften der Kollegen.<br \/>\nPREMIUM QUALIT\u00c4T &#8211; Die Ruhestand Gru\u00dfkarte besteht aus stabilem Postkartenkarton. Der wei\u00dfe Umschlag mit Pappr\u00fccken ist haftklebend &#8211; mit Haftklebestreifen, den Sie zum Verschlie\u00dfen einfach abziehen.<\/p>\n","protected":false},"featured_media":41704,"comment_status":"open","ping_status":"closed","template":"","meta":[],"product_brand":[],"product_cat":[504,8527],"product_tag":[],"class_list":{"0":"post-41703","1":"product","2":"type-product","3":"status-publish","4":"has-post-thumbnail","6":"product_cat-buerobedarf-schreibwaren","7":"product_cat-papierprodukte","8":"pa_brand-breitenwerk","9":"pa_brand-thames-hudson","10":"pa_height-0-1181102361-zoll","11":"pa_length-12-204724397-zoll","12":"pa_manufacturer-kroeger-marketing","13":"pa_size-din-a4","14":"pa_width-8-8582677075-zoll","16":"first","17":"instock","18":"shipping-taxable","19":"purchasable","20":"product-type-simple","21":"customify-col","22":"product-has-gallery"},"yoast_head":"<!-- This site is optimized with the Yoast SEO plugin v27.4 - https:\/\/yoast.com\/product\/yoast-seo-wordpress\/ -->\n<title>A4 XXL Abschiedskarte GOLDFISCHE mit Umschlag - Klappkarte f\u00fcr Kollegen zur Rente Pension Mutterschaft Verabschiedung\u2026 - Markt-XXL<\/title>\n<meta name=\"description\" content=\"Markt-XXL A4 XXL Abschiedskarte GOLDFISCHE mit Umschlag - Klappkarte f\u00fcr Kollegen zur Rente Pension Mutterschaft Verabschiedung\u2026\" \/>\n<meta name=\"robots\" content=\"index, follow, max-snippet:-1, max-image-preview:large, max-video-preview:-1\" \/>\n<link rel=\"canonical\" href=\"https:\/\/marktxxl.de\/markt\/produkt\/a4-xxl-abschiedskarte-goldfische-mit-umschlag-klappkarte-fuer-kollegen-zur-rente-pension-mutterschaft-verabschiedung-ruhestand-karte-von-breitenwerk\/\" \/>\n<meta property=\"og:locale\" content=\"de_DE\" \/>\n<meta property=\"og:type\" content=\"article\" \/>\n<meta property=\"og:title\" content=\"A4 XXL Abschiedskarte GOLDFISCHE mit Umschlag - Klappkarte f\u00fcr Kollegen zur Rente Pension Mutterschaft Verabschiedung\u2026 - Markt-XXL\" \/>\n<meta property=\"og:description\" content=\"Markt-XXL A4 XXL Abschiedskarte GOLDFISCHE mit Umschlag - Klappkarte f\u00fcr Kollegen zur Rente Pension Mutterschaft Verabschiedung\u2026\" \/>\n<meta property=\"og:url\" content=\"https:\/\/marktxxl.de\/markt\/produkt\/a4-xxl-abschiedskarte-goldfische-mit-umschlag-klappkarte-fuer-kollegen-zur-rente-pension-mutterschaft-verabschiedung-ruhestand-karte-von-breitenwerk\/\" \/>\n<meta property=\"og:site_name\" content=\"Markt-XXL\" \/>\n<meta property=\"article:modified_time\" content=\"2023-04-09T23:44:23+00:00\" \/>\n<meta property=\"og:image\" content=\"https:\/\/m.media-amazon.com\/images\/I\/51AdpHzigKL._SL500_.jpg\" \/>\n\t<meta property=\"og:image:width\" content=\"500\" \/>\n\t<meta property=\"og:image:height\" content=\"500\" \/>\n\t<meta property=\"og:image:type\" content=\"image\/jpeg\" \/>\n<meta name=\"twitter:card\" content=\"summary_large_image\" \/>\n<meta name=\"twitter:label1\" content=\"Gesch\u00e4tzte Lesezeit\" \/>\n\t<meta name=\"twitter:data1\" content=\"1\u00a0Minute\" \/>\n<script type=\"application\/ld+json\" class=\"yoast-schema-graph\">{\"@context\":\"https:\\\/\\\/schema.org\",\"@graph\":[{\"@type\":\"WebPage\",\"@id\":\"https:\\\/\\\/marktxxl.de\\\/markt\\\/produkt\\\/a4-xxl-abschiedskarte-goldfische-mit-umschlag-klappkarte-fuer-kollegen-zur-rente-pension-mutterschaft-verabschiedung-ruhestand-karte-von-breitenwerk\\\/\",\"url\":\"https:\\\/\\\/marktxxl.de\\\/markt\\\/produkt\\\/a4-xxl-abschiedskarte-goldfische-mit-umschlag-klappkarte-fuer-kollegen-zur-rente-pension-mutterschaft-verabschiedung-ruhestand-karte-von-breitenwerk\\\/\",\"name\":\"A4 XXL Abschiedskarte GOLDFISCHE mit Umschlag - Klappkarte f\u00fcr Kollegen zur Rente Pension Mutterschaft Verabschiedung\u2026 - Markt-XXL\",\"isPartOf\":{\"@id\":\"https:\\\/\\\/marktxxl.de\\\/markt\\\/#website\"},\"primaryImageOfPage\":{\"@id\":\"https:\\\/\\\/marktxxl.de\\\/markt\\\/produkt\\\/a4-xxl-abschiedskarte-goldfische-mit-umschlag-klappkarte-fuer-kollegen-zur-rente-pension-mutterschaft-verabschiedung-ruhestand-karte-von-breitenwerk\\\/#primaryimage\"},\"image\":{\"@id\":\"https:\\\/\\\/marktxxl.de\\\/markt\\\/produkt\\\/a4-xxl-abschiedskarte-goldfische-mit-umschlag-klappkarte-fuer-kollegen-zur-rente-pension-mutterschaft-verabschiedung-ruhestand-karte-von-breitenwerk\\\/#primaryimage\"},\"thumbnailUrl\":\"https:\\\/\\\/m.media-amazon.com\\\/images\\\/I\\\/51AdpHzigKL._SL500_.jpg\",\"datePublished\":\"2021-09-26T12:00:07+00:00\",\"dateModified\":\"2023-04-09T23:44:23+00:00\",\"description\":\"Markt-XXL A4 XXL Abschiedskarte GOLDFISCHE mit Umschlag - Klappkarte f\u00fcr Kollegen zur Rente Pension Mutterschaft Verabschiedung\u2026\",\"breadcrumb\":{\"@id\":\"https:\\\/\\\/marktxxl.de\\\/markt\\\/produkt\\\/a4-xxl-abschiedskarte-goldfische-mit-umschlag-klappkarte-fuer-kollegen-zur-rente-pension-mutterschaft-verabschiedung-ruhestand-karte-von-breitenwerk\\\/#breadcrumb\"},\"inLanguage\":\"de\",\"potentialAction\":[{\"@type\":\"ReadAction\",\"target\":[\"https:\\\/\\\/marktxxl.de\\\/markt\\\/produkt\\\/a4-xxl-abschiedskarte-goldfische-mit-umschlag-klappkarte-fuer-kollegen-zur-rente-pension-mutterschaft-verabschiedung-ruhestand-karte-von-breitenwerk\\\/\"]}]},{\"@type\":\"ImageObject\",\"inLanguage\":\"de\",\"@id\":\"https:\\\/\\\/marktxxl.de\\\/markt\\\/produkt\\\/a4-xxl-abschiedskarte-goldfische-mit-umschlag-klappkarte-fuer-kollegen-zur-rente-pension-mutterschaft-verabschiedung-ruhestand-karte-von-breitenwerk\\\/#primaryimage\",\"url\":\"https:\\\/\\\/m.media-amazon.com\\\/images\\\/I\\\/51AdpHzigKL._SL500_.jpg\",\"contentUrl\":\"https:\\\/\\\/m.media-amazon.com\\\/images\\\/I\\\/51AdpHzigKL._SL500_.jpg\",\"width\":500,\"height\":500},{\"@type\":\"BreadcrumbList\",\"@id\":\"https:\\\/\\\/marktxxl.de\\\/markt\\\/produkt\\\/a4-xxl-abschiedskarte-goldfische-mit-umschlag-klappkarte-fuer-kollegen-zur-rente-pension-mutterschaft-verabschiedung-ruhestand-karte-von-breitenwerk\\\/#breadcrumb\",\"itemListElement\":[{\"@type\":\"ListItem\",\"position\":1,\"name\":\"Startseite\",\"item\":\"https:\\\/\\\/marktxxl.de\\\/markt\\\/\"},{\"@type\":\"ListItem\",\"position\":2,\"name\":\"Markt\",\"item\":\"https:\\\/\\\/marktxxl.de\\\/markt\\\/\"},{\"@type\":\"ListItem\",\"position\":3,\"name\":\"A4 XXL Abschiedskarte GOLDFISCHE mit Umschlag &#8211; Klappkarte f\u00fcr Kollegen zur Rente Pension Mutterschaft Verabschiedung\u2026\"}]},{\"@type\":\"WebSite\",\"@id\":\"https:\\\/\\\/marktxxl.de\\\/markt\\\/#website\",\"url\":\"https:\\\/\\\/marktxxl.de\\\/markt\\\/\",\"name\":\"Markt-XXL\",\"description\":\"Ihr Markt Online\",\"publisher\":{\"@id\":\"https:\\\/\\\/marktxxl.de\\\/markt\\\/#organization\"},\"potentialAction\":[{\"@type\":\"SearchAction\",\"target\":{\"@type\":\"EntryPoint\",\"urlTemplate\":\"https:\\\/\\\/marktxxl.de\\\/markt\\\/?s={search_term_string}\"},\"query-input\":{\"@type\":\"PropertyValueSpecification\",\"valueRequired\":true,\"valueName\":\"search_term_string\"}}],\"inLanguage\":\"de\"},{\"@type\":\"Organization\",\"@id\":\"https:\\\/\\\/marktxxl.de\\\/markt\\\/#organization\",\"name\":\"Markt-XXL\",\"url\":\"https:\\\/\\\/marktxxl.de\\\/markt\\\/\",\"logo\":{\"@type\":\"ImageObject\",\"inLanguage\":\"de\",\"@id\":\"https:\\\/\\\/marktxxl.de\\\/markt\\\/#\\\/schema\\\/logo\\\/image\\\/\",\"url\":\"https:\\\/\\\/marktxxl.de\\\/markt\\\/wp-content\\\/uploads\\\/sites\\\/3\\\/2020\\\/12\\\/logo.png\",\"contentUrl\":\"https:\\\/\\\/marktxxl.de\\\/markt\\\/wp-content\\\/uploads\\\/sites\\\/3\\\/2020\\\/12\\\/logo.png\",\"width\":200,\"height\":70,\"caption\":\"Markt-XXL\"},\"image\":{\"@id\":\"https:\\\/\\\/marktxxl.de\\\/markt\\\/#\\\/schema\\\/logo\\\/image\\\/\"}}]}<\/script>\n<!-- \/ Yoast SEO plugin. -->","yoast_head_json":{"title":"A4 XXL Abschiedskarte GOLDFISCHE mit Umschlag - Klappkarte f\u00fcr Kollegen zur Rente Pension Mutterschaft Verabschiedung\u2026 - Markt-XXL","description":"Markt-XXL A4 XXL Abschiedskarte GOLDFISCHE mit Umschlag - Klappkarte f\u00fcr Kollegen zur Rente Pension Mutterschaft Verabschiedung\u2026","robots":{"index":"index","follow":"follow","max-snippet":"max-snippet:-1","max-image-preview":"max-image-preview:large","max-video-preview":"max-video-preview:-1"},"canonical":"https:\/\/marktxxl.de\/markt\/produkt\/a4-xxl-abschiedskarte-goldfische-mit-umschlag-klappkarte-fuer-kollegen-zur-rente-pension-mutterschaft-verabschiedung-ruhestand-karte-von-breitenwerk\/","og_locale":"de_DE","og_type":"article","og_title":"A4 XXL Abschiedskarte GOLDFISCHE mit Umschlag - Klappkarte f\u00fcr Kollegen zur Rente Pension Mutterschaft Verabschiedung\u2026 - Markt-XXL","og_description":"Markt-XXL A4 XXL Abschiedskarte GOLDFISCHE mit Umschlag - Klappkarte f\u00fcr Kollegen zur Rente Pension Mutterschaft Verabschiedung\u2026","og_url":"https:\/\/marktxxl.de\/markt\/produkt\/a4-xxl-abschiedskarte-goldfische-mit-umschlag-klappkarte-fuer-kollegen-zur-rente-pension-mutterschaft-verabschiedung-ruhestand-karte-von-breitenwerk\/","og_site_name":"Markt-XXL","article_modified_time":"2023-04-09T23:44:23+00:00","og_image":[{"width":500,"height":500,"url":"https:\/\/m.media-amazon.com\/images\/I\/51AdpHzigKL._SL500_.jpg","type":"image\/jpeg"}],"twitter_card":"summary_large_image","twitter_misc":{"Gesch\u00e4tzte Lesezeit":"1\u00a0Minute"},"schema":{"@context":"https:\/\/schema.org","@graph":[{"@type":"WebPage","@id":"https:\/\/marktxxl.de\/markt\/produkt\/a4-xxl-abschiedskarte-goldfische-mit-umschlag-klappkarte-fuer-kollegen-zur-rente-pension-mutterschaft-verabschiedung-ruhestand-karte-von-breitenwerk\/","url":"https:\/\/marktxxl.de\/markt\/produkt\/a4-xxl-abschiedskarte-goldfische-mit-umschlag-klappkarte-fuer-kollegen-zur-rente-pension-mutterschaft-verabschiedung-ruhestand-karte-von-breitenwerk\/","name":"A4 XXL Abschiedskarte GOLDFISCHE mit Umschlag - Klappkarte f\u00fcr Kollegen zur Rente Pension Mutterschaft Verabschiedung\u2026 - Markt-XXL","isPartOf":{"@id":"https:\/\/marktxxl.de\/markt\/#website"},"primaryImageOfPage":{"@id":"https:\/\/marktxxl.de\/markt\/produkt\/a4-xxl-abschiedskarte-goldfische-mit-umschlag-klappkarte-fuer-kollegen-zur-rente-pension-mutterschaft-verabschiedung-ruhestand-karte-von-breitenwerk\/#primaryimage"},"image":{"@id":"https:\/\/marktxxl.de\/markt\/produkt\/a4-xxl-abschiedskarte-goldfische-mit-umschlag-klappkarte-fuer-kollegen-zur-rente-pension-mutterschaft-verabschiedung-ruhestand-karte-von-breitenwerk\/#primaryimage"},"thumbnailUrl":"https:\/\/m.media-amazon.com\/images\/I\/51AdpHzigKL._SL500_.jpg","datePublished":"2021-09-26T12:00:07+00:00","dateModified":"2023-04-09T23:44:23+00:00","description":"Markt-XXL A4 XXL Abschiedskarte GOLDFISCHE mit Umschlag - Klappkarte f\u00fcr Kollegen zur Rente Pension Mutterschaft Verabschiedung\u2026","breadcrumb":{"@id":"https:\/\/marktxxl.de\/markt\/produkt\/a4-xxl-abschiedskarte-goldfische-mit-umschlag-klappkarte-fuer-kollegen-zur-rente-pension-mutterschaft-verabschiedung-ruhestand-karte-von-breitenwerk\/#breadcrumb"},"inLanguage":"de","potentialAction":[{"@type":"ReadAction","target":["https:\/\/marktxxl.de\/markt\/produkt\/a4-xxl-abschiedskarte-goldfische-mit-umschlag-klappkarte-fuer-kollegen-zur-rente-pension-mutterschaft-verabschiedung-ruhestand-karte-von-breitenwerk\/"]}]},{"@type":"ImageObject","inLanguage":"de","@id":"https:\/\/marktxxl.de\/markt\/produkt\/a4-xxl-abschiedskarte-goldfische-mit-umschlag-klappkarte-fuer-kollegen-zur-rente-pension-mutterschaft-verabschiedung-ruhestand-karte-von-breitenwerk\/#primaryimage","url":"https:\/\/m.media-amazon.com\/images\/I\/51AdpHzigKL._SL500_.jpg","contentUrl":"https:\/\/m.media-amazon.com\/images\/I\/51AdpHzigKL._SL500_.jpg","width":500,"height":500},{"@type":"BreadcrumbList","@id":"https:\/\/marktxxl.de\/markt\/produkt\/a4-xxl-abschiedskarte-goldfische-mit-umschlag-klappkarte-fuer-kollegen-zur-rente-pension-mutterschaft-verabschiedung-ruhestand-karte-von-breitenwerk\/#breadcrumb","itemListElement":[{"@type":"ListItem","position":1,"name":"Startseite","item":"https:\/\/marktxxl.de\/markt\/"},{"@type":"ListItem","position":2,"name":"Markt","item":"https:\/\/marktxxl.de\/markt\/"},{"@type":"ListItem","position":3,"name":"A4 XXL Abschiedskarte GOLDFISCHE mit Umschlag &#8211; Klappkarte f\u00fcr Kollegen zur Rente Pension Mutterschaft Verabschiedung\u2026"}]},{"@type":"WebSite","@id":"https:\/\/marktxxl.de\/markt\/#website","url":"https:\/\/marktxxl.de\/markt\/","name":"Markt-XXL","description":"Ihr Markt Online","publisher":{"@id":"https:\/\/marktxxl.de\/markt\/#organization"},"potentialAction":[{"@type":"SearchAction","target":{"@type":"EntryPoint","urlTemplate":"https:\/\/marktxxl.de\/markt\/?s={search_term_string}"},"query-input":{"@type":"PropertyValueSpecification","valueRequired":true,"valueName":"search_term_string"}}],"inLanguage":"de"},{"@type":"Organization","@id":"https:\/\/marktxxl.de\/markt\/#organization","name":"Markt-XXL","url":"https:\/\/marktxxl.de\/markt\/","logo":{"@type":"ImageObject","inLanguage":"de","@id":"https:\/\/marktxxl.de\/markt\/#\/schema\/logo\/image\/","url":"https:\/\/marktxxl.de\/markt\/wp-content\/uploads\/sites\/3\/2020\/12\/logo.png","contentUrl":"https:\/\/marktxxl.de\/markt\/wp-content\/uploads\/sites\/3\/2020\/12\/logo.png","width":200,"height":70,"caption":"Markt-XXL"},"image":{"@id":"https:\/\/marktxxl.de\/markt\/#\/schema\/logo\/image\/"}}]}},"_links":{"self":[{"href":"https:\/\/marktxxl.de\/markt\/wp-json\/wp\/v2\/product\/41703","targetHints":{"allow":["GET"]}}],"collection":[{"href":"https:\/\/marktxxl.de\/markt\/wp-json\/wp\/v2\/product"}],"about":[{"href":"https:\/\/marktxxl.de\/markt\/wp-json\/wp\/v2\/types\/product"}],"replies":[{"embeddable":true,"href":"https:\/\/marktxxl.de\/markt\/wp-json\/wp\/v2\/comments?post=41703"}],"wp:featuredmedia":[{"embeddable":true,"href":"https:\/\/marktxxl.de\/markt\/wp-json\/wp\/v2\/media\/41704"}],"wp:attachment":[{"href":"https:\/\/marktxxl.de\/markt\/wp-json\/wp\/v2\/media?parent=41703"}],"wp:term":[{"taxonomy":"product_brand","embeddable":true,"href":"https:\/\/marktxxl.de\/markt\/wp-json\/wp\/v2\/product_brand?post=41703"},{"taxonomy":"product_cat","embeddable":true,"href":"https:\/\/marktxxl.de\/markt\/wp-json\/wp\/v2\/product_cat?post=41703"},{"taxonomy":"product_tag","embeddable":true,"href":"https:\/\/marktxxl.de\/markt\/wp-json\/wp\/v2\/product_tag?post=41703"}],"curies":[{"name":"wp","href":"https:\/\/api.w.org\/{rel}","templated":true}]}}