{"id":41680,"date":"2021-09-26T14:00:05","date_gmt":"2021-09-26T12:00:05","guid":{"rendered":"https:\/\/marktxxl.de\/markt\/produkt\/sweetzer-orange-briefumschlaege-a4-selbstklebend-108-x-159-cm-kraftpapier-150-g-m%c2%b2-100-stueck-fuer-einladungen-und-hochzeiten\/"},"modified":"2023-04-10T01:44:22","modified_gmt":"2023-04-09T23:44:22","slug":"sweetzer-orange-briefumschlaege-a4-selbstklebend-108-x-159-cm-kraftpapier-150-g-m%c2%b2-100-stueck-fuer-einladungen-und-hochzeiten","status":"publish","type":"product","link":"https:\/\/marktxxl.de\/markt\/produkt\/sweetzer-orange-briefumschlaege-a4-selbstklebend-108-x-159-cm-kraftpapier-150-g-m%c2%b2-100-stueck-fuer-einladungen-und-hochzeiten\/","title":{"rendered":"Sweetzer &amp; Orange, Briefumschl\u00e4ge A4, selbstklebend, 10,8 x 15,9 cm, Kraftpapier, 150 g\/m\u00b2, 100 St\u00fcck, f\u00fcr Einladungen\u2026"},"content":{"rendered":"<p>Mehr Preis-Leistungs-Verh\u00e4ltnis: Jeder ist sich einig, ein Set von 100 braunen Umschl\u00e4gen mit 100 St\u00fcck zu einem tollen Preis-Leistungs-Verh\u00e4ltnis. Aber wenn sie eingeschwei\u00dft sind und im Laufe der Zeit zerf\u00e4llt und verloren gehen, nimmt dieser Wert offensichtlich ab. Aber nicht Sweetzer &amp; Orange 10 x 15 cm Umschl\u00e4ge. Diese dicken, selbstklebenden Einladungsumschl\u00e4ge werden in einer stabilen Box geliefert. Das \u201ePreis-Leistungs-Verh\u00e4ltnis\u201c von Ihnen erwartet ist jetzt der Wert, den Sie erhalten, bis zum allerletzten.<br \/>\nMa\u00dfgetreue Gr\u00f6\u00dfe: Wenn wir A4-Umschl\u00e4ge f\u00fcr Fotos und andere Dinge sagen, meinen wir es. In der Tat sind sie 10,8 x 15,9 cm. So passen Ihre 10 x 15 cm gro\u00dfen Fotos oder vorbestellten 10 x 15 cm gro\u00dfen Einladungskarten perfekt und haben Platz zum Ersatz. Und wie viel k\u00f6nnen Sie einkaufen? Nun, jeder A4-Umschlag passt problemlos bis zu 9 normale Fotos. Und sie sind f\u00fcr regelm\u00e4\u00dfigen Versand gemacht, wenn Sie sie nicht \u00fcberf\u00fcllen.<br \/>\nDicker als die meisten: Sie haben wahrscheinlich d\u00fcnnere 120 g\/m\u00b2 leere Briefumschl\u00e4ge gesehen. Oder die Kraft-Umschl\u00e4ge, die wie d\u00fcnne Papiert\u00fcten aussehen. Diese sind nicht diese. Weil Sie sie f\u00fcr besondere Karten, Dokumente, Fotos und Einladungen verwenden, werden Sie begeistert sein, dass sie matte und dicke Briefumschl\u00e4ge aus 140 g\/m\u00b2 Kraftpapier sind. Sie sind nicht blutend, so dass Kalligraphie-Stifte sie lieben und Sie k\u00f6nnen sie sogar in Ihren Drucker stecken.<br \/>\nEinfach abziehen und aufkleben. Niemand liebt Papierschnitte oder Kleber. Dies sind selbstklebende Umschl\u00e4ge. Der Vorteil liegt auf der Hand. Aber was Sie nicht sehen k\u00f6nnen, ist, wie verr\u00fcckt stark diese selbstklebenden Umschl\u00e4ge sind. W\u00e4hrend andere sich per Post \u00f6ffnen, bleiben Sweetzer &amp; Orange selbstklebende Umschl\u00e4ge f\u00fcr die ganze Reise geschlossen.<br \/>\nAus Recyclingpapier: Wenn Ihnen etwas so wichtig ist, dann ist dieses Set aus 100 braunen Umschl\u00e4gen (4 x 6 St\u00fcck) perfekt sinnvoll. F\u00fcr Hochzeits- oder Babyparty-Einladungen, Datum, Gru\u00dfkarten, Weihnachtskarten oder auch besondere Gesch\u00e4ftsumschl\u00e4ge. Sie k\u00f6nnen sich wohl f\u00fchlen, wenn Sie wissen, wer es erhalten, dass Sie Ihre Liebe zum Detail bemerken wird. Probieren Sie sie jetzt aus, risikofrei mit unserer 12-monatigen Garantie.<br \/>\n<div class=\"main-cross-sell\" data-asin=\"B07VBPZJV8\">\n\n\t<div class=\"WooZone-cross-sell-loader\">\n\t\t<div>\n\t\t\t<div id=\"floatingBarsG\">\n\t\t\t\t<div class=\"blockG\" id=\"rotateG_01\"><\/div>\n\t\t\t\t<div class=\"blockG\" id=\"rotateG_02\"><\/div>\n\t\t\t\t<div class=\"blockG\" id=\"rotateG_03\"><\/div>\n\t\t\t\t<div class=\"blockG\" id=\"rotateG_04\"><\/div>\n\t\t\t\t<div class=\"blockG\" id=\"rotateG_05\"><\/div>\n\t\t\t\t<div class=\"blockG\" id=\"rotateG_06\"><\/div>\n\t\t\t\t<div class=\"blockG\" id=\"rotateG_07\"><\/div>\n\t\t\t\t<div class=\"blockG\" id=\"rotateG_08\"><\/div>\n\t\t\t<\/div>\n\t\t\t<div class=\"WooZone-cross-sell-loader-text\"><\/div>\n\t\t<\/div>\n\t<\/div>\n\n\t\t\n<\/div>\n<div style=\"clear:both;\"><\/div><\/p>\n","protected":false},"excerpt":{"rendered":"<p>Mehr Preis-Leistungs-Verh\u00e4ltnis: Jeder ist sich einig, ein Set von 100 braunen Umschl\u00e4gen mit 100 St\u00fcck zu einem tollen Preis-Leistungs-Verh\u00e4ltnis. Aber wenn sie eingeschwei\u00dft sind und im Laufe der Zeit zerf\u00e4llt und verloren gehen, nimmt dieser Wert offensichtlich ab. Aber nicht Sweetzer &amp; Orange 10 x 15 cm Umschl\u00e4ge. Diese dicken, selbstklebenden Einladungsumschl\u00e4ge werden in einer stabilen Box geliefert. Das \u201ePreis-Leistungs-Verh\u00e4ltnis\u201c von Ihnen erwartet ist jetzt der Wert, den Sie erhalten, bis zum allerletzten.<br \/>\nMa\u00dfgetreue Gr\u00f6\u00dfe: Wenn wir A4-Umschl\u00e4ge f\u00fcr Fotos und andere Dinge sagen, meinen wir es. In der Tat sind sie 10,8 x 15,9 cm. So passen Ihre 10 x 15 cm gro\u00dfen Fotos oder vorbestellten 10 x 15 cm gro\u00dfen Einladungskarten perfekt und haben Platz zum Ersatz. Und wie viel k\u00f6nnen Sie einkaufen? Nun, jeder A4-Umschlag passt problemlos bis zu 9 normale Fotos. Und sie sind f\u00fcr regelm\u00e4\u00dfigen Versand gemacht, wenn Sie sie nicht \u00fcberf\u00fcllen.<br \/>\nDicker als die meisten: Sie haben wahrscheinlich d\u00fcnnere 120 g\/m\u00b2 leere Briefumschl\u00e4ge gesehen. Oder die Kraft-Umschl\u00e4ge, die wie d\u00fcnne Papiert\u00fcten aussehen. Diese sind nicht diese. Weil Sie sie f\u00fcr besondere Karten, Dokumente, Fotos und Einladungen verwenden, werden Sie begeistert sein, dass sie matte und dicke Briefumschl\u00e4ge aus 140 g\/m\u00b2 Kraftpapier sind. Sie sind nicht blutend, so dass Kalligraphie-Stifte sie lieben und Sie k\u00f6nnen sie sogar in Ihren Drucker stecken.<\/p>\n","protected":false},"featured_media":41681,"comment_status":"open","ping_status":"closed","template":"","meta":[],"product_brand":[],"product_cat":[504,8527],"product_tag":[],"class_list":{"0":"post-41680","1":"product","2":"type-product","3":"status-publish","4":"has-post-thumbnail","6":"product_cat-buerobedarf-schreibwaren","7":"product_cat-papierprodukte","8":"pa_binding-buerobedarf-schreibwaren","9":"pa_brand-sweetzer-orange","10":"pa_color-kraftbraun","11":"pa_manufacturer-sweetzer-orange","12":"pa_size-set-of-100","14":"first","15":"instock","16":"shipping-taxable","17":"purchasable","18":"product-type-simple","19":"customify-col","20":"product-has-gallery"},"yoast_head":"<!-- This site is optimized with the Yoast SEO plugin v27.3 - https:\/\/yoast.com\/product\/yoast-seo-wordpress\/ -->\n<title>Sweetzer &amp; Orange, Briefumschl\u00e4ge A4, selbstklebend, 10,8 x 15,9 cm, Kraftpapier, 150 g\/m\u00b2, 100 St\u00fcck, f\u00fcr Einladungen\u2026 - Markt-XXL<\/title>\n<meta name=\"description\" content=\"Markt-XXL Sweetzer &amp; Orange, Briefumschl\u00e4ge A4, selbstklebend, 10,8 x 15,9 cm, Kraftpapier, 150 g\/m\u00b2, 100 St\u00fcck, f\u00fcr Einladungen\u2026\" \/>\n<meta name=\"robots\" content=\"index, follow, max-snippet:-1, max-image-preview:large, max-video-preview:-1\" \/>\n<link rel=\"canonical\" href=\"https:\/\/marktxxl.de\/markt\/produkt\/sweetzer-orange-briefumschlaege-a4-selbstklebend-108-x-159-cm-kraftpapier-150-g-m\u00b2-100-stueck-fuer-einladungen-und-hochzeiten\/\" \/>\n<meta property=\"og:locale\" content=\"de_DE\" \/>\n<meta property=\"og:type\" content=\"article\" \/>\n<meta property=\"og:title\" content=\"Sweetzer &amp; Orange, Briefumschl\u00e4ge A4, selbstklebend, 10,8 x 15,9 cm, Kraftpapier, 150 g\/m\u00b2, 100 St\u00fcck, f\u00fcr Einladungen\u2026 - Markt-XXL\" \/>\n<meta property=\"og:description\" content=\"Markt-XXL Sweetzer &amp; Orange, Briefumschl\u00e4ge A4, selbstklebend, 10,8 x 15,9 cm, Kraftpapier, 150 g\/m\u00b2, 100 St\u00fcck, f\u00fcr Einladungen\u2026\" \/>\n<meta property=\"og:url\" content=\"https:\/\/marktxxl.de\/markt\/produkt\/sweetzer-orange-briefumschlaege-a4-selbstklebend-108-x-159-cm-kraftpapier-150-g-m\u00b2-100-stueck-fuer-einladungen-und-hochzeiten\/\" \/>\n<meta property=\"og:site_name\" content=\"Markt-XXL\" \/>\n<meta property=\"article:modified_time\" content=\"2023-04-09T23:44:22+00:00\" \/>\n<meta property=\"og:image\" content=\"https:\/\/m.media-amazon.com\/images\/I\/41MYCbA34nL._SL500_.jpg\" \/>\n\t<meta property=\"og:image:width\" content=\"500\" \/>\n\t<meta property=\"og:image:height\" content=\"500\" \/>\n\t<meta property=\"og:image:type\" content=\"image\/jpeg\" \/>\n<meta name=\"twitter:card\" content=\"summary_large_image\" \/>\n<meta name=\"twitter:label1\" content=\"Gesch\u00e4tzte Lesezeit\" \/>\n\t<meta name=\"twitter:data1\" content=\"2\u00a0Minuten\" \/>\n<script type=\"application\/ld+json\" class=\"yoast-schema-graph\">{\"@context\":\"https:\\\/\\\/schema.org\",\"@graph\":[{\"@type\":\"WebPage\",\"@id\":\"https:\\\/\\\/marktxxl.de\\\/markt\\\/produkt\\\/sweetzer-orange-briefumschlaege-a4-selbstklebend-108-x-159-cm-kraftpapier-150-g-m%c2%b2-100-stueck-fuer-einladungen-und-hochzeiten\\\/\",\"url\":\"https:\\\/\\\/marktxxl.de\\\/markt\\\/produkt\\\/sweetzer-orange-briefumschlaege-a4-selbstklebend-108-x-159-cm-kraftpapier-150-g-m%c2%b2-100-stueck-fuer-einladungen-und-hochzeiten\\\/\",\"name\":\"Sweetzer &amp; Orange, Briefumschl\u00e4ge A4, selbstklebend, 10,8 x 15,9 cm, Kraftpapier, 150 g\\\/m\u00b2, 100 St\u00fcck, f\u00fcr Einladungen\u2026 - Markt-XXL\",\"isPartOf\":{\"@id\":\"https:\\\/\\\/marktxxl.de\\\/markt\\\/#website\"},\"primaryImageOfPage\":{\"@id\":\"https:\\\/\\\/marktxxl.de\\\/markt\\\/produkt\\\/sweetzer-orange-briefumschlaege-a4-selbstklebend-108-x-159-cm-kraftpapier-150-g-m%c2%b2-100-stueck-fuer-einladungen-und-hochzeiten\\\/#primaryimage\"},\"image\":{\"@id\":\"https:\\\/\\\/marktxxl.de\\\/markt\\\/produkt\\\/sweetzer-orange-briefumschlaege-a4-selbstklebend-108-x-159-cm-kraftpapier-150-g-m%c2%b2-100-stueck-fuer-einladungen-und-hochzeiten\\\/#primaryimage\"},\"thumbnailUrl\":\"https:\\\/\\\/m.media-amazon.com\\\/images\\\/I\\\/41MYCbA34nL._SL500_.jpg\",\"datePublished\":\"2021-09-26T12:00:05+00:00\",\"dateModified\":\"2023-04-09T23:44:22+00:00\",\"description\":\"Markt-XXL Sweetzer &amp; Orange, Briefumschl\u00e4ge A4, selbstklebend, 10,8 x 15,9 cm, Kraftpapier, 150 g\\\/m\u00b2, 100 St\u00fcck, f\u00fcr Einladungen\u2026\",\"breadcrumb\":{\"@id\":\"https:\\\/\\\/marktxxl.de\\\/markt\\\/produkt\\\/sweetzer-orange-briefumschlaege-a4-selbstklebend-108-x-159-cm-kraftpapier-150-g-m%c2%b2-100-stueck-fuer-einladungen-und-hochzeiten\\\/#breadcrumb\"},\"inLanguage\":\"de\",\"potentialAction\":[{\"@type\":\"ReadAction\",\"target\":[\"https:\\\/\\\/marktxxl.de\\\/markt\\\/produkt\\\/sweetzer-orange-briefumschlaege-a4-selbstklebend-108-x-159-cm-kraftpapier-150-g-m%c2%b2-100-stueck-fuer-einladungen-und-hochzeiten\\\/\"]}]},{\"@type\":\"ImageObject\",\"inLanguage\":\"de\",\"@id\":\"https:\\\/\\\/marktxxl.de\\\/markt\\\/produkt\\\/sweetzer-orange-briefumschlaege-a4-selbstklebend-108-x-159-cm-kraftpapier-150-g-m%c2%b2-100-stueck-fuer-einladungen-und-hochzeiten\\\/#primaryimage\",\"url\":\"https:\\\/\\\/m.media-amazon.com\\\/images\\\/I\\\/41MYCbA34nL._SL500_.jpg\",\"contentUrl\":\"https:\\\/\\\/m.media-amazon.com\\\/images\\\/I\\\/41MYCbA34nL._SL500_.jpg\",\"width\":500,\"height\":500},{\"@type\":\"BreadcrumbList\",\"@id\":\"https:\\\/\\\/marktxxl.de\\\/markt\\\/produkt\\\/sweetzer-orange-briefumschlaege-a4-selbstklebend-108-x-159-cm-kraftpapier-150-g-m%c2%b2-100-stueck-fuer-einladungen-und-hochzeiten\\\/#breadcrumb\",\"itemListElement\":[{\"@type\":\"ListItem\",\"position\":1,\"name\":\"Startseite\",\"item\":\"https:\\\/\\\/marktxxl.de\\\/markt\\\/\"},{\"@type\":\"ListItem\",\"position\":2,\"name\":\"Markt\",\"item\":\"https:\\\/\\\/marktxxl.de\\\/markt\\\/\"},{\"@type\":\"ListItem\",\"position\":3,\"name\":\"Sweetzer &amp; Orange, Briefumschl\u00e4ge A4, selbstklebend, 10,8 x 15,9 cm, Kraftpapier, 150 g\\\/m\u00b2, 100 St\u00fcck, f\u00fcr Einladungen\u2026\"}]},{\"@type\":\"WebSite\",\"@id\":\"https:\\\/\\\/marktxxl.de\\\/markt\\\/#website\",\"url\":\"https:\\\/\\\/marktxxl.de\\\/markt\\\/\",\"name\":\"Markt-XXL\",\"description\":\"Ihr Markt Online\",\"publisher\":{\"@id\":\"https:\\\/\\\/marktxxl.de\\\/markt\\\/#organization\"},\"potentialAction\":[{\"@type\":\"SearchAction\",\"target\":{\"@type\":\"EntryPoint\",\"urlTemplate\":\"https:\\\/\\\/marktxxl.de\\\/markt\\\/?s={search_term_string}\"},\"query-input\":{\"@type\":\"PropertyValueSpecification\",\"valueRequired\":true,\"valueName\":\"search_term_string\"}}],\"inLanguage\":\"de\"},{\"@type\":\"Organization\",\"@id\":\"https:\\\/\\\/marktxxl.de\\\/markt\\\/#organization\",\"name\":\"Markt-XXL\",\"url\":\"https:\\\/\\\/marktxxl.de\\\/markt\\\/\",\"logo\":{\"@type\":\"ImageObject\",\"inLanguage\":\"de\",\"@id\":\"https:\\\/\\\/marktxxl.de\\\/markt\\\/#\\\/schema\\\/logo\\\/image\\\/\",\"url\":\"https:\\\/\\\/marktxxl.de\\\/markt\\\/wp-content\\\/uploads\\\/sites\\\/3\\\/2020\\\/12\\\/logo.png\",\"contentUrl\":\"https:\\\/\\\/marktxxl.de\\\/markt\\\/wp-content\\\/uploads\\\/sites\\\/3\\\/2020\\\/12\\\/logo.png\",\"width\":200,\"height\":70,\"caption\":\"Markt-XXL\"},\"image\":{\"@id\":\"https:\\\/\\\/marktxxl.de\\\/markt\\\/#\\\/schema\\\/logo\\\/image\\\/\"}}]}<\/script>\n<!-- \/ Yoast SEO plugin. -->","yoast_head_json":{"title":"Sweetzer &amp; Orange, Briefumschl\u00e4ge A4, selbstklebend, 10,8 x 15,9 cm, Kraftpapier, 150 g\/m\u00b2, 100 St\u00fcck, f\u00fcr Einladungen\u2026 - Markt-XXL","description":"Markt-XXL Sweetzer &amp; Orange, Briefumschl\u00e4ge A4, selbstklebend, 10,8 x 15,9 cm, Kraftpapier, 150 g\/m\u00b2, 100 St\u00fcck, f\u00fcr Einladungen\u2026","robots":{"index":"index","follow":"follow","max-snippet":"max-snippet:-1","max-image-preview":"max-image-preview:large","max-video-preview":"max-video-preview:-1"},"canonical":"https:\/\/marktxxl.de\/markt\/produkt\/sweetzer-orange-briefumschlaege-a4-selbstklebend-108-x-159-cm-kraftpapier-150-g-m\u00b2-100-stueck-fuer-einladungen-und-hochzeiten\/","og_locale":"de_DE","og_type":"article","og_title":"Sweetzer &amp; Orange, Briefumschl\u00e4ge A4, selbstklebend, 10,8 x 15,9 cm, Kraftpapier, 150 g\/m\u00b2, 100 St\u00fcck, f\u00fcr Einladungen\u2026 - Markt-XXL","og_description":"Markt-XXL Sweetzer &amp; Orange, Briefumschl\u00e4ge A4, selbstklebend, 10,8 x 15,9 cm, Kraftpapier, 150 g\/m\u00b2, 100 St\u00fcck, f\u00fcr Einladungen\u2026","og_url":"https:\/\/marktxxl.de\/markt\/produkt\/sweetzer-orange-briefumschlaege-a4-selbstklebend-108-x-159-cm-kraftpapier-150-g-m\u00b2-100-stueck-fuer-einladungen-und-hochzeiten\/","og_site_name":"Markt-XXL","article_modified_time":"2023-04-09T23:44:22+00:00","og_image":[{"width":500,"height":500,"url":"https:\/\/m.media-amazon.com\/images\/I\/41MYCbA34nL._SL500_.jpg","type":"image\/jpeg"}],"twitter_card":"summary_large_image","twitter_misc":{"Gesch\u00e4tzte Lesezeit":"2\u00a0Minuten"},"schema":{"@context":"https:\/\/schema.org","@graph":[{"@type":"WebPage","@id":"https:\/\/marktxxl.de\/markt\/produkt\/sweetzer-orange-briefumschlaege-a4-selbstklebend-108-x-159-cm-kraftpapier-150-g-m%c2%b2-100-stueck-fuer-einladungen-und-hochzeiten\/","url":"https:\/\/marktxxl.de\/markt\/produkt\/sweetzer-orange-briefumschlaege-a4-selbstklebend-108-x-159-cm-kraftpapier-150-g-m%c2%b2-100-stueck-fuer-einladungen-und-hochzeiten\/","name":"Sweetzer &amp; Orange, Briefumschl\u00e4ge A4, selbstklebend, 10,8 x 15,9 cm, Kraftpapier, 150 g\/m\u00b2, 100 St\u00fcck, f\u00fcr Einladungen\u2026 - Markt-XXL","isPartOf":{"@id":"https:\/\/marktxxl.de\/markt\/#website"},"primaryImageOfPage":{"@id":"https:\/\/marktxxl.de\/markt\/produkt\/sweetzer-orange-briefumschlaege-a4-selbstklebend-108-x-159-cm-kraftpapier-150-g-m%c2%b2-100-stueck-fuer-einladungen-und-hochzeiten\/#primaryimage"},"image":{"@id":"https:\/\/marktxxl.de\/markt\/produkt\/sweetzer-orange-briefumschlaege-a4-selbstklebend-108-x-159-cm-kraftpapier-150-g-m%c2%b2-100-stueck-fuer-einladungen-und-hochzeiten\/#primaryimage"},"thumbnailUrl":"https:\/\/m.media-amazon.com\/images\/I\/41MYCbA34nL._SL500_.jpg","datePublished":"2021-09-26T12:00:05+00:00","dateModified":"2023-04-09T23:44:22+00:00","description":"Markt-XXL Sweetzer &amp; Orange, Briefumschl\u00e4ge A4, selbstklebend, 10,8 x 15,9 cm, Kraftpapier, 150 g\/m\u00b2, 100 St\u00fcck, f\u00fcr Einladungen\u2026","breadcrumb":{"@id":"https:\/\/marktxxl.de\/markt\/produkt\/sweetzer-orange-briefumschlaege-a4-selbstklebend-108-x-159-cm-kraftpapier-150-g-m%c2%b2-100-stueck-fuer-einladungen-und-hochzeiten\/#breadcrumb"},"inLanguage":"de","potentialAction":[{"@type":"ReadAction","target":["https:\/\/marktxxl.de\/markt\/produkt\/sweetzer-orange-briefumschlaege-a4-selbstklebend-108-x-159-cm-kraftpapier-150-g-m%c2%b2-100-stueck-fuer-einladungen-und-hochzeiten\/"]}]},{"@type":"ImageObject","inLanguage":"de","@id":"https:\/\/marktxxl.de\/markt\/produkt\/sweetzer-orange-briefumschlaege-a4-selbstklebend-108-x-159-cm-kraftpapier-150-g-m%c2%b2-100-stueck-fuer-einladungen-und-hochzeiten\/#primaryimage","url":"https:\/\/m.media-amazon.com\/images\/I\/41MYCbA34nL._SL500_.jpg","contentUrl":"https:\/\/m.media-amazon.com\/images\/I\/41MYCbA34nL._SL500_.jpg","width":500,"height":500},{"@type":"BreadcrumbList","@id":"https:\/\/marktxxl.de\/markt\/produkt\/sweetzer-orange-briefumschlaege-a4-selbstklebend-108-x-159-cm-kraftpapier-150-g-m%c2%b2-100-stueck-fuer-einladungen-und-hochzeiten\/#breadcrumb","itemListElement":[{"@type":"ListItem","position":1,"name":"Startseite","item":"https:\/\/marktxxl.de\/markt\/"},{"@type":"ListItem","position":2,"name":"Markt","item":"https:\/\/marktxxl.de\/markt\/"},{"@type":"ListItem","position":3,"name":"Sweetzer &amp; Orange, Briefumschl\u00e4ge A4, selbstklebend, 10,8 x 15,9 cm, Kraftpapier, 150 g\/m\u00b2, 100 St\u00fcck, f\u00fcr Einladungen\u2026"}]},{"@type":"WebSite","@id":"https:\/\/marktxxl.de\/markt\/#website","url":"https:\/\/marktxxl.de\/markt\/","name":"Markt-XXL","description":"Ihr Markt Online","publisher":{"@id":"https:\/\/marktxxl.de\/markt\/#organization"},"potentialAction":[{"@type":"SearchAction","target":{"@type":"EntryPoint","urlTemplate":"https:\/\/marktxxl.de\/markt\/?s={search_term_string}"},"query-input":{"@type":"PropertyValueSpecification","valueRequired":true,"valueName":"search_term_string"}}],"inLanguage":"de"},{"@type":"Organization","@id":"https:\/\/marktxxl.de\/markt\/#organization","name":"Markt-XXL","url":"https:\/\/marktxxl.de\/markt\/","logo":{"@type":"ImageObject","inLanguage":"de","@id":"https:\/\/marktxxl.de\/markt\/#\/schema\/logo\/image\/","url":"https:\/\/marktxxl.de\/markt\/wp-content\/uploads\/sites\/3\/2020\/12\/logo.png","contentUrl":"https:\/\/marktxxl.de\/markt\/wp-content\/uploads\/sites\/3\/2020\/12\/logo.png","width":200,"height":70,"caption":"Markt-XXL"},"image":{"@id":"https:\/\/marktxxl.de\/markt\/#\/schema\/logo\/image\/"}}]}},"_links":{"self":[{"href":"https:\/\/marktxxl.de\/markt\/wp-json\/wp\/v2\/product\/41680","targetHints":{"allow":["GET"]}}],"collection":[{"href":"https:\/\/marktxxl.de\/markt\/wp-json\/wp\/v2\/product"}],"about":[{"href":"https:\/\/marktxxl.de\/markt\/wp-json\/wp\/v2\/types\/product"}],"replies":[{"embeddable":true,"href":"https:\/\/marktxxl.de\/markt\/wp-json\/wp\/v2\/comments?post=41680"}],"wp:featuredmedia":[{"embeddable":true,"href":"https:\/\/marktxxl.de\/markt\/wp-json\/wp\/v2\/media\/41681"}],"wp:attachment":[{"href":"https:\/\/marktxxl.de\/markt\/wp-json\/wp\/v2\/media?parent=41680"}],"wp:term":[{"taxonomy":"product_brand","embeddable":true,"href":"https:\/\/marktxxl.de\/markt\/wp-json\/wp\/v2\/product_brand?post=41680"},{"taxonomy":"product_cat","embeddable":true,"href":"https:\/\/marktxxl.de\/markt\/wp-json\/wp\/v2\/product_cat?post=41680"},{"taxonomy":"product_tag","embeddable":true,"href":"https:\/\/marktxxl.de\/markt\/wp-json\/wp\/v2\/product_tag?post=41680"}],"curies":[{"name":"wp","href":"https:\/\/api.w.org\/{rel}","templated":true}]}}