{"id":41631,"date":"2021-09-26T13:59:46","date_gmt":"2021-09-26T11:59:46","guid":{"rendered":"https:\/\/marktxxl.de\/markt\/produkt\/apple-lightning-auf-usb-kabel-1-m\/"},"modified":"2023-04-10T01:44:21","modified_gmt":"2023-04-09T23:44:21","slug":"apple-lightning-auf-usb-kabel-1-m","status":"publish","type":"product","link":"https:\/\/marktxxl.de\/markt\/produkt\/apple-lightning-auf-usb-kabel-1-m\/","title":{"rendered":"Apple Lightning auf USB Kabel (1\u00a0m)"},"content":{"rendered":"<p>Dieses USB 2.0 Kabel verbindet dein iPhone, iPad oder deinen iPod mit Lightning Anschluss zum Synchronisieren und Laden mit dem USB Anschluss deines Computers. Oder du kannst es an den Apple USB Power Adapter anschlie\u00dfen, f\u00fcr einfaches Laden \u00fcber eine Steckdose.<br \/>\nKompatibilit\u00e4t iPhone: iPhone 5 &#8211; iPhone 12<br \/>\nKompatibilit\u00e4t iPad: 12,9&#8243; iPad Pro (1. und 2. Generation), 10,5&#8243; iPad Pro, 9,7&#8243; iPad Pro, iPad (5., 6. und 7. Generation), iPad Air (3. Generation), iPad Air 2, iPad Air (1. Generation), iPad mini (5. Generation), iPad mini 4, iPad mini 3, iPad mini 2, iPad mini (1. Generation)<br \/>\nKompatibilit\u00e4t MacBook: MacBook Air (13&#8243;, Anfang 2015\u20132017), MacBook Air (11&#8243;, Anfang 2015), MacBook Pro (Retina, 13&#8243;, Ende 2012\u20132015), MacBook Pro (Retina, 15&#8243;, Mitte 2012\u20132015)<br \/>\nKompatibilit\u00e4t iMac: iMac (Retina 5K, 27&#8243;, 2020), iMac (Retina 4K, 21,5&#8243;, 2019), iMac (Retina 5K, 27&#8243;, 2019), iMac (Retina 4K, 21,5&#8243;, 2017), iMac (Retina 5K, 27&#8243;, 2017), iMac (Retina 4K, 21,5&#8243;, Ende 2015), iMac (Retina 5K, 27&#8243;, Ende 2014\u20132015)<br \/>\nKompatibilit\u00e4t iMac Pro: iMac Pro (2017 und neuer), Mac Pro (2019), Mac Pro (Ende 2013)<br \/>\nKompatibilit\u00e4t Mac mini: Mac mini (M1, 2020), Mac mini (2018 und neuer), Mac mini (Ende 2014)<br \/>\nKompatibilit\u00e4t iPod: iPod touch (5., 6. und 7. Generation), iPod nano (7. Generation)<br \/>\nKompatibilit\u00e4t AirPods: AirPods Max, AirPods Pro, AirPods mit kabellosem Ladecase (2. Generation), AirPods mit Ladecase (2. Generation), AirPods (1. Generation), Kabelloses Ladecase f\u00fcr AirPods<br \/>\n<div class=\"main-cross-sell\" data-asin=\"B081FWVSG8\">\n\n\t<div class=\"WooZone-cross-sell-loader\">\n\t\t<div>\n\t\t\t<div id=\"floatingBarsG\">\n\t\t\t\t<div class=\"blockG\" id=\"rotateG_01\"><\/div>\n\t\t\t\t<div class=\"blockG\" id=\"rotateG_02\"><\/div>\n\t\t\t\t<div class=\"blockG\" id=\"rotateG_03\"><\/div>\n\t\t\t\t<div class=\"blockG\" id=\"rotateG_04\"><\/div>\n\t\t\t\t<div class=\"blockG\" id=\"rotateG_05\"><\/div>\n\t\t\t\t<div class=\"blockG\" id=\"rotateG_06\"><\/div>\n\t\t\t\t<div class=\"blockG\" id=\"rotateG_07\"><\/div>\n\t\t\t\t<div class=\"blockG\" id=\"rotateG_08\"><\/div>\n\t\t\t<\/div>\n\t\t\t<div class=\"WooZone-cross-sell-loader-text\"><\/div>\n\t\t<\/div>\n\t<\/div>\n\n\t\t\n<\/div>\n<div style=\"clear:both;\"><\/div><\/p>\n","protected":false},"excerpt":{"rendered":"<p>Dieses USB 2.0 Kabel verbindet dein iPhone, iPad oder deinen iPod mit Lightning Anschluss zum Synchronisieren und Laden mit dem USB Anschluss deines Computers. Oder du kannst es an den Apple USB Power Adapter anschlie\u00dfen, f\u00fcr einfaches Laden \u00fcber eine Steckdose.<br \/>\nKompatibilit\u00e4t iPhone: iPhone 5 &#8211; iPhone 12<br \/>\nKompatibilit\u00e4t iPad: 12,9&#8243; iPad Pro (1. und 2. Generation), 10,5&#8243; iPad Pro, 9,7&#8243; iPad Pro, iPad (5., 6. und 7. Generation), iPad Air (3. Generation), iPad Air 2, iPad Air (1. Generation), iPad mini (5. Generation), iPad mini 4, iPad mini 3, iPad mini 2, iPad mini (1. Generation)<\/p>\n","protected":false},"featured_media":41632,"comment_status":"open","ping_status":"closed","template":"","meta":[],"product_brand":[],"product_cat":[863],"product_tag":[],"class_list":{"0":"post-41631","1":"product","2":"type-product","3":"status-publish","4":"has-post-thumbnail","6":"product_cat-computer-zubehoer","7":"pa_binding-misc","8":"pa_brand-apple","9":"pa_color-weiss","10":"pa_height-0-699999999286-zoll","11":"pa_languages-originalsprache-englisch-originalsprache-englisch-originalsprache-englisch-originalsprache-englisch-originalsprache-englisch","12":"pa_length-3-099999996838-zoll","13":"pa_manufacturer-apple-computer","14":"pa_model-mxly2zm-a","15":"pa_size-one-size","16":"pa_warranty-auf-ein-1-jahr-beschraenkte-apple-garantie","17":"pa_weight-0-0771617917-pfund","18":"pa_width-2-599999997348-zoll","20":"first","21":"instock","22":"shipping-taxable","23":"purchasable","24":"product-type-simple","25":"customify-col","26":"product-has-gallery"},"yoast_head":"<!-- This site is optimized with the Yoast SEO plugin v27.3 - https:\/\/yoast.com\/product\/yoast-seo-wordpress\/ -->\n<title>Apple Lightning auf USB Kabel (1\u00a0m) - Markt-XXL<\/title>\n<meta name=\"description\" content=\"Markt-XXL Apple Lightning auf USB Kabel (1\u00a0m)\" \/>\n<meta name=\"robots\" content=\"index, follow, max-snippet:-1, max-image-preview:large, max-video-preview:-1\" \/>\n<link rel=\"canonical\" href=\"https:\/\/marktxxl.de\/markt\/produkt\/apple-lightning-auf-usb-kabel-1-m\/\" \/>\n<meta property=\"og:locale\" content=\"de_DE\" \/>\n<meta property=\"og:type\" content=\"article\" \/>\n<meta property=\"og:title\" content=\"Apple Lightning auf USB Kabel (1\u00a0m) - Markt-XXL\" \/>\n<meta property=\"og:description\" content=\"Markt-XXL Apple Lightning auf USB Kabel (1\u00a0m)\" \/>\n<meta property=\"og:url\" content=\"https:\/\/marktxxl.de\/markt\/produkt\/apple-lightning-auf-usb-kabel-1-m\/\" \/>\n<meta property=\"og:site_name\" content=\"Markt-XXL\" \/>\n<meta property=\"article:modified_time\" content=\"2023-04-09T23:44:21+00:00\" \/>\n<meta property=\"og:image\" content=\"https:\/\/m.media-amazon.com\/images\/I\/31WUTr5oiVL._SL500_.jpg\" \/>\n\t<meta property=\"og:image:width\" content=\"500\" \/>\n\t<meta property=\"og:image:height\" content=\"383\" \/>\n\t<meta property=\"og:image:type\" content=\"image\/jpeg\" \/>\n<meta name=\"twitter:card\" content=\"summary_large_image\" \/>\n<meta name=\"twitter:label1\" content=\"Gesch\u00e4tzte Lesezeit\" \/>\n\t<meta name=\"twitter:data1\" content=\"1\u00a0Minute\" \/>\n<script type=\"application\/ld+json\" class=\"yoast-schema-graph\">{\"@context\":\"https:\\\/\\\/schema.org\",\"@graph\":[{\"@type\":\"WebPage\",\"@id\":\"https:\\\/\\\/marktxxl.de\\\/markt\\\/produkt\\\/apple-lightning-auf-usb-kabel-1-m\\\/\",\"url\":\"https:\\\/\\\/marktxxl.de\\\/markt\\\/produkt\\\/apple-lightning-auf-usb-kabel-1-m\\\/\",\"name\":\"Apple Lightning auf USB Kabel (1\u00a0m) - Markt-XXL\",\"isPartOf\":{\"@id\":\"https:\\\/\\\/marktxxl.de\\\/markt\\\/#website\"},\"primaryImageOfPage\":{\"@id\":\"https:\\\/\\\/marktxxl.de\\\/markt\\\/produkt\\\/apple-lightning-auf-usb-kabel-1-m\\\/#primaryimage\"},\"image\":{\"@id\":\"https:\\\/\\\/marktxxl.de\\\/markt\\\/produkt\\\/apple-lightning-auf-usb-kabel-1-m\\\/#primaryimage\"},\"thumbnailUrl\":\"https:\\\/\\\/m.media-amazon.com\\\/images\\\/I\\\/31WUTr5oiVL._SL500_.jpg\",\"datePublished\":\"2021-09-26T11:59:46+00:00\",\"dateModified\":\"2023-04-09T23:44:21+00:00\",\"description\":\"Markt-XXL Apple Lightning auf USB Kabel (1\u00a0m)\",\"breadcrumb\":{\"@id\":\"https:\\\/\\\/marktxxl.de\\\/markt\\\/produkt\\\/apple-lightning-auf-usb-kabel-1-m\\\/#breadcrumb\"},\"inLanguage\":\"de\",\"potentialAction\":[{\"@type\":\"ReadAction\",\"target\":[\"https:\\\/\\\/marktxxl.de\\\/markt\\\/produkt\\\/apple-lightning-auf-usb-kabel-1-m\\\/\"]}]},{\"@type\":\"ImageObject\",\"inLanguage\":\"de\",\"@id\":\"https:\\\/\\\/marktxxl.de\\\/markt\\\/produkt\\\/apple-lightning-auf-usb-kabel-1-m\\\/#primaryimage\",\"url\":\"https:\\\/\\\/m.media-amazon.com\\\/images\\\/I\\\/31WUTr5oiVL._SL500_.jpg\",\"contentUrl\":\"https:\\\/\\\/m.media-amazon.com\\\/images\\\/I\\\/31WUTr5oiVL._SL500_.jpg\",\"width\":500,\"height\":383},{\"@type\":\"BreadcrumbList\",\"@id\":\"https:\\\/\\\/marktxxl.de\\\/markt\\\/produkt\\\/apple-lightning-auf-usb-kabel-1-m\\\/#breadcrumb\",\"itemListElement\":[{\"@type\":\"ListItem\",\"position\":1,\"name\":\"Startseite\",\"item\":\"https:\\\/\\\/marktxxl.de\\\/markt\\\/\"},{\"@type\":\"ListItem\",\"position\":2,\"name\":\"Markt\",\"item\":\"https:\\\/\\\/marktxxl.de\\\/markt\\\/\"},{\"@type\":\"ListItem\",\"position\":3,\"name\":\"Apple Lightning auf USB Kabel (1\u00a0m)\"}]},{\"@type\":\"WebSite\",\"@id\":\"https:\\\/\\\/marktxxl.de\\\/markt\\\/#website\",\"url\":\"https:\\\/\\\/marktxxl.de\\\/markt\\\/\",\"name\":\"Markt-XXL\",\"description\":\"Ihr Markt Online\",\"publisher\":{\"@id\":\"https:\\\/\\\/marktxxl.de\\\/markt\\\/#organization\"},\"potentialAction\":[{\"@type\":\"SearchAction\",\"target\":{\"@type\":\"EntryPoint\",\"urlTemplate\":\"https:\\\/\\\/marktxxl.de\\\/markt\\\/?s={search_term_string}\"},\"query-input\":{\"@type\":\"PropertyValueSpecification\",\"valueRequired\":true,\"valueName\":\"search_term_string\"}}],\"inLanguage\":\"de\"},{\"@type\":\"Organization\",\"@id\":\"https:\\\/\\\/marktxxl.de\\\/markt\\\/#organization\",\"name\":\"Markt-XXL\",\"url\":\"https:\\\/\\\/marktxxl.de\\\/markt\\\/\",\"logo\":{\"@type\":\"ImageObject\",\"inLanguage\":\"de\",\"@id\":\"https:\\\/\\\/marktxxl.de\\\/markt\\\/#\\\/schema\\\/logo\\\/image\\\/\",\"url\":\"https:\\\/\\\/marktxxl.de\\\/markt\\\/wp-content\\\/uploads\\\/sites\\\/3\\\/2020\\\/12\\\/logo.png\",\"contentUrl\":\"https:\\\/\\\/marktxxl.de\\\/markt\\\/wp-content\\\/uploads\\\/sites\\\/3\\\/2020\\\/12\\\/logo.png\",\"width\":200,\"height\":70,\"caption\":\"Markt-XXL\"},\"image\":{\"@id\":\"https:\\\/\\\/marktxxl.de\\\/markt\\\/#\\\/schema\\\/logo\\\/image\\\/\"}}]}<\/script>\n<!-- \/ Yoast SEO plugin. -->","yoast_head_json":{"title":"Apple Lightning auf USB Kabel (1\u00a0m) - Markt-XXL","description":"Markt-XXL Apple Lightning auf USB Kabel (1\u00a0m)","robots":{"index":"index","follow":"follow","max-snippet":"max-snippet:-1","max-image-preview":"max-image-preview:large","max-video-preview":"max-video-preview:-1"},"canonical":"https:\/\/marktxxl.de\/markt\/produkt\/apple-lightning-auf-usb-kabel-1-m\/","og_locale":"de_DE","og_type":"article","og_title":"Apple Lightning auf USB Kabel (1\u00a0m) - Markt-XXL","og_description":"Markt-XXL Apple Lightning auf USB Kabel (1\u00a0m)","og_url":"https:\/\/marktxxl.de\/markt\/produkt\/apple-lightning-auf-usb-kabel-1-m\/","og_site_name":"Markt-XXL","article_modified_time":"2023-04-09T23:44:21+00:00","og_image":[{"width":500,"height":383,"url":"https:\/\/m.media-amazon.com\/images\/I\/31WUTr5oiVL._SL500_.jpg","type":"image\/jpeg"}],"twitter_card":"summary_large_image","twitter_misc":{"Gesch\u00e4tzte Lesezeit":"1\u00a0Minute"},"schema":{"@context":"https:\/\/schema.org","@graph":[{"@type":"WebPage","@id":"https:\/\/marktxxl.de\/markt\/produkt\/apple-lightning-auf-usb-kabel-1-m\/","url":"https:\/\/marktxxl.de\/markt\/produkt\/apple-lightning-auf-usb-kabel-1-m\/","name":"Apple Lightning auf USB Kabel (1\u00a0m) - Markt-XXL","isPartOf":{"@id":"https:\/\/marktxxl.de\/markt\/#website"},"primaryImageOfPage":{"@id":"https:\/\/marktxxl.de\/markt\/produkt\/apple-lightning-auf-usb-kabel-1-m\/#primaryimage"},"image":{"@id":"https:\/\/marktxxl.de\/markt\/produkt\/apple-lightning-auf-usb-kabel-1-m\/#primaryimage"},"thumbnailUrl":"https:\/\/m.media-amazon.com\/images\/I\/31WUTr5oiVL._SL500_.jpg","datePublished":"2021-09-26T11:59:46+00:00","dateModified":"2023-04-09T23:44:21+00:00","description":"Markt-XXL Apple Lightning auf USB Kabel (1\u00a0m)","breadcrumb":{"@id":"https:\/\/marktxxl.de\/markt\/produkt\/apple-lightning-auf-usb-kabel-1-m\/#breadcrumb"},"inLanguage":"de","potentialAction":[{"@type":"ReadAction","target":["https:\/\/marktxxl.de\/markt\/produkt\/apple-lightning-auf-usb-kabel-1-m\/"]}]},{"@type":"ImageObject","inLanguage":"de","@id":"https:\/\/marktxxl.de\/markt\/produkt\/apple-lightning-auf-usb-kabel-1-m\/#primaryimage","url":"https:\/\/m.media-amazon.com\/images\/I\/31WUTr5oiVL._SL500_.jpg","contentUrl":"https:\/\/m.media-amazon.com\/images\/I\/31WUTr5oiVL._SL500_.jpg","width":500,"height":383},{"@type":"BreadcrumbList","@id":"https:\/\/marktxxl.de\/markt\/produkt\/apple-lightning-auf-usb-kabel-1-m\/#breadcrumb","itemListElement":[{"@type":"ListItem","position":1,"name":"Startseite","item":"https:\/\/marktxxl.de\/markt\/"},{"@type":"ListItem","position":2,"name":"Markt","item":"https:\/\/marktxxl.de\/markt\/"},{"@type":"ListItem","position":3,"name":"Apple Lightning auf USB Kabel (1\u00a0m)"}]},{"@type":"WebSite","@id":"https:\/\/marktxxl.de\/markt\/#website","url":"https:\/\/marktxxl.de\/markt\/","name":"Markt-XXL","description":"Ihr Markt Online","publisher":{"@id":"https:\/\/marktxxl.de\/markt\/#organization"},"potentialAction":[{"@type":"SearchAction","target":{"@type":"EntryPoint","urlTemplate":"https:\/\/marktxxl.de\/markt\/?s={search_term_string}"},"query-input":{"@type":"PropertyValueSpecification","valueRequired":true,"valueName":"search_term_string"}}],"inLanguage":"de"},{"@type":"Organization","@id":"https:\/\/marktxxl.de\/markt\/#organization","name":"Markt-XXL","url":"https:\/\/marktxxl.de\/markt\/","logo":{"@type":"ImageObject","inLanguage":"de","@id":"https:\/\/marktxxl.de\/markt\/#\/schema\/logo\/image\/","url":"https:\/\/marktxxl.de\/markt\/wp-content\/uploads\/sites\/3\/2020\/12\/logo.png","contentUrl":"https:\/\/marktxxl.de\/markt\/wp-content\/uploads\/sites\/3\/2020\/12\/logo.png","width":200,"height":70,"caption":"Markt-XXL"},"image":{"@id":"https:\/\/marktxxl.de\/markt\/#\/schema\/logo\/image\/"}}]}},"_links":{"self":[{"href":"https:\/\/marktxxl.de\/markt\/wp-json\/wp\/v2\/product\/41631","targetHints":{"allow":["GET"]}}],"collection":[{"href":"https:\/\/marktxxl.de\/markt\/wp-json\/wp\/v2\/product"}],"about":[{"href":"https:\/\/marktxxl.de\/markt\/wp-json\/wp\/v2\/types\/product"}],"replies":[{"embeddable":true,"href":"https:\/\/marktxxl.de\/markt\/wp-json\/wp\/v2\/comments?post=41631"}],"wp:featuredmedia":[{"embeddable":true,"href":"https:\/\/marktxxl.de\/markt\/wp-json\/wp\/v2\/media\/41632"}],"wp:attachment":[{"href":"https:\/\/marktxxl.de\/markt\/wp-json\/wp\/v2\/media?parent=41631"}],"wp:term":[{"taxonomy":"product_brand","embeddable":true,"href":"https:\/\/marktxxl.de\/markt\/wp-json\/wp\/v2\/product_brand?post=41631"},{"taxonomy":"product_cat","embeddable":true,"href":"https:\/\/marktxxl.de\/markt\/wp-json\/wp\/v2\/product_cat?post=41631"},{"taxonomy":"product_tag","embeddable":true,"href":"https:\/\/marktxxl.de\/markt\/wp-json\/wp\/v2\/product_tag?post=41631"}],"curies":[{"name":"wp","href":"https:\/\/api.w.org\/{rel}","templated":true}]}}