{"id":41554,"date":"2021-09-26T13:59:33","date_gmt":"2021-09-26T11:59:33","guid":{"rendered":"https:\/\/marktxxl.de\/markt\/produkt\/procase-huelle-fuer-ipad-mini-6th-generation-8-3-zoll-2021-modell-a2567-a2568-a2569-dreifach-falt-klapp-schutzhuelle-case-ultra-duenn-leicht-staender-schale-smart-cover-schwarz\/"},"modified":"2023-04-10T01:44:18","modified_gmt":"2023-04-09T23:44:18","slug":"procase-huelle-fuer-ipad-mini-6th-generation-8-3-zoll-2021-modell-a2567-a2568-a2569-dreifach-falt-klapp-schutzhuelle-case-ultra-duenn-leicht-staender-schale-smart-cover-schwarz","status":"publish","type":"product","link":"https:\/\/marktxxl.de\/markt\/produkt\/procase-huelle-fuer-ipad-mini-6th-generation-8-3-zoll-2021-modell-a2567-a2568-a2569-dreifach-falt-klapp-schutzhuelle-case-ultra-duenn-leicht-staender-schale-smart-cover-schwarz\/","title":{"rendered":"ProCase H\u00fclle f\u00fcr iPad Mini 6th Generation 8.3 Zoll 2021 (Modell: A2567 \/A2568 \/A2569), Dreifach Falt Klapp Schutzh\u00fclle\u2026"},"content":{"rendered":"<p>H\u00fclle NUR f\u00fcr iPad Mini 6th Generation 8.3 Zoll 2021 Release (Modellnummer: A2567 \/A2568 \/A2569). Funktioniert nicht f\u00fcr andere Modelle.Bitte best\u00e4tigen Sie die Modellnummer auf der R\u00fcckseite Ihres iPad vor dem Kauf<br \/>\nDie leichte, harte R\u00fcckseite sorgt f\u00fcr minimales Volumen und bietet Ihrem Ger\u00e4t gleichzeitig einen hervorragenden Schutz vor versehentlichem Herunterfallen und St\u00f6\u00dfen<br \/>\nDie einzigartige geb\u00fcrstete Textur auf der Vorder- und R\u00fcckseite sch\u00fctzt Ihr Ger\u00e4t auch vor Fingerabdr\u00fccken und Kratzern<br \/>\nUnterst\u00fctzt die Lade- und Befestigungsfunktion des Apple Pencil der 2. Generation; Unterst\u00fctzt die automatische Sleep\/Wake-Funktion (HINWEIS: Unterst\u00fctzt in diesem Fall NICHT Smart Keyboard)<br \/>\nKlassisches und professionelles Design; Magnet sichert den Kofferverschluss; Voller Zugriff auf alle Funktionen (Kameras, Lautsprecher, Anschl\u00fcsse und Tasten)<br \/>\n<div class=\"main-cross-sell\" data-asin=\"B09CTQZNL9\">\n\n\t<div class=\"WooZone-cross-sell-loader\">\n\t\t<div>\n\t\t\t<div id=\"floatingBarsG\">\n\t\t\t\t<div class=\"blockG\" id=\"rotateG_01\"><\/div>\n\t\t\t\t<div class=\"blockG\" id=\"rotateG_02\"><\/div>\n\t\t\t\t<div class=\"blockG\" id=\"rotateG_03\"><\/div>\n\t\t\t\t<div class=\"blockG\" id=\"rotateG_04\"><\/div>\n\t\t\t\t<div class=\"blockG\" id=\"rotateG_05\"><\/div>\n\t\t\t\t<div class=\"blockG\" id=\"rotateG_06\"><\/div>\n\t\t\t\t<div class=\"blockG\" id=\"rotateG_07\"><\/div>\n\t\t\t\t<div class=\"blockG\" id=\"rotateG_08\"><\/div>\n\t\t\t<\/div>\n\t\t\t<div class=\"WooZone-cross-sell-loader-text\"><\/div>\n\t\t<\/div>\n\t<\/div>\n\n\t\t\n<\/div>\n<div style=\"clear:both;\"><\/div><\/p>\n","protected":false},"excerpt":{"rendered":"<p>H\u00fclle NUR f\u00fcr iPad Mini 6th Generation 8.3 Zoll 2021 Release (Modellnummer: A2567 \/A2568 \/A2569). Funktioniert nicht f\u00fcr andere Modelle.Bitte best\u00e4tigen Sie die Modellnummer auf der R\u00fcckseite Ihres iPad vor dem Kauf<br \/>\nDie leichte, harte R\u00fcckseite sorgt f\u00fcr minimales Volumen und bietet Ihrem Ger\u00e4t gleichzeitig einen hervorragenden Schutz vor versehentlichem Herunterfallen und St\u00f6\u00dfen<br \/>\nDie einzigartige geb\u00fcrstete Textur auf der Vorder- und R\u00fcckseite sch\u00fctzt Ihr Ger\u00e4t auch vor Fingerabdr\u00fccken und Kratzern<\/p>\n","protected":false},"featured_media":41555,"comment_status":"open","ping_status":"closed","template":"","meta":[],"product_brand":[],"product_cat":[863],"product_tag":[],"class_list":{"0":"post-41554","1":"product","2":"type-product","3":"status-publish","4":"has-post-thumbnail","6":"product_cat-computer-zubehoer","7":"pa_binding-elektronik","8":"pa_brand-procase","9":"pa_color-schwarz","10":"pa_height-0-25-zoll","11":"pa_length-7-69-zoll","12":"pa_manufacturer-procase","13":"pa_model-ipad-mini-6th-2021-8-3","14":"pa_size-ipad-mini-6th-generation-2021","15":"pa_warranty-manufacturer-warranty","16":"pa_weight-0-293125-pfund","17":"pa_width-5-3-zoll","19":"first","20":"instock","21":"shipping-taxable","22":"purchasable","23":"product-type-simple","24":"customify-col","25":"product-has-gallery"},"yoast_head":"<!-- This site is optimized with the Yoast SEO plugin v27.3 - https:\/\/yoast.com\/product\/yoast-seo-wordpress\/ -->\n<title>ProCase H\u00fclle f\u00fcr iPad Mini 6th Generation 8.3 Zoll 2021 (Modell: A2567 \/A2568 \/A2569), Dreifach Falt Klapp Schutzh\u00fclle\u2026 - Markt-XXL<\/title>\n<meta name=\"description\" content=\"Markt-XXL ProCase H\u00fclle f\u00fcr iPad Mini 6th Generation 8.3 Zoll 2021 (Modell: A2567 \/A2568 \/A2569), Dreifach Falt Klapp Schutzh\u00fclle\u2026\" \/>\n<meta name=\"robots\" content=\"index, follow, max-snippet:-1, max-image-preview:large, max-video-preview:-1\" \/>\n<link rel=\"canonical\" href=\"https:\/\/marktxxl.de\/markt\/produkt\/procase-huelle-fuer-ipad-mini-6th-generation-8-3-zoll-2021-modell-a2567-a2568-a2569-dreifach-falt-klapp-schutzhuelle-case-ultra-duenn-leicht-staender-schale-smart-cover-schwarz\/\" \/>\n<meta property=\"og:locale\" content=\"de_DE\" \/>\n<meta property=\"og:type\" content=\"article\" \/>\n<meta property=\"og:title\" content=\"ProCase H\u00fclle f\u00fcr iPad Mini 6th Generation 8.3 Zoll 2021 (Modell: A2567 \/A2568 \/A2569), Dreifach Falt Klapp Schutzh\u00fclle\u2026 - Markt-XXL\" \/>\n<meta property=\"og:description\" content=\"Markt-XXL ProCase H\u00fclle f\u00fcr iPad Mini 6th Generation 8.3 Zoll 2021 (Modell: A2567 \/A2568 \/A2569), Dreifach Falt Klapp Schutzh\u00fclle\u2026\" \/>\n<meta property=\"og:url\" content=\"https:\/\/marktxxl.de\/markt\/produkt\/procase-huelle-fuer-ipad-mini-6th-generation-8-3-zoll-2021-modell-a2567-a2568-a2569-dreifach-falt-klapp-schutzhuelle-case-ultra-duenn-leicht-staender-schale-smart-cover-schwarz\/\" \/>\n<meta property=\"og:site_name\" content=\"Markt-XXL\" \/>\n<meta property=\"article:modified_time\" content=\"2023-04-09T23:44:18+00:00\" \/>\n<meta property=\"og:image\" content=\"https:\/\/m.media-amazon.com\/images\/I\/410eHAGZYxL._SL500_.jpg\" \/>\n\t<meta property=\"og:image:width\" content=\"500\" \/>\n\t<meta property=\"og:image:height\" content=\"500\" \/>\n\t<meta property=\"og:image:type\" content=\"image\/jpeg\" \/>\n<meta name=\"twitter:card\" content=\"summary_large_image\" \/>\n<meta name=\"twitter:label1\" content=\"Gesch\u00e4tzte Lesezeit\" \/>\n\t<meta name=\"twitter:data1\" content=\"1\u00a0Minute\" \/>\n<script type=\"application\/ld+json\" class=\"yoast-schema-graph\">{\"@context\":\"https:\\\/\\\/schema.org\",\"@graph\":[{\"@type\":\"WebPage\",\"@id\":\"https:\\\/\\\/marktxxl.de\\\/markt\\\/produkt\\\/procase-huelle-fuer-ipad-mini-6th-generation-8-3-zoll-2021-modell-a2567-a2568-a2569-dreifach-falt-klapp-schutzhuelle-case-ultra-duenn-leicht-staender-schale-smart-cover-schwarz\\\/\",\"url\":\"https:\\\/\\\/marktxxl.de\\\/markt\\\/produkt\\\/procase-huelle-fuer-ipad-mini-6th-generation-8-3-zoll-2021-modell-a2567-a2568-a2569-dreifach-falt-klapp-schutzhuelle-case-ultra-duenn-leicht-staender-schale-smart-cover-schwarz\\\/\",\"name\":\"ProCase H\u00fclle f\u00fcr iPad Mini 6th Generation 8.3 Zoll 2021 (Modell: A2567 \\\/A2568 \\\/A2569), Dreifach Falt Klapp Schutzh\u00fclle\u2026 - Markt-XXL\",\"isPartOf\":{\"@id\":\"https:\\\/\\\/marktxxl.de\\\/markt\\\/#website\"},\"primaryImageOfPage\":{\"@id\":\"https:\\\/\\\/marktxxl.de\\\/markt\\\/produkt\\\/procase-huelle-fuer-ipad-mini-6th-generation-8-3-zoll-2021-modell-a2567-a2568-a2569-dreifach-falt-klapp-schutzhuelle-case-ultra-duenn-leicht-staender-schale-smart-cover-schwarz\\\/#primaryimage\"},\"image\":{\"@id\":\"https:\\\/\\\/marktxxl.de\\\/markt\\\/produkt\\\/procase-huelle-fuer-ipad-mini-6th-generation-8-3-zoll-2021-modell-a2567-a2568-a2569-dreifach-falt-klapp-schutzhuelle-case-ultra-duenn-leicht-staender-schale-smart-cover-schwarz\\\/#primaryimage\"},\"thumbnailUrl\":\"https:\\\/\\\/m.media-amazon.com\\\/images\\\/I\\\/410eHAGZYxL._SL500_.jpg\",\"datePublished\":\"2021-09-26T11:59:33+00:00\",\"dateModified\":\"2023-04-09T23:44:18+00:00\",\"description\":\"Markt-XXL ProCase H\u00fclle f\u00fcr iPad Mini 6th Generation 8.3 Zoll 2021 (Modell: A2567 \\\/A2568 \\\/A2569), Dreifach Falt Klapp Schutzh\u00fclle\u2026\",\"breadcrumb\":{\"@id\":\"https:\\\/\\\/marktxxl.de\\\/markt\\\/produkt\\\/procase-huelle-fuer-ipad-mini-6th-generation-8-3-zoll-2021-modell-a2567-a2568-a2569-dreifach-falt-klapp-schutzhuelle-case-ultra-duenn-leicht-staender-schale-smart-cover-schwarz\\\/#breadcrumb\"},\"inLanguage\":\"de\",\"potentialAction\":[{\"@type\":\"ReadAction\",\"target\":[\"https:\\\/\\\/marktxxl.de\\\/markt\\\/produkt\\\/procase-huelle-fuer-ipad-mini-6th-generation-8-3-zoll-2021-modell-a2567-a2568-a2569-dreifach-falt-klapp-schutzhuelle-case-ultra-duenn-leicht-staender-schale-smart-cover-schwarz\\\/\"]}]},{\"@type\":\"ImageObject\",\"inLanguage\":\"de\",\"@id\":\"https:\\\/\\\/marktxxl.de\\\/markt\\\/produkt\\\/procase-huelle-fuer-ipad-mini-6th-generation-8-3-zoll-2021-modell-a2567-a2568-a2569-dreifach-falt-klapp-schutzhuelle-case-ultra-duenn-leicht-staender-schale-smart-cover-schwarz\\\/#primaryimage\",\"url\":\"https:\\\/\\\/m.media-amazon.com\\\/images\\\/I\\\/410eHAGZYxL._SL500_.jpg\",\"contentUrl\":\"https:\\\/\\\/m.media-amazon.com\\\/images\\\/I\\\/410eHAGZYxL._SL500_.jpg\",\"width\":500,\"height\":500},{\"@type\":\"BreadcrumbList\",\"@id\":\"https:\\\/\\\/marktxxl.de\\\/markt\\\/produkt\\\/procase-huelle-fuer-ipad-mini-6th-generation-8-3-zoll-2021-modell-a2567-a2568-a2569-dreifach-falt-klapp-schutzhuelle-case-ultra-duenn-leicht-staender-schale-smart-cover-schwarz\\\/#breadcrumb\",\"itemListElement\":[{\"@type\":\"ListItem\",\"position\":1,\"name\":\"Startseite\",\"item\":\"https:\\\/\\\/marktxxl.de\\\/markt\\\/\"},{\"@type\":\"ListItem\",\"position\":2,\"name\":\"Markt\",\"item\":\"https:\\\/\\\/marktxxl.de\\\/markt\\\/\"},{\"@type\":\"ListItem\",\"position\":3,\"name\":\"ProCase H\u00fclle f\u00fcr iPad Mini 6th Generation 8.3 Zoll 2021 (Modell: A2567 \\\/A2568 \\\/A2569), Dreifach Falt Klapp Schutzh\u00fclle\u2026\"}]},{\"@type\":\"WebSite\",\"@id\":\"https:\\\/\\\/marktxxl.de\\\/markt\\\/#website\",\"url\":\"https:\\\/\\\/marktxxl.de\\\/markt\\\/\",\"name\":\"Markt-XXL\",\"description\":\"Ihr Markt Online\",\"publisher\":{\"@id\":\"https:\\\/\\\/marktxxl.de\\\/markt\\\/#organization\"},\"potentialAction\":[{\"@type\":\"SearchAction\",\"target\":{\"@type\":\"EntryPoint\",\"urlTemplate\":\"https:\\\/\\\/marktxxl.de\\\/markt\\\/?s={search_term_string}\"},\"query-input\":{\"@type\":\"PropertyValueSpecification\",\"valueRequired\":true,\"valueName\":\"search_term_string\"}}],\"inLanguage\":\"de\"},{\"@type\":\"Organization\",\"@id\":\"https:\\\/\\\/marktxxl.de\\\/markt\\\/#organization\",\"name\":\"Markt-XXL\",\"url\":\"https:\\\/\\\/marktxxl.de\\\/markt\\\/\",\"logo\":{\"@type\":\"ImageObject\",\"inLanguage\":\"de\",\"@id\":\"https:\\\/\\\/marktxxl.de\\\/markt\\\/#\\\/schema\\\/logo\\\/image\\\/\",\"url\":\"https:\\\/\\\/marktxxl.de\\\/markt\\\/wp-content\\\/uploads\\\/sites\\\/3\\\/2020\\\/12\\\/logo.png\",\"contentUrl\":\"https:\\\/\\\/marktxxl.de\\\/markt\\\/wp-content\\\/uploads\\\/sites\\\/3\\\/2020\\\/12\\\/logo.png\",\"width\":200,\"height\":70,\"caption\":\"Markt-XXL\"},\"image\":{\"@id\":\"https:\\\/\\\/marktxxl.de\\\/markt\\\/#\\\/schema\\\/logo\\\/image\\\/\"}}]}<\/script>\n<!-- \/ Yoast SEO plugin. -->","yoast_head_json":{"title":"ProCase H\u00fclle f\u00fcr iPad Mini 6th Generation 8.3 Zoll 2021 (Modell: A2567 \/A2568 \/A2569), Dreifach Falt Klapp Schutzh\u00fclle\u2026 - Markt-XXL","description":"Markt-XXL ProCase H\u00fclle f\u00fcr iPad Mini 6th Generation 8.3 Zoll 2021 (Modell: A2567 \/A2568 \/A2569), Dreifach Falt Klapp Schutzh\u00fclle\u2026","robots":{"index":"index","follow":"follow","max-snippet":"max-snippet:-1","max-image-preview":"max-image-preview:large","max-video-preview":"max-video-preview:-1"},"canonical":"https:\/\/marktxxl.de\/markt\/produkt\/procase-huelle-fuer-ipad-mini-6th-generation-8-3-zoll-2021-modell-a2567-a2568-a2569-dreifach-falt-klapp-schutzhuelle-case-ultra-duenn-leicht-staender-schale-smart-cover-schwarz\/","og_locale":"de_DE","og_type":"article","og_title":"ProCase H\u00fclle f\u00fcr iPad Mini 6th Generation 8.3 Zoll 2021 (Modell: A2567 \/A2568 \/A2569), Dreifach Falt Klapp Schutzh\u00fclle\u2026 - Markt-XXL","og_description":"Markt-XXL ProCase H\u00fclle f\u00fcr iPad Mini 6th Generation 8.3 Zoll 2021 (Modell: A2567 \/A2568 \/A2569), Dreifach Falt Klapp Schutzh\u00fclle\u2026","og_url":"https:\/\/marktxxl.de\/markt\/produkt\/procase-huelle-fuer-ipad-mini-6th-generation-8-3-zoll-2021-modell-a2567-a2568-a2569-dreifach-falt-klapp-schutzhuelle-case-ultra-duenn-leicht-staender-schale-smart-cover-schwarz\/","og_site_name":"Markt-XXL","article_modified_time":"2023-04-09T23:44:18+00:00","og_image":[{"width":500,"height":500,"url":"https:\/\/m.media-amazon.com\/images\/I\/410eHAGZYxL._SL500_.jpg","type":"image\/jpeg"}],"twitter_card":"summary_large_image","twitter_misc":{"Gesch\u00e4tzte Lesezeit":"1\u00a0Minute"},"schema":{"@context":"https:\/\/schema.org","@graph":[{"@type":"WebPage","@id":"https:\/\/marktxxl.de\/markt\/produkt\/procase-huelle-fuer-ipad-mini-6th-generation-8-3-zoll-2021-modell-a2567-a2568-a2569-dreifach-falt-klapp-schutzhuelle-case-ultra-duenn-leicht-staender-schale-smart-cover-schwarz\/","url":"https:\/\/marktxxl.de\/markt\/produkt\/procase-huelle-fuer-ipad-mini-6th-generation-8-3-zoll-2021-modell-a2567-a2568-a2569-dreifach-falt-klapp-schutzhuelle-case-ultra-duenn-leicht-staender-schale-smart-cover-schwarz\/","name":"ProCase H\u00fclle f\u00fcr iPad Mini 6th Generation 8.3 Zoll 2021 (Modell: A2567 \/A2568 \/A2569), Dreifach Falt Klapp Schutzh\u00fclle\u2026 - Markt-XXL","isPartOf":{"@id":"https:\/\/marktxxl.de\/markt\/#website"},"primaryImageOfPage":{"@id":"https:\/\/marktxxl.de\/markt\/produkt\/procase-huelle-fuer-ipad-mini-6th-generation-8-3-zoll-2021-modell-a2567-a2568-a2569-dreifach-falt-klapp-schutzhuelle-case-ultra-duenn-leicht-staender-schale-smart-cover-schwarz\/#primaryimage"},"image":{"@id":"https:\/\/marktxxl.de\/markt\/produkt\/procase-huelle-fuer-ipad-mini-6th-generation-8-3-zoll-2021-modell-a2567-a2568-a2569-dreifach-falt-klapp-schutzhuelle-case-ultra-duenn-leicht-staender-schale-smart-cover-schwarz\/#primaryimage"},"thumbnailUrl":"https:\/\/m.media-amazon.com\/images\/I\/410eHAGZYxL._SL500_.jpg","datePublished":"2021-09-26T11:59:33+00:00","dateModified":"2023-04-09T23:44:18+00:00","description":"Markt-XXL ProCase H\u00fclle f\u00fcr iPad Mini 6th Generation 8.3 Zoll 2021 (Modell: A2567 \/A2568 \/A2569), Dreifach Falt Klapp Schutzh\u00fclle\u2026","breadcrumb":{"@id":"https:\/\/marktxxl.de\/markt\/produkt\/procase-huelle-fuer-ipad-mini-6th-generation-8-3-zoll-2021-modell-a2567-a2568-a2569-dreifach-falt-klapp-schutzhuelle-case-ultra-duenn-leicht-staender-schale-smart-cover-schwarz\/#breadcrumb"},"inLanguage":"de","potentialAction":[{"@type":"ReadAction","target":["https:\/\/marktxxl.de\/markt\/produkt\/procase-huelle-fuer-ipad-mini-6th-generation-8-3-zoll-2021-modell-a2567-a2568-a2569-dreifach-falt-klapp-schutzhuelle-case-ultra-duenn-leicht-staender-schale-smart-cover-schwarz\/"]}]},{"@type":"ImageObject","inLanguage":"de","@id":"https:\/\/marktxxl.de\/markt\/produkt\/procase-huelle-fuer-ipad-mini-6th-generation-8-3-zoll-2021-modell-a2567-a2568-a2569-dreifach-falt-klapp-schutzhuelle-case-ultra-duenn-leicht-staender-schale-smart-cover-schwarz\/#primaryimage","url":"https:\/\/m.media-amazon.com\/images\/I\/410eHAGZYxL._SL500_.jpg","contentUrl":"https:\/\/m.media-amazon.com\/images\/I\/410eHAGZYxL._SL500_.jpg","width":500,"height":500},{"@type":"BreadcrumbList","@id":"https:\/\/marktxxl.de\/markt\/produkt\/procase-huelle-fuer-ipad-mini-6th-generation-8-3-zoll-2021-modell-a2567-a2568-a2569-dreifach-falt-klapp-schutzhuelle-case-ultra-duenn-leicht-staender-schale-smart-cover-schwarz\/#breadcrumb","itemListElement":[{"@type":"ListItem","position":1,"name":"Startseite","item":"https:\/\/marktxxl.de\/markt\/"},{"@type":"ListItem","position":2,"name":"Markt","item":"https:\/\/marktxxl.de\/markt\/"},{"@type":"ListItem","position":3,"name":"ProCase H\u00fclle f\u00fcr iPad Mini 6th Generation 8.3 Zoll 2021 (Modell: A2567 \/A2568 \/A2569), Dreifach Falt Klapp Schutzh\u00fclle\u2026"}]},{"@type":"WebSite","@id":"https:\/\/marktxxl.de\/markt\/#website","url":"https:\/\/marktxxl.de\/markt\/","name":"Markt-XXL","description":"Ihr Markt Online","publisher":{"@id":"https:\/\/marktxxl.de\/markt\/#organization"},"potentialAction":[{"@type":"SearchAction","target":{"@type":"EntryPoint","urlTemplate":"https:\/\/marktxxl.de\/markt\/?s={search_term_string}"},"query-input":{"@type":"PropertyValueSpecification","valueRequired":true,"valueName":"search_term_string"}}],"inLanguage":"de"},{"@type":"Organization","@id":"https:\/\/marktxxl.de\/markt\/#organization","name":"Markt-XXL","url":"https:\/\/marktxxl.de\/markt\/","logo":{"@type":"ImageObject","inLanguage":"de","@id":"https:\/\/marktxxl.de\/markt\/#\/schema\/logo\/image\/","url":"https:\/\/marktxxl.de\/markt\/wp-content\/uploads\/sites\/3\/2020\/12\/logo.png","contentUrl":"https:\/\/marktxxl.de\/markt\/wp-content\/uploads\/sites\/3\/2020\/12\/logo.png","width":200,"height":70,"caption":"Markt-XXL"},"image":{"@id":"https:\/\/marktxxl.de\/markt\/#\/schema\/logo\/image\/"}}]}},"_links":{"self":[{"href":"https:\/\/marktxxl.de\/markt\/wp-json\/wp\/v2\/product\/41554","targetHints":{"allow":["GET"]}}],"collection":[{"href":"https:\/\/marktxxl.de\/markt\/wp-json\/wp\/v2\/product"}],"about":[{"href":"https:\/\/marktxxl.de\/markt\/wp-json\/wp\/v2\/types\/product"}],"replies":[{"embeddable":true,"href":"https:\/\/marktxxl.de\/markt\/wp-json\/wp\/v2\/comments?post=41554"}],"wp:featuredmedia":[{"embeddable":true,"href":"https:\/\/marktxxl.de\/markt\/wp-json\/wp\/v2\/media\/41555"}],"wp:attachment":[{"href":"https:\/\/marktxxl.de\/markt\/wp-json\/wp\/v2\/media?parent=41554"}],"wp:term":[{"taxonomy":"product_brand","embeddable":true,"href":"https:\/\/marktxxl.de\/markt\/wp-json\/wp\/v2\/product_brand?post=41554"},{"taxonomy":"product_cat","embeddable":true,"href":"https:\/\/marktxxl.de\/markt\/wp-json\/wp\/v2\/product_cat?post=41554"},{"taxonomy":"product_tag","embeddable":true,"href":"https:\/\/marktxxl.de\/markt\/wp-json\/wp\/v2\/product_tag?post=41554"}],"curies":[{"name":"wp","href":"https:\/\/api.w.org\/{rel}","templated":true}]}}