{"id":41518,"date":"2021-09-26T13:59:28","date_gmt":"2021-09-26T11:59:28","guid":{"rendered":"https:\/\/marktxxl.de\/markt\/produkt\/glubee-usb-a-auf-3-5mm-klinke-aux-adapter-usb-kopfhoerer-und-mikrofon-adapter-headset-aux-auf-usb-adapter-trrs-stereo-usb-externe-soundkarte-fuer-ps4-headset-ctia-omtp-standard-laptop-pc\/"},"modified":"2023-04-10T01:44:18","modified_gmt":"2023-04-09T23:44:18","slug":"glubee-usb-a-auf-3-5mm-klinke-aux-adapter-usb-kopfhoerer-und-mikrofon-adapter-headset-aux-auf-usb-adapter-trrs-stereo-usb-externe-soundkarte-fuer-ps4-headset-ctia-omtp-standard-laptop-pc","status":"publish","type":"product","link":"https:\/\/marktxxl.de\/markt\/produkt\/glubee-usb-a-auf-3-5mm-klinke-aux-adapter-usb-kopfhoerer-und-mikrofon-adapter-headset-aux-auf-usb-adapter-trrs-stereo-usb-externe-soundkarte-fuer-ps4-headset-ctia-omtp-standard-laptop-pc\/","title":{"rendered":"GLUBEE USB A auf 3.5mm Klinke Aux Adapter, USB Kopfh\u00f6rer und Mikrofon Adapter, Headset Aux auf USB Adapter, TRRS Stereo\u2026"},"content":{"rendered":"<p>Intelligenter DAC-Chip: Liefert ein besseres H\u00f6rerlebnis mit Rauschunterdr\u00fcckungsfunktion. Der integrierte Realtek ALC KT200-Chip kann bei Aufnahme und Wiedergabe eine Abtastrate von bis zu 24 Bit \/ 96 kHz verarbeiten. Unterst\u00fctzt Digital Hi-Res Audio<br \/>\nHi-Fi Sound effekt: Umwandlung digitaler Audiosignale in analoges Audio Signale genauer und Gew\u00e4hrleistung rauscharm und hohe Interferenz Unterdr\u00fcckung.\u2764(Bitte beachten Sie, Arbeiten Sie nicht mit einem Headset mit separatem 3,5-mm-Audioanschluss f\u00fcr Kopfh\u00f6rer und Mikrofon).<br \/>\nPlug and Play: Keine Treiber oder Apps erforderlich, einfach Plug and Play. Ausgestattet mit Aluminium geh\u00e4use und 14.8CM Nylon Flecht jacke, GLUBEE usb soundkarte aux zu usb klinke adapter ist au\u00dferdem langlebiger und \u00fcberall leicht zu transportieren.<br \/>\nBreite Kompatibilit\u00e4t: Passt f\u00fcr Android\/iOS\/ Windows 10\/8.1\/8\/7\/Vista\/XP, oder h\u00f6her, Linux, Google Chromebook,\u2764 (3,5-mm-Anschluss und USB-Anschluss sind \u00fcblich, erweitern Sie die neue Audioschnittstelle \u00fcber USB, schlie\u00dfen Sie Kopfh\u00f6rer\/Audio\/Mikrofon an)<br \/>\n100% Zufriedenheitsgarantie: Sie erhalten einen externen GLUBEE USB-Stereo-Soundadapter und GLUBEE 12 Monate Garantie\u2709 Arbeiten Sie nicht mit TS- oder TRS-Mikrofonen<br \/>\n<div class=\"main-cross-sell\" data-asin=\"B09D7K98XM\">\n\n\t<div class=\"WooZone-cross-sell-loader\">\n\t\t<div>\n\t\t\t<div id=\"floatingBarsG\">\n\t\t\t\t<div class=\"blockG\" id=\"rotateG_01\"><\/div>\n\t\t\t\t<div class=\"blockG\" id=\"rotateG_02\"><\/div>\n\t\t\t\t<div class=\"blockG\" id=\"rotateG_03\"><\/div>\n\t\t\t\t<div class=\"blockG\" id=\"rotateG_04\"><\/div>\n\t\t\t\t<div class=\"blockG\" id=\"rotateG_05\"><\/div>\n\t\t\t\t<div class=\"blockG\" id=\"rotateG_06\"><\/div>\n\t\t\t\t<div class=\"blockG\" id=\"rotateG_07\"><\/div>\n\t\t\t\t<div class=\"blockG\" id=\"rotateG_08\"><\/div>\n\t\t\t<\/div>\n\t\t\t<div class=\"WooZone-cross-sell-loader-text\"><\/div>\n\t\t<\/div>\n\t<\/div>\n\n\t\t\n<\/div>\n<div style=\"clear:both;\"><\/div><\/p>\n","protected":false},"excerpt":{"rendered":"<p>Intelligenter DAC-Chip: Liefert ein besseres H\u00f6rerlebnis mit Rauschunterdr\u00fcckungsfunktion. Der integrierte Realtek ALC KT200-Chip kann bei Aufnahme und Wiedergabe eine Abtastrate von bis zu 24 Bit \/ 96 kHz verarbeiten. Unterst\u00fctzt Digital Hi-Res Audio<br \/>\nHi-Fi Sound effekt: Umwandlung digitaler Audiosignale in analoges Audio Signale genauer und Gew\u00e4hrleistung rauscharm und hohe Interferenz Unterdr\u00fcckung.\u2764(Bitte beachten Sie, Arbeiten Sie nicht mit einem Headset mit separatem 3,5-mm-Audioanschluss f\u00fcr Kopfh\u00f6rer und Mikrofon).<br \/>\nPlug and Play: Keine Treiber oder Apps erforderlich, einfach Plug and Play. Ausgestattet mit Aluminium geh\u00e4use und 14.8CM Nylon Flecht jacke, GLUBEE usb soundkarte aux zu usb klinke adapter ist au\u00dferdem langlebiger und \u00fcberall leicht zu transportieren.<\/p>\n","protected":false},"featured_media":41519,"comment_status":"open","ping_status":"closed","template":"","meta":[],"product_brand":[],"product_cat":[863],"product_tag":[],"class_list":{"0":"post-41518","1":"product","2":"type-product","3":"status-publish","4":"has-post-thumbnail","6":"product_cat-computer-zubehoer","7":"pa_brand-glubee","8":"pa_height-2-362204722-zoll","9":"pa_length-0-1968503935-zoll","10":"pa_manufacturer-glubee","11":"pa_warranty-1-year-warranty-on-parts","12":"pa_width-3-8582677126-zoll","14":"first","15":"instock","16":"shipping-taxable","17":"purchasable","18":"product-type-simple","19":"customify-col","20":"product-has-gallery"},"yoast_head":"<!-- This site is optimized with the Yoast SEO plugin v27.3 - https:\/\/yoast.com\/product\/yoast-seo-wordpress\/ -->\n<title>GLUBEE USB A auf 3.5mm Klinke Aux Adapter, USB Kopfh\u00f6rer und Mikrofon Adapter, Headset Aux auf USB Adapter, TRRS Stereo\u2026 - Markt-XXL<\/title>\n<meta name=\"description\" content=\"Markt-XXL GLUBEE USB A auf 3.5mm Klinke Aux Adapter, USB Kopfh\u00f6rer und Mikrofon Adapter, Headset Aux auf USB Adapter, TRRS Stereo\u2026\" \/>\n<meta name=\"robots\" content=\"index, follow, max-snippet:-1, max-image-preview:large, max-video-preview:-1\" \/>\n<link rel=\"canonical\" href=\"https:\/\/marktxxl.de\/markt\/produkt\/glubee-usb-a-auf-3-5mm-klinke-aux-adapter-usb-kopfhoerer-und-mikrofon-adapter-headset-aux-auf-usb-adapter-trrs-stereo-usb-externe-soundkarte-fuer-ps4-headset-ctia-omtp-standard-laptop-pc\/\" \/>\n<meta property=\"og:locale\" content=\"de_DE\" \/>\n<meta property=\"og:type\" content=\"article\" \/>\n<meta property=\"og:title\" content=\"GLUBEE USB A auf 3.5mm Klinke Aux Adapter, USB Kopfh\u00f6rer und Mikrofon Adapter, Headset Aux auf USB Adapter, TRRS Stereo\u2026 - Markt-XXL\" \/>\n<meta property=\"og:description\" content=\"Markt-XXL GLUBEE USB A auf 3.5mm Klinke Aux Adapter, USB Kopfh\u00f6rer und Mikrofon Adapter, Headset Aux auf USB Adapter, TRRS Stereo\u2026\" \/>\n<meta property=\"og:url\" content=\"https:\/\/marktxxl.de\/markt\/produkt\/glubee-usb-a-auf-3-5mm-klinke-aux-adapter-usb-kopfhoerer-und-mikrofon-adapter-headset-aux-auf-usb-adapter-trrs-stereo-usb-externe-soundkarte-fuer-ps4-headset-ctia-omtp-standard-laptop-pc\/\" \/>\n<meta property=\"og:site_name\" content=\"Markt-XXL\" \/>\n<meta property=\"article:modified_time\" content=\"2023-04-09T23:44:18+00:00\" \/>\n<meta property=\"og:image\" content=\"https:\/\/m.media-amazon.com\/images\/I\/4119gXZr2BL._SL500_.jpg\" \/>\n\t<meta property=\"og:image:width\" content=\"500\" \/>\n\t<meta property=\"og:image:height\" content=\"500\" \/>\n\t<meta property=\"og:image:type\" content=\"image\/jpeg\" \/>\n<meta name=\"twitter:card\" content=\"summary_large_image\" \/>\n<meta name=\"twitter:label1\" content=\"Gesch\u00e4tzte Lesezeit\" \/>\n\t<meta name=\"twitter:data1\" content=\"1\u00a0Minute\" \/>\n<script type=\"application\/ld+json\" class=\"yoast-schema-graph\">{\"@context\":\"https:\\\/\\\/schema.org\",\"@graph\":[{\"@type\":\"WebPage\",\"@id\":\"https:\\\/\\\/marktxxl.de\\\/markt\\\/produkt\\\/glubee-usb-a-auf-3-5mm-klinke-aux-adapter-usb-kopfhoerer-und-mikrofon-adapter-headset-aux-auf-usb-adapter-trrs-stereo-usb-externe-soundkarte-fuer-ps4-headset-ctia-omtp-standard-laptop-pc\\\/\",\"url\":\"https:\\\/\\\/marktxxl.de\\\/markt\\\/produkt\\\/glubee-usb-a-auf-3-5mm-klinke-aux-adapter-usb-kopfhoerer-und-mikrofon-adapter-headset-aux-auf-usb-adapter-trrs-stereo-usb-externe-soundkarte-fuer-ps4-headset-ctia-omtp-standard-laptop-pc\\\/\",\"name\":\"GLUBEE USB A auf 3.5mm Klinke Aux Adapter, USB Kopfh\u00f6rer und Mikrofon Adapter, Headset Aux auf USB Adapter, TRRS Stereo\u2026 - Markt-XXL\",\"isPartOf\":{\"@id\":\"https:\\\/\\\/marktxxl.de\\\/markt\\\/#website\"},\"primaryImageOfPage\":{\"@id\":\"https:\\\/\\\/marktxxl.de\\\/markt\\\/produkt\\\/glubee-usb-a-auf-3-5mm-klinke-aux-adapter-usb-kopfhoerer-und-mikrofon-adapter-headset-aux-auf-usb-adapter-trrs-stereo-usb-externe-soundkarte-fuer-ps4-headset-ctia-omtp-standard-laptop-pc\\\/#primaryimage\"},\"image\":{\"@id\":\"https:\\\/\\\/marktxxl.de\\\/markt\\\/produkt\\\/glubee-usb-a-auf-3-5mm-klinke-aux-adapter-usb-kopfhoerer-und-mikrofon-adapter-headset-aux-auf-usb-adapter-trrs-stereo-usb-externe-soundkarte-fuer-ps4-headset-ctia-omtp-standard-laptop-pc\\\/#primaryimage\"},\"thumbnailUrl\":\"https:\\\/\\\/m.media-amazon.com\\\/images\\\/I\\\/4119gXZr2BL._SL500_.jpg\",\"datePublished\":\"2021-09-26T11:59:28+00:00\",\"dateModified\":\"2023-04-09T23:44:18+00:00\",\"description\":\"Markt-XXL GLUBEE USB A auf 3.5mm Klinke Aux Adapter, USB Kopfh\u00f6rer und Mikrofon Adapter, Headset Aux auf USB Adapter, TRRS Stereo\u2026\",\"breadcrumb\":{\"@id\":\"https:\\\/\\\/marktxxl.de\\\/markt\\\/produkt\\\/glubee-usb-a-auf-3-5mm-klinke-aux-adapter-usb-kopfhoerer-und-mikrofon-adapter-headset-aux-auf-usb-adapter-trrs-stereo-usb-externe-soundkarte-fuer-ps4-headset-ctia-omtp-standard-laptop-pc\\\/#breadcrumb\"},\"inLanguage\":\"de\",\"potentialAction\":[{\"@type\":\"ReadAction\",\"target\":[\"https:\\\/\\\/marktxxl.de\\\/markt\\\/produkt\\\/glubee-usb-a-auf-3-5mm-klinke-aux-adapter-usb-kopfhoerer-und-mikrofon-adapter-headset-aux-auf-usb-adapter-trrs-stereo-usb-externe-soundkarte-fuer-ps4-headset-ctia-omtp-standard-laptop-pc\\\/\"]}]},{\"@type\":\"ImageObject\",\"inLanguage\":\"de\",\"@id\":\"https:\\\/\\\/marktxxl.de\\\/markt\\\/produkt\\\/glubee-usb-a-auf-3-5mm-klinke-aux-adapter-usb-kopfhoerer-und-mikrofon-adapter-headset-aux-auf-usb-adapter-trrs-stereo-usb-externe-soundkarte-fuer-ps4-headset-ctia-omtp-standard-laptop-pc\\\/#primaryimage\",\"url\":\"https:\\\/\\\/m.media-amazon.com\\\/images\\\/I\\\/4119gXZr2BL._SL500_.jpg\",\"contentUrl\":\"https:\\\/\\\/m.media-amazon.com\\\/images\\\/I\\\/4119gXZr2BL._SL500_.jpg\",\"width\":500,\"height\":500},{\"@type\":\"BreadcrumbList\",\"@id\":\"https:\\\/\\\/marktxxl.de\\\/markt\\\/produkt\\\/glubee-usb-a-auf-3-5mm-klinke-aux-adapter-usb-kopfhoerer-und-mikrofon-adapter-headset-aux-auf-usb-adapter-trrs-stereo-usb-externe-soundkarte-fuer-ps4-headset-ctia-omtp-standard-laptop-pc\\\/#breadcrumb\",\"itemListElement\":[{\"@type\":\"ListItem\",\"position\":1,\"name\":\"Startseite\",\"item\":\"https:\\\/\\\/marktxxl.de\\\/markt\\\/\"},{\"@type\":\"ListItem\",\"position\":2,\"name\":\"Markt\",\"item\":\"https:\\\/\\\/marktxxl.de\\\/markt\\\/\"},{\"@type\":\"ListItem\",\"position\":3,\"name\":\"GLUBEE USB A auf 3.5mm Klinke Aux Adapter, USB Kopfh\u00f6rer und Mikrofon Adapter, Headset Aux auf USB Adapter, TRRS Stereo\u2026\"}]},{\"@type\":\"WebSite\",\"@id\":\"https:\\\/\\\/marktxxl.de\\\/markt\\\/#website\",\"url\":\"https:\\\/\\\/marktxxl.de\\\/markt\\\/\",\"name\":\"Markt-XXL\",\"description\":\"Ihr Markt Online\",\"publisher\":{\"@id\":\"https:\\\/\\\/marktxxl.de\\\/markt\\\/#organization\"},\"potentialAction\":[{\"@type\":\"SearchAction\",\"target\":{\"@type\":\"EntryPoint\",\"urlTemplate\":\"https:\\\/\\\/marktxxl.de\\\/markt\\\/?s={search_term_string}\"},\"query-input\":{\"@type\":\"PropertyValueSpecification\",\"valueRequired\":true,\"valueName\":\"search_term_string\"}}],\"inLanguage\":\"de\"},{\"@type\":\"Organization\",\"@id\":\"https:\\\/\\\/marktxxl.de\\\/markt\\\/#organization\",\"name\":\"Markt-XXL\",\"url\":\"https:\\\/\\\/marktxxl.de\\\/markt\\\/\",\"logo\":{\"@type\":\"ImageObject\",\"inLanguage\":\"de\",\"@id\":\"https:\\\/\\\/marktxxl.de\\\/markt\\\/#\\\/schema\\\/logo\\\/image\\\/\",\"url\":\"https:\\\/\\\/marktxxl.de\\\/markt\\\/wp-content\\\/uploads\\\/sites\\\/3\\\/2020\\\/12\\\/logo.png\",\"contentUrl\":\"https:\\\/\\\/marktxxl.de\\\/markt\\\/wp-content\\\/uploads\\\/sites\\\/3\\\/2020\\\/12\\\/logo.png\",\"width\":200,\"height\":70,\"caption\":\"Markt-XXL\"},\"image\":{\"@id\":\"https:\\\/\\\/marktxxl.de\\\/markt\\\/#\\\/schema\\\/logo\\\/image\\\/\"}}]}<\/script>\n<!-- \/ Yoast SEO plugin. -->","yoast_head_json":{"title":"GLUBEE USB A auf 3.5mm Klinke Aux Adapter, USB Kopfh\u00f6rer und Mikrofon Adapter, Headset Aux auf USB Adapter, TRRS Stereo\u2026 - Markt-XXL","description":"Markt-XXL GLUBEE USB A auf 3.5mm Klinke Aux Adapter, USB Kopfh\u00f6rer und Mikrofon Adapter, Headset Aux auf USB Adapter, TRRS Stereo\u2026","robots":{"index":"index","follow":"follow","max-snippet":"max-snippet:-1","max-image-preview":"max-image-preview:large","max-video-preview":"max-video-preview:-1"},"canonical":"https:\/\/marktxxl.de\/markt\/produkt\/glubee-usb-a-auf-3-5mm-klinke-aux-adapter-usb-kopfhoerer-und-mikrofon-adapter-headset-aux-auf-usb-adapter-trrs-stereo-usb-externe-soundkarte-fuer-ps4-headset-ctia-omtp-standard-laptop-pc\/","og_locale":"de_DE","og_type":"article","og_title":"GLUBEE USB A auf 3.5mm Klinke Aux Adapter, USB Kopfh\u00f6rer und Mikrofon Adapter, Headset Aux auf USB Adapter, TRRS Stereo\u2026 - Markt-XXL","og_description":"Markt-XXL GLUBEE USB A auf 3.5mm Klinke Aux Adapter, USB Kopfh\u00f6rer und Mikrofon Adapter, Headset Aux auf USB Adapter, TRRS Stereo\u2026","og_url":"https:\/\/marktxxl.de\/markt\/produkt\/glubee-usb-a-auf-3-5mm-klinke-aux-adapter-usb-kopfhoerer-und-mikrofon-adapter-headset-aux-auf-usb-adapter-trrs-stereo-usb-externe-soundkarte-fuer-ps4-headset-ctia-omtp-standard-laptop-pc\/","og_site_name":"Markt-XXL","article_modified_time":"2023-04-09T23:44:18+00:00","og_image":[{"width":500,"height":500,"url":"https:\/\/m.media-amazon.com\/images\/I\/4119gXZr2BL._SL500_.jpg","type":"image\/jpeg"}],"twitter_card":"summary_large_image","twitter_misc":{"Gesch\u00e4tzte Lesezeit":"1\u00a0Minute"},"schema":{"@context":"https:\/\/schema.org","@graph":[{"@type":"WebPage","@id":"https:\/\/marktxxl.de\/markt\/produkt\/glubee-usb-a-auf-3-5mm-klinke-aux-adapter-usb-kopfhoerer-und-mikrofon-adapter-headset-aux-auf-usb-adapter-trrs-stereo-usb-externe-soundkarte-fuer-ps4-headset-ctia-omtp-standard-laptop-pc\/","url":"https:\/\/marktxxl.de\/markt\/produkt\/glubee-usb-a-auf-3-5mm-klinke-aux-adapter-usb-kopfhoerer-und-mikrofon-adapter-headset-aux-auf-usb-adapter-trrs-stereo-usb-externe-soundkarte-fuer-ps4-headset-ctia-omtp-standard-laptop-pc\/","name":"GLUBEE USB A auf 3.5mm Klinke Aux Adapter, USB Kopfh\u00f6rer und Mikrofon Adapter, Headset Aux auf USB Adapter, TRRS Stereo\u2026 - Markt-XXL","isPartOf":{"@id":"https:\/\/marktxxl.de\/markt\/#website"},"primaryImageOfPage":{"@id":"https:\/\/marktxxl.de\/markt\/produkt\/glubee-usb-a-auf-3-5mm-klinke-aux-adapter-usb-kopfhoerer-und-mikrofon-adapter-headset-aux-auf-usb-adapter-trrs-stereo-usb-externe-soundkarte-fuer-ps4-headset-ctia-omtp-standard-laptop-pc\/#primaryimage"},"image":{"@id":"https:\/\/marktxxl.de\/markt\/produkt\/glubee-usb-a-auf-3-5mm-klinke-aux-adapter-usb-kopfhoerer-und-mikrofon-adapter-headset-aux-auf-usb-adapter-trrs-stereo-usb-externe-soundkarte-fuer-ps4-headset-ctia-omtp-standard-laptop-pc\/#primaryimage"},"thumbnailUrl":"https:\/\/m.media-amazon.com\/images\/I\/4119gXZr2BL._SL500_.jpg","datePublished":"2021-09-26T11:59:28+00:00","dateModified":"2023-04-09T23:44:18+00:00","description":"Markt-XXL GLUBEE USB A auf 3.5mm Klinke Aux Adapter, USB Kopfh\u00f6rer und Mikrofon Adapter, Headset Aux auf USB Adapter, TRRS Stereo\u2026","breadcrumb":{"@id":"https:\/\/marktxxl.de\/markt\/produkt\/glubee-usb-a-auf-3-5mm-klinke-aux-adapter-usb-kopfhoerer-und-mikrofon-adapter-headset-aux-auf-usb-adapter-trrs-stereo-usb-externe-soundkarte-fuer-ps4-headset-ctia-omtp-standard-laptop-pc\/#breadcrumb"},"inLanguage":"de","potentialAction":[{"@type":"ReadAction","target":["https:\/\/marktxxl.de\/markt\/produkt\/glubee-usb-a-auf-3-5mm-klinke-aux-adapter-usb-kopfhoerer-und-mikrofon-adapter-headset-aux-auf-usb-adapter-trrs-stereo-usb-externe-soundkarte-fuer-ps4-headset-ctia-omtp-standard-laptop-pc\/"]}]},{"@type":"ImageObject","inLanguage":"de","@id":"https:\/\/marktxxl.de\/markt\/produkt\/glubee-usb-a-auf-3-5mm-klinke-aux-adapter-usb-kopfhoerer-und-mikrofon-adapter-headset-aux-auf-usb-adapter-trrs-stereo-usb-externe-soundkarte-fuer-ps4-headset-ctia-omtp-standard-laptop-pc\/#primaryimage","url":"https:\/\/m.media-amazon.com\/images\/I\/4119gXZr2BL._SL500_.jpg","contentUrl":"https:\/\/m.media-amazon.com\/images\/I\/4119gXZr2BL._SL500_.jpg","width":500,"height":500},{"@type":"BreadcrumbList","@id":"https:\/\/marktxxl.de\/markt\/produkt\/glubee-usb-a-auf-3-5mm-klinke-aux-adapter-usb-kopfhoerer-und-mikrofon-adapter-headset-aux-auf-usb-adapter-trrs-stereo-usb-externe-soundkarte-fuer-ps4-headset-ctia-omtp-standard-laptop-pc\/#breadcrumb","itemListElement":[{"@type":"ListItem","position":1,"name":"Startseite","item":"https:\/\/marktxxl.de\/markt\/"},{"@type":"ListItem","position":2,"name":"Markt","item":"https:\/\/marktxxl.de\/markt\/"},{"@type":"ListItem","position":3,"name":"GLUBEE USB A auf 3.5mm Klinke Aux Adapter, USB Kopfh\u00f6rer und Mikrofon Adapter, Headset Aux auf USB Adapter, TRRS Stereo\u2026"}]},{"@type":"WebSite","@id":"https:\/\/marktxxl.de\/markt\/#website","url":"https:\/\/marktxxl.de\/markt\/","name":"Markt-XXL","description":"Ihr Markt Online","publisher":{"@id":"https:\/\/marktxxl.de\/markt\/#organization"},"potentialAction":[{"@type":"SearchAction","target":{"@type":"EntryPoint","urlTemplate":"https:\/\/marktxxl.de\/markt\/?s={search_term_string}"},"query-input":{"@type":"PropertyValueSpecification","valueRequired":true,"valueName":"search_term_string"}}],"inLanguage":"de"},{"@type":"Organization","@id":"https:\/\/marktxxl.de\/markt\/#organization","name":"Markt-XXL","url":"https:\/\/marktxxl.de\/markt\/","logo":{"@type":"ImageObject","inLanguage":"de","@id":"https:\/\/marktxxl.de\/markt\/#\/schema\/logo\/image\/","url":"https:\/\/marktxxl.de\/markt\/wp-content\/uploads\/sites\/3\/2020\/12\/logo.png","contentUrl":"https:\/\/marktxxl.de\/markt\/wp-content\/uploads\/sites\/3\/2020\/12\/logo.png","width":200,"height":70,"caption":"Markt-XXL"},"image":{"@id":"https:\/\/marktxxl.de\/markt\/#\/schema\/logo\/image\/"}}]}},"_links":{"self":[{"href":"https:\/\/marktxxl.de\/markt\/wp-json\/wp\/v2\/product\/41518","targetHints":{"allow":["GET"]}}],"collection":[{"href":"https:\/\/marktxxl.de\/markt\/wp-json\/wp\/v2\/product"}],"about":[{"href":"https:\/\/marktxxl.de\/markt\/wp-json\/wp\/v2\/types\/product"}],"replies":[{"embeddable":true,"href":"https:\/\/marktxxl.de\/markt\/wp-json\/wp\/v2\/comments?post=41518"}],"wp:featuredmedia":[{"embeddable":true,"href":"https:\/\/marktxxl.de\/markt\/wp-json\/wp\/v2\/media\/41519"}],"wp:attachment":[{"href":"https:\/\/marktxxl.de\/markt\/wp-json\/wp\/v2\/media?parent=41518"}],"wp:term":[{"taxonomy":"product_brand","embeddable":true,"href":"https:\/\/marktxxl.de\/markt\/wp-json\/wp\/v2\/product_brand?post=41518"},{"taxonomy":"product_cat","embeddable":true,"href":"https:\/\/marktxxl.de\/markt\/wp-json\/wp\/v2\/product_cat?post=41518"},{"taxonomy":"product_tag","embeddable":true,"href":"https:\/\/marktxxl.de\/markt\/wp-json\/wp\/v2\/product_tag?post=41518"}],"curies":[{"name":"wp","href":"https:\/\/api.w.org\/{rel}","templated":true}]}}