{"id":41502,"date":"2021-09-26T13:59:25","date_gmt":"2021-09-26T11:59:25","guid":{"rendered":"https:\/\/marktxxl.de\/markt\/produkt\/newc-2-stueck-schutzfolie-fuer-panzerglas-fuer-ipad-8-2020-ipad-7-2019-102-8-7-generation-und-ein-ausrichtungswerkzeug-9h-haertehd-displayschutzfolie-0-33mm-ultra-klar-ultrabestae\/"},"modified":"2023-04-10T01:44:18","modified_gmt":"2023-04-09T23:44:18","slug":"newc-2-stueck-schutzfolie-fuer-panzerglas-fuer-ipad-8-2020-ipad-7-2019-102-8-7-generation-und-ein-ausrichtungswerkzeug-9h-haertehd-displayschutzfolie-0-33mm-ultra-klar-ultrabestae","status":"publish","type":"product","link":"https:\/\/marktxxl.de\/markt\/produkt\/newc-2-stueck-schutzfolie-fuer-panzerglas-fuer-ipad-8-2020-ipad-7-2019-102-8-7-generation-und-ein-ausrichtungswerkzeug-9h-haertehd-displayschutzfolie-0-33mm-ultra-klar-ultrabestae\/","title":{"rendered":"NEW&#8217;C 2 St\u00fcck, Panzer Schutz Glas f\u00fcr iPad 9 (2021)\/ iPad 8 (2020)\/ iPad 7 (2019) [10,2, 9.\/8. \/7. Generation] und ein\u2026"},"content":{"rendered":"<p>Wichtige Anmerkung \u2013 Aufgrund der abgerundeten R\u00e4nder des Displays bedeckt das Panzerglas nicht 100% des Bildschirms, sondern nur den flachen, ebenm\u00e4\u00dfigen Bereich. (Siehe Bilder) da es sonst nicht robust w\u00e4re. Es bietet daf\u00fcr eine bessere Kompatibilit\u00e4t f\u00fcr Handy-H\u00fcllen.<br \/>\nExtreme H\u00e4rte \u2013 Das Panzerglas f\u00fcr das iPad 8 (2020) \/ iPad 7 (2019) [10,2&#8243;, 8. \/ 7. Generation] und ein Ausrichtungswerkzeug angeboten wird von dem starken, ausgeglichenem Glas 9H (h\u00e4rter als ein Messer) gebildet. Es h\u00e4lt resistenten Wiederstand von Kratzern und Spr\u00fcngen aus, dass Ihr Smartphone wie neu ausschaut<br \/>\nSuper Kristallklar \u2013 Das Panzerglas ist Kristallklar und mit 99.9% Transparent hergestellt, es verf\u00e4lscht die Displayfarbe nicht, weder beeintr\u00e4chtigt es die Darstellung noch die Ber\u00fchrungsempfindlichkeit Ihres Touchscreens. Es f\u00fchlt sich an wie Ihr Originales Display.<br \/>\nAnti Fingerabdr\u00fccke \u2013 Die \u00d6labweisende Bildschirmbeschichtung wei\u00dft \u00d6l, Fingerabdr\u00fccke ab. Es verhindert das Ihr Bildschirm fleckig und schmierig ausschaut. Somit ist Ihr Bildschirm immer leicht zu reinigen und verhindert unsch\u00f6ne Schmierereien.<br \/>\nEinfache Installation \u2013 Alles was Sie f\u00fcr die Installation ben\u00f6tigen finden Sie im vorhandenen Kit: Reinigungst\u00fccher, Staubsticker, detaillierte Gebrauchsanweisung.<br \/>\n<div class=\"main-cross-sell\" data-asin=\"B09FY9HF4K\">\n\n\t<div class=\"WooZone-cross-sell-loader\">\n\t\t<div>\n\t\t\t<div id=\"floatingBarsG\">\n\t\t\t\t<div class=\"blockG\" id=\"rotateG_01\"><\/div>\n\t\t\t\t<div class=\"blockG\" id=\"rotateG_02\"><\/div>\n\t\t\t\t<div class=\"blockG\" id=\"rotateG_03\"><\/div>\n\t\t\t\t<div class=\"blockG\" id=\"rotateG_04\"><\/div>\n\t\t\t\t<div class=\"blockG\" id=\"rotateG_05\"><\/div>\n\t\t\t\t<div class=\"blockG\" id=\"rotateG_06\"><\/div>\n\t\t\t\t<div class=\"blockG\" id=\"rotateG_07\"><\/div>\n\t\t\t\t<div class=\"blockG\" id=\"rotateG_08\"><\/div>\n\t\t\t<\/div>\n\t\t\t<div class=\"WooZone-cross-sell-loader-text\"><\/div>\n\t\t<\/div>\n\t<\/div>\n\n\t\t\n<\/div>\n<div style=\"clear:both;\"><\/div><\/p>\n","protected":false},"excerpt":{"rendered":"<p>Wichtige Anmerkung \u2013 Aufgrund der abgerundeten R\u00e4nder des Displays bedeckt das Panzerglas nicht 100% des Bildschirms, sondern nur den flachen, ebenm\u00e4\u00dfigen Bereich. (Siehe Bilder) da es sonst nicht robust w\u00e4re. Es bietet daf\u00fcr eine bessere Kompatibilit\u00e4t f\u00fcr Handy-H\u00fcllen.<br \/>\nExtreme H\u00e4rte \u2013 Das Panzerglas f\u00fcr das iPad 8 (2020) \/ iPad 7 (2019) [10,2&#8243;, 8. \/ 7. Generation] und ein Ausrichtungswerkzeug angeboten wird von dem starken, ausgeglichenem Glas 9H (h\u00e4rter als ein Messer) gebildet. Es h\u00e4lt resistenten Wiederstand von Kratzern und Spr\u00fcngen aus, dass Ihr Smartphone wie neu ausschaut<br \/>\nSuper Kristallklar \u2013 Das Panzerglas ist Kristallklar und mit 99.9% Transparent hergestellt, es verf\u00e4lscht die Displayfarbe nicht, weder beeintr\u00e4chtigt es die Darstellung noch die Ber\u00fchrungsempfindlichkeit Ihres Touchscreens. Es f\u00fchlt sich an wie Ihr Originales Display.<\/p>\n","protected":false},"featured_media":41503,"comment_status":"open","ping_status":"closed","template":"","meta":[],"product_brand":[],"product_cat":[863],"product_tag":[],"class_list":{"0":"post-41502","1":"product","2":"type-product","3":"status-publish","4":"has-post-thumbnail","6":"product_cat-computer-zubehoer","7":"pa_brand-newc","8":"pa_color-transparent","9":"pa_manufacturer-newc","11":"first","12":"instock","13":"shipping-taxable","14":"purchasable","15":"product-type-simple","16":"customify-col","17":"product-has-gallery"},"yoast_head":"<!-- This site is optimized with the Yoast SEO plugin v27.3 - https:\/\/yoast.com\/product\/yoast-seo-wordpress\/ -->\n<title>NEW&#039;C 2 St\u00fcck, Panzer Schutz Glas f\u00fcr iPad 9 (2021)\/ iPad 8 (2020)\/ iPad 7 (2019) [10,2, 9.\/8. \/7. Generation] und ein\u2026 - Markt-XXL<\/title>\n<meta name=\"description\" content=\"Markt-XXL NEW&#039;C 2 St\u00fcck, Panzer Schutz Glas f\u00fcr iPad 9 (2021)\/ iPad 8 (2020)\/ iPad 7 (2019) [10,2, 9.\/8. \/7. Generation] und ein\u2026\" \/>\n<meta name=\"robots\" content=\"index, follow, max-snippet:-1, max-image-preview:large, max-video-preview:-1\" \/>\n<link rel=\"canonical\" href=\"https:\/\/marktxxl.de\/markt\/produkt\/newc-2-stueck-schutzfolie-fuer-panzerglas-fuer-ipad-8-2020-ipad-7-2019-102-8-7-generation-und-ein-ausrichtungswerkzeug-9h-haertehd-displayschutzfolie-0-33mm-ultra-klar-ultrabestae\/\" \/>\n<meta property=\"og:locale\" content=\"de_DE\" \/>\n<meta property=\"og:type\" content=\"article\" \/>\n<meta property=\"og:title\" content=\"NEW&#039;C 2 St\u00fcck, Panzer Schutz Glas f\u00fcr iPad 9 (2021)\/ iPad 8 (2020)\/ iPad 7 (2019) [10,2, 9.\/8. \/7. Generation] und ein\u2026 - Markt-XXL\" \/>\n<meta property=\"og:description\" content=\"Markt-XXL NEW&#039;C 2 St\u00fcck, Panzer Schutz Glas f\u00fcr iPad 9 (2021)\/ iPad 8 (2020)\/ iPad 7 (2019) [10,2, 9.\/8. \/7. Generation] und ein\u2026\" \/>\n<meta property=\"og:url\" content=\"https:\/\/marktxxl.de\/markt\/produkt\/newc-2-stueck-schutzfolie-fuer-panzerglas-fuer-ipad-8-2020-ipad-7-2019-102-8-7-generation-und-ein-ausrichtungswerkzeug-9h-haertehd-displayschutzfolie-0-33mm-ultra-klar-ultrabestae\/\" \/>\n<meta property=\"og:site_name\" content=\"Markt-XXL\" \/>\n<meta property=\"article:modified_time\" content=\"2023-04-09T23:44:18+00:00\" \/>\n<meta property=\"og:image\" content=\"https:\/\/m.media-amazon.com\/images\/I\/41vQWfFeVQL._SL500_.jpg\" \/>\n\t<meta property=\"og:image:width\" content=\"500\" \/>\n\t<meta property=\"og:image:height\" content=\"500\" \/>\n\t<meta property=\"og:image:type\" content=\"image\/jpeg\" \/>\n<meta name=\"twitter:card\" content=\"summary_large_image\" \/>\n<meta name=\"twitter:label1\" content=\"Gesch\u00e4tzte Lesezeit\" \/>\n\t<meta name=\"twitter:data1\" content=\"1\u00a0Minute\" \/>\n<script type=\"application\/ld+json\" class=\"yoast-schema-graph\">{\"@context\":\"https:\\\/\\\/schema.org\",\"@graph\":[{\"@type\":\"WebPage\",\"@id\":\"https:\\\/\\\/marktxxl.de\\\/markt\\\/produkt\\\/newc-2-stueck-schutzfolie-fuer-panzerglas-fuer-ipad-8-2020-ipad-7-2019-102-8-7-generation-und-ein-ausrichtungswerkzeug-9h-haertehd-displayschutzfolie-0-33mm-ultra-klar-ultrabestae\\\/\",\"url\":\"https:\\\/\\\/marktxxl.de\\\/markt\\\/produkt\\\/newc-2-stueck-schutzfolie-fuer-panzerglas-fuer-ipad-8-2020-ipad-7-2019-102-8-7-generation-und-ein-ausrichtungswerkzeug-9h-haertehd-displayschutzfolie-0-33mm-ultra-klar-ultrabestae\\\/\",\"name\":\"NEW'C 2 St\u00fcck, Panzer Schutz Glas f\u00fcr iPad 9 (2021)\\\/ iPad 8 (2020)\\\/ iPad 7 (2019) [10,2, 9.\\\/8. \\\/7. Generation] und ein\u2026 - Markt-XXL\",\"isPartOf\":{\"@id\":\"https:\\\/\\\/marktxxl.de\\\/markt\\\/#website\"},\"primaryImageOfPage\":{\"@id\":\"https:\\\/\\\/marktxxl.de\\\/markt\\\/produkt\\\/newc-2-stueck-schutzfolie-fuer-panzerglas-fuer-ipad-8-2020-ipad-7-2019-102-8-7-generation-und-ein-ausrichtungswerkzeug-9h-haertehd-displayschutzfolie-0-33mm-ultra-klar-ultrabestae\\\/#primaryimage\"},\"image\":{\"@id\":\"https:\\\/\\\/marktxxl.de\\\/markt\\\/produkt\\\/newc-2-stueck-schutzfolie-fuer-panzerglas-fuer-ipad-8-2020-ipad-7-2019-102-8-7-generation-und-ein-ausrichtungswerkzeug-9h-haertehd-displayschutzfolie-0-33mm-ultra-klar-ultrabestae\\\/#primaryimage\"},\"thumbnailUrl\":\"https:\\\/\\\/m.media-amazon.com\\\/images\\\/I\\\/41vQWfFeVQL._SL500_.jpg\",\"datePublished\":\"2021-09-26T11:59:25+00:00\",\"dateModified\":\"2023-04-09T23:44:18+00:00\",\"description\":\"Markt-XXL NEW'C 2 St\u00fcck, Panzer Schutz Glas f\u00fcr iPad 9 (2021)\\\/ iPad 8 (2020)\\\/ iPad 7 (2019) [10,2, 9.\\\/8. \\\/7. Generation] und ein\u2026\",\"breadcrumb\":{\"@id\":\"https:\\\/\\\/marktxxl.de\\\/markt\\\/produkt\\\/newc-2-stueck-schutzfolie-fuer-panzerglas-fuer-ipad-8-2020-ipad-7-2019-102-8-7-generation-und-ein-ausrichtungswerkzeug-9h-haertehd-displayschutzfolie-0-33mm-ultra-klar-ultrabestae\\\/#breadcrumb\"},\"inLanguage\":\"de\",\"potentialAction\":[{\"@type\":\"ReadAction\",\"target\":[\"https:\\\/\\\/marktxxl.de\\\/markt\\\/produkt\\\/newc-2-stueck-schutzfolie-fuer-panzerglas-fuer-ipad-8-2020-ipad-7-2019-102-8-7-generation-und-ein-ausrichtungswerkzeug-9h-haertehd-displayschutzfolie-0-33mm-ultra-klar-ultrabestae\\\/\"]}]},{\"@type\":\"ImageObject\",\"inLanguage\":\"de\",\"@id\":\"https:\\\/\\\/marktxxl.de\\\/markt\\\/produkt\\\/newc-2-stueck-schutzfolie-fuer-panzerglas-fuer-ipad-8-2020-ipad-7-2019-102-8-7-generation-und-ein-ausrichtungswerkzeug-9h-haertehd-displayschutzfolie-0-33mm-ultra-klar-ultrabestae\\\/#primaryimage\",\"url\":\"https:\\\/\\\/m.media-amazon.com\\\/images\\\/I\\\/41vQWfFeVQL._SL500_.jpg\",\"contentUrl\":\"https:\\\/\\\/m.media-amazon.com\\\/images\\\/I\\\/41vQWfFeVQL._SL500_.jpg\",\"width\":500,\"height\":500},{\"@type\":\"BreadcrumbList\",\"@id\":\"https:\\\/\\\/marktxxl.de\\\/markt\\\/produkt\\\/newc-2-stueck-schutzfolie-fuer-panzerglas-fuer-ipad-8-2020-ipad-7-2019-102-8-7-generation-und-ein-ausrichtungswerkzeug-9h-haertehd-displayschutzfolie-0-33mm-ultra-klar-ultrabestae\\\/#breadcrumb\",\"itemListElement\":[{\"@type\":\"ListItem\",\"position\":1,\"name\":\"Startseite\",\"item\":\"https:\\\/\\\/marktxxl.de\\\/markt\\\/\"},{\"@type\":\"ListItem\",\"position\":2,\"name\":\"Markt\",\"item\":\"https:\\\/\\\/marktxxl.de\\\/markt\\\/\"},{\"@type\":\"ListItem\",\"position\":3,\"name\":\"NEW&#8217;C 2 St\u00fcck, Panzer Schutz Glas f\u00fcr iPad 9 (2021)\\\/ iPad 8 (2020)\\\/ iPad 7 (2019) [10,2, 9.\\\/8. \\\/7. Generation] und ein\u2026\"}]},{\"@type\":\"WebSite\",\"@id\":\"https:\\\/\\\/marktxxl.de\\\/markt\\\/#website\",\"url\":\"https:\\\/\\\/marktxxl.de\\\/markt\\\/\",\"name\":\"Markt-XXL\",\"description\":\"Ihr Markt Online\",\"publisher\":{\"@id\":\"https:\\\/\\\/marktxxl.de\\\/markt\\\/#organization\"},\"potentialAction\":[{\"@type\":\"SearchAction\",\"target\":{\"@type\":\"EntryPoint\",\"urlTemplate\":\"https:\\\/\\\/marktxxl.de\\\/markt\\\/?s={search_term_string}\"},\"query-input\":{\"@type\":\"PropertyValueSpecification\",\"valueRequired\":true,\"valueName\":\"search_term_string\"}}],\"inLanguage\":\"de\"},{\"@type\":\"Organization\",\"@id\":\"https:\\\/\\\/marktxxl.de\\\/markt\\\/#organization\",\"name\":\"Markt-XXL\",\"url\":\"https:\\\/\\\/marktxxl.de\\\/markt\\\/\",\"logo\":{\"@type\":\"ImageObject\",\"inLanguage\":\"de\",\"@id\":\"https:\\\/\\\/marktxxl.de\\\/markt\\\/#\\\/schema\\\/logo\\\/image\\\/\",\"url\":\"https:\\\/\\\/marktxxl.de\\\/markt\\\/wp-content\\\/uploads\\\/sites\\\/3\\\/2020\\\/12\\\/logo.png\",\"contentUrl\":\"https:\\\/\\\/marktxxl.de\\\/markt\\\/wp-content\\\/uploads\\\/sites\\\/3\\\/2020\\\/12\\\/logo.png\",\"width\":200,\"height\":70,\"caption\":\"Markt-XXL\"},\"image\":{\"@id\":\"https:\\\/\\\/marktxxl.de\\\/markt\\\/#\\\/schema\\\/logo\\\/image\\\/\"}}]}<\/script>\n<!-- \/ Yoast SEO plugin. -->","yoast_head_json":{"title":"NEW'C 2 St\u00fcck, Panzer Schutz Glas f\u00fcr iPad 9 (2021)\/ iPad 8 (2020)\/ iPad 7 (2019) [10,2, 9.\/8. \/7. Generation] und ein\u2026 - Markt-XXL","description":"Markt-XXL NEW'C 2 St\u00fcck, Panzer Schutz Glas f\u00fcr iPad 9 (2021)\/ iPad 8 (2020)\/ iPad 7 (2019) [10,2, 9.\/8. \/7. Generation] und ein\u2026","robots":{"index":"index","follow":"follow","max-snippet":"max-snippet:-1","max-image-preview":"max-image-preview:large","max-video-preview":"max-video-preview:-1"},"canonical":"https:\/\/marktxxl.de\/markt\/produkt\/newc-2-stueck-schutzfolie-fuer-panzerglas-fuer-ipad-8-2020-ipad-7-2019-102-8-7-generation-und-ein-ausrichtungswerkzeug-9h-haertehd-displayschutzfolie-0-33mm-ultra-klar-ultrabestae\/","og_locale":"de_DE","og_type":"article","og_title":"NEW'C 2 St\u00fcck, Panzer Schutz Glas f\u00fcr iPad 9 (2021)\/ iPad 8 (2020)\/ iPad 7 (2019) [10,2, 9.\/8. \/7. Generation] und ein\u2026 - Markt-XXL","og_description":"Markt-XXL NEW'C 2 St\u00fcck, Panzer Schutz Glas f\u00fcr iPad 9 (2021)\/ iPad 8 (2020)\/ iPad 7 (2019) [10,2, 9.\/8. \/7. Generation] und ein\u2026","og_url":"https:\/\/marktxxl.de\/markt\/produkt\/newc-2-stueck-schutzfolie-fuer-panzerglas-fuer-ipad-8-2020-ipad-7-2019-102-8-7-generation-und-ein-ausrichtungswerkzeug-9h-haertehd-displayschutzfolie-0-33mm-ultra-klar-ultrabestae\/","og_site_name":"Markt-XXL","article_modified_time":"2023-04-09T23:44:18+00:00","og_image":[{"width":500,"height":500,"url":"https:\/\/m.media-amazon.com\/images\/I\/41vQWfFeVQL._SL500_.jpg","type":"image\/jpeg"}],"twitter_card":"summary_large_image","twitter_misc":{"Gesch\u00e4tzte Lesezeit":"1\u00a0Minute"},"schema":{"@context":"https:\/\/schema.org","@graph":[{"@type":"WebPage","@id":"https:\/\/marktxxl.de\/markt\/produkt\/newc-2-stueck-schutzfolie-fuer-panzerglas-fuer-ipad-8-2020-ipad-7-2019-102-8-7-generation-und-ein-ausrichtungswerkzeug-9h-haertehd-displayschutzfolie-0-33mm-ultra-klar-ultrabestae\/","url":"https:\/\/marktxxl.de\/markt\/produkt\/newc-2-stueck-schutzfolie-fuer-panzerglas-fuer-ipad-8-2020-ipad-7-2019-102-8-7-generation-und-ein-ausrichtungswerkzeug-9h-haertehd-displayschutzfolie-0-33mm-ultra-klar-ultrabestae\/","name":"NEW'C 2 St\u00fcck, Panzer Schutz Glas f\u00fcr iPad 9 (2021)\/ iPad 8 (2020)\/ iPad 7 (2019) [10,2, 9.\/8. \/7. Generation] und ein\u2026 - Markt-XXL","isPartOf":{"@id":"https:\/\/marktxxl.de\/markt\/#website"},"primaryImageOfPage":{"@id":"https:\/\/marktxxl.de\/markt\/produkt\/newc-2-stueck-schutzfolie-fuer-panzerglas-fuer-ipad-8-2020-ipad-7-2019-102-8-7-generation-und-ein-ausrichtungswerkzeug-9h-haertehd-displayschutzfolie-0-33mm-ultra-klar-ultrabestae\/#primaryimage"},"image":{"@id":"https:\/\/marktxxl.de\/markt\/produkt\/newc-2-stueck-schutzfolie-fuer-panzerglas-fuer-ipad-8-2020-ipad-7-2019-102-8-7-generation-und-ein-ausrichtungswerkzeug-9h-haertehd-displayschutzfolie-0-33mm-ultra-klar-ultrabestae\/#primaryimage"},"thumbnailUrl":"https:\/\/m.media-amazon.com\/images\/I\/41vQWfFeVQL._SL500_.jpg","datePublished":"2021-09-26T11:59:25+00:00","dateModified":"2023-04-09T23:44:18+00:00","description":"Markt-XXL NEW'C 2 St\u00fcck, Panzer Schutz Glas f\u00fcr iPad 9 (2021)\/ iPad 8 (2020)\/ iPad 7 (2019) [10,2, 9.\/8. \/7. Generation] und ein\u2026","breadcrumb":{"@id":"https:\/\/marktxxl.de\/markt\/produkt\/newc-2-stueck-schutzfolie-fuer-panzerglas-fuer-ipad-8-2020-ipad-7-2019-102-8-7-generation-und-ein-ausrichtungswerkzeug-9h-haertehd-displayschutzfolie-0-33mm-ultra-klar-ultrabestae\/#breadcrumb"},"inLanguage":"de","potentialAction":[{"@type":"ReadAction","target":["https:\/\/marktxxl.de\/markt\/produkt\/newc-2-stueck-schutzfolie-fuer-panzerglas-fuer-ipad-8-2020-ipad-7-2019-102-8-7-generation-und-ein-ausrichtungswerkzeug-9h-haertehd-displayschutzfolie-0-33mm-ultra-klar-ultrabestae\/"]}]},{"@type":"ImageObject","inLanguage":"de","@id":"https:\/\/marktxxl.de\/markt\/produkt\/newc-2-stueck-schutzfolie-fuer-panzerglas-fuer-ipad-8-2020-ipad-7-2019-102-8-7-generation-und-ein-ausrichtungswerkzeug-9h-haertehd-displayschutzfolie-0-33mm-ultra-klar-ultrabestae\/#primaryimage","url":"https:\/\/m.media-amazon.com\/images\/I\/41vQWfFeVQL._SL500_.jpg","contentUrl":"https:\/\/m.media-amazon.com\/images\/I\/41vQWfFeVQL._SL500_.jpg","width":500,"height":500},{"@type":"BreadcrumbList","@id":"https:\/\/marktxxl.de\/markt\/produkt\/newc-2-stueck-schutzfolie-fuer-panzerglas-fuer-ipad-8-2020-ipad-7-2019-102-8-7-generation-und-ein-ausrichtungswerkzeug-9h-haertehd-displayschutzfolie-0-33mm-ultra-klar-ultrabestae\/#breadcrumb","itemListElement":[{"@type":"ListItem","position":1,"name":"Startseite","item":"https:\/\/marktxxl.de\/markt\/"},{"@type":"ListItem","position":2,"name":"Markt","item":"https:\/\/marktxxl.de\/markt\/"},{"@type":"ListItem","position":3,"name":"NEW&#8217;C 2 St\u00fcck, Panzer Schutz Glas f\u00fcr iPad 9 (2021)\/ iPad 8 (2020)\/ iPad 7 (2019) [10,2, 9.\/8. \/7. Generation] und ein\u2026"}]},{"@type":"WebSite","@id":"https:\/\/marktxxl.de\/markt\/#website","url":"https:\/\/marktxxl.de\/markt\/","name":"Markt-XXL","description":"Ihr Markt Online","publisher":{"@id":"https:\/\/marktxxl.de\/markt\/#organization"},"potentialAction":[{"@type":"SearchAction","target":{"@type":"EntryPoint","urlTemplate":"https:\/\/marktxxl.de\/markt\/?s={search_term_string}"},"query-input":{"@type":"PropertyValueSpecification","valueRequired":true,"valueName":"search_term_string"}}],"inLanguage":"de"},{"@type":"Organization","@id":"https:\/\/marktxxl.de\/markt\/#organization","name":"Markt-XXL","url":"https:\/\/marktxxl.de\/markt\/","logo":{"@type":"ImageObject","inLanguage":"de","@id":"https:\/\/marktxxl.de\/markt\/#\/schema\/logo\/image\/","url":"https:\/\/marktxxl.de\/markt\/wp-content\/uploads\/sites\/3\/2020\/12\/logo.png","contentUrl":"https:\/\/marktxxl.de\/markt\/wp-content\/uploads\/sites\/3\/2020\/12\/logo.png","width":200,"height":70,"caption":"Markt-XXL"},"image":{"@id":"https:\/\/marktxxl.de\/markt\/#\/schema\/logo\/image\/"}}]}},"_links":{"self":[{"href":"https:\/\/marktxxl.de\/markt\/wp-json\/wp\/v2\/product\/41502","targetHints":{"allow":["GET"]}}],"collection":[{"href":"https:\/\/marktxxl.de\/markt\/wp-json\/wp\/v2\/product"}],"about":[{"href":"https:\/\/marktxxl.de\/markt\/wp-json\/wp\/v2\/types\/product"}],"replies":[{"embeddable":true,"href":"https:\/\/marktxxl.de\/markt\/wp-json\/wp\/v2\/comments?post=41502"}],"wp:featuredmedia":[{"embeddable":true,"href":"https:\/\/marktxxl.de\/markt\/wp-json\/wp\/v2\/media\/41503"}],"wp:attachment":[{"href":"https:\/\/marktxxl.de\/markt\/wp-json\/wp\/v2\/media?parent=41502"}],"wp:term":[{"taxonomy":"product_brand","embeddable":true,"href":"https:\/\/marktxxl.de\/markt\/wp-json\/wp\/v2\/product_brand?post=41502"},{"taxonomy":"product_cat","embeddable":true,"href":"https:\/\/marktxxl.de\/markt\/wp-json\/wp\/v2\/product_cat?post=41502"},{"taxonomy":"product_tag","embeddable":true,"href":"https:\/\/marktxxl.de\/markt\/wp-json\/wp\/v2\/product_tag?post=41502"}],"curies":[{"name":"wp","href":"https:\/\/api.w.org\/{rel}","templated":true}]}}