{"id":41475,"date":"2021-09-26T13:57:07","date_gmt":"2021-09-26T11:57:07","guid":{"rendered":"https:\/\/marktxxl.de\/markt\/produkt\/kugelschreiber-mit-gravur-geschenk-hochwertig-fuer-jeden-personalisierter-kugelschreiber-perfekt-als-werbegeschenke-firmenartikel-partygeschenke-grosse-eroeffnungen-und-messen-decorsc\/"},"modified":"2023-04-10T01:44:17","modified_gmt":"2023-04-09T23:44:17","slug":"kugelschreiber-mit-gravur-geschenk-hochwertig-fuer-jeden-personalisierter-kugelschreiber-perfekt-als-werbegeschenke-firmenartikel-partygeschenke-grosse-eroeffnungen-und-messen-decorsc","status":"publish","type":"product","link":"https:\/\/marktxxl.de\/markt\/produkt\/kugelschreiber-mit-gravur-geschenk-hochwertig-fuer-jeden-personalisierter-kugelschreiber-perfekt-als-werbegeschenke-firmenartikel-partygeschenke-grosse-eroeffnungen-und-messen-decorsc\/","title":{"rendered":"Kugelschreiber mit Gravur &#8211; Geschenk hochwertig f\u00fcr jeden. Personalisierter kugelschreiber perfekt als Werbegeschenke\u2026"},"content":{"rendered":"<p>KUGELSCHREIBER MIT GRAVUR &#8211; Die Technologie unseres Lasers macht die Gravur sehr langlebig, abriebfest und mit gro\u00dfer Pr\u00e4zision hergestellt. Infolgedessen zeichnen sich unsere gravierten Stifte durch hohe \u00c4sthetik, originelle Form und hohe Verarbeitungsqualit\u00e4t aus.<br \/>\nPERFEKTE GESCHENKIDEE &#8211; Ein Kugelschreiber mit Gravur ist ein perfektes Geschenk f\u00fcr G\u00e4ste bei verschiedenen Festen wie Hochzeiten, Kommunionen, Taufen, Geburtstagen. Personalisierte Stifte eignen sich auch perfekt als Werbegeschenke, Firmenartikel, Partygeschenke &#8211; gro\u00dfe Er\u00f6ffnungen und Messen. Dank dessen erinnern sich Kunden an Ihre Marke oder an unvergessliche Ereignisse.<br \/>\nTECHNISCHE DETAILS &#8211; Der Stift ist 14 cm lang und hat eine Gravurfl\u00e4che von 5,5 cm x 0,6 cm. Wir k\u00f6nnen Ihren gravierten Stift in 1 von 15 verf\u00fcgbaren Farben herstellen. Bei der Eingabe des Textes zum Gravieren k\u00f6nnen Sie aus den 15 beliebtesten Schriftarten ausw\u00e4hlen. Auf Anfrage k\u00f6nnen wir Ihr Stiftdesign zur Vorschau senden, damit Sie zufrieden sind.<br \/>\nPERSONALISIERUNG &#8211; Durch Klicken auf &#8220;Jetzt anpassen&#8221; geben Sie den Text an, den Sie gravieren m\u00f6chten, und w\u00e4hlen die Schriftart und Farbe des Stifts aus. \u00dcberpr\u00fcfen Sie Ihre Rechtschreibung, da das, was Sie schreiben, eingraviert wird. Es ist m\u00f6glich, aus Ihrem Projekt eine Gravur zu erstellen. Senden Sie uns dazu bitte vor dem Kauf eine Anfrage.<br \/>\n100% ZUFRIEDENHEIT ODER GELD ZUR\u00dcCK &#8211; Wir kennen die Qualit\u00e4t unserer Produkte und m\u00f6chten, dass Sie das Beste haben. Wenn Sie mit Ihrem Kauf nicht zufrieden sind, erstatten wir Ihnen Ihr Geld.<br \/>\n<div class=\"main-cross-sell\" data-asin=\"B08NCW8KM3\">\n\n\t<div class=\"WooZone-cross-sell-loader\">\n\t\t<div>\n\t\t\t<div id=\"floatingBarsG\">\n\t\t\t\t<div class=\"blockG\" id=\"rotateG_01\"><\/div>\n\t\t\t\t<div class=\"blockG\" id=\"rotateG_02\"><\/div>\n\t\t\t\t<div class=\"blockG\" id=\"rotateG_03\"><\/div>\n\t\t\t\t<div class=\"blockG\" id=\"rotateG_04\"><\/div>\n\t\t\t\t<div class=\"blockG\" id=\"rotateG_05\"><\/div>\n\t\t\t\t<div class=\"blockG\" id=\"rotateG_06\"><\/div>\n\t\t\t\t<div class=\"blockG\" id=\"rotateG_07\"><\/div>\n\t\t\t\t<div class=\"blockG\" id=\"rotateG_08\"><\/div>\n\t\t\t<\/div>\n\t\t\t<div class=\"WooZone-cross-sell-loader-text\"><\/div>\n\t\t<\/div>\n\t<\/div>\n\n\t\t\n<\/div>\n<div style=\"clear:both;\"><\/div><\/p>\n","protected":false},"excerpt":{"rendered":"<p>KUGELSCHREIBER MIT GRAVUR &#8211; Die Technologie unseres Lasers macht die Gravur sehr langlebig, abriebfest und mit gro\u00dfer Pr\u00e4zision hergestellt. Infolgedessen zeichnen sich unsere gravierten Stifte durch hohe \u00c4sthetik, originelle Form und hohe Verarbeitungsqualit\u00e4t aus.<br \/>\nPERFEKTE GESCHENKIDEE &#8211; Ein Kugelschreiber mit Gravur ist ein perfektes Geschenk f\u00fcr G\u00e4ste bei verschiedenen Festen wie Hochzeiten, Kommunionen, Taufen, Geburtstagen. Personalisierte Stifte eignen sich auch perfekt als Werbegeschenke, Firmenartikel, Partygeschenke &#8211; gro\u00dfe Er\u00f6ffnungen und Messen. Dank dessen erinnern sich Kunden an Ihre Marke oder an unvergessliche Ereignisse.<br \/>\nTECHNISCHE DETAILS &#8211; Der Stift ist 14 cm lang und hat eine Gravurfl\u00e4che von 5,5 cm x 0,6 cm. Wir k\u00f6nnen Ihren gravierten Stift in 1 von 15 verf\u00fcgbaren Farben herstellen. Bei der Eingabe des Textes zum Gravieren k\u00f6nnen Sie aus den 15 beliebtesten Schriftarten ausw\u00e4hlen. Auf Anfrage k\u00f6nnen wir Ihr Stiftdesign zur Vorschau senden, damit Sie zufrieden sind.<\/p>\n","protected":false},"featured_media":41476,"comment_status":"open","ping_status":"closed","template":"","meta":[],"product_brand":[],"product_cat":[504,8482],"product_tag":[],"class_list":{"0":"post-41475","1":"product","2":"type-product","3":"status-publish","4":"has-post-thumbnail","6":"product_cat-buerobedarf-schreibwaren","7":"product_cat-kuenstler-bastelbedarf","8":"pa_brand-decorsconcept","9":"pa_brand-thames-hudson","10":"pa_manufacturer-decorsconcept","12":"first","13":"instock","14":"shipping-taxable","15":"purchasable","16":"product-type-simple","17":"customify-col","18":"product-has-gallery"},"yoast_head":"<!-- This site is optimized with the Yoast SEO plugin v27.4 - https:\/\/yoast.com\/product\/yoast-seo-wordpress\/ -->\n<title>Kugelschreiber mit Gravur - Geschenk hochwertig f\u00fcr jeden. Personalisierter kugelschreiber perfekt als Werbegeschenke\u2026 - Markt-XXL<\/title>\n<meta name=\"description\" content=\"Markt-XXL Kugelschreiber mit Gravur - Geschenk hochwertig f\u00fcr jeden. Personalisierter kugelschreiber perfekt als Werbegeschenke\u2026\" \/>\n<meta name=\"robots\" content=\"index, follow, max-snippet:-1, max-image-preview:large, max-video-preview:-1\" \/>\n<link rel=\"canonical\" href=\"https:\/\/marktxxl.de\/markt\/produkt\/kugelschreiber-mit-gravur-geschenk-hochwertig-fuer-jeden-personalisierter-kugelschreiber-perfekt-als-werbegeschenke-firmenartikel-partygeschenke-grosse-eroeffnungen-und-messen-decorsc\/\" \/>\n<meta property=\"og:locale\" content=\"de_DE\" \/>\n<meta property=\"og:type\" content=\"article\" \/>\n<meta property=\"og:title\" content=\"Kugelschreiber mit Gravur - Geschenk hochwertig f\u00fcr jeden. Personalisierter kugelschreiber perfekt als Werbegeschenke\u2026 - Markt-XXL\" \/>\n<meta property=\"og:description\" content=\"Markt-XXL Kugelschreiber mit Gravur - Geschenk hochwertig f\u00fcr jeden. Personalisierter kugelschreiber perfekt als Werbegeschenke\u2026\" \/>\n<meta property=\"og:url\" content=\"https:\/\/marktxxl.de\/markt\/produkt\/kugelschreiber-mit-gravur-geschenk-hochwertig-fuer-jeden-personalisierter-kugelschreiber-perfekt-als-werbegeschenke-firmenartikel-partygeschenke-grosse-eroeffnungen-und-messen-decorsc\/\" \/>\n<meta property=\"og:site_name\" content=\"Markt-XXL\" \/>\n<meta property=\"article:modified_time\" content=\"2023-04-09T23:44:17+00:00\" \/>\n<meta property=\"og:image\" content=\"https:\/\/m.media-amazon.com\/images\/I\/51hJhux4aeL._SL500_.jpg\" \/>\n\t<meta property=\"og:image:width\" content=\"500\" \/>\n\t<meta property=\"og:image:height\" content=\"367\" \/>\n\t<meta property=\"og:image:type\" content=\"image\/jpeg\" \/>\n<meta name=\"twitter:card\" content=\"summary_large_image\" \/>\n<meta name=\"twitter:label1\" content=\"Gesch\u00e4tzte Lesezeit\" \/>\n\t<meta name=\"twitter:data1\" content=\"1\u00a0Minute\" \/>\n<script type=\"application\/ld+json\" class=\"yoast-schema-graph\">{\"@context\":\"https:\\\/\\\/schema.org\",\"@graph\":[{\"@type\":\"WebPage\",\"@id\":\"https:\\\/\\\/marktxxl.de\\\/markt\\\/produkt\\\/kugelschreiber-mit-gravur-geschenk-hochwertig-fuer-jeden-personalisierter-kugelschreiber-perfekt-als-werbegeschenke-firmenartikel-partygeschenke-grosse-eroeffnungen-und-messen-decorsc\\\/\",\"url\":\"https:\\\/\\\/marktxxl.de\\\/markt\\\/produkt\\\/kugelschreiber-mit-gravur-geschenk-hochwertig-fuer-jeden-personalisierter-kugelschreiber-perfekt-als-werbegeschenke-firmenartikel-partygeschenke-grosse-eroeffnungen-und-messen-decorsc\\\/\",\"name\":\"Kugelschreiber mit Gravur - Geschenk hochwertig f\u00fcr jeden. Personalisierter kugelschreiber perfekt als Werbegeschenke\u2026 - Markt-XXL\",\"isPartOf\":{\"@id\":\"https:\\\/\\\/marktxxl.de\\\/markt\\\/#website\"},\"primaryImageOfPage\":{\"@id\":\"https:\\\/\\\/marktxxl.de\\\/markt\\\/produkt\\\/kugelschreiber-mit-gravur-geschenk-hochwertig-fuer-jeden-personalisierter-kugelschreiber-perfekt-als-werbegeschenke-firmenartikel-partygeschenke-grosse-eroeffnungen-und-messen-decorsc\\\/#primaryimage\"},\"image\":{\"@id\":\"https:\\\/\\\/marktxxl.de\\\/markt\\\/produkt\\\/kugelschreiber-mit-gravur-geschenk-hochwertig-fuer-jeden-personalisierter-kugelschreiber-perfekt-als-werbegeschenke-firmenartikel-partygeschenke-grosse-eroeffnungen-und-messen-decorsc\\\/#primaryimage\"},\"thumbnailUrl\":\"https:\\\/\\\/m.media-amazon.com\\\/images\\\/I\\\/51hJhux4aeL._SL500_.jpg\",\"datePublished\":\"2021-09-26T11:57:07+00:00\",\"dateModified\":\"2023-04-09T23:44:17+00:00\",\"description\":\"Markt-XXL Kugelschreiber mit Gravur - Geschenk hochwertig f\u00fcr jeden. Personalisierter kugelschreiber perfekt als Werbegeschenke\u2026\",\"breadcrumb\":{\"@id\":\"https:\\\/\\\/marktxxl.de\\\/markt\\\/produkt\\\/kugelschreiber-mit-gravur-geschenk-hochwertig-fuer-jeden-personalisierter-kugelschreiber-perfekt-als-werbegeschenke-firmenartikel-partygeschenke-grosse-eroeffnungen-und-messen-decorsc\\\/#breadcrumb\"},\"inLanguage\":\"de\",\"potentialAction\":[{\"@type\":\"ReadAction\",\"target\":[\"https:\\\/\\\/marktxxl.de\\\/markt\\\/produkt\\\/kugelschreiber-mit-gravur-geschenk-hochwertig-fuer-jeden-personalisierter-kugelschreiber-perfekt-als-werbegeschenke-firmenartikel-partygeschenke-grosse-eroeffnungen-und-messen-decorsc\\\/\"]}]},{\"@type\":\"ImageObject\",\"inLanguage\":\"de\",\"@id\":\"https:\\\/\\\/marktxxl.de\\\/markt\\\/produkt\\\/kugelschreiber-mit-gravur-geschenk-hochwertig-fuer-jeden-personalisierter-kugelschreiber-perfekt-als-werbegeschenke-firmenartikel-partygeschenke-grosse-eroeffnungen-und-messen-decorsc\\\/#primaryimage\",\"url\":\"https:\\\/\\\/m.media-amazon.com\\\/images\\\/I\\\/51hJhux4aeL._SL500_.jpg\",\"contentUrl\":\"https:\\\/\\\/m.media-amazon.com\\\/images\\\/I\\\/51hJhux4aeL._SL500_.jpg\",\"width\":500,\"height\":367},{\"@type\":\"BreadcrumbList\",\"@id\":\"https:\\\/\\\/marktxxl.de\\\/markt\\\/produkt\\\/kugelschreiber-mit-gravur-geschenk-hochwertig-fuer-jeden-personalisierter-kugelschreiber-perfekt-als-werbegeschenke-firmenartikel-partygeschenke-grosse-eroeffnungen-und-messen-decorsc\\\/#breadcrumb\",\"itemListElement\":[{\"@type\":\"ListItem\",\"position\":1,\"name\":\"Startseite\",\"item\":\"https:\\\/\\\/marktxxl.de\\\/markt\\\/\"},{\"@type\":\"ListItem\",\"position\":2,\"name\":\"Markt\",\"item\":\"https:\\\/\\\/marktxxl.de\\\/markt\\\/\"},{\"@type\":\"ListItem\",\"position\":3,\"name\":\"Kugelschreiber mit Gravur &#8211; Geschenk hochwertig f\u00fcr jeden. Personalisierter kugelschreiber perfekt als Werbegeschenke\u2026\"}]},{\"@type\":\"WebSite\",\"@id\":\"https:\\\/\\\/marktxxl.de\\\/markt\\\/#website\",\"url\":\"https:\\\/\\\/marktxxl.de\\\/markt\\\/\",\"name\":\"Markt-XXL\",\"description\":\"Ihr Markt Online\",\"publisher\":{\"@id\":\"https:\\\/\\\/marktxxl.de\\\/markt\\\/#organization\"},\"potentialAction\":[{\"@type\":\"SearchAction\",\"target\":{\"@type\":\"EntryPoint\",\"urlTemplate\":\"https:\\\/\\\/marktxxl.de\\\/markt\\\/?s={search_term_string}\"},\"query-input\":{\"@type\":\"PropertyValueSpecification\",\"valueRequired\":true,\"valueName\":\"search_term_string\"}}],\"inLanguage\":\"de\"},{\"@type\":\"Organization\",\"@id\":\"https:\\\/\\\/marktxxl.de\\\/markt\\\/#organization\",\"name\":\"Markt-XXL\",\"url\":\"https:\\\/\\\/marktxxl.de\\\/markt\\\/\",\"logo\":{\"@type\":\"ImageObject\",\"inLanguage\":\"de\",\"@id\":\"https:\\\/\\\/marktxxl.de\\\/markt\\\/#\\\/schema\\\/logo\\\/image\\\/\",\"url\":\"https:\\\/\\\/marktxxl.de\\\/markt\\\/wp-content\\\/uploads\\\/sites\\\/3\\\/2020\\\/12\\\/logo.png\",\"contentUrl\":\"https:\\\/\\\/marktxxl.de\\\/markt\\\/wp-content\\\/uploads\\\/sites\\\/3\\\/2020\\\/12\\\/logo.png\",\"width\":200,\"height\":70,\"caption\":\"Markt-XXL\"},\"image\":{\"@id\":\"https:\\\/\\\/marktxxl.de\\\/markt\\\/#\\\/schema\\\/logo\\\/image\\\/\"}}]}<\/script>\n<!-- \/ Yoast SEO plugin. -->","yoast_head_json":{"title":"Kugelschreiber mit Gravur - Geschenk hochwertig f\u00fcr jeden. Personalisierter kugelschreiber perfekt als Werbegeschenke\u2026 - Markt-XXL","description":"Markt-XXL Kugelschreiber mit Gravur - Geschenk hochwertig f\u00fcr jeden. Personalisierter kugelschreiber perfekt als Werbegeschenke\u2026","robots":{"index":"index","follow":"follow","max-snippet":"max-snippet:-1","max-image-preview":"max-image-preview:large","max-video-preview":"max-video-preview:-1"},"canonical":"https:\/\/marktxxl.de\/markt\/produkt\/kugelschreiber-mit-gravur-geschenk-hochwertig-fuer-jeden-personalisierter-kugelschreiber-perfekt-als-werbegeschenke-firmenartikel-partygeschenke-grosse-eroeffnungen-und-messen-decorsc\/","og_locale":"de_DE","og_type":"article","og_title":"Kugelschreiber mit Gravur - Geschenk hochwertig f\u00fcr jeden. Personalisierter kugelschreiber perfekt als Werbegeschenke\u2026 - Markt-XXL","og_description":"Markt-XXL Kugelschreiber mit Gravur - Geschenk hochwertig f\u00fcr jeden. Personalisierter kugelschreiber perfekt als Werbegeschenke\u2026","og_url":"https:\/\/marktxxl.de\/markt\/produkt\/kugelschreiber-mit-gravur-geschenk-hochwertig-fuer-jeden-personalisierter-kugelschreiber-perfekt-als-werbegeschenke-firmenartikel-partygeschenke-grosse-eroeffnungen-und-messen-decorsc\/","og_site_name":"Markt-XXL","article_modified_time":"2023-04-09T23:44:17+00:00","og_image":[{"width":500,"height":367,"url":"https:\/\/m.media-amazon.com\/images\/I\/51hJhux4aeL._SL500_.jpg","type":"image\/jpeg"}],"twitter_card":"summary_large_image","twitter_misc":{"Gesch\u00e4tzte Lesezeit":"1\u00a0Minute"},"schema":{"@context":"https:\/\/schema.org","@graph":[{"@type":"WebPage","@id":"https:\/\/marktxxl.de\/markt\/produkt\/kugelschreiber-mit-gravur-geschenk-hochwertig-fuer-jeden-personalisierter-kugelschreiber-perfekt-als-werbegeschenke-firmenartikel-partygeschenke-grosse-eroeffnungen-und-messen-decorsc\/","url":"https:\/\/marktxxl.de\/markt\/produkt\/kugelschreiber-mit-gravur-geschenk-hochwertig-fuer-jeden-personalisierter-kugelschreiber-perfekt-als-werbegeschenke-firmenartikel-partygeschenke-grosse-eroeffnungen-und-messen-decorsc\/","name":"Kugelschreiber mit Gravur - Geschenk hochwertig f\u00fcr jeden. Personalisierter kugelschreiber perfekt als Werbegeschenke\u2026 - Markt-XXL","isPartOf":{"@id":"https:\/\/marktxxl.de\/markt\/#website"},"primaryImageOfPage":{"@id":"https:\/\/marktxxl.de\/markt\/produkt\/kugelschreiber-mit-gravur-geschenk-hochwertig-fuer-jeden-personalisierter-kugelschreiber-perfekt-als-werbegeschenke-firmenartikel-partygeschenke-grosse-eroeffnungen-und-messen-decorsc\/#primaryimage"},"image":{"@id":"https:\/\/marktxxl.de\/markt\/produkt\/kugelschreiber-mit-gravur-geschenk-hochwertig-fuer-jeden-personalisierter-kugelschreiber-perfekt-als-werbegeschenke-firmenartikel-partygeschenke-grosse-eroeffnungen-und-messen-decorsc\/#primaryimage"},"thumbnailUrl":"https:\/\/m.media-amazon.com\/images\/I\/51hJhux4aeL._SL500_.jpg","datePublished":"2021-09-26T11:57:07+00:00","dateModified":"2023-04-09T23:44:17+00:00","description":"Markt-XXL Kugelschreiber mit Gravur - Geschenk hochwertig f\u00fcr jeden. Personalisierter kugelschreiber perfekt als Werbegeschenke\u2026","breadcrumb":{"@id":"https:\/\/marktxxl.de\/markt\/produkt\/kugelschreiber-mit-gravur-geschenk-hochwertig-fuer-jeden-personalisierter-kugelschreiber-perfekt-als-werbegeschenke-firmenartikel-partygeschenke-grosse-eroeffnungen-und-messen-decorsc\/#breadcrumb"},"inLanguage":"de","potentialAction":[{"@type":"ReadAction","target":["https:\/\/marktxxl.de\/markt\/produkt\/kugelschreiber-mit-gravur-geschenk-hochwertig-fuer-jeden-personalisierter-kugelschreiber-perfekt-als-werbegeschenke-firmenartikel-partygeschenke-grosse-eroeffnungen-und-messen-decorsc\/"]}]},{"@type":"ImageObject","inLanguage":"de","@id":"https:\/\/marktxxl.de\/markt\/produkt\/kugelschreiber-mit-gravur-geschenk-hochwertig-fuer-jeden-personalisierter-kugelschreiber-perfekt-als-werbegeschenke-firmenartikel-partygeschenke-grosse-eroeffnungen-und-messen-decorsc\/#primaryimage","url":"https:\/\/m.media-amazon.com\/images\/I\/51hJhux4aeL._SL500_.jpg","contentUrl":"https:\/\/m.media-amazon.com\/images\/I\/51hJhux4aeL._SL500_.jpg","width":500,"height":367},{"@type":"BreadcrumbList","@id":"https:\/\/marktxxl.de\/markt\/produkt\/kugelschreiber-mit-gravur-geschenk-hochwertig-fuer-jeden-personalisierter-kugelschreiber-perfekt-als-werbegeschenke-firmenartikel-partygeschenke-grosse-eroeffnungen-und-messen-decorsc\/#breadcrumb","itemListElement":[{"@type":"ListItem","position":1,"name":"Startseite","item":"https:\/\/marktxxl.de\/markt\/"},{"@type":"ListItem","position":2,"name":"Markt","item":"https:\/\/marktxxl.de\/markt\/"},{"@type":"ListItem","position":3,"name":"Kugelschreiber mit Gravur &#8211; Geschenk hochwertig f\u00fcr jeden. Personalisierter kugelschreiber perfekt als Werbegeschenke\u2026"}]},{"@type":"WebSite","@id":"https:\/\/marktxxl.de\/markt\/#website","url":"https:\/\/marktxxl.de\/markt\/","name":"Markt-XXL","description":"Ihr Markt Online","publisher":{"@id":"https:\/\/marktxxl.de\/markt\/#organization"},"potentialAction":[{"@type":"SearchAction","target":{"@type":"EntryPoint","urlTemplate":"https:\/\/marktxxl.de\/markt\/?s={search_term_string}"},"query-input":{"@type":"PropertyValueSpecification","valueRequired":true,"valueName":"search_term_string"}}],"inLanguage":"de"},{"@type":"Organization","@id":"https:\/\/marktxxl.de\/markt\/#organization","name":"Markt-XXL","url":"https:\/\/marktxxl.de\/markt\/","logo":{"@type":"ImageObject","inLanguage":"de","@id":"https:\/\/marktxxl.de\/markt\/#\/schema\/logo\/image\/","url":"https:\/\/marktxxl.de\/markt\/wp-content\/uploads\/sites\/3\/2020\/12\/logo.png","contentUrl":"https:\/\/marktxxl.de\/markt\/wp-content\/uploads\/sites\/3\/2020\/12\/logo.png","width":200,"height":70,"caption":"Markt-XXL"},"image":{"@id":"https:\/\/marktxxl.de\/markt\/#\/schema\/logo\/image\/"}}]}},"_links":{"self":[{"href":"https:\/\/marktxxl.de\/markt\/wp-json\/wp\/v2\/product\/41475","targetHints":{"allow":["GET"]}}],"collection":[{"href":"https:\/\/marktxxl.de\/markt\/wp-json\/wp\/v2\/product"}],"about":[{"href":"https:\/\/marktxxl.de\/markt\/wp-json\/wp\/v2\/types\/product"}],"replies":[{"embeddable":true,"href":"https:\/\/marktxxl.de\/markt\/wp-json\/wp\/v2\/comments?post=41475"}],"wp:featuredmedia":[{"embeddable":true,"href":"https:\/\/marktxxl.de\/markt\/wp-json\/wp\/v2\/media\/41476"}],"wp:attachment":[{"href":"https:\/\/marktxxl.de\/markt\/wp-json\/wp\/v2\/media?parent=41475"}],"wp:term":[{"taxonomy":"product_brand","embeddable":true,"href":"https:\/\/marktxxl.de\/markt\/wp-json\/wp\/v2\/product_brand?post=41475"},{"taxonomy":"product_cat","embeddable":true,"href":"https:\/\/marktxxl.de\/markt\/wp-json\/wp\/v2\/product_cat?post=41475"},{"taxonomy":"product_tag","embeddable":true,"href":"https:\/\/marktxxl.de\/markt\/wp-json\/wp\/v2\/product_tag?post=41475"}],"curies":[{"name":"wp","href":"https:\/\/api.w.org\/{rel}","templated":true}]}}