{"id":41429,"date":"2021-09-26T13:56:05","date_gmt":"2021-09-26T11:56:05","guid":{"rendered":"https:\/\/marktxxl.de\/markt\/produkt\/hallmark-5wdb6002-large-gift-bag-with-tissue-paper-harry-potter-hot-property-geschenktasche-papier-rot\/"},"modified":"2023-04-10T01:44:16","modified_gmt":"2023-04-09T23:44:16","slug":"hallmark-5wdb6002-large-gift-bag-with-tissue-paper-harry-potter-hot-property-geschenktasche-papier-rot","status":"publish","type":"product","link":"https:\/\/marktxxl.de\/markt\/produkt\/hallmark-5wdb6002-large-gift-bag-with-tissue-paper-harry-potter-hot-property-geschenktasche-papier-rot\/","title":{"rendered":"Hallmark 5WDB6002 Geschenkt\u00fcte mit Seidenpapier Hot Property Mit Geschenkbeutel, Papier, Gro\u00dfer Harry Potter"},"content":{"rendered":"<p>Gro\u00dfe Geschenkt\u00fcte misst 26,7 cm x 33 cm x 14 cm und kann bis zu 10 kg tragen. Ideal f\u00fcr B\u00fccher, Kleidung, St\u00e4bchen, Gryffindor Schals oder eine Sammlung kleiner Gegenst\u00e4nde.<br \/>\nDie Geschenktasche verf\u00fcgt \u00fcber ein Hogwarts-Wappen mit den Emblemen von Hufflepuff, Ravenclaw, Slytherin und Gryffindor an den Seiten. Ein Geschenkanh\u00e4nger, Kordelgriffe und drei Bl\u00e4tter wei\u00dfes Seidenpapier runden das Paket ab.<br \/>\nInnovatives, patentiertes Kartenfach im Inneren der Tasche h\u00e4lt Ihre Karte (separat erh\u00e4ltlich) vorne und in der Mitte; f\u00fcr die meisten Hallmark Gru\u00dfkartengr\u00f6\u00dfen.<br \/>\nMit einem magischen Design ist diese gro\u00dfe Geschenkt\u00fcte eine lustige Art, Ihr Geschenk f\u00fcr einen Becher, Hexe oder Zauberer auf jeder Geburtstagsparty oder Feier f\u00fcr einen Harry Potter Fan.<br \/>\nHergestellt aus hochwertigen Papiermaterialien, die umweltfreundlichen Geschenkt\u00fcten von Hallmark werden aus Papier aus gut bewirtschafteten W\u00e4ldern hergestellt.<br \/>\n<div class=\"main-cross-sell\" data-asin=\"B07HFPGP17\">\n\n\t<div class=\"WooZone-cross-sell-loader\">\n\t\t<div>\n\t\t\t<div id=\"floatingBarsG\">\n\t\t\t\t<div class=\"blockG\" id=\"rotateG_01\"><\/div>\n\t\t\t\t<div class=\"blockG\" id=\"rotateG_02\"><\/div>\n\t\t\t\t<div class=\"blockG\" id=\"rotateG_03\"><\/div>\n\t\t\t\t<div class=\"blockG\" id=\"rotateG_04\"><\/div>\n\t\t\t\t<div class=\"blockG\" id=\"rotateG_05\"><\/div>\n\t\t\t\t<div class=\"blockG\" id=\"rotateG_06\"><\/div>\n\t\t\t\t<div class=\"blockG\" id=\"rotateG_07\"><\/div>\n\t\t\t\t<div class=\"blockG\" id=\"rotateG_08\"><\/div>\n\t\t\t<\/div>\n\t\t\t<div class=\"WooZone-cross-sell-loader-text\"><\/div>\n\t\t<\/div>\n\t<\/div>\n\n\t\t\n<\/div>\n<div style=\"clear:both;\"><\/div><\/p>\n","protected":false},"excerpt":{"rendered":"<p>Gro\u00dfe Geschenkt\u00fcte misst 26,7 cm x 33 cm x 14 cm und kann bis zu 10 kg tragen. Ideal f\u00fcr B\u00fccher, Kleidung, St\u00e4bchen, Gryffindor Schals oder eine Sammlung kleiner Gegenst\u00e4nde.<br \/>\nDie Geschenktasche verf\u00fcgt \u00fcber ein Hogwarts-Wappen mit den Emblemen von Hufflepuff, Ravenclaw, Slytherin und Gryffindor an den Seiten. Ein Geschenkanh\u00e4nger, Kordelgriffe und drei Bl\u00e4tter wei\u00dfes Seidenpapier runden das Paket ab.<br \/>\nInnovatives, patentiertes Kartenfach im Inneren der Tasche h\u00e4lt Ihre Karte (separat erh\u00e4ltlich) vorne und in der Mitte; f\u00fcr die meisten Hallmark Gru\u00dfkartengr\u00f6\u00dfen.<\/p>\n","protected":false},"featured_media":41430,"comment_status":"open","ping_status":"closed","template":"","meta":[],"product_brand":[],"product_cat":[504,8703],"product_tag":[],"class_list":{"0":"post-41429","1":"product","2":"type-product","3":"status-publish","4":"has-post-thumbnail","6":"product_cat-buerobedarf-schreibwaren","7":"product_cat-umschlaege-versandzubehoer","8":"pa_binding-haushaltswaren","9":"pa_brand-hallmark","10":"pa_color-rot","11":"pa_height-13-zoll","12":"pa_length-5-75-zoll","13":"pa_manufacturer-hallmark","14":"pa_model-5wdb6002","15":"pa_size-large","16":"pa_width-10-47-zoll","18":"first","19":"instock","20":"shipping-taxable","21":"purchasable","22":"product-type-simple","23":"customify-col","24":"product-has-gallery"},"yoast_head":"<!-- This site is optimized with the Yoast SEO plugin v27.4 - https:\/\/yoast.com\/product\/yoast-seo-wordpress\/ -->\n<title>Hallmark 5WDB6002 Geschenkt\u00fcte mit Seidenpapier Hot Property Mit Geschenkbeutel, Papier, Gro\u00dfer Harry Potter - Markt-XXL<\/title>\n<meta name=\"description\" content=\"Markt-XXL Hallmark 5WDB6002 Geschenkt\u00fcte mit Seidenpapier Hot Property Mit Geschenkbeutel, Papier, Gro\u00dfer Harry Potter\" \/>\n<meta name=\"robots\" content=\"index, follow, max-snippet:-1, max-image-preview:large, max-video-preview:-1\" \/>\n<link rel=\"canonical\" href=\"https:\/\/marktxxl.de\/markt\/produkt\/hallmark-5wdb6002-large-gift-bag-with-tissue-paper-harry-potter-hot-property-geschenktasche-papier-rot\/\" \/>\n<meta property=\"og:locale\" content=\"de_DE\" \/>\n<meta property=\"og:type\" content=\"article\" \/>\n<meta property=\"og:title\" content=\"Hallmark 5WDB6002 Geschenkt\u00fcte mit Seidenpapier Hot Property Mit Geschenkbeutel, Papier, Gro\u00dfer Harry Potter - Markt-XXL\" \/>\n<meta property=\"og:description\" content=\"Markt-XXL Hallmark 5WDB6002 Geschenkt\u00fcte mit Seidenpapier Hot Property Mit Geschenkbeutel, Papier, Gro\u00dfer Harry Potter\" \/>\n<meta property=\"og:url\" content=\"https:\/\/marktxxl.de\/markt\/produkt\/hallmark-5wdb6002-large-gift-bag-with-tissue-paper-harry-potter-hot-property-geschenktasche-papier-rot\/\" \/>\n<meta property=\"og:site_name\" content=\"Markt-XXL\" \/>\n<meta property=\"article:modified_time\" content=\"2023-04-09T23:44:16+00:00\" \/>\n<meta property=\"og:image\" content=\"https:\/\/m.media-amazon.com\/images\/I\/51wghcnpPFL._SL500_.jpg\" \/>\n\t<meta property=\"og:image:width\" content=\"500\" \/>\n\t<meta property=\"og:image:height\" content=\"500\" \/>\n\t<meta property=\"og:image:type\" content=\"image\/jpeg\" \/>\n<meta name=\"twitter:card\" content=\"summary_large_image\" \/>\n<meta name=\"twitter:label1\" content=\"Gesch\u00e4tzte Lesezeit\" \/>\n\t<meta name=\"twitter:data1\" content=\"1\u00a0Minute\" \/>\n<script type=\"application\/ld+json\" class=\"yoast-schema-graph\">{\"@context\":\"https:\\\/\\\/schema.org\",\"@graph\":[{\"@type\":\"WebPage\",\"@id\":\"https:\\\/\\\/marktxxl.de\\\/markt\\\/produkt\\\/hallmark-5wdb6002-large-gift-bag-with-tissue-paper-harry-potter-hot-property-geschenktasche-papier-rot\\\/\",\"url\":\"https:\\\/\\\/marktxxl.de\\\/markt\\\/produkt\\\/hallmark-5wdb6002-large-gift-bag-with-tissue-paper-harry-potter-hot-property-geschenktasche-papier-rot\\\/\",\"name\":\"Hallmark 5WDB6002 Geschenkt\u00fcte mit Seidenpapier Hot Property Mit Geschenkbeutel, Papier, Gro\u00dfer Harry Potter - Markt-XXL\",\"isPartOf\":{\"@id\":\"https:\\\/\\\/marktxxl.de\\\/markt\\\/#website\"},\"primaryImageOfPage\":{\"@id\":\"https:\\\/\\\/marktxxl.de\\\/markt\\\/produkt\\\/hallmark-5wdb6002-large-gift-bag-with-tissue-paper-harry-potter-hot-property-geschenktasche-papier-rot\\\/#primaryimage\"},\"image\":{\"@id\":\"https:\\\/\\\/marktxxl.de\\\/markt\\\/produkt\\\/hallmark-5wdb6002-large-gift-bag-with-tissue-paper-harry-potter-hot-property-geschenktasche-papier-rot\\\/#primaryimage\"},\"thumbnailUrl\":\"https:\\\/\\\/m.media-amazon.com\\\/images\\\/I\\\/51wghcnpPFL._SL500_.jpg\",\"datePublished\":\"2021-09-26T11:56:05+00:00\",\"dateModified\":\"2023-04-09T23:44:16+00:00\",\"description\":\"Markt-XXL Hallmark 5WDB6002 Geschenkt\u00fcte mit Seidenpapier Hot Property Mit Geschenkbeutel, Papier, Gro\u00dfer Harry Potter\",\"breadcrumb\":{\"@id\":\"https:\\\/\\\/marktxxl.de\\\/markt\\\/produkt\\\/hallmark-5wdb6002-large-gift-bag-with-tissue-paper-harry-potter-hot-property-geschenktasche-papier-rot\\\/#breadcrumb\"},\"inLanguage\":\"de\",\"potentialAction\":[{\"@type\":\"ReadAction\",\"target\":[\"https:\\\/\\\/marktxxl.de\\\/markt\\\/produkt\\\/hallmark-5wdb6002-large-gift-bag-with-tissue-paper-harry-potter-hot-property-geschenktasche-papier-rot\\\/\"]}]},{\"@type\":\"ImageObject\",\"inLanguage\":\"de\",\"@id\":\"https:\\\/\\\/marktxxl.de\\\/markt\\\/produkt\\\/hallmark-5wdb6002-large-gift-bag-with-tissue-paper-harry-potter-hot-property-geschenktasche-papier-rot\\\/#primaryimage\",\"url\":\"https:\\\/\\\/m.media-amazon.com\\\/images\\\/I\\\/51wghcnpPFL._SL500_.jpg\",\"contentUrl\":\"https:\\\/\\\/m.media-amazon.com\\\/images\\\/I\\\/51wghcnpPFL._SL500_.jpg\",\"width\":500,\"height\":500},{\"@type\":\"BreadcrumbList\",\"@id\":\"https:\\\/\\\/marktxxl.de\\\/markt\\\/produkt\\\/hallmark-5wdb6002-large-gift-bag-with-tissue-paper-harry-potter-hot-property-geschenktasche-papier-rot\\\/#breadcrumb\",\"itemListElement\":[{\"@type\":\"ListItem\",\"position\":1,\"name\":\"Startseite\",\"item\":\"https:\\\/\\\/marktxxl.de\\\/markt\\\/\"},{\"@type\":\"ListItem\",\"position\":2,\"name\":\"Markt\",\"item\":\"https:\\\/\\\/marktxxl.de\\\/markt\\\/\"},{\"@type\":\"ListItem\",\"position\":3,\"name\":\"Hallmark 5WDB6002 Geschenkt\u00fcte mit Seidenpapier Hot Property Mit Geschenkbeutel, Papier, Gro\u00dfer Harry Potter\"}]},{\"@type\":\"WebSite\",\"@id\":\"https:\\\/\\\/marktxxl.de\\\/markt\\\/#website\",\"url\":\"https:\\\/\\\/marktxxl.de\\\/markt\\\/\",\"name\":\"Markt-XXL\",\"description\":\"Ihr Markt Online\",\"publisher\":{\"@id\":\"https:\\\/\\\/marktxxl.de\\\/markt\\\/#organization\"},\"potentialAction\":[{\"@type\":\"SearchAction\",\"target\":{\"@type\":\"EntryPoint\",\"urlTemplate\":\"https:\\\/\\\/marktxxl.de\\\/markt\\\/?s={search_term_string}\"},\"query-input\":{\"@type\":\"PropertyValueSpecification\",\"valueRequired\":true,\"valueName\":\"search_term_string\"}}],\"inLanguage\":\"de\"},{\"@type\":\"Organization\",\"@id\":\"https:\\\/\\\/marktxxl.de\\\/markt\\\/#organization\",\"name\":\"Markt-XXL\",\"url\":\"https:\\\/\\\/marktxxl.de\\\/markt\\\/\",\"logo\":{\"@type\":\"ImageObject\",\"inLanguage\":\"de\",\"@id\":\"https:\\\/\\\/marktxxl.de\\\/markt\\\/#\\\/schema\\\/logo\\\/image\\\/\",\"url\":\"https:\\\/\\\/marktxxl.de\\\/markt\\\/wp-content\\\/uploads\\\/sites\\\/3\\\/2020\\\/12\\\/logo.png\",\"contentUrl\":\"https:\\\/\\\/marktxxl.de\\\/markt\\\/wp-content\\\/uploads\\\/sites\\\/3\\\/2020\\\/12\\\/logo.png\",\"width\":200,\"height\":70,\"caption\":\"Markt-XXL\"},\"image\":{\"@id\":\"https:\\\/\\\/marktxxl.de\\\/markt\\\/#\\\/schema\\\/logo\\\/image\\\/\"}}]}<\/script>\n<!-- \/ Yoast SEO plugin. -->","yoast_head_json":{"title":"Hallmark 5WDB6002 Geschenkt\u00fcte mit Seidenpapier Hot Property Mit Geschenkbeutel, Papier, Gro\u00dfer Harry Potter - Markt-XXL","description":"Markt-XXL Hallmark 5WDB6002 Geschenkt\u00fcte mit Seidenpapier Hot Property Mit Geschenkbeutel, Papier, Gro\u00dfer Harry Potter","robots":{"index":"index","follow":"follow","max-snippet":"max-snippet:-1","max-image-preview":"max-image-preview:large","max-video-preview":"max-video-preview:-1"},"canonical":"https:\/\/marktxxl.de\/markt\/produkt\/hallmark-5wdb6002-large-gift-bag-with-tissue-paper-harry-potter-hot-property-geschenktasche-papier-rot\/","og_locale":"de_DE","og_type":"article","og_title":"Hallmark 5WDB6002 Geschenkt\u00fcte mit Seidenpapier Hot Property Mit Geschenkbeutel, Papier, Gro\u00dfer Harry Potter - Markt-XXL","og_description":"Markt-XXL Hallmark 5WDB6002 Geschenkt\u00fcte mit Seidenpapier Hot Property Mit Geschenkbeutel, Papier, Gro\u00dfer Harry Potter","og_url":"https:\/\/marktxxl.de\/markt\/produkt\/hallmark-5wdb6002-large-gift-bag-with-tissue-paper-harry-potter-hot-property-geschenktasche-papier-rot\/","og_site_name":"Markt-XXL","article_modified_time":"2023-04-09T23:44:16+00:00","og_image":[{"width":500,"height":500,"url":"https:\/\/m.media-amazon.com\/images\/I\/51wghcnpPFL._SL500_.jpg","type":"image\/jpeg"}],"twitter_card":"summary_large_image","twitter_misc":{"Gesch\u00e4tzte Lesezeit":"1\u00a0Minute"},"schema":{"@context":"https:\/\/schema.org","@graph":[{"@type":"WebPage","@id":"https:\/\/marktxxl.de\/markt\/produkt\/hallmark-5wdb6002-large-gift-bag-with-tissue-paper-harry-potter-hot-property-geschenktasche-papier-rot\/","url":"https:\/\/marktxxl.de\/markt\/produkt\/hallmark-5wdb6002-large-gift-bag-with-tissue-paper-harry-potter-hot-property-geschenktasche-papier-rot\/","name":"Hallmark 5WDB6002 Geschenkt\u00fcte mit Seidenpapier Hot Property Mit Geschenkbeutel, Papier, Gro\u00dfer Harry Potter - Markt-XXL","isPartOf":{"@id":"https:\/\/marktxxl.de\/markt\/#website"},"primaryImageOfPage":{"@id":"https:\/\/marktxxl.de\/markt\/produkt\/hallmark-5wdb6002-large-gift-bag-with-tissue-paper-harry-potter-hot-property-geschenktasche-papier-rot\/#primaryimage"},"image":{"@id":"https:\/\/marktxxl.de\/markt\/produkt\/hallmark-5wdb6002-large-gift-bag-with-tissue-paper-harry-potter-hot-property-geschenktasche-papier-rot\/#primaryimage"},"thumbnailUrl":"https:\/\/m.media-amazon.com\/images\/I\/51wghcnpPFL._SL500_.jpg","datePublished":"2021-09-26T11:56:05+00:00","dateModified":"2023-04-09T23:44:16+00:00","description":"Markt-XXL Hallmark 5WDB6002 Geschenkt\u00fcte mit Seidenpapier Hot Property Mit Geschenkbeutel, Papier, Gro\u00dfer Harry Potter","breadcrumb":{"@id":"https:\/\/marktxxl.de\/markt\/produkt\/hallmark-5wdb6002-large-gift-bag-with-tissue-paper-harry-potter-hot-property-geschenktasche-papier-rot\/#breadcrumb"},"inLanguage":"de","potentialAction":[{"@type":"ReadAction","target":["https:\/\/marktxxl.de\/markt\/produkt\/hallmark-5wdb6002-large-gift-bag-with-tissue-paper-harry-potter-hot-property-geschenktasche-papier-rot\/"]}]},{"@type":"ImageObject","inLanguage":"de","@id":"https:\/\/marktxxl.de\/markt\/produkt\/hallmark-5wdb6002-large-gift-bag-with-tissue-paper-harry-potter-hot-property-geschenktasche-papier-rot\/#primaryimage","url":"https:\/\/m.media-amazon.com\/images\/I\/51wghcnpPFL._SL500_.jpg","contentUrl":"https:\/\/m.media-amazon.com\/images\/I\/51wghcnpPFL._SL500_.jpg","width":500,"height":500},{"@type":"BreadcrumbList","@id":"https:\/\/marktxxl.de\/markt\/produkt\/hallmark-5wdb6002-large-gift-bag-with-tissue-paper-harry-potter-hot-property-geschenktasche-papier-rot\/#breadcrumb","itemListElement":[{"@type":"ListItem","position":1,"name":"Startseite","item":"https:\/\/marktxxl.de\/markt\/"},{"@type":"ListItem","position":2,"name":"Markt","item":"https:\/\/marktxxl.de\/markt\/"},{"@type":"ListItem","position":3,"name":"Hallmark 5WDB6002 Geschenkt\u00fcte mit Seidenpapier Hot Property Mit Geschenkbeutel, Papier, Gro\u00dfer Harry Potter"}]},{"@type":"WebSite","@id":"https:\/\/marktxxl.de\/markt\/#website","url":"https:\/\/marktxxl.de\/markt\/","name":"Markt-XXL","description":"Ihr Markt Online","publisher":{"@id":"https:\/\/marktxxl.de\/markt\/#organization"},"potentialAction":[{"@type":"SearchAction","target":{"@type":"EntryPoint","urlTemplate":"https:\/\/marktxxl.de\/markt\/?s={search_term_string}"},"query-input":{"@type":"PropertyValueSpecification","valueRequired":true,"valueName":"search_term_string"}}],"inLanguage":"de"},{"@type":"Organization","@id":"https:\/\/marktxxl.de\/markt\/#organization","name":"Markt-XXL","url":"https:\/\/marktxxl.de\/markt\/","logo":{"@type":"ImageObject","inLanguage":"de","@id":"https:\/\/marktxxl.de\/markt\/#\/schema\/logo\/image\/","url":"https:\/\/marktxxl.de\/markt\/wp-content\/uploads\/sites\/3\/2020\/12\/logo.png","contentUrl":"https:\/\/marktxxl.de\/markt\/wp-content\/uploads\/sites\/3\/2020\/12\/logo.png","width":200,"height":70,"caption":"Markt-XXL"},"image":{"@id":"https:\/\/marktxxl.de\/markt\/#\/schema\/logo\/image\/"}}]}},"_links":{"self":[{"href":"https:\/\/marktxxl.de\/markt\/wp-json\/wp\/v2\/product\/41429","targetHints":{"allow":["GET"]}}],"collection":[{"href":"https:\/\/marktxxl.de\/markt\/wp-json\/wp\/v2\/product"}],"about":[{"href":"https:\/\/marktxxl.de\/markt\/wp-json\/wp\/v2\/types\/product"}],"replies":[{"embeddable":true,"href":"https:\/\/marktxxl.de\/markt\/wp-json\/wp\/v2\/comments?post=41429"}],"wp:featuredmedia":[{"embeddable":true,"href":"https:\/\/marktxxl.de\/markt\/wp-json\/wp\/v2\/media\/41430"}],"wp:attachment":[{"href":"https:\/\/marktxxl.de\/markt\/wp-json\/wp\/v2\/media?parent=41429"}],"wp:term":[{"taxonomy":"product_brand","embeddable":true,"href":"https:\/\/marktxxl.de\/markt\/wp-json\/wp\/v2\/product_brand?post=41429"},{"taxonomy":"product_cat","embeddable":true,"href":"https:\/\/marktxxl.de\/markt\/wp-json\/wp\/v2\/product_cat?post=41429"},{"taxonomy":"product_tag","embeddable":true,"href":"https:\/\/marktxxl.de\/markt\/wp-json\/wp\/v2\/product_tag?post=41429"}],"curies":[{"name":"wp","href":"https:\/\/api.w.org\/{rel}","templated":true}]}}