{"id":41334,"date":"2021-09-26T13:54:28","date_gmt":"2021-09-26T11:54:28","guid":{"rendered":"https:\/\/marktxxl.de\/markt\/produkt\/satch-pack-schulrucksack-ergonomisch-30-liter-organisationstalent\/"},"modified":"2023-04-10T01:44:13","modified_gmt":"2023-04-09T23:44:13","slug":"satch-pack-schulrucksack-ergonomisch-30-liter-organisationstalent","status":"publish","type":"product","link":"https:\/\/marktxxl.de\/markt\/produkt\/satch-pack-schulrucksack-ergonomisch-30-liter-organisationstalent\/","title":{"rendered":"satch Sportbeutel 12L, am Rucksack fixierbar, Rei\u00dfverschlussfach"},"content":{"rendered":"<p>Aus dem Bergsport auf den R\u00fccken: Das satch Tragesystem garantiert die Verlagerung des Gewichts von den Schultern auf den stabilen Beckenbereich.<br \/>\nSatch pack w\u00e4chst mit: f\u00fcr einen perfekten Sitz kann die Schultasche auf alle K\u00f6rpergr\u00f6\u00dfen von 1,40 bis 1,80 m angepasst werden.<br \/>\nDas Original: der satch pack Ranzen beeindruckt durch angesagtes Design und perfekte Organisation. Er unterst\u00fctzt bei allem, was diese Woche ansteht.<br \/>\nPerfekte Organisation: mit 2 Hauptf\u00e4chern, Organizerfach und verstellbaren Fronstraps kann alles verstaut werden, was man braucht.<br \/>\nAus 25 PET Flaschen hergestellt: Wir verarbeiten ausschlie\u00dflich Textilien, die zu 100% recycelt werden &#8211; der Umwelt zur Liebe.<br \/>\n<div class=\"main-cross-sell\" data-asin=\"B088LFQ4F6\">\n\n\t<div class=\"WooZone-cross-sell-loader\">\n\t\t<div>\n\t\t\t<div id=\"floatingBarsG\">\n\t\t\t\t<div class=\"blockG\" id=\"rotateG_01\"><\/div>\n\t\t\t\t<div class=\"blockG\" id=\"rotateG_02\"><\/div>\n\t\t\t\t<div class=\"blockG\" id=\"rotateG_03\"><\/div>\n\t\t\t\t<div class=\"blockG\" id=\"rotateG_04\"><\/div>\n\t\t\t\t<div class=\"blockG\" id=\"rotateG_05\"><\/div>\n\t\t\t\t<div class=\"blockG\" id=\"rotateG_06\"><\/div>\n\t\t\t\t<div class=\"blockG\" id=\"rotateG_07\"><\/div>\n\t\t\t\t<div class=\"blockG\" id=\"rotateG_08\"><\/div>\n\t\t\t<\/div>\n\t\t\t<div class=\"WooZone-cross-sell-loader-text\"><\/div>\n\t\t<\/div>\n\t<\/div>\n\n\t\t\n<\/div>\n<div style=\"clear:both;\"><\/div><\/p>\n","protected":false},"excerpt":{"rendered":"<p>Aus dem Bergsport auf den R\u00fccken: Das satch Tragesystem garantiert die Verlagerung des Gewichts von den Schultern auf den stabilen Beckenbereich.<br \/>\nSatch pack w\u00e4chst mit: f\u00fcr einen perfekten Sitz kann die Schultasche auf alle K\u00f6rpergr\u00f6\u00dfen von 1,40 bis 1,80 m angepasst werden.<br \/>\nDas Original: der satch pack Ranzen beeindruckt durch angesagtes Design und perfekte Organisation. Er unterst\u00fctzt bei allem, was diese Woche ansteht.<\/p>\n","protected":false},"featured_media":41345,"comment_status":"open","ping_status":"closed","template":"","meta":[],"product_brand":[],"product_cat":[504,8631],"product_tag":[],"class_list":{"0":"post-41334","1":"product","2":"type-product","3":"status-publish","4":"has-post-thumbnail","6":"product_cat-buerobedarf-schreibwaren","7":"product_cat-schul-unibedarf","8":"pa_binding-luggage","9":"pa_brand-satch","10":"pa_farbe-berry-carry","11":"pa_farbe-black-volcano-schwarz","12":"pa_farbe-blue-bytes-blau","13":"pa_farbe-blue-moon-blau","14":"pa_farbe-phantom-grau","15":"pa_farbe-pink-bermuda-pink","16":"pa_farbe-rot-berry-bash","17":"pa_farbe-skytwist-blau","18":"pa_farbe-sunny-beats-lila","19":"pa_farbe-waikiki-blue","20":"pa_groesse-30-l","21":"pa_groesse-17505","22":"pa_groesse-45x22x30-cm-b-x-h-x-t","23":"pa_groesse-einheitsgroesse","24":"pa_groesse-onesize","25":"pa_height-17-716535415-zoll","26":"pa_length-8-661417314-zoll","27":"pa_manufacturer-satch","28":"pa_size-17502","29":"pa_weight-2-645547144-pfund","30":"pa_width-11-81102361-zoll","32":"first","33":"instock","34":"shipping-taxable","35":"purchasable","36":"product-type-simple","37":"customify-col","38":"product-has-gallery"},"yoast_head":"<!-- This site is optimized with the Yoast SEO plugin v27.3 - https:\/\/yoast.com\/product\/yoast-seo-wordpress\/ -->\n<title>satch Sportbeutel 12L, am Rucksack fixierbar, Rei\u00dfverschlussfach - Markt-XXL<\/title>\n<meta name=\"description\" content=\"Markt-XXL satch Sportbeutel 12L, am Rucksack fixierbar, Rei\u00dfverschlussfach\" \/>\n<meta name=\"robots\" content=\"index, follow, max-snippet:-1, max-image-preview:large, max-video-preview:-1\" \/>\n<link rel=\"canonical\" href=\"https:\/\/marktxxl.de\/markt\/produkt\/satch-pack-schulrucksack-ergonomisch-30-liter-organisationstalent\/\" \/>\n<meta property=\"og:locale\" content=\"de_DE\" \/>\n<meta property=\"og:type\" content=\"article\" \/>\n<meta property=\"og:title\" content=\"satch Sportbeutel 12L, am Rucksack fixierbar, Rei\u00dfverschlussfach - Markt-XXL\" \/>\n<meta property=\"og:description\" content=\"Markt-XXL satch Sportbeutel 12L, am Rucksack fixierbar, Rei\u00dfverschlussfach\" \/>\n<meta property=\"og:url\" content=\"https:\/\/marktxxl.de\/markt\/produkt\/satch-pack-schulrucksack-ergonomisch-30-liter-organisationstalent\/\" \/>\n<meta property=\"og:site_name\" content=\"Markt-XXL\" \/>\n<meta property=\"article:modified_time\" content=\"2023-04-09T23:44:13+00:00\" \/>\n<meta property=\"og:image\" content=\"https:\/\/m.media-amazon.com\/images\/I\/41jCo6ynVYS._SL500_.jpg\" \/>\n\t<meta property=\"og:image:width\" content=\"500\" \/>\n\t<meta property=\"og:image:height\" content=\"500\" \/>\n\t<meta property=\"og:image:type\" content=\"image\/jpeg\" \/>\n<meta name=\"twitter:card\" content=\"summary_large_image\" \/>\n<meta name=\"twitter:label1\" content=\"Gesch\u00e4tzte Lesezeit\" \/>\n\t<meta name=\"twitter:data1\" content=\"1\u00a0Minute\" \/>\n<script type=\"application\/ld+json\" class=\"yoast-schema-graph\">{\"@context\":\"https:\\\/\\\/schema.org\",\"@graph\":[{\"@type\":\"WebPage\",\"@id\":\"https:\\\/\\\/marktxxl.de\\\/markt\\\/produkt\\\/satch-pack-schulrucksack-ergonomisch-30-liter-organisationstalent\\\/\",\"url\":\"https:\\\/\\\/marktxxl.de\\\/markt\\\/produkt\\\/satch-pack-schulrucksack-ergonomisch-30-liter-organisationstalent\\\/\",\"name\":\"satch Sportbeutel 12L, am Rucksack fixierbar, Rei\u00dfverschlussfach - Markt-XXL\",\"isPartOf\":{\"@id\":\"https:\\\/\\\/marktxxl.de\\\/markt\\\/#website\"},\"primaryImageOfPage\":{\"@id\":\"https:\\\/\\\/marktxxl.de\\\/markt\\\/produkt\\\/satch-pack-schulrucksack-ergonomisch-30-liter-organisationstalent\\\/#primaryimage\"},\"image\":{\"@id\":\"https:\\\/\\\/marktxxl.de\\\/markt\\\/produkt\\\/satch-pack-schulrucksack-ergonomisch-30-liter-organisationstalent\\\/#primaryimage\"},\"thumbnailUrl\":\"https:\\\/\\\/m.media-amazon.com\\\/images\\\/I\\\/41jCo6ynVYS._SL500_.jpg\",\"datePublished\":\"2021-09-26T11:54:28+00:00\",\"dateModified\":\"2023-04-09T23:44:13+00:00\",\"description\":\"Markt-XXL satch Sportbeutel 12L, am Rucksack fixierbar, Rei\u00dfverschlussfach\",\"breadcrumb\":{\"@id\":\"https:\\\/\\\/marktxxl.de\\\/markt\\\/produkt\\\/satch-pack-schulrucksack-ergonomisch-30-liter-organisationstalent\\\/#breadcrumb\"},\"inLanguage\":\"de\",\"potentialAction\":[{\"@type\":\"ReadAction\",\"target\":[\"https:\\\/\\\/marktxxl.de\\\/markt\\\/produkt\\\/satch-pack-schulrucksack-ergonomisch-30-liter-organisationstalent\\\/\"]}]},{\"@type\":\"ImageObject\",\"inLanguage\":\"de\",\"@id\":\"https:\\\/\\\/marktxxl.de\\\/markt\\\/produkt\\\/satch-pack-schulrucksack-ergonomisch-30-liter-organisationstalent\\\/#primaryimage\",\"url\":\"https:\\\/\\\/m.media-amazon.com\\\/images\\\/I\\\/41jCo6ynVYS._SL500_.jpg\",\"contentUrl\":\"https:\\\/\\\/m.media-amazon.com\\\/images\\\/I\\\/41jCo6ynVYS._SL500_.jpg\",\"width\":500,\"height\":500},{\"@type\":\"BreadcrumbList\",\"@id\":\"https:\\\/\\\/marktxxl.de\\\/markt\\\/produkt\\\/satch-pack-schulrucksack-ergonomisch-30-liter-organisationstalent\\\/#breadcrumb\",\"itemListElement\":[{\"@type\":\"ListItem\",\"position\":1,\"name\":\"Startseite\",\"item\":\"https:\\\/\\\/marktxxl.de\\\/markt\\\/\"},{\"@type\":\"ListItem\",\"position\":2,\"name\":\"Markt\",\"item\":\"https:\\\/\\\/marktxxl.de\\\/markt\\\/\"},{\"@type\":\"ListItem\",\"position\":3,\"name\":\"satch Sportbeutel 12L, am Rucksack fixierbar, Rei\u00dfverschlussfach\"}]},{\"@type\":\"WebSite\",\"@id\":\"https:\\\/\\\/marktxxl.de\\\/markt\\\/#website\",\"url\":\"https:\\\/\\\/marktxxl.de\\\/markt\\\/\",\"name\":\"Markt-XXL\",\"description\":\"Ihr Markt Online\",\"publisher\":{\"@id\":\"https:\\\/\\\/marktxxl.de\\\/markt\\\/#organization\"},\"potentialAction\":[{\"@type\":\"SearchAction\",\"target\":{\"@type\":\"EntryPoint\",\"urlTemplate\":\"https:\\\/\\\/marktxxl.de\\\/markt\\\/?s={search_term_string}\"},\"query-input\":{\"@type\":\"PropertyValueSpecification\",\"valueRequired\":true,\"valueName\":\"search_term_string\"}}],\"inLanguage\":\"de\"},{\"@type\":\"Organization\",\"@id\":\"https:\\\/\\\/marktxxl.de\\\/markt\\\/#organization\",\"name\":\"Markt-XXL\",\"url\":\"https:\\\/\\\/marktxxl.de\\\/markt\\\/\",\"logo\":{\"@type\":\"ImageObject\",\"inLanguage\":\"de\",\"@id\":\"https:\\\/\\\/marktxxl.de\\\/markt\\\/#\\\/schema\\\/logo\\\/image\\\/\",\"url\":\"https:\\\/\\\/marktxxl.de\\\/markt\\\/wp-content\\\/uploads\\\/sites\\\/3\\\/2020\\\/12\\\/logo.png\",\"contentUrl\":\"https:\\\/\\\/marktxxl.de\\\/markt\\\/wp-content\\\/uploads\\\/sites\\\/3\\\/2020\\\/12\\\/logo.png\",\"width\":200,\"height\":70,\"caption\":\"Markt-XXL\"},\"image\":{\"@id\":\"https:\\\/\\\/marktxxl.de\\\/markt\\\/#\\\/schema\\\/logo\\\/image\\\/\"}}]}<\/script>\n<!-- \/ Yoast SEO plugin. -->","yoast_head_json":{"title":"satch Sportbeutel 12L, am Rucksack fixierbar, Rei\u00dfverschlussfach - Markt-XXL","description":"Markt-XXL satch Sportbeutel 12L, am Rucksack fixierbar, Rei\u00dfverschlussfach","robots":{"index":"index","follow":"follow","max-snippet":"max-snippet:-1","max-image-preview":"max-image-preview:large","max-video-preview":"max-video-preview:-1"},"canonical":"https:\/\/marktxxl.de\/markt\/produkt\/satch-pack-schulrucksack-ergonomisch-30-liter-organisationstalent\/","og_locale":"de_DE","og_type":"article","og_title":"satch Sportbeutel 12L, am Rucksack fixierbar, Rei\u00dfverschlussfach - Markt-XXL","og_description":"Markt-XXL satch Sportbeutel 12L, am Rucksack fixierbar, Rei\u00dfverschlussfach","og_url":"https:\/\/marktxxl.de\/markt\/produkt\/satch-pack-schulrucksack-ergonomisch-30-liter-organisationstalent\/","og_site_name":"Markt-XXL","article_modified_time":"2023-04-09T23:44:13+00:00","og_image":[{"width":500,"height":500,"url":"https:\/\/m.media-amazon.com\/images\/I\/41jCo6ynVYS._SL500_.jpg","type":"image\/jpeg"}],"twitter_card":"summary_large_image","twitter_misc":{"Gesch\u00e4tzte Lesezeit":"1\u00a0Minute"},"schema":{"@context":"https:\/\/schema.org","@graph":[{"@type":"WebPage","@id":"https:\/\/marktxxl.de\/markt\/produkt\/satch-pack-schulrucksack-ergonomisch-30-liter-organisationstalent\/","url":"https:\/\/marktxxl.de\/markt\/produkt\/satch-pack-schulrucksack-ergonomisch-30-liter-organisationstalent\/","name":"satch Sportbeutel 12L, am Rucksack fixierbar, Rei\u00dfverschlussfach - Markt-XXL","isPartOf":{"@id":"https:\/\/marktxxl.de\/markt\/#website"},"primaryImageOfPage":{"@id":"https:\/\/marktxxl.de\/markt\/produkt\/satch-pack-schulrucksack-ergonomisch-30-liter-organisationstalent\/#primaryimage"},"image":{"@id":"https:\/\/marktxxl.de\/markt\/produkt\/satch-pack-schulrucksack-ergonomisch-30-liter-organisationstalent\/#primaryimage"},"thumbnailUrl":"https:\/\/m.media-amazon.com\/images\/I\/41jCo6ynVYS._SL500_.jpg","datePublished":"2021-09-26T11:54:28+00:00","dateModified":"2023-04-09T23:44:13+00:00","description":"Markt-XXL satch Sportbeutel 12L, am Rucksack fixierbar, Rei\u00dfverschlussfach","breadcrumb":{"@id":"https:\/\/marktxxl.de\/markt\/produkt\/satch-pack-schulrucksack-ergonomisch-30-liter-organisationstalent\/#breadcrumb"},"inLanguage":"de","potentialAction":[{"@type":"ReadAction","target":["https:\/\/marktxxl.de\/markt\/produkt\/satch-pack-schulrucksack-ergonomisch-30-liter-organisationstalent\/"]}]},{"@type":"ImageObject","inLanguage":"de","@id":"https:\/\/marktxxl.de\/markt\/produkt\/satch-pack-schulrucksack-ergonomisch-30-liter-organisationstalent\/#primaryimage","url":"https:\/\/m.media-amazon.com\/images\/I\/41jCo6ynVYS._SL500_.jpg","contentUrl":"https:\/\/m.media-amazon.com\/images\/I\/41jCo6ynVYS._SL500_.jpg","width":500,"height":500},{"@type":"BreadcrumbList","@id":"https:\/\/marktxxl.de\/markt\/produkt\/satch-pack-schulrucksack-ergonomisch-30-liter-organisationstalent\/#breadcrumb","itemListElement":[{"@type":"ListItem","position":1,"name":"Startseite","item":"https:\/\/marktxxl.de\/markt\/"},{"@type":"ListItem","position":2,"name":"Markt","item":"https:\/\/marktxxl.de\/markt\/"},{"@type":"ListItem","position":3,"name":"satch Sportbeutel 12L, am Rucksack fixierbar, Rei\u00dfverschlussfach"}]},{"@type":"WebSite","@id":"https:\/\/marktxxl.de\/markt\/#website","url":"https:\/\/marktxxl.de\/markt\/","name":"Markt-XXL","description":"Ihr Markt Online","publisher":{"@id":"https:\/\/marktxxl.de\/markt\/#organization"},"potentialAction":[{"@type":"SearchAction","target":{"@type":"EntryPoint","urlTemplate":"https:\/\/marktxxl.de\/markt\/?s={search_term_string}"},"query-input":{"@type":"PropertyValueSpecification","valueRequired":true,"valueName":"search_term_string"}}],"inLanguage":"de"},{"@type":"Organization","@id":"https:\/\/marktxxl.de\/markt\/#organization","name":"Markt-XXL","url":"https:\/\/marktxxl.de\/markt\/","logo":{"@type":"ImageObject","inLanguage":"de","@id":"https:\/\/marktxxl.de\/markt\/#\/schema\/logo\/image\/","url":"https:\/\/marktxxl.de\/markt\/wp-content\/uploads\/sites\/3\/2020\/12\/logo.png","contentUrl":"https:\/\/marktxxl.de\/markt\/wp-content\/uploads\/sites\/3\/2020\/12\/logo.png","width":200,"height":70,"caption":"Markt-XXL"},"image":{"@id":"https:\/\/marktxxl.de\/markt\/#\/schema\/logo\/image\/"}}]}},"_links":{"self":[{"href":"https:\/\/marktxxl.de\/markt\/wp-json\/wp\/v2\/product\/41334","targetHints":{"allow":["GET"]}}],"collection":[{"href":"https:\/\/marktxxl.de\/markt\/wp-json\/wp\/v2\/product"}],"about":[{"href":"https:\/\/marktxxl.de\/markt\/wp-json\/wp\/v2\/types\/product"}],"replies":[{"embeddable":true,"href":"https:\/\/marktxxl.de\/markt\/wp-json\/wp\/v2\/comments?post=41334"}],"wp:featuredmedia":[{"embeddable":true,"href":"https:\/\/marktxxl.de\/markt\/wp-json\/wp\/v2\/media\/41345"}],"wp:attachment":[{"href":"https:\/\/marktxxl.de\/markt\/wp-json\/wp\/v2\/media?parent=41334"}],"wp:term":[{"taxonomy":"product_brand","embeddable":true,"href":"https:\/\/marktxxl.de\/markt\/wp-json\/wp\/v2\/product_brand?post=41334"},{"taxonomy":"product_cat","embeddable":true,"href":"https:\/\/marktxxl.de\/markt\/wp-json\/wp\/v2\/product_cat?post=41334"},{"taxonomy":"product_tag","embeddable":true,"href":"https:\/\/marktxxl.de\/markt\/wp-json\/wp\/v2\/product_tag?post=41334"}],"curies":[{"name":"wp","href":"https:\/\/api.w.org\/{rel}","templated":true}]}}