{"id":41303,"date":"2021-09-26T13:54:08","date_gmt":"2021-09-26T11:54:08","guid":{"rendered":"https:\/\/marktxxl.de\/markt\/produkt\/mont-marte-acrylfarben-set-metallic-12-stueck-36-ml-tuben-ideal-fuer-acrylmalerei-brillante-lichtechte-farben-mit-grosser-deckkraft\/"},"modified":"2023-04-10T01:44:13","modified_gmt":"2023-04-09T23:44:13","slug":"mont-marte-acrylfarben-set-metallic-12-stueck-36-ml-tuben-ideal-fuer-acrylmalerei-brillante-lichtechte-farben-mit-grosser-deckkraft","status":"publish","type":"product","link":"https:\/\/marktxxl.de\/markt\/produkt\/mont-marte-acrylfarben-set-metallic-12-stueck-36-ml-tuben-ideal-fuer-acrylmalerei-brillante-lichtechte-farben-mit-grosser-deckkraft\/","title":{"rendered":"Mont Marte Acrylfarben Set \u2013 Metallic \u2013 12 St\u00fcck, 36 ml Tuben \u2013 Ideal f\u00fcr Acrylmalerei \u2013 Brillante Lichtechte Farben mit\u2026"},"content":{"rendered":"<p>?????????? ??????? \u2013 Ein au\u00dfergew\u00f6hnliches Acrylfarben Set aus insgesamt 12 Tuben mit jeweils 36 ml Inhalt. Tolle metallic Farbt\u00f6ne f\u00fcr kreatives Arbeiten auf verschiedenen Untergr\u00fcnden. Perfekt geeignet f\u00fcr K\u00fcnstler, Studenten, Jugendliche, Erwachsene und Anf\u00e4nger, die sich mit Acrylmalerei besch\u00e4ftigen m\u00f6chten.<br \/>\n????????????? ????????????? \u2013 Eine hohe Viskosit\u00e4t sorgt f\u00fcr einfaches Auftragen und ausgezeichnete Qualit\u00e4t beim Arbeiten mit Farbe. Kreieren Sie ganz nach Belieben Tiere, Landschaften, Strukturen, Objekte und vieles mehr in au\u00dfergew\u00f6hnlicher Optik. Werden Sie mit Acrylfarben kreativ!<br \/>\n?????????????? ??????? \u2013 Die hohe Intensit\u00e4t der metallic Farben garantiert Ihnen eine starke Leuchtkraft Ihrer Bilder. Auch dann, wenn Sie die Farbe beim Malen mit dem Pinsel ein wenig mit Wasser verd\u00fcnnen. Die kurze Trocknungszeit erm\u00f6glicht ein schnelles Auftragen der Farbe, ohne die Farben zu verwischen.<br \/>\n??????????? ?????? \u2013 Die ausgezeichnete Lichtechtheit der Farben sorgt f\u00fcr eine lange Best\u00e4ndigkeit und f\u00fcr eine bleibende Qualit\u00e4t Ihrer Bilder. Sie sind geeignet f\u00fcr die meisten Oberfl\u00e4chen, einschlie\u00dflich Leinwand, Holz, luftgetrockneter Ton, Gips, Karton, Papier, Leder und einige Kunststoffe.<br \/>\n??????? ???????? \u2013 Das Mont Marte Premium Acrylfarben Set ist eine gro\u00dfartige Einf\u00fchrung in professionellem K\u00fcnstlerbedarf. K\u00fcnstlerisches Malen mit Acrylfarben macht mit diesem Set besonders viel Freude, ganz gleich ob Sie noch Anf\u00e4nger oder bereits ein erfahrener Profi sind. Dieses Set ist auch wunderbar als Weihnachts- oder Geburtstagsgeschenk geeignet.<br \/>\n<div class=\"main-cross-sell\" data-asin=\"B08GKFWHVK\">\n\n\t<div class=\"WooZone-cross-sell-loader\">\n\t\t<div>\n\t\t\t<div id=\"floatingBarsG\">\n\t\t\t\t<div class=\"blockG\" id=\"rotateG_01\"><\/div>\n\t\t\t\t<div class=\"blockG\" id=\"rotateG_02\"><\/div>\n\t\t\t\t<div class=\"blockG\" id=\"rotateG_03\"><\/div>\n\t\t\t\t<div class=\"blockG\" id=\"rotateG_04\"><\/div>\n\t\t\t\t<div class=\"blockG\" id=\"rotateG_05\"><\/div>\n\t\t\t\t<div class=\"blockG\" id=\"rotateG_06\"><\/div>\n\t\t\t\t<div class=\"blockG\" id=\"rotateG_07\"><\/div>\n\t\t\t\t<div class=\"blockG\" id=\"rotateG_08\"><\/div>\n\t\t\t<\/div>\n\t\t\t<div class=\"WooZone-cross-sell-loader-text\"><\/div>\n\t\t<\/div>\n\t<\/div>\n\n\t\t\n<\/div>\n<div style=\"clear:both;\"><\/div><\/p>\n","protected":false},"excerpt":{"rendered":"<p>?????????? ??????? \u2013 Ein au\u00dfergew\u00f6hnliches Acrylfarben Set aus insgesamt 12 Tuben mit jeweils 36 ml Inhalt. Tolle metallic Farbt\u00f6ne f\u00fcr kreatives Arbeiten auf verschiedenen Untergr\u00fcnden. Perfekt geeignet f\u00fcr K\u00fcnstler, Studenten, Jugendliche, Erwachsene und Anf\u00e4nger, die sich mit Acrylmalerei besch\u00e4ftigen m\u00f6chten.<br \/>\n????????????? ????????????? \u2013 Eine hohe Viskosit\u00e4t sorgt f\u00fcr einfaches Auftragen und ausgezeichnete Qualit\u00e4t beim Arbeiten mit Farbe. Kreieren Sie ganz nach Belieben Tiere, Landschaften, Strukturen, Objekte und vieles mehr in au\u00dfergew\u00f6hnlicher Optik. Werden Sie mit Acrylfarben kreativ!<br \/>\n?????????????? ??????? \u2013 Die hohe Intensit\u00e4t der metallic Farben garantiert Ihnen eine starke Leuchtkraft Ihrer Bilder. Auch dann, wenn Sie die Farbe beim Malen mit dem Pinsel ein wenig mit Wasser verd\u00fcnnen. Die kurze Trocknungszeit erm\u00f6glicht ein schnelles Auftragen der Farbe, ohne die Farben zu verwischen.<\/p>\n","protected":false},"featured_media":41304,"comment_status":"open","ping_status":"closed","template":"","meta":[],"product_brand":[],"product_cat":[504,8482],"product_tag":[],"class_list":{"0":"post-41303","1":"product","2":"type-product","3":"status-publish","4":"has-post-thumbnail","6":"product_cat-buerobedarf-schreibwaren","7":"product_cat-kuenstler-bastelbedarf","8":"pa_brand-mont-marte","9":"pa_manufacturer-mont-marte","10":"pa_size-12-x-36ml","12":"first","13":"instock","14":"shipping-taxable","15":"purchasable","16":"product-type-simple","17":"customify-col","18":"product-has-gallery"},"yoast_head":"<!-- This site is optimized with the Yoast SEO plugin v27.4 - https:\/\/yoast.com\/product\/yoast-seo-wordpress\/ -->\n<title>Mont Marte Acrylfarben Set \u2013 Metallic \u2013 12 St\u00fcck, 36 ml Tuben \u2013 Ideal f\u00fcr Acrylmalerei \u2013 Brillante Lichtechte Farben mit\u2026 - Markt-XXL<\/title>\n<meta name=\"description\" content=\"Markt-XXL Mont Marte Acrylfarben Set \u2013 Metallic \u2013 12 St\u00fcck, 36 ml Tuben \u2013 Ideal f\u00fcr Acrylmalerei \u2013 Brillante Lichtechte Farben mit\u2026\" \/>\n<meta name=\"robots\" content=\"index, follow, max-snippet:-1, max-image-preview:large, max-video-preview:-1\" \/>\n<link rel=\"canonical\" href=\"https:\/\/marktxxl.de\/markt\/produkt\/mont-marte-acrylfarben-set-metallic-12-stueck-36-ml-tuben-ideal-fuer-acrylmalerei-brillante-lichtechte-farben-mit-grosser-deckkraft\/\" \/>\n<meta property=\"og:locale\" content=\"de_DE\" \/>\n<meta property=\"og:type\" content=\"article\" \/>\n<meta property=\"og:title\" content=\"Mont Marte Acrylfarben Set \u2013 Metallic \u2013 12 St\u00fcck, 36 ml Tuben \u2013 Ideal f\u00fcr Acrylmalerei \u2013 Brillante Lichtechte Farben mit\u2026 - Markt-XXL\" \/>\n<meta property=\"og:description\" content=\"Markt-XXL Mont Marte Acrylfarben Set \u2013 Metallic \u2013 12 St\u00fcck, 36 ml Tuben \u2013 Ideal f\u00fcr Acrylmalerei \u2013 Brillante Lichtechte Farben mit\u2026\" \/>\n<meta property=\"og:url\" content=\"https:\/\/marktxxl.de\/markt\/produkt\/mont-marte-acrylfarben-set-metallic-12-stueck-36-ml-tuben-ideal-fuer-acrylmalerei-brillante-lichtechte-farben-mit-grosser-deckkraft\/\" \/>\n<meta property=\"og:site_name\" content=\"Markt-XXL\" \/>\n<meta property=\"article:modified_time\" content=\"2023-04-09T23:44:13+00:00\" \/>\n<meta property=\"og:image\" content=\"https:\/\/m.media-amazon.com\/images\/I\/51CVyRSQp6S._SL500_.jpg\" \/>\n\t<meta property=\"og:image:width\" content=\"500\" \/>\n\t<meta property=\"og:image:height\" content=\"500\" \/>\n\t<meta property=\"og:image:type\" content=\"image\/jpeg\" \/>\n<meta name=\"twitter:card\" content=\"summary_large_image\" \/>\n<meta name=\"twitter:label1\" content=\"Gesch\u00e4tzte Lesezeit\" \/>\n\t<meta name=\"twitter:data1\" content=\"1\u00a0Minute\" \/>\n<script type=\"application\/ld+json\" class=\"yoast-schema-graph\">{\"@context\":\"https:\\\/\\\/schema.org\",\"@graph\":[{\"@type\":\"WebPage\",\"@id\":\"https:\\\/\\\/marktxxl.de\\\/markt\\\/produkt\\\/mont-marte-acrylfarben-set-metallic-12-stueck-36-ml-tuben-ideal-fuer-acrylmalerei-brillante-lichtechte-farben-mit-grosser-deckkraft\\\/\",\"url\":\"https:\\\/\\\/marktxxl.de\\\/markt\\\/produkt\\\/mont-marte-acrylfarben-set-metallic-12-stueck-36-ml-tuben-ideal-fuer-acrylmalerei-brillante-lichtechte-farben-mit-grosser-deckkraft\\\/\",\"name\":\"Mont Marte Acrylfarben Set \u2013 Metallic \u2013 12 St\u00fcck, 36 ml Tuben \u2013 Ideal f\u00fcr Acrylmalerei \u2013 Brillante Lichtechte Farben mit\u2026 - Markt-XXL\",\"isPartOf\":{\"@id\":\"https:\\\/\\\/marktxxl.de\\\/markt\\\/#website\"},\"primaryImageOfPage\":{\"@id\":\"https:\\\/\\\/marktxxl.de\\\/markt\\\/produkt\\\/mont-marte-acrylfarben-set-metallic-12-stueck-36-ml-tuben-ideal-fuer-acrylmalerei-brillante-lichtechte-farben-mit-grosser-deckkraft\\\/#primaryimage\"},\"image\":{\"@id\":\"https:\\\/\\\/marktxxl.de\\\/markt\\\/produkt\\\/mont-marte-acrylfarben-set-metallic-12-stueck-36-ml-tuben-ideal-fuer-acrylmalerei-brillante-lichtechte-farben-mit-grosser-deckkraft\\\/#primaryimage\"},\"thumbnailUrl\":\"https:\\\/\\\/m.media-amazon.com\\\/images\\\/I\\\/51CVyRSQp6S._SL500_.jpg\",\"datePublished\":\"2021-09-26T11:54:08+00:00\",\"dateModified\":\"2023-04-09T23:44:13+00:00\",\"description\":\"Markt-XXL Mont Marte Acrylfarben Set \u2013 Metallic \u2013 12 St\u00fcck, 36 ml Tuben \u2013 Ideal f\u00fcr Acrylmalerei \u2013 Brillante Lichtechte Farben mit\u2026\",\"breadcrumb\":{\"@id\":\"https:\\\/\\\/marktxxl.de\\\/markt\\\/produkt\\\/mont-marte-acrylfarben-set-metallic-12-stueck-36-ml-tuben-ideal-fuer-acrylmalerei-brillante-lichtechte-farben-mit-grosser-deckkraft\\\/#breadcrumb\"},\"inLanguage\":\"de\",\"potentialAction\":[{\"@type\":\"ReadAction\",\"target\":[\"https:\\\/\\\/marktxxl.de\\\/markt\\\/produkt\\\/mont-marte-acrylfarben-set-metallic-12-stueck-36-ml-tuben-ideal-fuer-acrylmalerei-brillante-lichtechte-farben-mit-grosser-deckkraft\\\/\"]}]},{\"@type\":\"ImageObject\",\"inLanguage\":\"de\",\"@id\":\"https:\\\/\\\/marktxxl.de\\\/markt\\\/produkt\\\/mont-marte-acrylfarben-set-metallic-12-stueck-36-ml-tuben-ideal-fuer-acrylmalerei-brillante-lichtechte-farben-mit-grosser-deckkraft\\\/#primaryimage\",\"url\":\"https:\\\/\\\/m.media-amazon.com\\\/images\\\/I\\\/51CVyRSQp6S._SL500_.jpg\",\"contentUrl\":\"https:\\\/\\\/m.media-amazon.com\\\/images\\\/I\\\/51CVyRSQp6S._SL500_.jpg\",\"width\":500,\"height\":500},{\"@type\":\"BreadcrumbList\",\"@id\":\"https:\\\/\\\/marktxxl.de\\\/markt\\\/produkt\\\/mont-marte-acrylfarben-set-metallic-12-stueck-36-ml-tuben-ideal-fuer-acrylmalerei-brillante-lichtechte-farben-mit-grosser-deckkraft\\\/#breadcrumb\",\"itemListElement\":[{\"@type\":\"ListItem\",\"position\":1,\"name\":\"Startseite\",\"item\":\"https:\\\/\\\/marktxxl.de\\\/markt\\\/\"},{\"@type\":\"ListItem\",\"position\":2,\"name\":\"Markt\",\"item\":\"https:\\\/\\\/marktxxl.de\\\/markt\\\/\"},{\"@type\":\"ListItem\",\"position\":3,\"name\":\"Mont Marte Acrylfarben Set \u2013 Metallic \u2013 12 St\u00fcck, 36 ml Tuben \u2013 Ideal f\u00fcr Acrylmalerei \u2013 Brillante Lichtechte Farben mit\u2026\"}]},{\"@type\":\"WebSite\",\"@id\":\"https:\\\/\\\/marktxxl.de\\\/markt\\\/#website\",\"url\":\"https:\\\/\\\/marktxxl.de\\\/markt\\\/\",\"name\":\"Markt-XXL\",\"description\":\"Ihr Markt Online\",\"publisher\":{\"@id\":\"https:\\\/\\\/marktxxl.de\\\/markt\\\/#organization\"},\"potentialAction\":[{\"@type\":\"SearchAction\",\"target\":{\"@type\":\"EntryPoint\",\"urlTemplate\":\"https:\\\/\\\/marktxxl.de\\\/markt\\\/?s={search_term_string}\"},\"query-input\":{\"@type\":\"PropertyValueSpecification\",\"valueRequired\":true,\"valueName\":\"search_term_string\"}}],\"inLanguage\":\"de\"},{\"@type\":\"Organization\",\"@id\":\"https:\\\/\\\/marktxxl.de\\\/markt\\\/#organization\",\"name\":\"Markt-XXL\",\"url\":\"https:\\\/\\\/marktxxl.de\\\/markt\\\/\",\"logo\":{\"@type\":\"ImageObject\",\"inLanguage\":\"de\",\"@id\":\"https:\\\/\\\/marktxxl.de\\\/markt\\\/#\\\/schema\\\/logo\\\/image\\\/\",\"url\":\"https:\\\/\\\/marktxxl.de\\\/markt\\\/wp-content\\\/uploads\\\/sites\\\/3\\\/2020\\\/12\\\/logo.png\",\"contentUrl\":\"https:\\\/\\\/marktxxl.de\\\/markt\\\/wp-content\\\/uploads\\\/sites\\\/3\\\/2020\\\/12\\\/logo.png\",\"width\":200,\"height\":70,\"caption\":\"Markt-XXL\"},\"image\":{\"@id\":\"https:\\\/\\\/marktxxl.de\\\/markt\\\/#\\\/schema\\\/logo\\\/image\\\/\"}}]}<\/script>\n<!-- \/ Yoast SEO plugin. -->","yoast_head_json":{"title":"Mont Marte Acrylfarben Set \u2013 Metallic \u2013 12 St\u00fcck, 36 ml Tuben \u2013 Ideal f\u00fcr Acrylmalerei \u2013 Brillante Lichtechte Farben mit\u2026 - Markt-XXL","description":"Markt-XXL Mont Marte Acrylfarben Set \u2013 Metallic \u2013 12 St\u00fcck, 36 ml Tuben \u2013 Ideal f\u00fcr Acrylmalerei \u2013 Brillante Lichtechte Farben mit\u2026","robots":{"index":"index","follow":"follow","max-snippet":"max-snippet:-1","max-image-preview":"max-image-preview:large","max-video-preview":"max-video-preview:-1"},"canonical":"https:\/\/marktxxl.de\/markt\/produkt\/mont-marte-acrylfarben-set-metallic-12-stueck-36-ml-tuben-ideal-fuer-acrylmalerei-brillante-lichtechte-farben-mit-grosser-deckkraft\/","og_locale":"de_DE","og_type":"article","og_title":"Mont Marte Acrylfarben Set \u2013 Metallic \u2013 12 St\u00fcck, 36 ml Tuben \u2013 Ideal f\u00fcr Acrylmalerei \u2013 Brillante Lichtechte Farben mit\u2026 - Markt-XXL","og_description":"Markt-XXL Mont Marte Acrylfarben Set \u2013 Metallic \u2013 12 St\u00fcck, 36 ml Tuben \u2013 Ideal f\u00fcr Acrylmalerei \u2013 Brillante Lichtechte Farben mit\u2026","og_url":"https:\/\/marktxxl.de\/markt\/produkt\/mont-marte-acrylfarben-set-metallic-12-stueck-36-ml-tuben-ideal-fuer-acrylmalerei-brillante-lichtechte-farben-mit-grosser-deckkraft\/","og_site_name":"Markt-XXL","article_modified_time":"2023-04-09T23:44:13+00:00","og_image":[{"width":500,"height":500,"url":"https:\/\/m.media-amazon.com\/images\/I\/51CVyRSQp6S._SL500_.jpg","type":"image\/jpeg"}],"twitter_card":"summary_large_image","twitter_misc":{"Gesch\u00e4tzte Lesezeit":"1\u00a0Minute"},"schema":{"@context":"https:\/\/schema.org","@graph":[{"@type":"WebPage","@id":"https:\/\/marktxxl.de\/markt\/produkt\/mont-marte-acrylfarben-set-metallic-12-stueck-36-ml-tuben-ideal-fuer-acrylmalerei-brillante-lichtechte-farben-mit-grosser-deckkraft\/","url":"https:\/\/marktxxl.de\/markt\/produkt\/mont-marte-acrylfarben-set-metallic-12-stueck-36-ml-tuben-ideal-fuer-acrylmalerei-brillante-lichtechte-farben-mit-grosser-deckkraft\/","name":"Mont Marte Acrylfarben Set \u2013 Metallic \u2013 12 St\u00fcck, 36 ml Tuben \u2013 Ideal f\u00fcr Acrylmalerei \u2013 Brillante Lichtechte Farben mit\u2026 - Markt-XXL","isPartOf":{"@id":"https:\/\/marktxxl.de\/markt\/#website"},"primaryImageOfPage":{"@id":"https:\/\/marktxxl.de\/markt\/produkt\/mont-marte-acrylfarben-set-metallic-12-stueck-36-ml-tuben-ideal-fuer-acrylmalerei-brillante-lichtechte-farben-mit-grosser-deckkraft\/#primaryimage"},"image":{"@id":"https:\/\/marktxxl.de\/markt\/produkt\/mont-marte-acrylfarben-set-metallic-12-stueck-36-ml-tuben-ideal-fuer-acrylmalerei-brillante-lichtechte-farben-mit-grosser-deckkraft\/#primaryimage"},"thumbnailUrl":"https:\/\/m.media-amazon.com\/images\/I\/51CVyRSQp6S._SL500_.jpg","datePublished":"2021-09-26T11:54:08+00:00","dateModified":"2023-04-09T23:44:13+00:00","description":"Markt-XXL Mont Marte Acrylfarben Set \u2013 Metallic \u2013 12 St\u00fcck, 36 ml Tuben \u2013 Ideal f\u00fcr Acrylmalerei \u2013 Brillante Lichtechte Farben mit\u2026","breadcrumb":{"@id":"https:\/\/marktxxl.de\/markt\/produkt\/mont-marte-acrylfarben-set-metallic-12-stueck-36-ml-tuben-ideal-fuer-acrylmalerei-brillante-lichtechte-farben-mit-grosser-deckkraft\/#breadcrumb"},"inLanguage":"de","potentialAction":[{"@type":"ReadAction","target":["https:\/\/marktxxl.de\/markt\/produkt\/mont-marte-acrylfarben-set-metallic-12-stueck-36-ml-tuben-ideal-fuer-acrylmalerei-brillante-lichtechte-farben-mit-grosser-deckkraft\/"]}]},{"@type":"ImageObject","inLanguage":"de","@id":"https:\/\/marktxxl.de\/markt\/produkt\/mont-marte-acrylfarben-set-metallic-12-stueck-36-ml-tuben-ideal-fuer-acrylmalerei-brillante-lichtechte-farben-mit-grosser-deckkraft\/#primaryimage","url":"https:\/\/m.media-amazon.com\/images\/I\/51CVyRSQp6S._SL500_.jpg","contentUrl":"https:\/\/m.media-amazon.com\/images\/I\/51CVyRSQp6S._SL500_.jpg","width":500,"height":500},{"@type":"BreadcrumbList","@id":"https:\/\/marktxxl.de\/markt\/produkt\/mont-marte-acrylfarben-set-metallic-12-stueck-36-ml-tuben-ideal-fuer-acrylmalerei-brillante-lichtechte-farben-mit-grosser-deckkraft\/#breadcrumb","itemListElement":[{"@type":"ListItem","position":1,"name":"Startseite","item":"https:\/\/marktxxl.de\/markt\/"},{"@type":"ListItem","position":2,"name":"Markt","item":"https:\/\/marktxxl.de\/markt\/"},{"@type":"ListItem","position":3,"name":"Mont Marte Acrylfarben Set \u2013 Metallic \u2013 12 St\u00fcck, 36 ml Tuben \u2013 Ideal f\u00fcr Acrylmalerei \u2013 Brillante Lichtechte Farben mit\u2026"}]},{"@type":"WebSite","@id":"https:\/\/marktxxl.de\/markt\/#website","url":"https:\/\/marktxxl.de\/markt\/","name":"Markt-XXL","description":"Ihr Markt Online","publisher":{"@id":"https:\/\/marktxxl.de\/markt\/#organization"},"potentialAction":[{"@type":"SearchAction","target":{"@type":"EntryPoint","urlTemplate":"https:\/\/marktxxl.de\/markt\/?s={search_term_string}"},"query-input":{"@type":"PropertyValueSpecification","valueRequired":true,"valueName":"search_term_string"}}],"inLanguage":"de"},{"@type":"Organization","@id":"https:\/\/marktxxl.de\/markt\/#organization","name":"Markt-XXL","url":"https:\/\/marktxxl.de\/markt\/","logo":{"@type":"ImageObject","inLanguage":"de","@id":"https:\/\/marktxxl.de\/markt\/#\/schema\/logo\/image\/","url":"https:\/\/marktxxl.de\/markt\/wp-content\/uploads\/sites\/3\/2020\/12\/logo.png","contentUrl":"https:\/\/marktxxl.de\/markt\/wp-content\/uploads\/sites\/3\/2020\/12\/logo.png","width":200,"height":70,"caption":"Markt-XXL"},"image":{"@id":"https:\/\/marktxxl.de\/markt\/#\/schema\/logo\/image\/"}}]}},"_links":{"self":[{"href":"https:\/\/marktxxl.de\/markt\/wp-json\/wp\/v2\/product\/41303","targetHints":{"allow":["GET"]}}],"collection":[{"href":"https:\/\/marktxxl.de\/markt\/wp-json\/wp\/v2\/product"}],"about":[{"href":"https:\/\/marktxxl.de\/markt\/wp-json\/wp\/v2\/types\/product"}],"replies":[{"embeddable":true,"href":"https:\/\/marktxxl.de\/markt\/wp-json\/wp\/v2\/comments?post=41303"}],"wp:featuredmedia":[{"embeddable":true,"href":"https:\/\/marktxxl.de\/markt\/wp-json\/wp\/v2\/media\/41304"}],"wp:attachment":[{"href":"https:\/\/marktxxl.de\/markt\/wp-json\/wp\/v2\/media?parent=41303"}],"wp:term":[{"taxonomy":"product_brand","embeddable":true,"href":"https:\/\/marktxxl.de\/markt\/wp-json\/wp\/v2\/product_brand?post=41303"},{"taxonomy":"product_cat","embeddable":true,"href":"https:\/\/marktxxl.de\/markt\/wp-json\/wp\/v2\/product_cat?post=41303"},{"taxonomy":"product_tag","embeddable":true,"href":"https:\/\/marktxxl.de\/markt\/wp-json\/wp\/v2\/product_tag?post=41303"}],"curies":[{"name":"wp","href":"https:\/\/api.w.org\/{rel}","templated":true}]}}