{"id":41259,"date":"2021-09-26T13:54:04","date_gmt":"2021-09-26T11:54:04","guid":{"rendered":"https:\/\/marktxxl.de\/markt\/produkt\/jjs-48-home-office-gaming-computer-schreibtisch-r-grosser-gamer-workstation-pc-tisch-mit-becherhaltern-kopfhoerer-haken-freier-mausunterlage-schwarz-rot-shaped\/"},"modified":"2023-04-10T01:44:10","modified_gmt":"2023-04-09T23:44:10","slug":"jjs-48-home-office-gaming-computer-schreibtisch-r-grosser-gamer-workstation-pc-tisch-mit-becherhaltern-kopfhoerer-haken-freier-mausunterlage-schwarz-rot-shaped","status":"publish","type":"product","link":"https:\/\/marktxxl.de\/markt\/produkt\/jjs-48-home-office-gaming-computer-schreibtisch-r-grosser-gamer-workstation-pc-tisch-mit-becherhaltern-kopfhoerer-haken-freier-mausunterlage-schwarz-rot-shaped\/","title":{"rendered":"JJS 48 \u201cHome Office Gaming-Computer-Schreibtisch, r gro\u00dfer Gamer Workstation pc Tisch mit becherhaltern-kopfh\u00f6rer-Haken\u2026"},"content":{"rendered":"<p>large gaming desktopjjs gaming schreibtisch entworfen, um alle ihre gaming-getriebe zu passen. 48  \u201ex 25 \u201c schreibtischoberfl\u00e4che, mit hochdrucklaminat bedeckt, das kratzen und wassersch\u00e4den effektiv verhindert, wird vielen raum f\u00fcr ihre dual-monitore und mechanische tastatur bieten. so k\u00f6nnen sie sich auf spiele konzentrieren, anstatt die kleinen dinge um dich herum.<br \/>\ng\u00fcnstig design for all dieser schreibtisch ist mit einem becherhalter, ein headset haken und einer kostenlosen gro\u00dfen mausunterlage. diese funktionen und gadgets werden dramatisch ihr spielerlebnis verbessern. der tisch ist multi-purposed. es k\u00f6nnte sowohl als workstation-funktion und eine studie schreibtisch. die moderne und stilvolle \u00e4sthetik werden sie eine angenehme arbeitsumgebung.<br \/>\nsturdy r-f\u00f6rmige design mit der leistungsf\u00e4higen r-f\u00f6rmige konstruktion, die mehr halt und stabilit\u00e4t als andere bietet, kann dieser schreibtisch bis 110 lbs halten. es kommt auch mit 4 verstellbaren f\u00fc\u00dfen, k\u00f6nnen sie die perfekte nivelliert position zu bringen und zu verhindern kratzer auf dem boden.<br \/>\neasy montage das gaming-schreibtisch ist extrem einfach zu montieren. alle hardware sind im paket enthalten und sie nicht \u00fcber die schublade schienen installieren m\u00fcssen! mit unserer detaillierten schritt-f\u00fcr-schritt-anleitung, k\u00f6nnen sie das gesamte setup innerhalb von 30 minuten beenden!<br \/>\n<div class=\"main-cross-sell\" data-asin=\"B083S6Y3NV\">\n\n\t<div class=\"WooZone-cross-sell-loader\">\n\t\t<div>\n\t\t\t<div id=\"floatingBarsG\">\n\t\t\t\t<div class=\"blockG\" id=\"rotateG_01\"><\/div>\n\t\t\t\t<div class=\"blockG\" id=\"rotateG_02\"><\/div>\n\t\t\t\t<div class=\"blockG\" id=\"rotateG_03\"><\/div>\n\t\t\t\t<div class=\"blockG\" id=\"rotateG_04\"><\/div>\n\t\t\t\t<div class=\"blockG\" id=\"rotateG_05\"><\/div>\n\t\t\t\t<div class=\"blockG\" id=\"rotateG_06\"><\/div>\n\t\t\t\t<div class=\"blockG\" id=\"rotateG_07\"><\/div>\n\t\t\t\t<div class=\"blockG\" id=\"rotateG_08\"><\/div>\n\t\t\t<\/div>\n\t\t\t<div class=\"WooZone-cross-sell-loader-text\"><\/div>\n\t\t<\/div>\n\t<\/div>\n\n\t\t\n<\/div>\n<div style=\"clear:both;\"><\/div><\/p>\n","protected":false},"excerpt":{"rendered":"<p>large gaming desktopjjs gaming schreibtisch entworfen, um alle ihre gaming-getriebe zu passen. 48  \u201ex 25 \u201c schreibtischoberfl\u00e4che, mit hochdrucklaminat bedeckt, das kratzen und wassersch\u00e4den effektiv verhindert, wird vielen raum f\u00fcr ihre dual-monitore und mechanische tastatur bieten. so k\u00f6nnen sie sich auf spiele konzentrieren, anstatt die kleinen dinge um dich herum.<br \/>\ng\u00fcnstig design for all dieser schreibtisch ist mit einem becherhalter, ein headset haken und einer kostenlosen gro\u00dfen mausunterlage. diese funktionen und gadgets werden dramatisch ihr spielerlebnis verbessern. der tisch ist multi-purposed. es k\u00f6nnte sowohl als workstation-funktion und eine studie schreibtisch. die moderne und stilvolle \u00e4sthetik werden sie eine angenehme arbeitsumgebung.<br \/>\nsturdy r-f\u00f6rmige design mit der leistungsf\u00e4higen r-f\u00f6rmige konstruktion, die mehr halt und stabilit\u00e4t als andere bietet, kann dieser schreibtisch bis 110 lbs halten. es kommt auch mit 4 verstellbaren f\u00fc\u00dfen, k\u00f6nnen sie die perfekte nivelliert position zu bringen und zu verhindern kratzer auf dem boden.<\/p>\n","protected":false},"featured_media":41260,"comment_status":"open","ping_status":"closed","template":"","meta":[],"product_brand":[],"product_cat":[504,8312],"product_tag":[],"class_list":{"0":"post-41259","1":"product","2":"type-product","3":"status-publish","4":"has-post-thumbnail","6":"product_cat-buerobedarf-schreibwaren","7":"product_cat-bueromoebel-beleuchtung","8":"pa_brand-jjs","9":"pa_color-schwarz-rot","10":"pa_height-30-zoll","11":"pa_length-47-2-zoll","12":"pa_manufacturer-jjs","13":"pa_width-23-6-zoll","15":"first","16":"instock","17":"shipping-taxable","18":"purchasable","19":"product-type-simple","20":"customify-col","21":"product-has-gallery"},"yoast_head":"<!-- This site is optimized with the Yoast SEO plugin v27.3 - https:\/\/yoast.com\/product\/yoast-seo-wordpress\/ -->\n<title>JJS 48 \u201cHome Office Gaming-Computer-Schreibtisch, r gro\u00dfer Gamer Workstation pc Tisch mit becherhaltern-kopfh\u00f6rer-Haken\u2026 - Markt-XXL<\/title>\n<meta name=\"description\" content=\"Markt-XXL JJS 48 \u201cHome Office Gaming-Computer-Schreibtisch, r gro\u00dfer Gamer Workstation pc Tisch mit becherhaltern-kopfh\u00f6rer-Haken\u2026\" \/>\n<meta name=\"robots\" content=\"index, follow, max-snippet:-1, max-image-preview:large, max-video-preview:-1\" \/>\n<link rel=\"canonical\" href=\"https:\/\/marktxxl.de\/markt\/produkt\/jjs-48-home-office-gaming-computer-schreibtisch-r-grosser-gamer-workstation-pc-tisch-mit-becherhaltern-kopfhoerer-haken-freier-mausunterlage-schwarz-rot-shaped\/\" \/>\n<meta property=\"og:locale\" content=\"de_DE\" \/>\n<meta property=\"og:type\" content=\"article\" \/>\n<meta property=\"og:title\" content=\"JJS 48 \u201cHome Office Gaming-Computer-Schreibtisch, r gro\u00dfer Gamer Workstation pc Tisch mit becherhaltern-kopfh\u00f6rer-Haken\u2026 - Markt-XXL\" \/>\n<meta property=\"og:description\" content=\"Markt-XXL JJS 48 \u201cHome Office Gaming-Computer-Schreibtisch, r gro\u00dfer Gamer Workstation pc Tisch mit becherhaltern-kopfh\u00f6rer-Haken\u2026\" \/>\n<meta property=\"og:url\" content=\"https:\/\/marktxxl.de\/markt\/produkt\/jjs-48-home-office-gaming-computer-schreibtisch-r-grosser-gamer-workstation-pc-tisch-mit-becherhaltern-kopfhoerer-haken-freier-mausunterlage-schwarz-rot-shaped\/\" \/>\n<meta property=\"og:site_name\" content=\"Markt-XXL\" \/>\n<meta property=\"article:modified_time\" content=\"2023-04-09T23:44:10+00:00\" \/>\n<meta property=\"og:image\" content=\"https:\/\/m.media-amazon.com\/images\/I\/414sEtpEo5L._SL500_.jpg\" \/>\n\t<meta property=\"og:image:width\" content=\"429\" \/>\n\t<meta property=\"og:image:height\" content=\"500\" \/>\n\t<meta property=\"og:image:type\" content=\"image\/jpeg\" \/>\n<meta name=\"twitter:card\" content=\"summary_large_image\" \/>\n<meta name=\"twitter:label1\" content=\"Gesch\u00e4tzte Lesezeit\" \/>\n\t<meta name=\"twitter:data1\" content=\"1\u00a0Minute\" \/>\n<script type=\"application\/ld+json\" class=\"yoast-schema-graph\">{\"@context\":\"https:\\\/\\\/schema.org\",\"@graph\":[{\"@type\":\"WebPage\",\"@id\":\"https:\\\/\\\/marktxxl.de\\\/markt\\\/produkt\\\/jjs-48-home-office-gaming-computer-schreibtisch-r-grosser-gamer-workstation-pc-tisch-mit-becherhaltern-kopfhoerer-haken-freier-mausunterlage-schwarz-rot-shaped\\\/\",\"url\":\"https:\\\/\\\/marktxxl.de\\\/markt\\\/produkt\\\/jjs-48-home-office-gaming-computer-schreibtisch-r-grosser-gamer-workstation-pc-tisch-mit-becherhaltern-kopfhoerer-haken-freier-mausunterlage-schwarz-rot-shaped\\\/\",\"name\":\"JJS 48 \u201cHome Office Gaming-Computer-Schreibtisch, r gro\u00dfer Gamer Workstation pc Tisch mit becherhaltern-kopfh\u00f6rer-Haken\u2026 - Markt-XXL\",\"isPartOf\":{\"@id\":\"https:\\\/\\\/marktxxl.de\\\/markt\\\/#website\"},\"primaryImageOfPage\":{\"@id\":\"https:\\\/\\\/marktxxl.de\\\/markt\\\/produkt\\\/jjs-48-home-office-gaming-computer-schreibtisch-r-grosser-gamer-workstation-pc-tisch-mit-becherhaltern-kopfhoerer-haken-freier-mausunterlage-schwarz-rot-shaped\\\/#primaryimage\"},\"image\":{\"@id\":\"https:\\\/\\\/marktxxl.de\\\/markt\\\/produkt\\\/jjs-48-home-office-gaming-computer-schreibtisch-r-grosser-gamer-workstation-pc-tisch-mit-becherhaltern-kopfhoerer-haken-freier-mausunterlage-schwarz-rot-shaped\\\/#primaryimage\"},\"thumbnailUrl\":\"https:\\\/\\\/m.media-amazon.com\\\/images\\\/I\\\/414sEtpEo5L._SL500_.jpg\",\"datePublished\":\"2021-09-26T11:54:04+00:00\",\"dateModified\":\"2023-04-09T23:44:10+00:00\",\"description\":\"Markt-XXL JJS 48 \u201cHome Office Gaming-Computer-Schreibtisch, r gro\u00dfer Gamer Workstation pc Tisch mit becherhaltern-kopfh\u00f6rer-Haken\u2026\",\"breadcrumb\":{\"@id\":\"https:\\\/\\\/marktxxl.de\\\/markt\\\/produkt\\\/jjs-48-home-office-gaming-computer-schreibtisch-r-grosser-gamer-workstation-pc-tisch-mit-becherhaltern-kopfhoerer-haken-freier-mausunterlage-schwarz-rot-shaped\\\/#breadcrumb\"},\"inLanguage\":\"de\",\"potentialAction\":[{\"@type\":\"ReadAction\",\"target\":[\"https:\\\/\\\/marktxxl.de\\\/markt\\\/produkt\\\/jjs-48-home-office-gaming-computer-schreibtisch-r-grosser-gamer-workstation-pc-tisch-mit-becherhaltern-kopfhoerer-haken-freier-mausunterlage-schwarz-rot-shaped\\\/\"]}]},{\"@type\":\"ImageObject\",\"inLanguage\":\"de\",\"@id\":\"https:\\\/\\\/marktxxl.de\\\/markt\\\/produkt\\\/jjs-48-home-office-gaming-computer-schreibtisch-r-grosser-gamer-workstation-pc-tisch-mit-becherhaltern-kopfhoerer-haken-freier-mausunterlage-schwarz-rot-shaped\\\/#primaryimage\",\"url\":\"https:\\\/\\\/m.media-amazon.com\\\/images\\\/I\\\/414sEtpEo5L._SL500_.jpg\",\"contentUrl\":\"https:\\\/\\\/m.media-amazon.com\\\/images\\\/I\\\/414sEtpEo5L._SL500_.jpg\",\"width\":429,\"height\":500},{\"@type\":\"BreadcrumbList\",\"@id\":\"https:\\\/\\\/marktxxl.de\\\/markt\\\/produkt\\\/jjs-48-home-office-gaming-computer-schreibtisch-r-grosser-gamer-workstation-pc-tisch-mit-becherhaltern-kopfhoerer-haken-freier-mausunterlage-schwarz-rot-shaped\\\/#breadcrumb\",\"itemListElement\":[{\"@type\":\"ListItem\",\"position\":1,\"name\":\"Startseite\",\"item\":\"https:\\\/\\\/marktxxl.de\\\/markt\\\/\"},{\"@type\":\"ListItem\",\"position\":2,\"name\":\"Markt\",\"item\":\"https:\\\/\\\/marktxxl.de\\\/markt\\\/\"},{\"@type\":\"ListItem\",\"position\":3,\"name\":\"JJS 48 \u201cHome Office Gaming-Computer-Schreibtisch, r gro\u00dfer Gamer Workstation pc Tisch mit becherhaltern-kopfh\u00f6rer-Haken\u2026\"}]},{\"@type\":\"WebSite\",\"@id\":\"https:\\\/\\\/marktxxl.de\\\/markt\\\/#website\",\"url\":\"https:\\\/\\\/marktxxl.de\\\/markt\\\/\",\"name\":\"Markt-XXL\",\"description\":\"Ihr Markt Online\",\"publisher\":{\"@id\":\"https:\\\/\\\/marktxxl.de\\\/markt\\\/#organization\"},\"potentialAction\":[{\"@type\":\"SearchAction\",\"target\":{\"@type\":\"EntryPoint\",\"urlTemplate\":\"https:\\\/\\\/marktxxl.de\\\/markt\\\/?s={search_term_string}\"},\"query-input\":{\"@type\":\"PropertyValueSpecification\",\"valueRequired\":true,\"valueName\":\"search_term_string\"}}],\"inLanguage\":\"de\"},{\"@type\":\"Organization\",\"@id\":\"https:\\\/\\\/marktxxl.de\\\/markt\\\/#organization\",\"name\":\"Markt-XXL\",\"url\":\"https:\\\/\\\/marktxxl.de\\\/markt\\\/\",\"logo\":{\"@type\":\"ImageObject\",\"inLanguage\":\"de\",\"@id\":\"https:\\\/\\\/marktxxl.de\\\/markt\\\/#\\\/schema\\\/logo\\\/image\\\/\",\"url\":\"https:\\\/\\\/marktxxl.de\\\/markt\\\/wp-content\\\/uploads\\\/sites\\\/3\\\/2020\\\/12\\\/logo.png\",\"contentUrl\":\"https:\\\/\\\/marktxxl.de\\\/markt\\\/wp-content\\\/uploads\\\/sites\\\/3\\\/2020\\\/12\\\/logo.png\",\"width\":200,\"height\":70,\"caption\":\"Markt-XXL\"},\"image\":{\"@id\":\"https:\\\/\\\/marktxxl.de\\\/markt\\\/#\\\/schema\\\/logo\\\/image\\\/\"}}]}<\/script>\n<!-- \/ Yoast SEO plugin. -->","yoast_head_json":{"title":"JJS 48 \u201cHome Office Gaming-Computer-Schreibtisch, r gro\u00dfer Gamer Workstation pc Tisch mit becherhaltern-kopfh\u00f6rer-Haken\u2026 - Markt-XXL","description":"Markt-XXL JJS 48 \u201cHome Office Gaming-Computer-Schreibtisch, r gro\u00dfer Gamer Workstation pc Tisch mit becherhaltern-kopfh\u00f6rer-Haken\u2026","robots":{"index":"index","follow":"follow","max-snippet":"max-snippet:-1","max-image-preview":"max-image-preview:large","max-video-preview":"max-video-preview:-1"},"canonical":"https:\/\/marktxxl.de\/markt\/produkt\/jjs-48-home-office-gaming-computer-schreibtisch-r-grosser-gamer-workstation-pc-tisch-mit-becherhaltern-kopfhoerer-haken-freier-mausunterlage-schwarz-rot-shaped\/","og_locale":"de_DE","og_type":"article","og_title":"JJS 48 \u201cHome Office Gaming-Computer-Schreibtisch, r gro\u00dfer Gamer Workstation pc Tisch mit becherhaltern-kopfh\u00f6rer-Haken\u2026 - Markt-XXL","og_description":"Markt-XXL JJS 48 \u201cHome Office Gaming-Computer-Schreibtisch, r gro\u00dfer Gamer Workstation pc Tisch mit becherhaltern-kopfh\u00f6rer-Haken\u2026","og_url":"https:\/\/marktxxl.de\/markt\/produkt\/jjs-48-home-office-gaming-computer-schreibtisch-r-grosser-gamer-workstation-pc-tisch-mit-becherhaltern-kopfhoerer-haken-freier-mausunterlage-schwarz-rot-shaped\/","og_site_name":"Markt-XXL","article_modified_time":"2023-04-09T23:44:10+00:00","og_image":[{"width":429,"height":500,"url":"https:\/\/m.media-amazon.com\/images\/I\/414sEtpEo5L._SL500_.jpg","type":"image\/jpeg"}],"twitter_card":"summary_large_image","twitter_misc":{"Gesch\u00e4tzte Lesezeit":"1\u00a0Minute"},"schema":{"@context":"https:\/\/schema.org","@graph":[{"@type":"WebPage","@id":"https:\/\/marktxxl.de\/markt\/produkt\/jjs-48-home-office-gaming-computer-schreibtisch-r-grosser-gamer-workstation-pc-tisch-mit-becherhaltern-kopfhoerer-haken-freier-mausunterlage-schwarz-rot-shaped\/","url":"https:\/\/marktxxl.de\/markt\/produkt\/jjs-48-home-office-gaming-computer-schreibtisch-r-grosser-gamer-workstation-pc-tisch-mit-becherhaltern-kopfhoerer-haken-freier-mausunterlage-schwarz-rot-shaped\/","name":"JJS 48 \u201cHome Office Gaming-Computer-Schreibtisch, r gro\u00dfer Gamer Workstation pc Tisch mit becherhaltern-kopfh\u00f6rer-Haken\u2026 - Markt-XXL","isPartOf":{"@id":"https:\/\/marktxxl.de\/markt\/#website"},"primaryImageOfPage":{"@id":"https:\/\/marktxxl.de\/markt\/produkt\/jjs-48-home-office-gaming-computer-schreibtisch-r-grosser-gamer-workstation-pc-tisch-mit-becherhaltern-kopfhoerer-haken-freier-mausunterlage-schwarz-rot-shaped\/#primaryimage"},"image":{"@id":"https:\/\/marktxxl.de\/markt\/produkt\/jjs-48-home-office-gaming-computer-schreibtisch-r-grosser-gamer-workstation-pc-tisch-mit-becherhaltern-kopfhoerer-haken-freier-mausunterlage-schwarz-rot-shaped\/#primaryimage"},"thumbnailUrl":"https:\/\/m.media-amazon.com\/images\/I\/414sEtpEo5L._SL500_.jpg","datePublished":"2021-09-26T11:54:04+00:00","dateModified":"2023-04-09T23:44:10+00:00","description":"Markt-XXL JJS 48 \u201cHome Office Gaming-Computer-Schreibtisch, r gro\u00dfer Gamer Workstation pc Tisch mit becherhaltern-kopfh\u00f6rer-Haken\u2026","breadcrumb":{"@id":"https:\/\/marktxxl.de\/markt\/produkt\/jjs-48-home-office-gaming-computer-schreibtisch-r-grosser-gamer-workstation-pc-tisch-mit-becherhaltern-kopfhoerer-haken-freier-mausunterlage-schwarz-rot-shaped\/#breadcrumb"},"inLanguage":"de","potentialAction":[{"@type":"ReadAction","target":["https:\/\/marktxxl.de\/markt\/produkt\/jjs-48-home-office-gaming-computer-schreibtisch-r-grosser-gamer-workstation-pc-tisch-mit-becherhaltern-kopfhoerer-haken-freier-mausunterlage-schwarz-rot-shaped\/"]}]},{"@type":"ImageObject","inLanguage":"de","@id":"https:\/\/marktxxl.de\/markt\/produkt\/jjs-48-home-office-gaming-computer-schreibtisch-r-grosser-gamer-workstation-pc-tisch-mit-becherhaltern-kopfhoerer-haken-freier-mausunterlage-schwarz-rot-shaped\/#primaryimage","url":"https:\/\/m.media-amazon.com\/images\/I\/414sEtpEo5L._SL500_.jpg","contentUrl":"https:\/\/m.media-amazon.com\/images\/I\/414sEtpEo5L._SL500_.jpg","width":429,"height":500},{"@type":"BreadcrumbList","@id":"https:\/\/marktxxl.de\/markt\/produkt\/jjs-48-home-office-gaming-computer-schreibtisch-r-grosser-gamer-workstation-pc-tisch-mit-becherhaltern-kopfhoerer-haken-freier-mausunterlage-schwarz-rot-shaped\/#breadcrumb","itemListElement":[{"@type":"ListItem","position":1,"name":"Startseite","item":"https:\/\/marktxxl.de\/markt\/"},{"@type":"ListItem","position":2,"name":"Markt","item":"https:\/\/marktxxl.de\/markt\/"},{"@type":"ListItem","position":3,"name":"JJS 48 \u201cHome Office Gaming-Computer-Schreibtisch, r gro\u00dfer Gamer Workstation pc Tisch mit becherhaltern-kopfh\u00f6rer-Haken\u2026"}]},{"@type":"WebSite","@id":"https:\/\/marktxxl.de\/markt\/#website","url":"https:\/\/marktxxl.de\/markt\/","name":"Markt-XXL","description":"Ihr Markt Online","publisher":{"@id":"https:\/\/marktxxl.de\/markt\/#organization"},"potentialAction":[{"@type":"SearchAction","target":{"@type":"EntryPoint","urlTemplate":"https:\/\/marktxxl.de\/markt\/?s={search_term_string}"},"query-input":{"@type":"PropertyValueSpecification","valueRequired":true,"valueName":"search_term_string"}}],"inLanguage":"de"},{"@type":"Organization","@id":"https:\/\/marktxxl.de\/markt\/#organization","name":"Markt-XXL","url":"https:\/\/marktxxl.de\/markt\/","logo":{"@type":"ImageObject","inLanguage":"de","@id":"https:\/\/marktxxl.de\/markt\/#\/schema\/logo\/image\/","url":"https:\/\/marktxxl.de\/markt\/wp-content\/uploads\/sites\/3\/2020\/12\/logo.png","contentUrl":"https:\/\/marktxxl.de\/markt\/wp-content\/uploads\/sites\/3\/2020\/12\/logo.png","width":200,"height":70,"caption":"Markt-XXL"},"image":{"@id":"https:\/\/marktxxl.de\/markt\/#\/schema\/logo\/image\/"}}]}},"_links":{"self":[{"href":"https:\/\/marktxxl.de\/markt\/wp-json\/wp\/v2\/product\/41259","targetHints":{"allow":["GET"]}}],"collection":[{"href":"https:\/\/marktxxl.de\/markt\/wp-json\/wp\/v2\/product"}],"about":[{"href":"https:\/\/marktxxl.de\/markt\/wp-json\/wp\/v2\/types\/product"}],"replies":[{"embeddable":true,"href":"https:\/\/marktxxl.de\/markt\/wp-json\/wp\/v2\/comments?post=41259"}],"wp:featuredmedia":[{"embeddable":true,"href":"https:\/\/marktxxl.de\/markt\/wp-json\/wp\/v2\/media\/41260"}],"wp:attachment":[{"href":"https:\/\/marktxxl.de\/markt\/wp-json\/wp\/v2\/media?parent=41259"}],"wp:term":[{"taxonomy":"product_brand","embeddable":true,"href":"https:\/\/marktxxl.de\/markt\/wp-json\/wp\/v2\/product_brand?post=41259"},{"taxonomy":"product_cat","embeddable":true,"href":"https:\/\/marktxxl.de\/markt\/wp-json\/wp\/v2\/product_cat?post=41259"},{"taxonomy":"product_tag","embeddable":true,"href":"https:\/\/marktxxl.de\/markt\/wp-json\/wp\/v2\/product_tag?post=41259"}],"curies":[{"name":"wp","href":"https:\/\/api.w.org\/{rel}","templated":true}]}}