{"id":41237,"date":"2021-09-26T13:54:02","date_gmt":"2021-09-26T11:54:02","guid":{"rendered":"https:\/\/marktxxl.de\/markt\/produkt\/ergonomic-laptop-stand-for-the-desk-adjustable-height-up-to-50-8-cm-laptop-stand-for-laptop-portable-laptop-stand-fits-macbook-laptops-25-4-38-1-43-2-cm-laptop-holder-and-laptop-stand\/"},"modified":"2023-04-10T01:44:10","modified_gmt":"2023-04-09T23:44:10","slug":"ergonomic-laptop-stand-for-the-desk-adjustable-height-up-to-50-8-cm-laptop-stand-for-laptop-portable-laptop-stand-fits-macbook-laptops-25-4-38-1-43-2-cm-laptop-holder-and-laptop-stand","status":"publish","type":"product","link":"https:\/\/marktxxl.de\/markt\/produkt\/ergonomic-laptop-stand-for-the-desk-adjustable-height-up-to-50-8-cm-laptop-stand-for-laptop-portable-laptop-stand-fits-macbook-laptops-25-4-38-1-43-2-cm-laptop-holder-and-laptop-stand\/","title":{"rendered":"LIFELONG Ergonomic Laptop Stand for The Desk, Adjustable Height up to 50.8 cm, Laptop Stand for Laptop, Portable Laptop\u2026"},"content":{"rendered":"<p>Ergonomischer St\u00e4nder! Wenn Sie Probleme mit Ihrem R\u00fccken haben, dann sind Sie hier an der richtigen Stelle. Der ergonomische Laptop-St\u00e4nder von UPRYZE ist kompatibel und funktioniert perfekt f\u00fcr alle MacBook und Laptops aller Gr\u00f6\u00dfen von 25,4 cm (10 Zoll) bis 43,2 cm (17 Zoll) Laptops, einschlie\u00dflich MacBook Air, Pro, 10, 13, 15, 15,6 und 17-Zoll-Laptops. Sie k\u00f6nnen es im Sitzen oder Stehen verwenden. Mit seinem coolen Design h\u00e4lt er sogar Ihren Laptop k\u00fchl, damit dieser nicht \u00fcberhitzt.<br \/>\nLeicht verstellbar: Der Upryze-Laptop-St\u00e4nder wurde als toller, verstellbarer Computerst\u00e4nder entwickelt, der leicht f\u00fcr jede Zoom-Telekonferenz, Ansehen von Videos, Spielen oder sogar zum Kochen als Kochbuchst\u00e4nder verwendet werden kann. Er ist einfach ein erstaunlicher Notizbuchst\u00e4nder. Der Computerst\u00e4nder von UPRYZE wurde speziell so entwickelt, dass Sie keinen zus\u00e4tzlichen Stehtisch neben Ihren normalen Schreibtisch stellen m\u00fcssen, damit Ihr B\u00fcro aufger\u00e4umt bleibt.<br \/>\nMa\u00dfe des Stehtischs: Der Upryze-Computerst\u00e4nder kann als tragbarer Stehtisch verwendet werden und kann entsprechend eingestellt werden. Die obere Basis hebt sich bis zu 50,8 cm vom Boden des St\u00e4nders ab und der Arm erstreckt sich bis zu 33 cm. Zus\u00e4tzlich hat der Arm 20 verschiedene Arml\u00e4ngen zur Anpassung an Ihre Bed\u00fcrfnisse. Diesen tragbaren St\u00e4nder von UPRYZE k\u00f6nnen Sie bei Bedarf leicht verwenden und einfach wegpacken, wenn Sie sich hinsetzen m\u00f6chten.<br \/>\nTransportieren Sie ihn in Ihrem Rucksack. Der tragbare Laptop-St\u00e4nder von Upryze kann in Ihrem Rucksack mitgenommen werden, von der Arbeit zu Hause bis zur Arbeit in Ihrem B\u00fcro und er wird alle Ihre Haltungsprobleme l\u00f6sen. Der Upryze-Laptop-St\u00e4nder ist ein Muss f\u00fcr das Heimb\u00fcro und B\u00fcrozubeh\u00f6r f\u00fcr M\u00e4nner und Frauen.<br \/>\nUniverselle Passform! Der Laptop-St\u00e4nder von UPRYZE kann verwendet werden als Stehpult, DJ-St\u00e4nder, Podium-St\u00e4nder, vertikaler Laptop-St\u00e4nder, Laptop- und Schreibtisch-Erh\u00f6hung, Computer-St\u00e4nder f\u00fcr Laptop, verstellbarer Laptop-St\u00e4nder, tragbarer Schreibtisch, MacBook-St\u00e4nder, Laptop-St\u00e4nder, verstellbarer Stehpult, Arbeit von zu Hause, Heim-Arbeitsplatz, Laptop-St\u00e4nder, Schreibtisch-St\u00e4nder, Uplift-Schreibtisch, Notebook-St\u00e4nder, Laptop-St\u00e4nder f\u00fcr Schreibtisch, ergonomischer St\u00e4nder und mehr.<br \/>\n<div class=\"main-cross-sell\" data-asin=\"B08G3YGDJ1\">\n\n\t<div class=\"WooZone-cross-sell-loader\">\n\t\t<div>\n\t\t\t<div id=\"floatingBarsG\">\n\t\t\t\t<div class=\"blockG\" id=\"rotateG_01\"><\/div>\n\t\t\t\t<div class=\"blockG\" id=\"rotateG_02\"><\/div>\n\t\t\t\t<div class=\"blockG\" id=\"rotateG_03\"><\/div>\n\t\t\t\t<div class=\"blockG\" id=\"rotateG_04\"><\/div>\n\t\t\t\t<div class=\"blockG\" id=\"rotateG_05\"><\/div>\n\t\t\t\t<div class=\"blockG\" id=\"rotateG_06\"><\/div>\n\t\t\t\t<div class=\"blockG\" id=\"rotateG_07\"><\/div>\n\t\t\t\t<div class=\"blockG\" id=\"rotateG_08\"><\/div>\n\t\t\t<\/div>\n\t\t\t<div class=\"WooZone-cross-sell-loader-text\"><\/div>\n\t\t<\/div>\n\t<\/div>\n\n\t\t\n<\/div>\n<div style=\"clear:both;\"><\/div><\/p>\n","protected":false},"excerpt":{"rendered":"<p>Ergonomischer St\u00e4nder! Wenn Sie Probleme mit Ihrem R\u00fccken haben, dann sind Sie hier an der richtigen Stelle. Der ergonomische Laptop-St\u00e4nder von UPRYZE ist kompatibel und funktioniert perfekt f\u00fcr alle MacBook und Laptops aller Gr\u00f6\u00dfen von 25,4 cm (10 Zoll) bis 43,2 cm (17 Zoll) Laptops, einschlie\u00dflich MacBook Air, Pro, 10, 13, 15, 15,6 und 17-Zoll-Laptops. Sie k\u00f6nnen es im Sitzen oder Stehen verwenden. Mit seinem coolen Design h\u00e4lt er sogar Ihren Laptop k\u00fchl, damit dieser nicht \u00fcberhitzt.<br \/>\nLeicht verstellbar: Der Upryze-Laptop-St\u00e4nder wurde als toller, verstellbarer Computerst\u00e4nder entwickelt, der leicht f\u00fcr jede Zoom-Telekonferenz, Ansehen von Videos, Spielen oder sogar zum Kochen als Kochbuchst\u00e4nder verwendet werden kann. Er ist einfach ein erstaunlicher Notizbuchst\u00e4nder. Der Computerst\u00e4nder von UPRYZE wurde speziell so entwickelt, dass Sie keinen zus\u00e4tzlichen Stehtisch neben Ihren normalen Schreibtisch stellen m\u00fcssen, damit Ihr B\u00fcro aufger\u00e4umt bleibt.<br \/>\nMa\u00dfe des Stehtischs: Der Upryze-Computerst\u00e4nder kann als tragbarer Stehtisch verwendet werden und kann entsprechend eingestellt werden. Die obere Basis hebt sich bis zu 50,8 cm vom Boden des St\u00e4nders ab und der Arm erstreckt sich bis zu 33 cm. Zus\u00e4tzlich hat der Arm 20 verschiedene Arml\u00e4ngen zur Anpassung an Ihre Bed\u00fcrfnisse. Diesen tragbaren St\u00e4nder von UPRYZE k\u00f6nnen Sie bei Bedarf leicht verwenden und einfach wegpacken, wenn Sie sich hinsetzen m\u00f6chten.<\/p>\n","protected":false},"featured_media":41238,"comment_status":"open","ping_status":"closed","template":"","meta":[],"product_brand":[],"product_cat":[504,8312],"product_tag":[],"class_list":{"0":"post-41237","1":"product","2":"type-product","3":"status-publish","4":"has-post-thumbnail","6":"product_cat-buerobedarf-schreibwaren","7":"product_cat-bueromoebel-beleuchtung","8":"pa_brand-lifelong","9":"pa_manufacturer-lifelong","11":"first","12":"instock","13":"shipping-taxable","14":"purchasable","15":"product-type-simple","16":"customify-col","17":"product-has-gallery"},"yoast_head":"<!-- This site is optimized with the Yoast SEO plugin v27.4 - https:\/\/yoast.com\/product\/yoast-seo-wordpress\/ -->\n<title>LIFELONG Ergonomic Laptop Stand for The Desk, Adjustable Height up to 50.8 cm, Laptop Stand for Laptop, Portable Laptop\u2026 - Markt-XXL<\/title>\n<meta name=\"description\" content=\"Markt-XXL LIFELONG Ergonomic Laptop Stand for The Desk, Adjustable Height up to 50.8 cm, Laptop Stand for Laptop, Portable Laptop\u2026\" \/>\n<meta name=\"robots\" content=\"index, follow, max-snippet:-1, max-image-preview:large, max-video-preview:-1\" \/>\n<link rel=\"canonical\" href=\"https:\/\/marktxxl.de\/markt\/produkt\/ergonomic-laptop-stand-for-the-desk-adjustable-height-up-to-50-8-cm-laptop-stand-for-laptop-portable-laptop-stand-fits-macbook-laptops-25-4-38-1-43-2-cm-laptop-holder-and-laptop-stand\/\" \/>\n<meta property=\"og:locale\" content=\"de_DE\" \/>\n<meta property=\"og:type\" content=\"article\" \/>\n<meta property=\"og:title\" content=\"LIFELONG Ergonomic Laptop Stand for The Desk, Adjustable Height up to 50.8 cm, Laptop Stand for Laptop, Portable Laptop\u2026 - Markt-XXL\" \/>\n<meta property=\"og:description\" content=\"Markt-XXL LIFELONG Ergonomic Laptop Stand for The Desk, Adjustable Height up to 50.8 cm, Laptop Stand for Laptop, Portable Laptop\u2026\" \/>\n<meta property=\"og:url\" content=\"https:\/\/marktxxl.de\/markt\/produkt\/ergonomic-laptop-stand-for-the-desk-adjustable-height-up-to-50-8-cm-laptop-stand-for-laptop-portable-laptop-stand-fits-macbook-laptops-25-4-38-1-43-2-cm-laptop-holder-and-laptop-stand\/\" \/>\n<meta property=\"og:site_name\" content=\"Markt-XXL\" \/>\n<meta property=\"article:modified_time\" content=\"2023-04-09T23:44:10+00:00\" \/>\n<meta property=\"og:image\" content=\"https:\/\/m.media-amazon.com\/images\/I\/41kAG-YcjiL._SL500_.jpg\" \/>\n\t<meta property=\"og:image:width\" content=\"401\" \/>\n\t<meta property=\"og:image:height\" content=\"500\" \/>\n\t<meta property=\"og:image:type\" content=\"image\/jpeg\" \/>\n<meta name=\"twitter:card\" content=\"summary_large_image\" \/>\n<meta name=\"twitter:label1\" content=\"Gesch\u00e4tzte Lesezeit\" \/>\n\t<meta name=\"twitter:data1\" content=\"2\u00a0Minuten\" \/>\n<script type=\"application\/ld+json\" class=\"yoast-schema-graph\">{\"@context\":\"https:\\\/\\\/schema.org\",\"@graph\":[{\"@type\":\"WebPage\",\"@id\":\"https:\\\/\\\/marktxxl.de\\\/markt\\\/produkt\\\/ergonomic-laptop-stand-for-the-desk-adjustable-height-up-to-50-8-cm-laptop-stand-for-laptop-portable-laptop-stand-fits-macbook-laptops-25-4-38-1-43-2-cm-laptop-holder-and-laptop-stand\\\/\",\"url\":\"https:\\\/\\\/marktxxl.de\\\/markt\\\/produkt\\\/ergonomic-laptop-stand-for-the-desk-adjustable-height-up-to-50-8-cm-laptop-stand-for-laptop-portable-laptop-stand-fits-macbook-laptops-25-4-38-1-43-2-cm-laptop-holder-and-laptop-stand\\\/\",\"name\":\"LIFELONG Ergonomic Laptop Stand for The Desk, Adjustable Height up to 50.8 cm, Laptop Stand for Laptop, Portable Laptop\u2026 - Markt-XXL\",\"isPartOf\":{\"@id\":\"https:\\\/\\\/marktxxl.de\\\/markt\\\/#website\"},\"primaryImageOfPage\":{\"@id\":\"https:\\\/\\\/marktxxl.de\\\/markt\\\/produkt\\\/ergonomic-laptop-stand-for-the-desk-adjustable-height-up-to-50-8-cm-laptop-stand-for-laptop-portable-laptop-stand-fits-macbook-laptops-25-4-38-1-43-2-cm-laptop-holder-and-laptop-stand\\\/#primaryimage\"},\"image\":{\"@id\":\"https:\\\/\\\/marktxxl.de\\\/markt\\\/produkt\\\/ergonomic-laptop-stand-for-the-desk-adjustable-height-up-to-50-8-cm-laptop-stand-for-laptop-portable-laptop-stand-fits-macbook-laptops-25-4-38-1-43-2-cm-laptop-holder-and-laptop-stand\\\/#primaryimage\"},\"thumbnailUrl\":\"https:\\\/\\\/m.media-amazon.com\\\/images\\\/I\\\/41kAG-YcjiL._SL500_.jpg\",\"datePublished\":\"2021-09-26T11:54:02+00:00\",\"dateModified\":\"2023-04-09T23:44:10+00:00\",\"description\":\"Markt-XXL LIFELONG Ergonomic Laptop Stand for The Desk, Adjustable Height up to 50.8 cm, Laptop Stand for Laptop, Portable Laptop\u2026\",\"breadcrumb\":{\"@id\":\"https:\\\/\\\/marktxxl.de\\\/markt\\\/produkt\\\/ergonomic-laptop-stand-for-the-desk-adjustable-height-up-to-50-8-cm-laptop-stand-for-laptop-portable-laptop-stand-fits-macbook-laptops-25-4-38-1-43-2-cm-laptop-holder-and-laptop-stand\\\/#breadcrumb\"},\"inLanguage\":\"de\",\"potentialAction\":[{\"@type\":\"ReadAction\",\"target\":[\"https:\\\/\\\/marktxxl.de\\\/markt\\\/produkt\\\/ergonomic-laptop-stand-for-the-desk-adjustable-height-up-to-50-8-cm-laptop-stand-for-laptop-portable-laptop-stand-fits-macbook-laptops-25-4-38-1-43-2-cm-laptop-holder-and-laptop-stand\\\/\"]}]},{\"@type\":\"ImageObject\",\"inLanguage\":\"de\",\"@id\":\"https:\\\/\\\/marktxxl.de\\\/markt\\\/produkt\\\/ergonomic-laptop-stand-for-the-desk-adjustable-height-up-to-50-8-cm-laptop-stand-for-laptop-portable-laptop-stand-fits-macbook-laptops-25-4-38-1-43-2-cm-laptop-holder-and-laptop-stand\\\/#primaryimage\",\"url\":\"https:\\\/\\\/m.media-amazon.com\\\/images\\\/I\\\/41kAG-YcjiL._SL500_.jpg\",\"contentUrl\":\"https:\\\/\\\/m.media-amazon.com\\\/images\\\/I\\\/41kAG-YcjiL._SL500_.jpg\",\"width\":401,\"height\":500},{\"@type\":\"BreadcrumbList\",\"@id\":\"https:\\\/\\\/marktxxl.de\\\/markt\\\/produkt\\\/ergonomic-laptop-stand-for-the-desk-adjustable-height-up-to-50-8-cm-laptop-stand-for-laptop-portable-laptop-stand-fits-macbook-laptops-25-4-38-1-43-2-cm-laptop-holder-and-laptop-stand\\\/#breadcrumb\",\"itemListElement\":[{\"@type\":\"ListItem\",\"position\":1,\"name\":\"Startseite\",\"item\":\"https:\\\/\\\/marktxxl.de\\\/markt\\\/\"},{\"@type\":\"ListItem\",\"position\":2,\"name\":\"Markt\",\"item\":\"https:\\\/\\\/marktxxl.de\\\/markt\\\/\"},{\"@type\":\"ListItem\",\"position\":3,\"name\":\"LIFELONG Ergonomic Laptop Stand for The Desk, Adjustable Height up to 50.8 cm, Laptop Stand for Laptop, Portable Laptop\u2026\"}]},{\"@type\":\"WebSite\",\"@id\":\"https:\\\/\\\/marktxxl.de\\\/markt\\\/#website\",\"url\":\"https:\\\/\\\/marktxxl.de\\\/markt\\\/\",\"name\":\"Markt-XXL\",\"description\":\"Ihr Markt Online\",\"publisher\":{\"@id\":\"https:\\\/\\\/marktxxl.de\\\/markt\\\/#organization\"},\"potentialAction\":[{\"@type\":\"SearchAction\",\"target\":{\"@type\":\"EntryPoint\",\"urlTemplate\":\"https:\\\/\\\/marktxxl.de\\\/markt\\\/?s={search_term_string}\"},\"query-input\":{\"@type\":\"PropertyValueSpecification\",\"valueRequired\":true,\"valueName\":\"search_term_string\"}}],\"inLanguage\":\"de\"},{\"@type\":\"Organization\",\"@id\":\"https:\\\/\\\/marktxxl.de\\\/markt\\\/#organization\",\"name\":\"Markt-XXL\",\"url\":\"https:\\\/\\\/marktxxl.de\\\/markt\\\/\",\"logo\":{\"@type\":\"ImageObject\",\"inLanguage\":\"de\",\"@id\":\"https:\\\/\\\/marktxxl.de\\\/markt\\\/#\\\/schema\\\/logo\\\/image\\\/\",\"url\":\"https:\\\/\\\/marktxxl.de\\\/markt\\\/wp-content\\\/uploads\\\/sites\\\/3\\\/2020\\\/12\\\/logo.png\",\"contentUrl\":\"https:\\\/\\\/marktxxl.de\\\/markt\\\/wp-content\\\/uploads\\\/sites\\\/3\\\/2020\\\/12\\\/logo.png\",\"width\":200,\"height\":70,\"caption\":\"Markt-XXL\"},\"image\":{\"@id\":\"https:\\\/\\\/marktxxl.de\\\/markt\\\/#\\\/schema\\\/logo\\\/image\\\/\"}}]}<\/script>\n<!-- \/ Yoast SEO plugin. -->","yoast_head_json":{"title":"LIFELONG Ergonomic Laptop Stand for The Desk, Adjustable Height up to 50.8 cm, Laptop Stand for Laptop, Portable Laptop\u2026 - Markt-XXL","description":"Markt-XXL LIFELONG Ergonomic Laptop Stand for The Desk, Adjustable Height up to 50.8 cm, Laptop Stand for Laptop, Portable Laptop\u2026","robots":{"index":"index","follow":"follow","max-snippet":"max-snippet:-1","max-image-preview":"max-image-preview:large","max-video-preview":"max-video-preview:-1"},"canonical":"https:\/\/marktxxl.de\/markt\/produkt\/ergonomic-laptop-stand-for-the-desk-adjustable-height-up-to-50-8-cm-laptop-stand-for-laptop-portable-laptop-stand-fits-macbook-laptops-25-4-38-1-43-2-cm-laptop-holder-and-laptop-stand\/","og_locale":"de_DE","og_type":"article","og_title":"LIFELONG Ergonomic Laptop Stand for The Desk, Adjustable Height up to 50.8 cm, Laptop Stand for Laptop, Portable Laptop\u2026 - Markt-XXL","og_description":"Markt-XXL LIFELONG Ergonomic Laptop Stand for The Desk, Adjustable Height up to 50.8 cm, Laptop Stand for Laptop, Portable Laptop\u2026","og_url":"https:\/\/marktxxl.de\/markt\/produkt\/ergonomic-laptop-stand-for-the-desk-adjustable-height-up-to-50-8-cm-laptop-stand-for-laptop-portable-laptop-stand-fits-macbook-laptops-25-4-38-1-43-2-cm-laptop-holder-and-laptop-stand\/","og_site_name":"Markt-XXL","article_modified_time":"2023-04-09T23:44:10+00:00","og_image":[{"width":401,"height":500,"url":"https:\/\/m.media-amazon.com\/images\/I\/41kAG-YcjiL._SL500_.jpg","type":"image\/jpeg"}],"twitter_card":"summary_large_image","twitter_misc":{"Gesch\u00e4tzte Lesezeit":"2\u00a0Minuten"},"schema":{"@context":"https:\/\/schema.org","@graph":[{"@type":"WebPage","@id":"https:\/\/marktxxl.de\/markt\/produkt\/ergonomic-laptop-stand-for-the-desk-adjustable-height-up-to-50-8-cm-laptop-stand-for-laptop-portable-laptop-stand-fits-macbook-laptops-25-4-38-1-43-2-cm-laptop-holder-and-laptop-stand\/","url":"https:\/\/marktxxl.de\/markt\/produkt\/ergonomic-laptop-stand-for-the-desk-adjustable-height-up-to-50-8-cm-laptop-stand-for-laptop-portable-laptop-stand-fits-macbook-laptops-25-4-38-1-43-2-cm-laptop-holder-and-laptop-stand\/","name":"LIFELONG Ergonomic Laptop Stand for The Desk, Adjustable Height up to 50.8 cm, Laptop Stand for Laptop, Portable Laptop\u2026 - Markt-XXL","isPartOf":{"@id":"https:\/\/marktxxl.de\/markt\/#website"},"primaryImageOfPage":{"@id":"https:\/\/marktxxl.de\/markt\/produkt\/ergonomic-laptop-stand-for-the-desk-adjustable-height-up-to-50-8-cm-laptop-stand-for-laptop-portable-laptop-stand-fits-macbook-laptops-25-4-38-1-43-2-cm-laptop-holder-and-laptop-stand\/#primaryimage"},"image":{"@id":"https:\/\/marktxxl.de\/markt\/produkt\/ergonomic-laptop-stand-for-the-desk-adjustable-height-up-to-50-8-cm-laptop-stand-for-laptop-portable-laptop-stand-fits-macbook-laptops-25-4-38-1-43-2-cm-laptop-holder-and-laptop-stand\/#primaryimage"},"thumbnailUrl":"https:\/\/m.media-amazon.com\/images\/I\/41kAG-YcjiL._SL500_.jpg","datePublished":"2021-09-26T11:54:02+00:00","dateModified":"2023-04-09T23:44:10+00:00","description":"Markt-XXL LIFELONG Ergonomic Laptop Stand for The Desk, Adjustable Height up to 50.8 cm, Laptop Stand for Laptop, Portable Laptop\u2026","breadcrumb":{"@id":"https:\/\/marktxxl.de\/markt\/produkt\/ergonomic-laptop-stand-for-the-desk-adjustable-height-up-to-50-8-cm-laptop-stand-for-laptop-portable-laptop-stand-fits-macbook-laptops-25-4-38-1-43-2-cm-laptop-holder-and-laptop-stand\/#breadcrumb"},"inLanguage":"de","potentialAction":[{"@type":"ReadAction","target":["https:\/\/marktxxl.de\/markt\/produkt\/ergonomic-laptop-stand-for-the-desk-adjustable-height-up-to-50-8-cm-laptop-stand-for-laptop-portable-laptop-stand-fits-macbook-laptops-25-4-38-1-43-2-cm-laptop-holder-and-laptop-stand\/"]}]},{"@type":"ImageObject","inLanguage":"de","@id":"https:\/\/marktxxl.de\/markt\/produkt\/ergonomic-laptop-stand-for-the-desk-adjustable-height-up-to-50-8-cm-laptop-stand-for-laptop-portable-laptop-stand-fits-macbook-laptops-25-4-38-1-43-2-cm-laptop-holder-and-laptop-stand\/#primaryimage","url":"https:\/\/m.media-amazon.com\/images\/I\/41kAG-YcjiL._SL500_.jpg","contentUrl":"https:\/\/m.media-amazon.com\/images\/I\/41kAG-YcjiL._SL500_.jpg","width":401,"height":500},{"@type":"BreadcrumbList","@id":"https:\/\/marktxxl.de\/markt\/produkt\/ergonomic-laptop-stand-for-the-desk-adjustable-height-up-to-50-8-cm-laptop-stand-for-laptop-portable-laptop-stand-fits-macbook-laptops-25-4-38-1-43-2-cm-laptop-holder-and-laptop-stand\/#breadcrumb","itemListElement":[{"@type":"ListItem","position":1,"name":"Startseite","item":"https:\/\/marktxxl.de\/markt\/"},{"@type":"ListItem","position":2,"name":"Markt","item":"https:\/\/marktxxl.de\/markt\/"},{"@type":"ListItem","position":3,"name":"LIFELONG Ergonomic Laptop Stand for The Desk, Adjustable Height up to 50.8 cm, Laptop Stand for Laptop, Portable Laptop\u2026"}]},{"@type":"WebSite","@id":"https:\/\/marktxxl.de\/markt\/#website","url":"https:\/\/marktxxl.de\/markt\/","name":"Markt-XXL","description":"Ihr Markt Online","publisher":{"@id":"https:\/\/marktxxl.de\/markt\/#organization"},"potentialAction":[{"@type":"SearchAction","target":{"@type":"EntryPoint","urlTemplate":"https:\/\/marktxxl.de\/markt\/?s={search_term_string}"},"query-input":{"@type":"PropertyValueSpecification","valueRequired":true,"valueName":"search_term_string"}}],"inLanguage":"de"},{"@type":"Organization","@id":"https:\/\/marktxxl.de\/markt\/#organization","name":"Markt-XXL","url":"https:\/\/marktxxl.de\/markt\/","logo":{"@type":"ImageObject","inLanguage":"de","@id":"https:\/\/marktxxl.de\/markt\/#\/schema\/logo\/image\/","url":"https:\/\/marktxxl.de\/markt\/wp-content\/uploads\/sites\/3\/2020\/12\/logo.png","contentUrl":"https:\/\/marktxxl.de\/markt\/wp-content\/uploads\/sites\/3\/2020\/12\/logo.png","width":200,"height":70,"caption":"Markt-XXL"},"image":{"@id":"https:\/\/marktxxl.de\/markt\/#\/schema\/logo\/image\/"}}]}},"_links":{"self":[{"href":"https:\/\/marktxxl.de\/markt\/wp-json\/wp\/v2\/product\/41237","targetHints":{"allow":["GET"]}}],"collection":[{"href":"https:\/\/marktxxl.de\/markt\/wp-json\/wp\/v2\/product"}],"about":[{"href":"https:\/\/marktxxl.de\/markt\/wp-json\/wp\/v2\/types\/product"}],"replies":[{"embeddable":true,"href":"https:\/\/marktxxl.de\/markt\/wp-json\/wp\/v2\/comments?post=41237"}],"wp:featuredmedia":[{"embeddable":true,"href":"https:\/\/marktxxl.de\/markt\/wp-json\/wp\/v2\/media\/41238"}],"wp:attachment":[{"href":"https:\/\/marktxxl.de\/markt\/wp-json\/wp\/v2\/media?parent=41237"}],"wp:term":[{"taxonomy":"product_brand","embeddable":true,"href":"https:\/\/marktxxl.de\/markt\/wp-json\/wp\/v2\/product_brand?post=41237"},{"taxonomy":"product_cat","embeddable":true,"href":"https:\/\/marktxxl.de\/markt\/wp-json\/wp\/v2\/product_cat?post=41237"},{"taxonomy":"product_tag","embeddable":true,"href":"https:\/\/marktxxl.de\/markt\/wp-json\/wp\/v2\/product_tag?post=41237"}],"curies":[{"name":"wp","href":"https:\/\/api.w.org\/{rel}","templated":true}]}}